{"id":19840,"date":"2024-07-28T20:39:39","date_gmt":"2024-07-28T18:39:39","guid":{"rendered":"https:\/\/hotta.eu\/?post_type=product&#038;p=19840"},"modified":"2024-12-27T12:40:32","modified_gmt":"2024-12-27T10:40:32","slug":"hot-ones-10-pack-season-24","status":"publish","type":"product","link":"https:\/\/hotta.eu\/en\/shop\/hot-ones-10-pack-season-24\/","title":{"rendered":"Hot Ones 10 Pack &#8211; Season 24"},"content":{"rendered":"<p><span class=\"subproduct-title\"><strong>#1 &#8211; The Classic Hot Sauce Garlic Fresno | Hot Ones <\/strong>&#8211; 1,700 Scoville units<br \/>\n<\/span>Heat: 2\/10<br \/>\nIngredients: fresno chilli pepper, water, cider vinegar, garlic puree (garlic and water), vinegar, kosher salt, organic dried garlic, organic turmeric, organic black pepper.<\/p>\n<p class=\"subproduct\" data-id=\"6878425186402\"><span class=\"subproduct-title\"><strong>#2 &#8211; Seeing Double | Double Comfort Foods<br \/>\n<\/strong><\/span>Heat: 2 \/ 10<br \/>\nIngredients: <span class=\"jCAhz ChMk0b\"><span class=\"ryNqvb\">Distilled vinegar, green jalape\u00f1o pepper powder (green jalape\u00f1o pepper, vinegar), water, spices, banana puree (banana, citric acid, ascorbic acid), jalape\u00f1o chile pepper powder, pure cane sugar, salt, guajillo powder, chipotle<\/span><\/span> <span class=\"jCAhz ChMk0b\"><span class=\"ryNqvb\">onion, lemon extract<\/span><\/span><\/p>\n<p class=\"subproduct\" data-id=\"6878425383010\"><span class=\"subproduct-title\"><strong>#3 &#8211; Fermented Kimchi | Mark&#8217;s Hot Sauce<br \/>\n<\/strong><\/span>Heat: 3 \/ 10<br \/>\nIngredients: <span class=\"jCAhz ChMk0b\"><span class=\"ryNqvb\">Vegan kimchi (SorraMtl produce &#8211; Nappa cabbage, Korean radish, green onion, fresh ginger, Gochugaru, sea salt), distilled vinegar, aged Thai chilli, sea salt, fresh garlic, fresh green onion, fresh ginger, apple cider vinegar.<\/span><\/span><span class=\"jCAhz ChMk0b\"><span class=\"ryNqvb\">, gluten-free soy sauce (water, soybeans, salt, sugar, brewing starter &#8211; aspergillus sojae)<\/span><\/span><\/p>\n<p class=\"subproduct\" data-id=\"6550778216546\"><span class=\"subproduct-title\"><strong>#4 &#8211; Los Calientes Barbacoa | Hot Ones Hot Sauce <\/strong>&#8211; 33,000 Scoville units<br \/>\n<\/span>Heat: 4\/10<br \/>\nIngredients: Chiles (applewood chip smoked red jalapeno, chipotle, habanero), lime juice, agave nectar, apricot (added ascorbic acid), apple cider vinegar, apple juice, tomatillo, salt, roasted garlic, garlic, onion, cilantro, cumin, black pepper, celery seed<\/p>\n<p class=\"subproduct\" data-id=\"6878425481314\"><span class=\"subproduct-title\"><strong>#5 &#8211; Chairman Meow&#8217;s Revenge | Fat Cat Gourmet<br \/>\n<\/strong><\/span>Heat: 5\/10<br \/>\nIngredients: <span class=\"jCAhz ChMk0b\"><span class=\"ryNqvb\">Horseradish (water diluted to 4% acidity), onion, roasted red pepper (roasted red pepper, water, salt), garlic (garlic, water, citric acid), lime juice from concentrate, cilantro, Habanero pepper puree (Habanero chili,<\/span><\/span> s<span class=\"jCAhz ChMk0b\"><span class=\"ryNqvb\">ool), mustard (vinegar, mustard seeds, salt, turmeric, spices), Scorpion chilli puree (Scorpion chilli, salt), sea salt, paprika, paprika, mustard seeds, salt, salt, turmeric, spices).<\/span><\/span><\/p>\n<p class=\"subproduct\" data-id=\"1455199813730\"><span class=\"subproduct-title\"><strong>#6 &#8211; IL MIG + | Onima<br \/>\n<\/strong><\/span>Heat: 6 \/ 10<br \/>\nIngredients: habanero chilli puree (habanero chilli, salt), sherry vinegar, water, onion, garlic, olive oil, koji rice (rice, Aspergillus Oryzae), paprika, salt, coriander seeds.<\/p>\n<p class=\"subproduct\" data-id=\"6878425808994\"><span class=\"subproduct-title\"><strong>#7 &#8211;<\/strong> <strong>Red Flag | Black Eyed Susan Spice Co.<br \/>\n<\/strong><\/span>Heat: 7\/10<br \/>\nIngredients: <span class=\"jCAhz ChMk0b\"><span class=\"ryNqvb\">Muscadine grape juice (water, muscadine grape juice concentrate), red raspberries, red onion, cranberries, apple cider vinegar, Trinidad Scorpion chili puree (Trinidad Scorpion chili, distilled white vinegar, salt), dried Trinidad Scorpion chili, salt, allspice, hibiscus.<\/span><\/span> <span class=\"jCAhz\"><span class=\"ryNqvb\">powder<\/span><\/span><\/p>\n<p class=\"subproduct\" data-id=\"4496261775458\"><span class=\"subproduct-title\"><strong>#8 &#8211; Evolution Hot Sauce | Da Bomb <\/strong>&#8211; 135,000 Scoville units<br \/>\n<\/span>Heat: 8\/10<br \/>\nIngredients: red hot chillies, water, vinegar, salt, spices (including paprika and turmeric), minced garlic, cane sugar, garlic powder, extra virgin olive oil, onion powder, lemon juice concentrate, coriander, mint.<\/p>\n<p class=\"subproduct\" data-id=\"6878425972834\"><span class=\"subproduct-title\"><strong>#9 &#8211; Peppers Up! | High River Sauces <\/strong><br \/>\n<\/span>Heat: 9\/10<br \/>\nIngredients: <span class=\"jCAhz ChMk0b\"><span class=\"ryNqvb\">Apollo chilli porridge (Apollo chilli, vinegar and Apollo chilli distillate), cider vinegar (acidity 8%), water, blackberries, blueberries, brown sugar (cane sugar and molasses), onion, garlic (garlic, citric acid).<\/span><\/span><span class=\"jCAhz ChMk0b\"><span class=\"ryNqvb\">, yuzu juice, Apollo chilli powder, coriander, ginger, black pepper<\/span><\/span><\/p>\n<p class=\"subproduct\" data-id=\"6874363560034\"><span class=\"subproduct-title\"><strong>#10 &#8211; The Last Dab: Xperience | Hot Ones Hot Sauce <\/strong>&#8211; 2,693,000 Scoville units (Pepper X)<br \/>\n<\/span>Heat: 11\/10<br \/>\nIngredients: Pepper X chilli, distilled vinegar, Pepper X chilli powder, Pepper X chilli distillate<\/p>\n","protected":false},"excerpt":{"rendered":"<p>The Hot Ones 10-Pack set consists of all ten of the Hot Ones season 24 sauces. Tenth sauce is the fierce final boss <strong>The Last Dab: Xperience<\/strong>.<\/p>\n<p><img decoding=\"async\" src=\"https:\/\/hotta.eu\/wp-content\/uploads\/2022\/08\/first-we-feast.png\" \/><\/p>\n<div class=\"responsive-video\"><iframe src=\"https:\/\/www.youtube.com\/embed\/d5eTlW2lbxQ?si=mwsV2CerAHY3miHt\" width=\"480\" height=\"270\" frameborder=\"0\" allowfullscreen=\"allowfullscreen\"><\/iframe><\/div>\n[ywcwtl_form product_id=\"\"]\n","protected":false},"featured_media":19848,"comment_status":"open","ping_status":"closed","template":"","meta":[],"product_cat":[423,421,428],"product_tag":[],"giftcard-category":[],"class_list":{"0":"post-19840","1":"product","2":"type-product","3":"status-publish","4":"has-post-thumbnail","6":"product_cat-hot-ones","7":"product_cat-sauces","8":"product_cat-sets","9":"pa_brand-heatonist","11":"first","12":"outofstock","13":"taxable","14":"shipping-taxable","15":"purchasable","16":"product-type-simple"},"yoast_head":"<!-- This site is optimized with the Yoast SEO plugin v27.4 - https:\/\/yoast.com\/product\/yoast-seo-wordpress\/ -->\n<title>Hot Ones 10 Pack - Season 24 - Hotta<\/title>\n<meta name=\"description\" content=\"The Hot Ones 10-Pack set consists of all ten sauces of the Hot Ones season 24, packaged in a gift box with a leaflet introducing the products.\" \/>\n<meta name=\"robots\" content=\"index, follow, max-snippet:-1, max-image-preview:large, max-video-preview:-1\" \/>\n<link rel=\"canonical\" href=\"https:\/\/hotta.eu\/en\/shop\/hot-ones-10-pack-season-24\/\" \/>\n<meta property=\"og:locale\" content=\"en_US\" \/>\n<meta property=\"og:type\" content=\"article\" \/>\n<meta property=\"og:title\" content=\"Hot Ones 10 Pack - Season 24 - Hotta\" \/>\n<meta property=\"og:description\" content=\"The Hot Ones 10-Pack set consists of all ten sauces of the Hot Ones season 24, packaged in a gift box with a leaflet introducing the products.\" \/>\n<meta property=\"og:url\" content=\"https:\/\/hotta.eu\/en\/shop\/hot-ones-10-pack-season-24\/\" \/>\n<meta property=\"og:site_name\" content=\"Hotta\" \/>\n<meta property=\"article:publisher\" content=\"https:\/\/www.facebook.com\/hotta.eu\" \/>\n<meta property=\"article:modified_time\" content=\"2024-12-27T10:40:32+00:00\" \/>\n<meta property=\"og:image\" content=\"https:\/\/hotta.eu\/wp-content\/uploads\/2024\/07\/hot-ones-24-1.png\" \/>\n\t<meta property=\"og:image:width\" content=\"1310\" \/>\n\t<meta property=\"og:image:height\" content=\"1310\" \/>\n\t<meta property=\"og:image:type\" content=\"image\/png\" \/>\n<meta name=\"twitter:card\" content=\"summary_large_image\" \/>\n<meta name=\"twitter:site\" content=\"@hottashop\" \/>\n<meta name=\"twitter:label1\" content=\"Est. reading time\" \/>\n\t<meta name=\"twitter:data1\" content=\"3 minutes\" \/>\n<script type=\"application\/ld+json\" class=\"yoast-schema-graph\">{\"@context\":\"https:\\\/\\\/schema.org\",\"@graph\":[{\"@type\":\"WebPage\",\"@id\":\"https:\\\/\\\/hotta.eu\\\/en\\\/shop\\\/hot-ones-10-pack-season-24\\\/\",\"url\":\"https:\\\/\\\/hotta.eu\\\/en\\\/shop\\\/hot-ones-10-pack-season-24\\\/\",\"name\":\"Hot Ones 10 Pack - Season 24 - Hotta\",\"isPartOf\":{\"@id\":\"https:\\\/\\\/hotta.eu\\\/en\\\/#website\"},\"primaryImageOfPage\":{\"@id\":\"https:\\\/\\\/hotta.eu\\\/en\\\/shop\\\/hot-ones-10-pack-season-24\\\/#primaryimage\"},\"image\":{\"@id\":\"https:\\\/\\\/hotta.eu\\\/en\\\/shop\\\/hot-ones-10-pack-season-24\\\/#primaryimage\"},\"thumbnailUrl\":\"https:\\\/\\\/hotta.eu\\\/wp-content\\\/uploads\\\/2024\\\/07\\\/hot-ones-24-1.png\",\"datePublished\":\"2024-07-28T18:39:39+00:00\",\"dateModified\":\"2024-12-27T10:40:32+00:00\",\"description\":\"The Hot Ones 10-Pack set consists of all ten sauces of the Hot Ones season 24, packaged in a gift box with a leaflet introducing the products.\",\"breadcrumb\":{\"@id\":\"https:\\\/\\\/hotta.eu\\\/en\\\/shop\\\/hot-ones-10-pack-season-24\\\/#breadcrumb\"},\"inLanguage\":\"en-US\",\"potentialAction\":[{\"@type\":\"ReadAction\",\"target\":[\"https:\\\/\\\/hotta.eu\\\/en\\\/shop\\\/hot-ones-10-pack-season-24\\\/\"]}]},{\"@type\":\"ImageObject\",\"inLanguage\":\"en-US\",\"@id\":\"https:\\\/\\\/hotta.eu\\\/en\\\/shop\\\/hot-ones-10-pack-season-24\\\/#primaryimage\",\"url\":\"https:\\\/\\\/hotta.eu\\\/wp-content\\\/uploads\\\/2024\\\/07\\\/hot-ones-24-1.png\",\"contentUrl\":\"https:\\\/\\\/hotta.eu\\\/wp-content\\\/uploads\\\/2024\\\/07\\\/hot-ones-24-1.png\",\"width\":1310,\"height\":1310},{\"@type\":\"BreadcrumbList\",\"@id\":\"https:\\\/\\\/hotta.eu\\\/en\\\/shop\\\/hot-ones-10-pack-season-24\\\/#breadcrumb\",\"itemListElement\":[{\"@type\":\"ListItem\",\"position\":1,\"name\":\"Home\",\"item\":\"https:\\\/\\\/hotta.eu\\\/en\\\/home\\\/\"},{\"@type\":\"ListItem\",\"position\":2,\"name\":\"Shop\",\"item\":\"https:\\\/\\\/hotta.eu\\\/en\\\/shop\\\/\"},{\"@type\":\"ListItem\",\"position\":3,\"name\":\"Hot Ones 10 Pack &#8211; Season 24\"}]},{\"@type\":\"WebSite\",\"@id\":\"https:\\\/\\\/hotta.eu\\\/en\\\/#website\",\"url\":\"https:\\\/\\\/hotta.eu\\\/en\\\/\",\"name\":\"Hotta\",\"description\":\"Makes your mouth burn a lotta!\",\"publisher\":{\"@id\":\"https:\\\/\\\/hotta.eu\\\/en\\\/#organization\"},\"potentialAction\":[{\"@type\":\"SearchAction\",\"target\":{\"@type\":\"EntryPoint\",\"urlTemplate\":\"https:\\\/\\\/hotta.eu\\\/en\\\/?s={search_term_string}\"},\"query-input\":{\"@type\":\"PropertyValueSpecification\",\"valueRequired\":true,\"valueName\":\"search_term_string\"}}],\"inLanguage\":\"en-US\"},{\"@type\":\"Organization\",\"@id\":\"https:\\\/\\\/hotta.eu\\\/en\\\/#organization\",\"name\":\"Hotta\",\"url\":\"https:\\\/\\\/hotta.eu\\\/en\\\/\",\"logo\":{\"@type\":\"ImageObject\",\"inLanguage\":\"en-US\",\"@id\":\"https:\\\/\\\/hotta.eu\\\/en\\\/#\\\/schema\\\/logo\\\/image\\\/\",\"url\":\"https:\\\/\\\/hotta.eu\\\/wp-content\\\/uploads\\\/2025\\\/04\\\/hotta-logo-invoice.png\",\"contentUrl\":\"https:\\\/\\\/hotta.eu\\\/wp-content\\\/uploads\\\/2025\\\/04\\\/hotta-logo-invoice.png\",\"width\":600,\"height\":411,\"caption\":\"Hotta\"},\"image\":{\"@id\":\"https:\\\/\\\/hotta.eu\\\/en\\\/#\\\/schema\\\/logo\\\/image\\\/\"},\"sameAs\":[\"https:\\\/\\\/www.facebook.com\\\/hotta.eu\",\"https:\\\/\\\/x.com\\\/hottashop\",\"https:\\\/\\\/www.instagram.com\\\/hotta.shop\"]}]}<\/script>\n<!-- \/ Yoast SEO plugin. -->","yoast_head_json":{"title":"Hot Ones 10 Pack - Season 24 - Hotta","description":"The Hot Ones 10-Pack set consists of all ten sauces of the Hot Ones season 24, packaged in a gift box with a leaflet introducing the products.","robots":{"index":"index","follow":"follow","max-snippet":"max-snippet:-1","max-image-preview":"max-image-preview:large","max-video-preview":"max-video-preview:-1"},"canonical":"https:\/\/hotta.eu\/en\/shop\/hot-ones-10-pack-season-24\/","og_locale":"en_US","og_type":"article","og_title":"Hot Ones 10 Pack - Season 24 - Hotta","og_description":"The Hot Ones 10-Pack set consists of all ten sauces of the Hot Ones season 24, packaged in a gift box with a leaflet introducing the products.","og_url":"https:\/\/hotta.eu\/en\/shop\/hot-ones-10-pack-season-24\/","og_site_name":"Hotta","article_publisher":"https:\/\/www.facebook.com\/hotta.eu","article_modified_time":"2024-12-27T10:40:32+00:00","og_image":[{"width":1310,"height":1310,"url":"https:\/\/hotta.eu\/wp-content\/uploads\/2024\/07\/hot-ones-24-1.png","type":"image\/png"}],"twitter_card":"summary_large_image","twitter_site":"@hottashop","twitter_misc":{"Est. reading time":"3 minutes"},"schema":{"@context":"https:\/\/schema.org","@graph":[{"@type":"WebPage","@id":"https:\/\/hotta.eu\/en\/shop\/hot-ones-10-pack-season-24\/","url":"https:\/\/hotta.eu\/en\/shop\/hot-ones-10-pack-season-24\/","name":"Hot Ones 10 Pack - Season 24 - Hotta","isPartOf":{"@id":"https:\/\/hotta.eu\/en\/#website"},"primaryImageOfPage":{"@id":"https:\/\/hotta.eu\/en\/shop\/hot-ones-10-pack-season-24\/#primaryimage"},"image":{"@id":"https:\/\/hotta.eu\/en\/shop\/hot-ones-10-pack-season-24\/#primaryimage"},"thumbnailUrl":"https:\/\/hotta.eu\/wp-content\/uploads\/2024\/07\/hot-ones-24-1.png","datePublished":"2024-07-28T18:39:39+00:00","dateModified":"2024-12-27T10:40:32+00:00","description":"The Hot Ones 10-Pack set consists of all ten sauces of the Hot Ones season 24, packaged in a gift box with a leaflet introducing the products.","breadcrumb":{"@id":"https:\/\/hotta.eu\/en\/shop\/hot-ones-10-pack-season-24\/#breadcrumb"},"inLanguage":"en-US","potentialAction":[{"@type":"ReadAction","target":["https:\/\/hotta.eu\/en\/shop\/hot-ones-10-pack-season-24\/"]}]},{"@type":"ImageObject","inLanguage":"en-US","@id":"https:\/\/hotta.eu\/en\/shop\/hot-ones-10-pack-season-24\/#primaryimage","url":"https:\/\/hotta.eu\/wp-content\/uploads\/2024\/07\/hot-ones-24-1.png","contentUrl":"https:\/\/hotta.eu\/wp-content\/uploads\/2024\/07\/hot-ones-24-1.png","width":1310,"height":1310},{"@type":"BreadcrumbList","@id":"https:\/\/hotta.eu\/en\/shop\/hot-ones-10-pack-season-24\/#breadcrumb","itemListElement":[{"@type":"ListItem","position":1,"name":"Home","item":"https:\/\/hotta.eu\/en\/home\/"},{"@type":"ListItem","position":2,"name":"Shop","item":"https:\/\/hotta.eu\/en\/shop\/"},{"@type":"ListItem","position":3,"name":"Hot Ones 10 Pack &#8211; Season 24"}]},{"@type":"WebSite","@id":"https:\/\/hotta.eu\/en\/#website","url":"https:\/\/hotta.eu\/en\/","name":"Hotta","description":"Makes your mouth burn a lotta!","publisher":{"@id":"https:\/\/hotta.eu\/en\/#organization"},"potentialAction":[{"@type":"SearchAction","target":{"@type":"EntryPoint","urlTemplate":"https:\/\/hotta.eu\/en\/?s={search_term_string}"},"query-input":{"@type":"PropertyValueSpecification","valueRequired":true,"valueName":"search_term_string"}}],"inLanguage":"en-US"},{"@type":"Organization","@id":"https:\/\/hotta.eu\/en\/#organization","name":"Hotta","url":"https:\/\/hotta.eu\/en\/","logo":{"@type":"ImageObject","inLanguage":"en-US","@id":"https:\/\/hotta.eu\/en\/#\/schema\/logo\/image\/","url":"https:\/\/hotta.eu\/wp-content\/uploads\/2025\/04\/hotta-logo-invoice.png","contentUrl":"https:\/\/hotta.eu\/wp-content\/uploads\/2025\/04\/hotta-logo-invoice.png","width":600,"height":411,"caption":"Hotta"},"image":{"@id":"https:\/\/hotta.eu\/en\/#\/schema\/logo\/image\/"},"sameAs":["https:\/\/www.facebook.com\/hotta.eu","https:\/\/x.com\/hottashop","https:\/\/www.instagram.com\/hotta.shop"]}]}},"jetpack_sharing_enabled":true,"_links":{"self":[{"href":"https:\/\/hotta.eu\/en\/wp-json\/wp\/v2\/product\/19840","targetHints":{"allow":["GET"]}}],"collection":[{"href":"https:\/\/hotta.eu\/en\/wp-json\/wp\/v2\/product"}],"about":[{"href":"https:\/\/hotta.eu\/en\/wp-json\/wp\/v2\/types\/product"}],"replies":[{"embeddable":true,"href":"https:\/\/hotta.eu\/en\/wp-json\/wp\/v2\/comments?post=19840"}],"wp:featuredmedia":[{"embeddable":true,"href":"https:\/\/hotta.eu\/en\/wp-json\/wp\/v2\/media\/19848"}],"wp:attachment":[{"href":"https:\/\/hotta.eu\/en\/wp-json\/wp\/v2\/media?parent=19840"}],"wp:term":[{"taxonomy":"product_cat","embeddable":true,"href":"https:\/\/hotta.eu\/en\/wp-json\/wp\/v2\/product_cat?post=19840"},{"taxonomy":"product_tag","embeddable":true,"href":"https:\/\/hotta.eu\/en\/wp-json\/wp\/v2\/product_tag?post=19840"},{"taxonomy":"giftcard-category","embeddable":true,"href":"https:\/\/hotta.eu\/en\/wp-json\/wp\/v2\/giftcard-category?post=19840"}],"curies":[{"name":"wp","href":"https:\/\/api.w.org\/{rel}","templated":true}]}}