{"id":18646,"date":"2023-10-04T12:25:31","date_gmt":"2023-10-04T10:25:31","guid":{"rendered":"https:\/\/hotta.eu\/duk\/"},"modified":"2026-02-21T03:01:19","modified_gmt":"2026-02-21T01:01:19","slug":"duk","status":"publish","type":"page","link":"https:\/\/hotta.eu\/lt\/duk\/","title":{"rendered":"DUK"},"content":{"rendered":"\t\t<div data-elementor-type=\"wp-page\" data-elementor-id=\"18646\" class=\"elementor elementor-18646 elementor-1727\" data-elementor-post-type=\"page\">\n\t\t\t\t<div class=\"elementor-element elementor-element-3f03054 e-flex e-con-boxed e-con e-parent\" data-id=\"3f03054\" data-element_type=\"container\" data-settings=\"{&quot;background_background&quot;:&quot;classic&quot;}\">\n\t\t\t\t\t<div class=\"e-con-inner\">\n\t\t<div class=\"elementor-element elementor-element-73d1b95 e-con-full e-flex e-con e-child\" data-id=\"73d1b95\" data-element_type=\"container\" data-settings=\"{&quot;background_background&quot;:&quot;classic&quot;}\">\n\t\t<div class=\"elementor-element elementor-element-21030cc e-con-full e-flex e-con e-child\" data-id=\"21030cc\" data-element_type=\"container\">\n\t\t\t\t<div class=\"elementor-element elementor-element-ade700b elementor-widget elementor-widget-heading\" data-id=\"ade700b\" data-element_type=\"widget\" data-widget_type=\"heading.default\">\n\t\t\t\t<div class=\"elementor-widget-container\">\n\t\t\t<h2 class=\"elementor-heading-title elementor-size-default\">\ud83d\udcb3 Mok\u0117jimas<\/h2>\t\t<\/div>\n\t\t\t\t<\/div>\n\t\t\t\t<div class=\"elementor-element elementor-element-da5680d elementor-widget elementor-widget-ideapark-accordion\" data-id=\"da5680d\" data-element_type=\"widget\" data-widget_type=\"ideapark-accordion.default\">\n\t\t\t\t<div class=\"elementor-widget-container\">\n\t\t\t\t\t<div class=\"c-ip-accordion\">\n\t\t\t<div class=\"c-ip-accordion__wrap\">\n\t\t\t\t<div class=\"c-ip-accordion__list\">\n\t\t\t\t\t\t\t\t\t\t\t<div class=\"c-ip-accordion__item\">\n\t\t\t\t\t\t\t<a class=\"c-ip-accordion__link js-accordion-title\" href=\"\" onclick=\"return false;\"><div class=\"c-ip-accordion__header\">Ar galima atsiskaityti grynaisiais?<\/div><i class=\"ip-plus c-ip-accordion__arrow\"><\/i><\/a>\t\t\t\t\t\t\t<div class=\"c-ip-accordion__content entry-content\"><p>Ne.<\/p>\n<\/div>\t\t\t\t\t\t<\/div>\n\t\t\t\t\t\t\t\t\t\t\t<div class=\"c-ip-accordion__item\">\n\t\t\t\t\t\t\t<a class=\"c-ip-accordion__link js-accordion-title\" href=\"\" onclick=\"return false;\"><div class=\"c-ip-accordion__header\">Ar galima atsiskaityti banko pavedimu pagal s\u0105skait\u0105?<\/div><i class=\"ip-plus c-ip-accordion__arrow\"><\/i><\/a>\t\t\t\t\t\t\t<div class=\"c-ip-accordion__content entry-content\"><p>Taip, d\u0117l to susisiekite su mumis prie\u0161 pateikdami u\u017esakym\u0105, pateikdami norim\u0173 preki\u0173 s\u0105ra\u0161\u0105 kartu su pristatymo informacija el. pa\u0161to adresu <a href=\"mailto:info@hotta.eu\">info@hotta.eu<\/a>.<\/p>\n<\/div>\t\t\t\t\t\t<\/div>\n\t\t\t\t\t\t\t\t\t\t\t<div class=\"c-ip-accordion__item\">\n\t\t\t\t\t\t\t<a class=\"c-ip-accordion__link js-accordion-title\" href=\"\" onclick=\"return false;\"><div class=\"c-ip-accordion__header\">Ar galima i\u0161ra\u0161yti s\u0105skait\u0105 \u012fmonei?<\/div><i class=\"ip-plus c-ip-accordion__arrow\"><\/i><\/a>\t\t\t\t\t\t\t<div class=\"c-ip-accordion__content entry-content\"><p>\u012emon\u0117s informacij\u0105 galima nurodyti mok\u0117jimo puslapyje, o po u\u017esakymo \u012fvykdymo u\u017esakymo s\u0105skaita su patvirtinimu bus automati\u0161kai i\u0161si\u0173sta el. pa\u0161tu.<\/p>\n<p>Nor\u0117dami atsiskaityti pagal s\u0105skait\u0105, susisiekite su mumis prie\u0161 pateikdami u\u017esakym\u0105 <a href=\"mailto:info@hotta.eu\">info@hotta.eu<\/a>.<\/p>\n<\/div>\t\t\t\t\t\t<\/div>\n\t\t\t\t\t\t\t\t\t<\/div>\n\t\t\t<\/div>\n\t\t<\/div>\n\t\t\t\t<\/div>\n\t\t\t\t<\/div>\n\t\t\t\t<\/div>\n\t\t<div class=\"elementor-element elementor-element-7ba84a1 e-con-full e-flex e-con e-child\" data-id=\"7ba84a1\" data-element_type=\"container\">\n\t\t\t\t<div class=\"elementor-element elementor-element-2061111 elementor-widget elementor-widget-heading\" data-id=\"2061111\" data-element_type=\"widget\" data-widget_type=\"heading.default\">\n\t\t\t\t<div class=\"elementor-widget-container\">\n\t\t\t<h2 class=\"elementor-heading-title elementor-size-default\">\ud83d\udce6 Pristatymas<\/h2>\t\t<\/div>\n\t\t\t\t<\/div>\n\t\t\t\t<div class=\"elementor-element elementor-element-794fa24 elementor-widget elementor-widget-ideapark-accordion\" data-id=\"794fa24\" data-element_type=\"widget\" data-widget_type=\"ideapark-accordion.default\">\n\t\t\t\t<div class=\"elementor-widget-container\">\n\t\t\t\t\t<div class=\"c-ip-accordion\">\n\t\t\t<div class=\"c-ip-accordion__wrap\">\n\t\t\t\t<div class=\"c-ip-accordion__list\">\n\t\t\t\t\t\t\t\t\t\t\t<div class=\"c-ip-accordion__item\">\n\t\t\t\t\t\t\t<a class=\"c-ip-accordion__link js-accordion-title\" href=\"\" onclick=\"return false;\"><div class=\"c-ip-accordion__header\">Ar galima atsiimti prekes patiems?<\/div><i class=\"ip-plus c-ip-accordion__arrow\"><\/i><\/a>\t\t\t\t\t\t\t<div class=\"c-ip-accordion__content entry-content\"><p>Ne.<\/p>\n<\/div>\t\t\t\t\t\t<\/div>\n\t\t\t\t\t\t\t\t\t\t\t<div class=\"c-ip-accordion__item\">\n\t\t\t\t\t\t\t<a class=\"c-ip-accordion__link js-accordion-title\" href=\"\" onclick=\"return false;\"><div class=\"c-ip-accordion__header\">Kiek trunka u\u017esakymo \u012fvykdymas?<\/div><i class=\"ip-plus c-ip-accordion__arrow\"><\/i><\/a>\t\t\t\t\t\t\t<div class=\"c-ip-accordion__content entry-content\"><p>U\u017esakymai i\u0161siun\u010diami ne v\u0117liau kaip kit\u0105 darbo dien\u0105 po pirkimo.<\/p>\n<p>U\u017esakymas pasieks paskirties viet\u0105 per 1-2 darbo dienas, jei nebus pristatymo paslaug\u0173 teik\u0117jo v\u0117lavim\u0173 (Estija, Latvija, Lietuva). I\u0161samesnius pristatymo grafikus rasite atitinkamo pristatymo paslaug\u0173 teik\u0117jo svetain\u0117je. <\/p>\n<\/div>\t\t\t\t\t\t<\/div>\n\t\t\t\t\t\t\t\t\t\t\t<div class=\"c-ip-accordion__item\">\n\t\t\t\t\t\t\t<a class=\"c-ip-accordion__link js-accordion-title\" href=\"\" onclick=\"return false;\"><div class=\"c-ip-accordion__header\">Kaip veikia nemokamas pristatymas?<\/div><i class=\"ip-plus c-ip-accordion__arrow\"><\/i><\/a>\t\t\t\t\t\t\t<div class=\"c-ip-accordion__content entry-content\"><p>Jei pirkini\u0173 krep\u0161elio suma yra bent 50\u20ac, nemokamas pristatymas automati\u0161kai taikomas Unisend ir Venipak pa\u0161tomatams Estijoje, Latvijoje ir Lietuvoje.<\/p>\n<\/div>\t\t\t\t\t\t<\/div>\n\t\t\t\t\t\t\t\t\t<\/div>\n\t\t\t<\/div>\n\t\t<\/div>\n\t\t\t\t<\/div>\n\t\t\t\t<\/div>\n\t\t\t\t<\/div>\n\t\t\t\t<\/div>\n\t\t<div class=\"elementor-element elementor-element-72dead2 e-con-full e-flex e-con e-child\" data-id=\"72dead2\" data-element_type=\"container\" data-settings=\"{&quot;background_background&quot;:&quot;classic&quot;}\">\n\t\t<div class=\"elementor-element elementor-element-bb42de7 e-con-full e-flex e-con e-child\" data-id=\"bb42de7\" data-element_type=\"container\">\n\t\t\t\t<div class=\"elementor-element elementor-element-e72b065 elementor-widget elementor-widget-heading\" data-id=\"e72b065\" data-element_type=\"widget\" data-widget_type=\"heading.default\">\n\t\t\t\t<div class=\"elementor-widget-container\">\n\t\t\t<h2 class=\"elementor-heading-title elementor-size-default\">\ud83d\udcad Bendrosios nuostatos<\/h2>\t\t<\/div>\n\t\t\t\t<\/div>\n\t\t\t\t<div class=\"elementor-element elementor-element-1637409 elementor-widget elementor-widget-ideapark-accordion\" data-id=\"1637409\" data-element_type=\"widget\" data-widget_type=\"ideapark-accordion.default\">\n\t\t\t\t<div class=\"elementor-widget-container\">\n\t\t\t\t\t<div class=\"c-ip-accordion\">\n\t\t\t<div class=\"c-ip-accordion__wrap\">\n\t\t\t\t<div class=\"c-ip-accordion__list\">\n\t\t\t\t\t\t\t\t\t\t\t<div class=\"c-ip-accordion__item\">\n\t\t\t\t\t\t\t<a class=\"c-ip-accordion__link js-accordion-title\" href=\"\" onclick=\"return false;\"><div class=\"c-ip-accordion__header\">Ar Hotta turi fizin\u0119 parduotuv\u0119?<\/div><i class=\"ip-plus c-ip-accordion__arrow\"><\/i><\/a>\t\t\t\t\t\t\t<div class=\"c-ip-accordion__content entry-content\"><p>Ne, Hotta veikia tik kaip el. parduotuv\u0117.<\/p>\n<\/div>\t\t\t\t\t\t<\/div>\n\t\t\t\t\t\t\t\t\t\t\t<div class=\"c-ip-accordion__item\">\n\t\t\t\t\t\t\t<a class=\"c-ip-accordion__link js-accordion-title\" href=\"\" onclick=\"return false;\"><div class=\"c-ip-accordion__header\">Koks yra a\u0161triausias pada\u017eas?<\/div><i class=\"ip-plus c-ip-accordion__arrow\"><\/i><\/a>\t\t\t\t\t\t\t<div class=\"c-ip-accordion__content entry-content\"><p>Bumblefoot\u2019s Bumblef**ked.<\/p>\n<\/div>\t\t\t\t\t\t<\/div>\n\t\t\t\t\t\t\t\t\t\t\t<div class=\"c-ip-accordion__item\">\n\t\t\t\t\t\t\t<a class=\"c-ip-accordion__link js-accordion-title\" href=\"\" onclick=\"return false;\"><div class=\"c-ip-accordion__header\">Ar dovan\u0173 kupono suma turi b\u016bti panaudota i\u0161 karto?<\/div><i class=\"ip-plus c-ip-accordion__arrow\"><\/i><\/a>\t\t\t\t\t\t\t<div class=\"c-ip-accordion__content entry-content\"><p>Taip, dovan\u0173 kupono kodas turi b\u016bti pritaikytas pirkini\u0173 krep\u0161elyje arba mok\u0117jimo puslapyje, o likusi suma negr\u0105\u017einama.<\/p>\n<\/div>\t\t\t\t\t\t<\/div>\n\t\t\t\t\t\t\t\t\t<\/div>\n\t\t\t<\/div>\n\t\t<\/div>\n\t\t\t\t<\/div>\n\t\t\t\t<\/div>\n\t\t\t\t<\/div>\n\t\t<div class=\"elementor-element elementor-element-3e49e19 e-con-full e-flex e-con e-child\" data-id=\"3e49e19\" data-element_type=\"container\">\n\t\t\t\t<div class=\"elementor-element elementor-element-4195aed elementor-widget elementor-widget-heading\" data-id=\"4195aed\" data-element_type=\"widget\" data-widget_type=\"heading.default\">\n\t\t\t\t<div class=\"elementor-widget-container\">\n\t\t\t<h2 class=\"elementor-heading-title elementor-size-default\">\ud83e\udd1d Bendradarbiavimas<\/h2>\t\t<\/div>\n\t\t\t\t<\/div>\n\t\t\t\t<div class=\"elementor-element elementor-element-b5972d9 elementor-widget elementor-widget-ideapark-accordion\" data-id=\"b5972d9\" data-element_type=\"widget\" data-widget_type=\"ideapark-accordion.default\">\n\t\t\t\t<div class=\"elementor-widget-container\">\n\t\t\t\t\t<div class=\"c-ip-accordion\">\n\t\t\t<div class=\"c-ip-accordion__wrap\">\n\t\t\t\t<div class=\"c-ip-accordion__list\">\n\t\t\t\t\t\t\t\t\t\t\t<div class=\"c-ip-accordion__item\">\n\t\t\t\t\t\t\t<a class=\"c-ip-accordion__link js-accordion-title\" href=\"\" onclick=\"return false;\"><div class=\"c-ip-accordion__header\">Ar \u012fmanomas bendradarbiavimas?<\/div><i class=\"ip-plus c-ip-accordion__arrow\"><\/i><\/a>\t\t\t\t\t\t\t<div class=\"c-ip-accordion__content entry-content\"><p>Taip! Bendradarbiaujame su \u012fvairiomis \u012fmon\u0117mis, turinio k\u016br\u0117jais ir restoranais. Per\u017ei\u016brime visus pasi\u016blymus.  <\/p>\n<p><span style=\"color: var(--text-color); font-family: var(--font-text); letter-spacing: 0.02em;\">Turite id\u0117j\u0173? Susisiekite su mumis el. pa\u0161tu   <\/span><a style=\"font-family: var(--font-text); letter-spacing: 0.02em;\" href=\"mailto:info@hotta.eu\">info@hotta.eu<\/a><span style=\"color: var(--text-color); font-family: var(--font-text); letter-spacing: 0.02em;\">.<\/span><\/p>\n<\/div>\t\t\t\t\t\t<\/div>\n\t\t\t\t\t\t\t\t\t\t\t<div class=\"c-ip-accordion__item\">\n\t\t\t\t\t\t\t<a class=\"c-ip-accordion__link js-accordion-title\" href=\"\" onclick=\"return false;\"><div class=\"c-ip-accordion__header\">Ar dideliems u\u017esakymams taikomos nuolaidos?<\/div><i class=\"ip-plus c-ip-accordion__arrow\"><\/i><\/a>\t\t\t\t\t\t\t<div class=\"c-ip-accordion__content entry-content\"><p>Taip, prie\u0161 pateikdami u\u017esakym\u0105 susisiekite su mumis el. pa\u0161tu <a href=\"mailto:info@hotta.eu\">info@hotta.eu<\/a>.<\/p>\n<\/div>\t\t\t\t\t\t<\/div>\n\t\t\t\t\t\t\t\t\t\t\t<div class=\"c-ip-accordion__item\">\n\t\t\t\t\t\t\t<a class=\"c-ip-accordion__link js-accordion-title\" href=\"\" onclick=\"return false;\"><div class=\"c-ip-accordion__header\">Ar restoranams taikoma nuolaida?<\/div><i class=\"ip-plus c-ip-accordion__arrow\"><\/i><\/a>\t\t\t\t\t\t\t<div class=\"c-ip-accordion__content entry-content\"><p>Taip, bendradarbiaujame su daugeliu restoran\u0173 ir si\u016blome nuolatin\u0117s nuolaidos galimyb\u0119. Nor\u0117dami gauti daugiau informacijos, susisiekite el. pa\u0161tu <a href=\"mailto:info@hotta.eu\">info@hotta.eu<\/a>. <\/p>\n<\/div>\t\t\t\t\t\t<\/div>\n\t\t\t\t\t\t\t\t\t<\/div>\n\t\t\t<\/div>\n\t\t<\/div>\n\t\t\t\t<\/div>\n\t\t\t\t<\/div>\n\t\t\t\t<\/div>\n\t\t\t\t<\/div>\n\t\t\t\t\t<\/div>\n\t\t\t\t<\/div>\n\t\t\t\t<\/div>\n\t\t","protected":false},"excerpt":{"rendered":"<p>\ud83d\udcb3 Mok\u0117jimas Ar galima atsiskaityti grynaisiais? Ne. Ar galima atsiskaityti banko pavedimu pagal s\u0105skait\u0105? Taip, d\u0117l to susisiekite&hellip;<\/p>\n","protected":false},"author":1,"featured_media":0,"parent":0,"menu_order":0,"comment_status":"closed","ping_status":"closed","template":"elementor_header_footer","meta":{"footnotes":""},"class_list":["post-18646","page","type-page","status-publish","hentry"],"yoast_head":"<!-- This site is optimized with the Yoast SEO plugin v27.3 - https:\/\/yoast.com\/product\/yoast-seo-wordpress\/ -->\n<title>DUK - Hotta<\/title>\n<meta name=\"robots\" content=\"index, follow, max-snippet:-1, max-image-preview:large, max-video-preview:-1\" \/>\n<link rel=\"canonical\" href=\"https:\/\/hotta.eu\/lt\/duk\/\" \/>\n<meta property=\"og:locale\" content=\"lt_LT\" \/>\n<meta property=\"og:type\" content=\"article\" \/>\n<meta property=\"og:title\" content=\"DUK - Hotta\" \/>\n<meta property=\"og:description\" content=\"\ud83d\udcb3 Mok\u0117jimas Ar galima atsiskaityti grynaisiais? Ne. Ar galima atsiskaityti banko pavedimu pagal s\u0105skait\u0105? Taip, d\u0117l to susisiekite&hellip;\" \/>\n<meta property=\"og:url\" content=\"https:\/\/hotta.eu\/lt\/duk\/\" \/>\n<meta property=\"og:site_name\" content=\"Hotta\" \/>\n<meta property=\"article:publisher\" content=\"https:\/\/www.facebook.com\/hotta.eu\" \/>\n<meta property=\"article:modified_time\" content=\"2026-02-21T01:01:19+00:00\" \/>\n<meta property=\"og:image\" content=\"https:\/\/hotta.eu\/wp-content\/uploads\/2024\/04\/hotta-social-placeholder-1530x1224.png\" \/>\n\t<meta property=\"og:image:width\" content=\"1530\" \/>\n\t<meta property=\"og:image:height\" content=\"1224\" \/>\n\t<meta property=\"og:image:type\" content=\"image\/png\" \/>\n<meta name=\"twitter:card\" content=\"summary_large_image\" \/>\n<meta name=\"twitter:site\" content=\"@hottashop\" \/>\n<meta name=\"twitter:label1\" content=\"Est. reading time\" \/>\n\t<meta name=\"twitter:data1\" content=\"2 minutes\" \/>\n<script type=\"application\/ld+json\" class=\"yoast-schema-graph\">{\"@context\":\"https:\\\/\\\/schema.org\",\"@graph\":[{\"@type\":\"WebPage\",\"@id\":\"https:\\\/\\\/hotta.eu\\\/lt\\\/duk\\\/\",\"url\":\"https:\\\/\\\/hotta.eu\\\/lt\\\/duk\\\/\",\"name\":\"DUK - Hotta\",\"isPartOf\":{\"@id\":\"https:\\\/\\\/hotta.eu\\\/lt\\\/#website\"},\"datePublished\":\"2023-10-04T10:25:31+00:00\",\"dateModified\":\"2026-02-21T01:01:19+00:00\",\"breadcrumb\":{\"@id\":\"https:\\\/\\\/hotta.eu\\\/lt\\\/duk\\\/#breadcrumb\"},\"inLanguage\":\"lt-LT\",\"potentialAction\":[{\"@type\":\"ReadAction\",\"target\":[\"https:\\\/\\\/hotta.eu\\\/lt\\\/duk\\\/\"]}]},{\"@type\":\"BreadcrumbList\",\"@id\":\"https:\\\/\\\/hotta.eu\\\/lt\\\/duk\\\/#breadcrumb\",\"itemListElement\":[{\"@type\":\"ListItem\",\"position\":1,\"name\":\"Prad\u017eia\",\"item\":\"https:\\\/\\\/hotta.eu\\\/lt\\\/pradzia\\\/\"},{\"@type\":\"ListItem\",\"position\":2,\"name\":\"DUK\"}]},{\"@type\":\"WebSite\",\"@id\":\"https:\\\/\\\/hotta.eu\\\/lt\\\/#website\",\"url\":\"https:\\\/\\\/hotta.eu\\\/lt\\\/\",\"name\":\"Hotta\",\"description\":\"Makes your mouth burn a lotta!\",\"publisher\":{\"@id\":\"https:\\\/\\\/hotta.eu\\\/lt\\\/#organization\"},\"potentialAction\":[{\"@type\":\"SearchAction\",\"target\":{\"@type\":\"EntryPoint\",\"urlTemplate\":\"https:\\\/\\\/hotta.eu\\\/lt\\\/?s={search_term_string}\"},\"query-input\":{\"@type\":\"PropertyValueSpecification\",\"valueRequired\":true,\"valueName\":\"search_term_string\"}}],\"inLanguage\":\"lt-LT\"},{\"@type\":\"Organization\",\"@id\":\"https:\\\/\\\/hotta.eu\\\/lt\\\/#organization\",\"name\":\"Hotta\",\"url\":\"https:\\\/\\\/hotta.eu\\\/lt\\\/\",\"logo\":{\"@type\":\"ImageObject\",\"inLanguage\":\"lt-LT\",\"@id\":\"https:\\\/\\\/hotta.eu\\\/lt\\\/#\\\/schema\\\/logo\\\/image\\\/\",\"url\":\"https:\\\/\\\/hotta.eu\\\/wp-content\\\/uploads\\\/2025\\\/04\\\/hotta-logo-invoice.png\",\"contentUrl\":\"https:\\\/\\\/hotta.eu\\\/wp-content\\\/uploads\\\/2025\\\/04\\\/hotta-logo-invoice.png\",\"width\":600,\"height\":411,\"caption\":\"Hotta\"},\"image\":{\"@id\":\"https:\\\/\\\/hotta.eu\\\/lt\\\/#\\\/schema\\\/logo\\\/image\\\/\"},\"sameAs\":[\"https:\\\/\\\/www.facebook.com\\\/hotta.eu\",\"https:\\\/\\\/x.com\\\/hottashop\",\"https:\\\/\\\/www.instagram.com\\\/hotta.shop\"]}]}<\/script>\n<!-- \/ Yoast SEO plugin. -->","yoast_head_json":{"title":"DUK - Hotta","robots":{"index":"index","follow":"follow","max-snippet":"max-snippet:-1","max-image-preview":"max-image-preview:large","max-video-preview":"max-video-preview:-1"},"canonical":"https:\/\/hotta.eu\/lt\/duk\/","og_locale":"lt_LT","og_type":"article","og_title":"DUK - Hotta","og_description":"\ud83d\udcb3 Mok\u0117jimas Ar galima atsiskaityti grynaisiais? Ne. Ar galima atsiskaityti banko pavedimu pagal s\u0105skait\u0105? Taip, d\u0117l to susisiekite&hellip;","og_url":"https:\/\/hotta.eu\/lt\/duk\/","og_site_name":"Hotta","article_publisher":"https:\/\/www.facebook.com\/hotta.eu","article_modified_time":"2026-02-21T01:01:19+00:00","og_image":[{"width":1530,"height":1224,"url":"https:\/\/hotta.eu\/wp-content\/uploads\/2024\/04\/hotta-social-placeholder-1530x1224.png","type":"image\/png"}],"twitter_card":"summary_large_image","twitter_site":"@hottashop","twitter_misc":{"Est. reading time":"2 minutes"},"schema":{"@context":"https:\/\/schema.org","@graph":[{"@type":"WebPage","@id":"https:\/\/hotta.eu\/lt\/duk\/","url":"https:\/\/hotta.eu\/lt\/duk\/","name":"DUK - Hotta","isPartOf":{"@id":"https:\/\/hotta.eu\/lt\/#website"},"datePublished":"2023-10-04T10:25:31+00:00","dateModified":"2026-02-21T01:01:19+00:00","breadcrumb":{"@id":"https:\/\/hotta.eu\/lt\/duk\/#breadcrumb"},"inLanguage":"lt-LT","potentialAction":[{"@type":"ReadAction","target":["https:\/\/hotta.eu\/lt\/duk\/"]}]},{"@type":"BreadcrumbList","@id":"https:\/\/hotta.eu\/lt\/duk\/#breadcrumb","itemListElement":[{"@type":"ListItem","position":1,"name":"Prad\u017eia","item":"https:\/\/hotta.eu\/lt\/pradzia\/"},{"@type":"ListItem","position":2,"name":"DUK"}]},{"@type":"WebSite","@id":"https:\/\/hotta.eu\/lt\/#website","url":"https:\/\/hotta.eu\/lt\/","name":"Hotta","description":"Makes your mouth burn a lotta!","publisher":{"@id":"https:\/\/hotta.eu\/lt\/#organization"},"potentialAction":[{"@type":"SearchAction","target":{"@type":"EntryPoint","urlTemplate":"https:\/\/hotta.eu\/lt\/?s={search_term_string}"},"query-input":{"@type":"PropertyValueSpecification","valueRequired":true,"valueName":"search_term_string"}}],"inLanguage":"lt-LT"},{"@type":"Organization","@id":"https:\/\/hotta.eu\/lt\/#organization","name":"Hotta","url":"https:\/\/hotta.eu\/lt\/","logo":{"@type":"ImageObject","inLanguage":"lt-LT","@id":"https:\/\/hotta.eu\/lt\/#\/schema\/logo\/image\/","url":"https:\/\/hotta.eu\/wp-content\/uploads\/2025\/04\/hotta-logo-invoice.png","contentUrl":"https:\/\/hotta.eu\/wp-content\/uploads\/2025\/04\/hotta-logo-invoice.png","width":600,"height":411,"caption":"Hotta"},"image":{"@id":"https:\/\/hotta.eu\/lt\/#\/schema\/logo\/image\/"},"sameAs":["https:\/\/www.facebook.com\/hotta.eu","https:\/\/x.com\/hottashop","https:\/\/www.instagram.com\/hotta.shop"]}]}},"jetpack_sharing_enabled":true,"_links":{"self":[{"href":"https:\/\/hotta.eu\/lt\/wp-json\/wp\/v2\/pages\/18646","targetHints":{"allow":["GET"]}}],"collection":[{"href":"https:\/\/hotta.eu\/lt\/wp-json\/wp\/v2\/pages"}],"about":[{"href":"https:\/\/hotta.eu\/lt\/wp-json\/wp\/v2\/types\/page"}],"author":[{"embeddable":true,"href":"https:\/\/hotta.eu\/lt\/wp-json\/wp\/v2\/users\/1"}],"replies":[{"embeddable":true,"href":"https:\/\/hotta.eu\/lt\/wp-json\/wp\/v2\/comments?post=18646"}],"version-history":[{"count":9,"href":"https:\/\/hotta.eu\/lt\/wp-json\/wp\/v2\/pages\/18646\/revisions"}],"predecessor-version":[{"id":25722,"href":"https:\/\/hotta.eu\/lt\/wp-json\/wp\/v2\/pages\/18646\/revisions\/25722"}],"wp:attachment":[{"href":"https:\/\/hotta.eu\/lt\/wp-json\/wp\/v2\/media?parent=18646"}],"curies":[{"name":"wp","href":"https:\/\/api.w.org\/{rel}","templated":true}]}}