{"id":18689,"date":"2023-12-25T20:06:05","date_gmt":"2023-12-25T18:06:05","guid":{"rendered":"https:\/\/hotta.eu\/privatumo-politika\/"},"modified":"2025-03-14T17:19:43","modified_gmt":"2025-03-14T15:19:43","slug":"privatumo-politika","status":"publish","type":"page","link":"https:\/\/hotta.eu\/lt\/privatumo-politika\/","title":{"rendered":"Privatumo politika"},"content":{"rendered":"\t\t<div data-elementor-type=\"wp-page\" data-elementor-id=\"18689\" class=\"elementor elementor-18689 elementor-14699\" data-elementor-post-type=\"page\">\n\t\t\t\t<div class=\"elementor-element elementor-element-3f03054 e-flex e-con-boxed e-con e-parent\" data-id=\"3f03054\" data-element_type=\"container\" data-settings=\"{&quot;background_background&quot;:&quot;classic&quot;}\">\n\t\t\t\t\t<div class=\"e-con-inner\">\n\t\t\t\t<div class=\"elementor-element elementor-element-f983327 elementor-widget elementor-widget-heading\" data-id=\"f983327\" data-element_type=\"widget\" data-widget_type=\"heading.default\">\n\t\t\t\t<div class=\"elementor-widget-container\">\n\t\t\t<h2 class=\"elementor-heading-title elementor-size-default\">Internetin\u0117s parduotuv\u0117s \u201eHotta\u201c asmens duomen\u0173 valdytojas yra \u201eSellinor O\u00dc\u201c (registruotas 14547877).<br>\n<br><b>Kokie asmens duomenys yra tvarkomi:<\/b><ul><li>vardas, pavard\u0117, telefono numeris ir elektroninio pa\u0161to adresas;<\/li><li>pristatymo adresas;<\/li><li>banko s\u0105skaitos numeris;<\/li><li>preki\u0173 ir paslaug\u0173 kaina bei mok\u0117jimo duomenys (pirkimo istorija);<\/li><li>klient\u0173 aptarnavimo informacija.<\/li><\/ul><b>Tikslai, kuriais asmens duomenys tvarkomi<\/b><br><br><span style=\"letter-spacing: 0.32px\">Asmens duomenys naudojami klient\u0173 u\u017esakym\u0173 valdymui ir preki\u0173 pristatymui.<br><\/span><br><span style=\"letter-spacing: 0.32px\">Pirkim\u0173 istorijos duomenys (pirkimo data, prek\u0117s, kiekis, kliento duomenys) naudojami perkam\u0173 preki\u0173 ir paslaug\u0173 ap\u017evalgai sudaryti bei klient\u0173 pageidavimams analizuoti.<\/span><br><br><span style=\"letter-spacing: 0.32px\">Banko s\u0105skaitos numeris yra naudojamas gr\u0105\u017einant mok\u0117jimus klientui.<br><\/span><br><span style=\"letter-spacing: 0.32px\">Asmens duomenys, tokie kaip el. pa\u0161tas, telefono numeris, kliento vardas, tvarkomi siekiant i\u0161spr\u0119sti su preki\u0173 ir paslaug\u0173 teikimu (pagalba klientams) susijusius klausimus.<\/span><br><br><span style=\"letter-spacing: 0.32px\">Internetin\u0117s parduotuv\u0117s vartotojo IP adresas ar kiti tinklo identifikatoriai tvarkomi internetin\u0117s parduotuv\u0117s kaip informacin\u0117s visuomen\u0117s paslaugos teikimo ir interneto naudojimo statistikos tikslais.<\/span><br><br><span style=\"letter-spacing: 0.32px\"><b>Teisinis pagrindas<\/b><\/span><br><br><span style=\"letter-spacing: 0.32px\">Asmens duomen\u0173 tvarkymas vykdomas sutarties su klientu vykdymo tikslu.<\/span><br><br><span style=\"letter-spacing: 0.32px\">Asmens duomen\u0173 tvarkymas, siekiant \u012fvykdyti teisin\u0119 prievol\u0119 (pvz., buhalterin\u0117 apskaita ir vartotoj\u0173 gin\u010d\u0173 sprendimas).<br><\/span><br><span style=\"letter-spacing: 0.32px\"><b>Gav\u0117jai, kuriems atskleid\u017eiami asmens duomenys<\/b><\/span><p><span style=\"letter-spacing: 0.32px\">Asmens duomenys bus perduodami internetin\u0117s parduotuv\u0117s klient\u0173 aptarnavimo tarnybai pirkini\u0173 ir pirkini\u0173 istorijos tvarkymo bei klient\u0173 problem\u0173 sprendimo tikslais.<\/span><\/p><div title=\"2 puslapis\"><div><div><p>Vardas, pavard\u0117, telefono numeris ir elektroninio pa\u0161to adresas bus persi\u0173stas kliento pasirinktam siunt\u0173 pristatymo paslaug\u0173 teik\u0117jui. Tuo atveju, kai prekes pristato kurjeris, be kontaktini\u0173 duomen\u0173 bus nurodytas ir kliento adresas.<\/p><p>Jei internetin\u0117s parduotuv\u0117s apskait\u0105 vykdo paslaug\u0173 teik\u0117jas, asmens duomenys bus perduoti paslaug\u0173 teik\u0117jui buhalterin\u0117s apskaitos operacij\u0173 atlikimo tikslu.<\/p><p>Asmens duomenys gali b\u016bti perduodami informacini\u0173 technologij\u0173 paslaug\u0173 teik\u0117jams, jeigu tai b\u016btina internetin\u0117s parduotuv\u0117s funkcionalumui u\u017etikrinti arba duomen\u0173 prieinamumui u\u017etikrinti.<\/p><p><span style=\"letter-spacing: 0.32px\"><b>Saugumas ir prieiga prie duomen\u0173<\/b><\/span><\/p><p>Asmens duomenys saugomi \u201eZone Media O\u00dc\u201c serveriuose, esan\u010diuose Europos S\u0105jungos valstyb\u0117s nar\u0117s teritorijoje arba \u0161ali\u0173 teritorijoje, kurios yra Europos ekonomin\u0117s erdv\u0117s nar\u0117s. Duomenys gali b\u016bti perduodami \u012f \u0161alis, kuri\u0173 duomen\u0173 apsaugos lyg\u012f Europos Komisija \u012fvertino kaip tinkam\u0105, ir JAV \u012fmon\u0117ms, kurios naudoja Privatumo skydo (angl. Privacy Shield) sistem\u0105.<\/p><p>Prieiga prie asmens duomen\u0173 suteikiama internetin\u0117s parduotuv\u0117s darbuotojams, kurie gali prieiti prie asmens duomen\u0173, kad gal\u0117t\u0173 i\u0161spr\u0119sti techninius klausimus, susijusius su internetin\u0117s parduotuv\u0117s naudojimusi, bei teikti klient\u0173 aptarnavimo paslaugas.<\/p><p>Internetin\u0117 parduotuv\u0117 \u012fgyvendina tinkamas fizines, organizacines ir IT saugumo priemones, kad apsaugot\u0173 asmens duomenis nuo atsitiktinio ar neteis\u0117to sunaikinimo, praradimo, pakeitimo, neteis\u0117tos prieigos ir atskleidimo.<\/p><p>Asmens duomen\u0173 perdavimas internetin\u0117s parduotuv\u0117s tvarkytojams (pvz., preki\u0173 pristatymo paslaug\u0173 teik\u0117jui ir duomen\u0173 kaup\u0117jui) yra pagr\u012fstas sutartimis tarp internetin\u0117s parduotuv\u0117s ir duomen\u0173 tvarkytoj\u0173. Duomen\u0173 valdytojai, tvarkydami asmens duomenis, privalo u\u017etikrinti tinkamas apsaugos priemones.<\/p><p><b>Prieiga prie asmens duomen\u0173 ir j\u0173 taisymas<\/b><\/p><p>Asmens duomenis galima pasiekti ir taisyti internetin\u0117s parduotuv\u0117s vartotojo profilyje. Jei pirkimas buvo atliktas be vartotojo paskyros, asmeninius duomenis galima pasiekti prisijungus.<\/p><p><span style=\"letter-spacing: 0.32px\"><b>Sutikimo at\u0161aukimas<\/b><\/span><\/p><\/div><\/div><div><div><p>Jei asmens duomen\u0173 tvarkymas grind\u017eiamas kliento sutikimu, klientas turi teis\u0119 at\u0161aukti sutikim\u0105 informuodamas Klient\u0173 aptarnavimo skyri\u0173 el. pa\u0161tu.<\/p><p><b>Duomen\u0173 laikymas<\/b><\/p><p><span style=\"letter-spacing: 0.32px\">Asmens duomenys bus i\u0161trinti, kai u\u017edarysite internetin\u0117s parduotuv\u0117s paskyr\u0105, nebent tokius duomenis reik\u0117s saugoti buhalterin\u0117s apskaitos tikslais ar vartotoj\u0173 gin\u010dams spr\u0119sti.<\/span><\/p><p><span style=\"letter-spacing: 0.32px\">Jeigu internetin\u0117je parduotuv\u0117je yra perkama be kliento paskyros, pirkini\u0173 istorija saugoma trejus metus.<\/span><\/p><\/div><\/div><\/div><div title=\"Puslapis 3\"><div><div><p>Kilus gin\u010dams d\u0117l mok\u0117jim\u0173 ir vartotoj\u0173 gin\u010d\u0173, asmens duomenys bus saugomi tol, kol bus i\u0161spr\u0119stas gin\u010das arba pasibaigs gin\u010do senaties terminas.<\/p><p>Buhalterin\u0117s apskaitos tikslais b\u016btini asmens duomenys saugomi septynerius metus.<\/p><p><b>Duomen\u0173 i\u0161trynimas<\/b><\/p><p>Nor\u0117dami i\u0161trinti asmens duomenis, turite susisiekti su klient\u0173 aptarnavimo tarnyba el. pa\u0161tu. Atsakymas \u012f pra\u0161ym\u0105 i\u0161trinti duomenis bus pateiktas ne v\u0117liau kaip per vien\u0105 m\u0117nes\u012f, nurodant i\u0161trynimo laikotarp\u012f.<\/p><p><b>Duomen\u0173 perk\u0117limas<\/b><\/p><p>Pra\u0161ymai d\u0117l asmens duomen\u0173 perdavimo, pateikti el. pa\u0161tu, bus apdoroti per vien\u0105 m\u0117nes\u012f. Klient\u0173 aptarnavimo skyrius patikrins tapatyb\u0119 ir prane\u0161 apie perduodamus asmens duomenis.<\/p><\/div><\/div><div><div><p><b>Tiesiogin\u0117s rinkodaros komunikacijos<\/b><\/p><p>El. pa\u0161to adresas ir telefono numeris bus naudojami siun\u010diant tiesiogin\u0117s rinkodaros prane\u0161imus, jei klientas dav\u0117 sutikim\u0105. Jei klientas nenori gauti tiesiogin\u0117s rinkodaros prane\u0161im\u0173, el. lai\u0161ko pora\u0161t\u0117je gali pasirinkti atitinkam\u0105 nuorod\u0105 arba susisiekti su klient\u0173 aptarnavimo tarnyba.<\/p><\/div><\/div><div><div><div><p>Kai asmens duomenys tvarkomi tiesiogin\u0117s rinkodaros (profiliavimo) tikslais, klientas turi teis\u0119 bet kada prie\u0161tarauti tiek pradiniam, tiek tolesniam savo asmens duomen\u0173 apdorojimui, \u012fskaitant profiliavim\u0105, susijus\u012f su tiesiogine rinkodara, informuojant Klient\u0173 aptarnavimo skyri\u0173 el. pa\u0161tu.<\/p><\/div><\/div><div><div><p><b>Gin\u010d\u0173 sprendimas<\/b><\/p><\/div><\/div><\/div><div><div><p>Gin\u010dai, susij\u0119 su asmens duomen\u0173 tvarkymu, gali b\u016bti sprend\u017eiami per klient\u0173 aptarnavimo skyri\u0173 (info@hotta.eu). Prie\u017ei\u016bros institucija yra Estijos duomen\u0173 apsaugos inspekcija (info@aki.ee).<\/p><\/div><\/div><\/div><\/h2>\t\t<\/div>\n\t\t\t\t<\/div>\n\t\t\t\t\t<\/div>\n\t\t\t\t<\/div>\n\t\t\t\t<\/div>\n\t\t","protected":false},"excerpt":{"rendered":"<p>Internetin\u0117s parduotuv\u0117s \u201eHotta\u201c asmens duomen\u0173 valdytojas yra \u201eSellinor O\u00dc\u201c (registruotas 14547877). Kokie asmens duomenys yra tvarkomi: vardas, pavard\u0117,&hellip;<\/p>\n","protected":false},"author":1,"featured_media":0,"parent":0,"menu_order":0,"comment_status":"closed","ping_status":"closed","template":"elementor_header_footer","meta":{"footnotes":""},"class_list":["post-18689","page","type-page","status-publish","hentry"],"yoast_head":"<!-- This site is optimized with the Yoast SEO plugin v27.3 - https:\/\/yoast.com\/product\/yoast-seo-wordpress\/ -->\n<title>Privatumo politika - Hotta<\/title>\n<meta name=\"robots\" content=\"index, follow, max-snippet:-1, max-image-preview:large, max-video-preview:-1\" \/>\n<link rel=\"canonical\" href=\"https:\/\/hotta.eu\/lt\/privatumo-politika\/\" \/>\n<meta property=\"og:locale\" content=\"lt_LT\" \/>\n<meta property=\"og:type\" content=\"article\" \/>\n<meta property=\"og:title\" content=\"Privatumo politika - Hotta\" \/>\n<meta property=\"og:description\" content=\"Internetin\u0117s parduotuv\u0117s \u201eHotta\u201c asmens duomen\u0173 valdytojas yra \u201eSellinor O\u00dc\u201c (registruotas 14547877). Kokie asmens duomenys yra tvarkomi: vardas, pavard\u0117,&hellip;\" \/>\n<meta property=\"og:url\" content=\"https:\/\/hotta.eu\/lt\/privatumo-politika\/\" \/>\n<meta property=\"og:site_name\" content=\"Hotta\" \/>\n<meta property=\"article:publisher\" content=\"https:\/\/www.facebook.com\/hotta.eu\" \/>\n<meta property=\"article:modified_time\" content=\"2025-03-14T15:19:43+00:00\" \/>\n<meta property=\"og:image\" content=\"https:\/\/hotta.eu\/wp-content\/uploads\/2024\/04\/hotta-social-placeholder-1530x1224.png\" \/>\n\t<meta property=\"og:image:width\" content=\"1530\" \/>\n\t<meta property=\"og:image:height\" content=\"1224\" \/>\n\t<meta property=\"og:image:type\" content=\"image\/png\" \/>\n<meta name=\"twitter:card\" content=\"summary_large_image\" \/>\n<meta name=\"twitter:site\" content=\"@hottashop\" \/>\n<meta name=\"twitter:label1\" content=\"Est. reading time\" \/>\n\t<meta name=\"twitter:data1\" content=\"4 minutes\" \/>\n<script type=\"application\/ld+json\" class=\"yoast-schema-graph\">{\"@context\":\"https:\\\/\\\/schema.org\",\"@graph\":[{\"@type\":\"WebPage\",\"@id\":\"https:\\\/\\\/hotta.eu\\\/lt\\\/privatumo-politika\\\/\",\"url\":\"https:\\\/\\\/hotta.eu\\\/lt\\\/privatumo-politika\\\/\",\"name\":\"Privatumo politika - Hotta\",\"isPartOf\":{\"@id\":\"https:\\\/\\\/hotta.eu\\\/lt\\\/#website\"},\"datePublished\":\"2023-12-25T18:06:05+00:00\",\"dateModified\":\"2025-03-14T15:19:43+00:00\",\"breadcrumb\":{\"@id\":\"https:\\\/\\\/hotta.eu\\\/lt\\\/privatumo-politika\\\/#breadcrumb\"},\"inLanguage\":\"lt-LT\",\"potentialAction\":[{\"@type\":\"ReadAction\",\"target\":[\"https:\\\/\\\/hotta.eu\\\/lt\\\/privatumo-politika\\\/\"]}]},{\"@type\":\"BreadcrumbList\",\"@id\":\"https:\\\/\\\/hotta.eu\\\/lt\\\/privatumo-politika\\\/#breadcrumb\",\"itemListElement\":[{\"@type\":\"ListItem\",\"position\":1,\"name\":\"Prad\u017eia\",\"item\":\"https:\\\/\\\/hotta.eu\\\/lt\\\/pradzia\\\/\"},{\"@type\":\"ListItem\",\"position\":2,\"name\":\"Privatumo politika\"}]},{\"@type\":\"WebSite\",\"@id\":\"https:\\\/\\\/hotta.eu\\\/lt\\\/#website\",\"url\":\"https:\\\/\\\/hotta.eu\\\/lt\\\/\",\"name\":\"Hotta\",\"description\":\"Makes your mouth burn a lotta!\",\"publisher\":{\"@id\":\"https:\\\/\\\/hotta.eu\\\/lt\\\/#organization\"},\"potentialAction\":[{\"@type\":\"SearchAction\",\"target\":{\"@type\":\"EntryPoint\",\"urlTemplate\":\"https:\\\/\\\/hotta.eu\\\/lt\\\/?s={search_term_string}\"},\"query-input\":{\"@type\":\"PropertyValueSpecification\",\"valueRequired\":true,\"valueName\":\"search_term_string\"}}],\"inLanguage\":\"lt-LT\"},{\"@type\":\"Organization\",\"@id\":\"https:\\\/\\\/hotta.eu\\\/lt\\\/#organization\",\"name\":\"Hotta\",\"url\":\"https:\\\/\\\/hotta.eu\\\/lt\\\/\",\"logo\":{\"@type\":\"ImageObject\",\"inLanguage\":\"lt-LT\",\"@id\":\"https:\\\/\\\/hotta.eu\\\/lt\\\/#\\\/schema\\\/logo\\\/image\\\/\",\"url\":\"https:\\\/\\\/hotta.eu\\\/wp-content\\\/uploads\\\/2025\\\/04\\\/hotta-logo-invoice.png\",\"contentUrl\":\"https:\\\/\\\/hotta.eu\\\/wp-content\\\/uploads\\\/2025\\\/04\\\/hotta-logo-invoice.png\",\"width\":600,\"height\":411,\"caption\":\"Hotta\"},\"image\":{\"@id\":\"https:\\\/\\\/hotta.eu\\\/lt\\\/#\\\/schema\\\/logo\\\/image\\\/\"},\"sameAs\":[\"https:\\\/\\\/www.facebook.com\\\/hotta.eu\",\"https:\\\/\\\/x.com\\\/hottashop\",\"https:\\\/\\\/www.instagram.com\\\/hotta.shop\"]}]}<\/script>\n<!-- \/ Yoast SEO plugin. -->","yoast_head_json":{"title":"Privatumo politika - Hotta","robots":{"index":"index","follow":"follow","max-snippet":"max-snippet:-1","max-image-preview":"max-image-preview:large","max-video-preview":"max-video-preview:-1"},"canonical":"https:\/\/hotta.eu\/lt\/privatumo-politika\/","og_locale":"lt_LT","og_type":"article","og_title":"Privatumo politika - Hotta","og_description":"Internetin\u0117s parduotuv\u0117s \u201eHotta\u201c asmens duomen\u0173 valdytojas yra \u201eSellinor O\u00dc\u201c (registruotas 14547877). Kokie asmens duomenys yra tvarkomi: vardas, pavard\u0117,&hellip;","og_url":"https:\/\/hotta.eu\/lt\/privatumo-politika\/","og_site_name":"Hotta","article_publisher":"https:\/\/www.facebook.com\/hotta.eu","article_modified_time":"2025-03-14T15:19:43+00:00","og_image":[{"width":1530,"height":1224,"url":"https:\/\/hotta.eu\/wp-content\/uploads\/2024\/04\/hotta-social-placeholder-1530x1224.png","type":"image\/png"}],"twitter_card":"summary_large_image","twitter_site":"@hottashop","twitter_misc":{"Est. reading time":"4 minutes"},"schema":{"@context":"https:\/\/schema.org","@graph":[{"@type":"WebPage","@id":"https:\/\/hotta.eu\/lt\/privatumo-politika\/","url":"https:\/\/hotta.eu\/lt\/privatumo-politika\/","name":"Privatumo politika - Hotta","isPartOf":{"@id":"https:\/\/hotta.eu\/lt\/#website"},"datePublished":"2023-12-25T18:06:05+00:00","dateModified":"2025-03-14T15:19:43+00:00","breadcrumb":{"@id":"https:\/\/hotta.eu\/lt\/privatumo-politika\/#breadcrumb"},"inLanguage":"lt-LT","potentialAction":[{"@type":"ReadAction","target":["https:\/\/hotta.eu\/lt\/privatumo-politika\/"]}]},{"@type":"BreadcrumbList","@id":"https:\/\/hotta.eu\/lt\/privatumo-politika\/#breadcrumb","itemListElement":[{"@type":"ListItem","position":1,"name":"Prad\u017eia","item":"https:\/\/hotta.eu\/lt\/pradzia\/"},{"@type":"ListItem","position":2,"name":"Privatumo politika"}]},{"@type":"WebSite","@id":"https:\/\/hotta.eu\/lt\/#website","url":"https:\/\/hotta.eu\/lt\/","name":"Hotta","description":"Makes your mouth burn a lotta!","publisher":{"@id":"https:\/\/hotta.eu\/lt\/#organization"},"potentialAction":[{"@type":"SearchAction","target":{"@type":"EntryPoint","urlTemplate":"https:\/\/hotta.eu\/lt\/?s={search_term_string}"},"query-input":{"@type":"PropertyValueSpecification","valueRequired":true,"valueName":"search_term_string"}}],"inLanguage":"lt-LT"},{"@type":"Organization","@id":"https:\/\/hotta.eu\/lt\/#organization","name":"Hotta","url":"https:\/\/hotta.eu\/lt\/","logo":{"@type":"ImageObject","inLanguage":"lt-LT","@id":"https:\/\/hotta.eu\/lt\/#\/schema\/logo\/image\/","url":"https:\/\/hotta.eu\/wp-content\/uploads\/2025\/04\/hotta-logo-invoice.png","contentUrl":"https:\/\/hotta.eu\/wp-content\/uploads\/2025\/04\/hotta-logo-invoice.png","width":600,"height":411,"caption":"Hotta"},"image":{"@id":"https:\/\/hotta.eu\/lt\/#\/schema\/logo\/image\/"},"sameAs":["https:\/\/www.facebook.com\/hotta.eu","https:\/\/x.com\/hottashop","https:\/\/www.instagram.com\/hotta.shop"]}]}},"jetpack_sharing_enabled":true,"_links":{"self":[{"href":"https:\/\/hotta.eu\/lt\/wp-json\/wp\/v2\/pages\/18689","targetHints":{"allow":["GET"]}}],"collection":[{"href":"https:\/\/hotta.eu\/lt\/wp-json\/wp\/v2\/pages"}],"about":[{"href":"https:\/\/hotta.eu\/lt\/wp-json\/wp\/v2\/types\/page"}],"author":[{"embeddable":true,"href":"https:\/\/hotta.eu\/lt\/wp-json\/wp\/v2\/users\/1"}],"replies":[{"embeddable":true,"href":"https:\/\/hotta.eu\/lt\/wp-json\/wp\/v2\/comments?post=18689"}],"version-history":[{"count":3,"href":"https:\/\/hotta.eu\/lt\/wp-json\/wp\/v2\/pages\/18689\/revisions"}],"predecessor-version":[{"id":22564,"href":"https:\/\/hotta.eu\/lt\/wp-json\/wp\/v2\/pages\/18689\/revisions\/22564"}],"wp:attachment":[{"href":"https:\/\/hotta.eu\/lt\/wp-json\/wp\/v2\/media?parent=18689"}],"curies":[{"name":"wp","href":"https:\/\/api.w.org\/{rel}","templated":true}]}}