{"id":18712,"date":"2024-01-06T05:35:37","date_gmt":"2024-01-06T03:35:37","guid":{"rendered":"https:\/\/hotta.eu\/pardavimo-salygos\/"},"modified":"2025-03-14T16:57:39","modified_gmt":"2025-03-14T14:57:39","slug":"pardavimo-salygos","status":"publish","type":"page","link":"https:\/\/hotta.eu\/lt\/pardavimo-salygos\/","title":{"rendered":"Pardavimo s\u0105lygos"},"content":{"rendered":"\t\t<div data-elementor-type=\"wp-page\" data-elementor-id=\"18712\" class=\"elementor elementor-18712 elementor-14838\" data-elementor-post-type=\"page\">\n\t\t\t\t<div class=\"elementor-element elementor-element-3f03054 e-flex e-con-boxed e-con e-parent\" data-id=\"3f03054\" data-element_type=\"container\" data-settings=\"{&quot;background_background&quot;:&quot;classic&quot;}\">\n\t\t\t\t\t<div class=\"e-con-inner\">\n\t\t\t\t<div class=\"elementor-element elementor-element-f983327 elementor-widget elementor-widget-heading\" data-id=\"f983327\" data-element_type=\"widget\" data-widget_type=\"heading.default\">\n\t\t\t\t<div class=\"elementor-widget-container\">\n\t\t\t<h2 class=\"elementor-heading-title elementor-size-default\">Internetin\u0117s parduotuv\u0117s \u201eHotta\u201c (toliau \u2013 Internetin\u0117 parduotuv\u0117) savininkas yra \u201eSellinor O\u00dc\u201c (registracijos numeris 14547877).<br><br>\u201eSellinor O\u00dc\u201c neatsako u\u017e jokius sveikatos sutrikimus ar kitus \u0161alutinius poveikius, atsirandan\u010dius vartojant parduodamas prekes. Klientas prisiima vis\u0105 atsakomyb\u0119 u\u017e prek\u0117s naudojim\u0105 pagal paskirt\u012f ir doz\u0119. Produktus rekomenduojama vartoti atskiestus.<br>\n<b>Pardavimo sutarties galiojimas, produkto ir kainos informacija<\/b><br><br>Paslaug\u0173 teikimo s\u0105lygos ir taisykl\u0117s taikomos perkant prekes i\u0161 Internetin\u0117s parduotuv\u0117s. Internetin\u0117je parduotuv\u0117je parduodam\u0173 preki\u0173 kainos yra nurodytos prek\u0117s puslapyje. Pristatymo mokestis bus prid\u0117tas atsiskaitymo metu. Pristatymo mokestis priklauso nuo pirk\u0117jo pasirinkto pristatymo b\u016bdo. Pristatymo mokestis pirk\u0117jui bus parodytas pateikiant u\u017esakym\u0105. Informacija apie prekes pateikiama Internetin\u0117s parduotuv\u0117s prek\u0117s puslapyje.<br><br><b>U\u017esakymo pateikimas<\/b><br><br>Nor\u0117dami u\u017esisakyti prekes, turite \u012fd\u0117ti norimas prekes \u012f savo pirkini\u0173 krep\u0161el\u012f. Nor\u0117dami pateikti u\u017esakym\u0105, turite u\u017epildyti reikiamus laukelius ir pasirinkti pageidaujam\u0105 pristatymo b\u016bd\u0105. Tada rodoma visa apmok\u0117jimo suma, kuri\u0105 galima sumok\u0117ti banko pavedimu ar kitu mok\u0117jimo b\u016bdu.<br><br>Sutartis \u012fsigalioja nuo mok\u0117tinos sumos gavimo \u012f Internetin\u0117s parduotuv\u0117s atsiskaitom\u0105j\u0105 s\u0105skait\u0105 dienos. Jeigu u\u017esakytos prek\u0117s negali b\u016bti pristatytos d\u0117l preki\u0173 pristatymo termino pasibaigimo ar d\u0117l kit\u0173 prie\u017eas\u010di\u0173, pirk\u0117jas apie tai bus informuotas kuo grei\u010diau, o sumok\u0117ti pinigai (\u012fskaitant pristatymo i\u0161laidas) bus gr\u0105\u017einti kaip \u012fmanoma grei\u010diau, bet ne v\u0117liau kaip per 14 dien\u0173 nuo prane\u0161imo gavimo.<br><br><h2 data-elementor-setting-key=\"title\" data-pen-placeholder=\"Type Here...\" style=\"--tw-scale-x: 1;--tw-scale-y: 1;--tw-pan-x:;--tw-pan-y:;--tw-pinch-zoom:;--tw-scroll-snap-strictness: proximity;--tw-gradient-from-position:;--tw-gradient-via-position:;--tw-gradient-to-position:;--tw-ordinal:;--tw-slashed-zero:;--tw-numeric-figure:;--tw-numeric-spacing:;--tw-numeric-fraction:;--tw-ring-inset:;--tw-ring-offset-width: 0px;--tw-ring-offset-color: #fff;--tw-ring-offset-shadow: 0 0 #0000;--tw-ring-shadow: 0 0 #0000;--tw-shadow: 0 0 #0000;--tw-shadow-colored: 0 0 #0000;--tw-blur:;--tw-brightness:;--tw-contrast:;--tw-grayscale:;--tw-hue-rotate:;--tw-invert:;--tw-saturate:;--tw-sepia:;--tw-drop-shadow:;--tw-backdrop-blur:;--tw-backdrop-brightness:;--tw-backdrop-contrast:;--tw-backdrop-grayscale:;--tw-backdrop-hue-rotate:;--tw-backdrop-invert:;--tw-backdrop-opacity:;--tw-backdrop-saturate:;--tw-backdrop-sepia:;--tw-contain-size:;--tw-contain-layout:;--tw-contain-paint:;--tw-contain-style:\"><span style=\"letter-spacing: 0.28px\"><b>Apmok\u0117jimas<\/b><\/span><\/h2><br><p style=\"margin: 0cm 0cm 8pt;line-height: 18.4px\"><span style=\"letter-spacing: 0.32px\">U\u017esakymo apmok\u0117jimui galite pasirinkti banko pavedim\u0105 arba \u201eMontonio\u201c banko apmok\u0117jimo paslaugas. U\u017e prekes atsiskaitoma eurais. Pasirinkus banko pavedim\u0105, patvirtinus u\u017esakym\u0105 bus rodoma instrukcija, kaip apmok\u0117ti u\u017e prekes. Instrukcijos taip pat bus i\u0161si\u0173stos pirk\u0117jo u\u017esakymo metu nurodytu elektroninio pa\u0161to adresu. Gavus banko pavedim\u0105, prek\u0117s bus i\u0161si\u0173stos pagal pirk\u0117jo pasirinkt\u0105 pristatymo b\u016bd\u0105. U\u017esakymas apdorojamas gavus mok\u0117jim\u0105.<\/span><font color=\"#000000\" face=\"Aptos, sans-serif\"><span style=\"font-size: 12pt;letter-spacing: normal\"><\/span><\/font><\/p>\u201eSellinor O\u00dc\u201c yra asmens duomen\u0173 valdytojas, \u201eSellinor O\u00dc\u201c perduoda mok\u0117jimams vykdyti reikalingus asmens duomenis tvarkytojui Montonio Finance, UAB.<br><br><b>Pristatymas<\/b><br><br>Pristatymo i\u0161laidas apmoka pirk\u0117jas, o atitinkama mokes\u010dio informacija nurodoma prie pristatymo b\u016bdo.<br><br>Siuntos tarp Baltijos \u0161ali\u0173 pirk\u0117jo nurodyt\u0105 adres\u0105 da\u017eniausiai pasiekia per 1-2 darbo dienas nuo pirkimo-pardavimo sutarties \u012fsigaliojimo. I\u0161imtiniais atvejais turite teis\u0119, kad prek\u0117s b\u016bt\u0173 pristatytos per 30 kalendorini\u0173 dien\u0173.<br><br><b>Teis\u0117 atsisakyti sutarties<\/b><br><br>Pirk\u0117jas, gav\u0119s u\u017esakym\u0105, turi teis\u0119 per 14 dien\u0173 atsisakyti sutarties. Atsisakymo teis\u0117 netaikoma, jei pirk\u0117jas yra juridinis asmuo. Gr\u0105\u017einimo teis\u0117 galioja tik neatidarytoms prek\u0117ms ir esan\u010dioms originalioje pakuot\u0117je.<br><br>Nor\u0117dami gr\u0105\u017einti prek\u0119, turite pateikti atsisakymo form\u0105 ir i\u0161si\u0173sti j\u0105 el. pa\u0161to adresu info@hotta.eu per 14 dien\u0173 nuo prek\u0117s gavimo.<br><br>Preki\u0173 gr\u0105\u017einimo i\u0161laidas apmoka pirk\u0117jas, nebent prek\u0117s gr\u0105\u017einimo prie\u017eastis yra ta, kad ji neatitinka to, kas buvo u\u017esakyta (pvz., netinkama ar brokuota prek\u0117). Pirk\u0117jas privalo gr\u0105\u017einti prekes per 14 dien\u0173 nuo preki\u0173 gr\u0105\u017einimo pra\u0161ymo pateikimo dienos arba pateikti \u012frodym\u0105, kad per t\u0105 laikotarp\u012f jas perdav\u0117 ve\u017e\u0117jui.<br><br>Internetin\u0117 parduotuv\u0117, gavusi gr\u0105\u017einamas prekes, gr\u0105\u017eins pirk\u0117jui pinigus per kaip \u012fmanoma greitesn\u012f laik\u0105, bet ne v\u0117liau kaip per 14 dien\u0173 nuo sutarties atsisakymo gavimo. Internetin\u0117 parduotuv\u0117 gali atsisakyti gr\u0105\u017einti pinigus, kol negavo sutartyje numatyt\u0173 preki\u0173 arba kol pirk\u0117jas nepateiks \u012frodym\u0173, kad gr\u0105\u017eino prekes, atsi\u017evelgiant \u012f tai, kas \u012fvyks anks\u010diau.<br><br>Jeigu pirk\u0117jas ai\u0161kiai pasirinko kit\u0105 nei internetin\u0117s parduotuv\u0117s si\u016blom\u0105 pigiausi\u0105 pristatymo b\u016bd\u0105, Internetin\u0117 parduotuv\u0117 neprivalo vartotojui atlyginti i\u0161laidas, vir\u0161ijan\u010dias \u012fprasto pristatymo b\u016bdo kain\u0105. Internetin\u0117 parduotuv\u0117 turi teis\u0119 atsisakyti pardavimo ir pareikalauti i\u0161 pirk\u0117jo gr\u0105\u017einti prek\u0119, jeigu prek\u0117s kaina Internetin\u0117je parduotuv\u0117je d\u0117l klaidos yra \u017eenkliai ma\u017eesn\u0117 nei prek\u0117s kaina rinkoje.<br><br><b>Teis\u0117 pateikti skund\u0105<\/b><br><br>Internetin\u0117 parduotuv\u0117 atsako u\u017e pirk\u0117jui parduot\u0173 preki\u0173 neatitikim\u0105 ar defekt\u0105, kuris jau egzistavo pristatymo momentu. Nusta\u010dius defekt\u0105, pirk\u0117jas turi teis\u0119 ne v\u0117liau kaip per 14 dien\u0173 kreiptis \u012f Internetin\u0119 parduotuv\u0119, atsi\u0173sdamas el. lai\u0161k\u0105 adresu info@hotta.eu.<br><br>Internetin\u0117 parduotuv\u0117 neatsako u\u017e defektus, atsiradusius po to, kai prek\u0117 buvo pristatyta pirk\u0117jui. Jeigu Internetin\u0117je parduotuv\u0117je \u012fsigytos prek\u0117s turi defekt\u0173, u\u017e kuriuos atsakinga Internetin\u0117 parduotuv\u0117, Internetin\u0117 parduotuv\u0117 nekokybi\u0161kas prekes pataisys arba pakeis kitomis. Jeigu prek\u0117s pataisyti ar pakeisti n\u0117ra galimyb\u0117s, Internetin\u0117 parduotuv\u0117 gr\u0105\u017eins pirk\u0117jui visus su pirkimo-pardavimo sutartimi susijusius mokes\u010dius.<br><br>Internetin\u0117 parduotuv\u0117 \u012f vartotojo skund\u0105 atsakys ra\u0161tu arba ra\u0161tu atgaminamu formatu per 14 dien\u0173.<br><br><b>Tiesiogin\u0117 rinkodara ir asmens duomen\u0173 tvarkymas<\/b><br><br>Internetin\u0117 parduotuv\u0117 pirk\u0117jo \u012fvestus asmens duomenis (\u012fskaitant vard\u0105, pavard\u0119, telefono numer\u012f, adres\u0105, el. pa\u0161to adres\u0105, banko rekvizitus) naudoja tik u\u017esakymo apdorojimui ir preki\u0173 i\u0161siuntimui pirk\u0117jui.<br><br>Internetin\u0117 parduotuv\u0117 perduoda asmens duomenis preki\u0173 pristatymo \u012fmon\u0117ms, kad gal\u0117t\u0173 pristatyti prekes. Internetin\u0117 parduotuv\u0117 siun\u010dia naujienlai\u0161kius ir pasi\u016blymus \u012f pirk\u0117jo elektronin\u012f pa\u0161t\u0105 tik tuo atveju, jei pirk\u0117jas parei\u0161k\u0117 nor\u0105 juos gauti, \u012fvesdamas savo elektroninio pa\u0161to adres\u0105 svetain\u0117je ir nurodydamas nor\u0105 gauti tiesioginius pa\u0161to prane\u0161imus. Pirk\u0117jas gali bet kada atsisakyti pasi\u016blym\u0173 ir naujienlai\u0161ki\u0173 gavimo el. pa\u0161tu, prane\u0161damas mums el. pa\u0161tu arba vadovaudamasis instrukcijomis gaunamuose el. lai\u0161kuose.<br><br><b>Gin\u010d\u0173 sprendimas<\/b><br><br>Jei pirk\u0117jas turi nusiskundim\u0173 d\u0117l Internetin\u0117s parduotuv\u0117s, juos tur\u0117t\u0173 si\u0173sti el. pa\u0161tu info@hotta.eu.<br><br>Jeigu Pirk\u0117jas ir Internetin\u0117 parduotuv\u0117 negali i\u0161spr\u0119sti gin\u010do susitardami, pirk\u0117jas gali kreiptis \u012f Vartotoj\u0173 gin\u010d\u0173 komisij\u0105. Vartotoj\u0173 gin\u010d\u0173 komisija yra kompetentinga spr\u0119sti gin\u010dus, kylan\u010dius i\u0161 tarp pirk\u0117jo ir internetin\u0117s parduotuv\u0117s sudarytos sutarties. Pirk\u0117jo skund\u0105 Komisija nagrin\u0117ja nemokamai. Pirk\u0117jas gali kreiptis \u012f Europos S\u0105jungos vartotoj\u0173 gin\u010d\u0173 sprendimo platform\u0105.<\/h2>\t\t<\/div>\n\t\t\t\t<\/div>\n\t\t\t\t\t<\/div>\n\t\t\t\t<\/div>\n\t\t\t\t<\/div>\n\t\t","protected":false},"excerpt":{"rendered":"<p>Internetin\u0117s parduotuv\u0117s \u201eHotta\u201c (toliau \u2013 Internetin\u0117 parduotuv\u0117) savininkas yra \u201eSellinor O\u00dc\u201c (registracijos numeris 14547877). \u201eSellinor O\u00dc\u201c neatsako u\u017e&hellip;<\/p>\n","protected":false},"author":1,"featured_media":0,"parent":0,"menu_order":0,"comment_status":"closed","ping_status":"closed","template":"elementor_header_footer","meta":{"footnotes":""},"class_list":["post-18712","page","type-page","status-publish","hentry"],"yoast_head":"<!-- This site is optimized with the Yoast SEO plugin v27.3 - https:\/\/yoast.com\/product\/yoast-seo-wordpress\/ -->\n<title>Pardavimo s\u0105lygos - Hotta<\/title>\n<meta name=\"robots\" content=\"index, follow, max-snippet:-1, max-image-preview:large, max-video-preview:-1\" \/>\n<link rel=\"canonical\" href=\"https:\/\/hotta.eu\/lt\/pardavimo-salygos\/\" \/>\n<meta property=\"og:locale\" content=\"lt_LT\" \/>\n<meta property=\"og:type\" content=\"article\" \/>\n<meta property=\"og:title\" content=\"Pardavimo s\u0105lygos - Hotta\" \/>\n<meta property=\"og:description\" content=\"Internetin\u0117s parduotuv\u0117s \u201eHotta\u201c (toliau \u2013 Internetin\u0117 parduotuv\u0117) savininkas yra \u201eSellinor O\u00dc\u201c (registracijos numeris 14547877). \u201eSellinor O\u00dc\u201c neatsako u\u017e&hellip;\" \/>\n<meta property=\"og:url\" content=\"https:\/\/hotta.eu\/lt\/pardavimo-salygos\/\" \/>\n<meta property=\"og:site_name\" content=\"Hotta\" \/>\n<meta property=\"article:publisher\" content=\"https:\/\/www.facebook.com\/hotta.eu\" \/>\n<meta property=\"article:modified_time\" content=\"2025-03-14T14:57:39+00:00\" \/>\n<meta property=\"og:image\" content=\"https:\/\/hotta.eu\/wp-content\/uploads\/2024\/04\/hotta-social-placeholder-1530x1224.png\" \/>\n\t<meta property=\"og:image:width\" content=\"1530\" \/>\n\t<meta property=\"og:image:height\" content=\"1224\" \/>\n\t<meta property=\"og:image:type\" content=\"image\/png\" \/>\n<meta name=\"twitter:card\" content=\"summary_large_image\" \/>\n<meta name=\"twitter:site\" content=\"@hottashop\" \/>\n<meta name=\"twitter:label1\" content=\"Est. reading time\" \/>\n\t<meta name=\"twitter:data1\" content=\"8 minutes\" \/>\n<script type=\"application\/ld+json\" class=\"yoast-schema-graph\">{\"@context\":\"https:\\\/\\\/schema.org\",\"@graph\":[{\"@type\":\"WebPage\",\"@id\":\"https:\\\/\\\/hotta.eu\\\/lt\\\/pardavimo-salygos\\\/\",\"url\":\"https:\\\/\\\/hotta.eu\\\/lt\\\/pardavimo-salygos\\\/\",\"name\":\"Pardavimo s\u0105lygos - Hotta\",\"isPartOf\":{\"@id\":\"https:\\\/\\\/hotta.eu\\\/lt\\\/#website\"},\"datePublished\":\"2024-01-06T03:35:37+00:00\",\"dateModified\":\"2025-03-14T14:57:39+00:00\",\"breadcrumb\":{\"@id\":\"https:\\\/\\\/hotta.eu\\\/lt\\\/pardavimo-salygos\\\/#breadcrumb\"},\"inLanguage\":\"lt-LT\",\"potentialAction\":[{\"@type\":\"ReadAction\",\"target\":[\"https:\\\/\\\/hotta.eu\\\/lt\\\/pardavimo-salygos\\\/\"]}]},{\"@type\":\"BreadcrumbList\",\"@id\":\"https:\\\/\\\/hotta.eu\\\/lt\\\/pardavimo-salygos\\\/#breadcrumb\",\"itemListElement\":[{\"@type\":\"ListItem\",\"position\":1,\"name\":\"Prad\u017eia\",\"item\":\"https:\\\/\\\/hotta.eu\\\/lt\\\/pradzia\\\/\"},{\"@type\":\"ListItem\",\"position\":2,\"name\":\"Pardavimo s\u0105lygos\"}]},{\"@type\":\"WebSite\",\"@id\":\"https:\\\/\\\/hotta.eu\\\/lt\\\/#website\",\"url\":\"https:\\\/\\\/hotta.eu\\\/lt\\\/\",\"name\":\"Hotta\",\"description\":\"Makes your mouth burn a lotta!\",\"publisher\":{\"@id\":\"https:\\\/\\\/hotta.eu\\\/lt\\\/#organization\"},\"potentialAction\":[{\"@type\":\"SearchAction\",\"target\":{\"@type\":\"EntryPoint\",\"urlTemplate\":\"https:\\\/\\\/hotta.eu\\\/lt\\\/?s={search_term_string}\"},\"query-input\":{\"@type\":\"PropertyValueSpecification\",\"valueRequired\":true,\"valueName\":\"search_term_string\"}}],\"inLanguage\":\"lt-LT\"},{\"@type\":\"Organization\",\"@id\":\"https:\\\/\\\/hotta.eu\\\/lt\\\/#organization\",\"name\":\"Hotta\",\"url\":\"https:\\\/\\\/hotta.eu\\\/lt\\\/\",\"logo\":{\"@type\":\"ImageObject\",\"inLanguage\":\"lt-LT\",\"@id\":\"https:\\\/\\\/hotta.eu\\\/lt\\\/#\\\/schema\\\/logo\\\/image\\\/\",\"url\":\"https:\\\/\\\/hotta.eu\\\/wp-content\\\/uploads\\\/2025\\\/04\\\/hotta-logo-invoice.png\",\"contentUrl\":\"https:\\\/\\\/hotta.eu\\\/wp-content\\\/uploads\\\/2025\\\/04\\\/hotta-logo-invoice.png\",\"width\":600,\"height\":411,\"caption\":\"Hotta\"},\"image\":{\"@id\":\"https:\\\/\\\/hotta.eu\\\/lt\\\/#\\\/schema\\\/logo\\\/image\\\/\"},\"sameAs\":[\"https:\\\/\\\/www.facebook.com\\\/hotta.eu\",\"https:\\\/\\\/x.com\\\/hottashop\",\"https:\\\/\\\/www.instagram.com\\\/hotta.shop\"]}]}<\/script>\n<!-- \/ Yoast SEO plugin. -->","yoast_head_json":{"title":"Pardavimo s\u0105lygos - Hotta","robots":{"index":"index","follow":"follow","max-snippet":"max-snippet:-1","max-image-preview":"max-image-preview:large","max-video-preview":"max-video-preview:-1"},"canonical":"https:\/\/hotta.eu\/lt\/pardavimo-salygos\/","og_locale":"lt_LT","og_type":"article","og_title":"Pardavimo s\u0105lygos - Hotta","og_description":"Internetin\u0117s parduotuv\u0117s \u201eHotta\u201c (toliau \u2013 Internetin\u0117 parduotuv\u0117) savininkas yra \u201eSellinor O\u00dc\u201c (registracijos numeris 14547877). \u201eSellinor O\u00dc\u201c neatsako u\u017e&hellip;","og_url":"https:\/\/hotta.eu\/lt\/pardavimo-salygos\/","og_site_name":"Hotta","article_publisher":"https:\/\/www.facebook.com\/hotta.eu","article_modified_time":"2025-03-14T14:57:39+00:00","og_image":[{"width":1530,"height":1224,"url":"https:\/\/hotta.eu\/wp-content\/uploads\/2024\/04\/hotta-social-placeholder-1530x1224.png","type":"image\/png"}],"twitter_card":"summary_large_image","twitter_site":"@hottashop","twitter_misc":{"Est. reading time":"8 minutes"},"schema":{"@context":"https:\/\/schema.org","@graph":[{"@type":"WebPage","@id":"https:\/\/hotta.eu\/lt\/pardavimo-salygos\/","url":"https:\/\/hotta.eu\/lt\/pardavimo-salygos\/","name":"Pardavimo s\u0105lygos - Hotta","isPartOf":{"@id":"https:\/\/hotta.eu\/lt\/#website"},"datePublished":"2024-01-06T03:35:37+00:00","dateModified":"2025-03-14T14:57:39+00:00","breadcrumb":{"@id":"https:\/\/hotta.eu\/lt\/pardavimo-salygos\/#breadcrumb"},"inLanguage":"lt-LT","potentialAction":[{"@type":"ReadAction","target":["https:\/\/hotta.eu\/lt\/pardavimo-salygos\/"]}]},{"@type":"BreadcrumbList","@id":"https:\/\/hotta.eu\/lt\/pardavimo-salygos\/#breadcrumb","itemListElement":[{"@type":"ListItem","position":1,"name":"Prad\u017eia","item":"https:\/\/hotta.eu\/lt\/pradzia\/"},{"@type":"ListItem","position":2,"name":"Pardavimo s\u0105lygos"}]},{"@type":"WebSite","@id":"https:\/\/hotta.eu\/lt\/#website","url":"https:\/\/hotta.eu\/lt\/","name":"Hotta","description":"Makes your mouth burn a lotta!","publisher":{"@id":"https:\/\/hotta.eu\/lt\/#organization"},"potentialAction":[{"@type":"SearchAction","target":{"@type":"EntryPoint","urlTemplate":"https:\/\/hotta.eu\/lt\/?s={search_term_string}"},"query-input":{"@type":"PropertyValueSpecification","valueRequired":true,"valueName":"search_term_string"}}],"inLanguage":"lt-LT"},{"@type":"Organization","@id":"https:\/\/hotta.eu\/lt\/#organization","name":"Hotta","url":"https:\/\/hotta.eu\/lt\/","logo":{"@type":"ImageObject","inLanguage":"lt-LT","@id":"https:\/\/hotta.eu\/lt\/#\/schema\/logo\/image\/","url":"https:\/\/hotta.eu\/wp-content\/uploads\/2025\/04\/hotta-logo-invoice.png","contentUrl":"https:\/\/hotta.eu\/wp-content\/uploads\/2025\/04\/hotta-logo-invoice.png","width":600,"height":411,"caption":"Hotta"},"image":{"@id":"https:\/\/hotta.eu\/lt\/#\/schema\/logo\/image\/"},"sameAs":["https:\/\/www.facebook.com\/hotta.eu","https:\/\/x.com\/hottashop","https:\/\/www.instagram.com\/hotta.shop"]}]}},"jetpack_sharing_enabled":true,"_links":{"self":[{"href":"https:\/\/hotta.eu\/lt\/wp-json\/wp\/v2\/pages\/18712","targetHints":{"allow":["GET"]}}],"collection":[{"href":"https:\/\/hotta.eu\/lt\/wp-json\/wp\/v2\/pages"}],"about":[{"href":"https:\/\/hotta.eu\/lt\/wp-json\/wp\/v2\/types\/page"}],"author":[{"embeddable":true,"href":"https:\/\/hotta.eu\/lt\/wp-json\/wp\/v2\/users\/1"}],"replies":[{"embeddable":true,"href":"https:\/\/hotta.eu\/lt\/wp-json\/wp\/v2\/comments?post=18712"}],"version-history":[{"count":3,"href":"https:\/\/hotta.eu\/lt\/wp-json\/wp\/v2\/pages\/18712\/revisions"}],"predecessor-version":[{"id":22561,"href":"https:\/\/hotta.eu\/lt\/wp-json\/wp\/v2\/pages\/18712\/revisions\/22561"}],"wp:attachment":[{"href":"https:\/\/hotta.eu\/lt\/wp-json\/wp\/v2\/media?parent=18712"}],"curies":[{"name":"wp","href":"https:\/\/api.w.org\/{rel}","templated":true}]}}