{"id":18739,"date":"2021-10-21T20:05:36","date_gmt":"2021-10-21T18:05:36","guid":{"rendered":"https:\/\/hotta.eu\/shop\/juosteles-su-kalkemis-habaneros\/"},"modified":"2026-01-15T18:24:41","modified_gmt":"2026-01-15T16:24:41","slug":"strips-limed-habaneros","status":"publish","type":"product","link":"https:\/\/hotta.eu\/lt\/shop\/strips-limed-habaneros\/","title":{"rendered":"Strips Limed Habaneros"},"content":{"rendered":"<p><strong>Sudedamosios dalys<\/strong><br \/>\n86% i\u0161r\u016bg\u0173 milt\u0173, raps\u0173 aliejus, j\u016bros druska, r\u016bkyta jalapeno aitri\u0173j\u0173 paprik\u0173 kvapioji med\u017eiaga 1,4%, habanero aitri\u0173j\u0173 paprik\u0173 kvapioji med\u017eiaga 1,3%, cukrus, morkos, \u010desnakai, svog\u016bnai, pastarnokai, petra\u017eol\u0117s, prieskoni\u0173 mi\u0161inys, mieli\u0173 ekstraktas.<\/p>\n<p><strong>Mitybos duomenys (100 g)<br \/>\n<\/strong> Energin\u0117 vert\u0117 514 kcal, riebal\u0173 16 g, i\u0161 kuri\u0173 1,51 g so\u010di\u0173j\u0173 riebal\u0173 r\u016bg\u0161\u010di\u0173, angliavandeni\u0173 46,2 g, i\u0161 kuri\u0173 4,1 g cukr\u0173, druskos 3,7 g.<\/p>\n<p><strong>Galiojimo laikas ir laikymas<br \/>\n<\/strong>Ant pakuot\u0117s nurodytas galiojimo laikas galioja neatidarytam produktui. Laikykite sausoje ir v\u0117sioje vietoje.<\/p>\n","protected":false},"excerpt":{"rendered":"<p>&#8220;Hot Chip&#8221; laimo ir azanero skonio aitriosios paprikos juostel\u0117s gaminamos i\u0161 ank\u0161tini\u0173 dar\u017eovi\u0173. Vidutinio a\u0161trumo baltym\u0173 turtingas u\u017ekandis, sveikesnis bulvi\u0173 tra\u0161ku\u010di\u0173 pakaitalas. Beveik 13g baltym\u0173 vienoje pakuot\u0117je! <b><\/b><br \/>\n[ywcwtl_form product_id=\"\"]<\/p>\n","protected":false},"featured_media":17690,"comment_status":"open","ping_status":"closed","template":"","meta":[],"product_cat":[939],"product_tag":[],"giftcard-category":[],"class_list":{"0":"post-18739","1":"product","2":"type-product","3":"status-publish","4":"has-post-thumbnail","6":"product_cat-uzkandziai","7":"pa_brand-hot-chip","9":"first","10":"outofstock","11":"sale","12":"taxable","13":"shipping-taxable","14":"purchasable","15":"product-type-simple"},"yoast_head":"<!-- This site is optimized with the Yoast SEO plugin v27.3 - https:\/\/yoast.com\/product\/yoast-seo-wordpress\/ -->\n<title>Strips Limed Habaneros - Hotta<\/title>\n<meta name=\"description\" content=\"&quot;Hot Chip&quot; laimo ir azanero skonio aitriosios paprikos juostel\u0117s gaminamos i\u0161 ank\u0161tini\u0173 dar\u017eovi\u0173. Vidutinio a\u0161trumo baltym\u0173 turtingas u\u017ekandis, sveikesnis bulvi\u0173 tra\u0161ku\u010di\u0173 pakaitalas.\" \/>\n<meta name=\"robots\" content=\"index, follow, max-snippet:-1, max-image-preview:large, max-video-preview:-1\" \/>\n<link rel=\"canonical\" href=\"https:\/\/hotta.eu\/lt\/shop\/strips-limed-habaneros\/\" \/>\n<meta property=\"og:locale\" content=\"lt_LT\" \/>\n<meta property=\"og:type\" content=\"article\" \/>\n<meta property=\"og:title\" content=\"Strips Limed Habaneros - Hotta\" \/>\n<meta property=\"og:description\" content=\"&quot;Hot Chip&quot; laimo ir azanero skonio aitriosios paprikos juostel\u0117s gaminamos i\u0161 ank\u0161tini\u0173 dar\u017eovi\u0173. Vidutinio a\u0161trumo baltym\u0173 turtingas u\u017ekandis, sveikesnis bulvi\u0173 tra\u0161ku\u010di\u0173 pakaitalas.\" \/>\n<meta property=\"og:url\" content=\"https:\/\/hotta.eu\/lt\/shop\/strips-limed-habaneros\/\" \/>\n<meta property=\"og:site_name\" content=\"Hotta\" \/>\n<meta property=\"article:publisher\" content=\"https:\/\/www.facebook.com\/hotta.eu\" \/>\n<meta property=\"article:modified_time\" content=\"2026-01-15T16:24:41+00:00\" \/>\n<meta property=\"og:image\" content=\"https:\/\/hotta.eu\/wp-content\/uploads\/2021\/10\/464953736dd8f6faff720d5542e9aad0.jpg\" \/>\n\t<meta property=\"og:image:width\" content=\"800\" \/>\n\t<meta property=\"og:image:height\" content=\"800\" \/>\n\t<meta property=\"og:image:type\" content=\"image\/jpeg\" \/>\n<meta name=\"twitter:card\" content=\"summary_large_image\" \/>\n<meta name=\"twitter:site\" content=\"@hottashop\" \/>\n<meta name=\"twitter:label1\" content=\"Est. reading time\" \/>\n\t<meta name=\"twitter:data1\" content=\"1 minute\" \/>\n<script type=\"application\/ld+json\" class=\"yoast-schema-graph\">{\"@context\":\"https:\\\/\\\/schema.org\",\"@graph\":[{\"@type\":\"WebPage\",\"@id\":\"https:\\\/\\\/hotta.eu\\\/lt\\\/shop\\\/strips-limed-habaneros\\\/\",\"url\":\"https:\\\/\\\/hotta.eu\\\/lt\\\/shop\\\/strips-limed-habaneros\\\/\",\"name\":\"Strips Limed Habaneros - Hotta\",\"isPartOf\":{\"@id\":\"https:\\\/\\\/hotta.eu\\\/lt\\\/#website\"},\"primaryImageOfPage\":{\"@id\":\"https:\\\/\\\/hotta.eu\\\/lt\\\/shop\\\/strips-limed-habaneros\\\/#primaryimage\"},\"image\":{\"@id\":\"https:\\\/\\\/hotta.eu\\\/lt\\\/shop\\\/strips-limed-habaneros\\\/#primaryimage\"},\"thumbnailUrl\":\"https:\\\/\\\/hotta.eu\\\/wp-content\\\/uploads\\\/2021\\\/10\\\/464953736dd8f6faff720d5542e9aad0.jpg\",\"datePublished\":\"2021-10-21T18:05:36+00:00\",\"dateModified\":\"2026-01-15T16:24:41+00:00\",\"description\":\"\\\"Hot Chip\\\" laimo ir azanero skonio aitriosios paprikos juostel\u0117s gaminamos i\u0161 ank\u0161tini\u0173 dar\u017eovi\u0173. Vidutinio a\u0161trumo baltym\u0173 turtingas u\u017ekandis, sveikesnis bulvi\u0173 tra\u0161ku\u010di\u0173 pakaitalas.\",\"breadcrumb\":{\"@id\":\"https:\\\/\\\/hotta.eu\\\/lt\\\/shop\\\/strips-limed-habaneros\\\/#breadcrumb\"},\"inLanguage\":\"lt-LT\",\"potentialAction\":[{\"@type\":\"ReadAction\",\"target\":[\"https:\\\/\\\/hotta.eu\\\/lt\\\/shop\\\/strips-limed-habaneros\\\/\"]}]},{\"@type\":\"ImageObject\",\"inLanguage\":\"lt-LT\",\"@id\":\"https:\\\/\\\/hotta.eu\\\/lt\\\/shop\\\/strips-limed-habaneros\\\/#primaryimage\",\"url\":\"https:\\\/\\\/hotta.eu\\\/wp-content\\\/uploads\\\/2021\\\/10\\\/464953736dd8f6faff720d5542e9aad0.jpg\",\"contentUrl\":\"https:\\\/\\\/hotta.eu\\\/wp-content\\\/uploads\\\/2021\\\/10\\\/464953736dd8f6faff720d5542e9aad0.jpg\",\"width\":800,\"height\":800},{\"@type\":\"BreadcrumbList\",\"@id\":\"https:\\\/\\\/hotta.eu\\\/lt\\\/shop\\\/strips-limed-habaneros\\\/#breadcrumb\",\"itemListElement\":[{\"@type\":\"ListItem\",\"position\":1,\"name\":\"Prad\u017eia\",\"item\":\"https:\\\/\\\/hotta.eu\\\/lt\\\/pradzia\\\/\"},{\"@type\":\"ListItem\",\"position\":2,\"name\":\"Parduotuv\u0117\",\"item\":\"https:\\\/\\\/hotta.eu\\\/shop\\\/\"},{\"@type\":\"ListItem\",\"position\":3,\"name\":\"Strips Limed Habaneros\"}]},{\"@type\":\"WebSite\",\"@id\":\"https:\\\/\\\/hotta.eu\\\/lt\\\/#website\",\"url\":\"https:\\\/\\\/hotta.eu\\\/lt\\\/\",\"name\":\"Hotta\",\"description\":\"Makes your mouth burn a lotta!\",\"publisher\":{\"@id\":\"https:\\\/\\\/hotta.eu\\\/lt\\\/#organization\"},\"potentialAction\":[{\"@type\":\"SearchAction\",\"target\":{\"@type\":\"EntryPoint\",\"urlTemplate\":\"https:\\\/\\\/hotta.eu\\\/lt\\\/?s={search_term_string}\"},\"query-input\":{\"@type\":\"PropertyValueSpecification\",\"valueRequired\":true,\"valueName\":\"search_term_string\"}}],\"inLanguage\":\"lt-LT\"},{\"@type\":\"Organization\",\"@id\":\"https:\\\/\\\/hotta.eu\\\/lt\\\/#organization\",\"name\":\"Hotta\",\"url\":\"https:\\\/\\\/hotta.eu\\\/lt\\\/\",\"logo\":{\"@type\":\"ImageObject\",\"inLanguage\":\"lt-LT\",\"@id\":\"https:\\\/\\\/hotta.eu\\\/lt\\\/#\\\/schema\\\/logo\\\/image\\\/\",\"url\":\"https:\\\/\\\/hotta.eu\\\/wp-content\\\/uploads\\\/2025\\\/04\\\/hotta-logo-invoice.png\",\"contentUrl\":\"https:\\\/\\\/hotta.eu\\\/wp-content\\\/uploads\\\/2025\\\/04\\\/hotta-logo-invoice.png\",\"width\":600,\"height\":411,\"caption\":\"Hotta\"},\"image\":{\"@id\":\"https:\\\/\\\/hotta.eu\\\/lt\\\/#\\\/schema\\\/logo\\\/image\\\/\"},\"sameAs\":[\"https:\\\/\\\/www.facebook.com\\\/hotta.eu\",\"https:\\\/\\\/x.com\\\/hottashop\",\"https:\\\/\\\/www.instagram.com\\\/hotta.shop\"]}]}<\/script>\n<!-- \/ Yoast SEO plugin. -->","yoast_head_json":{"title":"Strips Limed Habaneros - Hotta","description":"\"Hot Chip\" laimo ir azanero skonio aitriosios paprikos juostel\u0117s gaminamos i\u0161 ank\u0161tini\u0173 dar\u017eovi\u0173. Vidutinio a\u0161trumo baltym\u0173 turtingas u\u017ekandis, sveikesnis bulvi\u0173 tra\u0161ku\u010di\u0173 pakaitalas.","robots":{"index":"index","follow":"follow","max-snippet":"max-snippet:-1","max-image-preview":"max-image-preview:large","max-video-preview":"max-video-preview:-1"},"canonical":"https:\/\/hotta.eu\/lt\/shop\/strips-limed-habaneros\/","og_locale":"lt_LT","og_type":"article","og_title":"Strips Limed Habaneros - Hotta","og_description":"\"Hot Chip\" laimo ir azanero skonio aitriosios paprikos juostel\u0117s gaminamos i\u0161 ank\u0161tini\u0173 dar\u017eovi\u0173. Vidutinio a\u0161trumo baltym\u0173 turtingas u\u017ekandis, sveikesnis bulvi\u0173 tra\u0161ku\u010di\u0173 pakaitalas.","og_url":"https:\/\/hotta.eu\/lt\/shop\/strips-limed-habaneros\/","og_site_name":"Hotta","article_publisher":"https:\/\/www.facebook.com\/hotta.eu","article_modified_time":"2026-01-15T16:24:41+00:00","og_image":[{"width":800,"height":800,"url":"https:\/\/hotta.eu\/wp-content\/uploads\/2021\/10\/464953736dd8f6faff720d5542e9aad0.jpg","type":"image\/jpeg"}],"twitter_card":"summary_large_image","twitter_site":"@hottashop","twitter_misc":{"Est. reading time":"1 minute"},"schema":{"@context":"https:\/\/schema.org","@graph":[{"@type":"WebPage","@id":"https:\/\/hotta.eu\/lt\/shop\/strips-limed-habaneros\/","url":"https:\/\/hotta.eu\/lt\/shop\/strips-limed-habaneros\/","name":"Strips Limed Habaneros - Hotta","isPartOf":{"@id":"https:\/\/hotta.eu\/lt\/#website"},"primaryImageOfPage":{"@id":"https:\/\/hotta.eu\/lt\/shop\/strips-limed-habaneros\/#primaryimage"},"image":{"@id":"https:\/\/hotta.eu\/lt\/shop\/strips-limed-habaneros\/#primaryimage"},"thumbnailUrl":"https:\/\/hotta.eu\/wp-content\/uploads\/2021\/10\/464953736dd8f6faff720d5542e9aad0.jpg","datePublished":"2021-10-21T18:05:36+00:00","dateModified":"2026-01-15T16:24:41+00:00","description":"\"Hot Chip\" laimo ir azanero skonio aitriosios paprikos juostel\u0117s gaminamos i\u0161 ank\u0161tini\u0173 dar\u017eovi\u0173. Vidutinio a\u0161trumo baltym\u0173 turtingas u\u017ekandis, sveikesnis bulvi\u0173 tra\u0161ku\u010di\u0173 pakaitalas.","breadcrumb":{"@id":"https:\/\/hotta.eu\/lt\/shop\/strips-limed-habaneros\/#breadcrumb"},"inLanguage":"lt-LT","potentialAction":[{"@type":"ReadAction","target":["https:\/\/hotta.eu\/lt\/shop\/strips-limed-habaneros\/"]}]},{"@type":"ImageObject","inLanguage":"lt-LT","@id":"https:\/\/hotta.eu\/lt\/shop\/strips-limed-habaneros\/#primaryimage","url":"https:\/\/hotta.eu\/wp-content\/uploads\/2021\/10\/464953736dd8f6faff720d5542e9aad0.jpg","contentUrl":"https:\/\/hotta.eu\/wp-content\/uploads\/2021\/10\/464953736dd8f6faff720d5542e9aad0.jpg","width":800,"height":800},{"@type":"BreadcrumbList","@id":"https:\/\/hotta.eu\/lt\/shop\/strips-limed-habaneros\/#breadcrumb","itemListElement":[{"@type":"ListItem","position":1,"name":"Prad\u017eia","item":"https:\/\/hotta.eu\/lt\/pradzia\/"},{"@type":"ListItem","position":2,"name":"Parduotuv\u0117","item":"https:\/\/hotta.eu\/shop\/"},{"@type":"ListItem","position":3,"name":"Strips Limed Habaneros"}]},{"@type":"WebSite","@id":"https:\/\/hotta.eu\/lt\/#website","url":"https:\/\/hotta.eu\/lt\/","name":"Hotta","description":"Makes your mouth burn a lotta!","publisher":{"@id":"https:\/\/hotta.eu\/lt\/#organization"},"potentialAction":[{"@type":"SearchAction","target":{"@type":"EntryPoint","urlTemplate":"https:\/\/hotta.eu\/lt\/?s={search_term_string}"},"query-input":{"@type":"PropertyValueSpecification","valueRequired":true,"valueName":"search_term_string"}}],"inLanguage":"lt-LT"},{"@type":"Organization","@id":"https:\/\/hotta.eu\/lt\/#organization","name":"Hotta","url":"https:\/\/hotta.eu\/lt\/","logo":{"@type":"ImageObject","inLanguage":"lt-LT","@id":"https:\/\/hotta.eu\/lt\/#\/schema\/logo\/image\/","url":"https:\/\/hotta.eu\/wp-content\/uploads\/2025\/04\/hotta-logo-invoice.png","contentUrl":"https:\/\/hotta.eu\/wp-content\/uploads\/2025\/04\/hotta-logo-invoice.png","width":600,"height":411,"caption":"Hotta"},"image":{"@id":"https:\/\/hotta.eu\/lt\/#\/schema\/logo\/image\/"},"sameAs":["https:\/\/www.facebook.com\/hotta.eu","https:\/\/x.com\/hottashop","https:\/\/www.instagram.com\/hotta.shop"]}]}},"jetpack_sharing_enabled":true,"_links":{"self":[{"href":"https:\/\/hotta.eu\/lt\/wp-json\/wp\/v2\/product\/18739","targetHints":{"allow":["GET"]}}],"collection":[{"href":"https:\/\/hotta.eu\/lt\/wp-json\/wp\/v2\/product"}],"about":[{"href":"https:\/\/hotta.eu\/lt\/wp-json\/wp\/v2\/types\/product"}],"replies":[{"embeddable":true,"href":"https:\/\/hotta.eu\/lt\/wp-json\/wp\/v2\/comments?post=18739"}],"wp:featuredmedia":[{"embeddable":true,"href":"https:\/\/hotta.eu\/lt\/wp-json\/wp\/v2\/media\/17690"}],"wp:attachment":[{"href":"https:\/\/hotta.eu\/lt\/wp-json\/wp\/v2\/media?parent=18739"}],"wp:term":[{"taxonomy":"product_cat","embeddable":true,"href":"https:\/\/hotta.eu\/lt\/wp-json\/wp\/v2\/product_cat?post=18739"},{"taxonomy":"product_tag","embeddable":true,"href":"https:\/\/hotta.eu\/lt\/wp-json\/wp\/v2\/product_tag?post=18739"},{"taxonomy":"giftcard-category","embeddable":true,"href":"https:\/\/hotta.eu\/lt\/wp-json\/wp\/v2\/giftcard-category?post=18739"}],"curies":[{"name":"wp","href":"https:\/\/api.w.org\/{rel}","templated":true}]}}