{"id":18760,"date":"2022-02-05T00:55:40","date_gmt":"2022-02-04T22:55:40","guid":{"rendered":"https:\/\/hotta.eu\/shop\/habanero-dipas\/"},"modified":"2024-12-27T12:41:15","modified_gmt":"2024-12-27T10:41:15","slug":"habanero-dip","status":"publish","type":"product","link":"https:\/\/hotta.eu\/lt\/shop\/habanero-dip\/","title":{"rendered":"Habanero Dip"},"content":{"rendered":"<p><strong>Sud\u0117tis<\/strong><br \/>\nVanduo, 22% pomidor\u0173 pastos, 14% habanero, cukrus, acto r\u016bg\u0161tis, modifikuotas krakmolas, raps\u0173 aliejus, druska, prieskoniai, raudonosios aitriosios paprikos, bazilikai, tamarind\u0173 mink\u0161timas, prieskoniai, petra\u017eol\u0117s.<\/p>\n<p><strong>Maistin\u0117 vert\u0117 (100 g)<br \/>\n<\/strong>Energin\u0117 vert\u0117 120 kcal, riebal\u0173 3,2 g, i\u0161 j\u0173 so\u010di\u0173j\u0173 riebal\u0173 r\u016bg\u0161\u010di\u0173 0,2 g, baltym\u0173 1,5 g, angliavandeni\u0173 20,5 g, i\u0161 j\u0173 cukr\u0173 15 g, druskos 2,2 g. Krakmolas, tamarindas, tamarindas, tamarindas ir sezamo s\u0117klos.<\/p>\n<p><strong>Galiojimo laikas ir laikymas<\/strong><br \/>\nAnt pakuot\u0117s nurodyta galiojimo data taikoma neatidarytam produktui. Atidaryt\u0105 produkt\u0105 reikia laikyti \u0161aldytuve.<\/p>\n","protected":false},"excerpt":{"rendered":"<p>Tra\u0161ku\u010diai n\u0117ra pakankamai a\u0161tr\u016bs? Joki\u0173 problem\u0173! Su &#8220;Pepper King Habanero&#8221; pada\u017eu kiekvien\u0105 u\u017ekand\u012f gal\u0117site paversti itin a\u0161triu. Jei norite dar a\u0161tresnio i\u0161\u0161\u016bkio, i\u0161bandykite su <a href=\"https:\/\/hotta.eu\/product\/pepper-king-habanero-kropsud\/\">&#8220;Pepper King Habanero&#8221; tra\u0161ku\u010diais<\/a>!<br \/>\n[ywcwtl_form product_id=\"\"]<\/p>\n","protected":false},"featured_media":16488,"comment_status":"open","ping_status":"closed","template":"","meta":[],"product_cat":[939],"product_tag":[],"giftcard-category":[],"class_list":{"0":"post-18760","1":"product","2":"type-product","3":"status-publish","4":"has-post-thumbnail","6":"product_cat-uzkandziai","7":"pa_brand-pepper-king","9":"first","10":"outofstock","11":"taxable","12":"shipping-taxable","13":"purchasable","14":"product-type-simple"},"yoast_head":"<!-- This site is optimized with the Yoast SEO plugin v27.4 - https:\/\/yoast.com\/product\/yoast-seo-wordpress\/ -->\n<title>Habanero Dip - Hotta<\/title>\n<meta name=\"description\" content=\"Tra\u0161ku\u010diai n\u0117ra pakankamai a\u0161tr\u016bs? Joki\u0173 problem\u0173! Su &quot;Pepper King Habanero&quot; pada\u017eu kiekvien\u0105 u\u017ekand\u012f gal\u0117site paversti itin a\u0161triu.\" \/>\n<meta name=\"robots\" content=\"index, follow, max-snippet:-1, max-image-preview:large, max-video-preview:-1\" \/>\n<link rel=\"canonical\" href=\"https:\/\/hotta.eu\/lt\/shop\/habanero-dip\/\" \/>\n<meta property=\"og:locale\" content=\"lt_LT\" \/>\n<meta property=\"og:type\" content=\"article\" \/>\n<meta property=\"og:title\" content=\"Habanero Dip - Hotta\" \/>\n<meta property=\"og:description\" content=\"Tra\u0161ku\u010diai n\u0117ra pakankamai a\u0161tr\u016bs? Joki\u0173 problem\u0173! Su &quot;Pepper King Habanero&quot; pada\u017eu kiekvien\u0105 u\u017ekand\u012f gal\u0117site paversti itin a\u0161triu.\" \/>\n<meta property=\"og:url\" content=\"https:\/\/hotta.eu\/lt\/shop\/habanero-dip\/\" \/>\n<meta property=\"og:site_name\" content=\"Hotta\" \/>\n<meta property=\"article:publisher\" content=\"https:\/\/www.facebook.com\/hotta.eu\" \/>\n<meta property=\"article:modified_time\" content=\"2024-12-27T10:41:15+00:00\" \/>\n<meta property=\"og:image\" content=\"https:\/\/hotta.eu\/wp-content\/uploads\/2024\/03\/pepper-king-dip.jpg\" \/>\n\t<meta property=\"og:image:width\" content=\"2000\" \/>\n\t<meta property=\"og:image:height\" content=\"2000\" \/>\n\t<meta property=\"og:image:type\" content=\"image\/jpeg\" \/>\n<meta name=\"twitter:card\" content=\"summary_large_image\" \/>\n<meta name=\"twitter:site\" content=\"@hottashop\" \/>\n<meta name=\"twitter:label1\" content=\"Est. reading time\" \/>\n\t<meta name=\"twitter:data1\" content=\"1 minute\" \/>\n<script type=\"application\/ld+json\" class=\"yoast-schema-graph\">{\"@context\":\"https:\\\/\\\/schema.org\",\"@graph\":[{\"@type\":\"WebPage\",\"@id\":\"https:\\\/\\\/hotta.eu\\\/lt\\\/shop\\\/habanero-dip\\\/\",\"url\":\"https:\\\/\\\/hotta.eu\\\/lt\\\/shop\\\/habanero-dip\\\/\",\"name\":\"Habanero Dip - Hotta\",\"isPartOf\":{\"@id\":\"https:\\\/\\\/hotta.eu\\\/lt\\\/#website\"},\"primaryImageOfPage\":{\"@id\":\"https:\\\/\\\/hotta.eu\\\/lt\\\/shop\\\/habanero-dip\\\/#primaryimage\"},\"image\":{\"@id\":\"https:\\\/\\\/hotta.eu\\\/lt\\\/shop\\\/habanero-dip\\\/#primaryimage\"},\"thumbnailUrl\":\"https:\\\/\\\/hotta.eu\\\/wp-content\\\/uploads\\\/2024\\\/03\\\/pepper-king-dip.jpg\",\"datePublished\":\"2022-02-04T22:55:40+00:00\",\"dateModified\":\"2024-12-27T10:41:15+00:00\",\"description\":\"Tra\u0161ku\u010diai n\u0117ra pakankamai a\u0161tr\u016bs? Joki\u0173 problem\u0173! Su \\\"Pepper King Habanero\\\" pada\u017eu kiekvien\u0105 u\u017ekand\u012f gal\u0117site paversti itin a\u0161triu.\",\"breadcrumb\":{\"@id\":\"https:\\\/\\\/hotta.eu\\\/lt\\\/shop\\\/habanero-dip\\\/#breadcrumb\"},\"inLanguage\":\"lt-LT\",\"potentialAction\":[{\"@type\":\"ReadAction\",\"target\":[\"https:\\\/\\\/hotta.eu\\\/lt\\\/shop\\\/habanero-dip\\\/\"]}]},{\"@type\":\"ImageObject\",\"inLanguage\":\"lt-LT\",\"@id\":\"https:\\\/\\\/hotta.eu\\\/lt\\\/shop\\\/habanero-dip\\\/#primaryimage\",\"url\":\"https:\\\/\\\/hotta.eu\\\/wp-content\\\/uploads\\\/2024\\\/03\\\/pepper-king-dip.jpg\",\"contentUrl\":\"https:\\\/\\\/hotta.eu\\\/wp-content\\\/uploads\\\/2024\\\/03\\\/pepper-king-dip.jpg\",\"width\":2000,\"height\":2000},{\"@type\":\"BreadcrumbList\",\"@id\":\"https:\\\/\\\/hotta.eu\\\/lt\\\/shop\\\/habanero-dip\\\/#breadcrumb\",\"itemListElement\":[{\"@type\":\"ListItem\",\"position\":1,\"name\":\"Prad\u017eia\",\"item\":\"https:\\\/\\\/hotta.eu\\\/lt\\\/pradzia\\\/\"},{\"@type\":\"ListItem\",\"position\":2,\"name\":\"Parduotuv\u0117\",\"item\":\"https:\\\/\\\/hotta.eu\\\/shop\\\/\"},{\"@type\":\"ListItem\",\"position\":3,\"name\":\"Habanero Dip\"}]},{\"@type\":\"WebSite\",\"@id\":\"https:\\\/\\\/hotta.eu\\\/lt\\\/#website\",\"url\":\"https:\\\/\\\/hotta.eu\\\/lt\\\/\",\"name\":\"Hotta\",\"description\":\"Makes your mouth burn a lotta!\",\"publisher\":{\"@id\":\"https:\\\/\\\/hotta.eu\\\/lt\\\/#organization\"},\"potentialAction\":[{\"@type\":\"SearchAction\",\"target\":{\"@type\":\"EntryPoint\",\"urlTemplate\":\"https:\\\/\\\/hotta.eu\\\/lt\\\/?s={search_term_string}\"},\"query-input\":{\"@type\":\"PropertyValueSpecification\",\"valueRequired\":true,\"valueName\":\"search_term_string\"}}],\"inLanguage\":\"lt-LT\"},{\"@type\":\"Organization\",\"@id\":\"https:\\\/\\\/hotta.eu\\\/lt\\\/#organization\",\"name\":\"Hotta\",\"url\":\"https:\\\/\\\/hotta.eu\\\/lt\\\/\",\"logo\":{\"@type\":\"ImageObject\",\"inLanguage\":\"lt-LT\",\"@id\":\"https:\\\/\\\/hotta.eu\\\/lt\\\/#\\\/schema\\\/logo\\\/image\\\/\",\"url\":\"https:\\\/\\\/hotta.eu\\\/wp-content\\\/uploads\\\/2025\\\/04\\\/hotta-logo-invoice.png\",\"contentUrl\":\"https:\\\/\\\/hotta.eu\\\/wp-content\\\/uploads\\\/2025\\\/04\\\/hotta-logo-invoice.png\",\"width\":600,\"height\":411,\"caption\":\"Hotta\"},\"image\":{\"@id\":\"https:\\\/\\\/hotta.eu\\\/lt\\\/#\\\/schema\\\/logo\\\/image\\\/\"},\"sameAs\":[\"https:\\\/\\\/www.facebook.com\\\/hotta.eu\",\"https:\\\/\\\/x.com\\\/hottashop\",\"https:\\\/\\\/www.instagram.com\\\/hotta.shop\"]}]}<\/script>\n<!-- \/ Yoast SEO plugin. -->","yoast_head_json":{"title":"Habanero Dip - Hotta","description":"Tra\u0161ku\u010diai n\u0117ra pakankamai a\u0161tr\u016bs? Joki\u0173 problem\u0173! Su \"Pepper King Habanero\" pada\u017eu kiekvien\u0105 u\u017ekand\u012f gal\u0117site paversti itin a\u0161triu.","robots":{"index":"index","follow":"follow","max-snippet":"max-snippet:-1","max-image-preview":"max-image-preview:large","max-video-preview":"max-video-preview:-1"},"canonical":"https:\/\/hotta.eu\/lt\/shop\/habanero-dip\/","og_locale":"lt_LT","og_type":"article","og_title":"Habanero Dip - Hotta","og_description":"Tra\u0161ku\u010diai n\u0117ra pakankamai a\u0161tr\u016bs? Joki\u0173 problem\u0173! Su \"Pepper King Habanero\" pada\u017eu kiekvien\u0105 u\u017ekand\u012f gal\u0117site paversti itin a\u0161triu.","og_url":"https:\/\/hotta.eu\/lt\/shop\/habanero-dip\/","og_site_name":"Hotta","article_publisher":"https:\/\/www.facebook.com\/hotta.eu","article_modified_time":"2024-12-27T10:41:15+00:00","og_image":[{"width":2000,"height":2000,"url":"https:\/\/hotta.eu\/wp-content\/uploads\/2024\/03\/pepper-king-dip.jpg","type":"image\/jpeg"}],"twitter_card":"summary_large_image","twitter_site":"@hottashop","twitter_misc":{"Est. reading time":"1 minute"},"schema":{"@context":"https:\/\/schema.org","@graph":[{"@type":"WebPage","@id":"https:\/\/hotta.eu\/lt\/shop\/habanero-dip\/","url":"https:\/\/hotta.eu\/lt\/shop\/habanero-dip\/","name":"Habanero Dip - Hotta","isPartOf":{"@id":"https:\/\/hotta.eu\/lt\/#website"},"primaryImageOfPage":{"@id":"https:\/\/hotta.eu\/lt\/shop\/habanero-dip\/#primaryimage"},"image":{"@id":"https:\/\/hotta.eu\/lt\/shop\/habanero-dip\/#primaryimage"},"thumbnailUrl":"https:\/\/hotta.eu\/wp-content\/uploads\/2024\/03\/pepper-king-dip.jpg","datePublished":"2022-02-04T22:55:40+00:00","dateModified":"2024-12-27T10:41:15+00:00","description":"Tra\u0161ku\u010diai n\u0117ra pakankamai a\u0161tr\u016bs? Joki\u0173 problem\u0173! Su \"Pepper King Habanero\" pada\u017eu kiekvien\u0105 u\u017ekand\u012f gal\u0117site paversti itin a\u0161triu.","breadcrumb":{"@id":"https:\/\/hotta.eu\/lt\/shop\/habanero-dip\/#breadcrumb"},"inLanguage":"lt-LT","potentialAction":[{"@type":"ReadAction","target":["https:\/\/hotta.eu\/lt\/shop\/habanero-dip\/"]}]},{"@type":"ImageObject","inLanguage":"lt-LT","@id":"https:\/\/hotta.eu\/lt\/shop\/habanero-dip\/#primaryimage","url":"https:\/\/hotta.eu\/wp-content\/uploads\/2024\/03\/pepper-king-dip.jpg","contentUrl":"https:\/\/hotta.eu\/wp-content\/uploads\/2024\/03\/pepper-king-dip.jpg","width":2000,"height":2000},{"@type":"BreadcrumbList","@id":"https:\/\/hotta.eu\/lt\/shop\/habanero-dip\/#breadcrumb","itemListElement":[{"@type":"ListItem","position":1,"name":"Prad\u017eia","item":"https:\/\/hotta.eu\/lt\/pradzia\/"},{"@type":"ListItem","position":2,"name":"Parduotuv\u0117","item":"https:\/\/hotta.eu\/shop\/"},{"@type":"ListItem","position":3,"name":"Habanero Dip"}]},{"@type":"WebSite","@id":"https:\/\/hotta.eu\/lt\/#website","url":"https:\/\/hotta.eu\/lt\/","name":"Hotta","description":"Makes your mouth burn a lotta!","publisher":{"@id":"https:\/\/hotta.eu\/lt\/#organization"},"potentialAction":[{"@type":"SearchAction","target":{"@type":"EntryPoint","urlTemplate":"https:\/\/hotta.eu\/lt\/?s={search_term_string}"},"query-input":{"@type":"PropertyValueSpecification","valueRequired":true,"valueName":"search_term_string"}}],"inLanguage":"lt-LT"},{"@type":"Organization","@id":"https:\/\/hotta.eu\/lt\/#organization","name":"Hotta","url":"https:\/\/hotta.eu\/lt\/","logo":{"@type":"ImageObject","inLanguage":"lt-LT","@id":"https:\/\/hotta.eu\/lt\/#\/schema\/logo\/image\/","url":"https:\/\/hotta.eu\/wp-content\/uploads\/2025\/04\/hotta-logo-invoice.png","contentUrl":"https:\/\/hotta.eu\/wp-content\/uploads\/2025\/04\/hotta-logo-invoice.png","width":600,"height":411,"caption":"Hotta"},"image":{"@id":"https:\/\/hotta.eu\/lt\/#\/schema\/logo\/image\/"},"sameAs":["https:\/\/www.facebook.com\/hotta.eu","https:\/\/x.com\/hottashop","https:\/\/www.instagram.com\/hotta.shop"]}]}},"jetpack_sharing_enabled":true,"_links":{"self":[{"href":"https:\/\/hotta.eu\/lt\/wp-json\/wp\/v2\/product\/18760","targetHints":{"allow":["GET"]}}],"collection":[{"href":"https:\/\/hotta.eu\/lt\/wp-json\/wp\/v2\/product"}],"about":[{"href":"https:\/\/hotta.eu\/lt\/wp-json\/wp\/v2\/types\/product"}],"replies":[{"embeddable":true,"href":"https:\/\/hotta.eu\/lt\/wp-json\/wp\/v2\/comments?post=18760"}],"wp:featuredmedia":[{"embeddable":true,"href":"https:\/\/hotta.eu\/lt\/wp-json\/wp\/v2\/media\/16488"}],"wp:attachment":[{"href":"https:\/\/hotta.eu\/lt\/wp-json\/wp\/v2\/media?parent=18760"}],"wp:term":[{"taxonomy":"product_cat","embeddable":true,"href":"https:\/\/hotta.eu\/lt\/wp-json\/wp\/v2\/product_cat?post=18760"},{"taxonomy":"product_tag","embeddable":true,"href":"https:\/\/hotta.eu\/lt\/wp-json\/wp\/v2\/product_tag?post=18760"},{"taxonomy":"giftcard-category","embeddable":true,"href":"https:\/\/hotta.eu\/lt\/wp-json\/wp\/v2\/giftcard-category?post=18760"}],"curies":[{"name":"wp","href":"https:\/\/api.w.org\/{rel}","templated":true}]}}