{"id":18807,"date":"2023-02-28T06:19:49","date_gmt":"2023-02-28T04:19:49","guid":{"rendered":"https:\/\/hotta.eu\/shop\/red-scorpion-ugninis-astrus-padazas\/"},"modified":"2024-12-27T12:40:52","modified_gmt":"2024-12-27T10:40:52","slug":"red-scorpion-fiery-hot-sauce","status":"publish","type":"product","link":"https:\/\/hotta.eu\/lt\/shop\/red-scorpion-fiery-hot-sauce\/","title":{"rendered":"Red Scorpion Fiery Hot Sauce"},"content":{"rendered":"<p><strong>Sudedamosios dalys<\/strong><br \/>\nPomidorai, skrudinti pomidorai, pomidor\u0173 sultys, morkos, baltojo vyno actas, aitri\u0173j\u0173 paprik\u0173 pasta &#8220;Scorpion&#8221;, geltonieji svog\u016bnai, cukranendri\u0173 cukrus, j\u016bros druska, \u010desnakai, prieskoniai, geltonosios <strong>garsty\u010dios<\/strong> (distiliuotas actas, <strong>garsty\u010di\u0173 s\u0117klos<\/strong>, druska, ciber\u017eol\u0117, prieskoniai).<\/p>\n<p><strong>Mitybos duomenys (5 g)<br \/>\n<\/strong> Natris 95 mg.<\/p>\n<p><strong>Galiojimas ir saugojimas<\/strong><br \/>\nAnt buteliuko nurodyta galiojimo data galioja neatidarytam produktui. Atidaryt\u0105 produkt\u0105 reikia laikyti \u0161aldytuve.<\/p>\n","protected":false},"excerpt":{"rendered":"<p>&#8220;Secret Aardvark&#8221; asortimentas atnaujintas &#8211; tai &#8220;Red Scorpion&#8221;! A\u0161tresnis nei \u012fprastai &#8220;Aardvark&#8221;, kuris stimuliuoja skonio receptorius d\u016bmin\u0117mis skorpiono aitriosiomis paprikomis. Kepti pomidorai, morkos ir \u010desnakai sudaro gard\u0173 derin\u012f. Norint pasiekti a\u0161trum\u0105, nereikia nuolaid\u017eiauti skoniui. Tai universalus pada\u017eas, kuris tinka beveik prie visko, bet ypa\u010d gerai tinka prie vi\u0161tienos sparneli\u0173 ar dar\u017eovi\u0173.<br \/>\n[ywcwtl_form product_id=\"\"]<\/p>\n","protected":false},"featured_media":20622,"comment_status":"open","ping_status":"closed","template":"","meta":[],"product_cat":[927,917],"product_tag":[],"giftcard-category":[],"class_list":{"0":"post-18807","1":"product","2":"type-product","3":"status-publish","4":"has-post-thumbnail","6":"product_cat-astrus","7":"product_cat-padazai","8":"pa_brand-secret-aardvark","10":"first","11":"outofstock","12":"taxable","13":"shipping-taxable","14":"purchasable","15":"product-type-simple"},"yoast_head":"<!-- This site is optimized with the Yoast SEO plugin v27.4 - https:\/\/yoast.com\/product\/yoast-seo-wordpress\/ -->\n<title>Red Scorpion Fiery Hot Sauce - Hotta<\/title>\n<meta name=\"description\" content=\"&quot;Secret Aardvark&quot; asortimentas atnaujintas - tai &quot;Red Scorpion&quot;! A\u0161tresnis nei \u012fprastai &quot;Aardvark&quot;, kuris stimuliuoja skonio receptorius d\u016bmin\u0117mis skorpiono aitriosiomis paprikomis.\" \/>\n<meta name=\"robots\" content=\"index, follow, max-snippet:-1, max-image-preview:large, max-video-preview:-1\" \/>\n<link rel=\"canonical\" href=\"https:\/\/hotta.eu\/lt\/shop\/red-scorpion-fiery-hot-sauce\/\" \/>\n<meta property=\"og:locale\" content=\"lt_LT\" \/>\n<meta property=\"og:type\" content=\"article\" \/>\n<meta property=\"og:title\" content=\"Red Scorpion Fiery Hot Sauce - Hotta\" \/>\n<meta property=\"og:description\" content=\"&quot;Secret Aardvark&quot; asortimentas atnaujintas - tai &quot;Red Scorpion&quot;! A\u0161tresnis nei \u012fprastai &quot;Aardvark&quot;, kuris stimuliuoja skonio receptorius d\u016bmin\u0117mis skorpiono aitriosiomis paprikomis.\" \/>\n<meta property=\"og:url\" content=\"https:\/\/hotta.eu\/lt\/shop\/red-scorpion-fiery-hot-sauce\/\" \/>\n<meta property=\"og:site_name\" content=\"Hotta\" \/>\n<meta property=\"article:publisher\" content=\"https:\/\/www.facebook.com\/hotta.eu\" \/>\n<meta property=\"article:modified_time\" content=\"2024-12-27T10:40:52+00:00\" \/>\n<meta property=\"og:image\" content=\"https:\/\/hotta.eu\/wp-content\/uploads\/2023\/02\/aardvark-red-scorpion.png\" \/>\n\t<meta property=\"og:image:width\" content=\"2000\" \/>\n\t<meta property=\"og:image:height\" content=\"2000\" \/>\n\t<meta property=\"og:image:type\" content=\"image\/png\" \/>\n<meta name=\"twitter:card\" content=\"summary_large_image\" \/>\n<meta name=\"twitter:site\" content=\"@hottashop\" \/>\n<meta name=\"twitter:label1\" content=\"Est. reading time\" \/>\n\t<meta name=\"twitter:data1\" content=\"1 minute\" \/>\n<script type=\"application\/ld+json\" class=\"yoast-schema-graph\">{\"@context\":\"https:\\\/\\\/schema.org\",\"@graph\":[{\"@type\":\"WebPage\",\"@id\":\"https:\\\/\\\/hotta.eu\\\/lt\\\/shop\\\/red-scorpion-fiery-hot-sauce\\\/\",\"url\":\"https:\\\/\\\/hotta.eu\\\/lt\\\/shop\\\/red-scorpion-fiery-hot-sauce\\\/\",\"name\":\"Red Scorpion Fiery Hot Sauce - Hotta\",\"isPartOf\":{\"@id\":\"https:\\\/\\\/hotta.eu\\\/lt\\\/#website\"},\"primaryImageOfPage\":{\"@id\":\"https:\\\/\\\/hotta.eu\\\/lt\\\/shop\\\/red-scorpion-fiery-hot-sauce\\\/#primaryimage\"},\"image\":{\"@id\":\"https:\\\/\\\/hotta.eu\\\/lt\\\/shop\\\/red-scorpion-fiery-hot-sauce\\\/#primaryimage\"},\"thumbnailUrl\":\"https:\\\/\\\/hotta.eu\\\/wp-content\\\/uploads\\\/2023\\\/02\\\/aardvark-red-scorpion.png\",\"datePublished\":\"2023-02-28T04:19:49+00:00\",\"dateModified\":\"2024-12-27T10:40:52+00:00\",\"description\":\"\\\"Secret Aardvark\\\" asortimentas atnaujintas - tai \\\"Red Scorpion\\\"! A\u0161tresnis nei \u012fprastai \\\"Aardvark\\\", kuris stimuliuoja skonio receptorius d\u016bmin\u0117mis skorpiono aitriosiomis paprikomis.\",\"breadcrumb\":{\"@id\":\"https:\\\/\\\/hotta.eu\\\/lt\\\/shop\\\/red-scorpion-fiery-hot-sauce\\\/#breadcrumb\"},\"inLanguage\":\"lt-LT\",\"potentialAction\":[{\"@type\":\"ReadAction\",\"target\":[\"https:\\\/\\\/hotta.eu\\\/lt\\\/shop\\\/red-scorpion-fiery-hot-sauce\\\/\"]}]},{\"@type\":\"ImageObject\",\"inLanguage\":\"lt-LT\",\"@id\":\"https:\\\/\\\/hotta.eu\\\/lt\\\/shop\\\/red-scorpion-fiery-hot-sauce\\\/#primaryimage\",\"url\":\"https:\\\/\\\/hotta.eu\\\/wp-content\\\/uploads\\\/2023\\\/02\\\/aardvark-red-scorpion.png\",\"contentUrl\":\"https:\\\/\\\/hotta.eu\\\/wp-content\\\/uploads\\\/2023\\\/02\\\/aardvark-red-scorpion.png\",\"width\":2000,\"height\":2000},{\"@type\":\"BreadcrumbList\",\"@id\":\"https:\\\/\\\/hotta.eu\\\/lt\\\/shop\\\/red-scorpion-fiery-hot-sauce\\\/#breadcrumb\",\"itemListElement\":[{\"@type\":\"ListItem\",\"position\":1,\"name\":\"Prad\u017eia\",\"item\":\"https:\\\/\\\/hotta.eu\\\/lt\\\/pradzia\\\/\"},{\"@type\":\"ListItem\",\"position\":2,\"name\":\"Parduotuv\u0117\",\"item\":\"https:\\\/\\\/hotta.eu\\\/shop\\\/\"},{\"@type\":\"ListItem\",\"position\":3,\"name\":\"Red Scorpion Fiery Hot Sauce\"}]},{\"@type\":\"WebSite\",\"@id\":\"https:\\\/\\\/hotta.eu\\\/lt\\\/#website\",\"url\":\"https:\\\/\\\/hotta.eu\\\/lt\\\/\",\"name\":\"Hotta\",\"description\":\"Makes your mouth burn a lotta!\",\"publisher\":{\"@id\":\"https:\\\/\\\/hotta.eu\\\/lt\\\/#organization\"},\"potentialAction\":[{\"@type\":\"SearchAction\",\"target\":{\"@type\":\"EntryPoint\",\"urlTemplate\":\"https:\\\/\\\/hotta.eu\\\/lt\\\/?s={search_term_string}\"},\"query-input\":{\"@type\":\"PropertyValueSpecification\",\"valueRequired\":true,\"valueName\":\"search_term_string\"}}],\"inLanguage\":\"lt-LT\"},{\"@type\":\"Organization\",\"@id\":\"https:\\\/\\\/hotta.eu\\\/lt\\\/#organization\",\"name\":\"Hotta\",\"url\":\"https:\\\/\\\/hotta.eu\\\/lt\\\/\",\"logo\":{\"@type\":\"ImageObject\",\"inLanguage\":\"lt-LT\",\"@id\":\"https:\\\/\\\/hotta.eu\\\/lt\\\/#\\\/schema\\\/logo\\\/image\\\/\",\"url\":\"https:\\\/\\\/hotta.eu\\\/wp-content\\\/uploads\\\/2025\\\/04\\\/hotta-logo-invoice.png\",\"contentUrl\":\"https:\\\/\\\/hotta.eu\\\/wp-content\\\/uploads\\\/2025\\\/04\\\/hotta-logo-invoice.png\",\"width\":600,\"height\":411,\"caption\":\"Hotta\"},\"image\":{\"@id\":\"https:\\\/\\\/hotta.eu\\\/lt\\\/#\\\/schema\\\/logo\\\/image\\\/\"},\"sameAs\":[\"https:\\\/\\\/www.facebook.com\\\/hotta.eu\",\"https:\\\/\\\/x.com\\\/hottashop\",\"https:\\\/\\\/www.instagram.com\\\/hotta.shop\"]}]}<\/script>\n<!-- \/ Yoast SEO plugin. -->","yoast_head_json":{"title":"Red Scorpion Fiery Hot Sauce - Hotta","description":"\"Secret Aardvark\" asortimentas atnaujintas - tai \"Red Scorpion\"! A\u0161tresnis nei \u012fprastai \"Aardvark\", kuris stimuliuoja skonio receptorius d\u016bmin\u0117mis skorpiono aitriosiomis paprikomis.","robots":{"index":"index","follow":"follow","max-snippet":"max-snippet:-1","max-image-preview":"max-image-preview:large","max-video-preview":"max-video-preview:-1"},"canonical":"https:\/\/hotta.eu\/lt\/shop\/red-scorpion-fiery-hot-sauce\/","og_locale":"lt_LT","og_type":"article","og_title":"Red Scorpion Fiery Hot Sauce - Hotta","og_description":"\"Secret Aardvark\" asortimentas atnaujintas - tai \"Red Scorpion\"! A\u0161tresnis nei \u012fprastai \"Aardvark\", kuris stimuliuoja skonio receptorius d\u016bmin\u0117mis skorpiono aitriosiomis paprikomis.","og_url":"https:\/\/hotta.eu\/lt\/shop\/red-scorpion-fiery-hot-sauce\/","og_site_name":"Hotta","article_publisher":"https:\/\/www.facebook.com\/hotta.eu","article_modified_time":"2024-12-27T10:40:52+00:00","og_image":[{"width":2000,"height":2000,"url":"https:\/\/hotta.eu\/wp-content\/uploads\/2023\/02\/aardvark-red-scorpion.png","type":"image\/png"}],"twitter_card":"summary_large_image","twitter_site":"@hottashop","twitter_misc":{"Est. reading time":"1 minute"},"schema":{"@context":"https:\/\/schema.org","@graph":[{"@type":"WebPage","@id":"https:\/\/hotta.eu\/lt\/shop\/red-scorpion-fiery-hot-sauce\/","url":"https:\/\/hotta.eu\/lt\/shop\/red-scorpion-fiery-hot-sauce\/","name":"Red Scorpion Fiery Hot Sauce - Hotta","isPartOf":{"@id":"https:\/\/hotta.eu\/lt\/#website"},"primaryImageOfPage":{"@id":"https:\/\/hotta.eu\/lt\/shop\/red-scorpion-fiery-hot-sauce\/#primaryimage"},"image":{"@id":"https:\/\/hotta.eu\/lt\/shop\/red-scorpion-fiery-hot-sauce\/#primaryimage"},"thumbnailUrl":"https:\/\/hotta.eu\/wp-content\/uploads\/2023\/02\/aardvark-red-scorpion.png","datePublished":"2023-02-28T04:19:49+00:00","dateModified":"2024-12-27T10:40:52+00:00","description":"\"Secret Aardvark\" asortimentas atnaujintas - tai \"Red Scorpion\"! A\u0161tresnis nei \u012fprastai \"Aardvark\", kuris stimuliuoja skonio receptorius d\u016bmin\u0117mis skorpiono aitriosiomis paprikomis.","breadcrumb":{"@id":"https:\/\/hotta.eu\/lt\/shop\/red-scorpion-fiery-hot-sauce\/#breadcrumb"},"inLanguage":"lt-LT","potentialAction":[{"@type":"ReadAction","target":["https:\/\/hotta.eu\/lt\/shop\/red-scorpion-fiery-hot-sauce\/"]}]},{"@type":"ImageObject","inLanguage":"lt-LT","@id":"https:\/\/hotta.eu\/lt\/shop\/red-scorpion-fiery-hot-sauce\/#primaryimage","url":"https:\/\/hotta.eu\/wp-content\/uploads\/2023\/02\/aardvark-red-scorpion.png","contentUrl":"https:\/\/hotta.eu\/wp-content\/uploads\/2023\/02\/aardvark-red-scorpion.png","width":2000,"height":2000},{"@type":"BreadcrumbList","@id":"https:\/\/hotta.eu\/lt\/shop\/red-scorpion-fiery-hot-sauce\/#breadcrumb","itemListElement":[{"@type":"ListItem","position":1,"name":"Prad\u017eia","item":"https:\/\/hotta.eu\/lt\/pradzia\/"},{"@type":"ListItem","position":2,"name":"Parduotuv\u0117","item":"https:\/\/hotta.eu\/shop\/"},{"@type":"ListItem","position":3,"name":"Red Scorpion Fiery Hot Sauce"}]},{"@type":"WebSite","@id":"https:\/\/hotta.eu\/lt\/#website","url":"https:\/\/hotta.eu\/lt\/","name":"Hotta","description":"Makes your mouth burn a lotta!","publisher":{"@id":"https:\/\/hotta.eu\/lt\/#organization"},"potentialAction":[{"@type":"SearchAction","target":{"@type":"EntryPoint","urlTemplate":"https:\/\/hotta.eu\/lt\/?s={search_term_string}"},"query-input":{"@type":"PropertyValueSpecification","valueRequired":true,"valueName":"search_term_string"}}],"inLanguage":"lt-LT"},{"@type":"Organization","@id":"https:\/\/hotta.eu\/lt\/#organization","name":"Hotta","url":"https:\/\/hotta.eu\/lt\/","logo":{"@type":"ImageObject","inLanguage":"lt-LT","@id":"https:\/\/hotta.eu\/lt\/#\/schema\/logo\/image\/","url":"https:\/\/hotta.eu\/wp-content\/uploads\/2025\/04\/hotta-logo-invoice.png","contentUrl":"https:\/\/hotta.eu\/wp-content\/uploads\/2025\/04\/hotta-logo-invoice.png","width":600,"height":411,"caption":"Hotta"},"image":{"@id":"https:\/\/hotta.eu\/lt\/#\/schema\/logo\/image\/"},"sameAs":["https:\/\/www.facebook.com\/hotta.eu","https:\/\/x.com\/hottashop","https:\/\/www.instagram.com\/hotta.shop"]}]}},"jetpack_sharing_enabled":true,"_links":{"self":[{"href":"https:\/\/hotta.eu\/lt\/wp-json\/wp\/v2\/product\/18807","targetHints":{"allow":["GET"]}}],"collection":[{"href":"https:\/\/hotta.eu\/lt\/wp-json\/wp\/v2\/product"}],"about":[{"href":"https:\/\/hotta.eu\/lt\/wp-json\/wp\/v2\/types\/product"}],"replies":[{"embeddable":true,"href":"https:\/\/hotta.eu\/lt\/wp-json\/wp\/v2\/comments?post=18807"}],"wp:featuredmedia":[{"embeddable":true,"href":"https:\/\/hotta.eu\/lt\/wp-json\/wp\/v2\/media\/20622"}],"wp:attachment":[{"href":"https:\/\/hotta.eu\/lt\/wp-json\/wp\/v2\/media?parent=18807"}],"wp:term":[{"taxonomy":"product_cat","embeddable":true,"href":"https:\/\/hotta.eu\/lt\/wp-json\/wp\/v2\/product_cat?post=18807"},{"taxonomy":"product_tag","embeddable":true,"href":"https:\/\/hotta.eu\/lt\/wp-json\/wp\/v2\/product_tag?post=18807"},{"taxonomy":"giftcard-category","embeddable":true,"href":"https:\/\/hotta.eu\/lt\/wp-json\/wp\/v2\/giftcard-category?post=18807"}],"curies":[{"name":"wp","href":"https:\/\/api.w.org\/{rel}","templated":true}]}}