{"id":18820,"date":"2023-04-01T15:26:54","date_gmt":"2023-04-01T13:26:54","guid":{"rendered":"https:\/\/hotta.eu\/shop\/detroito-astrus-padazas\/"},"modified":"2024-12-27T12:40:49","modified_gmt":"2024-12-27T10:40:49","slug":"detroito-astrus-padazas","status":"publish","type":"product","link":"https:\/\/hotta.eu\/lt\/shop\/detroito-astrus-padazas\/","title":{"rendered":"The Detroit Hot Sauce"},"content":{"rendered":"<p><strong>Sud\u0117tis<br \/>\n<\/strong>Obuoli\u0173 actas, habanero aitriosios paprikos, aitriosios paprikos vaiduokliai, cukrus, pomidor\u0173 pasta, mang\u0173 tyr\u0117, morkos, aitri\u0173j\u0173 paprik\u0173 milteliai, druska.<\/p>\n<p><strong><br \/>\n<\/strong> &lt;M<strong>aistingumo informacija (5 g<\/strong>) Energin\u0117 vert\u0117 5 kcal, angliavandeniai 1 mg, natris 55 mg.<strong><\/strong><\/p>\n<p><strong>Galiojimas ir saugojimas<\/strong><br \/>\nAnt buteliuko nurodyta galiojimo data galioja neatidarytam produktui. Atidaryt\u0105 produkt\u0105 reikia laikyti \u0161aldytuve.<\/p>\n<div class=\"tableheader\"><\/div>\n","protected":false},"excerpt":{"rendered":"<p>Niujorko pada\u017e\u0173 gamintoja &#8220;Small Axe Peppers&#8221; glaud\u017eiai bendradarbiauja su \u012fvairiomis pelno nesiekian\u010diomis organizacijomis, o \u010dili pipirus tiekia i\u0161 bendruomen\u0117s sod\u0173, esan\u010di\u0173 visoje JAV &#8211; \u010cikagoje, Detroite, Baltimor\u0117je, Oklande, Sietle ir Los And\u017eele. &#8220;Detroit&#8221; su &#8220;Ghost chillies&#8221; yra a\u0161triausias &#8220;Small Axe Peppers&#8221; pada\u017eas.<br \/>\n[ywcwtl_form product_id=\"\"]<\/p>\n","protected":false},"featured_media":16700,"comment_status":"open","ping_status":"closed","template":"","meta":[],"product_cat":[927,917],"product_tag":[],"giftcard-category":[],"class_list":{"0":"post-18820","1":"product","2":"type-product","3":"status-publish","4":"has-post-thumbnail","6":"product_cat-astrus","7":"product_cat-padazai","8":"pa_brand-small-axe-peppers","10":"first","11":"outofstock","12":"taxable","13":"shipping-taxable","14":"purchasable","15":"product-type-simple"},"yoast_head":"<!-- This site is optimized with the Yoast SEO plugin v27.3 - https:\/\/yoast.com\/product\/yoast-seo-wordpress\/ -->\n<title>The Detroit Hot Sauce - Hotta<\/title>\n<meta name=\"description\" content=\"Niujorko pada\u017e\u0173 gamintoja &quot;Small Axe Peppers&quot; glaud\u017eiai bendradarbiauja su \u012fvairiomis pelno nesiekian\u010diomis organizacijomis, o aitriosios paprikos gaunamos i\u0161 bendruomen\u0117s sod\u0173.\" \/>\n<meta name=\"robots\" content=\"index, follow, max-snippet:-1, max-image-preview:large, max-video-preview:-1\" \/>\n<link rel=\"canonical\" href=\"https:\/\/hotta.eu\/lt\/shop\/detroito-astrus-padazas\/\" \/>\n<meta property=\"og:locale\" content=\"lt_LT\" \/>\n<meta property=\"og:type\" content=\"article\" \/>\n<meta property=\"og:title\" content=\"The Detroit Hot Sauce - Hotta\" \/>\n<meta property=\"og:description\" content=\"Niujorko pada\u017e\u0173 gamintoja &quot;Small Axe Peppers&quot; glaud\u017eiai bendradarbiauja su \u012fvairiomis pelno nesiekian\u010diomis organizacijomis, o aitriosios paprikos gaunamos i\u0161 bendruomen\u0117s sod\u0173.\" \/>\n<meta property=\"og:url\" content=\"https:\/\/hotta.eu\/lt\/shop\/detroito-astrus-padazas\/\" \/>\n<meta property=\"og:site_name\" content=\"Hotta\" \/>\n<meta property=\"article:publisher\" content=\"https:\/\/www.facebook.com\/hotta.eu\" \/>\n<meta property=\"article:modified_time\" content=\"2024-12-27T10:40:49+00:00\" \/>\n<meta property=\"og:image\" content=\"https:\/\/hotta.eu\/wp-content\/uploads\/2024\/03\/20230305_091842.png\" \/>\n\t<meta property=\"og:image:width\" content=\"1410\" \/>\n\t<meta property=\"og:image:height\" content=\"1410\" \/>\n\t<meta property=\"og:image:type\" content=\"image\/png\" \/>\n<meta name=\"twitter:card\" content=\"summary_large_image\" \/>\n<meta name=\"twitter:site\" content=\"@hottashop\" \/>\n<script type=\"application\/ld+json\" class=\"yoast-schema-graph\">{\"@context\":\"https:\\\/\\\/schema.org\",\"@graph\":[{\"@type\":\"WebPage\",\"@id\":\"https:\\\/\\\/hotta.eu\\\/lt\\\/shop\\\/detroito-astrus-padazas\\\/\",\"url\":\"https:\\\/\\\/hotta.eu\\\/lt\\\/shop\\\/detroito-astrus-padazas\\\/\",\"name\":\"The Detroit Hot Sauce - Hotta\",\"isPartOf\":{\"@id\":\"https:\\\/\\\/hotta.eu\\\/lt\\\/#website\"},\"primaryImageOfPage\":{\"@id\":\"https:\\\/\\\/hotta.eu\\\/lt\\\/shop\\\/detroito-astrus-padazas\\\/#primaryimage\"},\"image\":{\"@id\":\"https:\\\/\\\/hotta.eu\\\/lt\\\/shop\\\/detroito-astrus-padazas\\\/#primaryimage\"},\"thumbnailUrl\":\"https:\\\/\\\/hotta.eu\\\/wp-content\\\/uploads\\\/2024\\\/03\\\/20230305_091842.png\",\"datePublished\":\"2023-04-01T13:26:54+00:00\",\"dateModified\":\"2024-12-27T10:40:49+00:00\",\"description\":\"Niujorko pada\u017e\u0173 gamintoja \\\"Small Axe Peppers\\\" glaud\u017eiai bendradarbiauja su \u012fvairiomis pelno nesiekian\u010diomis organizacijomis, o aitriosios paprikos gaunamos i\u0161 bendruomen\u0117s sod\u0173.\",\"breadcrumb\":{\"@id\":\"https:\\\/\\\/hotta.eu\\\/lt\\\/shop\\\/detroito-astrus-padazas\\\/#breadcrumb\"},\"inLanguage\":\"lt-LT\",\"potentialAction\":[{\"@type\":\"ReadAction\",\"target\":[\"https:\\\/\\\/hotta.eu\\\/lt\\\/shop\\\/detroito-astrus-padazas\\\/\"]}]},{\"@type\":\"ImageObject\",\"inLanguage\":\"lt-LT\",\"@id\":\"https:\\\/\\\/hotta.eu\\\/lt\\\/shop\\\/detroito-astrus-padazas\\\/#primaryimage\",\"url\":\"https:\\\/\\\/hotta.eu\\\/wp-content\\\/uploads\\\/2024\\\/03\\\/20230305_091842.png\",\"contentUrl\":\"https:\\\/\\\/hotta.eu\\\/wp-content\\\/uploads\\\/2024\\\/03\\\/20230305_091842.png\",\"width\":1410,\"height\":1410},{\"@type\":\"BreadcrumbList\",\"@id\":\"https:\\\/\\\/hotta.eu\\\/lt\\\/shop\\\/detroito-astrus-padazas\\\/#breadcrumb\",\"itemListElement\":[{\"@type\":\"ListItem\",\"position\":1,\"name\":\"Prad\u017eia\",\"item\":\"https:\\\/\\\/hotta.eu\\\/lt\\\/pradzia\\\/\"},{\"@type\":\"ListItem\",\"position\":2,\"name\":\"Parduotuv\u0117\",\"item\":\"https:\\\/\\\/hotta.eu\\\/shop\\\/\"},{\"@type\":\"ListItem\",\"position\":3,\"name\":\"The Detroit Hot Sauce\"}]},{\"@type\":\"WebSite\",\"@id\":\"https:\\\/\\\/hotta.eu\\\/lt\\\/#website\",\"url\":\"https:\\\/\\\/hotta.eu\\\/lt\\\/\",\"name\":\"Hotta\",\"description\":\"Makes your mouth burn a lotta!\",\"publisher\":{\"@id\":\"https:\\\/\\\/hotta.eu\\\/lt\\\/#organization\"},\"potentialAction\":[{\"@type\":\"SearchAction\",\"target\":{\"@type\":\"EntryPoint\",\"urlTemplate\":\"https:\\\/\\\/hotta.eu\\\/lt\\\/?s={search_term_string}\"},\"query-input\":{\"@type\":\"PropertyValueSpecification\",\"valueRequired\":true,\"valueName\":\"search_term_string\"}}],\"inLanguage\":\"lt-LT\"},{\"@type\":\"Organization\",\"@id\":\"https:\\\/\\\/hotta.eu\\\/lt\\\/#organization\",\"name\":\"Hotta\",\"url\":\"https:\\\/\\\/hotta.eu\\\/lt\\\/\",\"logo\":{\"@type\":\"ImageObject\",\"inLanguage\":\"lt-LT\",\"@id\":\"https:\\\/\\\/hotta.eu\\\/lt\\\/#\\\/schema\\\/logo\\\/image\\\/\",\"url\":\"https:\\\/\\\/hotta.eu\\\/wp-content\\\/uploads\\\/2025\\\/04\\\/hotta-logo-invoice.png\",\"contentUrl\":\"https:\\\/\\\/hotta.eu\\\/wp-content\\\/uploads\\\/2025\\\/04\\\/hotta-logo-invoice.png\",\"width\":600,\"height\":411,\"caption\":\"Hotta\"},\"image\":{\"@id\":\"https:\\\/\\\/hotta.eu\\\/lt\\\/#\\\/schema\\\/logo\\\/image\\\/\"},\"sameAs\":[\"https:\\\/\\\/www.facebook.com\\\/hotta.eu\",\"https:\\\/\\\/x.com\\\/hottashop\",\"https:\\\/\\\/www.instagram.com\\\/hotta.shop\"]}]}<\/script>\n<!-- \/ Yoast SEO plugin. -->","yoast_head_json":{"title":"The Detroit Hot Sauce - Hotta","description":"Niujorko pada\u017e\u0173 gamintoja \"Small Axe Peppers\" glaud\u017eiai bendradarbiauja su \u012fvairiomis pelno nesiekian\u010diomis organizacijomis, o aitriosios paprikos gaunamos i\u0161 bendruomen\u0117s sod\u0173.","robots":{"index":"index","follow":"follow","max-snippet":"max-snippet:-1","max-image-preview":"max-image-preview:large","max-video-preview":"max-video-preview:-1"},"canonical":"https:\/\/hotta.eu\/lt\/shop\/detroito-astrus-padazas\/","og_locale":"lt_LT","og_type":"article","og_title":"The Detroit Hot Sauce - Hotta","og_description":"Niujorko pada\u017e\u0173 gamintoja \"Small Axe Peppers\" glaud\u017eiai bendradarbiauja su \u012fvairiomis pelno nesiekian\u010diomis organizacijomis, o aitriosios paprikos gaunamos i\u0161 bendruomen\u0117s sod\u0173.","og_url":"https:\/\/hotta.eu\/lt\/shop\/detroito-astrus-padazas\/","og_site_name":"Hotta","article_publisher":"https:\/\/www.facebook.com\/hotta.eu","article_modified_time":"2024-12-27T10:40:49+00:00","og_image":[{"width":1410,"height":1410,"url":"https:\/\/hotta.eu\/wp-content\/uploads\/2024\/03\/20230305_091842.png","type":"image\/png"}],"twitter_card":"summary_large_image","twitter_site":"@hottashop","schema":{"@context":"https:\/\/schema.org","@graph":[{"@type":"WebPage","@id":"https:\/\/hotta.eu\/lt\/shop\/detroito-astrus-padazas\/","url":"https:\/\/hotta.eu\/lt\/shop\/detroito-astrus-padazas\/","name":"The Detroit Hot Sauce - Hotta","isPartOf":{"@id":"https:\/\/hotta.eu\/lt\/#website"},"primaryImageOfPage":{"@id":"https:\/\/hotta.eu\/lt\/shop\/detroito-astrus-padazas\/#primaryimage"},"image":{"@id":"https:\/\/hotta.eu\/lt\/shop\/detroito-astrus-padazas\/#primaryimage"},"thumbnailUrl":"https:\/\/hotta.eu\/wp-content\/uploads\/2024\/03\/20230305_091842.png","datePublished":"2023-04-01T13:26:54+00:00","dateModified":"2024-12-27T10:40:49+00:00","description":"Niujorko pada\u017e\u0173 gamintoja \"Small Axe Peppers\" glaud\u017eiai bendradarbiauja su \u012fvairiomis pelno nesiekian\u010diomis organizacijomis, o aitriosios paprikos gaunamos i\u0161 bendruomen\u0117s sod\u0173.","breadcrumb":{"@id":"https:\/\/hotta.eu\/lt\/shop\/detroito-astrus-padazas\/#breadcrumb"},"inLanguage":"lt-LT","potentialAction":[{"@type":"ReadAction","target":["https:\/\/hotta.eu\/lt\/shop\/detroito-astrus-padazas\/"]}]},{"@type":"ImageObject","inLanguage":"lt-LT","@id":"https:\/\/hotta.eu\/lt\/shop\/detroito-astrus-padazas\/#primaryimage","url":"https:\/\/hotta.eu\/wp-content\/uploads\/2024\/03\/20230305_091842.png","contentUrl":"https:\/\/hotta.eu\/wp-content\/uploads\/2024\/03\/20230305_091842.png","width":1410,"height":1410},{"@type":"BreadcrumbList","@id":"https:\/\/hotta.eu\/lt\/shop\/detroito-astrus-padazas\/#breadcrumb","itemListElement":[{"@type":"ListItem","position":1,"name":"Prad\u017eia","item":"https:\/\/hotta.eu\/lt\/pradzia\/"},{"@type":"ListItem","position":2,"name":"Parduotuv\u0117","item":"https:\/\/hotta.eu\/shop\/"},{"@type":"ListItem","position":3,"name":"The Detroit Hot Sauce"}]},{"@type":"WebSite","@id":"https:\/\/hotta.eu\/lt\/#website","url":"https:\/\/hotta.eu\/lt\/","name":"Hotta","description":"Makes your mouth burn a lotta!","publisher":{"@id":"https:\/\/hotta.eu\/lt\/#organization"},"potentialAction":[{"@type":"SearchAction","target":{"@type":"EntryPoint","urlTemplate":"https:\/\/hotta.eu\/lt\/?s={search_term_string}"},"query-input":{"@type":"PropertyValueSpecification","valueRequired":true,"valueName":"search_term_string"}}],"inLanguage":"lt-LT"},{"@type":"Organization","@id":"https:\/\/hotta.eu\/lt\/#organization","name":"Hotta","url":"https:\/\/hotta.eu\/lt\/","logo":{"@type":"ImageObject","inLanguage":"lt-LT","@id":"https:\/\/hotta.eu\/lt\/#\/schema\/logo\/image\/","url":"https:\/\/hotta.eu\/wp-content\/uploads\/2025\/04\/hotta-logo-invoice.png","contentUrl":"https:\/\/hotta.eu\/wp-content\/uploads\/2025\/04\/hotta-logo-invoice.png","width":600,"height":411,"caption":"Hotta"},"image":{"@id":"https:\/\/hotta.eu\/lt\/#\/schema\/logo\/image\/"},"sameAs":["https:\/\/www.facebook.com\/hotta.eu","https:\/\/x.com\/hottashop","https:\/\/www.instagram.com\/hotta.shop"]}]}},"jetpack_sharing_enabled":true,"_links":{"self":[{"href":"https:\/\/hotta.eu\/lt\/wp-json\/wp\/v2\/product\/18820","targetHints":{"allow":["GET"]}}],"collection":[{"href":"https:\/\/hotta.eu\/lt\/wp-json\/wp\/v2\/product"}],"about":[{"href":"https:\/\/hotta.eu\/lt\/wp-json\/wp\/v2\/types\/product"}],"replies":[{"embeddable":true,"href":"https:\/\/hotta.eu\/lt\/wp-json\/wp\/v2\/comments?post=18820"}],"wp:featuredmedia":[{"embeddable":true,"href":"https:\/\/hotta.eu\/lt\/wp-json\/wp\/v2\/media\/16700"}],"wp:attachment":[{"href":"https:\/\/hotta.eu\/lt\/wp-json\/wp\/v2\/media?parent=18820"}],"wp:term":[{"taxonomy":"product_cat","embeddable":true,"href":"https:\/\/hotta.eu\/lt\/wp-json\/wp\/v2\/product_cat?post=18820"},{"taxonomy":"product_tag","embeddable":true,"href":"https:\/\/hotta.eu\/lt\/wp-json\/wp\/v2\/product_tag?post=18820"},{"taxonomy":"giftcard-category","embeddable":true,"href":"https:\/\/hotta.eu\/lt\/wp-json\/wp\/v2\/giftcard-category?post=18820"}],"curies":[{"name":"wp","href":"https:\/\/api.w.org\/{rel}","templated":true}]}}