{"id":18826,"date":"2023-06-03T11:07:23","date_gmt":"2023-06-03T09:07:23","guid":{"rendered":"https:\/\/hotta.eu\/shop\/juosteles-bruschette-jalapeno\/"},"modified":"2025-09-08T11:12:58","modified_gmt":"2025-09-08T09:12:58","slug":"strips-bruschette-jalapeno","status":"publish","type":"product","link":"https:\/\/hotta.eu\/lt\/shop\/strips-bruschette-jalapeno\/","title":{"rendered":"Strips Bruschette Jalapeno"},"content":{"rendered":"<p><strong>Sudedamosios dalys<br \/>\n<\/strong>\u017eirni\u0173 miltai 49 %, l\u0119\u0161i\u0173 miltai 33 %, raps\u0173 aliejus, \u0161alavij\u0173 s\u0117klos, j\u016bros druska, jalapeno aitrioji paprika 1,3 %, malt\u0173 aitri\u0173j\u0173 paprik\u0173 mi\u0161inys, svog\u016bnai, pomidorai, \u010desnakai, prieskoni\u0173 mi\u0161inys, mieli\u0173 ekstraktas.<\/p>\n<p><strong>Maistin\u0117 vert\u0117 (100 g)<br \/>\n<\/strong>Energin\u0117 vert\u0117 434 kcal, riebal\u0173 16,5 g, i\u0161 j\u0173 so\u010di\u0173j\u0173 riebal\u0173 r\u016bg\u0161\u010di\u0173 1,2 g, angliavandeni\u0173 45,4 g, i\u0161 j\u0173 cukr\u0173 5,4 g, skaidulini\u0173 med\u017eiag\u0173 11,9 g, baltym\u0173 18,2 g, druskos 0,9 g.<\/p>\n<p><strong>Galiojimo laikas ir laikymas<br \/>\n<\/strong>Ant pakuot\u0117s nurodyta galiojimo data taikoma neatidarytam produktui. Laikykite sausoje ir v\u0117sioje vietoje.<\/p>\n","protected":false},"excerpt":{"rendered":"<p>Atnaujintas &#8220;Hot Chip Strips&#8221; asortimentas!\ud83e\udd29<br \/>\n&#8220;Bruschetta-jalapeno&#8221; skonio aitri\u0173j\u0173 paprik\u0173 juostel\u0117s gaminamos i\u0161 ank\u0161tini\u0173 dar\u017eovi\u0173. Tai gana a\u0161trus, daug baltym\u0173 turintis u\u017ekandis, kuris yra sveikesnis bulvi\u0173 tra\u0161ku\u010di\u0173 pakaitalas. Be glitimo ir vegani\u0161kas. Vienoje pakuot\u0117je &#8211; iki 18,2 g baltym\u0173!<br \/>\n[ywcwtl_form product_id=\"\"]<\/p>\n","protected":false},"featured_media":17702,"comment_status":"open","ping_status":"closed","template":"","meta":[],"product_cat":[939],"product_tag":[],"giftcard-category":[],"class_list":{"0":"post-18826","1":"product","2":"type-product","3":"status-publish","4":"has-post-thumbnail","6":"product_cat-uzkandziai","7":"pa_brand-hot-chip","9":"first","10":"outofstock","11":"sale","12":"taxable","13":"shipping-taxable","14":"purchasable","15":"product-type-simple"},"yoast_head":"<!-- This site is optimized with the Yoast SEO plugin v27.4 - https:\/\/yoast.com\/product\/yoast-seo-wordpress\/ -->\n<title>Strips Bruschette Jalapeno - Hotta<\/title>\n<meta name=\"description\" content=\"I\u0161 ank\u0161tini\u0173 dar\u017eovi\u0173 gaminamos &quot;Bruschetta-jalapeno&quot; skonio aitriosios paprikos juostel\u0117s. Tikrai a\u0161trus baltym\u0173 turtingas u\u017ekandis. Be glitimo ir vegani\u0161kas.\" \/>\n<meta name=\"robots\" content=\"index, follow, max-snippet:-1, max-image-preview:large, max-video-preview:-1\" \/>\n<link rel=\"canonical\" href=\"https:\/\/hotta.eu\/lt\/shop\/strips-bruschette-jalapeno\/\" \/>\n<meta property=\"og:locale\" content=\"lt_LT\" \/>\n<meta property=\"og:type\" content=\"article\" \/>\n<meta property=\"og:title\" content=\"Strips Bruschette Jalapeno - Hotta\" \/>\n<meta property=\"og:description\" content=\"I\u0161 ank\u0161tini\u0173 dar\u017eovi\u0173 gaminamos &quot;Bruschetta-jalapeno&quot; skonio aitriosios paprikos juostel\u0117s. Tikrai a\u0161trus baltym\u0173 turtingas u\u017ekandis. Be glitimo ir vegani\u0161kas.\" \/>\n<meta property=\"og:url\" content=\"https:\/\/hotta.eu\/lt\/shop\/strips-bruschette-jalapeno\/\" \/>\n<meta property=\"og:site_name\" content=\"Hotta\" \/>\n<meta property=\"article:publisher\" content=\"https:\/\/www.facebook.com\/hotta.eu\" \/>\n<meta property=\"article:modified_time\" content=\"2025-09-08T09:12:58+00:00\" \/>\n<meta property=\"og:image\" content=\"https:\/\/hotta.eu\/wp-content\/uploads\/2023\/06\/2c585306beb1592e0ef09eb132715627.jpg\" \/>\n\t<meta property=\"og:image:width\" content=\"800\" \/>\n\t<meta property=\"og:image:height\" content=\"800\" \/>\n\t<meta property=\"og:image:type\" content=\"image\/jpeg\" \/>\n<meta name=\"twitter:card\" content=\"summary_large_image\" \/>\n<meta name=\"twitter:site\" content=\"@hottashop\" \/>\n<meta name=\"twitter:label1\" content=\"Est. reading time\" \/>\n\t<meta name=\"twitter:data1\" content=\"1 minute\" \/>\n<script type=\"application\/ld+json\" class=\"yoast-schema-graph\">{\"@context\":\"https:\\\/\\\/schema.org\",\"@graph\":[{\"@type\":\"WebPage\",\"@id\":\"https:\\\/\\\/hotta.eu\\\/lt\\\/shop\\\/strips-bruschette-jalapeno\\\/\",\"url\":\"https:\\\/\\\/hotta.eu\\\/lt\\\/shop\\\/strips-bruschette-jalapeno\\\/\",\"name\":\"Strips Bruschette Jalapeno - Hotta\",\"isPartOf\":{\"@id\":\"https:\\\/\\\/hotta.eu\\\/lt\\\/#website\"},\"primaryImageOfPage\":{\"@id\":\"https:\\\/\\\/hotta.eu\\\/lt\\\/shop\\\/strips-bruschette-jalapeno\\\/#primaryimage\"},\"image\":{\"@id\":\"https:\\\/\\\/hotta.eu\\\/lt\\\/shop\\\/strips-bruschette-jalapeno\\\/#primaryimage\"},\"thumbnailUrl\":\"https:\\\/\\\/hotta.eu\\\/wp-content\\\/uploads\\\/2023\\\/06\\\/2c585306beb1592e0ef09eb132715627.jpg\",\"datePublished\":\"2023-06-03T09:07:23+00:00\",\"dateModified\":\"2025-09-08T09:12:58+00:00\",\"description\":\"I\u0161 ank\u0161tini\u0173 dar\u017eovi\u0173 gaminamos \\\"Bruschetta-jalapeno\\\" skonio aitriosios paprikos juostel\u0117s. Tikrai a\u0161trus baltym\u0173 turtingas u\u017ekandis. Be glitimo ir vegani\u0161kas.\",\"breadcrumb\":{\"@id\":\"https:\\\/\\\/hotta.eu\\\/lt\\\/shop\\\/strips-bruschette-jalapeno\\\/#breadcrumb\"},\"inLanguage\":\"lt-LT\",\"potentialAction\":[{\"@type\":\"ReadAction\",\"target\":[\"https:\\\/\\\/hotta.eu\\\/lt\\\/shop\\\/strips-bruschette-jalapeno\\\/\"]}]},{\"@type\":\"ImageObject\",\"inLanguage\":\"lt-LT\",\"@id\":\"https:\\\/\\\/hotta.eu\\\/lt\\\/shop\\\/strips-bruschette-jalapeno\\\/#primaryimage\",\"url\":\"https:\\\/\\\/hotta.eu\\\/wp-content\\\/uploads\\\/2023\\\/06\\\/2c585306beb1592e0ef09eb132715627.jpg\",\"contentUrl\":\"https:\\\/\\\/hotta.eu\\\/wp-content\\\/uploads\\\/2023\\\/06\\\/2c585306beb1592e0ef09eb132715627.jpg\",\"width\":800,\"height\":800},{\"@type\":\"BreadcrumbList\",\"@id\":\"https:\\\/\\\/hotta.eu\\\/lt\\\/shop\\\/strips-bruschette-jalapeno\\\/#breadcrumb\",\"itemListElement\":[{\"@type\":\"ListItem\",\"position\":1,\"name\":\"Prad\u017eia\",\"item\":\"https:\\\/\\\/hotta.eu\\\/lt\\\/pradzia\\\/\"},{\"@type\":\"ListItem\",\"position\":2,\"name\":\"Parduotuv\u0117\",\"item\":\"https:\\\/\\\/hotta.eu\\\/shop\\\/\"},{\"@type\":\"ListItem\",\"position\":3,\"name\":\"Strips Bruschette Jalapeno\"}]},{\"@type\":\"WebSite\",\"@id\":\"https:\\\/\\\/hotta.eu\\\/lt\\\/#website\",\"url\":\"https:\\\/\\\/hotta.eu\\\/lt\\\/\",\"name\":\"Hotta\",\"description\":\"Makes your mouth burn a lotta!\",\"publisher\":{\"@id\":\"https:\\\/\\\/hotta.eu\\\/lt\\\/#organization\"},\"potentialAction\":[{\"@type\":\"SearchAction\",\"target\":{\"@type\":\"EntryPoint\",\"urlTemplate\":\"https:\\\/\\\/hotta.eu\\\/lt\\\/?s={search_term_string}\"},\"query-input\":{\"@type\":\"PropertyValueSpecification\",\"valueRequired\":true,\"valueName\":\"search_term_string\"}}],\"inLanguage\":\"lt-LT\"},{\"@type\":\"Organization\",\"@id\":\"https:\\\/\\\/hotta.eu\\\/lt\\\/#organization\",\"name\":\"Hotta\",\"url\":\"https:\\\/\\\/hotta.eu\\\/lt\\\/\",\"logo\":{\"@type\":\"ImageObject\",\"inLanguage\":\"lt-LT\",\"@id\":\"https:\\\/\\\/hotta.eu\\\/lt\\\/#\\\/schema\\\/logo\\\/image\\\/\",\"url\":\"https:\\\/\\\/hotta.eu\\\/wp-content\\\/uploads\\\/2025\\\/04\\\/hotta-logo-invoice.png\",\"contentUrl\":\"https:\\\/\\\/hotta.eu\\\/wp-content\\\/uploads\\\/2025\\\/04\\\/hotta-logo-invoice.png\",\"width\":600,\"height\":411,\"caption\":\"Hotta\"},\"image\":{\"@id\":\"https:\\\/\\\/hotta.eu\\\/lt\\\/#\\\/schema\\\/logo\\\/image\\\/\"},\"sameAs\":[\"https:\\\/\\\/www.facebook.com\\\/hotta.eu\",\"https:\\\/\\\/x.com\\\/hottashop\",\"https:\\\/\\\/www.instagram.com\\\/hotta.shop\"]}]}<\/script>\n<!-- \/ Yoast SEO plugin. -->","yoast_head_json":{"title":"Strips Bruschette Jalapeno - Hotta","description":"I\u0161 ank\u0161tini\u0173 dar\u017eovi\u0173 gaminamos \"Bruschetta-jalapeno\" skonio aitriosios paprikos juostel\u0117s. Tikrai a\u0161trus baltym\u0173 turtingas u\u017ekandis. Be glitimo ir vegani\u0161kas.","robots":{"index":"index","follow":"follow","max-snippet":"max-snippet:-1","max-image-preview":"max-image-preview:large","max-video-preview":"max-video-preview:-1"},"canonical":"https:\/\/hotta.eu\/lt\/shop\/strips-bruschette-jalapeno\/","og_locale":"lt_LT","og_type":"article","og_title":"Strips Bruschette Jalapeno - Hotta","og_description":"I\u0161 ank\u0161tini\u0173 dar\u017eovi\u0173 gaminamos \"Bruschetta-jalapeno\" skonio aitriosios paprikos juostel\u0117s. Tikrai a\u0161trus baltym\u0173 turtingas u\u017ekandis. Be glitimo ir vegani\u0161kas.","og_url":"https:\/\/hotta.eu\/lt\/shop\/strips-bruschette-jalapeno\/","og_site_name":"Hotta","article_publisher":"https:\/\/www.facebook.com\/hotta.eu","article_modified_time":"2025-09-08T09:12:58+00:00","og_image":[{"width":800,"height":800,"url":"https:\/\/hotta.eu\/wp-content\/uploads\/2023\/06\/2c585306beb1592e0ef09eb132715627.jpg","type":"image\/jpeg"}],"twitter_card":"summary_large_image","twitter_site":"@hottashop","twitter_misc":{"Est. reading time":"1 minute"},"schema":{"@context":"https:\/\/schema.org","@graph":[{"@type":"WebPage","@id":"https:\/\/hotta.eu\/lt\/shop\/strips-bruschette-jalapeno\/","url":"https:\/\/hotta.eu\/lt\/shop\/strips-bruschette-jalapeno\/","name":"Strips Bruschette Jalapeno - Hotta","isPartOf":{"@id":"https:\/\/hotta.eu\/lt\/#website"},"primaryImageOfPage":{"@id":"https:\/\/hotta.eu\/lt\/shop\/strips-bruschette-jalapeno\/#primaryimage"},"image":{"@id":"https:\/\/hotta.eu\/lt\/shop\/strips-bruschette-jalapeno\/#primaryimage"},"thumbnailUrl":"https:\/\/hotta.eu\/wp-content\/uploads\/2023\/06\/2c585306beb1592e0ef09eb132715627.jpg","datePublished":"2023-06-03T09:07:23+00:00","dateModified":"2025-09-08T09:12:58+00:00","description":"I\u0161 ank\u0161tini\u0173 dar\u017eovi\u0173 gaminamos \"Bruschetta-jalapeno\" skonio aitriosios paprikos juostel\u0117s. Tikrai a\u0161trus baltym\u0173 turtingas u\u017ekandis. Be glitimo ir vegani\u0161kas.","breadcrumb":{"@id":"https:\/\/hotta.eu\/lt\/shop\/strips-bruschette-jalapeno\/#breadcrumb"},"inLanguage":"lt-LT","potentialAction":[{"@type":"ReadAction","target":["https:\/\/hotta.eu\/lt\/shop\/strips-bruschette-jalapeno\/"]}]},{"@type":"ImageObject","inLanguage":"lt-LT","@id":"https:\/\/hotta.eu\/lt\/shop\/strips-bruschette-jalapeno\/#primaryimage","url":"https:\/\/hotta.eu\/wp-content\/uploads\/2023\/06\/2c585306beb1592e0ef09eb132715627.jpg","contentUrl":"https:\/\/hotta.eu\/wp-content\/uploads\/2023\/06\/2c585306beb1592e0ef09eb132715627.jpg","width":800,"height":800},{"@type":"BreadcrumbList","@id":"https:\/\/hotta.eu\/lt\/shop\/strips-bruschette-jalapeno\/#breadcrumb","itemListElement":[{"@type":"ListItem","position":1,"name":"Prad\u017eia","item":"https:\/\/hotta.eu\/lt\/pradzia\/"},{"@type":"ListItem","position":2,"name":"Parduotuv\u0117","item":"https:\/\/hotta.eu\/shop\/"},{"@type":"ListItem","position":3,"name":"Strips Bruschette Jalapeno"}]},{"@type":"WebSite","@id":"https:\/\/hotta.eu\/lt\/#website","url":"https:\/\/hotta.eu\/lt\/","name":"Hotta","description":"Makes your mouth burn a lotta!","publisher":{"@id":"https:\/\/hotta.eu\/lt\/#organization"},"potentialAction":[{"@type":"SearchAction","target":{"@type":"EntryPoint","urlTemplate":"https:\/\/hotta.eu\/lt\/?s={search_term_string}"},"query-input":{"@type":"PropertyValueSpecification","valueRequired":true,"valueName":"search_term_string"}}],"inLanguage":"lt-LT"},{"@type":"Organization","@id":"https:\/\/hotta.eu\/lt\/#organization","name":"Hotta","url":"https:\/\/hotta.eu\/lt\/","logo":{"@type":"ImageObject","inLanguage":"lt-LT","@id":"https:\/\/hotta.eu\/lt\/#\/schema\/logo\/image\/","url":"https:\/\/hotta.eu\/wp-content\/uploads\/2025\/04\/hotta-logo-invoice.png","contentUrl":"https:\/\/hotta.eu\/wp-content\/uploads\/2025\/04\/hotta-logo-invoice.png","width":600,"height":411,"caption":"Hotta"},"image":{"@id":"https:\/\/hotta.eu\/lt\/#\/schema\/logo\/image\/"},"sameAs":["https:\/\/www.facebook.com\/hotta.eu","https:\/\/x.com\/hottashop","https:\/\/www.instagram.com\/hotta.shop"]}]}},"jetpack_sharing_enabled":true,"_links":{"self":[{"href":"https:\/\/hotta.eu\/lt\/wp-json\/wp\/v2\/product\/18826","targetHints":{"allow":["GET"]}}],"collection":[{"href":"https:\/\/hotta.eu\/lt\/wp-json\/wp\/v2\/product"}],"about":[{"href":"https:\/\/hotta.eu\/lt\/wp-json\/wp\/v2\/types\/product"}],"replies":[{"embeddable":true,"href":"https:\/\/hotta.eu\/lt\/wp-json\/wp\/v2\/comments?post=18826"}],"wp:featuredmedia":[{"embeddable":true,"href":"https:\/\/hotta.eu\/lt\/wp-json\/wp\/v2\/media\/17702"}],"wp:attachment":[{"href":"https:\/\/hotta.eu\/lt\/wp-json\/wp\/v2\/media?parent=18826"}],"wp:term":[{"taxonomy":"product_cat","embeddable":true,"href":"https:\/\/hotta.eu\/lt\/wp-json\/wp\/v2\/product_cat?post=18826"},{"taxonomy":"product_tag","embeddable":true,"href":"https:\/\/hotta.eu\/lt\/wp-json\/wp\/v2\/product_tag?post=18826"},{"taxonomy":"giftcard-category","embeddable":true,"href":"https:\/\/hotta.eu\/lt\/wp-json\/wp\/v2\/giftcard-category?post=18826"}],"curies":[{"name":"wp","href":"https:\/\/api.w.org\/{rel}","templated":true}]}}