{"id":18831,"date":"2023-06-10T08:00:57","date_gmt":"2023-06-10T06:00:57","guid":{"rendered":"https:\/\/hotta.eu\/shop\/zele-pupeles-astrus-vaisiai\/"},"modified":"2025-08-23T13:52:02","modified_gmt":"2025-08-23T11:52:02","slug":"jelly-beans-spicy-fruit","status":"publish","type":"product","link":"https:\/\/hotta.eu\/lt\/shop\/jelly-beans-spicy-fruit\/","title":{"rendered":"Jelly Beans Spicy Fruit"},"content":{"rendered":"<p><strong>Sudedamosios dalys<br \/>\n<\/strong>Cukrus, kvietiniai miltai, gliukoz\u0117s sirupas, vanduo, kukur\u016bz\u0173 krakmolas, citrin\u0173 r\u016bg\u0161tis, obuoli\u0173 r\u016bg\u0161tis, vaisi\u0173 koncentratas, tir\u0161tiklis arabin\u0117 guma, augalinis aliejus, taukmed\u017eio sviestas, nat\u016bralios kvapiosios med\u017eiagos, r\u016bg\u0161tingum\u0105 reguliuojanti med\u017eiaga natrio citratas, kokos\u0173 aliejus, karnaubo va\u0161kas, glicerolis, \u0161elakas, burok\u0117liai, juodosios morkos, juodieji serbentai, spirulina, mono- ir digliceridai, maistiniai da\u017eikliai, ciber\u017eol\u0117.<\/p>\n<p><strong>Maistin\u0117 vert\u0117 (100 g)<br \/>\n<\/strong>Energin\u0117 vert\u0117 373 kcal, riebal\u0173 1,2 g, i\u0161 j\u0173 so\u010di\u0173j\u0173 riebal\u0173 r\u016bg\u0161\u010di\u0173 0,8 g, angliavandeni\u0173 89 g, i\u0161 j\u0173 cukraus 70 g, druskos 0,21 g.<\/p>\n<p><strong>Galiojimo laikas ir laikymas<br \/>\n<\/strong>Ant pakuot\u0117s nurodyta galiojimo data taikoma neatidarytam produktui. Laikykite sausoje ir v\u0117sioje vietoje.<\/p>\n","protected":false},"excerpt":{"rendered":"<p>Atnaujintas &#8220;Hot Chip Strips&#8221; asortimentas! \ud83e\udd29<\/p>\n<p>Vaisi\u0173 skonio, vidutinio a\u0161trumo <em>\u017eel\u0117 pupel\u0117s<\/em>. Pakuot\u0117je yra \u0161i\u0173 skoni\u0173: m\u0117lyni\u0173, tre\u0161ni\u0173, bra\u0161ki\u0173, arb\u016bz\u0173 ir mang\u0173.<br \/>\n[ywcwtl_form product_id=\"\"]<\/p>\n","protected":false},"featured_media":17678,"comment_status":"open","ping_status":"closed","template":"","meta":[],"product_cat":[939],"product_tag":[],"giftcard-category":[],"class_list":{"0":"post-18831","1":"product","2":"type-product","3":"status-publish","4":"has-post-thumbnail","6":"product_cat-uzkandziai","7":"pa_brand-hot-chip","9":"first","10":"outofstock","11":"sale","12":"taxable","13":"shipping-taxable","14":"purchasable","15":"product-type-simple"},"yoast_head":"<!-- This site is optimized with the Yoast SEO plugin v27.3 - https:\/\/yoast.com\/product\/yoast-seo-wordpress\/ -->\n<title>Jelly Beans Spicy Fruit - Hotta<\/title>\n<meta name=\"description\" content=\"Vaisi\u0173 skonio, vidutinio a\u0161trumo \u017eel\u0117 pupel\u0117s. Pakuot\u0117je yra \u0161i\u0173 skoni\u0173: m\u0117lyni\u0173, tre\u0161ni\u0173, bra\u0161ki\u0173, arb\u016bz\u0173 ir mang\u0173.\" \/>\n<meta name=\"robots\" content=\"index, follow, max-snippet:-1, max-image-preview:large, max-video-preview:-1\" \/>\n<link rel=\"canonical\" href=\"https:\/\/hotta.eu\/lt\/shop\/jelly-beans-spicy-fruit\/\" \/>\n<meta property=\"og:locale\" content=\"lt_LT\" \/>\n<meta property=\"og:type\" content=\"article\" \/>\n<meta property=\"og:title\" content=\"Jelly Beans Spicy Fruit - Hotta\" \/>\n<meta property=\"og:description\" content=\"Vaisi\u0173 skonio, vidutinio a\u0161trumo \u017eel\u0117 pupel\u0117s. Pakuot\u0117je yra \u0161i\u0173 skoni\u0173: m\u0117lyni\u0173, tre\u0161ni\u0173, bra\u0161ki\u0173, arb\u016bz\u0173 ir mang\u0173.\" \/>\n<meta property=\"og:url\" content=\"https:\/\/hotta.eu\/lt\/shop\/jelly-beans-spicy-fruit\/\" \/>\n<meta property=\"og:site_name\" content=\"Hotta\" \/>\n<meta property=\"article:publisher\" content=\"https:\/\/www.facebook.com\/hotta.eu\" \/>\n<meta property=\"article:modified_time\" content=\"2025-08-23T11:52:02+00:00\" \/>\n<meta property=\"og:image\" content=\"https:\/\/hotta.eu\/wp-content\/uploads\/2023\/06\/78c610cd215f461cdc6c54e378a7af62.png\" \/>\n\t<meta property=\"og:image:width\" content=\"660\" \/>\n\t<meta property=\"og:image:height\" content=\"800\" \/>\n\t<meta property=\"og:image:type\" content=\"image\/png\" \/>\n<meta name=\"twitter:card\" content=\"summary_large_image\" \/>\n<meta name=\"twitter:site\" content=\"@hottashop\" \/>\n<meta name=\"twitter:label1\" content=\"Est. reading time\" \/>\n\t<meta name=\"twitter:data1\" content=\"1 minute\" \/>\n<script type=\"application\/ld+json\" class=\"yoast-schema-graph\">{\"@context\":\"https:\\\/\\\/schema.org\",\"@graph\":[{\"@type\":\"WebPage\",\"@id\":\"https:\\\/\\\/hotta.eu\\\/lt\\\/shop\\\/jelly-beans-spicy-fruit\\\/\",\"url\":\"https:\\\/\\\/hotta.eu\\\/lt\\\/shop\\\/jelly-beans-spicy-fruit\\\/\",\"name\":\"Jelly Beans Spicy Fruit - Hotta\",\"isPartOf\":{\"@id\":\"https:\\\/\\\/hotta.eu\\\/lt\\\/#website\"},\"primaryImageOfPage\":{\"@id\":\"https:\\\/\\\/hotta.eu\\\/lt\\\/shop\\\/jelly-beans-spicy-fruit\\\/#primaryimage\"},\"image\":{\"@id\":\"https:\\\/\\\/hotta.eu\\\/lt\\\/shop\\\/jelly-beans-spicy-fruit\\\/#primaryimage\"},\"thumbnailUrl\":\"https:\\\/\\\/hotta.eu\\\/wp-content\\\/uploads\\\/2023\\\/06\\\/78c610cd215f461cdc6c54e378a7af62.png\",\"datePublished\":\"2023-06-10T06:00:57+00:00\",\"dateModified\":\"2025-08-23T11:52:02+00:00\",\"description\":\"Vaisi\u0173 skonio, vidutinio a\u0161trumo \u017eel\u0117 pupel\u0117s. Pakuot\u0117je yra \u0161i\u0173 skoni\u0173: m\u0117lyni\u0173, tre\u0161ni\u0173, bra\u0161ki\u0173, arb\u016bz\u0173 ir mang\u0173.\",\"breadcrumb\":{\"@id\":\"https:\\\/\\\/hotta.eu\\\/lt\\\/shop\\\/jelly-beans-spicy-fruit\\\/#breadcrumb\"},\"inLanguage\":\"lt-LT\",\"potentialAction\":[{\"@type\":\"ReadAction\",\"target\":[\"https:\\\/\\\/hotta.eu\\\/lt\\\/shop\\\/jelly-beans-spicy-fruit\\\/\"]}]},{\"@type\":\"ImageObject\",\"inLanguage\":\"lt-LT\",\"@id\":\"https:\\\/\\\/hotta.eu\\\/lt\\\/shop\\\/jelly-beans-spicy-fruit\\\/#primaryimage\",\"url\":\"https:\\\/\\\/hotta.eu\\\/wp-content\\\/uploads\\\/2023\\\/06\\\/78c610cd215f461cdc6c54e378a7af62.png\",\"contentUrl\":\"https:\\\/\\\/hotta.eu\\\/wp-content\\\/uploads\\\/2023\\\/06\\\/78c610cd215f461cdc6c54e378a7af62.png\",\"width\":660,\"height\":800},{\"@type\":\"BreadcrumbList\",\"@id\":\"https:\\\/\\\/hotta.eu\\\/lt\\\/shop\\\/jelly-beans-spicy-fruit\\\/#breadcrumb\",\"itemListElement\":[{\"@type\":\"ListItem\",\"position\":1,\"name\":\"Prad\u017eia\",\"item\":\"https:\\\/\\\/hotta.eu\\\/lt\\\/pradzia\\\/\"},{\"@type\":\"ListItem\",\"position\":2,\"name\":\"Parduotuv\u0117\",\"item\":\"https:\\\/\\\/hotta.eu\\\/shop\\\/\"},{\"@type\":\"ListItem\",\"position\":3,\"name\":\"Jelly Beans Spicy Fruit\"}]},{\"@type\":\"WebSite\",\"@id\":\"https:\\\/\\\/hotta.eu\\\/lt\\\/#website\",\"url\":\"https:\\\/\\\/hotta.eu\\\/lt\\\/\",\"name\":\"Hotta\",\"description\":\"Makes your mouth burn a lotta!\",\"publisher\":{\"@id\":\"https:\\\/\\\/hotta.eu\\\/lt\\\/#organization\"},\"potentialAction\":[{\"@type\":\"SearchAction\",\"target\":{\"@type\":\"EntryPoint\",\"urlTemplate\":\"https:\\\/\\\/hotta.eu\\\/lt\\\/?s={search_term_string}\"},\"query-input\":{\"@type\":\"PropertyValueSpecification\",\"valueRequired\":true,\"valueName\":\"search_term_string\"}}],\"inLanguage\":\"lt-LT\"},{\"@type\":\"Organization\",\"@id\":\"https:\\\/\\\/hotta.eu\\\/lt\\\/#organization\",\"name\":\"Hotta\",\"url\":\"https:\\\/\\\/hotta.eu\\\/lt\\\/\",\"logo\":{\"@type\":\"ImageObject\",\"inLanguage\":\"lt-LT\",\"@id\":\"https:\\\/\\\/hotta.eu\\\/lt\\\/#\\\/schema\\\/logo\\\/image\\\/\",\"url\":\"https:\\\/\\\/hotta.eu\\\/wp-content\\\/uploads\\\/2025\\\/04\\\/hotta-logo-invoice.png\",\"contentUrl\":\"https:\\\/\\\/hotta.eu\\\/wp-content\\\/uploads\\\/2025\\\/04\\\/hotta-logo-invoice.png\",\"width\":600,\"height\":411,\"caption\":\"Hotta\"},\"image\":{\"@id\":\"https:\\\/\\\/hotta.eu\\\/lt\\\/#\\\/schema\\\/logo\\\/image\\\/\"},\"sameAs\":[\"https:\\\/\\\/www.facebook.com\\\/hotta.eu\",\"https:\\\/\\\/x.com\\\/hottashop\",\"https:\\\/\\\/www.instagram.com\\\/hotta.shop\"]}]}<\/script>\n<!-- \/ Yoast SEO plugin. -->","yoast_head_json":{"title":"Jelly Beans Spicy Fruit - Hotta","description":"Vaisi\u0173 skonio, vidutinio a\u0161trumo \u017eel\u0117 pupel\u0117s. Pakuot\u0117je yra \u0161i\u0173 skoni\u0173: m\u0117lyni\u0173, tre\u0161ni\u0173, bra\u0161ki\u0173, arb\u016bz\u0173 ir mang\u0173.","robots":{"index":"index","follow":"follow","max-snippet":"max-snippet:-1","max-image-preview":"max-image-preview:large","max-video-preview":"max-video-preview:-1"},"canonical":"https:\/\/hotta.eu\/lt\/shop\/jelly-beans-spicy-fruit\/","og_locale":"lt_LT","og_type":"article","og_title":"Jelly Beans Spicy Fruit - Hotta","og_description":"Vaisi\u0173 skonio, vidutinio a\u0161trumo \u017eel\u0117 pupel\u0117s. Pakuot\u0117je yra \u0161i\u0173 skoni\u0173: m\u0117lyni\u0173, tre\u0161ni\u0173, bra\u0161ki\u0173, arb\u016bz\u0173 ir mang\u0173.","og_url":"https:\/\/hotta.eu\/lt\/shop\/jelly-beans-spicy-fruit\/","og_site_name":"Hotta","article_publisher":"https:\/\/www.facebook.com\/hotta.eu","article_modified_time":"2025-08-23T11:52:02+00:00","og_image":[{"width":660,"height":800,"url":"https:\/\/hotta.eu\/wp-content\/uploads\/2023\/06\/78c610cd215f461cdc6c54e378a7af62.png","type":"image\/png"}],"twitter_card":"summary_large_image","twitter_site":"@hottashop","twitter_misc":{"Est. reading time":"1 minute"},"schema":{"@context":"https:\/\/schema.org","@graph":[{"@type":"WebPage","@id":"https:\/\/hotta.eu\/lt\/shop\/jelly-beans-spicy-fruit\/","url":"https:\/\/hotta.eu\/lt\/shop\/jelly-beans-spicy-fruit\/","name":"Jelly Beans Spicy Fruit - Hotta","isPartOf":{"@id":"https:\/\/hotta.eu\/lt\/#website"},"primaryImageOfPage":{"@id":"https:\/\/hotta.eu\/lt\/shop\/jelly-beans-spicy-fruit\/#primaryimage"},"image":{"@id":"https:\/\/hotta.eu\/lt\/shop\/jelly-beans-spicy-fruit\/#primaryimage"},"thumbnailUrl":"https:\/\/hotta.eu\/wp-content\/uploads\/2023\/06\/78c610cd215f461cdc6c54e378a7af62.png","datePublished":"2023-06-10T06:00:57+00:00","dateModified":"2025-08-23T11:52:02+00:00","description":"Vaisi\u0173 skonio, vidutinio a\u0161trumo \u017eel\u0117 pupel\u0117s. Pakuot\u0117je yra \u0161i\u0173 skoni\u0173: m\u0117lyni\u0173, tre\u0161ni\u0173, bra\u0161ki\u0173, arb\u016bz\u0173 ir mang\u0173.","breadcrumb":{"@id":"https:\/\/hotta.eu\/lt\/shop\/jelly-beans-spicy-fruit\/#breadcrumb"},"inLanguage":"lt-LT","potentialAction":[{"@type":"ReadAction","target":["https:\/\/hotta.eu\/lt\/shop\/jelly-beans-spicy-fruit\/"]}]},{"@type":"ImageObject","inLanguage":"lt-LT","@id":"https:\/\/hotta.eu\/lt\/shop\/jelly-beans-spicy-fruit\/#primaryimage","url":"https:\/\/hotta.eu\/wp-content\/uploads\/2023\/06\/78c610cd215f461cdc6c54e378a7af62.png","contentUrl":"https:\/\/hotta.eu\/wp-content\/uploads\/2023\/06\/78c610cd215f461cdc6c54e378a7af62.png","width":660,"height":800},{"@type":"BreadcrumbList","@id":"https:\/\/hotta.eu\/lt\/shop\/jelly-beans-spicy-fruit\/#breadcrumb","itemListElement":[{"@type":"ListItem","position":1,"name":"Prad\u017eia","item":"https:\/\/hotta.eu\/lt\/pradzia\/"},{"@type":"ListItem","position":2,"name":"Parduotuv\u0117","item":"https:\/\/hotta.eu\/shop\/"},{"@type":"ListItem","position":3,"name":"Jelly Beans Spicy Fruit"}]},{"@type":"WebSite","@id":"https:\/\/hotta.eu\/lt\/#website","url":"https:\/\/hotta.eu\/lt\/","name":"Hotta","description":"Makes your mouth burn a lotta!","publisher":{"@id":"https:\/\/hotta.eu\/lt\/#organization"},"potentialAction":[{"@type":"SearchAction","target":{"@type":"EntryPoint","urlTemplate":"https:\/\/hotta.eu\/lt\/?s={search_term_string}"},"query-input":{"@type":"PropertyValueSpecification","valueRequired":true,"valueName":"search_term_string"}}],"inLanguage":"lt-LT"},{"@type":"Organization","@id":"https:\/\/hotta.eu\/lt\/#organization","name":"Hotta","url":"https:\/\/hotta.eu\/lt\/","logo":{"@type":"ImageObject","inLanguage":"lt-LT","@id":"https:\/\/hotta.eu\/lt\/#\/schema\/logo\/image\/","url":"https:\/\/hotta.eu\/wp-content\/uploads\/2025\/04\/hotta-logo-invoice.png","contentUrl":"https:\/\/hotta.eu\/wp-content\/uploads\/2025\/04\/hotta-logo-invoice.png","width":600,"height":411,"caption":"Hotta"},"image":{"@id":"https:\/\/hotta.eu\/lt\/#\/schema\/logo\/image\/"},"sameAs":["https:\/\/www.facebook.com\/hotta.eu","https:\/\/x.com\/hottashop","https:\/\/www.instagram.com\/hotta.shop"]}]}},"jetpack_sharing_enabled":true,"_links":{"self":[{"href":"https:\/\/hotta.eu\/lt\/wp-json\/wp\/v2\/product\/18831","targetHints":{"allow":["GET"]}}],"collection":[{"href":"https:\/\/hotta.eu\/lt\/wp-json\/wp\/v2\/product"}],"about":[{"href":"https:\/\/hotta.eu\/lt\/wp-json\/wp\/v2\/types\/product"}],"replies":[{"embeddable":true,"href":"https:\/\/hotta.eu\/lt\/wp-json\/wp\/v2\/comments?post=18831"}],"wp:featuredmedia":[{"embeddable":true,"href":"https:\/\/hotta.eu\/lt\/wp-json\/wp\/v2\/media\/17678"}],"wp:attachment":[{"href":"https:\/\/hotta.eu\/lt\/wp-json\/wp\/v2\/media?parent=18831"}],"wp:term":[{"taxonomy":"product_cat","embeddable":true,"href":"https:\/\/hotta.eu\/lt\/wp-json\/wp\/v2\/product_cat?post=18831"},{"taxonomy":"product_tag","embeddable":true,"href":"https:\/\/hotta.eu\/lt\/wp-json\/wp\/v2\/product_tag?post=18831"},{"taxonomy":"giftcard-category","embeddable":true,"href":"https:\/\/hotta.eu\/lt\/wp-json\/wp\/v2\/giftcard-category?post=18831"}],"curies":[{"name":"wp","href":"https:\/\/api.w.org\/{rel}","templated":true}]}}