{"id":18844,"date":"2023-10-07T07:31:57","date_gmt":"2023-10-07T05:31:57","guid":{"rendered":"https:\/\/hotta.eu\/shop\/farkin-hell-its-hot-sauce\/"},"modified":"2024-12-27T12:40:45","modified_gmt":"2024-12-27T10:40:45","slug":"farkin-hell-its-hot-sauce","status":"publish","type":"product","link":"https:\/\/hotta.eu\/lt\/shop\/farkin-hell-its-hot-sauce\/","title":{"rendered":"Farkin&#8217; Hell It&#8217;s Hot Sauce"},"content":{"rendered":"<p><strong>Sudedamosios dalys<\/strong><br \/>\nRaudonieji pipirai, kiviai, aitriosios paprikos &#8220;Smokin&#8217; Ed Carolina Reaper&#8221;, baltojo vyno actas, svog\u016bnai, kokos\u0173 nektaras, citrin\u0173 sultys, \u010desnakai, imbieras, druska, chia s\u0117kl\u0173 milteliai, pipirai.<\/p>\n<p><strong>Maistingumo informacija (100 g)<\/strong><br \/>\nEnergin\u0117 vert\u0117 314 kJ, riebal\u0173 &lt;1 g, angliavandeni\u0173 15,2 g, natrio 836 mg, cukraus 14 g, baltym\u0173 1,6 g.<\/p>\n<p><strong>Galiojimas ir saugojimas<\/strong><br \/>\nAnt buteliuko nurodyta galiojimo data galioja neatidarytam produktui. Atidaryt\u0105 produkt\u0105 reikia laikyti \u0161aldytuve.<\/p>\n","protected":false},"excerpt":{"rendered":"<p>Naujojoje Zelandijoje u\u017eaugintos &#8220;Smokin&#8217; Ed&#8217;s Carolina Reaper&#8221; aitriosios paprikos egzoti\u0161kame kivi\u0173 ir kokos\u0173 sul\u010di\u0173 mi\u0161inyje. Pana\u0161us \u012f anks\u010diau \u017einom\u0105 &#8220;Culley&#8217;s F*ck Me That&#8217;s Hot Sauce&#8221;, ta\u010diau \u0161\u012f kart\u0105 jo dizainas ir pavadinimas \u0161iek tiek sant\u016bresni. Rezultatas &#8211; labai a\u0161trus, bet \u012fdomus skoni\u0173 mi\u0161inys!<br \/>\n[ywcwtl_form product_id=\"\"]<\/p>\n","protected":false},"featured_media":16732,"comment_status":"open","ping_status":"closed","template":"","meta":[],"product_cat":[919,917],"product_tag":[],"giftcard-category":[],"class_list":{"0":"post-18844","1":"product","2":"type-product","3":"status-publish","4":"has-post-thumbnail","6":"product_cat-ekstremalus","7":"product_cat-padazai","8":"pa_brand-culleys","10":"first","11":"outofstock","12":"taxable","13":"shipping-taxable","14":"purchasable","15":"product-type-simple"},"yoast_head":"<!-- This site is optimized with the Yoast SEO plugin v27.3 - https:\/\/yoast.com\/product\/yoast-seo-wordpress\/ -->\n<title>Farkin&#039; Hell It&#039;s Hot Sauce - Hotta<\/title>\n<meta name=\"description\" content=\"Naujojoje Zelandijoje u\u017eaugintas &quot;Smokin&#039; Ed&#039;s Carolina Reaper&quot; yra itin saldus, ta\u010diau labai aromatingas aitri\u0173j\u0173 paprik\u0173, kivi\u0173 ir kokos\u0173 nektaro mi\u0161inys.\" \/>\n<meta name=\"robots\" content=\"index, follow, max-snippet:-1, max-image-preview:large, max-video-preview:-1\" \/>\n<link rel=\"canonical\" href=\"https:\/\/hotta.eu\/lt\/shop\/farkin-hell-its-hot-sauce\/\" \/>\n<meta property=\"og:locale\" content=\"lt_LT\" \/>\n<meta property=\"og:type\" content=\"article\" \/>\n<meta property=\"og:title\" content=\"Farkin&#039; Hell It&#039;s Hot Sauce - Hotta\" \/>\n<meta property=\"og:description\" content=\"Naujojoje Zelandijoje u\u017eaugintas &quot;Smokin&#039; Ed&#039;s Carolina Reaper&quot; yra itin saldus, ta\u010diau labai aromatingas aitri\u0173j\u0173 paprik\u0173, kivi\u0173 ir kokos\u0173 nektaro mi\u0161inys.\" \/>\n<meta property=\"og:url\" content=\"https:\/\/hotta.eu\/lt\/shop\/farkin-hell-its-hot-sauce\/\" \/>\n<meta property=\"og:site_name\" content=\"Hotta\" \/>\n<meta property=\"article:publisher\" content=\"https:\/\/www.facebook.com\/hotta.eu\" \/>\n<meta property=\"article:modified_time\" content=\"2024-12-27T10:40:45+00:00\" \/>\n<meta property=\"og:image\" content=\"https:\/\/hotta.eu\/wp-content\/uploads\/2024\/03\/culleys-12-copy.png\" \/>\n\t<meta property=\"og:image:width\" content=\"1500\" \/>\n\t<meta property=\"og:image:height\" content=\"1500\" \/>\n\t<meta property=\"og:image:type\" content=\"image\/png\" \/>\n<meta name=\"twitter:card\" content=\"summary_large_image\" \/>\n<meta name=\"twitter:site\" content=\"@hottashop\" \/>\n<meta name=\"twitter:label1\" content=\"Est. reading time\" \/>\n\t<meta name=\"twitter:data1\" content=\"1 minute\" \/>\n<script type=\"application\/ld+json\" class=\"yoast-schema-graph\">{\"@context\":\"https:\\\/\\\/schema.org\",\"@graph\":[{\"@type\":\"WebPage\",\"@id\":\"https:\\\/\\\/hotta.eu\\\/lt\\\/shop\\\/farkin-hell-its-hot-sauce\\\/\",\"url\":\"https:\\\/\\\/hotta.eu\\\/lt\\\/shop\\\/farkin-hell-its-hot-sauce\\\/\",\"name\":\"Farkin' Hell It's Hot Sauce - Hotta\",\"isPartOf\":{\"@id\":\"https:\\\/\\\/hotta.eu\\\/lt\\\/#website\"},\"primaryImageOfPage\":{\"@id\":\"https:\\\/\\\/hotta.eu\\\/lt\\\/shop\\\/farkin-hell-its-hot-sauce\\\/#primaryimage\"},\"image\":{\"@id\":\"https:\\\/\\\/hotta.eu\\\/lt\\\/shop\\\/farkin-hell-its-hot-sauce\\\/#primaryimage\"},\"thumbnailUrl\":\"https:\\\/\\\/hotta.eu\\\/wp-content\\\/uploads\\\/2024\\\/03\\\/culleys-12-copy.png\",\"datePublished\":\"2023-10-07T05:31:57+00:00\",\"dateModified\":\"2024-12-27T10:40:45+00:00\",\"description\":\"Naujojoje Zelandijoje u\u017eaugintas \\\"Smokin' Ed's Carolina Reaper\\\" yra itin saldus, ta\u010diau labai aromatingas aitri\u0173j\u0173 paprik\u0173, kivi\u0173 ir kokos\u0173 nektaro mi\u0161inys.\",\"breadcrumb\":{\"@id\":\"https:\\\/\\\/hotta.eu\\\/lt\\\/shop\\\/farkin-hell-its-hot-sauce\\\/#breadcrumb\"},\"inLanguage\":\"lt-LT\",\"potentialAction\":[{\"@type\":\"ReadAction\",\"target\":[\"https:\\\/\\\/hotta.eu\\\/lt\\\/shop\\\/farkin-hell-its-hot-sauce\\\/\"]}]},{\"@type\":\"ImageObject\",\"inLanguage\":\"lt-LT\",\"@id\":\"https:\\\/\\\/hotta.eu\\\/lt\\\/shop\\\/farkin-hell-its-hot-sauce\\\/#primaryimage\",\"url\":\"https:\\\/\\\/hotta.eu\\\/wp-content\\\/uploads\\\/2024\\\/03\\\/culleys-12-copy.png\",\"contentUrl\":\"https:\\\/\\\/hotta.eu\\\/wp-content\\\/uploads\\\/2024\\\/03\\\/culleys-12-copy.png\",\"width\":1500,\"height\":1500},{\"@type\":\"BreadcrumbList\",\"@id\":\"https:\\\/\\\/hotta.eu\\\/lt\\\/shop\\\/farkin-hell-its-hot-sauce\\\/#breadcrumb\",\"itemListElement\":[{\"@type\":\"ListItem\",\"position\":1,\"name\":\"Prad\u017eia\",\"item\":\"https:\\\/\\\/hotta.eu\\\/lt\\\/pradzia\\\/\"},{\"@type\":\"ListItem\",\"position\":2,\"name\":\"Parduotuv\u0117\",\"item\":\"https:\\\/\\\/hotta.eu\\\/shop\\\/\"},{\"@type\":\"ListItem\",\"position\":3,\"name\":\"Farkin&#8217; Hell It&#8217;s Hot Sauce\"}]},{\"@type\":\"WebSite\",\"@id\":\"https:\\\/\\\/hotta.eu\\\/lt\\\/#website\",\"url\":\"https:\\\/\\\/hotta.eu\\\/lt\\\/\",\"name\":\"Hotta\",\"description\":\"Makes your mouth burn a lotta!\",\"publisher\":{\"@id\":\"https:\\\/\\\/hotta.eu\\\/lt\\\/#organization\"},\"potentialAction\":[{\"@type\":\"SearchAction\",\"target\":{\"@type\":\"EntryPoint\",\"urlTemplate\":\"https:\\\/\\\/hotta.eu\\\/lt\\\/?s={search_term_string}\"},\"query-input\":{\"@type\":\"PropertyValueSpecification\",\"valueRequired\":true,\"valueName\":\"search_term_string\"}}],\"inLanguage\":\"lt-LT\"},{\"@type\":\"Organization\",\"@id\":\"https:\\\/\\\/hotta.eu\\\/lt\\\/#organization\",\"name\":\"Hotta\",\"url\":\"https:\\\/\\\/hotta.eu\\\/lt\\\/\",\"logo\":{\"@type\":\"ImageObject\",\"inLanguage\":\"lt-LT\",\"@id\":\"https:\\\/\\\/hotta.eu\\\/lt\\\/#\\\/schema\\\/logo\\\/image\\\/\",\"url\":\"https:\\\/\\\/hotta.eu\\\/wp-content\\\/uploads\\\/2025\\\/04\\\/hotta-logo-invoice.png\",\"contentUrl\":\"https:\\\/\\\/hotta.eu\\\/wp-content\\\/uploads\\\/2025\\\/04\\\/hotta-logo-invoice.png\",\"width\":600,\"height\":411,\"caption\":\"Hotta\"},\"image\":{\"@id\":\"https:\\\/\\\/hotta.eu\\\/lt\\\/#\\\/schema\\\/logo\\\/image\\\/\"},\"sameAs\":[\"https:\\\/\\\/www.facebook.com\\\/hotta.eu\",\"https:\\\/\\\/x.com\\\/hottashop\",\"https:\\\/\\\/www.instagram.com\\\/hotta.shop\"]}]}<\/script>\n<!-- \/ Yoast SEO plugin. -->","yoast_head_json":{"title":"Farkin' Hell It's Hot Sauce - Hotta","description":"Naujojoje Zelandijoje u\u017eaugintas \"Smokin' Ed's Carolina Reaper\" yra itin saldus, ta\u010diau labai aromatingas aitri\u0173j\u0173 paprik\u0173, kivi\u0173 ir kokos\u0173 nektaro mi\u0161inys.","robots":{"index":"index","follow":"follow","max-snippet":"max-snippet:-1","max-image-preview":"max-image-preview:large","max-video-preview":"max-video-preview:-1"},"canonical":"https:\/\/hotta.eu\/lt\/shop\/farkin-hell-its-hot-sauce\/","og_locale":"lt_LT","og_type":"article","og_title":"Farkin' Hell It's Hot Sauce - Hotta","og_description":"Naujojoje Zelandijoje u\u017eaugintas \"Smokin' Ed's Carolina Reaper\" yra itin saldus, ta\u010diau labai aromatingas aitri\u0173j\u0173 paprik\u0173, kivi\u0173 ir kokos\u0173 nektaro mi\u0161inys.","og_url":"https:\/\/hotta.eu\/lt\/shop\/farkin-hell-its-hot-sauce\/","og_site_name":"Hotta","article_publisher":"https:\/\/www.facebook.com\/hotta.eu","article_modified_time":"2024-12-27T10:40:45+00:00","og_image":[{"width":1500,"height":1500,"url":"https:\/\/hotta.eu\/wp-content\/uploads\/2024\/03\/culleys-12-copy.png","type":"image\/png"}],"twitter_card":"summary_large_image","twitter_site":"@hottashop","twitter_misc":{"Est. reading time":"1 minute"},"schema":{"@context":"https:\/\/schema.org","@graph":[{"@type":"WebPage","@id":"https:\/\/hotta.eu\/lt\/shop\/farkin-hell-its-hot-sauce\/","url":"https:\/\/hotta.eu\/lt\/shop\/farkin-hell-its-hot-sauce\/","name":"Farkin' Hell It's Hot Sauce - Hotta","isPartOf":{"@id":"https:\/\/hotta.eu\/lt\/#website"},"primaryImageOfPage":{"@id":"https:\/\/hotta.eu\/lt\/shop\/farkin-hell-its-hot-sauce\/#primaryimage"},"image":{"@id":"https:\/\/hotta.eu\/lt\/shop\/farkin-hell-its-hot-sauce\/#primaryimage"},"thumbnailUrl":"https:\/\/hotta.eu\/wp-content\/uploads\/2024\/03\/culleys-12-copy.png","datePublished":"2023-10-07T05:31:57+00:00","dateModified":"2024-12-27T10:40:45+00:00","description":"Naujojoje Zelandijoje u\u017eaugintas \"Smokin' Ed's Carolina Reaper\" yra itin saldus, ta\u010diau labai aromatingas aitri\u0173j\u0173 paprik\u0173, kivi\u0173 ir kokos\u0173 nektaro mi\u0161inys.","breadcrumb":{"@id":"https:\/\/hotta.eu\/lt\/shop\/farkin-hell-its-hot-sauce\/#breadcrumb"},"inLanguage":"lt-LT","potentialAction":[{"@type":"ReadAction","target":["https:\/\/hotta.eu\/lt\/shop\/farkin-hell-its-hot-sauce\/"]}]},{"@type":"ImageObject","inLanguage":"lt-LT","@id":"https:\/\/hotta.eu\/lt\/shop\/farkin-hell-its-hot-sauce\/#primaryimage","url":"https:\/\/hotta.eu\/wp-content\/uploads\/2024\/03\/culleys-12-copy.png","contentUrl":"https:\/\/hotta.eu\/wp-content\/uploads\/2024\/03\/culleys-12-copy.png","width":1500,"height":1500},{"@type":"BreadcrumbList","@id":"https:\/\/hotta.eu\/lt\/shop\/farkin-hell-its-hot-sauce\/#breadcrumb","itemListElement":[{"@type":"ListItem","position":1,"name":"Prad\u017eia","item":"https:\/\/hotta.eu\/lt\/pradzia\/"},{"@type":"ListItem","position":2,"name":"Parduotuv\u0117","item":"https:\/\/hotta.eu\/shop\/"},{"@type":"ListItem","position":3,"name":"Farkin&#8217; Hell It&#8217;s Hot Sauce"}]},{"@type":"WebSite","@id":"https:\/\/hotta.eu\/lt\/#website","url":"https:\/\/hotta.eu\/lt\/","name":"Hotta","description":"Makes your mouth burn a lotta!","publisher":{"@id":"https:\/\/hotta.eu\/lt\/#organization"},"potentialAction":[{"@type":"SearchAction","target":{"@type":"EntryPoint","urlTemplate":"https:\/\/hotta.eu\/lt\/?s={search_term_string}"},"query-input":{"@type":"PropertyValueSpecification","valueRequired":true,"valueName":"search_term_string"}}],"inLanguage":"lt-LT"},{"@type":"Organization","@id":"https:\/\/hotta.eu\/lt\/#organization","name":"Hotta","url":"https:\/\/hotta.eu\/lt\/","logo":{"@type":"ImageObject","inLanguage":"lt-LT","@id":"https:\/\/hotta.eu\/lt\/#\/schema\/logo\/image\/","url":"https:\/\/hotta.eu\/wp-content\/uploads\/2025\/04\/hotta-logo-invoice.png","contentUrl":"https:\/\/hotta.eu\/wp-content\/uploads\/2025\/04\/hotta-logo-invoice.png","width":600,"height":411,"caption":"Hotta"},"image":{"@id":"https:\/\/hotta.eu\/lt\/#\/schema\/logo\/image\/"},"sameAs":["https:\/\/www.facebook.com\/hotta.eu","https:\/\/x.com\/hottashop","https:\/\/www.instagram.com\/hotta.shop"]}]}},"jetpack_sharing_enabled":true,"_links":{"self":[{"href":"https:\/\/hotta.eu\/lt\/wp-json\/wp\/v2\/product\/18844","targetHints":{"allow":["GET"]}}],"collection":[{"href":"https:\/\/hotta.eu\/lt\/wp-json\/wp\/v2\/product"}],"about":[{"href":"https:\/\/hotta.eu\/lt\/wp-json\/wp\/v2\/types\/product"}],"replies":[{"embeddable":true,"href":"https:\/\/hotta.eu\/lt\/wp-json\/wp\/v2\/comments?post=18844"}],"wp:featuredmedia":[{"embeddable":true,"href":"https:\/\/hotta.eu\/lt\/wp-json\/wp\/v2\/media\/16732"}],"wp:attachment":[{"href":"https:\/\/hotta.eu\/lt\/wp-json\/wp\/v2\/media?parent=18844"}],"wp:term":[{"taxonomy":"product_cat","embeddable":true,"href":"https:\/\/hotta.eu\/lt\/wp-json\/wp\/v2\/product_cat?post=18844"},{"taxonomy":"product_tag","embeddable":true,"href":"https:\/\/hotta.eu\/lt\/wp-json\/wp\/v2\/product_tag?post=18844"},{"taxonomy":"giftcard-category","embeddable":true,"href":"https:\/\/hotta.eu\/lt\/wp-json\/wp\/v2\/giftcard-category?post=18844"}],"curies":[{"name":"wp","href":"https:\/\/api.w.org\/{rel}","templated":true}]}}