{"id":18853,"date":"2023-12-16T00:24:15","date_gmt":"2023-12-15T22:24:15","guid":{"rendered":"https:\/\/hotta.eu\/shop\/juros-dumbliu-gvajavos-lavos-astrus-padazas\/"},"modified":"2025-10-11T08:02:56","modified_gmt":"2025-10-11T06:02:56","slug":"seaweed-guava-lava-hot-sauce","status":"publish","type":"product","link":"https:\/\/hotta.eu\/lt\/shop\/seaweed-guava-lava-hot-sauce\/","title":{"rendered":"Seaweed Guava Lava Hot Sauce"},"content":{"rendered":"<p><strong>Sud\u0117tis<br \/>\n<\/strong>Guava (72 %), acto r\u016bg\u0161tis, svog\u016bnai, j\u016bros druska, aitriosios paprikos &#8220;Madame Jeanette&#8221; (6 %), habanero aitriosios paprikos, \u010desnakai, \u012fvairios dar\u017eov\u0117s (sidabriniai svog\u016bnai, agurkai, \u017eiediniai kop\u016bstai), cukrus, kvietiniai miltai, garsty\u010di\u0173 s\u0117klos, palmi\u0173 pomidorai (1 %), raps\u0173 aliejus, prieskoniai. Gali b\u016bti <strong>sm\u0117lio<\/strong>, <strong>\u017euv\u0173,<\/strong> <strong>moliusk\u0173<\/strong> ir <strong>v\u0117\u017eiagyvi\u0173<\/strong> liku\u010di\u0173.<\/p>\n<p><strong>Maistingumo informacija (100 ml)<br \/>\n<\/strong> Energin\u0117 vert\u0117 71 kcal (297 kJ), riebal\u0173 0,73 g, i\u0161 kuri\u0173 so\u010di\u0173j\u0173 riebal\u0173 r\u016bg\u0161\u010di\u0173 0,1 g, angliavandeni\u0173 13,90 g, i\u0161 kuri\u0173 cukr\u0173 8,66 g, baltym\u0173 2,23 g, skaidulini\u0173 med\u017eiag\u0173 2,44 g, druskos 5,04 g.<\/p>\n<p><strong>Galiojimo laikas ir laikymas<\/strong><br \/>\nAnt buteliuko nurodytas galiojimo laikas galioja neatidarytam produktui. Atidaryt\u0105 produkt\u0105 reikia laikyti \u0161aldytuve.<\/p>\n","protected":false},"excerpt":{"rendered":"<p>&#8220;Pastiche&#8221; yra Nyderland\u0173 gamintojas, kurio specializacija &#8211; a\u0161tr\u016bs pada\u017eai su augaliniais ingredientais. Amsterdame gaminam\u0173 produkt\u0173 pagrind\u0105 sudaro ne ma\u017eiau kaip 70 % \u012fvairi\u0173 atogr\u0105\u017e\u0173 vaisi\u0173 ir 8-10 % aitri\u0173j\u0173 paprik\u0173.<\/p>\n<p>&#8220;Seaweed Guava Lava&#8221; sudaro net 71 % gvajavos, a\u0161trumo suteikia &#8220;Madame Jeanette&#8221; ir habanero aitriosios paprikos, o ypating\u0105 skon\u012f &#8211; j\u016bros dumbliai.<br \/>\n[ywcwtl_form product_id=\"\"]<\/p>\n","protected":false},"featured_media":16756,"comment_status":"open","ping_status":"closed","template":"","meta":[],"product_cat":[917,925],"product_tag":[],"giftcard-category":[],"class_list":{"0":"post-18853","1":"product","2":"type-product","3":"status-publish","4":"has-post-thumbnail","6":"product_cat-padazai","7":"product_cat-svelnuus","8":"pa_brand-pastiche","10":"first","11":"outofstock","12":"taxable","13":"shipping-taxable","14":"purchasable","15":"product-type-variable","16":"has-default-attributes"},"yoast_head":"<!-- This site is optimized with the Yoast SEO plugin v27.4 - https:\/\/yoast.com\/product\/yoast-seo-wordpress\/ -->\n<title>Seaweed Guava Lava Hot Sauce - Hotta<\/title>\n<meta name=\"description\" content=\"&quot;Pastiche&quot; yra Nyderland\u0173 gamintojas, kurio specializacija - a\u0161tr\u016bs pada\u017eai su augaliniais ingredientais. \u0160vie\u017ei skoniai tiesiai i\u0161 Amsterdamo. I\u0161bandykite!\" \/>\n<meta name=\"robots\" content=\"index, follow, max-snippet:-1, max-image-preview:large, max-video-preview:-1\" \/>\n<link rel=\"canonical\" href=\"https:\/\/hotta.eu\/lt\/shop\/seaweed-guava-lava-hot-sauce\/\" \/>\n<meta property=\"og:locale\" content=\"lt_LT\" \/>\n<meta property=\"og:type\" content=\"article\" \/>\n<meta property=\"og:title\" content=\"Seaweed Guava Lava Hot Sauce - Hotta\" \/>\n<meta property=\"og:description\" content=\"&quot;Pastiche&quot; yra Nyderland\u0173 gamintojas, kurio specializacija - a\u0161tr\u016bs pada\u017eai su augaliniais ingredientais. \u0160vie\u017ei skoniai tiesiai i\u0161 Amsterdamo. I\u0161bandykite!\" \/>\n<meta property=\"og:url\" content=\"https:\/\/hotta.eu\/lt\/shop\/seaweed-guava-lava-hot-sauce\/\" \/>\n<meta property=\"og:site_name\" content=\"Hotta\" \/>\n<meta property=\"article:publisher\" content=\"https:\/\/www.facebook.com\/hotta.eu\" \/>\n<meta property=\"article:modified_time\" content=\"2025-10-11T06:02:56+00:00\" \/>\n<meta property=\"og:image\" content=\"https:\/\/hotta.eu\/wp-content\/uploads\/2024\/03\/pastiche-guava-lava.png\" \/>\n\t<meta property=\"og:image:width\" content=\"1000\" \/>\n\t<meta property=\"og:image:height\" content=\"1000\" \/>\n\t<meta property=\"og:image:type\" content=\"image\/png\" \/>\n<meta name=\"twitter:card\" content=\"summary_large_image\" \/>\n<meta name=\"twitter:site\" content=\"@hottashop\" \/>\n<meta name=\"twitter:label1\" content=\"Est. reading time\" \/>\n\t<meta name=\"twitter:data1\" content=\"1 minute\" \/>\n<script type=\"application\/ld+json\" class=\"yoast-schema-graph\">{\"@context\":\"https:\\\/\\\/schema.org\",\"@graph\":[{\"@type\":\"WebPage\",\"@id\":\"https:\\\/\\\/hotta.eu\\\/lt\\\/shop\\\/seaweed-guava-lava-hot-sauce\\\/\",\"url\":\"https:\\\/\\\/hotta.eu\\\/lt\\\/shop\\\/seaweed-guava-lava-hot-sauce\\\/\",\"name\":\"Seaweed Guava Lava Hot Sauce - Hotta\",\"isPartOf\":{\"@id\":\"https:\\\/\\\/hotta.eu\\\/lt\\\/#website\"},\"primaryImageOfPage\":{\"@id\":\"https:\\\/\\\/hotta.eu\\\/lt\\\/shop\\\/seaweed-guava-lava-hot-sauce\\\/#primaryimage\"},\"image\":{\"@id\":\"https:\\\/\\\/hotta.eu\\\/lt\\\/shop\\\/seaweed-guava-lava-hot-sauce\\\/#primaryimage\"},\"thumbnailUrl\":\"https:\\\/\\\/hotta.eu\\\/wp-content\\\/uploads\\\/2024\\\/03\\\/pastiche-guava-lava.png\",\"datePublished\":\"2023-12-15T22:24:15+00:00\",\"dateModified\":\"2025-10-11T06:02:56+00:00\",\"description\":\"\\\"Pastiche\\\" yra Nyderland\u0173 gamintojas, kurio specializacija - a\u0161tr\u016bs pada\u017eai su augaliniais ingredientais. \u0160vie\u017ei skoniai tiesiai i\u0161 Amsterdamo. I\u0161bandykite!\",\"breadcrumb\":{\"@id\":\"https:\\\/\\\/hotta.eu\\\/lt\\\/shop\\\/seaweed-guava-lava-hot-sauce\\\/#breadcrumb\"},\"inLanguage\":\"lt-LT\",\"potentialAction\":[{\"@type\":\"ReadAction\",\"target\":[\"https:\\\/\\\/hotta.eu\\\/lt\\\/shop\\\/seaweed-guava-lava-hot-sauce\\\/\"]}]},{\"@type\":\"ImageObject\",\"inLanguage\":\"lt-LT\",\"@id\":\"https:\\\/\\\/hotta.eu\\\/lt\\\/shop\\\/seaweed-guava-lava-hot-sauce\\\/#primaryimage\",\"url\":\"https:\\\/\\\/hotta.eu\\\/wp-content\\\/uploads\\\/2024\\\/03\\\/pastiche-guava-lava.png\",\"contentUrl\":\"https:\\\/\\\/hotta.eu\\\/wp-content\\\/uploads\\\/2024\\\/03\\\/pastiche-guava-lava.png\",\"width\":1000,\"height\":1000},{\"@type\":\"BreadcrumbList\",\"@id\":\"https:\\\/\\\/hotta.eu\\\/lt\\\/shop\\\/seaweed-guava-lava-hot-sauce\\\/#breadcrumb\",\"itemListElement\":[{\"@type\":\"ListItem\",\"position\":1,\"name\":\"Prad\u017eia\",\"item\":\"https:\\\/\\\/hotta.eu\\\/lt\\\/pradzia\\\/\"},{\"@type\":\"ListItem\",\"position\":2,\"name\":\"Parduotuv\u0117\",\"item\":\"https:\\\/\\\/hotta.eu\\\/shop\\\/\"},{\"@type\":\"ListItem\",\"position\":3,\"name\":\"Seaweed Guava Lava Hot Sauce\"}]},{\"@type\":\"WebSite\",\"@id\":\"https:\\\/\\\/hotta.eu\\\/lt\\\/#website\",\"url\":\"https:\\\/\\\/hotta.eu\\\/lt\\\/\",\"name\":\"Hotta\",\"description\":\"Makes your mouth burn a lotta!\",\"publisher\":{\"@id\":\"https:\\\/\\\/hotta.eu\\\/lt\\\/#organization\"},\"potentialAction\":[{\"@type\":\"SearchAction\",\"target\":{\"@type\":\"EntryPoint\",\"urlTemplate\":\"https:\\\/\\\/hotta.eu\\\/lt\\\/?s={search_term_string}\"},\"query-input\":{\"@type\":\"PropertyValueSpecification\",\"valueRequired\":true,\"valueName\":\"search_term_string\"}}],\"inLanguage\":\"lt-LT\"},{\"@type\":\"Organization\",\"@id\":\"https:\\\/\\\/hotta.eu\\\/lt\\\/#organization\",\"name\":\"Hotta\",\"url\":\"https:\\\/\\\/hotta.eu\\\/lt\\\/\",\"logo\":{\"@type\":\"ImageObject\",\"inLanguage\":\"lt-LT\",\"@id\":\"https:\\\/\\\/hotta.eu\\\/lt\\\/#\\\/schema\\\/logo\\\/image\\\/\",\"url\":\"https:\\\/\\\/hotta.eu\\\/wp-content\\\/uploads\\\/2025\\\/04\\\/hotta-logo-invoice.png\",\"contentUrl\":\"https:\\\/\\\/hotta.eu\\\/wp-content\\\/uploads\\\/2025\\\/04\\\/hotta-logo-invoice.png\",\"width\":600,\"height\":411,\"caption\":\"Hotta\"},\"image\":{\"@id\":\"https:\\\/\\\/hotta.eu\\\/lt\\\/#\\\/schema\\\/logo\\\/image\\\/\"},\"sameAs\":[\"https:\\\/\\\/www.facebook.com\\\/hotta.eu\",\"https:\\\/\\\/x.com\\\/hottashop\",\"https:\\\/\\\/www.instagram.com\\\/hotta.shop\"]}]}<\/script>\n<!-- \/ Yoast SEO plugin. -->","yoast_head_json":{"title":"Seaweed Guava Lava Hot Sauce - Hotta","description":"\"Pastiche\" yra Nyderland\u0173 gamintojas, kurio specializacija - a\u0161tr\u016bs pada\u017eai su augaliniais ingredientais. \u0160vie\u017ei skoniai tiesiai i\u0161 Amsterdamo. I\u0161bandykite!","robots":{"index":"index","follow":"follow","max-snippet":"max-snippet:-1","max-image-preview":"max-image-preview:large","max-video-preview":"max-video-preview:-1"},"canonical":"https:\/\/hotta.eu\/lt\/shop\/seaweed-guava-lava-hot-sauce\/","og_locale":"lt_LT","og_type":"article","og_title":"Seaweed Guava Lava Hot Sauce - Hotta","og_description":"\"Pastiche\" yra Nyderland\u0173 gamintojas, kurio specializacija - a\u0161tr\u016bs pada\u017eai su augaliniais ingredientais. \u0160vie\u017ei skoniai tiesiai i\u0161 Amsterdamo. I\u0161bandykite!","og_url":"https:\/\/hotta.eu\/lt\/shop\/seaweed-guava-lava-hot-sauce\/","og_site_name":"Hotta","article_publisher":"https:\/\/www.facebook.com\/hotta.eu","article_modified_time":"2025-10-11T06:02:56+00:00","og_image":[{"width":1000,"height":1000,"url":"https:\/\/hotta.eu\/wp-content\/uploads\/2024\/03\/pastiche-guava-lava.png","type":"image\/png"}],"twitter_card":"summary_large_image","twitter_site":"@hottashop","twitter_misc":{"Est. reading time":"1 minute"},"schema":{"@context":"https:\/\/schema.org","@graph":[{"@type":"WebPage","@id":"https:\/\/hotta.eu\/lt\/shop\/seaweed-guava-lava-hot-sauce\/","url":"https:\/\/hotta.eu\/lt\/shop\/seaweed-guava-lava-hot-sauce\/","name":"Seaweed Guava Lava Hot Sauce - Hotta","isPartOf":{"@id":"https:\/\/hotta.eu\/lt\/#website"},"primaryImageOfPage":{"@id":"https:\/\/hotta.eu\/lt\/shop\/seaweed-guava-lava-hot-sauce\/#primaryimage"},"image":{"@id":"https:\/\/hotta.eu\/lt\/shop\/seaweed-guava-lava-hot-sauce\/#primaryimage"},"thumbnailUrl":"https:\/\/hotta.eu\/wp-content\/uploads\/2024\/03\/pastiche-guava-lava.png","datePublished":"2023-12-15T22:24:15+00:00","dateModified":"2025-10-11T06:02:56+00:00","description":"\"Pastiche\" yra Nyderland\u0173 gamintojas, kurio specializacija - a\u0161tr\u016bs pada\u017eai su augaliniais ingredientais. \u0160vie\u017ei skoniai tiesiai i\u0161 Amsterdamo. I\u0161bandykite!","breadcrumb":{"@id":"https:\/\/hotta.eu\/lt\/shop\/seaweed-guava-lava-hot-sauce\/#breadcrumb"},"inLanguage":"lt-LT","potentialAction":[{"@type":"ReadAction","target":["https:\/\/hotta.eu\/lt\/shop\/seaweed-guava-lava-hot-sauce\/"]}]},{"@type":"ImageObject","inLanguage":"lt-LT","@id":"https:\/\/hotta.eu\/lt\/shop\/seaweed-guava-lava-hot-sauce\/#primaryimage","url":"https:\/\/hotta.eu\/wp-content\/uploads\/2024\/03\/pastiche-guava-lava.png","contentUrl":"https:\/\/hotta.eu\/wp-content\/uploads\/2024\/03\/pastiche-guava-lava.png","width":1000,"height":1000},{"@type":"BreadcrumbList","@id":"https:\/\/hotta.eu\/lt\/shop\/seaweed-guava-lava-hot-sauce\/#breadcrumb","itemListElement":[{"@type":"ListItem","position":1,"name":"Prad\u017eia","item":"https:\/\/hotta.eu\/lt\/pradzia\/"},{"@type":"ListItem","position":2,"name":"Parduotuv\u0117","item":"https:\/\/hotta.eu\/shop\/"},{"@type":"ListItem","position":3,"name":"Seaweed Guava Lava Hot Sauce"}]},{"@type":"WebSite","@id":"https:\/\/hotta.eu\/lt\/#website","url":"https:\/\/hotta.eu\/lt\/","name":"Hotta","description":"Makes your mouth burn a lotta!","publisher":{"@id":"https:\/\/hotta.eu\/lt\/#organization"},"potentialAction":[{"@type":"SearchAction","target":{"@type":"EntryPoint","urlTemplate":"https:\/\/hotta.eu\/lt\/?s={search_term_string}"},"query-input":{"@type":"PropertyValueSpecification","valueRequired":true,"valueName":"search_term_string"}}],"inLanguage":"lt-LT"},{"@type":"Organization","@id":"https:\/\/hotta.eu\/lt\/#organization","name":"Hotta","url":"https:\/\/hotta.eu\/lt\/","logo":{"@type":"ImageObject","inLanguage":"lt-LT","@id":"https:\/\/hotta.eu\/lt\/#\/schema\/logo\/image\/","url":"https:\/\/hotta.eu\/wp-content\/uploads\/2025\/04\/hotta-logo-invoice.png","contentUrl":"https:\/\/hotta.eu\/wp-content\/uploads\/2025\/04\/hotta-logo-invoice.png","width":600,"height":411,"caption":"Hotta"},"image":{"@id":"https:\/\/hotta.eu\/lt\/#\/schema\/logo\/image\/"},"sameAs":["https:\/\/www.facebook.com\/hotta.eu","https:\/\/x.com\/hottashop","https:\/\/www.instagram.com\/hotta.shop"]}]}},"jetpack_sharing_enabled":true,"_links":{"self":[{"href":"https:\/\/hotta.eu\/lt\/wp-json\/wp\/v2\/product\/18853","targetHints":{"allow":["GET"]}}],"collection":[{"href":"https:\/\/hotta.eu\/lt\/wp-json\/wp\/v2\/product"}],"about":[{"href":"https:\/\/hotta.eu\/lt\/wp-json\/wp\/v2\/types\/product"}],"replies":[{"embeddable":true,"href":"https:\/\/hotta.eu\/lt\/wp-json\/wp\/v2\/comments?post=18853"}],"wp:featuredmedia":[{"embeddable":true,"href":"https:\/\/hotta.eu\/lt\/wp-json\/wp\/v2\/media\/16756"}],"wp:attachment":[{"href":"https:\/\/hotta.eu\/lt\/wp-json\/wp\/v2\/media?parent=18853"}],"wp:term":[{"taxonomy":"product_cat","embeddable":true,"href":"https:\/\/hotta.eu\/lt\/wp-json\/wp\/v2\/product_cat?post=18853"},{"taxonomy":"product_tag","embeddable":true,"href":"https:\/\/hotta.eu\/lt\/wp-json\/wp\/v2\/product_tag?post=18853"},{"taxonomy":"giftcard-category","embeddable":true,"href":"https:\/\/hotta.eu\/lt\/wp-json\/wp\/v2\/giftcard-category?post=18853"}],"curies":[{"name":"wp","href":"https:\/\/api.w.org\/{rel}","templated":true}]}}