{"id":18873,"date":"2023-12-16T00:58:27","date_gmt":"2023-12-15T22:58:27","guid":{"rendered":"https:\/\/hotta.eu\/shop\/soursop-shock-astrus-padazas\/"},"modified":"2024-12-27T12:40:42","modified_gmt":"2024-12-27T10:40:42","slug":"soursop-shock-hot-sauce","status":"publish","type":"product","link":"https:\/\/hotta.eu\/lt\/shop\/soursop-shock-hot-sauce\/","title":{"rendered":"Soursop Shock Hot Sauce"},"content":{"rendered":"<p><strong>Sudedamosios dalys<br \/>\n<\/strong>Soursopai (73 %), acto r\u016bg\u0161tis, svog\u016bnai, j\u016bros druska, Trinidad Scorpion aitriosios paprikos (3,51 %), \u010desnakai, laimo sultys, kvapieji pipirai, juodieji pipirai.<\/p>\n<p><strong>Maistingumo informacija (100 ml)<br \/>\n<\/strong>Energin\u0117 vert\u0117 58 kcal (242 kJ), riebal\u0173 0,9 g, i\u0161 kuri\u0173 so\u010di\u0173j\u0173 riebal\u0173 r\u016bg\u0161\u010di\u0173 0,1 g, angliavandeni\u0173 12,1 g, i\u0161 kuri\u0173 cukr\u0173 6,7 g, baltym\u0173 1,78 g, skaidulini\u0173 med\u017eiag\u0173 2,6 g, druskos 3,76 g.<\/p>\n<p><strong>Galiojimas ir saugojimas<\/strong><br \/>\nAnt buteliuko nurodyta galiojimo data galioja neatidarytam produktui. Atidaryt\u0105 produkt\u0105 reikia laikyti \u0161aldytuve.<\/p>\n<div class=\"tableheader\"><\/div>\n","protected":false},"excerpt":{"rendered":"<p>&#8220;Pastiche&#8221; yra Nyderland\u0173 gamintojas, kurio specializacija &#8211; a\u0161tr\u016bs pada\u017eai su augaliniais ingredientais. Amsterdame gaminam\u0173 produkt\u0173 pagrind\u0105 sudaro ne ma\u017eiau kaip 70 % \u012fvairi\u0173 atogr\u0105\u017e\u0173 vaisi\u0173 ir 8-10 % aitri\u0173j\u0173 paprik\u0173.<\/p>\n<p>&#8220;Soursop Shock&#8221; sudaro net 71 % soursop\u0173, vis\u017ealio Annona muricata vaisiaus, o pada\u017eas pagardintas Trinidado skorpiono aitriosiomis paprikomis.<br \/>\n[ywcwtl_form product_id=\"\"]<\/p>\n","protected":false},"featured_media":16768,"comment_status":"open","ping_status":"closed","template":"","meta":[],"product_cat":[917,923],"product_tag":[],"giftcard-category":[],"class_list":{"0":"post-18873","1":"product","2":"type-product","3":"status-publish","4":"has-post-thumbnail","6":"product_cat-padazai","7":"product_cat-vidutiniai","8":"pa_brand-pastiche","10":"first","11":"outofstock","12":"taxable","13":"shipping-taxable","14":"purchasable","15":"product-type-simple"},"yoast_head":"<!-- This site is optimized with the Yoast SEO plugin v27.3 - https:\/\/yoast.com\/product\/yoast-seo-wordpress\/ -->\n<title>Soursop Shock Hot Sauce - Hotta<\/title>\n<meta name=\"description\" content=\"&quot;Karma&quot; pada\u017eai &quot;Burn After Eating&quot; - slaptas a\u0161triausi\u0173 aitri\u0173j\u0173 paprik\u0173 derinys. Tai b\u016btina i\u0161bandyti!\" \/>\n<meta name=\"robots\" content=\"index, follow, max-snippet:-1, max-image-preview:large, max-video-preview:-1\" \/>\n<link rel=\"canonical\" href=\"https:\/\/hotta.eu\/lt\/shop\/soursop-shock-hot-sauce\/\" \/>\n<meta property=\"og:locale\" content=\"lt_LT\" \/>\n<meta property=\"og:type\" content=\"article\" \/>\n<meta property=\"og:title\" content=\"Soursop Shock Hot Sauce - Hotta\" \/>\n<meta property=\"og:description\" content=\"&quot;Karma&quot; pada\u017eai &quot;Burn After Eating&quot; - slaptas a\u0161triausi\u0173 aitri\u0173j\u0173 paprik\u0173 derinys. Tai b\u016btina i\u0161bandyti!\" \/>\n<meta property=\"og:url\" content=\"https:\/\/hotta.eu\/lt\/shop\/soursop-shock-hot-sauce\/\" \/>\n<meta property=\"og:site_name\" content=\"Hotta\" \/>\n<meta property=\"article:publisher\" content=\"https:\/\/www.facebook.com\/hotta.eu\" \/>\n<meta property=\"article:modified_time\" content=\"2024-12-27T10:40:42+00:00\" \/>\n<meta property=\"og:image\" content=\"https:\/\/hotta.eu\/wp-content\/uploads\/2024\/03\/pastiche-Soursop-shock-sm.jpg\" \/>\n\t<meta property=\"og:image:width\" content=\"2246\" \/>\n\t<meta property=\"og:image:height\" content=\"2246\" \/>\n\t<meta property=\"og:image:type\" content=\"image\/jpeg\" \/>\n<meta name=\"twitter:card\" content=\"summary_large_image\" \/>\n<meta name=\"twitter:site\" content=\"@hottashop\" \/>\n<meta name=\"twitter:label1\" content=\"Est. reading time\" \/>\n\t<meta name=\"twitter:data1\" content=\"1 minute\" \/>\n<script type=\"application\/ld+json\" class=\"yoast-schema-graph\">{\"@context\":\"https:\\\/\\\/schema.org\",\"@graph\":[{\"@type\":\"WebPage\",\"@id\":\"https:\\\/\\\/hotta.eu\\\/lt\\\/shop\\\/soursop-shock-hot-sauce\\\/\",\"url\":\"https:\\\/\\\/hotta.eu\\\/lt\\\/shop\\\/soursop-shock-hot-sauce\\\/\",\"name\":\"Soursop Shock Hot Sauce - Hotta\",\"isPartOf\":{\"@id\":\"https:\\\/\\\/hotta.eu\\\/lt\\\/#website\"},\"primaryImageOfPage\":{\"@id\":\"https:\\\/\\\/hotta.eu\\\/lt\\\/shop\\\/soursop-shock-hot-sauce\\\/#primaryimage\"},\"image\":{\"@id\":\"https:\\\/\\\/hotta.eu\\\/lt\\\/shop\\\/soursop-shock-hot-sauce\\\/#primaryimage\"},\"thumbnailUrl\":\"https:\\\/\\\/hotta.eu\\\/wp-content\\\/uploads\\\/2024\\\/03\\\/pastiche-Soursop-shock-sm.jpg\",\"datePublished\":\"2023-12-15T22:58:27+00:00\",\"dateModified\":\"2024-12-27T10:40:42+00:00\",\"description\":\"\\\"Karma\\\" pada\u017eai \\\"Burn After Eating\\\" - slaptas a\u0161triausi\u0173 aitri\u0173j\u0173 paprik\u0173 derinys. Tai b\u016btina i\u0161bandyti!\",\"breadcrumb\":{\"@id\":\"https:\\\/\\\/hotta.eu\\\/lt\\\/shop\\\/soursop-shock-hot-sauce\\\/#breadcrumb\"},\"inLanguage\":\"lt-LT\",\"potentialAction\":[{\"@type\":\"ReadAction\",\"target\":[\"https:\\\/\\\/hotta.eu\\\/lt\\\/shop\\\/soursop-shock-hot-sauce\\\/\"]}]},{\"@type\":\"ImageObject\",\"inLanguage\":\"lt-LT\",\"@id\":\"https:\\\/\\\/hotta.eu\\\/lt\\\/shop\\\/soursop-shock-hot-sauce\\\/#primaryimage\",\"url\":\"https:\\\/\\\/hotta.eu\\\/wp-content\\\/uploads\\\/2024\\\/03\\\/pastiche-Soursop-shock-sm.jpg\",\"contentUrl\":\"https:\\\/\\\/hotta.eu\\\/wp-content\\\/uploads\\\/2024\\\/03\\\/pastiche-Soursop-shock-sm.jpg\",\"width\":2246,\"height\":2246},{\"@type\":\"BreadcrumbList\",\"@id\":\"https:\\\/\\\/hotta.eu\\\/lt\\\/shop\\\/soursop-shock-hot-sauce\\\/#breadcrumb\",\"itemListElement\":[{\"@type\":\"ListItem\",\"position\":1,\"name\":\"Prad\u017eia\",\"item\":\"https:\\\/\\\/hotta.eu\\\/lt\\\/pradzia\\\/\"},{\"@type\":\"ListItem\",\"position\":2,\"name\":\"Parduotuv\u0117\",\"item\":\"https:\\\/\\\/hotta.eu\\\/shop\\\/\"},{\"@type\":\"ListItem\",\"position\":3,\"name\":\"Soursop Shock Hot Sauce\"}]},{\"@type\":\"WebSite\",\"@id\":\"https:\\\/\\\/hotta.eu\\\/lt\\\/#website\",\"url\":\"https:\\\/\\\/hotta.eu\\\/lt\\\/\",\"name\":\"Hotta\",\"description\":\"Makes your mouth burn a lotta!\",\"publisher\":{\"@id\":\"https:\\\/\\\/hotta.eu\\\/lt\\\/#organization\"},\"potentialAction\":[{\"@type\":\"SearchAction\",\"target\":{\"@type\":\"EntryPoint\",\"urlTemplate\":\"https:\\\/\\\/hotta.eu\\\/lt\\\/?s={search_term_string}\"},\"query-input\":{\"@type\":\"PropertyValueSpecification\",\"valueRequired\":true,\"valueName\":\"search_term_string\"}}],\"inLanguage\":\"lt-LT\"},{\"@type\":\"Organization\",\"@id\":\"https:\\\/\\\/hotta.eu\\\/lt\\\/#organization\",\"name\":\"Hotta\",\"url\":\"https:\\\/\\\/hotta.eu\\\/lt\\\/\",\"logo\":{\"@type\":\"ImageObject\",\"inLanguage\":\"lt-LT\",\"@id\":\"https:\\\/\\\/hotta.eu\\\/lt\\\/#\\\/schema\\\/logo\\\/image\\\/\",\"url\":\"https:\\\/\\\/hotta.eu\\\/wp-content\\\/uploads\\\/2025\\\/04\\\/hotta-logo-invoice.png\",\"contentUrl\":\"https:\\\/\\\/hotta.eu\\\/wp-content\\\/uploads\\\/2025\\\/04\\\/hotta-logo-invoice.png\",\"width\":600,\"height\":411,\"caption\":\"Hotta\"},\"image\":{\"@id\":\"https:\\\/\\\/hotta.eu\\\/lt\\\/#\\\/schema\\\/logo\\\/image\\\/\"},\"sameAs\":[\"https:\\\/\\\/www.facebook.com\\\/hotta.eu\",\"https:\\\/\\\/x.com\\\/hottashop\",\"https:\\\/\\\/www.instagram.com\\\/hotta.shop\"]}]}<\/script>\n<!-- \/ Yoast SEO plugin. -->","yoast_head_json":{"title":"Soursop Shock Hot Sauce - Hotta","description":"\"Karma\" pada\u017eai \"Burn After Eating\" - slaptas a\u0161triausi\u0173 aitri\u0173j\u0173 paprik\u0173 derinys. Tai b\u016btina i\u0161bandyti!","robots":{"index":"index","follow":"follow","max-snippet":"max-snippet:-1","max-image-preview":"max-image-preview:large","max-video-preview":"max-video-preview:-1"},"canonical":"https:\/\/hotta.eu\/lt\/shop\/soursop-shock-hot-sauce\/","og_locale":"lt_LT","og_type":"article","og_title":"Soursop Shock Hot Sauce - Hotta","og_description":"\"Karma\" pada\u017eai \"Burn After Eating\" - slaptas a\u0161triausi\u0173 aitri\u0173j\u0173 paprik\u0173 derinys. Tai b\u016btina i\u0161bandyti!","og_url":"https:\/\/hotta.eu\/lt\/shop\/soursop-shock-hot-sauce\/","og_site_name":"Hotta","article_publisher":"https:\/\/www.facebook.com\/hotta.eu","article_modified_time":"2024-12-27T10:40:42+00:00","og_image":[{"width":2246,"height":2246,"url":"https:\/\/hotta.eu\/wp-content\/uploads\/2024\/03\/pastiche-Soursop-shock-sm.jpg","type":"image\/jpeg"}],"twitter_card":"summary_large_image","twitter_site":"@hottashop","twitter_misc":{"Est. reading time":"1 minute"},"schema":{"@context":"https:\/\/schema.org","@graph":[{"@type":"WebPage","@id":"https:\/\/hotta.eu\/lt\/shop\/soursop-shock-hot-sauce\/","url":"https:\/\/hotta.eu\/lt\/shop\/soursop-shock-hot-sauce\/","name":"Soursop Shock Hot Sauce - Hotta","isPartOf":{"@id":"https:\/\/hotta.eu\/lt\/#website"},"primaryImageOfPage":{"@id":"https:\/\/hotta.eu\/lt\/shop\/soursop-shock-hot-sauce\/#primaryimage"},"image":{"@id":"https:\/\/hotta.eu\/lt\/shop\/soursop-shock-hot-sauce\/#primaryimage"},"thumbnailUrl":"https:\/\/hotta.eu\/wp-content\/uploads\/2024\/03\/pastiche-Soursop-shock-sm.jpg","datePublished":"2023-12-15T22:58:27+00:00","dateModified":"2024-12-27T10:40:42+00:00","description":"\"Karma\" pada\u017eai \"Burn After Eating\" - slaptas a\u0161triausi\u0173 aitri\u0173j\u0173 paprik\u0173 derinys. Tai b\u016btina i\u0161bandyti!","breadcrumb":{"@id":"https:\/\/hotta.eu\/lt\/shop\/soursop-shock-hot-sauce\/#breadcrumb"},"inLanguage":"lt-LT","potentialAction":[{"@type":"ReadAction","target":["https:\/\/hotta.eu\/lt\/shop\/soursop-shock-hot-sauce\/"]}]},{"@type":"ImageObject","inLanguage":"lt-LT","@id":"https:\/\/hotta.eu\/lt\/shop\/soursop-shock-hot-sauce\/#primaryimage","url":"https:\/\/hotta.eu\/wp-content\/uploads\/2024\/03\/pastiche-Soursop-shock-sm.jpg","contentUrl":"https:\/\/hotta.eu\/wp-content\/uploads\/2024\/03\/pastiche-Soursop-shock-sm.jpg","width":2246,"height":2246},{"@type":"BreadcrumbList","@id":"https:\/\/hotta.eu\/lt\/shop\/soursop-shock-hot-sauce\/#breadcrumb","itemListElement":[{"@type":"ListItem","position":1,"name":"Prad\u017eia","item":"https:\/\/hotta.eu\/lt\/pradzia\/"},{"@type":"ListItem","position":2,"name":"Parduotuv\u0117","item":"https:\/\/hotta.eu\/shop\/"},{"@type":"ListItem","position":3,"name":"Soursop Shock Hot Sauce"}]},{"@type":"WebSite","@id":"https:\/\/hotta.eu\/lt\/#website","url":"https:\/\/hotta.eu\/lt\/","name":"Hotta","description":"Makes your mouth burn a lotta!","publisher":{"@id":"https:\/\/hotta.eu\/lt\/#organization"},"potentialAction":[{"@type":"SearchAction","target":{"@type":"EntryPoint","urlTemplate":"https:\/\/hotta.eu\/lt\/?s={search_term_string}"},"query-input":{"@type":"PropertyValueSpecification","valueRequired":true,"valueName":"search_term_string"}}],"inLanguage":"lt-LT"},{"@type":"Organization","@id":"https:\/\/hotta.eu\/lt\/#organization","name":"Hotta","url":"https:\/\/hotta.eu\/lt\/","logo":{"@type":"ImageObject","inLanguage":"lt-LT","@id":"https:\/\/hotta.eu\/lt\/#\/schema\/logo\/image\/","url":"https:\/\/hotta.eu\/wp-content\/uploads\/2025\/04\/hotta-logo-invoice.png","contentUrl":"https:\/\/hotta.eu\/wp-content\/uploads\/2025\/04\/hotta-logo-invoice.png","width":600,"height":411,"caption":"Hotta"},"image":{"@id":"https:\/\/hotta.eu\/lt\/#\/schema\/logo\/image\/"},"sameAs":["https:\/\/www.facebook.com\/hotta.eu","https:\/\/x.com\/hottashop","https:\/\/www.instagram.com\/hotta.shop"]}]}},"jetpack_sharing_enabled":true,"_links":{"self":[{"href":"https:\/\/hotta.eu\/lt\/wp-json\/wp\/v2\/product\/18873","targetHints":{"allow":["GET"]}}],"collection":[{"href":"https:\/\/hotta.eu\/lt\/wp-json\/wp\/v2\/product"}],"about":[{"href":"https:\/\/hotta.eu\/lt\/wp-json\/wp\/v2\/types\/product"}],"replies":[{"embeddable":true,"href":"https:\/\/hotta.eu\/lt\/wp-json\/wp\/v2\/comments?post=18873"}],"wp:featuredmedia":[{"embeddable":true,"href":"https:\/\/hotta.eu\/lt\/wp-json\/wp\/v2\/media\/16768"}],"wp:attachment":[{"href":"https:\/\/hotta.eu\/lt\/wp-json\/wp\/v2\/media?parent=18873"}],"wp:term":[{"taxonomy":"product_cat","embeddable":true,"href":"https:\/\/hotta.eu\/lt\/wp-json\/wp\/v2\/product_cat?post=18873"},{"taxonomy":"product_tag","embeddable":true,"href":"https:\/\/hotta.eu\/lt\/wp-json\/wp\/v2\/product_tag?post=18873"},{"taxonomy":"giftcard-category","embeddable":true,"href":"https:\/\/hotta.eu\/lt\/wp-json\/wp\/v2\/giftcard-category?post=18873"}],"curies":[{"name":"wp","href":"https:\/\/api.w.org\/{rel}","templated":true}]}}