{"id":18878,"date":"2024-02-24T00:38:37","date_gmt":"2024-02-23T22:38:37","guid":{"rendered":"https:\/\/hotta.eu\/shop\/karstosios-desimtukes-10-vnt-pakuote\/"},"modified":"2024-12-27T12:40:41","modified_gmt":"2024-12-27T10:40:41","slug":"hot-ones-10-pack-season-22","status":"publish","type":"product","link":"https:\/\/hotta.eu\/lt\/shop\/hot-ones-10-pack-season-22\/","title":{"rendered":"Hot Ones 10-Pack"},"content":{"rendered":"<p><span class=\"subproduct-title\"><strong>#1 &#8211; Buffalo Hot Sauce | Hot Ones Hot Sauce <\/strong>&#8211; 1 800 Scoville&#8217;io vienet\u0173 <\/span>A\u0161trumas: 2\/10 Ingredientai: Sud\u0117tis: \u010dili tyr\u0117 (brandintos raudonosios aitriosios paprikos, distiliuotas actas ir druska), sviestas (saldi grietin\u0117l\u0117), ry\u017ei\u0173 actas, raudonoji paprika, salierai, melasa, \u010desnak\u0173 milteliai, chipotle milteliai, r\u016bkyta paprika, \u010dili s\u0117klos, habanero milteliai.<\/p>\n<p class=\"subproduct\" data-id=\"6878425186402\"><span class=\"subproduct-title\"><strong>#2 &#8211; Blistered Shishito &amp; Garlic Hot Sauce | Angry Goat Pepper Co.<\/strong> &#8211; 5800 Scoville&#8217;io vienet\u0173 <\/span>A\u0161trumas: 2\/10 Sud\u0117tis: skrudint\u0173 Shishito paprik\u0173 tyr\u0117 (paprikos, actas), distiliuotas actas, alyvuogi\u0173 aliejus, \u017eali\u0173j\u0173 jalape\u00f1o paprik\u0173 tyr\u0117 (paprikos, actas), Vermonto klev\u0173 sirupas, d\u017eiovinti smulkinti \u010desnakai, j\u016bros druska.<\/p>\n<p class=\"subproduct\" data-id=\"6878425383010\"><span class=\"subproduct-title\"><strong>#3 &#8211; Spicy Sweet Passion Fruit | Pisqueya <\/strong>&#8211; 16 000 Scoville&#8217;io vienet\u0173 <\/span>A\u0161trumas: 3\/10 Sud\u0117tis: granatai, aitriosios paprikos, morkos, citrin\u0173 sultys, \u010desnakai, ekologi\u0161kas cukrus, ko\u0161erin\u0117 druska.<\/p>\n<p class=\"subproduct\" data-id=\"6550778216546\"><span class=\"subproduct-title\"><strong>#4 &#8211; Los Calientes Barbacoa | Hot Ones A\u0161trus pada\u017eas <\/strong>&#8211; 33 000 Skovilio vienet\u0173 <\/span>A\u0161trumas: 4\/10 Sud\u0117tis: Sud\u0117tis: aitriosios paprikos (obuoli\u0173 dro\u017el\u0117mis r\u016bkyti raudonieji jalapeno, chipotle, habanero), laimo sultys, agav\u0173 nektaras, abrikosai (prid\u0117ta askorbo r\u016bg\u0161ties), obuoli\u0173 sidro actas, obuoli\u0173 sultys, pomidorai, druska, kepti \u010desnakai, \u010desnakai, svog\u016bnai, kalendros, kmynai, juodieji pipirai, salier\u0173 s\u0117klos.<\/p>\n<p class=\"subproduct\" data-id=\"6878425481314\"><span class=\"subproduct-title\"><strong>#5 &#8211; Power Jab Hot Sauce | DJABLO Sauce<\/strong> &#8211; 55 000 Scoville&#8217;io vienet\u0173 <\/span>A\u0161trumas: 5\/10 Sud\u0117tis: cukranendri\u0173 cukraus actas (cukranendri\u0173 cukrus, vanduo ir drumstiklis (kokos\u0173 aliejaus emulsija) su imbieru), serano, \u0161vie\u017eias \u010desnakas, alyvuogi\u0173 aliejus, agavos, imbieras, tailandieti\u0161k\u0173 aitri\u0173j\u0173 paprik\u0173 dribsniai, maltos aitri\u0173j\u0173 paprik\u0173 s\u0117klos, druska, d\u017eiovintos skorpion\u0173 aitriosios paprikos, spirulina.<\/p>\n<p class=\"subproduct\" data-id=\"1455199813730\"><span class=\"subproduct-title\"><strong>#6 &#8211; Whiskey Smoked Ghost | Marshall&#8217;s Haute Sauce<\/strong> &#8211; 71 000 Scoville&#8217;io vienet\u0173<\/span> A\u0161trumas: 6\/10 Sud\u0117tis: obuoli\u0173 sidro actas, baltasis balzamiko actas, svog\u016bnai, pomidor\u0173 pasta (\u0161vie\u017ei ekologi\u0161ki vynuoginiai pomidorai), datuli\u0173 sirupas (ekologi\u0161kos datul\u0117s), viskis &#8220;Uncle Nearest 1856&#8221;, r\u016bkytos aitriosios paprikos &#8220;Bhut Jolokia&#8221;, ko\u0161erin\u0117 druska, juodieji pipirai.<\/p>\n<p class=\"subproduct\" data-id=\"6878425808994\"><span class=\"subproduct-title\"><strong>#7 &#8211;<\/strong> <strong>Tropic Star Hot Sauce | Ginger Goat <\/strong>&#8211; 110 000 Scoville&#8217;io vienet\u0173 <\/span>A\u0161trumas: 7\/10 Sud\u0117tis: obuoli\u0173 sidro actas, mangas, ry\u017ei\u0173 actas (vanduo, ry\u017eiai), paprika, citrin\u0173 sultys, persik\u0173 tyr\u0117 (pipirai, distiliuotas actas), imbieras, morkos, pirmojo spaudimo alyvuogi\u0173 aliejus, \u010desnakas, citrin\u017eol\u0117, j\u016bros druska, cukrus (turbinado cukrus), kalendra, \u017evaig\u017edinis any\u017eius, baltieji pipirai.<\/p>\n<p class=\"subproduct\" data-id=\"4496261775458\"><span class=\"subproduct-title\"><strong>#8 &#8211; Evolution Hot Sauce | Da Bomb <\/strong>&#8211; 135 000 Scoville&#8217;io vienet\u0173 <\/span>A\u0161trumas: 8\/10 Sud\u0117tis: raudonosios aitriosios paprikos, vanduo, actas, druska, prieskoniai (\u012fskaitant paprik\u0105 ir ciber\u017eol\u0119), malti \u010desnakai, cukranendri\u0173 cukrus, \u010desnak\u0173 milteliai, pirmojo spaudimo alyvuogi\u0173 aliejus, svog\u016bn\u0173 milteliai, citrin\u0173 sul\u010di\u0173 koncentratas, kalendra, m\u0117tos.<\/p>\n<p class=\"subproduct\" data-id=\"6878425972834\"><span class=\"subproduct-title\"><strong>#9 &#8211; Zuzu&#8217;s 7-Pot Sauce | Dawson&#8217;s<\/strong> &#8211; 620 000 Scoville&#8217;io vienet\u0173 <\/span>A\u0161trumas: 9 \/ 10 Sud\u0117tis: raudonoji aitrioji paprika, 7-pot aitri\u0173j\u0173 paprik\u0173 tyr\u0117 (7-pot aitriosios paprikos, actas), \u010desnakas, cukrus (klev\u0173 sirupas), actas, ypa\u010d tyras alyvuogi\u0173 aliejus, sambuka, pankolio s\u0117klos, aitriosios paprikos vaiduoklis, j\u016bros druska.<\/p>\n<p class=\"subproduct\" data-id=\"6874363560034\"><span class=\"subproduct-title\"><strong>#10 &#8211; The Last Dab: Xperience | Hot Ones Hot Sauce <\/strong>&#8211; 2,693,000 Scoville&#8217;io vienet\u0173 (X pipirai) <\/span>A\u0161trumas: 11\/10 Sud\u0117tis: X pipirai, distiliuotas actas, X pipir\u0173 aitriosios paprikos milteliai, X pipir\u0173 aitriosios paprikos distiliatas<\/p>\n","protected":false},"excerpt":{"rendered":"<p>&#8220;Hot Ones 10-Pack&#8221; rinkin\u012f sudaro visos de\u0161imt i\u0161 22 &#8220;Hot Ones&#8221; internetini\u0173 serij\u0173.<br \/>\n22 sezono pada\u017eai, supakuoti \u012f dovan\u0173 d\u0117\u017eut\u0119 su produkto skrajute ir lipdukais. <strong>Paskutinis Dab,<\/strong> paskutinis \u017eaidimo &#8221; <strong>The Last Dab&#8221;<\/strong> bosas, apie kur\u012f daug kalbama: <strong>Xperience<\/strong>.<br \/>\n\ud83d\udd25 <img decoding=\"async\" src=\"https:\/\/hotta.eu\/wp-content\/uploads\/2022\/08\/first-we-feast.png\" \/><\/p>\n<div class=\"responsive-video\"><iframe src=\"https:\/\/www.youtube.com\/embed\/iYYSfKthN7o?si=WfPuyFAtfgQixge2\" width=\"480\" height=\"270\" frameborder=\"0\" allowfullscreen=\"allowfullscreen\"><\/iframe><\/div>\n[ywcwtl_form product_id=\"\"]\n","protected":false},"featured_media":16785,"comment_status":"open","ping_status":"closed","template":"","meta":[],"product_cat":[921,917,931],"product_tag":[],"giftcard-category":[],"class_list":{"0":"post-18878","1":"product","2":"type-product","3":"status-publish","4":"has-post-thumbnail","6":"product_cat-hot-ones-lt","7":"product_cat-padazai","8":"product_cat-rinkiniai","9":"pa_brand-heatonist","11":"first","12":"outofstock","13":"taxable","14":"shipping-taxable","15":"purchasable","16":"product-type-simple"},"yoast_head":"<!-- This site is optimized with the Yoast SEO plugin v27.6 - https:\/\/yoast.com\/product\/yoast-seo-wordpress\/ -->\n<title>Hot Ones 10-Pack - Hotta<\/title>\n<meta name=\"description\" content=\"&quot;Hot Ones 10-Pack&quot; rinkin\u012f sudaro visos de\u0161imt i\u0161 22 &quot;Hot Ones&quot; internetini\u0173 serij\u0173. 22 sezono pada\u017eai, supakuoti \u012f dovan\u0173 d\u0117\u017eut\u0119 su produktus pristatan\u010diu lankstinuku.\" \/>\n<meta name=\"robots\" content=\"index, follow, max-snippet:-1, max-image-preview:large, max-video-preview:-1\" \/>\n<link rel=\"canonical\" href=\"https:\/\/hotta.eu\/lt\/shop\/hot-ones-10-pack-season-22\/\" \/>\n<meta property=\"og:locale\" content=\"lt_LT\" \/>\n<meta property=\"og:type\" content=\"article\" \/>\n<meta property=\"og:title\" content=\"Hot Ones 10-Pack - Hotta\" \/>\n<meta property=\"og:description\" content=\"&quot;Hot Ones 10-Pack&quot; rinkin\u012f sudaro visos de\u0161imt i\u0161 22 &quot;Hot Ones&quot; internetini\u0173 serij\u0173. 22 sezono pada\u017eai, supakuoti \u012f dovan\u0173 d\u0117\u017eut\u0119 su produktus pristatan\u010diu lankstinuku.\" \/>\n<meta property=\"og:url\" content=\"https:\/\/hotta.eu\/lt\/shop\/hot-ones-10-pack-season-22\/\" \/>\n<meta property=\"og:site_name\" content=\"Hotta\" \/>\n<meta property=\"article:publisher\" content=\"https:\/\/www.facebook.com\/hotta.eu\" \/>\n<meta property=\"article:modified_time\" content=\"2024-12-27T10:40:41+00:00\" \/>\n<meta property=\"og:image\" content=\"https:\/\/hotta.eu\/wp-content\/uploads\/2024\/03\/hotones2023dec-3_1000x.webp\" \/>\n\t<meta property=\"og:image:width\" content=\"1000\" \/>\n\t<meta property=\"og:image:height\" content=\"1000\" \/>\n\t<meta property=\"og:image:type\" content=\"image\/webp\" \/>\n<meta name=\"twitter:card\" content=\"summary_large_image\" \/>\n<meta name=\"twitter:site\" content=\"@hottashop\" \/>\n<meta name=\"twitter:label1\" content=\"Est. reading time\" \/>\n\t<meta name=\"twitter:data1\" content=\"3 minutes\" \/>\n<script type=\"application\/ld+json\" class=\"yoast-schema-graph\">{\"@context\":\"https:\\\/\\\/schema.org\",\"@graph\":[{\"@type\":\"WebPage\",\"@id\":\"https:\\\/\\\/hotta.eu\\\/lt\\\/shop\\\/hot-ones-10-pack-season-22\\\/\",\"url\":\"https:\\\/\\\/hotta.eu\\\/lt\\\/shop\\\/hot-ones-10-pack-season-22\\\/\",\"name\":\"Hot Ones 10-Pack - Hotta\",\"isPartOf\":{\"@id\":\"https:\\\/\\\/hotta.eu\\\/lt\\\/#website\"},\"primaryImageOfPage\":{\"@id\":\"https:\\\/\\\/hotta.eu\\\/lt\\\/shop\\\/hot-ones-10-pack-season-22\\\/#primaryimage\"},\"image\":{\"@id\":\"https:\\\/\\\/hotta.eu\\\/lt\\\/shop\\\/hot-ones-10-pack-season-22\\\/#primaryimage\"},\"thumbnailUrl\":\"https:\\\/\\\/hotta.eu\\\/wp-content\\\/uploads\\\/2024\\\/03\\\/hotones2023dec-3_1000x.webp\",\"datePublished\":\"2024-02-23T22:38:37+00:00\",\"dateModified\":\"2024-12-27T10:40:41+00:00\",\"description\":\"\\\"Hot Ones 10-Pack\\\" rinkin\u012f sudaro visos de\u0161imt i\u0161 22 \\\"Hot Ones\\\" internetini\u0173 serij\u0173. 22 sezono pada\u017eai, supakuoti \u012f dovan\u0173 d\u0117\u017eut\u0119 su produktus pristatan\u010diu lankstinuku.\",\"breadcrumb\":{\"@id\":\"https:\\\/\\\/hotta.eu\\\/lt\\\/shop\\\/hot-ones-10-pack-season-22\\\/#breadcrumb\"},\"inLanguage\":\"lt-LT\",\"potentialAction\":[{\"@type\":\"ReadAction\",\"target\":[\"https:\\\/\\\/hotta.eu\\\/lt\\\/shop\\\/hot-ones-10-pack-season-22\\\/\"]}]},{\"@type\":\"ImageObject\",\"inLanguage\":\"lt-LT\",\"@id\":\"https:\\\/\\\/hotta.eu\\\/lt\\\/shop\\\/hot-ones-10-pack-season-22\\\/#primaryimage\",\"url\":\"https:\\\/\\\/hotta.eu\\\/wp-content\\\/uploads\\\/2024\\\/03\\\/hotones2023dec-3_1000x.webp\",\"contentUrl\":\"https:\\\/\\\/hotta.eu\\\/wp-content\\\/uploads\\\/2024\\\/03\\\/hotones2023dec-3_1000x.webp\",\"width\":1000,\"height\":1000},{\"@type\":\"BreadcrumbList\",\"@id\":\"https:\\\/\\\/hotta.eu\\\/lt\\\/shop\\\/hot-ones-10-pack-season-22\\\/#breadcrumb\",\"itemListElement\":[{\"@type\":\"ListItem\",\"position\":1,\"name\":\"Prad\u017eia\",\"item\":\"https:\\\/\\\/hotta.eu\\\/lt\\\/\"},{\"@type\":\"ListItem\",\"position\":2,\"name\":\"Parduotuv\u0117\",\"item\":\"https:\\\/\\\/hotta.eu\\\/shop\\\/\"},{\"@type\":\"ListItem\",\"position\":3,\"name\":\"Hot Ones 10-Pack\"}]},{\"@type\":\"WebSite\",\"@id\":\"https:\\\/\\\/hotta.eu\\\/lt\\\/#website\",\"url\":\"https:\\\/\\\/hotta.eu\\\/lt\\\/\",\"name\":\"Hotta\",\"description\":\"Makes your mouth burn a lotta!\",\"publisher\":{\"@id\":\"https:\\\/\\\/hotta.eu\\\/lt\\\/#organization\"},\"potentialAction\":[{\"@type\":\"SearchAction\",\"target\":{\"@type\":\"EntryPoint\",\"urlTemplate\":\"https:\\\/\\\/hotta.eu\\\/lt\\\/?s={search_term_string}\"},\"query-input\":{\"@type\":\"PropertyValueSpecification\",\"valueRequired\":true,\"valueName\":\"search_term_string\"}}],\"inLanguage\":\"lt-LT\"},{\"@type\":\"Organization\",\"@id\":\"https:\\\/\\\/hotta.eu\\\/lt\\\/#organization\",\"name\":\"Hotta\",\"url\":\"https:\\\/\\\/hotta.eu\\\/lt\\\/\",\"logo\":{\"@type\":\"ImageObject\",\"inLanguage\":\"lt-LT\",\"@id\":\"https:\\\/\\\/hotta.eu\\\/lt\\\/#\\\/schema\\\/logo\\\/image\\\/\",\"url\":\"https:\\\/\\\/hotta.eu\\\/wp-content\\\/uploads\\\/2025\\\/04\\\/hotta-logo-invoice.png\",\"contentUrl\":\"https:\\\/\\\/hotta.eu\\\/wp-content\\\/uploads\\\/2025\\\/04\\\/hotta-logo-invoice.png\",\"width\":600,\"height\":411,\"caption\":\"Hotta\"},\"image\":{\"@id\":\"https:\\\/\\\/hotta.eu\\\/lt\\\/#\\\/schema\\\/logo\\\/image\\\/\"},\"sameAs\":[\"https:\\\/\\\/www.facebook.com\\\/hotta.eu\",\"https:\\\/\\\/x.com\\\/hottashop\",\"https:\\\/\\\/www.instagram.com\\\/hotta.shop\"]}]}<\/script>\n<!-- \/ Yoast SEO plugin. -->","yoast_head_json":{"title":"Hot Ones 10-Pack - Hotta","description":"\"Hot Ones 10-Pack\" rinkin\u012f sudaro visos de\u0161imt i\u0161 22 \"Hot Ones\" internetini\u0173 serij\u0173. 22 sezono pada\u017eai, supakuoti \u012f dovan\u0173 d\u0117\u017eut\u0119 su produktus pristatan\u010diu lankstinuku.","robots":{"index":"index","follow":"follow","max-snippet":"max-snippet:-1","max-image-preview":"max-image-preview:large","max-video-preview":"max-video-preview:-1"},"canonical":"https:\/\/hotta.eu\/lt\/shop\/hot-ones-10-pack-season-22\/","og_locale":"lt_LT","og_type":"article","og_title":"Hot Ones 10-Pack - Hotta","og_description":"\"Hot Ones 10-Pack\" rinkin\u012f sudaro visos de\u0161imt i\u0161 22 \"Hot Ones\" internetini\u0173 serij\u0173. 22 sezono pada\u017eai, supakuoti \u012f dovan\u0173 d\u0117\u017eut\u0119 su produktus pristatan\u010diu lankstinuku.","og_url":"https:\/\/hotta.eu\/lt\/shop\/hot-ones-10-pack-season-22\/","og_site_name":"Hotta","article_publisher":"https:\/\/www.facebook.com\/hotta.eu","article_modified_time":"2024-12-27T10:40:41+00:00","og_image":[{"width":1000,"height":1000,"url":"https:\/\/hotta.eu\/wp-content\/uploads\/2024\/03\/hotones2023dec-3_1000x.webp","type":"image\/webp"}],"twitter_card":"summary_large_image","twitter_site":"@hottashop","twitter_misc":{"Est. reading time":"3 minutes"},"schema":{"@context":"https:\/\/schema.org","@graph":[{"@type":"WebPage","@id":"https:\/\/hotta.eu\/lt\/shop\/hot-ones-10-pack-season-22\/","url":"https:\/\/hotta.eu\/lt\/shop\/hot-ones-10-pack-season-22\/","name":"Hot Ones 10-Pack - Hotta","isPartOf":{"@id":"https:\/\/hotta.eu\/lt\/#website"},"primaryImageOfPage":{"@id":"https:\/\/hotta.eu\/lt\/shop\/hot-ones-10-pack-season-22\/#primaryimage"},"image":{"@id":"https:\/\/hotta.eu\/lt\/shop\/hot-ones-10-pack-season-22\/#primaryimage"},"thumbnailUrl":"https:\/\/hotta.eu\/wp-content\/uploads\/2024\/03\/hotones2023dec-3_1000x.webp","datePublished":"2024-02-23T22:38:37+00:00","dateModified":"2024-12-27T10:40:41+00:00","description":"\"Hot Ones 10-Pack\" rinkin\u012f sudaro visos de\u0161imt i\u0161 22 \"Hot Ones\" internetini\u0173 serij\u0173. 22 sezono pada\u017eai, supakuoti \u012f dovan\u0173 d\u0117\u017eut\u0119 su produktus pristatan\u010diu lankstinuku.","breadcrumb":{"@id":"https:\/\/hotta.eu\/lt\/shop\/hot-ones-10-pack-season-22\/#breadcrumb"},"inLanguage":"lt-LT","potentialAction":[{"@type":"ReadAction","target":["https:\/\/hotta.eu\/lt\/shop\/hot-ones-10-pack-season-22\/"]}]},{"@type":"ImageObject","inLanguage":"lt-LT","@id":"https:\/\/hotta.eu\/lt\/shop\/hot-ones-10-pack-season-22\/#primaryimage","url":"https:\/\/hotta.eu\/wp-content\/uploads\/2024\/03\/hotones2023dec-3_1000x.webp","contentUrl":"https:\/\/hotta.eu\/wp-content\/uploads\/2024\/03\/hotones2023dec-3_1000x.webp","width":1000,"height":1000},{"@type":"BreadcrumbList","@id":"https:\/\/hotta.eu\/lt\/shop\/hot-ones-10-pack-season-22\/#breadcrumb","itemListElement":[{"@type":"ListItem","position":1,"name":"Prad\u017eia","item":"https:\/\/hotta.eu\/lt\/"},{"@type":"ListItem","position":2,"name":"Parduotuv\u0117","item":"https:\/\/hotta.eu\/shop\/"},{"@type":"ListItem","position":3,"name":"Hot Ones 10-Pack"}]},{"@type":"WebSite","@id":"https:\/\/hotta.eu\/lt\/#website","url":"https:\/\/hotta.eu\/lt\/","name":"Hotta","description":"Makes your mouth burn a lotta!","publisher":{"@id":"https:\/\/hotta.eu\/lt\/#organization"},"potentialAction":[{"@type":"SearchAction","target":{"@type":"EntryPoint","urlTemplate":"https:\/\/hotta.eu\/lt\/?s={search_term_string}"},"query-input":{"@type":"PropertyValueSpecification","valueRequired":true,"valueName":"search_term_string"}}],"inLanguage":"lt-LT"},{"@type":"Organization","@id":"https:\/\/hotta.eu\/lt\/#organization","name":"Hotta","url":"https:\/\/hotta.eu\/lt\/","logo":{"@type":"ImageObject","inLanguage":"lt-LT","@id":"https:\/\/hotta.eu\/lt\/#\/schema\/logo\/image\/","url":"https:\/\/hotta.eu\/wp-content\/uploads\/2025\/04\/hotta-logo-invoice.png","contentUrl":"https:\/\/hotta.eu\/wp-content\/uploads\/2025\/04\/hotta-logo-invoice.png","width":600,"height":411,"caption":"Hotta"},"image":{"@id":"https:\/\/hotta.eu\/lt\/#\/schema\/logo\/image\/"},"sameAs":["https:\/\/www.facebook.com\/hotta.eu","https:\/\/x.com\/hottashop","https:\/\/www.instagram.com\/hotta.shop"]}]}},"jetpack_sharing_enabled":true,"_links":{"self":[{"href":"https:\/\/hotta.eu\/lt\/wp-json\/wp\/v2\/product\/18878","targetHints":{"allow":["GET"]}}],"collection":[{"href":"https:\/\/hotta.eu\/lt\/wp-json\/wp\/v2\/product"}],"about":[{"href":"https:\/\/hotta.eu\/lt\/wp-json\/wp\/v2\/types\/product"}],"replies":[{"embeddable":true,"href":"https:\/\/hotta.eu\/lt\/wp-json\/wp\/v2\/comments?post=18878"}],"wp:featuredmedia":[{"embeddable":true,"href":"https:\/\/hotta.eu\/lt\/wp-json\/wp\/v2\/media\/16785"}],"wp:attachment":[{"href":"https:\/\/hotta.eu\/lt\/wp-json\/wp\/v2\/media?parent=18878"}],"wp:term":[{"taxonomy":"product_cat","embeddable":true,"href":"https:\/\/hotta.eu\/lt\/wp-json\/wp\/v2\/product_cat?post=18878"},{"taxonomy":"product_tag","embeddable":true,"href":"https:\/\/hotta.eu\/lt\/wp-json\/wp\/v2\/product_tag?post=18878"},{"taxonomy":"giftcard-category","embeddable":true,"href":"https:\/\/hotta.eu\/lt\/wp-json\/wp\/v2\/giftcard-category?post=18878"}],"curies":[{"name":"wp","href":"https:\/\/api.w.org\/{rel}","templated":true}]}}