{"id":18893,"date":"2024-04-27T18:11:59","date_gmt":"2024-04-27T16:11:59","guid":{"rendered":"https:\/\/hotta.eu\/shop\/aitriuju-papriku-padazas-smoking-gun\/"},"modified":"2025-10-29T18:39:42","modified_gmt":"2025-10-29T16:39:42","slug":"smoking-gun-chilli-sauce","status":"publish","type":"product","link":"https:\/\/hotta.eu\/lt\/shop\/smoking-gun-chilli-sauce\/","title":{"rendered":"Smoking Gun Chilli Sauce"},"content":{"rendered":"<p><strong>Sud\u0117tis<br \/>\n<\/strong>Pomidorai (60 %), svog\u016bnai, \u010desnakai, baltojo vyno actas, cukrus, pomidor\u0173 pasta (3 %), aitriosios paprikos milteliai (2 %), malti kmynai, saul\u0117gr\u0105\u017e\u0173 aliejus, kukur\u016bz\u0173 miltai, druska, r\u016bg\u0161tingum\u0105 reguliuojanti med\u017eiaga: citrin\u0173 r\u016bg\u0161tis, r\u016bkyta paprika (0,7 %), malta Chipotle aitrioji paprika (0,6 %), malta kalendra, \u017eoleli\u0173 mi\u0161inys.<\/p>\n<p><strong>Mitybos duomenys (100 g)<br \/>\n<\/strong> Energin\u0117 vert\u0117 306 kJ (71 kcal), riebal\u0173 1 g (i\u0161 j\u0173 so\u010di\u0173j\u0173 riebal\u0173 r\u016bg\u0161\u010di\u0173 0,3 g), angliavandeni\u0173 12 g (i\u0161 j\u0173 cukr\u0173 7 g), baltym\u0173 2 g, druskos 0,89 g.<\/p>\n<p><strong>Galiojimas ir saugojimas<\/strong><br \/>\nAnt buteliuko nurodyta galiojimo data galioja neatidarytam produktui. Atidaryt\u0105 produkt\u0105 reikia laikyti \u0161aldytuve ir suvartoti per 2 savaites.<\/p>\n","protected":false},"excerpt":{"rendered":"<p><strong>KVASA! \u0160ILUMA! AISTRA!<\/strong><\/p>\n<p>Brendanas Thomas, dar \u017einomas kaip &#8220;Chilli Man&#8221;, yra suk\u016br\u0119s \u012fvairiausi\u0173 pada\u017e\u0173, kuri\u0173 pagrindinis principas &#8211; pirmiausia skonis, o tik po to a\u0161trumas!<\/p>\n<p>Smoking Gun galima apib\u016bdinti kaip &#8220;chilli con carne skardin\u0117je&#8221;, nors \u0161iame pada\u017ee n\u0117ra m\u0117sos. D\u016bminis ir \u017eemi\u0161kas, pasi\u017eymintis razin\u0173, \u0161okolado, vanil\u0117s, tabako natomis. Tinka tro\u0161kiniams, marinatui, su m\u0117sa arba tiesiog kaip pada\u017eas.<\/p>\n[ywcwtl_form product_id=\"\"]\n","protected":false},"featured_media":17737,"comment_status":"open","ping_status":"closed","template":"","meta":[],"product_cat":[917,923],"product_tag":[],"giftcard-category":[],"class_list":{"0":"post-18893","1":"product","2":"type-product","3":"status-publish","4":"has-post-thumbnail","6":"product_cat-padazai","7":"product_cat-vidutiniai","8":"pa_brand-brendans","10":"first","11":"outofstock","12":"sale","13":"taxable","14":"shipping-taxable","15":"purchasable","16":"product-type-simple"},"yoast_head":"<!-- This site is optimized with the Yoast SEO plugin v27.5 - https:\/\/yoast.com\/product\/yoast-seo-wordpress\/ -->\n<title>Smoking Gun Chilli Sauce - Hotta<\/title>\n<meta name=\"description\" content=\"Pirmiausia skonis, tada a\u0161trumas! Smoking Gun galima apib\u016bdinti kaip &quot;chilli con carne skardin\u0117je&quot;, nors \u0161iame pada\u017ee n\u0117ra m\u0117sos. D\u016bminis ir \u017eemi\u0161kas.\" \/>\n<meta name=\"robots\" content=\"index, follow, max-snippet:-1, max-image-preview:large, max-video-preview:-1\" \/>\n<link rel=\"canonical\" href=\"https:\/\/hotta.eu\/lt\/shop\/smoking-gun-chilli-sauce\/\" \/>\n<meta property=\"og:locale\" content=\"lt_LT\" \/>\n<meta property=\"og:type\" content=\"article\" \/>\n<meta property=\"og:title\" content=\"Smoking Gun Chilli Sauce - Hotta\" \/>\n<meta property=\"og:description\" content=\"Pirmiausia skonis, tada a\u0161trumas! Smoking Gun galima apib\u016bdinti kaip &quot;chilli con carne skardin\u0117je&quot;, nors \u0161iame pada\u017ee n\u0117ra m\u0117sos. D\u016bminis ir \u017eemi\u0161kas.\" \/>\n<meta property=\"og:url\" content=\"https:\/\/hotta.eu\/lt\/shop\/smoking-gun-chilli-sauce\/\" \/>\n<meta property=\"og:site_name\" content=\"Hotta\" \/>\n<meta property=\"article:publisher\" content=\"https:\/\/www.facebook.com\/hotta.eu\" \/>\n<meta property=\"article:modified_time\" content=\"2025-10-29T16:39:42+00:00\" \/>\n<meta property=\"og:image\" content=\"https:\/\/hotta.eu\/wp-content\/uploads\/2024\/04\/Brendan-Smoking-Gun-1530x1530.png\" \/>\n\t<meta property=\"og:image:width\" content=\"1530\" \/>\n\t<meta property=\"og:image:height\" content=\"1530\" \/>\n\t<meta property=\"og:image:type\" content=\"image\/png\" \/>\n<meta name=\"twitter:card\" content=\"summary_large_image\" \/>\n<meta name=\"twitter:site\" content=\"@hottashop\" \/>\n<meta name=\"twitter:label1\" content=\"Est. reading time\" \/>\n\t<meta name=\"twitter:data1\" content=\"1 minute\" \/>\n<script type=\"application\/ld+json\" class=\"yoast-schema-graph\">{\"@context\":\"https:\\\/\\\/schema.org\",\"@graph\":[{\"@type\":\"WebPage\",\"@id\":\"https:\\\/\\\/hotta.eu\\\/lt\\\/shop\\\/smoking-gun-chilli-sauce\\\/\",\"url\":\"https:\\\/\\\/hotta.eu\\\/lt\\\/shop\\\/smoking-gun-chilli-sauce\\\/\",\"name\":\"Smoking Gun Chilli Sauce - Hotta\",\"isPartOf\":{\"@id\":\"https:\\\/\\\/hotta.eu\\\/lt\\\/#website\"},\"primaryImageOfPage\":{\"@id\":\"https:\\\/\\\/hotta.eu\\\/lt\\\/shop\\\/smoking-gun-chilli-sauce\\\/#primaryimage\"},\"image\":{\"@id\":\"https:\\\/\\\/hotta.eu\\\/lt\\\/shop\\\/smoking-gun-chilli-sauce\\\/#primaryimage\"},\"thumbnailUrl\":\"https:\\\/\\\/hotta.eu\\\/wp-content\\\/uploads\\\/2024\\\/04\\\/Brendan-Smoking-Gun.png\",\"datePublished\":\"2024-04-27T16:11:59+00:00\",\"dateModified\":\"2025-10-29T16:39:42+00:00\",\"description\":\"Pirmiausia skonis, tada a\u0161trumas! Smoking Gun galima apib\u016bdinti kaip \\\"chilli con carne skardin\u0117je\\\", nors \u0161iame pada\u017ee n\u0117ra m\u0117sos. D\u016bminis ir \u017eemi\u0161kas.\",\"breadcrumb\":{\"@id\":\"https:\\\/\\\/hotta.eu\\\/lt\\\/shop\\\/smoking-gun-chilli-sauce\\\/#breadcrumb\"},\"inLanguage\":\"lt-LT\",\"potentialAction\":[{\"@type\":\"ReadAction\",\"target\":[\"https:\\\/\\\/hotta.eu\\\/lt\\\/shop\\\/smoking-gun-chilli-sauce\\\/\"]}]},{\"@type\":\"ImageObject\",\"inLanguage\":\"lt-LT\",\"@id\":\"https:\\\/\\\/hotta.eu\\\/lt\\\/shop\\\/smoking-gun-chilli-sauce\\\/#primaryimage\",\"url\":\"https:\\\/\\\/hotta.eu\\\/wp-content\\\/uploads\\\/2024\\\/04\\\/Brendan-Smoking-Gun.png\",\"contentUrl\":\"https:\\\/\\\/hotta.eu\\\/wp-content\\\/uploads\\\/2024\\\/04\\\/Brendan-Smoking-Gun.png\",\"width\":2000,\"height\":2000},{\"@type\":\"BreadcrumbList\",\"@id\":\"https:\\\/\\\/hotta.eu\\\/lt\\\/shop\\\/smoking-gun-chilli-sauce\\\/#breadcrumb\",\"itemListElement\":[{\"@type\":\"ListItem\",\"position\":1,\"name\":\"Prad\u017eia\",\"item\":\"https:\\\/\\\/hotta.eu\\\/lt\\\/\"},{\"@type\":\"ListItem\",\"position\":2,\"name\":\"Parduotuv\u0117\",\"item\":\"https:\\\/\\\/hotta.eu\\\/shop\\\/\"},{\"@type\":\"ListItem\",\"position\":3,\"name\":\"Smoking Gun Chilli Sauce\"}]},{\"@type\":\"WebSite\",\"@id\":\"https:\\\/\\\/hotta.eu\\\/lt\\\/#website\",\"url\":\"https:\\\/\\\/hotta.eu\\\/lt\\\/\",\"name\":\"Hotta\",\"description\":\"Makes your mouth burn a lotta!\",\"publisher\":{\"@id\":\"https:\\\/\\\/hotta.eu\\\/lt\\\/#organization\"},\"potentialAction\":[{\"@type\":\"SearchAction\",\"target\":{\"@type\":\"EntryPoint\",\"urlTemplate\":\"https:\\\/\\\/hotta.eu\\\/lt\\\/?s={search_term_string}\"},\"query-input\":{\"@type\":\"PropertyValueSpecification\",\"valueRequired\":true,\"valueName\":\"search_term_string\"}}],\"inLanguage\":\"lt-LT\"},{\"@type\":\"Organization\",\"@id\":\"https:\\\/\\\/hotta.eu\\\/lt\\\/#organization\",\"name\":\"Hotta\",\"url\":\"https:\\\/\\\/hotta.eu\\\/lt\\\/\",\"logo\":{\"@type\":\"ImageObject\",\"inLanguage\":\"lt-LT\",\"@id\":\"https:\\\/\\\/hotta.eu\\\/lt\\\/#\\\/schema\\\/logo\\\/image\\\/\",\"url\":\"https:\\\/\\\/hotta.eu\\\/wp-content\\\/uploads\\\/2025\\\/04\\\/hotta-logo-invoice.png\",\"contentUrl\":\"https:\\\/\\\/hotta.eu\\\/wp-content\\\/uploads\\\/2025\\\/04\\\/hotta-logo-invoice.png\",\"width\":600,\"height\":411,\"caption\":\"Hotta\"},\"image\":{\"@id\":\"https:\\\/\\\/hotta.eu\\\/lt\\\/#\\\/schema\\\/logo\\\/image\\\/\"},\"sameAs\":[\"https:\\\/\\\/www.facebook.com\\\/hotta.eu\",\"https:\\\/\\\/x.com\\\/hottashop\",\"https:\\\/\\\/www.instagram.com\\\/hotta.shop\"]}]}<\/script>\n<!-- \/ Yoast SEO plugin. -->","yoast_head_json":{"title":"Smoking Gun Chilli Sauce - Hotta","description":"Pirmiausia skonis, tada a\u0161trumas! Smoking Gun galima apib\u016bdinti kaip \"chilli con carne skardin\u0117je\", nors \u0161iame pada\u017ee n\u0117ra m\u0117sos. D\u016bminis ir \u017eemi\u0161kas.","robots":{"index":"index","follow":"follow","max-snippet":"max-snippet:-1","max-image-preview":"max-image-preview:large","max-video-preview":"max-video-preview:-1"},"canonical":"https:\/\/hotta.eu\/lt\/shop\/smoking-gun-chilli-sauce\/","og_locale":"lt_LT","og_type":"article","og_title":"Smoking Gun Chilli Sauce - Hotta","og_description":"Pirmiausia skonis, tada a\u0161trumas! Smoking Gun galima apib\u016bdinti kaip \"chilli con carne skardin\u0117je\", nors \u0161iame pada\u017ee n\u0117ra m\u0117sos. D\u016bminis ir \u017eemi\u0161kas.","og_url":"https:\/\/hotta.eu\/lt\/shop\/smoking-gun-chilli-sauce\/","og_site_name":"Hotta","article_publisher":"https:\/\/www.facebook.com\/hotta.eu","article_modified_time":"2025-10-29T16:39:42+00:00","og_image":[{"width":1530,"height":1530,"url":"https:\/\/hotta.eu\/wp-content\/uploads\/2024\/04\/Brendan-Smoking-Gun-1530x1530.png","type":"image\/png"}],"twitter_card":"summary_large_image","twitter_site":"@hottashop","twitter_misc":{"Est. reading time":"1 minute"},"schema":{"@context":"https:\/\/schema.org","@graph":[{"@type":"WebPage","@id":"https:\/\/hotta.eu\/lt\/shop\/smoking-gun-chilli-sauce\/","url":"https:\/\/hotta.eu\/lt\/shop\/smoking-gun-chilli-sauce\/","name":"Smoking Gun Chilli Sauce - Hotta","isPartOf":{"@id":"https:\/\/hotta.eu\/lt\/#website"},"primaryImageOfPage":{"@id":"https:\/\/hotta.eu\/lt\/shop\/smoking-gun-chilli-sauce\/#primaryimage"},"image":{"@id":"https:\/\/hotta.eu\/lt\/shop\/smoking-gun-chilli-sauce\/#primaryimage"},"thumbnailUrl":"https:\/\/hotta.eu\/wp-content\/uploads\/2024\/04\/Brendan-Smoking-Gun.png","datePublished":"2024-04-27T16:11:59+00:00","dateModified":"2025-10-29T16:39:42+00:00","description":"Pirmiausia skonis, tada a\u0161trumas! Smoking Gun galima apib\u016bdinti kaip \"chilli con carne skardin\u0117je\", nors \u0161iame pada\u017ee n\u0117ra m\u0117sos. D\u016bminis ir \u017eemi\u0161kas.","breadcrumb":{"@id":"https:\/\/hotta.eu\/lt\/shop\/smoking-gun-chilli-sauce\/#breadcrumb"},"inLanguage":"lt-LT","potentialAction":[{"@type":"ReadAction","target":["https:\/\/hotta.eu\/lt\/shop\/smoking-gun-chilli-sauce\/"]}]},{"@type":"ImageObject","inLanguage":"lt-LT","@id":"https:\/\/hotta.eu\/lt\/shop\/smoking-gun-chilli-sauce\/#primaryimage","url":"https:\/\/hotta.eu\/wp-content\/uploads\/2024\/04\/Brendan-Smoking-Gun.png","contentUrl":"https:\/\/hotta.eu\/wp-content\/uploads\/2024\/04\/Brendan-Smoking-Gun.png","width":2000,"height":2000},{"@type":"BreadcrumbList","@id":"https:\/\/hotta.eu\/lt\/shop\/smoking-gun-chilli-sauce\/#breadcrumb","itemListElement":[{"@type":"ListItem","position":1,"name":"Prad\u017eia","item":"https:\/\/hotta.eu\/lt\/"},{"@type":"ListItem","position":2,"name":"Parduotuv\u0117","item":"https:\/\/hotta.eu\/shop\/"},{"@type":"ListItem","position":3,"name":"Smoking Gun Chilli Sauce"}]},{"@type":"WebSite","@id":"https:\/\/hotta.eu\/lt\/#website","url":"https:\/\/hotta.eu\/lt\/","name":"Hotta","description":"Makes your mouth burn a lotta!","publisher":{"@id":"https:\/\/hotta.eu\/lt\/#organization"},"potentialAction":[{"@type":"SearchAction","target":{"@type":"EntryPoint","urlTemplate":"https:\/\/hotta.eu\/lt\/?s={search_term_string}"},"query-input":{"@type":"PropertyValueSpecification","valueRequired":true,"valueName":"search_term_string"}}],"inLanguage":"lt-LT"},{"@type":"Organization","@id":"https:\/\/hotta.eu\/lt\/#organization","name":"Hotta","url":"https:\/\/hotta.eu\/lt\/","logo":{"@type":"ImageObject","inLanguage":"lt-LT","@id":"https:\/\/hotta.eu\/lt\/#\/schema\/logo\/image\/","url":"https:\/\/hotta.eu\/wp-content\/uploads\/2025\/04\/hotta-logo-invoice.png","contentUrl":"https:\/\/hotta.eu\/wp-content\/uploads\/2025\/04\/hotta-logo-invoice.png","width":600,"height":411,"caption":"Hotta"},"image":{"@id":"https:\/\/hotta.eu\/lt\/#\/schema\/logo\/image\/"},"sameAs":["https:\/\/www.facebook.com\/hotta.eu","https:\/\/x.com\/hottashop","https:\/\/www.instagram.com\/hotta.shop"]}]}},"jetpack_sharing_enabled":true,"_links":{"self":[{"href":"https:\/\/hotta.eu\/lt\/wp-json\/wp\/v2\/product\/18893","targetHints":{"allow":["GET"]}}],"collection":[{"href":"https:\/\/hotta.eu\/lt\/wp-json\/wp\/v2\/product"}],"about":[{"href":"https:\/\/hotta.eu\/lt\/wp-json\/wp\/v2\/types\/product"}],"replies":[{"embeddable":true,"href":"https:\/\/hotta.eu\/lt\/wp-json\/wp\/v2\/comments?post=18893"}],"wp:featuredmedia":[{"embeddable":true,"href":"https:\/\/hotta.eu\/lt\/wp-json\/wp\/v2\/media\/17737"}],"wp:attachment":[{"href":"https:\/\/hotta.eu\/lt\/wp-json\/wp\/v2\/media?parent=18893"}],"wp:term":[{"taxonomy":"product_cat","embeddable":true,"href":"https:\/\/hotta.eu\/lt\/wp-json\/wp\/v2\/product_cat?post=18893"},{"taxonomy":"product_tag","embeddable":true,"href":"https:\/\/hotta.eu\/lt\/wp-json\/wp\/v2\/product_tag?post=18893"},{"taxonomy":"giftcard-category","embeddable":true,"href":"https:\/\/hotta.eu\/lt\/wp-json\/wp\/v2\/giftcard-category?post=18893"}],"curies":[{"name":"wp","href":"https:\/\/api.w.org\/{rel}","templated":true}]}}