{"id":18896,"date":"2024-05-11T00:00:09","date_gmt":"2024-05-10T22:00:09","guid":{"rendered":"https:\/\/hotta.eu\/shop\/karsto-lusto-issukis\/"},"modified":"2025-12-04T20:09:16","modified_gmt":"2025-12-04T18:09:16","slug":"hot-chip-challenge","status":"publish","type":"product","link":"https:\/\/hotta.eu\/lt\/shop\/hot-chip-challenge\/","title":{"rendered":"Hot Chip Challenge"},"content":{"rendered":"<p><strong>Sudedamosios dalys<\/strong><br \/>\nKukur\u016bz\u0173 miltai (72 %), saul\u0117gr\u0105\u017e\u0173 aliejus, Hot-Chip Challenge\u00ae Mix 6 % (druska, aitriosios paprikos &#8220;Carolina Reaper&#8221;, aitriosios paprikos &#8220;Trinidad Moruga Scorpion&#8221;, aitriosios paprikos &#8220;Trinidad Moruga Scorpion&#8221;, aitriosios paprikos &#8220;Naga Bhut Jolokia&#8221;, aitriosios paprikos &#8220;Habanero&#8221;, juod\u0173j\u0173 pipir\u0173 ekstraktas, nat\u016brali kvapioji med\u017eiaga, maltodekstrinas, nat\u016bralus da\u017eiklis: d\u017eiovintos raudon\u0173j\u0173 burok\u0117li\u0173 sultys).<\/p>\n<div class=\"tableheader\"><strong>Maistingumo informacija (1.25 g<\/strong>)<br \/>\nEnergin\u0117 vert\u0117 24 kJ (6 kcal), riebal\u0173 0.2 g (i\u0161 j\u0173 so\u010di\u0173j\u0173 riebal\u0173 r\u016bg\u0161\u010di\u0173 &lt;0.1 g), baltym\u0173 0.1 g, angliavandeni\u0173 0.9 g (i\u0161 j\u0173 cukr\u0173 &lt;0.1 g), druskos &lt;0.1 g.<\/div>\n<p><strong>\u012esp\u0117jimas<br \/>\n<\/strong>Naudokite savo rizika. Neskirta jaunesniems nei 16 met\u0173 vaikams, n\u0117\u0161\u010dioms ar kr\u016btimi maitinan\u010dioms moterims, \u017emon\u0117ms, jautriems kapsaicino poveikiui, ir \u017emon\u0117ms, turintiems bendr\u0173 sveikatos sutrikim\u0173. Laikykite vaikams nepasiekiamoje vietoje. Prie\u0161 naudodami atid\u017eiai perskaitykite pakuot\u0117s kitoje pus\u0117je esan\u010dias instrukcijas.<\/p>\n","protected":false},"excerpt":{"rendered":"<p>Legendinis &#8220;Hot Chip&#8221; i\u0161\u0161\u016bkis sugr\u012f\u017eta! \ud83e\udd75<\/p>\n<p>Atnaujintame recepte pateikiamas &#8220;Hot-Chip Challenge\u00ae&#8221; mi\u0161inys (Karolinos \u017eagreni\u0173, Trinidado Moruga skorpiono, Naga Bhut Jolokia ir Habanero aitri\u0173j\u0173 paprik\u0173 mi\u0161inys).<\/p>\n<p>Ar esate pasireng\u0119 i\u0161\u0161\u016bkiui? \ud83d\udc40<\/p>\n<p><img fetchpriority=\"high\" decoding=\"async\" width=\"460\" height=\"271\" class=\"alignnone size-medium wp-image-17857\" style=\"max-width: 100%; height: auto;\" src=\"https:\/\/hotta.eu\/wp-content\/uploads\/2021\/09\/web-last-words-460x271.png\" alt=\"\" srcset=\"https:\/\/hotta.eu\/wp-content\/uploads\/2021\/09\/web-last-words-460x271.png 460w, https:\/\/hotta.eu\/wp-content\/uploads\/2021\/09\/web-last-words-1530x903.png 1530w, https:\/\/hotta.eu\/wp-content\/uploads\/2021\/09\/web-last-words-765x451.png 765w, https:\/\/hotta.eu\/wp-content\/uploads\/2021\/09\/web-last-words-920x543.png 920w, https:\/\/hotta.eu\/wp-content\/uploads\/2021\/09\/web-last-words-231x136.png 231w, https:\/\/hotta.eu\/wp-content\/uploads\/2021\/09\/web-last-words.png 1920w\" sizes=\"(max-width: 460px) 100vw, 460px\" \/><\/p>\n<p>\u012e rinkin\u012f \u012feina itin a\u0161tri <em>kar\u0161ta dro\u017el\u0117<\/em> (1 vnt.), apsaugin\u0117 pir\u0161tin\u0117, <em>tatuiruo\u010di\u0173 lipdukai<\/em>, lipdukas ir sertifikatas.<\/p>\n<p><img decoding=\"async\" width=\"460\" height=\"236\" class=\"alignnone size-medium wp-image-17865\" style=\"max-width: 100%; height: auto;\" src=\"https:\/\/hotta.eu\/wp-content\/uploads\/2021\/09\/challenge-in-the-box-rounded-460x236.png\" alt=\"\" srcset=\"https:\/\/hotta.eu\/wp-content\/uploads\/2021\/09\/challenge-in-the-box-rounded-460x236.png 460w, https:\/\/hotta.eu\/wp-content\/uploads\/2021\/09\/challenge-in-the-box-rounded-765x392.png 765w, https:\/\/hotta.eu\/wp-content\/uploads\/2021\/09\/challenge-in-the-box-rounded-231x118.png 231w, https:\/\/hotta.eu\/wp-content\/uploads\/2021\/09\/challenge-in-the-box-rounded.png 815w\" sizes=\"(max-width: 460px) 100vw, 460px\" \/><br \/>\n[ywcwtl_form product_id=\"\"]<\/p>\n","protected":false},"featured_media":17856,"comment_status":"open","ping_status":"closed","template":"","meta":[],"product_cat":[939],"product_tag":[],"giftcard-category":[],"class_list":{"0":"post-18896","1":"product","2":"type-product","3":"status-publish","4":"has-post-thumbnail","6":"product_cat-uzkandziai","7":"pa_brand-hot-chip","9":"first","10":"outofstock","11":"taxable","12":"shipping-taxable","13":"purchasable","14":"product-type-variable"},"yoast_head":"<!-- This site is optimized with the Yoast SEO plugin v27.3 - https:\/\/yoast.com\/product\/yoast-seo-wordpress\/ -->\n<title>Hot Chip Challenge - Hotta<\/title>\n<meta name=\"description\" content=\"Legendinis &quot;Hot-Chip Challenge&quot; dabar Lietuva! &quot;Carolina Reaper&quot;, Trinidad Moruga Scorpion, Naga Bhut Jolokia ir Habanero derinys. Ekstremalus i\u0161\u0161\u016bkis!\" \/>\n<meta name=\"robots\" content=\"index, follow, max-snippet:-1, max-image-preview:large, max-video-preview:-1\" \/>\n<link rel=\"canonical\" href=\"https:\/\/hotta.eu\/lt\/shop\/hot-chip-challenge\/\" \/>\n<meta property=\"og:locale\" content=\"lt_LT\" \/>\n<meta property=\"og:type\" content=\"article\" \/>\n<meta property=\"og:title\" content=\"Hot Chip Challenge - Hotta\" \/>\n<meta property=\"og:description\" content=\"Legendinis &quot;Hot-Chip Challenge&quot; dabar Lietuva! &quot;Carolina Reaper&quot;, Trinidad Moruga Scorpion, Naga Bhut Jolokia ir Habanero derinys. Ekstremalus i\u0161\u0161\u016bkis!\" \/>\n<meta property=\"og:url\" content=\"https:\/\/hotta.eu\/lt\/shop\/hot-chip-challenge\/\" \/>\n<meta property=\"og:site_name\" content=\"Hotta\" \/>\n<meta property=\"article:publisher\" content=\"https:\/\/www.facebook.com\/hotta.eu\" \/>\n<meta property=\"article:modified_time\" content=\"2025-12-04T18:09:16+00:00\" \/>\n<meta property=\"og:image\" content=\"https:\/\/hotta.eu\/wp-content\/uploads\/2021\/09\/hot-chip-challenge-front-1530x1530.png\" \/>\n\t<meta property=\"og:image:width\" content=\"1530\" \/>\n\t<meta property=\"og:image:height\" content=\"1530\" \/>\n\t<meta property=\"og:image:type\" content=\"image\/png\" \/>\n<meta name=\"twitter:card\" content=\"summary_large_image\" \/>\n<meta name=\"twitter:site\" content=\"@hottashop\" \/>\n<meta name=\"twitter:label1\" content=\"Est. reading time\" \/>\n\t<meta name=\"twitter:data1\" content=\"1 minute\" \/>\n<script type=\"application\/ld+json\" class=\"yoast-schema-graph\">{\"@context\":\"https:\\\/\\\/schema.org\",\"@graph\":[{\"@type\":\"WebPage\",\"@id\":\"https:\\\/\\\/hotta.eu\\\/lt\\\/shop\\\/hot-chip-challenge\\\/\",\"url\":\"https:\\\/\\\/hotta.eu\\\/lt\\\/shop\\\/hot-chip-challenge\\\/\",\"name\":\"Hot Chip Challenge - Hotta\",\"isPartOf\":{\"@id\":\"https:\\\/\\\/hotta.eu\\\/lt\\\/#website\"},\"primaryImageOfPage\":{\"@id\":\"https:\\\/\\\/hotta.eu\\\/lt\\\/shop\\\/hot-chip-challenge\\\/#primaryimage\"},\"image\":{\"@id\":\"https:\\\/\\\/hotta.eu\\\/lt\\\/shop\\\/hot-chip-challenge\\\/#primaryimage\"},\"thumbnailUrl\":\"https:\\\/\\\/hotta.eu\\\/wp-content\\\/uploads\\\/2021\\\/09\\\/hot-chip-challenge-front.png\",\"datePublished\":\"2024-05-10T22:00:09+00:00\",\"dateModified\":\"2025-12-04T18:09:16+00:00\",\"description\":\"Legendinis \\\"Hot-Chip Challenge\\\" dabar Lietuva! \\\"Carolina Reaper\\\", Trinidad Moruga Scorpion, Naga Bhut Jolokia ir Habanero derinys. Ekstremalus i\u0161\u0161\u016bkis!\",\"breadcrumb\":{\"@id\":\"https:\\\/\\\/hotta.eu\\\/lt\\\/shop\\\/hot-chip-challenge\\\/#breadcrumb\"},\"inLanguage\":\"lt-LT\",\"potentialAction\":[{\"@type\":\"ReadAction\",\"target\":[\"https:\\\/\\\/hotta.eu\\\/lt\\\/shop\\\/hot-chip-challenge\\\/\"]}]},{\"@type\":\"ImageObject\",\"inLanguage\":\"lt-LT\",\"@id\":\"https:\\\/\\\/hotta.eu\\\/lt\\\/shop\\\/hot-chip-challenge\\\/#primaryimage\",\"url\":\"https:\\\/\\\/hotta.eu\\\/wp-content\\\/uploads\\\/2021\\\/09\\\/hot-chip-challenge-front.png\",\"contentUrl\":\"https:\\\/\\\/hotta.eu\\\/wp-content\\\/uploads\\\/2021\\\/09\\\/hot-chip-challenge-front.png\",\"width\":2000,\"height\":2000},{\"@type\":\"BreadcrumbList\",\"@id\":\"https:\\\/\\\/hotta.eu\\\/lt\\\/shop\\\/hot-chip-challenge\\\/#breadcrumb\",\"itemListElement\":[{\"@type\":\"ListItem\",\"position\":1,\"name\":\"Prad\u017eia\",\"item\":\"https:\\\/\\\/hotta.eu\\\/lt\\\/pradzia\\\/\"},{\"@type\":\"ListItem\",\"position\":2,\"name\":\"Parduotuv\u0117\",\"item\":\"https:\\\/\\\/hotta.eu\\\/shop\\\/\"},{\"@type\":\"ListItem\",\"position\":3,\"name\":\"Hot Chip Challenge\"}]},{\"@type\":\"WebSite\",\"@id\":\"https:\\\/\\\/hotta.eu\\\/lt\\\/#website\",\"url\":\"https:\\\/\\\/hotta.eu\\\/lt\\\/\",\"name\":\"Hotta\",\"description\":\"Makes your mouth burn a lotta!\",\"publisher\":{\"@id\":\"https:\\\/\\\/hotta.eu\\\/lt\\\/#organization\"},\"potentialAction\":[{\"@type\":\"SearchAction\",\"target\":{\"@type\":\"EntryPoint\",\"urlTemplate\":\"https:\\\/\\\/hotta.eu\\\/lt\\\/?s={search_term_string}\"},\"query-input\":{\"@type\":\"PropertyValueSpecification\",\"valueRequired\":true,\"valueName\":\"search_term_string\"}}],\"inLanguage\":\"lt-LT\"},{\"@type\":\"Organization\",\"@id\":\"https:\\\/\\\/hotta.eu\\\/lt\\\/#organization\",\"name\":\"Hotta\",\"url\":\"https:\\\/\\\/hotta.eu\\\/lt\\\/\",\"logo\":{\"@type\":\"ImageObject\",\"inLanguage\":\"lt-LT\",\"@id\":\"https:\\\/\\\/hotta.eu\\\/lt\\\/#\\\/schema\\\/logo\\\/image\\\/\",\"url\":\"https:\\\/\\\/hotta.eu\\\/wp-content\\\/uploads\\\/2025\\\/04\\\/hotta-logo-invoice.png\",\"contentUrl\":\"https:\\\/\\\/hotta.eu\\\/wp-content\\\/uploads\\\/2025\\\/04\\\/hotta-logo-invoice.png\",\"width\":600,\"height\":411,\"caption\":\"Hotta\"},\"image\":{\"@id\":\"https:\\\/\\\/hotta.eu\\\/lt\\\/#\\\/schema\\\/logo\\\/image\\\/\"},\"sameAs\":[\"https:\\\/\\\/www.facebook.com\\\/hotta.eu\",\"https:\\\/\\\/x.com\\\/hottashop\",\"https:\\\/\\\/www.instagram.com\\\/hotta.shop\"]}]}<\/script>\n<!-- \/ Yoast SEO plugin. -->","yoast_head_json":{"title":"Hot Chip Challenge - Hotta","description":"Legendinis \"Hot-Chip Challenge\" dabar Lietuva! \"Carolina Reaper\", Trinidad Moruga Scorpion, Naga Bhut Jolokia ir Habanero derinys. Ekstremalus i\u0161\u0161\u016bkis!","robots":{"index":"index","follow":"follow","max-snippet":"max-snippet:-1","max-image-preview":"max-image-preview:large","max-video-preview":"max-video-preview:-1"},"canonical":"https:\/\/hotta.eu\/lt\/shop\/hot-chip-challenge\/","og_locale":"lt_LT","og_type":"article","og_title":"Hot Chip Challenge - Hotta","og_description":"Legendinis \"Hot-Chip Challenge\" dabar Lietuva! \"Carolina Reaper\", Trinidad Moruga Scorpion, Naga Bhut Jolokia ir Habanero derinys. Ekstremalus i\u0161\u0161\u016bkis!","og_url":"https:\/\/hotta.eu\/lt\/shop\/hot-chip-challenge\/","og_site_name":"Hotta","article_publisher":"https:\/\/www.facebook.com\/hotta.eu","article_modified_time":"2025-12-04T18:09:16+00:00","og_image":[{"width":1530,"height":1530,"url":"https:\/\/hotta.eu\/wp-content\/uploads\/2021\/09\/hot-chip-challenge-front-1530x1530.png","type":"image\/png"}],"twitter_card":"summary_large_image","twitter_site":"@hottashop","twitter_misc":{"Est. reading time":"1 minute"},"schema":{"@context":"https:\/\/schema.org","@graph":[{"@type":"WebPage","@id":"https:\/\/hotta.eu\/lt\/shop\/hot-chip-challenge\/","url":"https:\/\/hotta.eu\/lt\/shop\/hot-chip-challenge\/","name":"Hot Chip Challenge - Hotta","isPartOf":{"@id":"https:\/\/hotta.eu\/lt\/#website"},"primaryImageOfPage":{"@id":"https:\/\/hotta.eu\/lt\/shop\/hot-chip-challenge\/#primaryimage"},"image":{"@id":"https:\/\/hotta.eu\/lt\/shop\/hot-chip-challenge\/#primaryimage"},"thumbnailUrl":"https:\/\/hotta.eu\/wp-content\/uploads\/2021\/09\/hot-chip-challenge-front.png","datePublished":"2024-05-10T22:00:09+00:00","dateModified":"2025-12-04T18:09:16+00:00","description":"Legendinis \"Hot-Chip Challenge\" dabar Lietuva! \"Carolina Reaper\", Trinidad Moruga Scorpion, Naga Bhut Jolokia ir Habanero derinys. Ekstremalus i\u0161\u0161\u016bkis!","breadcrumb":{"@id":"https:\/\/hotta.eu\/lt\/shop\/hot-chip-challenge\/#breadcrumb"},"inLanguage":"lt-LT","potentialAction":[{"@type":"ReadAction","target":["https:\/\/hotta.eu\/lt\/shop\/hot-chip-challenge\/"]}]},{"@type":"ImageObject","inLanguage":"lt-LT","@id":"https:\/\/hotta.eu\/lt\/shop\/hot-chip-challenge\/#primaryimage","url":"https:\/\/hotta.eu\/wp-content\/uploads\/2021\/09\/hot-chip-challenge-front.png","contentUrl":"https:\/\/hotta.eu\/wp-content\/uploads\/2021\/09\/hot-chip-challenge-front.png","width":2000,"height":2000},{"@type":"BreadcrumbList","@id":"https:\/\/hotta.eu\/lt\/shop\/hot-chip-challenge\/#breadcrumb","itemListElement":[{"@type":"ListItem","position":1,"name":"Prad\u017eia","item":"https:\/\/hotta.eu\/lt\/pradzia\/"},{"@type":"ListItem","position":2,"name":"Parduotuv\u0117","item":"https:\/\/hotta.eu\/shop\/"},{"@type":"ListItem","position":3,"name":"Hot Chip Challenge"}]},{"@type":"WebSite","@id":"https:\/\/hotta.eu\/lt\/#website","url":"https:\/\/hotta.eu\/lt\/","name":"Hotta","description":"Makes your mouth burn a lotta!","publisher":{"@id":"https:\/\/hotta.eu\/lt\/#organization"},"potentialAction":[{"@type":"SearchAction","target":{"@type":"EntryPoint","urlTemplate":"https:\/\/hotta.eu\/lt\/?s={search_term_string}"},"query-input":{"@type":"PropertyValueSpecification","valueRequired":true,"valueName":"search_term_string"}}],"inLanguage":"lt-LT"},{"@type":"Organization","@id":"https:\/\/hotta.eu\/lt\/#organization","name":"Hotta","url":"https:\/\/hotta.eu\/lt\/","logo":{"@type":"ImageObject","inLanguage":"lt-LT","@id":"https:\/\/hotta.eu\/lt\/#\/schema\/logo\/image\/","url":"https:\/\/hotta.eu\/wp-content\/uploads\/2025\/04\/hotta-logo-invoice.png","contentUrl":"https:\/\/hotta.eu\/wp-content\/uploads\/2025\/04\/hotta-logo-invoice.png","width":600,"height":411,"caption":"Hotta"},"image":{"@id":"https:\/\/hotta.eu\/lt\/#\/schema\/logo\/image\/"},"sameAs":["https:\/\/www.facebook.com\/hotta.eu","https:\/\/x.com\/hottashop","https:\/\/www.instagram.com\/hotta.shop"]}]}},"jetpack_sharing_enabled":true,"_links":{"self":[{"href":"https:\/\/hotta.eu\/lt\/wp-json\/wp\/v2\/product\/18896","targetHints":{"allow":["GET"]}}],"collection":[{"href":"https:\/\/hotta.eu\/lt\/wp-json\/wp\/v2\/product"}],"about":[{"href":"https:\/\/hotta.eu\/lt\/wp-json\/wp\/v2\/types\/product"}],"replies":[{"embeddable":true,"href":"https:\/\/hotta.eu\/lt\/wp-json\/wp\/v2\/comments?post=18896"}],"wp:featuredmedia":[{"embeddable":true,"href":"https:\/\/hotta.eu\/lt\/wp-json\/wp\/v2\/media\/17856"}],"wp:attachment":[{"href":"https:\/\/hotta.eu\/lt\/wp-json\/wp\/v2\/media?parent=18896"}],"wp:term":[{"taxonomy":"product_cat","embeddable":true,"href":"https:\/\/hotta.eu\/lt\/wp-json\/wp\/v2\/product_cat?post=18896"},{"taxonomy":"product_tag","embeddable":true,"href":"https:\/\/hotta.eu\/lt\/wp-json\/wp\/v2\/product_tag?post=18896"},{"taxonomy":"giftcard-category","embeddable":true,"href":"https:\/\/hotta.eu\/lt\/wp-json\/wp\/v2\/giftcard-category?post=18896"}],"curies":[{"name":"wp","href":"https:\/\/api.w.org\/{rel}","templated":true}]}}