{"id":18906,"date":"2024-04-27T18:32:21","date_gmt":"2024-04-27T16:32:21","guid":{"rendered":"https:\/\/hotta.eu\/shop\/aitriuju-papriku-padazas-scorpion-kiss\/"},"modified":"2024-12-27T12:40:37","modified_gmt":"2024-12-27T10:40:37","slug":"scorpion-kiss-chilli-sauce","status":"publish","type":"product","link":"https:\/\/hotta.eu\/lt\/shop\/scorpion-kiss-chilli-sauce\/","title":{"rendered":"Scorpion Kiss Chilli Sauce"},"content":{"rendered":"<p><strong>Sud\u0117tis<br \/>\n<\/strong>Pomidorai (47 %), svog\u016bnai, \u010desnakai, pomidor\u0173 pasta (6 %), actas, cukrus, aitri\u0173j\u0173 paprik\u0173 &#8220;Yellow Scotch Bonnet&#8221; tyr\u0117 (3 %) [aitriosios paprikos &#8220;Yellow Scotch Bonnet&#8221;, druska, acto r\u016bg\u0161tis], saul\u0117gr\u0105\u017e\u0173 aliejus, malti prieskoniai, kukur\u016bz\u0173 miltai, druska, spirito actas, laimo mi\u0161inys [kalk\u0117s, laimo koncentratas, vanduo, laimo aliejus], \u010diobreliai (0.7 %), aitriosios paprikos &#8220;Scorpion&#8221; (0,6 %) [aitriosios paprikos &#8220;Trinidad Scorpion&#8221;, druska, acto r\u016bg\u0161tis], r\u016bg\u0161tingum\u0105 reguliuojanti med\u017eiaga: citrin\u0173 r\u016bg\u0161tis.<\/p>\n<p><strong>Maistingumo informacija (100 g<\/strong>)<br \/>\nEnergin\u0117 vert\u0117 306 kJ (78 kcal), 2 g riebal\u0173 (i\u0161 j\u0173 so\u010di\u0173j\u0173 riebal\u0173 r\u016bg\u0161\u010di\u0173 0,2 g), 12 g angliavandeni\u0173 (i\u0161 j\u0173 cukr\u0173 8 g), 1,8 g baltym\u0173, 1 g druskos.<\/p>\n<p><strong>Galiojimas ir saugojimas<\/strong><br \/>\nAnt buteliuko nurodyta galiojimo data galioja neatidarytam produktui. Atidaryt\u0105 produkt\u0105 reikia laikyti \u0161aldytuve ir suvartoti per 2 savaites.<\/p>\n","protected":false},"excerpt":{"rendered":"<p><strong>KVASA! \u0160ILUMA! AISTRA!<\/strong><\/p>\n<p>Brendanas Thomas, dar \u017einomas kaip &#8220;Chilli Man&#8221;, yra suk\u016br\u0119s \u012fvairiausi\u0173 pada\u017e\u0173, kuri\u0173 pagrindinis principas &#8211; pirmiausia skonis, o tik po to a\u0161trumas!<\/p>\n<p>Scorpion Kiss yra a\u0161triausias Brendano pasirinkimas. Gana a\u0161trus, salstel\u0117j\u0119s pada\u017eas, pagardintas \u017eolel\u0117mis. Gaivus laimo gaivumas ir a\u0161trus Scorpion aitri\u0173j\u0173 paprik\u0173 skonis. Chilli Man rekomenduoja mai\u0161yti su jogurtu, prid\u0117ti \u0161vie\u017ei\u0173 \u017eoleli\u0173 ir juod\u0173j\u0173 pipir\u0173, kad gautum\u0117te puik\u0173 pada\u017e\u0105 vi\u0161tienos sparneliams!<br \/>\n[ywcwtl_form product_id=\"\"]<\/p>\n","protected":false},"featured_media":17733,"comment_status":"open","ping_status":"closed","template":"","meta":[],"product_cat":[927,917],"product_tag":[],"giftcard-category":[],"class_list":{"0":"post-18906","1":"product","2":"type-product","3":"status-publish","4":"has-post-thumbnail","6":"product_cat-astrus","7":"product_cat-padazai","8":"pa_brand-brendans","10":"first","11":"outofstock","12":"sale","13":"taxable","14":"shipping-taxable","15":"purchasable","16":"product-type-simple"},"yoast_head":"<!-- This site is optimized with the Yoast SEO plugin v27.5 - https:\/\/yoast.com\/product\/yoast-seo-wordpress\/ -->\n<title>Scorpion Kiss Chilli Sauce - Hotta<\/title>\n<meta name=\"description\" content=\"Scorpion Kiss yra a\u0161triausias Brendano pasirinkimas. Saldus pada\u017eas, pagardintas Karib\u0173 j\u016bros \u017eolel\u0117mis. Gaivus laimo gaivumas ir a\u0161trus &quot;Scorpion&quot; aitri\u0173j\u0173 paprik\u0173 skonis.\" \/>\n<meta name=\"robots\" content=\"index, follow, max-snippet:-1, max-image-preview:large, max-video-preview:-1\" \/>\n<link rel=\"canonical\" href=\"https:\/\/hotta.eu\/lt\/shop\/scorpion-kiss-chilli-sauce\/\" \/>\n<meta property=\"og:locale\" content=\"lt_LT\" \/>\n<meta property=\"og:type\" content=\"article\" \/>\n<meta property=\"og:title\" content=\"Scorpion Kiss Chilli Sauce - Hotta\" \/>\n<meta property=\"og:description\" content=\"Scorpion Kiss yra a\u0161triausias Brendano pasirinkimas. Saldus pada\u017eas, pagardintas Karib\u0173 j\u016bros \u017eolel\u0117mis. Gaivus laimo gaivumas ir a\u0161trus &quot;Scorpion&quot; aitri\u0173j\u0173 paprik\u0173 skonis.\" \/>\n<meta property=\"og:url\" content=\"https:\/\/hotta.eu\/lt\/shop\/scorpion-kiss-chilli-sauce\/\" \/>\n<meta property=\"og:site_name\" content=\"Hotta\" \/>\n<meta property=\"article:publisher\" content=\"https:\/\/www.facebook.com\/hotta.eu\" \/>\n<meta property=\"article:modified_time\" content=\"2024-12-27T10:40:37+00:00\" \/>\n<meta property=\"og:image\" content=\"https:\/\/hotta.eu\/wp-content\/uploads\/2024\/04\/Brendan-Scorpion-Kiss-1530x1530.png\" \/>\n\t<meta property=\"og:image:width\" content=\"1530\" \/>\n\t<meta property=\"og:image:height\" content=\"1530\" \/>\n\t<meta property=\"og:image:type\" content=\"image\/png\" \/>\n<meta name=\"twitter:card\" content=\"summary_large_image\" \/>\n<meta name=\"twitter:site\" content=\"@hottashop\" \/>\n<meta name=\"twitter:label1\" content=\"Est. reading time\" \/>\n\t<meta name=\"twitter:data1\" content=\"1 minute\" \/>\n<script type=\"application\/ld+json\" class=\"yoast-schema-graph\">{\"@context\":\"https:\\\/\\\/schema.org\",\"@graph\":[{\"@type\":\"WebPage\",\"@id\":\"https:\\\/\\\/hotta.eu\\\/lt\\\/shop\\\/scorpion-kiss-chilli-sauce\\\/\",\"url\":\"https:\\\/\\\/hotta.eu\\\/lt\\\/shop\\\/scorpion-kiss-chilli-sauce\\\/\",\"name\":\"Scorpion Kiss Chilli Sauce - Hotta\",\"isPartOf\":{\"@id\":\"https:\\\/\\\/hotta.eu\\\/lt\\\/#website\"},\"primaryImageOfPage\":{\"@id\":\"https:\\\/\\\/hotta.eu\\\/lt\\\/shop\\\/scorpion-kiss-chilli-sauce\\\/#primaryimage\"},\"image\":{\"@id\":\"https:\\\/\\\/hotta.eu\\\/lt\\\/shop\\\/scorpion-kiss-chilli-sauce\\\/#primaryimage\"},\"thumbnailUrl\":\"https:\\\/\\\/hotta.eu\\\/wp-content\\\/uploads\\\/2024\\\/04\\\/Brendan-Scorpion-Kiss.png\",\"datePublished\":\"2024-04-27T16:32:21+00:00\",\"dateModified\":\"2024-12-27T10:40:37+00:00\",\"description\":\"Scorpion Kiss yra a\u0161triausias Brendano pasirinkimas. Saldus pada\u017eas, pagardintas Karib\u0173 j\u016bros \u017eolel\u0117mis. Gaivus laimo gaivumas ir a\u0161trus \\\"Scorpion\\\" aitri\u0173j\u0173 paprik\u0173 skonis.\",\"breadcrumb\":{\"@id\":\"https:\\\/\\\/hotta.eu\\\/lt\\\/shop\\\/scorpion-kiss-chilli-sauce\\\/#breadcrumb\"},\"inLanguage\":\"lt-LT\",\"potentialAction\":[{\"@type\":\"ReadAction\",\"target\":[\"https:\\\/\\\/hotta.eu\\\/lt\\\/shop\\\/scorpion-kiss-chilli-sauce\\\/\"]}]},{\"@type\":\"ImageObject\",\"inLanguage\":\"lt-LT\",\"@id\":\"https:\\\/\\\/hotta.eu\\\/lt\\\/shop\\\/scorpion-kiss-chilli-sauce\\\/#primaryimage\",\"url\":\"https:\\\/\\\/hotta.eu\\\/wp-content\\\/uploads\\\/2024\\\/04\\\/Brendan-Scorpion-Kiss.png\",\"contentUrl\":\"https:\\\/\\\/hotta.eu\\\/wp-content\\\/uploads\\\/2024\\\/04\\\/Brendan-Scorpion-Kiss.png\",\"width\":2000,\"height\":2000},{\"@type\":\"BreadcrumbList\",\"@id\":\"https:\\\/\\\/hotta.eu\\\/lt\\\/shop\\\/scorpion-kiss-chilli-sauce\\\/#breadcrumb\",\"itemListElement\":[{\"@type\":\"ListItem\",\"position\":1,\"name\":\"Prad\u017eia\",\"item\":\"https:\\\/\\\/hotta.eu\\\/lt\\\/\"},{\"@type\":\"ListItem\",\"position\":2,\"name\":\"Parduotuv\u0117\",\"item\":\"https:\\\/\\\/hotta.eu\\\/shop\\\/\"},{\"@type\":\"ListItem\",\"position\":3,\"name\":\"Scorpion Kiss Chilli Sauce\"}]},{\"@type\":\"WebSite\",\"@id\":\"https:\\\/\\\/hotta.eu\\\/lt\\\/#website\",\"url\":\"https:\\\/\\\/hotta.eu\\\/lt\\\/\",\"name\":\"Hotta\",\"description\":\"Makes your mouth burn a lotta!\",\"publisher\":{\"@id\":\"https:\\\/\\\/hotta.eu\\\/lt\\\/#organization\"},\"potentialAction\":[{\"@type\":\"SearchAction\",\"target\":{\"@type\":\"EntryPoint\",\"urlTemplate\":\"https:\\\/\\\/hotta.eu\\\/lt\\\/?s={search_term_string}\"},\"query-input\":{\"@type\":\"PropertyValueSpecification\",\"valueRequired\":true,\"valueName\":\"search_term_string\"}}],\"inLanguage\":\"lt-LT\"},{\"@type\":\"Organization\",\"@id\":\"https:\\\/\\\/hotta.eu\\\/lt\\\/#organization\",\"name\":\"Hotta\",\"url\":\"https:\\\/\\\/hotta.eu\\\/lt\\\/\",\"logo\":{\"@type\":\"ImageObject\",\"inLanguage\":\"lt-LT\",\"@id\":\"https:\\\/\\\/hotta.eu\\\/lt\\\/#\\\/schema\\\/logo\\\/image\\\/\",\"url\":\"https:\\\/\\\/hotta.eu\\\/wp-content\\\/uploads\\\/2025\\\/04\\\/hotta-logo-invoice.png\",\"contentUrl\":\"https:\\\/\\\/hotta.eu\\\/wp-content\\\/uploads\\\/2025\\\/04\\\/hotta-logo-invoice.png\",\"width\":600,\"height\":411,\"caption\":\"Hotta\"},\"image\":{\"@id\":\"https:\\\/\\\/hotta.eu\\\/lt\\\/#\\\/schema\\\/logo\\\/image\\\/\"},\"sameAs\":[\"https:\\\/\\\/www.facebook.com\\\/hotta.eu\",\"https:\\\/\\\/x.com\\\/hottashop\",\"https:\\\/\\\/www.instagram.com\\\/hotta.shop\"]}]}<\/script>\n<!-- \/ Yoast SEO plugin. -->","yoast_head_json":{"title":"Scorpion Kiss Chilli Sauce - Hotta","description":"Scorpion Kiss yra a\u0161triausias Brendano pasirinkimas. Saldus pada\u017eas, pagardintas Karib\u0173 j\u016bros \u017eolel\u0117mis. Gaivus laimo gaivumas ir a\u0161trus \"Scorpion\" aitri\u0173j\u0173 paprik\u0173 skonis.","robots":{"index":"index","follow":"follow","max-snippet":"max-snippet:-1","max-image-preview":"max-image-preview:large","max-video-preview":"max-video-preview:-1"},"canonical":"https:\/\/hotta.eu\/lt\/shop\/scorpion-kiss-chilli-sauce\/","og_locale":"lt_LT","og_type":"article","og_title":"Scorpion Kiss Chilli Sauce - Hotta","og_description":"Scorpion Kiss yra a\u0161triausias Brendano pasirinkimas. Saldus pada\u017eas, pagardintas Karib\u0173 j\u016bros \u017eolel\u0117mis. Gaivus laimo gaivumas ir a\u0161trus \"Scorpion\" aitri\u0173j\u0173 paprik\u0173 skonis.","og_url":"https:\/\/hotta.eu\/lt\/shop\/scorpion-kiss-chilli-sauce\/","og_site_name":"Hotta","article_publisher":"https:\/\/www.facebook.com\/hotta.eu","article_modified_time":"2024-12-27T10:40:37+00:00","og_image":[{"width":1530,"height":1530,"url":"https:\/\/hotta.eu\/wp-content\/uploads\/2024\/04\/Brendan-Scorpion-Kiss-1530x1530.png","type":"image\/png"}],"twitter_card":"summary_large_image","twitter_site":"@hottashop","twitter_misc":{"Est. reading time":"1 minute"},"schema":{"@context":"https:\/\/schema.org","@graph":[{"@type":"WebPage","@id":"https:\/\/hotta.eu\/lt\/shop\/scorpion-kiss-chilli-sauce\/","url":"https:\/\/hotta.eu\/lt\/shop\/scorpion-kiss-chilli-sauce\/","name":"Scorpion Kiss Chilli Sauce - Hotta","isPartOf":{"@id":"https:\/\/hotta.eu\/lt\/#website"},"primaryImageOfPage":{"@id":"https:\/\/hotta.eu\/lt\/shop\/scorpion-kiss-chilli-sauce\/#primaryimage"},"image":{"@id":"https:\/\/hotta.eu\/lt\/shop\/scorpion-kiss-chilli-sauce\/#primaryimage"},"thumbnailUrl":"https:\/\/hotta.eu\/wp-content\/uploads\/2024\/04\/Brendan-Scorpion-Kiss.png","datePublished":"2024-04-27T16:32:21+00:00","dateModified":"2024-12-27T10:40:37+00:00","description":"Scorpion Kiss yra a\u0161triausias Brendano pasirinkimas. Saldus pada\u017eas, pagardintas Karib\u0173 j\u016bros \u017eolel\u0117mis. Gaivus laimo gaivumas ir a\u0161trus \"Scorpion\" aitri\u0173j\u0173 paprik\u0173 skonis.","breadcrumb":{"@id":"https:\/\/hotta.eu\/lt\/shop\/scorpion-kiss-chilli-sauce\/#breadcrumb"},"inLanguage":"lt-LT","potentialAction":[{"@type":"ReadAction","target":["https:\/\/hotta.eu\/lt\/shop\/scorpion-kiss-chilli-sauce\/"]}]},{"@type":"ImageObject","inLanguage":"lt-LT","@id":"https:\/\/hotta.eu\/lt\/shop\/scorpion-kiss-chilli-sauce\/#primaryimage","url":"https:\/\/hotta.eu\/wp-content\/uploads\/2024\/04\/Brendan-Scorpion-Kiss.png","contentUrl":"https:\/\/hotta.eu\/wp-content\/uploads\/2024\/04\/Brendan-Scorpion-Kiss.png","width":2000,"height":2000},{"@type":"BreadcrumbList","@id":"https:\/\/hotta.eu\/lt\/shop\/scorpion-kiss-chilli-sauce\/#breadcrumb","itemListElement":[{"@type":"ListItem","position":1,"name":"Prad\u017eia","item":"https:\/\/hotta.eu\/lt\/"},{"@type":"ListItem","position":2,"name":"Parduotuv\u0117","item":"https:\/\/hotta.eu\/shop\/"},{"@type":"ListItem","position":3,"name":"Scorpion Kiss Chilli Sauce"}]},{"@type":"WebSite","@id":"https:\/\/hotta.eu\/lt\/#website","url":"https:\/\/hotta.eu\/lt\/","name":"Hotta","description":"Makes your mouth burn a lotta!","publisher":{"@id":"https:\/\/hotta.eu\/lt\/#organization"},"potentialAction":[{"@type":"SearchAction","target":{"@type":"EntryPoint","urlTemplate":"https:\/\/hotta.eu\/lt\/?s={search_term_string}"},"query-input":{"@type":"PropertyValueSpecification","valueRequired":true,"valueName":"search_term_string"}}],"inLanguage":"lt-LT"},{"@type":"Organization","@id":"https:\/\/hotta.eu\/lt\/#organization","name":"Hotta","url":"https:\/\/hotta.eu\/lt\/","logo":{"@type":"ImageObject","inLanguage":"lt-LT","@id":"https:\/\/hotta.eu\/lt\/#\/schema\/logo\/image\/","url":"https:\/\/hotta.eu\/wp-content\/uploads\/2025\/04\/hotta-logo-invoice.png","contentUrl":"https:\/\/hotta.eu\/wp-content\/uploads\/2025\/04\/hotta-logo-invoice.png","width":600,"height":411,"caption":"Hotta"},"image":{"@id":"https:\/\/hotta.eu\/lt\/#\/schema\/logo\/image\/"},"sameAs":["https:\/\/www.facebook.com\/hotta.eu","https:\/\/x.com\/hottashop","https:\/\/www.instagram.com\/hotta.shop"]}]}},"jetpack_sharing_enabled":true,"_links":{"self":[{"href":"https:\/\/hotta.eu\/lt\/wp-json\/wp\/v2\/product\/18906","targetHints":{"allow":["GET"]}}],"collection":[{"href":"https:\/\/hotta.eu\/lt\/wp-json\/wp\/v2\/product"}],"about":[{"href":"https:\/\/hotta.eu\/lt\/wp-json\/wp\/v2\/types\/product"}],"replies":[{"embeddable":true,"href":"https:\/\/hotta.eu\/lt\/wp-json\/wp\/v2\/comments?post=18906"}],"wp:featuredmedia":[{"embeddable":true,"href":"https:\/\/hotta.eu\/lt\/wp-json\/wp\/v2\/media\/17733"}],"wp:attachment":[{"href":"https:\/\/hotta.eu\/lt\/wp-json\/wp\/v2\/media?parent=18906"}],"wp:term":[{"taxonomy":"product_cat","embeddable":true,"href":"https:\/\/hotta.eu\/lt\/wp-json\/wp\/v2\/product_cat?post=18906"},{"taxonomy":"product_tag","embeddable":true,"href":"https:\/\/hotta.eu\/lt\/wp-json\/wp\/v2\/product_tag?post=18906"},{"taxonomy":"giftcard-category","embeddable":true,"href":"https:\/\/hotta.eu\/lt\/wp-json\/wp\/v2\/giftcard-category?post=18906"}],"curies":[{"name":"wp","href":"https:\/\/api.w.org\/{rel}","templated":true}]}}