{"id":18907,"date":"2024-05-11T17:45:13","date_gmt":"2024-05-11T15:45:13","guid":{"rendered":"https:\/\/hotta.eu\/shop\/pradedanciuju-aitriuju-papriku-dovanu-dezute\/"},"modified":"2024-12-27T12:40:36","modified_gmt":"2024-12-27T10:40:36","slug":"beginners-chilli-gift-box","status":"publish","type":"product","link":"https:\/\/hotta.eu\/lt\/shop\/beginners-chilli-gift-box\/","title":{"rendered":"Beginner&#8217;s Chilli Gift Box"},"content":{"rendered":"","protected":false},"excerpt":{"rendered":"<p>Idealiai tinka ir pradedan\u010diajam, ir labiau patyrusiam aitri\u0173j\u0173 paprik\u0173 m\u0117g\u0117jui. \u012evairi\u0173 aitri\u0173j\u0173 paprik\u0173 a\u0161trumo produkt\u0173 asortimentas.<\/p>\n<p>Rinkinio turinys:<\/p>\n<ul>\n<li><a href=\"https:\/\/hotta.eu\/shop\/hot-chip-challenge\/\"><strong>Kar\u0161to lusto i\u0161\u0161\u016bkis<\/strong> <\/a>(2.5 g)<br \/>\nItin a\u0161trus <em>vieno lusto<\/em> i\u0161\u0161\u016bkis u\u017etikrina nepamir\u0161tam\u0105 patirt\u012f.<\/li>\n<li><strong>Aitri\u0173j\u0173 paprik\u0173 ir apelsin\u0173 uogien\u0117<\/strong> (210 g)<br \/>\n\u012edomus &#8220;Bhut Jolokia&#8221; aitri\u0173j\u0173 paprik\u0173 ir sald\u017ei\u0173j\u0173 apelsin\u0173 derinys uogien\u0117je.<\/li>\n<li><strong>aitri\u0173j\u0173 paprik\u0173 milteliai<\/strong> (10 g)<br \/>\nAitriosios paprikos milteliai stikliniame inde.<\/li>\n<li><a href=\"https:\/\/hotta.eu\/shop\/jelly-beans-spicy-fruit\/\"><strong>\u017del\u0117 pupeli\u0173 saldainiai su a\u0161triais vaisiais<\/strong><\/a> (60 g)<br \/>\nVaisi\u0173 skonio <em>\u017eel\u0117<\/em> saldainiai su aitriosiomis paprikomis.<\/li>\n<li><a href=\"https:\/\/hotta.eu\/shop\/strips-bruschette-jalapeno\/\"><strong>Strips Bruschette Jalapeno aitriosios paprikos juostel\u0117s<\/strong><\/a> (80 g)<br \/>\nBaltym\u0173 turtingas u\u017ekandis i\u0161 ank\u0161tini\u0173 dar\u017eovi\u0173, pagardintas jalapeno aitriosiomis paprikomis.<\/li>\n<li><a href=\"https:\/\/hotta.eu\/shop\/beef-jerky-spicy-bacon\/\"><strong>Jautienos d\u017ei\u016bv\u0117siai su a\u0161triu \u0161onine<\/strong><\/a> (25 g)<br \/>\n\u0160onin\u0117s skonio jautienos d\u017ei\u016bv\u0117siai &#8211; baltym\u0173 turtingas u\u017ekandis su aitri\u0173j\u0173 paprik\u0173 prieskoniu.<\/li>\n<li><strong>Rie\u0161utai su aitriosiomis paprikomis<\/strong> (70 g)<br \/>\nTra\u0161k\u016bs rie\u0161utai, apibarstyti aitriosios paprikos milteliais.<\/li>\n<li><a href=\"https:\/\/hotta.eu\/shop\/chilli-caramel-raw-protein-bar\/\"><strong>Aitri\u0173j\u0173 paprik\u0173 ir karamel\u0117s neapdorot\u0173 baltym\u0173 baton\u0117lis<\/strong><\/a> (35 g)<br \/>\nKaramel\u0117s ir aitri\u0173j\u0173 paprik\u0173 skonio baltym\u0173 turtingas \u017ealias baravykas.<\/li>\n<li><a href=\"https:\/\/hotta.eu\/shop\/chilli-lime-chips\/\"><strong>Aitri\u0173j\u0173 paprik\u0173 ir kalki\u0173 tra\u0161ku\u010diai<\/strong><\/a> (80 g)<br \/>\nBulvi\u0173 tra\u0161ku\u010diai su aitriosiomis paprikomis ir laimu.<\/li>\n<li><strong>Ancho aitriosios paprikos dribsniai<\/strong> (30 g)<br \/>\nPopuliariausios Meksikoje aitri\u0173j\u0173 paprik\u0173 veisl\u0117s dribsniai.<\/li>\n<li><strong>D\u017eiovintos Pasilla aitriosios paprikos<\/strong> (30 g)<br \/>\nSaldus ir r\u016bkytas skonis, tams\u016bs &#8220;Pasilla&#8221; aitri\u0173j\u0173 paprik\u0173 prieskoniai, vidutinio a\u0161trumo.<\/li>\n<li><strong>Garsty\u010dios su aitriosiomis paprikomis<\/strong> (200 g)<br \/>\nGarsty\u010dios su aitriosiomis paprikomis, pagamintos i\u0161 kokybi\u0161k\u0173 ingredient\u0173.<\/li>\n<\/ul>\n<p><!--more--><\/p>\n<p><!--more--><br \/>\n[ywcwtl_form product_id=\"\"]<\/p>\n","protected":false},"featured_media":17877,"comment_status":"open","ping_status":"closed","template":"","meta":[],"product_cat":[931],"product_tag":[],"giftcard-category":[],"class_list":{"0":"post-18907","1":"product","2":"type-product","3":"status-publish","4":"has-post-thumbnail","6":"product_cat-rinkiniai","7":"pa_brand-hot-chip","9":"first","10":"outofstock","11":"taxable","12":"shipping-taxable","13":"purchasable","14":"product-type-simple"},"yoast_head":"<!-- This site is optimized with the Yoast SEO plugin v27.3 - https:\/\/yoast.com\/product\/yoast-seo-wordpress\/ -->\n<title>Beginner&#039;s Chilli Gift Box - Hotta<\/title>\n<meta name=\"description\" content=\"Idealiai tinka tiek pradedantiesiems, tiek patyrusiems aitri\u0173j\u0173 paprik\u0173 m\u0117g\u0117jams. \u012evairi\u0173 aitri\u0173j\u0173 paprik\u0173 a\u0161trumo produkt\u0173 asortimentas.\" \/>\n<meta name=\"robots\" content=\"index, follow, max-snippet:-1, max-image-preview:large, max-video-preview:-1\" \/>\n<link rel=\"canonical\" href=\"https:\/\/hotta.eu\/lt\/shop\/beginners-chilli-gift-box\/\" \/>\n<meta property=\"og:locale\" content=\"lt_LT\" \/>\n<meta property=\"og:type\" content=\"article\" \/>\n<meta property=\"og:title\" content=\"Beginner&#039;s Chilli Gift Box - Hotta\" \/>\n<meta property=\"og:description\" content=\"Idealiai tinka tiek pradedantiesiems, tiek patyrusiems aitri\u0173j\u0173 paprik\u0173 m\u0117g\u0117jams. \u012evairi\u0173 aitri\u0173j\u0173 paprik\u0173 a\u0161trumo produkt\u0173 asortimentas.\" \/>\n<meta property=\"og:url\" content=\"https:\/\/hotta.eu\/lt\/shop\/beginners-chilli-gift-box\/\" \/>\n<meta property=\"og:site_name\" content=\"Hotta\" \/>\n<meta property=\"article:publisher\" content=\"https:\/\/www.facebook.com\/hotta.eu\" \/>\n<meta property=\"article:modified_time\" content=\"2024-12-27T10:40:36+00:00\" \/>\n<meta property=\"og:image\" content=\"https:\/\/hotta.eu\/wp-content\/uploads\/2024\/05\/hot-chip-beginner-box-1.jpg\" \/>\n\t<meta property=\"og:image:width\" content=\"800\" \/>\n\t<meta property=\"og:image:height\" content=\"800\" \/>\n\t<meta property=\"og:image:type\" content=\"image\/jpeg\" \/>\n<meta name=\"twitter:card\" content=\"summary_large_image\" \/>\n<meta name=\"twitter:site\" content=\"@hottashop\" \/>\n<meta name=\"twitter:label1\" content=\"Est. reading time\" \/>\n\t<meta name=\"twitter:data1\" content=\"1 minute\" \/>\n<script type=\"application\/ld+json\" class=\"yoast-schema-graph\">{\"@context\":\"https:\\\/\\\/schema.org\",\"@graph\":[{\"@type\":\"WebPage\",\"@id\":\"https:\\\/\\\/hotta.eu\\\/lt\\\/shop\\\/beginners-chilli-gift-box\\\/\",\"url\":\"https:\\\/\\\/hotta.eu\\\/lt\\\/shop\\\/beginners-chilli-gift-box\\\/\",\"name\":\"Beginner's Chilli Gift Box - Hotta\",\"isPartOf\":{\"@id\":\"https:\\\/\\\/hotta.eu\\\/lt\\\/#website\"},\"primaryImageOfPage\":{\"@id\":\"https:\\\/\\\/hotta.eu\\\/lt\\\/shop\\\/beginners-chilli-gift-box\\\/#primaryimage\"},\"image\":{\"@id\":\"https:\\\/\\\/hotta.eu\\\/lt\\\/shop\\\/beginners-chilli-gift-box\\\/#primaryimage\"},\"thumbnailUrl\":\"https:\\\/\\\/hotta.eu\\\/wp-content\\\/uploads\\\/2024\\\/05\\\/hot-chip-beginner-box-1.jpg\",\"datePublished\":\"2024-05-11T15:45:13+00:00\",\"dateModified\":\"2024-12-27T10:40:36+00:00\",\"description\":\"Idealiai tinka tiek pradedantiesiems, tiek patyrusiems aitri\u0173j\u0173 paprik\u0173 m\u0117g\u0117jams. \u012evairi\u0173 aitri\u0173j\u0173 paprik\u0173 a\u0161trumo produkt\u0173 asortimentas.\",\"breadcrumb\":{\"@id\":\"https:\\\/\\\/hotta.eu\\\/lt\\\/shop\\\/beginners-chilli-gift-box\\\/#breadcrumb\"},\"inLanguage\":\"lt-LT\",\"potentialAction\":[{\"@type\":\"ReadAction\",\"target\":[\"https:\\\/\\\/hotta.eu\\\/lt\\\/shop\\\/beginners-chilli-gift-box\\\/\"]}]},{\"@type\":\"ImageObject\",\"inLanguage\":\"lt-LT\",\"@id\":\"https:\\\/\\\/hotta.eu\\\/lt\\\/shop\\\/beginners-chilli-gift-box\\\/#primaryimage\",\"url\":\"https:\\\/\\\/hotta.eu\\\/wp-content\\\/uploads\\\/2024\\\/05\\\/hot-chip-beginner-box-1.jpg\",\"contentUrl\":\"https:\\\/\\\/hotta.eu\\\/wp-content\\\/uploads\\\/2024\\\/05\\\/hot-chip-beginner-box-1.jpg\",\"width\":800,\"height\":800},{\"@type\":\"BreadcrumbList\",\"@id\":\"https:\\\/\\\/hotta.eu\\\/lt\\\/shop\\\/beginners-chilli-gift-box\\\/#breadcrumb\",\"itemListElement\":[{\"@type\":\"ListItem\",\"position\":1,\"name\":\"Prad\u017eia\",\"item\":\"https:\\\/\\\/hotta.eu\\\/lt\\\/pradzia\\\/\"},{\"@type\":\"ListItem\",\"position\":2,\"name\":\"Parduotuv\u0117\",\"item\":\"https:\\\/\\\/hotta.eu\\\/shop\\\/\"},{\"@type\":\"ListItem\",\"position\":3,\"name\":\"Beginner&#8217;s Chilli Gift Box\"}]},{\"@type\":\"WebSite\",\"@id\":\"https:\\\/\\\/hotta.eu\\\/lt\\\/#website\",\"url\":\"https:\\\/\\\/hotta.eu\\\/lt\\\/\",\"name\":\"Hotta\",\"description\":\"Makes your mouth burn a lotta!\",\"publisher\":{\"@id\":\"https:\\\/\\\/hotta.eu\\\/lt\\\/#organization\"},\"potentialAction\":[{\"@type\":\"SearchAction\",\"target\":{\"@type\":\"EntryPoint\",\"urlTemplate\":\"https:\\\/\\\/hotta.eu\\\/lt\\\/?s={search_term_string}\"},\"query-input\":{\"@type\":\"PropertyValueSpecification\",\"valueRequired\":true,\"valueName\":\"search_term_string\"}}],\"inLanguage\":\"lt-LT\"},{\"@type\":\"Organization\",\"@id\":\"https:\\\/\\\/hotta.eu\\\/lt\\\/#organization\",\"name\":\"Hotta\",\"url\":\"https:\\\/\\\/hotta.eu\\\/lt\\\/\",\"logo\":{\"@type\":\"ImageObject\",\"inLanguage\":\"lt-LT\",\"@id\":\"https:\\\/\\\/hotta.eu\\\/lt\\\/#\\\/schema\\\/logo\\\/image\\\/\",\"url\":\"https:\\\/\\\/hotta.eu\\\/wp-content\\\/uploads\\\/2025\\\/04\\\/hotta-logo-invoice.png\",\"contentUrl\":\"https:\\\/\\\/hotta.eu\\\/wp-content\\\/uploads\\\/2025\\\/04\\\/hotta-logo-invoice.png\",\"width\":600,\"height\":411,\"caption\":\"Hotta\"},\"image\":{\"@id\":\"https:\\\/\\\/hotta.eu\\\/lt\\\/#\\\/schema\\\/logo\\\/image\\\/\"},\"sameAs\":[\"https:\\\/\\\/www.facebook.com\\\/hotta.eu\",\"https:\\\/\\\/x.com\\\/hottashop\",\"https:\\\/\\\/www.instagram.com\\\/hotta.shop\"]}]}<\/script>\n<!-- \/ Yoast SEO plugin. -->","yoast_head_json":{"title":"Beginner's Chilli Gift Box - Hotta","description":"Idealiai tinka tiek pradedantiesiems, tiek patyrusiems aitri\u0173j\u0173 paprik\u0173 m\u0117g\u0117jams. \u012evairi\u0173 aitri\u0173j\u0173 paprik\u0173 a\u0161trumo produkt\u0173 asortimentas.","robots":{"index":"index","follow":"follow","max-snippet":"max-snippet:-1","max-image-preview":"max-image-preview:large","max-video-preview":"max-video-preview:-1"},"canonical":"https:\/\/hotta.eu\/lt\/shop\/beginners-chilli-gift-box\/","og_locale":"lt_LT","og_type":"article","og_title":"Beginner's Chilli Gift Box - Hotta","og_description":"Idealiai tinka tiek pradedantiesiems, tiek patyrusiems aitri\u0173j\u0173 paprik\u0173 m\u0117g\u0117jams. \u012evairi\u0173 aitri\u0173j\u0173 paprik\u0173 a\u0161trumo produkt\u0173 asortimentas.","og_url":"https:\/\/hotta.eu\/lt\/shop\/beginners-chilli-gift-box\/","og_site_name":"Hotta","article_publisher":"https:\/\/www.facebook.com\/hotta.eu","article_modified_time":"2024-12-27T10:40:36+00:00","og_image":[{"width":800,"height":800,"url":"https:\/\/hotta.eu\/wp-content\/uploads\/2024\/05\/hot-chip-beginner-box-1.jpg","type":"image\/jpeg"}],"twitter_card":"summary_large_image","twitter_site":"@hottashop","twitter_misc":{"Est. reading time":"1 minute"},"schema":{"@context":"https:\/\/schema.org","@graph":[{"@type":"WebPage","@id":"https:\/\/hotta.eu\/lt\/shop\/beginners-chilli-gift-box\/","url":"https:\/\/hotta.eu\/lt\/shop\/beginners-chilli-gift-box\/","name":"Beginner's Chilli Gift Box - Hotta","isPartOf":{"@id":"https:\/\/hotta.eu\/lt\/#website"},"primaryImageOfPage":{"@id":"https:\/\/hotta.eu\/lt\/shop\/beginners-chilli-gift-box\/#primaryimage"},"image":{"@id":"https:\/\/hotta.eu\/lt\/shop\/beginners-chilli-gift-box\/#primaryimage"},"thumbnailUrl":"https:\/\/hotta.eu\/wp-content\/uploads\/2024\/05\/hot-chip-beginner-box-1.jpg","datePublished":"2024-05-11T15:45:13+00:00","dateModified":"2024-12-27T10:40:36+00:00","description":"Idealiai tinka tiek pradedantiesiems, tiek patyrusiems aitri\u0173j\u0173 paprik\u0173 m\u0117g\u0117jams. \u012evairi\u0173 aitri\u0173j\u0173 paprik\u0173 a\u0161trumo produkt\u0173 asortimentas.","breadcrumb":{"@id":"https:\/\/hotta.eu\/lt\/shop\/beginners-chilli-gift-box\/#breadcrumb"},"inLanguage":"lt-LT","potentialAction":[{"@type":"ReadAction","target":["https:\/\/hotta.eu\/lt\/shop\/beginners-chilli-gift-box\/"]}]},{"@type":"ImageObject","inLanguage":"lt-LT","@id":"https:\/\/hotta.eu\/lt\/shop\/beginners-chilli-gift-box\/#primaryimage","url":"https:\/\/hotta.eu\/wp-content\/uploads\/2024\/05\/hot-chip-beginner-box-1.jpg","contentUrl":"https:\/\/hotta.eu\/wp-content\/uploads\/2024\/05\/hot-chip-beginner-box-1.jpg","width":800,"height":800},{"@type":"BreadcrumbList","@id":"https:\/\/hotta.eu\/lt\/shop\/beginners-chilli-gift-box\/#breadcrumb","itemListElement":[{"@type":"ListItem","position":1,"name":"Prad\u017eia","item":"https:\/\/hotta.eu\/lt\/pradzia\/"},{"@type":"ListItem","position":2,"name":"Parduotuv\u0117","item":"https:\/\/hotta.eu\/shop\/"},{"@type":"ListItem","position":3,"name":"Beginner&#8217;s Chilli Gift Box"}]},{"@type":"WebSite","@id":"https:\/\/hotta.eu\/lt\/#website","url":"https:\/\/hotta.eu\/lt\/","name":"Hotta","description":"Makes your mouth burn a lotta!","publisher":{"@id":"https:\/\/hotta.eu\/lt\/#organization"},"potentialAction":[{"@type":"SearchAction","target":{"@type":"EntryPoint","urlTemplate":"https:\/\/hotta.eu\/lt\/?s={search_term_string}"},"query-input":{"@type":"PropertyValueSpecification","valueRequired":true,"valueName":"search_term_string"}}],"inLanguage":"lt-LT"},{"@type":"Organization","@id":"https:\/\/hotta.eu\/lt\/#organization","name":"Hotta","url":"https:\/\/hotta.eu\/lt\/","logo":{"@type":"ImageObject","inLanguage":"lt-LT","@id":"https:\/\/hotta.eu\/lt\/#\/schema\/logo\/image\/","url":"https:\/\/hotta.eu\/wp-content\/uploads\/2025\/04\/hotta-logo-invoice.png","contentUrl":"https:\/\/hotta.eu\/wp-content\/uploads\/2025\/04\/hotta-logo-invoice.png","width":600,"height":411,"caption":"Hotta"},"image":{"@id":"https:\/\/hotta.eu\/lt\/#\/schema\/logo\/image\/"},"sameAs":["https:\/\/www.facebook.com\/hotta.eu","https:\/\/x.com\/hottashop","https:\/\/www.instagram.com\/hotta.shop"]}]}},"jetpack_sharing_enabled":true,"_links":{"self":[{"href":"https:\/\/hotta.eu\/lt\/wp-json\/wp\/v2\/product\/18907","targetHints":{"allow":["GET"]}}],"collection":[{"href":"https:\/\/hotta.eu\/lt\/wp-json\/wp\/v2\/product"}],"about":[{"href":"https:\/\/hotta.eu\/lt\/wp-json\/wp\/v2\/types\/product"}],"replies":[{"embeddable":true,"href":"https:\/\/hotta.eu\/lt\/wp-json\/wp\/v2\/comments?post=18907"}],"wp:featuredmedia":[{"embeddable":true,"href":"https:\/\/hotta.eu\/lt\/wp-json\/wp\/v2\/media\/17877"}],"wp:attachment":[{"href":"https:\/\/hotta.eu\/lt\/wp-json\/wp\/v2\/media?parent=18907"}],"wp:term":[{"taxonomy":"product_cat","embeddable":true,"href":"https:\/\/hotta.eu\/lt\/wp-json\/wp\/v2\/product_cat?post=18907"},{"taxonomy":"product_tag","embeddable":true,"href":"https:\/\/hotta.eu\/lt\/wp-json\/wp\/v2\/product_tag?post=18907"},{"taxonomy":"giftcard-category","embeddable":true,"href":"https:\/\/hotta.eu\/lt\/wp-json\/wp\/v2\/giftcard-category?post=18907"}],"curies":[{"name":"wp","href":"https:\/\/api.w.org\/{rel}","templated":true}]}}