{"id":18940,"date":"2020-12-03T19:36:09","date_gmt":"2020-12-03T17:36:09","guid":{"rendered":"https:\/\/hotta.eu\/shop\/mad-dog-357-kolekcinio-leidimo-astrusis-padazas\/"},"modified":"2026-03-15T12:07:38","modified_gmt":"2026-03-15T10:07:38","slug":"mad-dog-357-collectors-edition-hot-sauce","status":"publish","type":"product","link":"https:\/\/hotta.eu\/lt\/shop\/mad-dog-357-collectors-edition-hot-sauce\/","title":{"rendered":"Mad Dog 357 Collector&#8217;s Edition Hot Sauce"},"content":{"rendered":"<p><strong>Sudedamosios dalys<\/strong><br \/>\nDistiliuota acto r\u016bg\u0161tis, aitri\u0173j\u0173 paprik\u0173 ekstraktas, garintos cukranendri\u0173 sultys, \u0161vie\u017eios habanero aitriosios paprikos, \u010desnakai, svog\u016bnai, 160 000 SHU kajeno aitri\u0173j\u0173 paprik\u0173, prieskoniai, ksantano derva.<\/p>\n<p><strong>Maistingumo informacija (100 g)<br \/>\n<\/strong> Energin\u0117 vert\u0117 44,6 kcal (186,6 kJ), angliavandeniai 8,3 g, i\u0161 j\u0173 cukrus 2,8 g, druska 0,05 g.<\/p>\n<p><strong>Galiojimas ir saugojimas<\/strong><br \/>\nAnt buteliuko nurodyta galiojimo data galioja neatidarytam produktui. Atidaryt\u0105 produkt\u0105 reikia laikyti \u0161aldytuve.<\/p>\n","protected":false},"excerpt":{"rendered":"<p>Legendinio pada\u017eo kolekcinis leidimas su rakt\u0173 pakabuku. Geriausia dovana a\u0161trius daiktus m\u0117gstan\u010diam draugui! 357 rei\u0161kia 357 000 Skovilio vienet\u0173. 3M Scoville aitri\u0173j\u0173 paprik\u0173 ekstrakto, kajeno ir raudon\u0173j\u0173 habanero aitri\u0173j\u0173 paprik\u0173 mi\u0161inys. &#8220;Ashley Foods&#8221; gamina JAV ma\u017eomis partijomis, kad b\u016bt\u0173 u\u017etikrintas geriausias skonis ir kokyb\u0117.<br \/>\n[ywcwtl_form product_id=\"\"]<\/p>\n","protected":false},"featured_media":16108,"comment_status":"open","ping_status":"closed","template":"","meta":[],"product_cat":[919,917],"product_tag":[],"giftcard-category":[],"class_list":{"0":"post-18940","1":"product","2":"type-product","3":"status-publish","4":"has-post-thumbnail","6":"product_cat-ekstremalus","7":"product_cat-padazai","8":"pa_brand-ashley-food-company","10":"first","11":"instock","12":"taxable","13":"shipping-taxable","14":"purchasable","15":"product-type-simple"},"yoast_head":"<!-- This site is optimized with the Yoast SEO plugin v27.3 - https:\/\/yoast.com\/product\/yoast-seo-wordpress\/ -->\n<title>Mad Dog 357 Collector&#039;s Edition Hot Sauce - Hotta<\/title>\n<meta name=\"description\" content=\"357 rei\u0161kia 357 000 Skovilio vienet\u0173. Tai labai a\u0161trus pada\u017eas, kurio sud\u0117tyje yra 3 milijon\u0173 Skovilio aitri\u0173j\u0173 paprik\u0173 ekstrakt\u0173 mi\u0161inys su kajeno ir raudonosiomis habanero aitriosiomis paprikomis.\" \/>\n<meta name=\"robots\" content=\"index, follow, max-snippet:-1, max-image-preview:large, max-video-preview:-1\" \/>\n<link rel=\"canonical\" href=\"https:\/\/hotta.eu\/lt\/shop\/mad-dog-357-collectors-edition-hot-sauce\/\" \/>\n<meta property=\"og:locale\" content=\"lt_LT\" \/>\n<meta property=\"og:type\" content=\"article\" \/>\n<meta property=\"og:title\" content=\"Mad Dog 357 Collector&#039;s Edition Hot Sauce - Hotta\" \/>\n<meta property=\"og:description\" content=\"357 rei\u0161kia 357 000 Skovilio vienet\u0173. Tai labai a\u0161trus pada\u017eas, kurio sud\u0117tyje yra 3 milijon\u0173 Skovilio aitri\u0173j\u0173 paprik\u0173 ekstrakt\u0173 mi\u0161inys su kajeno ir raudonosiomis habanero aitriosiomis paprikomis.\" \/>\n<meta property=\"og:url\" content=\"https:\/\/hotta.eu\/lt\/shop\/mad-dog-357-collectors-edition-hot-sauce\/\" \/>\n<meta property=\"og:site_name\" content=\"Hotta\" \/>\n<meta property=\"article:publisher\" content=\"https:\/\/www.facebook.com\/hotta.eu\" \/>\n<meta property=\"article:modified_time\" content=\"2026-03-15T10:07:38+00:00\" \/>\n<meta property=\"og:image\" content=\"https:\/\/hotta.eu\/wp-content\/uploads\/2024\/03\/IMG_9839.jpg\" \/>\n\t<meta property=\"og:image:width\" content=\"2000\" \/>\n\t<meta property=\"og:image:height\" content=\"2000\" \/>\n\t<meta property=\"og:image:type\" content=\"image\/jpeg\" \/>\n<meta name=\"twitter:card\" content=\"summary_large_image\" \/>\n<meta name=\"twitter:site\" content=\"@hottashop\" \/>\n<meta name=\"twitter:label1\" content=\"Est. reading time\" \/>\n\t<meta name=\"twitter:data1\" content=\"1 minute\" \/>\n<script type=\"application\/ld+json\" class=\"yoast-schema-graph\">{\"@context\":\"https:\\\/\\\/schema.org\",\"@graph\":[{\"@type\":\"WebPage\",\"@id\":\"https:\\\/\\\/hotta.eu\\\/lt\\\/shop\\\/mad-dog-357-collectors-edition-hot-sauce\\\/\",\"url\":\"https:\\\/\\\/hotta.eu\\\/lt\\\/shop\\\/mad-dog-357-collectors-edition-hot-sauce\\\/\",\"name\":\"Mad Dog 357 Collector's Edition Hot Sauce - Hotta\",\"isPartOf\":{\"@id\":\"https:\\\/\\\/hotta.eu\\\/lt\\\/#website\"},\"primaryImageOfPage\":{\"@id\":\"https:\\\/\\\/hotta.eu\\\/lt\\\/shop\\\/mad-dog-357-collectors-edition-hot-sauce\\\/#primaryimage\"},\"image\":{\"@id\":\"https:\\\/\\\/hotta.eu\\\/lt\\\/shop\\\/mad-dog-357-collectors-edition-hot-sauce\\\/#primaryimage\"},\"thumbnailUrl\":\"https:\\\/\\\/hotta.eu\\\/wp-content\\\/uploads\\\/2024\\\/03\\\/IMG_9839.jpg\",\"datePublished\":\"2020-12-03T17:36:09+00:00\",\"dateModified\":\"2026-03-15T10:07:38+00:00\",\"description\":\"357 rei\u0161kia 357 000 Skovilio vienet\u0173. Tai labai a\u0161trus pada\u017eas, kurio sud\u0117tyje yra 3 milijon\u0173 Skovilio aitri\u0173j\u0173 paprik\u0173 ekstrakt\u0173 mi\u0161inys su kajeno ir raudonosiomis habanero aitriosiomis paprikomis.\",\"breadcrumb\":{\"@id\":\"https:\\\/\\\/hotta.eu\\\/lt\\\/shop\\\/mad-dog-357-collectors-edition-hot-sauce\\\/#breadcrumb\"},\"inLanguage\":\"lt-LT\",\"potentialAction\":[{\"@type\":\"ReadAction\",\"target\":[\"https:\\\/\\\/hotta.eu\\\/lt\\\/shop\\\/mad-dog-357-collectors-edition-hot-sauce\\\/\"]}]},{\"@type\":\"ImageObject\",\"inLanguage\":\"lt-LT\",\"@id\":\"https:\\\/\\\/hotta.eu\\\/lt\\\/shop\\\/mad-dog-357-collectors-edition-hot-sauce\\\/#primaryimage\",\"url\":\"https:\\\/\\\/hotta.eu\\\/wp-content\\\/uploads\\\/2024\\\/03\\\/IMG_9839.jpg\",\"contentUrl\":\"https:\\\/\\\/hotta.eu\\\/wp-content\\\/uploads\\\/2024\\\/03\\\/IMG_9839.jpg\",\"width\":2000,\"height\":2000},{\"@type\":\"BreadcrumbList\",\"@id\":\"https:\\\/\\\/hotta.eu\\\/lt\\\/shop\\\/mad-dog-357-collectors-edition-hot-sauce\\\/#breadcrumb\",\"itemListElement\":[{\"@type\":\"ListItem\",\"position\":1,\"name\":\"Prad\u017eia\",\"item\":\"https:\\\/\\\/hotta.eu\\\/lt\\\/pradzia\\\/\"},{\"@type\":\"ListItem\",\"position\":2,\"name\":\"Parduotuv\u0117\",\"item\":\"https:\\\/\\\/hotta.eu\\\/shop\\\/\"},{\"@type\":\"ListItem\",\"position\":3,\"name\":\"Mad Dog 357 Collector&#8217;s Edition Hot Sauce\"}]},{\"@type\":\"WebSite\",\"@id\":\"https:\\\/\\\/hotta.eu\\\/lt\\\/#website\",\"url\":\"https:\\\/\\\/hotta.eu\\\/lt\\\/\",\"name\":\"Hotta\",\"description\":\"Makes your mouth burn a lotta!\",\"publisher\":{\"@id\":\"https:\\\/\\\/hotta.eu\\\/lt\\\/#organization\"},\"potentialAction\":[{\"@type\":\"SearchAction\",\"target\":{\"@type\":\"EntryPoint\",\"urlTemplate\":\"https:\\\/\\\/hotta.eu\\\/lt\\\/?s={search_term_string}\"},\"query-input\":{\"@type\":\"PropertyValueSpecification\",\"valueRequired\":true,\"valueName\":\"search_term_string\"}}],\"inLanguage\":\"lt-LT\"},{\"@type\":\"Organization\",\"@id\":\"https:\\\/\\\/hotta.eu\\\/lt\\\/#organization\",\"name\":\"Hotta\",\"url\":\"https:\\\/\\\/hotta.eu\\\/lt\\\/\",\"logo\":{\"@type\":\"ImageObject\",\"inLanguage\":\"lt-LT\",\"@id\":\"https:\\\/\\\/hotta.eu\\\/lt\\\/#\\\/schema\\\/logo\\\/image\\\/\",\"url\":\"https:\\\/\\\/hotta.eu\\\/wp-content\\\/uploads\\\/2025\\\/04\\\/hotta-logo-invoice.png\",\"contentUrl\":\"https:\\\/\\\/hotta.eu\\\/wp-content\\\/uploads\\\/2025\\\/04\\\/hotta-logo-invoice.png\",\"width\":600,\"height\":411,\"caption\":\"Hotta\"},\"image\":{\"@id\":\"https:\\\/\\\/hotta.eu\\\/lt\\\/#\\\/schema\\\/logo\\\/image\\\/\"},\"sameAs\":[\"https:\\\/\\\/www.facebook.com\\\/hotta.eu\",\"https:\\\/\\\/x.com\\\/hottashop\",\"https:\\\/\\\/www.instagram.com\\\/hotta.shop\"]}]}<\/script>\n<!-- \/ Yoast SEO plugin. -->","yoast_head_json":{"title":"Mad Dog 357 Collector's Edition Hot Sauce - Hotta","description":"357 rei\u0161kia 357 000 Skovilio vienet\u0173. Tai labai a\u0161trus pada\u017eas, kurio sud\u0117tyje yra 3 milijon\u0173 Skovilio aitri\u0173j\u0173 paprik\u0173 ekstrakt\u0173 mi\u0161inys su kajeno ir raudonosiomis habanero aitriosiomis paprikomis.","robots":{"index":"index","follow":"follow","max-snippet":"max-snippet:-1","max-image-preview":"max-image-preview:large","max-video-preview":"max-video-preview:-1"},"canonical":"https:\/\/hotta.eu\/lt\/shop\/mad-dog-357-collectors-edition-hot-sauce\/","og_locale":"lt_LT","og_type":"article","og_title":"Mad Dog 357 Collector's Edition Hot Sauce - Hotta","og_description":"357 rei\u0161kia 357 000 Skovilio vienet\u0173. Tai labai a\u0161trus pada\u017eas, kurio sud\u0117tyje yra 3 milijon\u0173 Skovilio aitri\u0173j\u0173 paprik\u0173 ekstrakt\u0173 mi\u0161inys su kajeno ir raudonosiomis habanero aitriosiomis paprikomis.","og_url":"https:\/\/hotta.eu\/lt\/shop\/mad-dog-357-collectors-edition-hot-sauce\/","og_site_name":"Hotta","article_publisher":"https:\/\/www.facebook.com\/hotta.eu","article_modified_time":"2026-03-15T10:07:38+00:00","og_image":[{"width":2000,"height":2000,"url":"https:\/\/hotta.eu\/wp-content\/uploads\/2024\/03\/IMG_9839.jpg","type":"image\/jpeg"}],"twitter_card":"summary_large_image","twitter_site":"@hottashop","twitter_misc":{"Est. reading time":"1 minute"},"schema":{"@context":"https:\/\/schema.org","@graph":[{"@type":"WebPage","@id":"https:\/\/hotta.eu\/lt\/shop\/mad-dog-357-collectors-edition-hot-sauce\/","url":"https:\/\/hotta.eu\/lt\/shop\/mad-dog-357-collectors-edition-hot-sauce\/","name":"Mad Dog 357 Collector's Edition Hot Sauce - Hotta","isPartOf":{"@id":"https:\/\/hotta.eu\/lt\/#website"},"primaryImageOfPage":{"@id":"https:\/\/hotta.eu\/lt\/shop\/mad-dog-357-collectors-edition-hot-sauce\/#primaryimage"},"image":{"@id":"https:\/\/hotta.eu\/lt\/shop\/mad-dog-357-collectors-edition-hot-sauce\/#primaryimage"},"thumbnailUrl":"https:\/\/hotta.eu\/wp-content\/uploads\/2024\/03\/IMG_9839.jpg","datePublished":"2020-12-03T17:36:09+00:00","dateModified":"2026-03-15T10:07:38+00:00","description":"357 rei\u0161kia 357 000 Skovilio vienet\u0173. Tai labai a\u0161trus pada\u017eas, kurio sud\u0117tyje yra 3 milijon\u0173 Skovilio aitri\u0173j\u0173 paprik\u0173 ekstrakt\u0173 mi\u0161inys su kajeno ir raudonosiomis habanero aitriosiomis paprikomis.","breadcrumb":{"@id":"https:\/\/hotta.eu\/lt\/shop\/mad-dog-357-collectors-edition-hot-sauce\/#breadcrumb"},"inLanguage":"lt-LT","potentialAction":[{"@type":"ReadAction","target":["https:\/\/hotta.eu\/lt\/shop\/mad-dog-357-collectors-edition-hot-sauce\/"]}]},{"@type":"ImageObject","inLanguage":"lt-LT","@id":"https:\/\/hotta.eu\/lt\/shop\/mad-dog-357-collectors-edition-hot-sauce\/#primaryimage","url":"https:\/\/hotta.eu\/wp-content\/uploads\/2024\/03\/IMG_9839.jpg","contentUrl":"https:\/\/hotta.eu\/wp-content\/uploads\/2024\/03\/IMG_9839.jpg","width":2000,"height":2000},{"@type":"BreadcrumbList","@id":"https:\/\/hotta.eu\/lt\/shop\/mad-dog-357-collectors-edition-hot-sauce\/#breadcrumb","itemListElement":[{"@type":"ListItem","position":1,"name":"Prad\u017eia","item":"https:\/\/hotta.eu\/lt\/pradzia\/"},{"@type":"ListItem","position":2,"name":"Parduotuv\u0117","item":"https:\/\/hotta.eu\/shop\/"},{"@type":"ListItem","position":3,"name":"Mad Dog 357 Collector&#8217;s Edition Hot Sauce"}]},{"@type":"WebSite","@id":"https:\/\/hotta.eu\/lt\/#website","url":"https:\/\/hotta.eu\/lt\/","name":"Hotta","description":"Makes your mouth burn a lotta!","publisher":{"@id":"https:\/\/hotta.eu\/lt\/#organization"},"potentialAction":[{"@type":"SearchAction","target":{"@type":"EntryPoint","urlTemplate":"https:\/\/hotta.eu\/lt\/?s={search_term_string}"},"query-input":{"@type":"PropertyValueSpecification","valueRequired":true,"valueName":"search_term_string"}}],"inLanguage":"lt-LT"},{"@type":"Organization","@id":"https:\/\/hotta.eu\/lt\/#organization","name":"Hotta","url":"https:\/\/hotta.eu\/lt\/","logo":{"@type":"ImageObject","inLanguage":"lt-LT","@id":"https:\/\/hotta.eu\/lt\/#\/schema\/logo\/image\/","url":"https:\/\/hotta.eu\/wp-content\/uploads\/2025\/04\/hotta-logo-invoice.png","contentUrl":"https:\/\/hotta.eu\/wp-content\/uploads\/2025\/04\/hotta-logo-invoice.png","width":600,"height":411,"caption":"Hotta"},"image":{"@id":"https:\/\/hotta.eu\/lt\/#\/schema\/logo\/image\/"},"sameAs":["https:\/\/www.facebook.com\/hotta.eu","https:\/\/x.com\/hottashop","https:\/\/www.instagram.com\/hotta.shop"]}]}},"jetpack_sharing_enabled":true,"_links":{"self":[{"href":"https:\/\/hotta.eu\/lt\/wp-json\/wp\/v2\/product\/18940","targetHints":{"allow":["GET"]}}],"collection":[{"href":"https:\/\/hotta.eu\/lt\/wp-json\/wp\/v2\/product"}],"about":[{"href":"https:\/\/hotta.eu\/lt\/wp-json\/wp\/v2\/types\/product"}],"replies":[{"embeddable":true,"href":"https:\/\/hotta.eu\/lt\/wp-json\/wp\/v2\/comments?post=18940"}],"wp:featuredmedia":[{"embeddable":true,"href":"https:\/\/hotta.eu\/lt\/wp-json\/wp\/v2\/media\/16108"}],"wp:attachment":[{"href":"https:\/\/hotta.eu\/lt\/wp-json\/wp\/v2\/media?parent=18940"}],"wp:term":[{"taxonomy":"product_cat","embeddable":true,"href":"https:\/\/hotta.eu\/lt\/wp-json\/wp\/v2\/product_cat?post=18940"},{"taxonomy":"product_tag","embeddable":true,"href":"https:\/\/hotta.eu\/lt\/wp-json\/wp\/v2\/product_tag?post=18940"},{"taxonomy":"giftcard-category","embeddable":true,"href":"https:\/\/hotta.eu\/lt\/wp-json\/wp\/v2\/giftcard-category?post=18940"}],"curies":[{"name":"wp","href":"https:\/\/api.w.org\/{rel}","templated":true}]}}