{"id":18957,"date":"2021-01-09T01:27:54","date_gmt":"2021-01-08T23:27:54","guid":{"rendered":"https:\/\/hotta.eu\/shop\/astrus-padazas\/"},"modified":"2024-12-27T12:41:52","modified_gmt":"2024-12-27T10:41:52","slug":"astrus-padazas","status":"publish","type":"product","link":"https:\/\/hotta.eu\/lt\/shop\/astrus-padazas\/","title":{"rendered":"A\u0161trus pada\u017eas"},"content":{"rendered":"<p><strong>Sudedamosios dalys<\/strong><br \/>\nAtrinkti pomidorai (apie 70 %), sunok\u0119 Piet\u0173 kra\u0161to saul\u0117je, kaimyno lauke u\u017eauginti \u010desnakai, Paink\u00fcla raps\u0173 aliejus, <strong>garsty\u010di\u0173 s\u0117klos<\/strong>, aitriosios paprikos, Atlanto j\u016bros druska, egzoti\u0161ki rytieti\u0161ki prieskoniai.<\/p>\n<p><strong>Galiojimas ir saugojimas<\/strong><br \/>\nAnt buteliuko nurodyta galiojimo data galioja neatidarytam produktui. Atidaryt\u0105 produkt\u0105 reikia laikyti \u0161aldytuve.<\/p>\n","protected":false},"excerpt":{"rendered":"<p>&#8220;Varstu Spice&#8221; pristato egzoti\u0161kus skonius i\u0161 Piet\u0173 Estijos. Ant malkin\u0117s krosnies su gyva ugnimi ruo\u0161iamas \u017eoleli\u0173 pada\u017eas suteikia pikanti\u0161kumo tiek m\u0117sos, tiek dar\u017eovi\u0173 patiekalams. Tai pats a\u0161triausias &#8220;Varstu Spices&#8221; asortimento pada\u017eas.<br \/>\n[ywcwtl_form product_id=\"\"]<\/p>\n","protected":false},"featured_media":16132,"comment_status":"open","ping_status":"closed","template":"","meta":[],"product_cat":[917,923],"product_tag":[],"giftcard-category":[],"class_list":{"0":"post-18957","1":"product","2":"type-product","3":"status-publish","4":"has-post-thumbnail","6":"product_cat-padazai","7":"product_cat-vidutiniai","8":"pa_brand-varstu-vurts","10":"first","11":"outofstock","12":"taxable","13":"shipping-taxable","14":"purchasable","15":"product-type-simple"},"yoast_head":"<!-- This site is optimized with the Yoast SEO plugin v27.3 - https:\/\/yoast.com\/product\/yoast-seo-wordpress\/ -->\n<title>A\u0161trus pada\u017eas - Hotta<\/title>\n<meta name=\"description\" content=\"357 rei\u0161kia 357 000 Skovilio vienet\u0173. Tai labai a\u0161trus pada\u017eas, kurio sud\u0117tyje yra 3 milijon\u0173 Skovilio aitri\u0173j\u0173 paprik\u0173 ekstrakt\u0173 mi\u0161inys su kajeno ir raudonosiomis habanero aitriosiomis paprikomis.\" \/>\n<meta name=\"robots\" content=\"index, follow, max-snippet:-1, max-image-preview:large, max-video-preview:-1\" \/>\n<link rel=\"canonical\" href=\"https:\/\/hotta.eu\/lt\/shop\/astrus-padazas\/\" \/>\n<meta property=\"og:locale\" content=\"lt_LT\" \/>\n<meta property=\"og:type\" content=\"article\" \/>\n<meta property=\"og:title\" content=\"A\u0161trus pada\u017eas - Hotta\" \/>\n<meta property=\"og:description\" content=\"357 rei\u0161kia 357 000 Skovilio vienet\u0173. Tai labai a\u0161trus pada\u017eas, kurio sud\u0117tyje yra 3 milijon\u0173 Skovilio aitri\u0173j\u0173 paprik\u0173 ekstrakt\u0173 mi\u0161inys su kajeno ir raudonosiomis habanero aitriosiomis paprikomis.\" \/>\n<meta property=\"og:url\" content=\"https:\/\/hotta.eu\/lt\/shop\/astrus-padazas\/\" \/>\n<meta property=\"og:site_name\" content=\"Hotta\" \/>\n<meta property=\"article:publisher\" content=\"https:\/\/www.facebook.com\/hotta.eu\" \/>\n<meta property=\"article:modified_time\" content=\"2024-12-27T10:41:52+00:00\" \/>\n<meta property=\"og:image\" content=\"https:\/\/hotta.eu\/wp-content\/uploads\/2024\/03\/IMG_9904-1.jpg\" \/>\n\t<meta property=\"og:image:width\" content=\"2000\" \/>\n\t<meta property=\"og:image:height\" content=\"2001\" \/>\n\t<meta property=\"og:image:type\" content=\"image\/jpeg\" \/>\n<meta name=\"twitter:card\" content=\"summary_large_image\" \/>\n<meta name=\"twitter:site\" content=\"@hottashop\" \/>\n<script type=\"application\/ld+json\" class=\"yoast-schema-graph\">{\"@context\":\"https:\\\/\\\/schema.org\",\"@graph\":[{\"@type\":\"WebPage\",\"@id\":\"https:\\\/\\\/hotta.eu\\\/lt\\\/shop\\\/astrus-padazas\\\/\",\"url\":\"https:\\\/\\\/hotta.eu\\\/lt\\\/shop\\\/astrus-padazas\\\/\",\"name\":\"A\u0161trus pada\u017eas - Hotta\",\"isPartOf\":{\"@id\":\"https:\\\/\\\/hotta.eu\\\/lt\\\/#website\"},\"primaryImageOfPage\":{\"@id\":\"https:\\\/\\\/hotta.eu\\\/lt\\\/shop\\\/astrus-padazas\\\/#primaryimage\"},\"image\":{\"@id\":\"https:\\\/\\\/hotta.eu\\\/lt\\\/shop\\\/astrus-padazas\\\/#primaryimage\"},\"thumbnailUrl\":\"https:\\\/\\\/hotta.eu\\\/wp-content\\\/uploads\\\/2024\\\/03\\\/IMG_9904-1.jpg\",\"datePublished\":\"2021-01-08T23:27:54+00:00\",\"dateModified\":\"2024-12-27T10:41:52+00:00\",\"description\":\"357 rei\u0161kia 357 000 Skovilio vienet\u0173. Tai labai a\u0161trus pada\u017eas, kurio sud\u0117tyje yra 3 milijon\u0173 Skovilio aitri\u0173j\u0173 paprik\u0173 ekstrakt\u0173 mi\u0161inys su kajeno ir raudonosiomis habanero aitriosiomis paprikomis.\",\"breadcrumb\":{\"@id\":\"https:\\\/\\\/hotta.eu\\\/lt\\\/shop\\\/astrus-padazas\\\/#breadcrumb\"},\"inLanguage\":\"lt-LT\",\"potentialAction\":[{\"@type\":\"ReadAction\",\"target\":[\"https:\\\/\\\/hotta.eu\\\/lt\\\/shop\\\/astrus-padazas\\\/\"]}]},{\"@type\":\"ImageObject\",\"inLanguage\":\"lt-LT\",\"@id\":\"https:\\\/\\\/hotta.eu\\\/lt\\\/shop\\\/astrus-padazas\\\/#primaryimage\",\"url\":\"https:\\\/\\\/hotta.eu\\\/wp-content\\\/uploads\\\/2024\\\/03\\\/IMG_9904-1.jpg\",\"contentUrl\":\"https:\\\/\\\/hotta.eu\\\/wp-content\\\/uploads\\\/2024\\\/03\\\/IMG_9904-1.jpg\",\"width\":2000,\"height\":2001},{\"@type\":\"BreadcrumbList\",\"@id\":\"https:\\\/\\\/hotta.eu\\\/lt\\\/shop\\\/astrus-padazas\\\/#breadcrumb\",\"itemListElement\":[{\"@type\":\"ListItem\",\"position\":1,\"name\":\"Prad\u017eia\",\"item\":\"https:\\\/\\\/hotta.eu\\\/lt\\\/pradzia\\\/\"},{\"@type\":\"ListItem\",\"position\":2,\"name\":\"Parduotuv\u0117\",\"item\":\"https:\\\/\\\/hotta.eu\\\/shop\\\/\"},{\"@type\":\"ListItem\",\"position\":3,\"name\":\"A\u0161trus pada\u017eas\"}]},{\"@type\":\"WebSite\",\"@id\":\"https:\\\/\\\/hotta.eu\\\/lt\\\/#website\",\"url\":\"https:\\\/\\\/hotta.eu\\\/lt\\\/\",\"name\":\"Hotta\",\"description\":\"Makes your mouth burn a lotta!\",\"publisher\":{\"@id\":\"https:\\\/\\\/hotta.eu\\\/lt\\\/#organization\"},\"potentialAction\":[{\"@type\":\"SearchAction\",\"target\":{\"@type\":\"EntryPoint\",\"urlTemplate\":\"https:\\\/\\\/hotta.eu\\\/lt\\\/?s={search_term_string}\"},\"query-input\":{\"@type\":\"PropertyValueSpecification\",\"valueRequired\":true,\"valueName\":\"search_term_string\"}}],\"inLanguage\":\"lt-LT\"},{\"@type\":\"Organization\",\"@id\":\"https:\\\/\\\/hotta.eu\\\/lt\\\/#organization\",\"name\":\"Hotta\",\"url\":\"https:\\\/\\\/hotta.eu\\\/lt\\\/\",\"logo\":{\"@type\":\"ImageObject\",\"inLanguage\":\"lt-LT\",\"@id\":\"https:\\\/\\\/hotta.eu\\\/lt\\\/#\\\/schema\\\/logo\\\/image\\\/\",\"url\":\"https:\\\/\\\/hotta.eu\\\/wp-content\\\/uploads\\\/2025\\\/04\\\/hotta-logo-invoice.png\",\"contentUrl\":\"https:\\\/\\\/hotta.eu\\\/wp-content\\\/uploads\\\/2025\\\/04\\\/hotta-logo-invoice.png\",\"width\":600,\"height\":411,\"caption\":\"Hotta\"},\"image\":{\"@id\":\"https:\\\/\\\/hotta.eu\\\/lt\\\/#\\\/schema\\\/logo\\\/image\\\/\"},\"sameAs\":[\"https:\\\/\\\/www.facebook.com\\\/hotta.eu\",\"https:\\\/\\\/x.com\\\/hottashop\",\"https:\\\/\\\/www.instagram.com\\\/hotta.shop\"]}]}<\/script>\n<!-- \/ Yoast SEO plugin. -->","yoast_head_json":{"title":"A\u0161trus pada\u017eas - Hotta","description":"357 rei\u0161kia 357 000 Skovilio vienet\u0173. Tai labai a\u0161trus pada\u017eas, kurio sud\u0117tyje yra 3 milijon\u0173 Skovilio aitri\u0173j\u0173 paprik\u0173 ekstrakt\u0173 mi\u0161inys su kajeno ir raudonosiomis habanero aitriosiomis paprikomis.","robots":{"index":"index","follow":"follow","max-snippet":"max-snippet:-1","max-image-preview":"max-image-preview:large","max-video-preview":"max-video-preview:-1"},"canonical":"https:\/\/hotta.eu\/lt\/shop\/astrus-padazas\/","og_locale":"lt_LT","og_type":"article","og_title":"A\u0161trus pada\u017eas - Hotta","og_description":"357 rei\u0161kia 357 000 Skovilio vienet\u0173. Tai labai a\u0161trus pada\u017eas, kurio sud\u0117tyje yra 3 milijon\u0173 Skovilio aitri\u0173j\u0173 paprik\u0173 ekstrakt\u0173 mi\u0161inys su kajeno ir raudonosiomis habanero aitriosiomis paprikomis.","og_url":"https:\/\/hotta.eu\/lt\/shop\/astrus-padazas\/","og_site_name":"Hotta","article_publisher":"https:\/\/www.facebook.com\/hotta.eu","article_modified_time":"2024-12-27T10:41:52+00:00","og_image":[{"width":2000,"height":2001,"url":"https:\/\/hotta.eu\/wp-content\/uploads\/2024\/03\/IMG_9904-1.jpg","type":"image\/jpeg"}],"twitter_card":"summary_large_image","twitter_site":"@hottashop","schema":{"@context":"https:\/\/schema.org","@graph":[{"@type":"WebPage","@id":"https:\/\/hotta.eu\/lt\/shop\/astrus-padazas\/","url":"https:\/\/hotta.eu\/lt\/shop\/astrus-padazas\/","name":"A\u0161trus pada\u017eas - Hotta","isPartOf":{"@id":"https:\/\/hotta.eu\/lt\/#website"},"primaryImageOfPage":{"@id":"https:\/\/hotta.eu\/lt\/shop\/astrus-padazas\/#primaryimage"},"image":{"@id":"https:\/\/hotta.eu\/lt\/shop\/astrus-padazas\/#primaryimage"},"thumbnailUrl":"https:\/\/hotta.eu\/wp-content\/uploads\/2024\/03\/IMG_9904-1.jpg","datePublished":"2021-01-08T23:27:54+00:00","dateModified":"2024-12-27T10:41:52+00:00","description":"357 rei\u0161kia 357 000 Skovilio vienet\u0173. Tai labai a\u0161trus pada\u017eas, kurio sud\u0117tyje yra 3 milijon\u0173 Skovilio aitri\u0173j\u0173 paprik\u0173 ekstrakt\u0173 mi\u0161inys su kajeno ir raudonosiomis habanero aitriosiomis paprikomis.","breadcrumb":{"@id":"https:\/\/hotta.eu\/lt\/shop\/astrus-padazas\/#breadcrumb"},"inLanguage":"lt-LT","potentialAction":[{"@type":"ReadAction","target":["https:\/\/hotta.eu\/lt\/shop\/astrus-padazas\/"]}]},{"@type":"ImageObject","inLanguage":"lt-LT","@id":"https:\/\/hotta.eu\/lt\/shop\/astrus-padazas\/#primaryimage","url":"https:\/\/hotta.eu\/wp-content\/uploads\/2024\/03\/IMG_9904-1.jpg","contentUrl":"https:\/\/hotta.eu\/wp-content\/uploads\/2024\/03\/IMG_9904-1.jpg","width":2000,"height":2001},{"@type":"BreadcrumbList","@id":"https:\/\/hotta.eu\/lt\/shop\/astrus-padazas\/#breadcrumb","itemListElement":[{"@type":"ListItem","position":1,"name":"Prad\u017eia","item":"https:\/\/hotta.eu\/lt\/pradzia\/"},{"@type":"ListItem","position":2,"name":"Parduotuv\u0117","item":"https:\/\/hotta.eu\/shop\/"},{"@type":"ListItem","position":3,"name":"A\u0161trus pada\u017eas"}]},{"@type":"WebSite","@id":"https:\/\/hotta.eu\/lt\/#website","url":"https:\/\/hotta.eu\/lt\/","name":"Hotta","description":"Makes your mouth burn a lotta!","publisher":{"@id":"https:\/\/hotta.eu\/lt\/#organization"},"potentialAction":[{"@type":"SearchAction","target":{"@type":"EntryPoint","urlTemplate":"https:\/\/hotta.eu\/lt\/?s={search_term_string}"},"query-input":{"@type":"PropertyValueSpecification","valueRequired":true,"valueName":"search_term_string"}}],"inLanguage":"lt-LT"},{"@type":"Organization","@id":"https:\/\/hotta.eu\/lt\/#organization","name":"Hotta","url":"https:\/\/hotta.eu\/lt\/","logo":{"@type":"ImageObject","inLanguage":"lt-LT","@id":"https:\/\/hotta.eu\/lt\/#\/schema\/logo\/image\/","url":"https:\/\/hotta.eu\/wp-content\/uploads\/2025\/04\/hotta-logo-invoice.png","contentUrl":"https:\/\/hotta.eu\/wp-content\/uploads\/2025\/04\/hotta-logo-invoice.png","width":600,"height":411,"caption":"Hotta"},"image":{"@id":"https:\/\/hotta.eu\/lt\/#\/schema\/logo\/image\/"},"sameAs":["https:\/\/www.facebook.com\/hotta.eu","https:\/\/x.com\/hottashop","https:\/\/www.instagram.com\/hotta.shop"]}]}},"jetpack_sharing_enabled":true,"_links":{"self":[{"href":"https:\/\/hotta.eu\/lt\/wp-json\/wp\/v2\/product\/18957","targetHints":{"allow":["GET"]}}],"collection":[{"href":"https:\/\/hotta.eu\/lt\/wp-json\/wp\/v2\/product"}],"about":[{"href":"https:\/\/hotta.eu\/lt\/wp-json\/wp\/v2\/types\/product"}],"replies":[{"embeddable":true,"href":"https:\/\/hotta.eu\/lt\/wp-json\/wp\/v2\/comments?post=18957"}],"wp:featuredmedia":[{"embeddable":true,"href":"https:\/\/hotta.eu\/lt\/wp-json\/wp\/v2\/media\/16132"}],"wp:attachment":[{"href":"https:\/\/hotta.eu\/lt\/wp-json\/wp\/v2\/media?parent=18957"}],"wp:term":[{"taxonomy":"product_cat","embeddable":true,"href":"https:\/\/hotta.eu\/lt\/wp-json\/wp\/v2\/product_cat?post=18957"},{"taxonomy":"product_tag","embeddable":true,"href":"https:\/\/hotta.eu\/lt\/wp-json\/wp\/v2\/product_tag?post=18957"},{"taxonomy":"giftcard-category","embeddable":true,"href":"https:\/\/hotta.eu\/lt\/wp-json\/wp\/v2\/giftcard-category?post=18957"}],"curies":[{"name":"wp","href":"https:\/\/api.w.org\/{rel}","templated":true}]}}