{"id":19011,"date":"2021-06-05T00:59:06","date_gmt":"2021-06-04T22:59:06","guid":{"rendered":"https:\/\/hotta.eu\/shop\/duminis-aitriuju-papriku-padazas\/"},"modified":"2024-12-27T12:41:41","modified_gmt":"2024-12-27T10:41:41","slug":"duminis-aitriuju-papriku-padazas","status":"publish","type":"product","link":"https:\/\/hotta.eu\/lt\/shop\/duminis-aitriuju-papriku-padazas\/","title":{"rendered":"Smoky Chilli Sauce"},"content":{"rendered":"<p><strong>Sud\u0117tis<br \/>\n<\/strong>Acto r\u016bg\u0161tis, vanduo, jalapeno aitriosios paprikos, cukrus, miso, \u010desnakai, r\u016bkytos chipotle paprikos, fermentuotas kukur\u016bz\u0173 krakmolas, kalk\u0117s, lin\u0173 skaidulos.<\/p>\n<p><strong>Maistingumo informacija (100 g)<br \/>\n <\/strong>Energin\u0117 vert\u0117 87 kcal (368 kJ), riebal\u0173 1 g, i\u0161 kuri\u0173 so\u010di\u0173j\u0173 riebal\u0173 r\u016bg\u0161\u010di\u0173 0,2 g, angliavandeni\u0173 14,4 g, i\u0161 kuri\u0173 cukr\u0173 10,5 g, baltym\u0173 2,1 g, druskos 3 g.<\/p>\n<p><strong>Galiojimas ir saugojimas<\/strong><br \/>\nAnt buteliuko nurodyta galiojimo data galioja neatidarytam produktui. Atidaryt\u0105 produkt\u0105 reikia laikyti \u0161aldytuve.<\/p>\n","protected":false},"excerpt":{"rendered":"<p>&#8220;Rascal Tastebuddies&#8221; yra naujok\u0117 i\u0161 Belgijos. &#8220;Smoky Chilli&#8221; yra \u0161velnesnis pada\u017eas, ta\u010diau pasi\u017eymi \u012fdomia tekst\u016bra ir i\u0161skirtiniu skoniu. Naudojami j\u016bros dumbliai, laimas ir aitriosios paprikos. Meksikos \u012fkv\u0117ptas pada\u017eas, kuris ypa\u010d tinka prie m\u0117sos.<br \/>\n[ywcwtl_form product_id=\"\"]<\/p>\n","protected":false},"featured_media":16232,"comment_status":"open","ping_status":"closed","template":"","meta":[],"product_cat":[917,925],"product_tag":[],"giftcard-category":[],"class_list":{"0":"post-19011","1":"product","2":"type-product","3":"status-publish","4":"has-post-thumbnail","6":"product_cat-padazai","7":"product_cat-svelnuus","8":"pa_brand-rascal-tastebuddies","10":"first","11":"outofstock","12":"taxable","13":"shipping-taxable","14":"purchasable","15":"product-type-simple"},"yoast_head":"<!-- This site is optimized with the Yoast SEO plugin v27.3 - https:\/\/yoast.com\/product\/yoast-seo-wordpress\/ -->\n<title>Smoky Chilli Sauce - Hotta<\/title>\n<meta name=\"description\" content=\"&quot;Rascal Tastebuddies&quot; yra naujok\u0117 i\u0161 Belgijos. &quot;Smoky Chilli&quot; yra \u0161velnesnis pada\u017eas, ta\u010diau pasi\u017eymi \u012fdomia tekst\u016bra ir i\u0161skirtiniu skoniu. Naudojami j\u016bros dumbliai, laimas ir aitriosios paprikos. Meksikos \u012fkv\u0117ptas pada\u017eas, kuris ypa\u010d tinka prie m\u0117sos.\" \/>\n<meta name=\"robots\" content=\"index, follow, max-snippet:-1, max-image-preview:large, max-video-preview:-1\" \/>\n<link rel=\"canonical\" href=\"https:\/\/hotta.eu\/lt\/shop\/duminis-aitriuju-papriku-padazas\/\" \/>\n<meta property=\"og:locale\" content=\"lt_LT\" \/>\n<meta property=\"og:type\" content=\"article\" \/>\n<meta property=\"og:title\" content=\"Smoky Chilli Sauce - Hotta\" \/>\n<meta property=\"og:description\" content=\"&quot;Rascal Tastebuddies&quot; yra naujok\u0117 i\u0161 Belgijos. &quot;Smoky Chilli&quot; yra \u0161velnesnis pada\u017eas, ta\u010diau pasi\u017eymi \u012fdomia tekst\u016bra ir i\u0161skirtiniu skoniu. Naudojami j\u016bros dumbliai, laimas ir aitriosios paprikos. Meksikos \u012fkv\u0117ptas pada\u017eas, kuris ypa\u010d tinka prie m\u0117sos.\" \/>\n<meta property=\"og:url\" content=\"https:\/\/hotta.eu\/lt\/shop\/duminis-aitriuju-papriku-padazas\/\" \/>\n<meta property=\"og:site_name\" content=\"Hotta\" \/>\n<meta property=\"article:publisher\" content=\"https:\/\/www.facebook.com\/hotta.eu\" \/>\n<meta property=\"article:modified_time\" content=\"2024-12-27T10:41:41+00:00\" \/>\n<meta property=\"og:image\" content=\"https:\/\/hotta.eu\/wp-content\/uploads\/2024\/03\/rascal-1.jpg\" \/>\n\t<meta property=\"og:image:width\" content=\"2000\" \/>\n\t<meta property=\"og:image:height\" content=\"2000\" \/>\n\t<meta property=\"og:image:type\" content=\"image\/jpeg\" \/>\n<meta name=\"twitter:card\" content=\"summary_large_image\" \/>\n<meta name=\"twitter:site\" content=\"@hottashop\" \/>\n<script type=\"application\/ld+json\" class=\"yoast-schema-graph\">{\"@context\":\"https:\\\/\\\/schema.org\",\"@graph\":[{\"@type\":\"WebPage\",\"@id\":\"https:\\\/\\\/hotta.eu\\\/lt\\\/shop\\\/duminis-aitriuju-papriku-padazas\\\/\",\"url\":\"https:\\\/\\\/hotta.eu\\\/lt\\\/shop\\\/duminis-aitriuju-papriku-padazas\\\/\",\"name\":\"Smoky Chilli Sauce - Hotta\",\"isPartOf\":{\"@id\":\"https:\\\/\\\/hotta.eu\\\/lt\\\/#website\"},\"primaryImageOfPage\":{\"@id\":\"https:\\\/\\\/hotta.eu\\\/lt\\\/shop\\\/duminis-aitriuju-papriku-padazas\\\/#primaryimage\"},\"image\":{\"@id\":\"https:\\\/\\\/hotta.eu\\\/lt\\\/shop\\\/duminis-aitriuju-papriku-padazas\\\/#primaryimage\"},\"thumbnailUrl\":\"https:\\\/\\\/hotta.eu\\\/wp-content\\\/uploads\\\/2024\\\/03\\\/rascal-1.jpg\",\"datePublished\":\"2021-06-04T22:59:06+00:00\",\"dateModified\":\"2024-12-27T10:41:41+00:00\",\"description\":\"\\\"Rascal Tastebuddies\\\" yra naujok\u0117 i\u0161 Belgijos. \\\"Smoky Chilli\\\" yra \u0161velnesnis pada\u017eas, ta\u010diau pasi\u017eymi \u012fdomia tekst\u016bra ir i\u0161skirtiniu skoniu. Naudojami j\u016bros dumbliai, laimas ir aitriosios paprikos. Meksikos \u012fkv\u0117ptas pada\u017eas, kuris ypa\u010d tinka prie m\u0117sos.\",\"breadcrumb\":{\"@id\":\"https:\\\/\\\/hotta.eu\\\/lt\\\/shop\\\/duminis-aitriuju-papriku-padazas\\\/#breadcrumb\"},\"inLanguage\":\"lt-LT\",\"potentialAction\":[{\"@type\":\"ReadAction\",\"target\":[\"https:\\\/\\\/hotta.eu\\\/lt\\\/shop\\\/duminis-aitriuju-papriku-padazas\\\/\"]}]},{\"@type\":\"ImageObject\",\"inLanguage\":\"lt-LT\",\"@id\":\"https:\\\/\\\/hotta.eu\\\/lt\\\/shop\\\/duminis-aitriuju-papriku-padazas\\\/#primaryimage\",\"url\":\"https:\\\/\\\/hotta.eu\\\/wp-content\\\/uploads\\\/2024\\\/03\\\/rascal-1.jpg\",\"contentUrl\":\"https:\\\/\\\/hotta.eu\\\/wp-content\\\/uploads\\\/2024\\\/03\\\/rascal-1.jpg\",\"width\":2000,\"height\":2000},{\"@type\":\"BreadcrumbList\",\"@id\":\"https:\\\/\\\/hotta.eu\\\/lt\\\/shop\\\/duminis-aitriuju-papriku-padazas\\\/#breadcrumb\",\"itemListElement\":[{\"@type\":\"ListItem\",\"position\":1,\"name\":\"Prad\u017eia\",\"item\":\"https:\\\/\\\/hotta.eu\\\/lt\\\/pradzia\\\/\"},{\"@type\":\"ListItem\",\"position\":2,\"name\":\"Parduotuv\u0117\",\"item\":\"https:\\\/\\\/hotta.eu\\\/shop\\\/\"},{\"@type\":\"ListItem\",\"position\":3,\"name\":\"Smoky Chilli Sauce\"}]},{\"@type\":\"WebSite\",\"@id\":\"https:\\\/\\\/hotta.eu\\\/lt\\\/#website\",\"url\":\"https:\\\/\\\/hotta.eu\\\/lt\\\/\",\"name\":\"Hotta\",\"description\":\"Makes your mouth burn a lotta!\",\"publisher\":{\"@id\":\"https:\\\/\\\/hotta.eu\\\/lt\\\/#organization\"},\"potentialAction\":[{\"@type\":\"SearchAction\",\"target\":{\"@type\":\"EntryPoint\",\"urlTemplate\":\"https:\\\/\\\/hotta.eu\\\/lt\\\/?s={search_term_string}\"},\"query-input\":{\"@type\":\"PropertyValueSpecification\",\"valueRequired\":true,\"valueName\":\"search_term_string\"}}],\"inLanguage\":\"lt-LT\"},{\"@type\":\"Organization\",\"@id\":\"https:\\\/\\\/hotta.eu\\\/lt\\\/#organization\",\"name\":\"Hotta\",\"url\":\"https:\\\/\\\/hotta.eu\\\/lt\\\/\",\"logo\":{\"@type\":\"ImageObject\",\"inLanguage\":\"lt-LT\",\"@id\":\"https:\\\/\\\/hotta.eu\\\/lt\\\/#\\\/schema\\\/logo\\\/image\\\/\",\"url\":\"https:\\\/\\\/hotta.eu\\\/wp-content\\\/uploads\\\/2025\\\/04\\\/hotta-logo-invoice.png\",\"contentUrl\":\"https:\\\/\\\/hotta.eu\\\/wp-content\\\/uploads\\\/2025\\\/04\\\/hotta-logo-invoice.png\",\"width\":600,\"height\":411,\"caption\":\"Hotta\"},\"image\":{\"@id\":\"https:\\\/\\\/hotta.eu\\\/lt\\\/#\\\/schema\\\/logo\\\/image\\\/\"},\"sameAs\":[\"https:\\\/\\\/www.facebook.com\\\/hotta.eu\",\"https:\\\/\\\/x.com\\\/hottashop\",\"https:\\\/\\\/www.instagram.com\\\/hotta.shop\"]}]}<\/script>\n<!-- \/ Yoast SEO plugin. -->","yoast_head_json":{"title":"Smoky Chilli Sauce - Hotta","description":"\"Rascal Tastebuddies\" yra naujok\u0117 i\u0161 Belgijos. \"Smoky Chilli\" yra \u0161velnesnis pada\u017eas, ta\u010diau pasi\u017eymi \u012fdomia tekst\u016bra ir i\u0161skirtiniu skoniu. Naudojami j\u016bros dumbliai, laimas ir aitriosios paprikos. Meksikos \u012fkv\u0117ptas pada\u017eas, kuris ypa\u010d tinka prie m\u0117sos.","robots":{"index":"index","follow":"follow","max-snippet":"max-snippet:-1","max-image-preview":"max-image-preview:large","max-video-preview":"max-video-preview:-1"},"canonical":"https:\/\/hotta.eu\/lt\/shop\/duminis-aitriuju-papriku-padazas\/","og_locale":"lt_LT","og_type":"article","og_title":"Smoky Chilli Sauce - Hotta","og_description":"\"Rascal Tastebuddies\" yra naujok\u0117 i\u0161 Belgijos. \"Smoky Chilli\" yra \u0161velnesnis pada\u017eas, ta\u010diau pasi\u017eymi \u012fdomia tekst\u016bra ir i\u0161skirtiniu skoniu. Naudojami j\u016bros dumbliai, laimas ir aitriosios paprikos. Meksikos \u012fkv\u0117ptas pada\u017eas, kuris ypa\u010d tinka prie m\u0117sos.","og_url":"https:\/\/hotta.eu\/lt\/shop\/duminis-aitriuju-papriku-padazas\/","og_site_name":"Hotta","article_publisher":"https:\/\/www.facebook.com\/hotta.eu","article_modified_time":"2024-12-27T10:41:41+00:00","og_image":[{"width":2000,"height":2000,"url":"https:\/\/hotta.eu\/wp-content\/uploads\/2024\/03\/rascal-1.jpg","type":"image\/jpeg"}],"twitter_card":"summary_large_image","twitter_site":"@hottashop","schema":{"@context":"https:\/\/schema.org","@graph":[{"@type":"WebPage","@id":"https:\/\/hotta.eu\/lt\/shop\/duminis-aitriuju-papriku-padazas\/","url":"https:\/\/hotta.eu\/lt\/shop\/duminis-aitriuju-papriku-padazas\/","name":"Smoky Chilli Sauce - Hotta","isPartOf":{"@id":"https:\/\/hotta.eu\/lt\/#website"},"primaryImageOfPage":{"@id":"https:\/\/hotta.eu\/lt\/shop\/duminis-aitriuju-papriku-padazas\/#primaryimage"},"image":{"@id":"https:\/\/hotta.eu\/lt\/shop\/duminis-aitriuju-papriku-padazas\/#primaryimage"},"thumbnailUrl":"https:\/\/hotta.eu\/wp-content\/uploads\/2024\/03\/rascal-1.jpg","datePublished":"2021-06-04T22:59:06+00:00","dateModified":"2024-12-27T10:41:41+00:00","description":"\"Rascal Tastebuddies\" yra naujok\u0117 i\u0161 Belgijos. \"Smoky Chilli\" yra \u0161velnesnis pada\u017eas, ta\u010diau pasi\u017eymi \u012fdomia tekst\u016bra ir i\u0161skirtiniu skoniu. Naudojami j\u016bros dumbliai, laimas ir aitriosios paprikos. Meksikos \u012fkv\u0117ptas pada\u017eas, kuris ypa\u010d tinka prie m\u0117sos.","breadcrumb":{"@id":"https:\/\/hotta.eu\/lt\/shop\/duminis-aitriuju-papriku-padazas\/#breadcrumb"},"inLanguage":"lt-LT","potentialAction":[{"@type":"ReadAction","target":["https:\/\/hotta.eu\/lt\/shop\/duminis-aitriuju-papriku-padazas\/"]}]},{"@type":"ImageObject","inLanguage":"lt-LT","@id":"https:\/\/hotta.eu\/lt\/shop\/duminis-aitriuju-papriku-padazas\/#primaryimage","url":"https:\/\/hotta.eu\/wp-content\/uploads\/2024\/03\/rascal-1.jpg","contentUrl":"https:\/\/hotta.eu\/wp-content\/uploads\/2024\/03\/rascal-1.jpg","width":2000,"height":2000},{"@type":"BreadcrumbList","@id":"https:\/\/hotta.eu\/lt\/shop\/duminis-aitriuju-papriku-padazas\/#breadcrumb","itemListElement":[{"@type":"ListItem","position":1,"name":"Prad\u017eia","item":"https:\/\/hotta.eu\/lt\/pradzia\/"},{"@type":"ListItem","position":2,"name":"Parduotuv\u0117","item":"https:\/\/hotta.eu\/shop\/"},{"@type":"ListItem","position":3,"name":"Smoky Chilli Sauce"}]},{"@type":"WebSite","@id":"https:\/\/hotta.eu\/lt\/#website","url":"https:\/\/hotta.eu\/lt\/","name":"Hotta","description":"Makes your mouth burn a lotta!","publisher":{"@id":"https:\/\/hotta.eu\/lt\/#organization"},"potentialAction":[{"@type":"SearchAction","target":{"@type":"EntryPoint","urlTemplate":"https:\/\/hotta.eu\/lt\/?s={search_term_string}"},"query-input":{"@type":"PropertyValueSpecification","valueRequired":true,"valueName":"search_term_string"}}],"inLanguage":"lt-LT"},{"@type":"Organization","@id":"https:\/\/hotta.eu\/lt\/#organization","name":"Hotta","url":"https:\/\/hotta.eu\/lt\/","logo":{"@type":"ImageObject","inLanguage":"lt-LT","@id":"https:\/\/hotta.eu\/lt\/#\/schema\/logo\/image\/","url":"https:\/\/hotta.eu\/wp-content\/uploads\/2025\/04\/hotta-logo-invoice.png","contentUrl":"https:\/\/hotta.eu\/wp-content\/uploads\/2025\/04\/hotta-logo-invoice.png","width":600,"height":411,"caption":"Hotta"},"image":{"@id":"https:\/\/hotta.eu\/lt\/#\/schema\/logo\/image\/"},"sameAs":["https:\/\/www.facebook.com\/hotta.eu","https:\/\/x.com\/hottashop","https:\/\/www.instagram.com\/hotta.shop"]}]}},"jetpack_sharing_enabled":true,"_links":{"self":[{"href":"https:\/\/hotta.eu\/lt\/wp-json\/wp\/v2\/product\/19011","targetHints":{"allow":["GET"]}}],"collection":[{"href":"https:\/\/hotta.eu\/lt\/wp-json\/wp\/v2\/product"}],"about":[{"href":"https:\/\/hotta.eu\/lt\/wp-json\/wp\/v2\/types\/product"}],"replies":[{"embeddable":true,"href":"https:\/\/hotta.eu\/lt\/wp-json\/wp\/v2\/comments?post=19011"}],"wp:featuredmedia":[{"embeddable":true,"href":"https:\/\/hotta.eu\/lt\/wp-json\/wp\/v2\/media\/16232"}],"wp:attachment":[{"href":"https:\/\/hotta.eu\/lt\/wp-json\/wp\/v2\/media?parent=19011"}],"wp:term":[{"taxonomy":"product_cat","embeddable":true,"href":"https:\/\/hotta.eu\/lt\/wp-json\/wp\/v2\/product_cat?post=19011"},{"taxonomy":"product_tag","embeddable":true,"href":"https:\/\/hotta.eu\/lt\/wp-json\/wp\/v2\/product_tag?post=19011"},{"taxonomy":"giftcard-category","embeddable":true,"href":"https:\/\/hotta.eu\/lt\/wp-json\/wp\/v2\/giftcard-category?post=19011"}],"curies":[{"name":"wp","href":"https:\/\/api.w.org\/{rel}","templated":true}]}}