{"id":19012,"date":"2021-06-05T01:36:07","date_gmt":"2021-06-04T23:36:07","guid":{"rendered":"https:\/\/hotta.eu\/shop\/klasikinis-aitriuju-papriku-padazas\/"},"modified":"2024-12-27T12:41:40","modified_gmt":"2024-12-27T10:41:40","slug":"klasikinis-aitriuju-papriku-padazas","status":"publish","type":"product","link":"https:\/\/hotta.eu\/lt\/shop\/klasikinis-aitriuju-papriku-padazas\/","title":{"rendered":"Classic Chilli Sauce"},"content":{"rendered":"<p><strong>Sud\u0117tis<br \/>\n<\/strong>Jalapeno aitriosios paprikos, acto r\u016bg\u0161tis, vanduo, \u010desnakai, cukrus, miso, druska, fermentuotas kukur\u016bz\u0173 krakmolas, lin\u0173 skaidulos.<\/p>\n<p><strong>Maistingumo informacija (100 g)<br \/>\n<\/strong> Energin\u0117 vert\u0117 59 kcal (252 kJ), riebal\u0173 0,4 g, i\u0161 kuri\u0173 so\u010di\u0173j\u0173 riebal\u0173 r\u016bg\u0161\u010di\u0173 0,1 g, angliavandeni\u0173 10,2 g, i\u0161 kuri\u0173 cukr\u0173 7,7 g, baltym\u0173 1,5 g, druskos 2,8 g.<\/p>\n<p><strong>Galiojimas ir saugojimas<\/strong><br \/>\nAnt buteliuko nurodyta galiojimo data galioja neatidarytam produktui. Atidaryt\u0105 produkt\u0105 reikia laikyti \u0161aldytuve.<\/p>\n","protected":false},"excerpt":{"rendered":"<p>&#8220;Rascal Tastebuddies&#8221; yra naujok\u0117 i\u0161 Belgijos. &#8220;Classic Chilli&#8221; yra \u0161velnesnis pada\u017eas, ta\u010diau pasi\u017eymi \u012fdomia tekst\u016bra ir i\u0161skirtiniu skoniu. Naudojami \u010desnakai, japoni\u0161kas miso ir jalapeno aitriosios paprikos. Tinka beveik visiems patiekalams &#8211; nuo omlet\u0173 iki azijieti\u0161k\u0173 patiekal\u0173. Tikras <em>universalas<\/em>.<br \/>\n[ywcwtl_form product_id=\"\"]<\/p>\n","protected":false},"featured_media":16244,"comment_status":"open","ping_status":"closed","template":"","meta":[],"product_cat":[917,925],"product_tag":[],"giftcard-category":[],"class_list":{"0":"post-19012","1":"product","2":"type-product","3":"status-publish","4":"has-post-thumbnail","6":"product_cat-padazai","7":"product_cat-svelnuus","8":"pa_brand-rascal-tastebuddies","10":"first","11":"outofstock","12":"taxable","13":"shipping-taxable","14":"purchasable","15":"product-type-simple"},"yoast_head":"<!-- This site is optimized with the Yoast SEO plugin v27.4 - https:\/\/yoast.com\/product\/yoast-seo-wordpress\/ -->\n<title>Classic Chilli Sauce - Hotta<\/title>\n<meta name=\"description\" content=\"&quot;Rascal Tastebuddies&quot; yra naujok\u0117 i\u0161 Belgijos. &quot;Classic Chilli&quot; yra \u0161velnesnis pada\u017eas, ta\u010diau pasi\u017eymi \u012fdomia tekst\u016bra ir i\u0161skirtiniu skoniu. Naudojami \u010desnakai, japoni\u0161kas miso ir jalapeno aitriosios paprikos. Tinka beveik visiems patiekalams - nuo omlet\u0173 iki azijieti\u0161k\u0173 patiekal\u0173. Tikras universalas.\" \/>\n<meta name=\"robots\" content=\"index, follow, max-snippet:-1, max-image-preview:large, max-video-preview:-1\" \/>\n<link rel=\"canonical\" href=\"https:\/\/hotta.eu\/lt\/shop\/klasikinis-aitriuju-papriku-padazas\/\" \/>\n<meta property=\"og:locale\" content=\"lt_LT\" \/>\n<meta property=\"og:type\" content=\"article\" \/>\n<meta property=\"og:title\" content=\"Classic Chilli Sauce - Hotta\" \/>\n<meta property=\"og:description\" content=\"&quot;Rascal Tastebuddies&quot; yra naujok\u0117 i\u0161 Belgijos. &quot;Classic Chilli&quot; yra \u0161velnesnis pada\u017eas, ta\u010diau pasi\u017eymi \u012fdomia tekst\u016bra ir i\u0161skirtiniu skoniu. Naudojami \u010desnakai, japoni\u0161kas miso ir jalapeno aitriosios paprikos. Tinka beveik visiems patiekalams - nuo omlet\u0173 iki azijieti\u0161k\u0173 patiekal\u0173. Tikras universalas.\" \/>\n<meta property=\"og:url\" content=\"https:\/\/hotta.eu\/lt\/shop\/klasikinis-aitriuju-papriku-padazas\/\" \/>\n<meta property=\"og:site_name\" content=\"Hotta\" \/>\n<meta property=\"article:publisher\" content=\"https:\/\/www.facebook.com\/hotta.eu\" \/>\n<meta property=\"article:modified_time\" content=\"2024-12-27T10:41:40+00:00\" \/>\n<meta property=\"og:image\" content=\"https:\/\/hotta.eu\/wp-content\/uploads\/2024\/03\/rascal-3.jpg\" \/>\n\t<meta property=\"og:image:width\" content=\"2000\" \/>\n\t<meta property=\"og:image:height\" content=\"2000\" \/>\n\t<meta property=\"og:image:type\" content=\"image\/jpeg\" \/>\n<meta name=\"twitter:card\" content=\"summary_large_image\" \/>\n<meta name=\"twitter:site\" content=\"@hottashop\" \/>\n<script type=\"application\/ld+json\" class=\"yoast-schema-graph\">{\"@context\":\"https:\\\/\\\/schema.org\",\"@graph\":[{\"@type\":\"WebPage\",\"@id\":\"https:\\\/\\\/hotta.eu\\\/lt\\\/shop\\\/klasikinis-aitriuju-papriku-padazas\\\/\",\"url\":\"https:\\\/\\\/hotta.eu\\\/lt\\\/shop\\\/klasikinis-aitriuju-papriku-padazas\\\/\",\"name\":\"Classic Chilli Sauce - Hotta\",\"isPartOf\":{\"@id\":\"https:\\\/\\\/hotta.eu\\\/lt\\\/#website\"},\"primaryImageOfPage\":{\"@id\":\"https:\\\/\\\/hotta.eu\\\/lt\\\/shop\\\/klasikinis-aitriuju-papriku-padazas\\\/#primaryimage\"},\"image\":{\"@id\":\"https:\\\/\\\/hotta.eu\\\/lt\\\/shop\\\/klasikinis-aitriuju-papriku-padazas\\\/#primaryimage\"},\"thumbnailUrl\":\"https:\\\/\\\/hotta.eu\\\/wp-content\\\/uploads\\\/2024\\\/03\\\/rascal-3.jpg\",\"datePublished\":\"2021-06-04T23:36:07+00:00\",\"dateModified\":\"2024-12-27T10:41:40+00:00\",\"description\":\"\\\"Rascal Tastebuddies\\\" yra naujok\u0117 i\u0161 Belgijos. \\\"Classic Chilli\\\" yra \u0161velnesnis pada\u017eas, ta\u010diau pasi\u017eymi \u012fdomia tekst\u016bra ir i\u0161skirtiniu skoniu. Naudojami \u010desnakai, japoni\u0161kas miso ir jalapeno aitriosios paprikos. Tinka beveik visiems patiekalams - nuo omlet\u0173 iki azijieti\u0161k\u0173 patiekal\u0173. Tikras universalas.\",\"breadcrumb\":{\"@id\":\"https:\\\/\\\/hotta.eu\\\/lt\\\/shop\\\/klasikinis-aitriuju-papriku-padazas\\\/#breadcrumb\"},\"inLanguage\":\"lt-LT\",\"potentialAction\":[{\"@type\":\"ReadAction\",\"target\":[\"https:\\\/\\\/hotta.eu\\\/lt\\\/shop\\\/klasikinis-aitriuju-papriku-padazas\\\/\"]}]},{\"@type\":\"ImageObject\",\"inLanguage\":\"lt-LT\",\"@id\":\"https:\\\/\\\/hotta.eu\\\/lt\\\/shop\\\/klasikinis-aitriuju-papriku-padazas\\\/#primaryimage\",\"url\":\"https:\\\/\\\/hotta.eu\\\/wp-content\\\/uploads\\\/2024\\\/03\\\/rascal-3.jpg\",\"contentUrl\":\"https:\\\/\\\/hotta.eu\\\/wp-content\\\/uploads\\\/2024\\\/03\\\/rascal-3.jpg\",\"width\":2000,\"height\":2000},{\"@type\":\"BreadcrumbList\",\"@id\":\"https:\\\/\\\/hotta.eu\\\/lt\\\/shop\\\/klasikinis-aitriuju-papriku-padazas\\\/#breadcrumb\",\"itemListElement\":[{\"@type\":\"ListItem\",\"position\":1,\"name\":\"Prad\u017eia\",\"item\":\"https:\\\/\\\/hotta.eu\\\/lt\\\/pradzia\\\/\"},{\"@type\":\"ListItem\",\"position\":2,\"name\":\"Parduotuv\u0117\",\"item\":\"https:\\\/\\\/hotta.eu\\\/shop\\\/\"},{\"@type\":\"ListItem\",\"position\":3,\"name\":\"Classic Chilli Sauce\"}]},{\"@type\":\"WebSite\",\"@id\":\"https:\\\/\\\/hotta.eu\\\/lt\\\/#website\",\"url\":\"https:\\\/\\\/hotta.eu\\\/lt\\\/\",\"name\":\"Hotta\",\"description\":\"Makes your mouth burn a lotta!\",\"publisher\":{\"@id\":\"https:\\\/\\\/hotta.eu\\\/lt\\\/#organization\"},\"potentialAction\":[{\"@type\":\"SearchAction\",\"target\":{\"@type\":\"EntryPoint\",\"urlTemplate\":\"https:\\\/\\\/hotta.eu\\\/lt\\\/?s={search_term_string}\"},\"query-input\":{\"@type\":\"PropertyValueSpecification\",\"valueRequired\":true,\"valueName\":\"search_term_string\"}}],\"inLanguage\":\"lt-LT\"},{\"@type\":\"Organization\",\"@id\":\"https:\\\/\\\/hotta.eu\\\/lt\\\/#organization\",\"name\":\"Hotta\",\"url\":\"https:\\\/\\\/hotta.eu\\\/lt\\\/\",\"logo\":{\"@type\":\"ImageObject\",\"inLanguage\":\"lt-LT\",\"@id\":\"https:\\\/\\\/hotta.eu\\\/lt\\\/#\\\/schema\\\/logo\\\/image\\\/\",\"url\":\"https:\\\/\\\/hotta.eu\\\/wp-content\\\/uploads\\\/2025\\\/04\\\/hotta-logo-invoice.png\",\"contentUrl\":\"https:\\\/\\\/hotta.eu\\\/wp-content\\\/uploads\\\/2025\\\/04\\\/hotta-logo-invoice.png\",\"width\":600,\"height\":411,\"caption\":\"Hotta\"},\"image\":{\"@id\":\"https:\\\/\\\/hotta.eu\\\/lt\\\/#\\\/schema\\\/logo\\\/image\\\/\"},\"sameAs\":[\"https:\\\/\\\/www.facebook.com\\\/hotta.eu\",\"https:\\\/\\\/x.com\\\/hottashop\",\"https:\\\/\\\/www.instagram.com\\\/hotta.shop\"]}]}<\/script>\n<!-- \/ Yoast SEO plugin. -->","yoast_head_json":{"title":"Classic Chilli Sauce - Hotta","description":"\"Rascal Tastebuddies\" yra naujok\u0117 i\u0161 Belgijos. \"Classic Chilli\" yra \u0161velnesnis pada\u017eas, ta\u010diau pasi\u017eymi \u012fdomia tekst\u016bra ir i\u0161skirtiniu skoniu. Naudojami \u010desnakai, japoni\u0161kas miso ir jalapeno aitriosios paprikos. Tinka beveik visiems patiekalams - nuo omlet\u0173 iki azijieti\u0161k\u0173 patiekal\u0173. Tikras universalas.","robots":{"index":"index","follow":"follow","max-snippet":"max-snippet:-1","max-image-preview":"max-image-preview:large","max-video-preview":"max-video-preview:-1"},"canonical":"https:\/\/hotta.eu\/lt\/shop\/klasikinis-aitriuju-papriku-padazas\/","og_locale":"lt_LT","og_type":"article","og_title":"Classic Chilli Sauce - Hotta","og_description":"\"Rascal Tastebuddies\" yra naujok\u0117 i\u0161 Belgijos. \"Classic Chilli\" yra \u0161velnesnis pada\u017eas, ta\u010diau pasi\u017eymi \u012fdomia tekst\u016bra ir i\u0161skirtiniu skoniu. Naudojami \u010desnakai, japoni\u0161kas miso ir jalapeno aitriosios paprikos. Tinka beveik visiems patiekalams - nuo omlet\u0173 iki azijieti\u0161k\u0173 patiekal\u0173. Tikras universalas.","og_url":"https:\/\/hotta.eu\/lt\/shop\/klasikinis-aitriuju-papriku-padazas\/","og_site_name":"Hotta","article_publisher":"https:\/\/www.facebook.com\/hotta.eu","article_modified_time":"2024-12-27T10:41:40+00:00","og_image":[{"width":2000,"height":2000,"url":"https:\/\/hotta.eu\/wp-content\/uploads\/2024\/03\/rascal-3.jpg","type":"image\/jpeg"}],"twitter_card":"summary_large_image","twitter_site":"@hottashop","schema":{"@context":"https:\/\/schema.org","@graph":[{"@type":"WebPage","@id":"https:\/\/hotta.eu\/lt\/shop\/klasikinis-aitriuju-papriku-padazas\/","url":"https:\/\/hotta.eu\/lt\/shop\/klasikinis-aitriuju-papriku-padazas\/","name":"Classic Chilli Sauce - Hotta","isPartOf":{"@id":"https:\/\/hotta.eu\/lt\/#website"},"primaryImageOfPage":{"@id":"https:\/\/hotta.eu\/lt\/shop\/klasikinis-aitriuju-papriku-padazas\/#primaryimage"},"image":{"@id":"https:\/\/hotta.eu\/lt\/shop\/klasikinis-aitriuju-papriku-padazas\/#primaryimage"},"thumbnailUrl":"https:\/\/hotta.eu\/wp-content\/uploads\/2024\/03\/rascal-3.jpg","datePublished":"2021-06-04T23:36:07+00:00","dateModified":"2024-12-27T10:41:40+00:00","description":"\"Rascal Tastebuddies\" yra naujok\u0117 i\u0161 Belgijos. \"Classic Chilli\" yra \u0161velnesnis pada\u017eas, ta\u010diau pasi\u017eymi \u012fdomia tekst\u016bra ir i\u0161skirtiniu skoniu. Naudojami \u010desnakai, japoni\u0161kas miso ir jalapeno aitriosios paprikos. Tinka beveik visiems patiekalams - nuo omlet\u0173 iki azijieti\u0161k\u0173 patiekal\u0173. Tikras universalas.","breadcrumb":{"@id":"https:\/\/hotta.eu\/lt\/shop\/klasikinis-aitriuju-papriku-padazas\/#breadcrumb"},"inLanguage":"lt-LT","potentialAction":[{"@type":"ReadAction","target":["https:\/\/hotta.eu\/lt\/shop\/klasikinis-aitriuju-papriku-padazas\/"]}]},{"@type":"ImageObject","inLanguage":"lt-LT","@id":"https:\/\/hotta.eu\/lt\/shop\/klasikinis-aitriuju-papriku-padazas\/#primaryimage","url":"https:\/\/hotta.eu\/wp-content\/uploads\/2024\/03\/rascal-3.jpg","contentUrl":"https:\/\/hotta.eu\/wp-content\/uploads\/2024\/03\/rascal-3.jpg","width":2000,"height":2000},{"@type":"BreadcrumbList","@id":"https:\/\/hotta.eu\/lt\/shop\/klasikinis-aitriuju-papriku-padazas\/#breadcrumb","itemListElement":[{"@type":"ListItem","position":1,"name":"Prad\u017eia","item":"https:\/\/hotta.eu\/lt\/pradzia\/"},{"@type":"ListItem","position":2,"name":"Parduotuv\u0117","item":"https:\/\/hotta.eu\/shop\/"},{"@type":"ListItem","position":3,"name":"Classic Chilli Sauce"}]},{"@type":"WebSite","@id":"https:\/\/hotta.eu\/lt\/#website","url":"https:\/\/hotta.eu\/lt\/","name":"Hotta","description":"Makes your mouth burn a lotta!","publisher":{"@id":"https:\/\/hotta.eu\/lt\/#organization"},"potentialAction":[{"@type":"SearchAction","target":{"@type":"EntryPoint","urlTemplate":"https:\/\/hotta.eu\/lt\/?s={search_term_string}"},"query-input":{"@type":"PropertyValueSpecification","valueRequired":true,"valueName":"search_term_string"}}],"inLanguage":"lt-LT"},{"@type":"Organization","@id":"https:\/\/hotta.eu\/lt\/#organization","name":"Hotta","url":"https:\/\/hotta.eu\/lt\/","logo":{"@type":"ImageObject","inLanguage":"lt-LT","@id":"https:\/\/hotta.eu\/lt\/#\/schema\/logo\/image\/","url":"https:\/\/hotta.eu\/wp-content\/uploads\/2025\/04\/hotta-logo-invoice.png","contentUrl":"https:\/\/hotta.eu\/wp-content\/uploads\/2025\/04\/hotta-logo-invoice.png","width":600,"height":411,"caption":"Hotta"},"image":{"@id":"https:\/\/hotta.eu\/lt\/#\/schema\/logo\/image\/"},"sameAs":["https:\/\/www.facebook.com\/hotta.eu","https:\/\/x.com\/hottashop","https:\/\/www.instagram.com\/hotta.shop"]}]}},"jetpack_sharing_enabled":true,"_links":{"self":[{"href":"https:\/\/hotta.eu\/lt\/wp-json\/wp\/v2\/product\/19012","targetHints":{"allow":["GET"]}}],"collection":[{"href":"https:\/\/hotta.eu\/lt\/wp-json\/wp\/v2\/product"}],"about":[{"href":"https:\/\/hotta.eu\/lt\/wp-json\/wp\/v2\/types\/product"}],"replies":[{"embeddable":true,"href":"https:\/\/hotta.eu\/lt\/wp-json\/wp\/v2\/comments?post=19012"}],"wp:featuredmedia":[{"embeddable":true,"href":"https:\/\/hotta.eu\/lt\/wp-json\/wp\/v2\/media\/16244"}],"wp:attachment":[{"href":"https:\/\/hotta.eu\/lt\/wp-json\/wp\/v2\/media?parent=19012"}],"wp:term":[{"taxonomy":"product_cat","embeddable":true,"href":"https:\/\/hotta.eu\/lt\/wp-json\/wp\/v2\/product_cat?post=19012"},{"taxonomy":"product_tag","embeddable":true,"href":"https:\/\/hotta.eu\/lt\/wp-json\/wp\/v2\/product_tag?post=19012"},{"taxonomy":"giftcard-category","embeddable":true,"href":"https:\/\/hotta.eu\/lt\/wp-json\/wp\/v2\/giftcard-category?post=19012"}],"curies":[{"name":"wp","href":"https:\/\/api.w.org\/{rel}","templated":true}]}}