{"id":19017,"date":"2021-06-29T18:12:46","date_gmt":"2021-06-29T16:12:46","guid":{"rendered":"https:\/\/hotta.eu\/shop\/espicy-karstas-padazas\/"},"modified":"2024-12-27T12:41:39","modified_gmt":"2024-12-27T10:41:39","slug":"espicy-karstas-padazas","status":"publish","type":"product","link":"https:\/\/hotta.eu\/lt\/shop\/espicy-karstas-padazas\/","title":{"rendered":"ESPICY Hot Sauce"},"content":{"rendered":"<p><strong>Sud\u0117tis<br \/>\n<\/strong>Jalape\u00f1o, morkos, cukrus, apelsinas, \u010desnakas, acto r\u016bg\u0161tis.<\/p>\n<div class=\"tableheader\"><strong>Maistin\u0117 vert\u0117 (100 g)<\/strong><\/div>\n<div>Energin\u0117 vert\u0117 70 kcal (295 kJ), riebalai 1,1 g, i\u0161 j\u0173 so\u010di\u0173j\u0173 riebal\u0173 r\u016bg\u0161\u010di\u0173 0,2 g, angliavandeniai 12,1 g, i\u0161 j\u0173 cukr\u0173 11,9 g, druska 4,7 g.<\/div>\n<p><strong>Galiojimas ir saugojimas<\/strong><br \/>\nAnt buteliuko nurodyta galiojimo data galioja neatidarytam produktui. Atidaryt\u0105 produkt\u0105 reikia laikyti \u0161aldytuve.<\/p>\n","protected":false},"excerpt":{"rendered":"<p>Parduodami special\u016bs ESPICY pada\u017eai &#8211; tiesiai i\u0161 Ispanijos. Jei m\u0117gstate a\u0161triai, nepraleiskite ESPICY pada\u017eo, pagaminto i\u0161 tikr\u0173 raudon\u0173j\u0173 jalape\u00f1os. ESPICY yra pirmasis Ispanijoje pagamintas sriracha pada\u017eas! \u0160iame slaptame recepte kaip pagrindinis ingredientas naudojamas raudonasis jalape\u00f1o, kuris suteikia puik\u0173 prieskon\u012f kiekvienam patiekalui, nekeisdamas patiekalo skonio.<\/p>\n<p>I\u0161bandykite su ry\u017eiais, pajaroa, \u017euvimi, sriubomis, ramen, poke, m\u0117sainiais, bulv\u0117mis, vi\u0161tiena, m\u0117sa, bao bandel\u0117mis, \u0161onkauliukais, krevet\u0117mis, tacos, barbekiu, nachos, kiau\u0161iniais, vi\u0161tienos sparnais, ceviche ar kuo tik panor\u0117site!<br \/>\n[ywcwtl_form product_id=\"\"]<\/p>\n","protected":false},"featured_media":16248,"comment_status":"open","ping_status":"closed","template":"","meta":[],"product_cat":[917,923],"product_tag":[],"giftcard-category":[],"class_list":{"0":"post-19017","1":"product","2":"type-product","3":"status-publish","4":"has-post-thumbnail","6":"product_cat-padazai","7":"product_cat-vidutiniai","8":"pa_brand-espicy","10":"first","11":"outofstock","12":"taxable","13":"shipping-taxable","14":"purchasable","15":"product-type-simple"},"yoast_head":"<!-- This site is optimized with the Yoast SEO plugin v27.3 - https:\/\/yoast.com\/product\/yoast-seo-wordpress\/ -->\n<title>ESPICY Hot Sauce - Hotta<\/title>\n<meta name=\"description\" content=\"\u012e Estij\u0105 atkeliavo special\u016bs ESPICY pada\u017eai - tiesiai i\u0161 Ispanijos. Jei m\u0117gstate a\u0161triai, nepraleiskite ESPICY pada\u017eo, pagaminto i\u0161 tikr\u0173 raudon\u0173j\u0173 jalape\u00f1os.\" \/>\n<meta name=\"robots\" content=\"index, follow, max-snippet:-1, max-image-preview:large, max-video-preview:-1\" \/>\n<link rel=\"canonical\" href=\"https:\/\/hotta.eu\/lt\/shop\/espicy-karstas-padazas\/\" \/>\n<meta property=\"og:locale\" content=\"lt_LT\" \/>\n<meta property=\"og:type\" content=\"article\" \/>\n<meta property=\"og:title\" content=\"ESPICY Hot Sauce - Hotta\" \/>\n<meta property=\"og:description\" content=\"\u012e Estij\u0105 atkeliavo special\u016bs ESPICY pada\u017eai - tiesiai i\u0161 Ispanijos. Jei m\u0117gstate a\u0161triai, nepraleiskite ESPICY pada\u017eo, pagaminto i\u0161 tikr\u0173 raudon\u0173j\u0173 jalape\u00f1os.\" \/>\n<meta property=\"og:url\" content=\"https:\/\/hotta.eu\/lt\/shop\/espicy-karstas-padazas\/\" \/>\n<meta property=\"og:site_name\" content=\"Hotta\" \/>\n<meta property=\"article:publisher\" content=\"https:\/\/www.facebook.com\/hotta.eu\" \/>\n<meta property=\"article:modified_time\" content=\"2024-12-27T10:41:39+00:00\" \/>\n<meta property=\"og:image\" content=\"https:\/\/hotta.eu\/wp-content\/uploads\/2024\/03\/big_espicy_shopify_square_front_720x.jpg\" \/>\n\t<meta property=\"og:image:width\" content=\"720\" \/>\n\t<meta property=\"og:image:height\" content=\"720\" \/>\n\t<meta property=\"og:image:type\" content=\"image\/jpeg\" \/>\n<meta name=\"twitter:card\" content=\"summary_large_image\" \/>\n<meta name=\"twitter:site\" content=\"@hottashop\" \/>\n<script type=\"application\/ld+json\" class=\"yoast-schema-graph\">{\"@context\":\"https:\\\/\\\/schema.org\",\"@graph\":[{\"@type\":\"WebPage\",\"@id\":\"https:\\\/\\\/hotta.eu\\\/lt\\\/shop\\\/espicy-karstas-padazas\\\/\",\"url\":\"https:\\\/\\\/hotta.eu\\\/lt\\\/shop\\\/espicy-karstas-padazas\\\/\",\"name\":\"ESPICY Hot Sauce - Hotta\",\"isPartOf\":{\"@id\":\"https:\\\/\\\/hotta.eu\\\/lt\\\/#website\"},\"primaryImageOfPage\":{\"@id\":\"https:\\\/\\\/hotta.eu\\\/lt\\\/shop\\\/espicy-karstas-padazas\\\/#primaryimage\"},\"image\":{\"@id\":\"https:\\\/\\\/hotta.eu\\\/lt\\\/shop\\\/espicy-karstas-padazas\\\/#primaryimage\"},\"thumbnailUrl\":\"https:\\\/\\\/hotta.eu\\\/wp-content\\\/uploads\\\/2024\\\/03\\\/big_espicy_shopify_square_front_720x.jpg\",\"datePublished\":\"2021-06-29T16:12:46+00:00\",\"dateModified\":\"2024-12-27T10:41:39+00:00\",\"description\":\"\u012e Estij\u0105 atkeliavo special\u016bs ESPICY pada\u017eai - tiesiai i\u0161 Ispanijos. Jei m\u0117gstate a\u0161triai, nepraleiskite ESPICY pada\u017eo, pagaminto i\u0161 tikr\u0173 raudon\u0173j\u0173 jalape\u00f1os.\",\"breadcrumb\":{\"@id\":\"https:\\\/\\\/hotta.eu\\\/lt\\\/shop\\\/espicy-karstas-padazas\\\/#breadcrumb\"},\"inLanguage\":\"lt-LT\",\"potentialAction\":[{\"@type\":\"ReadAction\",\"target\":[\"https:\\\/\\\/hotta.eu\\\/lt\\\/shop\\\/espicy-karstas-padazas\\\/\"]}]},{\"@type\":\"ImageObject\",\"inLanguage\":\"lt-LT\",\"@id\":\"https:\\\/\\\/hotta.eu\\\/lt\\\/shop\\\/espicy-karstas-padazas\\\/#primaryimage\",\"url\":\"https:\\\/\\\/hotta.eu\\\/wp-content\\\/uploads\\\/2024\\\/03\\\/big_espicy_shopify_square_front_720x.jpg\",\"contentUrl\":\"https:\\\/\\\/hotta.eu\\\/wp-content\\\/uploads\\\/2024\\\/03\\\/big_espicy_shopify_square_front_720x.jpg\",\"width\":720,\"height\":720},{\"@type\":\"BreadcrumbList\",\"@id\":\"https:\\\/\\\/hotta.eu\\\/lt\\\/shop\\\/espicy-karstas-padazas\\\/#breadcrumb\",\"itemListElement\":[{\"@type\":\"ListItem\",\"position\":1,\"name\":\"Prad\u017eia\",\"item\":\"https:\\\/\\\/hotta.eu\\\/lt\\\/pradzia\\\/\"},{\"@type\":\"ListItem\",\"position\":2,\"name\":\"Parduotuv\u0117\",\"item\":\"https:\\\/\\\/hotta.eu\\\/shop\\\/\"},{\"@type\":\"ListItem\",\"position\":3,\"name\":\"ESPICY Hot Sauce\"}]},{\"@type\":\"WebSite\",\"@id\":\"https:\\\/\\\/hotta.eu\\\/lt\\\/#website\",\"url\":\"https:\\\/\\\/hotta.eu\\\/lt\\\/\",\"name\":\"Hotta\",\"description\":\"Makes your mouth burn a lotta!\",\"publisher\":{\"@id\":\"https:\\\/\\\/hotta.eu\\\/lt\\\/#organization\"},\"potentialAction\":[{\"@type\":\"SearchAction\",\"target\":{\"@type\":\"EntryPoint\",\"urlTemplate\":\"https:\\\/\\\/hotta.eu\\\/lt\\\/?s={search_term_string}\"},\"query-input\":{\"@type\":\"PropertyValueSpecification\",\"valueRequired\":true,\"valueName\":\"search_term_string\"}}],\"inLanguage\":\"lt-LT\"},{\"@type\":\"Organization\",\"@id\":\"https:\\\/\\\/hotta.eu\\\/lt\\\/#organization\",\"name\":\"Hotta\",\"url\":\"https:\\\/\\\/hotta.eu\\\/lt\\\/\",\"logo\":{\"@type\":\"ImageObject\",\"inLanguage\":\"lt-LT\",\"@id\":\"https:\\\/\\\/hotta.eu\\\/lt\\\/#\\\/schema\\\/logo\\\/image\\\/\",\"url\":\"https:\\\/\\\/hotta.eu\\\/wp-content\\\/uploads\\\/2025\\\/04\\\/hotta-logo-invoice.png\",\"contentUrl\":\"https:\\\/\\\/hotta.eu\\\/wp-content\\\/uploads\\\/2025\\\/04\\\/hotta-logo-invoice.png\",\"width\":600,\"height\":411,\"caption\":\"Hotta\"},\"image\":{\"@id\":\"https:\\\/\\\/hotta.eu\\\/lt\\\/#\\\/schema\\\/logo\\\/image\\\/\"},\"sameAs\":[\"https:\\\/\\\/www.facebook.com\\\/hotta.eu\",\"https:\\\/\\\/x.com\\\/hottashop\",\"https:\\\/\\\/www.instagram.com\\\/hotta.shop\"]}]}<\/script>\n<!-- \/ Yoast SEO plugin. -->","yoast_head_json":{"title":"ESPICY Hot Sauce - Hotta","description":"\u012e Estij\u0105 atkeliavo special\u016bs ESPICY pada\u017eai - tiesiai i\u0161 Ispanijos. Jei m\u0117gstate a\u0161triai, nepraleiskite ESPICY pada\u017eo, pagaminto i\u0161 tikr\u0173 raudon\u0173j\u0173 jalape\u00f1os.","robots":{"index":"index","follow":"follow","max-snippet":"max-snippet:-1","max-image-preview":"max-image-preview:large","max-video-preview":"max-video-preview:-1"},"canonical":"https:\/\/hotta.eu\/lt\/shop\/espicy-karstas-padazas\/","og_locale":"lt_LT","og_type":"article","og_title":"ESPICY Hot Sauce - Hotta","og_description":"\u012e Estij\u0105 atkeliavo special\u016bs ESPICY pada\u017eai - tiesiai i\u0161 Ispanijos. Jei m\u0117gstate a\u0161triai, nepraleiskite ESPICY pada\u017eo, pagaminto i\u0161 tikr\u0173 raudon\u0173j\u0173 jalape\u00f1os.","og_url":"https:\/\/hotta.eu\/lt\/shop\/espicy-karstas-padazas\/","og_site_name":"Hotta","article_publisher":"https:\/\/www.facebook.com\/hotta.eu","article_modified_time":"2024-12-27T10:41:39+00:00","og_image":[{"width":720,"height":720,"url":"https:\/\/hotta.eu\/wp-content\/uploads\/2024\/03\/big_espicy_shopify_square_front_720x.jpg","type":"image\/jpeg"}],"twitter_card":"summary_large_image","twitter_site":"@hottashop","schema":{"@context":"https:\/\/schema.org","@graph":[{"@type":"WebPage","@id":"https:\/\/hotta.eu\/lt\/shop\/espicy-karstas-padazas\/","url":"https:\/\/hotta.eu\/lt\/shop\/espicy-karstas-padazas\/","name":"ESPICY Hot Sauce - Hotta","isPartOf":{"@id":"https:\/\/hotta.eu\/lt\/#website"},"primaryImageOfPage":{"@id":"https:\/\/hotta.eu\/lt\/shop\/espicy-karstas-padazas\/#primaryimage"},"image":{"@id":"https:\/\/hotta.eu\/lt\/shop\/espicy-karstas-padazas\/#primaryimage"},"thumbnailUrl":"https:\/\/hotta.eu\/wp-content\/uploads\/2024\/03\/big_espicy_shopify_square_front_720x.jpg","datePublished":"2021-06-29T16:12:46+00:00","dateModified":"2024-12-27T10:41:39+00:00","description":"\u012e Estij\u0105 atkeliavo special\u016bs ESPICY pada\u017eai - tiesiai i\u0161 Ispanijos. Jei m\u0117gstate a\u0161triai, nepraleiskite ESPICY pada\u017eo, pagaminto i\u0161 tikr\u0173 raudon\u0173j\u0173 jalape\u00f1os.","breadcrumb":{"@id":"https:\/\/hotta.eu\/lt\/shop\/espicy-karstas-padazas\/#breadcrumb"},"inLanguage":"lt-LT","potentialAction":[{"@type":"ReadAction","target":["https:\/\/hotta.eu\/lt\/shop\/espicy-karstas-padazas\/"]}]},{"@type":"ImageObject","inLanguage":"lt-LT","@id":"https:\/\/hotta.eu\/lt\/shop\/espicy-karstas-padazas\/#primaryimage","url":"https:\/\/hotta.eu\/wp-content\/uploads\/2024\/03\/big_espicy_shopify_square_front_720x.jpg","contentUrl":"https:\/\/hotta.eu\/wp-content\/uploads\/2024\/03\/big_espicy_shopify_square_front_720x.jpg","width":720,"height":720},{"@type":"BreadcrumbList","@id":"https:\/\/hotta.eu\/lt\/shop\/espicy-karstas-padazas\/#breadcrumb","itemListElement":[{"@type":"ListItem","position":1,"name":"Prad\u017eia","item":"https:\/\/hotta.eu\/lt\/pradzia\/"},{"@type":"ListItem","position":2,"name":"Parduotuv\u0117","item":"https:\/\/hotta.eu\/shop\/"},{"@type":"ListItem","position":3,"name":"ESPICY Hot Sauce"}]},{"@type":"WebSite","@id":"https:\/\/hotta.eu\/lt\/#website","url":"https:\/\/hotta.eu\/lt\/","name":"Hotta","description":"Makes your mouth burn a lotta!","publisher":{"@id":"https:\/\/hotta.eu\/lt\/#organization"},"potentialAction":[{"@type":"SearchAction","target":{"@type":"EntryPoint","urlTemplate":"https:\/\/hotta.eu\/lt\/?s={search_term_string}"},"query-input":{"@type":"PropertyValueSpecification","valueRequired":true,"valueName":"search_term_string"}}],"inLanguage":"lt-LT"},{"@type":"Organization","@id":"https:\/\/hotta.eu\/lt\/#organization","name":"Hotta","url":"https:\/\/hotta.eu\/lt\/","logo":{"@type":"ImageObject","inLanguage":"lt-LT","@id":"https:\/\/hotta.eu\/lt\/#\/schema\/logo\/image\/","url":"https:\/\/hotta.eu\/wp-content\/uploads\/2025\/04\/hotta-logo-invoice.png","contentUrl":"https:\/\/hotta.eu\/wp-content\/uploads\/2025\/04\/hotta-logo-invoice.png","width":600,"height":411,"caption":"Hotta"},"image":{"@id":"https:\/\/hotta.eu\/lt\/#\/schema\/logo\/image\/"},"sameAs":["https:\/\/www.facebook.com\/hotta.eu","https:\/\/x.com\/hottashop","https:\/\/www.instagram.com\/hotta.shop"]}]}},"jetpack_sharing_enabled":true,"_links":{"self":[{"href":"https:\/\/hotta.eu\/lt\/wp-json\/wp\/v2\/product\/19017","targetHints":{"allow":["GET"]}}],"collection":[{"href":"https:\/\/hotta.eu\/lt\/wp-json\/wp\/v2\/product"}],"about":[{"href":"https:\/\/hotta.eu\/lt\/wp-json\/wp\/v2\/types\/product"}],"replies":[{"embeddable":true,"href":"https:\/\/hotta.eu\/lt\/wp-json\/wp\/v2\/comments?post=19017"}],"wp:featuredmedia":[{"embeddable":true,"href":"https:\/\/hotta.eu\/lt\/wp-json\/wp\/v2\/media\/16248"}],"wp:attachment":[{"href":"https:\/\/hotta.eu\/lt\/wp-json\/wp\/v2\/media?parent=19017"}],"wp:term":[{"taxonomy":"product_cat","embeddable":true,"href":"https:\/\/hotta.eu\/lt\/wp-json\/wp\/v2\/product_cat?post=19017"},{"taxonomy":"product_tag","embeddable":true,"href":"https:\/\/hotta.eu\/lt\/wp-json\/wp\/v2\/product_tag?post=19017"},{"taxonomy":"giftcard-category","embeddable":true,"href":"https:\/\/hotta.eu\/lt\/wp-json\/wp\/v2\/giftcard-category?post=19017"}],"curies":[{"name":"wp","href":"https:\/\/api.w.org\/{rel}","templated":true}]}}