{"id":19023,"date":"2021-07-02T22:33:24","date_gmt":"2021-07-02T20:33:24","guid":{"rendered":"https:\/\/hotta.eu\/shop\/traskus-sezamo-misinys\/"},"modified":"2024-12-27T12:41:37","modified_gmt":"2024-12-27T10:41:37","slug":"traskus-sezamo-misinys","status":"publish","type":"product","link":"https:\/\/hotta.eu\/lt\/shop\/traskus-sezamo-misinys\/","title":{"rendered":"Crunchy Sesame Mix"},"content":{"rendered":"<p><strong>Sud\u0117tis<br \/>\n<\/strong>Sezamo s\u0117klos, d\u017eiovinti svog\u016bnai, d\u017eiovinti \u010desnakai, aitriosios paprikos dribsniai, druskos dribsniai, aguonos.<\/p>\n<p><strong>Maistingumo informacija (100 g)<br \/>\n <\/strong>Energin\u0117 vert\u0117 436,8 kcal (1527 kJ), 22 g riebal\u0173, i\u0161 kuri\u0173 3,1 g so\u010di\u0173j\u0173 riebal\u0173 r\u016bg\u0161\u010di\u0173, 45,6 g angliavandeni\u0173, i\u0161 kuri\u0173 3,4 g cukr\u0173, 10,3 g druskos.<\/p>\n<p><strong>Galiojimas ir saugojimas<\/strong><br \/>\nAnt pakuot\u0117s nurodyta galiojimo data taikoma neatidarytam produktui. Produkt\u0105 reikia laikyti sausoje vietoje, atokiau nuo tiesiogini\u0173 saul\u0117s spinduli\u0173.<\/p>\n","protected":false},"excerpt":{"rendered":"<p>Parduodami special\u016bs ESPICY produktai &#8211; tiesiai i\u0161 Ispanijos! Naujausias ESPICY asortimentas, naujausia skonio stiprikl\u0117, suteikianti UMAMI kiekvienam j\u016bs\u0173 maistui, kiekviename etape. Nesvarbu, ar marinuojate, kepate, ar patiekiate savo naujausi\u0105 k\u016brin\u012f. Mink\u0161tiems maisto produktams, pavyzd\u017eiui, avokadams, vinaigretams ir kreminiams pada\u017eams, suteikite subtilaus tra\u0161kumo. Jis taip pat puikiai tinka ant \u017euvies ar ant groteli\u0173 keptos m\u0117sos. Galimybi\u0173 yra begal\u0117. Tr\u016bksta geresnio \u017eod\u017eio VISIEMS!<br \/>\n[ywcwtl_form product_id=\"\"]<\/p>\n","protected":false},"featured_media":16264,"comment_status":"open","ping_status":"closed","template":"","meta":[],"product_cat":[933],"product_tag":[],"giftcard-category":[],"class_list":{"0":"post-19023","1":"product","2":"type-product","3":"status-publish","4":"has-post-thumbnail","6":"product_cat-kita","7":"pa_brand-espicy","9":"first","10":"outofstock","11":"taxable","12":"shipping-taxable","13":"purchasable","14":"product-type-simple"},"yoast_head":"<!-- This site is optimized with the Yoast SEO plugin v27.4 - https:\/\/yoast.com\/product\/yoast-seo-wordpress\/ -->\n<title>Crunchy Sesame Mix - Hotta<\/title>\n<meta name=\"description\" content=\"Naujausias ESPICY asortimentas, naujausia skonio stiprikl\u0117, suteikianti UMAMI kiekvienam j\u016bs\u0173 maistui, kiekviename etape. Nesvarbu, ar marinuojate, kepate, ar patiekiate savo naujausi\u0105 k\u016brin\u012f.\" \/>\n<meta name=\"robots\" content=\"index, follow, max-snippet:-1, max-image-preview:large, max-video-preview:-1\" \/>\n<link rel=\"canonical\" href=\"https:\/\/hotta.eu\/lt\/shop\/traskus-sezamo-misinys\/\" \/>\n<meta property=\"og:locale\" content=\"lt_LT\" \/>\n<meta property=\"og:type\" content=\"article\" \/>\n<meta property=\"og:title\" content=\"Crunchy Sesame Mix - Hotta\" \/>\n<meta property=\"og:description\" content=\"Naujausias ESPICY asortimentas, naujausia skonio stiprikl\u0117, suteikianti UMAMI kiekvienam j\u016bs\u0173 maistui, kiekviename etape. Nesvarbu, ar marinuojate, kepate, ar patiekiate savo naujausi\u0105 k\u016brin\u012f.\" \/>\n<meta property=\"og:url\" content=\"https:\/\/hotta.eu\/lt\/shop\/traskus-sezamo-misinys\/\" \/>\n<meta property=\"og:site_name\" content=\"Hotta\" \/>\n<meta property=\"article:publisher\" content=\"https:\/\/www.facebook.com\/hotta.eu\" \/>\n<meta property=\"article:modified_time\" content=\"2024-12-27T10:41:37+00:00\" \/>\n<meta property=\"og:image\" content=\"https:\/\/hotta.eu\/wp-content\/uploads\/2024\/03\/CRUNCHY_FRONT_720x.jpg\" \/>\n\t<meta property=\"og:image:width\" content=\"720\" \/>\n\t<meta property=\"og:image:height\" content=\"720\" \/>\n\t<meta property=\"og:image:type\" content=\"image\/jpeg\" \/>\n<meta name=\"twitter:card\" content=\"summary_large_image\" \/>\n<meta name=\"twitter:site\" content=\"@hottashop\" \/>\n<script type=\"application\/ld+json\" class=\"yoast-schema-graph\">{\"@context\":\"https:\\\/\\\/schema.org\",\"@graph\":[{\"@type\":\"WebPage\",\"@id\":\"https:\\\/\\\/hotta.eu\\\/lt\\\/shop\\\/traskus-sezamo-misinys\\\/\",\"url\":\"https:\\\/\\\/hotta.eu\\\/lt\\\/shop\\\/traskus-sezamo-misinys\\\/\",\"name\":\"Crunchy Sesame Mix - Hotta\",\"isPartOf\":{\"@id\":\"https:\\\/\\\/hotta.eu\\\/lt\\\/#website\"},\"primaryImageOfPage\":{\"@id\":\"https:\\\/\\\/hotta.eu\\\/lt\\\/shop\\\/traskus-sezamo-misinys\\\/#primaryimage\"},\"image\":{\"@id\":\"https:\\\/\\\/hotta.eu\\\/lt\\\/shop\\\/traskus-sezamo-misinys\\\/#primaryimage\"},\"thumbnailUrl\":\"https:\\\/\\\/hotta.eu\\\/wp-content\\\/uploads\\\/2024\\\/03\\\/CRUNCHY_FRONT_720x.jpg\",\"datePublished\":\"2021-07-02T20:33:24+00:00\",\"dateModified\":\"2024-12-27T10:41:37+00:00\",\"description\":\"Naujausias ESPICY asortimentas, naujausia skonio stiprikl\u0117, suteikianti UMAMI kiekvienam j\u016bs\u0173 maistui, kiekviename etape. Nesvarbu, ar marinuojate, kepate, ar patiekiate savo naujausi\u0105 k\u016brin\u012f.\",\"breadcrumb\":{\"@id\":\"https:\\\/\\\/hotta.eu\\\/lt\\\/shop\\\/traskus-sezamo-misinys\\\/#breadcrumb\"},\"inLanguage\":\"lt-LT\",\"potentialAction\":[{\"@type\":\"ReadAction\",\"target\":[\"https:\\\/\\\/hotta.eu\\\/lt\\\/shop\\\/traskus-sezamo-misinys\\\/\"]}]},{\"@type\":\"ImageObject\",\"inLanguage\":\"lt-LT\",\"@id\":\"https:\\\/\\\/hotta.eu\\\/lt\\\/shop\\\/traskus-sezamo-misinys\\\/#primaryimage\",\"url\":\"https:\\\/\\\/hotta.eu\\\/wp-content\\\/uploads\\\/2024\\\/03\\\/CRUNCHY_FRONT_720x.jpg\",\"contentUrl\":\"https:\\\/\\\/hotta.eu\\\/wp-content\\\/uploads\\\/2024\\\/03\\\/CRUNCHY_FRONT_720x.jpg\",\"width\":720,\"height\":720},{\"@type\":\"BreadcrumbList\",\"@id\":\"https:\\\/\\\/hotta.eu\\\/lt\\\/shop\\\/traskus-sezamo-misinys\\\/#breadcrumb\",\"itemListElement\":[{\"@type\":\"ListItem\",\"position\":1,\"name\":\"Prad\u017eia\",\"item\":\"https:\\\/\\\/hotta.eu\\\/lt\\\/pradzia\\\/\"},{\"@type\":\"ListItem\",\"position\":2,\"name\":\"Parduotuv\u0117\",\"item\":\"https:\\\/\\\/hotta.eu\\\/shop\\\/\"},{\"@type\":\"ListItem\",\"position\":3,\"name\":\"Crunchy Sesame Mix\"}]},{\"@type\":\"WebSite\",\"@id\":\"https:\\\/\\\/hotta.eu\\\/lt\\\/#website\",\"url\":\"https:\\\/\\\/hotta.eu\\\/lt\\\/\",\"name\":\"Hotta\",\"description\":\"Makes your mouth burn a lotta!\",\"publisher\":{\"@id\":\"https:\\\/\\\/hotta.eu\\\/lt\\\/#organization\"},\"potentialAction\":[{\"@type\":\"SearchAction\",\"target\":{\"@type\":\"EntryPoint\",\"urlTemplate\":\"https:\\\/\\\/hotta.eu\\\/lt\\\/?s={search_term_string}\"},\"query-input\":{\"@type\":\"PropertyValueSpecification\",\"valueRequired\":true,\"valueName\":\"search_term_string\"}}],\"inLanguage\":\"lt-LT\"},{\"@type\":\"Organization\",\"@id\":\"https:\\\/\\\/hotta.eu\\\/lt\\\/#organization\",\"name\":\"Hotta\",\"url\":\"https:\\\/\\\/hotta.eu\\\/lt\\\/\",\"logo\":{\"@type\":\"ImageObject\",\"inLanguage\":\"lt-LT\",\"@id\":\"https:\\\/\\\/hotta.eu\\\/lt\\\/#\\\/schema\\\/logo\\\/image\\\/\",\"url\":\"https:\\\/\\\/hotta.eu\\\/wp-content\\\/uploads\\\/2025\\\/04\\\/hotta-logo-invoice.png\",\"contentUrl\":\"https:\\\/\\\/hotta.eu\\\/wp-content\\\/uploads\\\/2025\\\/04\\\/hotta-logo-invoice.png\",\"width\":600,\"height\":411,\"caption\":\"Hotta\"},\"image\":{\"@id\":\"https:\\\/\\\/hotta.eu\\\/lt\\\/#\\\/schema\\\/logo\\\/image\\\/\"},\"sameAs\":[\"https:\\\/\\\/www.facebook.com\\\/hotta.eu\",\"https:\\\/\\\/x.com\\\/hottashop\",\"https:\\\/\\\/www.instagram.com\\\/hotta.shop\"]}]}<\/script>\n<!-- \/ Yoast SEO plugin. -->","yoast_head_json":{"title":"Crunchy Sesame Mix - Hotta","description":"Naujausias ESPICY asortimentas, naujausia skonio stiprikl\u0117, suteikianti UMAMI kiekvienam j\u016bs\u0173 maistui, kiekviename etape. Nesvarbu, ar marinuojate, kepate, ar patiekiate savo naujausi\u0105 k\u016brin\u012f.","robots":{"index":"index","follow":"follow","max-snippet":"max-snippet:-1","max-image-preview":"max-image-preview:large","max-video-preview":"max-video-preview:-1"},"canonical":"https:\/\/hotta.eu\/lt\/shop\/traskus-sezamo-misinys\/","og_locale":"lt_LT","og_type":"article","og_title":"Crunchy Sesame Mix - Hotta","og_description":"Naujausias ESPICY asortimentas, naujausia skonio stiprikl\u0117, suteikianti UMAMI kiekvienam j\u016bs\u0173 maistui, kiekviename etape. Nesvarbu, ar marinuojate, kepate, ar patiekiate savo naujausi\u0105 k\u016brin\u012f.","og_url":"https:\/\/hotta.eu\/lt\/shop\/traskus-sezamo-misinys\/","og_site_name":"Hotta","article_publisher":"https:\/\/www.facebook.com\/hotta.eu","article_modified_time":"2024-12-27T10:41:37+00:00","og_image":[{"width":720,"height":720,"url":"https:\/\/hotta.eu\/wp-content\/uploads\/2024\/03\/CRUNCHY_FRONT_720x.jpg","type":"image\/jpeg"}],"twitter_card":"summary_large_image","twitter_site":"@hottashop","schema":{"@context":"https:\/\/schema.org","@graph":[{"@type":"WebPage","@id":"https:\/\/hotta.eu\/lt\/shop\/traskus-sezamo-misinys\/","url":"https:\/\/hotta.eu\/lt\/shop\/traskus-sezamo-misinys\/","name":"Crunchy Sesame Mix - Hotta","isPartOf":{"@id":"https:\/\/hotta.eu\/lt\/#website"},"primaryImageOfPage":{"@id":"https:\/\/hotta.eu\/lt\/shop\/traskus-sezamo-misinys\/#primaryimage"},"image":{"@id":"https:\/\/hotta.eu\/lt\/shop\/traskus-sezamo-misinys\/#primaryimage"},"thumbnailUrl":"https:\/\/hotta.eu\/wp-content\/uploads\/2024\/03\/CRUNCHY_FRONT_720x.jpg","datePublished":"2021-07-02T20:33:24+00:00","dateModified":"2024-12-27T10:41:37+00:00","description":"Naujausias ESPICY asortimentas, naujausia skonio stiprikl\u0117, suteikianti UMAMI kiekvienam j\u016bs\u0173 maistui, kiekviename etape. Nesvarbu, ar marinuojate, kepate, ar patiekiate savo naujausi\u0105 k\u016brin\u012f.","breadcrumb":{"@id":"https:\/\/hotta.eu\/lt\/shop\/traskus-sezamo-misinys\/#breadcrumb"},"inLanguage":"lt-LT","potentialAction":[{"@type":"ReadAction","target":["https:\/\/hotta.eu\/lt\/shop\/traskus-sezamo-misinys\/"]}]},{"@type":"ImageObject","inLanguage":"lt-LT","@id":"https:\/\/hotta.eu\/lt\/shop\/traskus-sezamo-misinys\/#primaryimage","url":"https:\/\/hotta.eu\/wp-content\/uploads\/2024\/03\/CRUNCHY_FRONT_720x.jpg","contentUrl":"https:\/\/hotta.eu\/wp-content\/uploads\/2024\/03\/CRUNCHY_FRONT_720x.jpg","width":720,"height":720},{"@type":"BreadcrumbList","@id":"https:\/\/hotta.eu\/lt\/shop\/traskus-sezamo-misinys\/#breadcrumb","itemListElement":[{"@type":"ListItem","position":1,"name":"Prad\u017eia","item":"https:\/\/hotta.eu\/lt\/pradzia\/"},{"@type":"ListItem","position":2,"name":"Parduotuv\u0117","item":"https:\/\/hotta.eu\/shop\/"},{"@type":"ListItem","position":3,"name":"Crunchy Sesame Mix"}]},{"@type":"WebSite","@id":"https:\/\/hotta.eu\/lt\/#website","url":"https:\/\/hotta.eu\/lt\/","name":"Hotta","description":"Makes your mouth burn a lotta!","publisher":{"@id":"https:\/\/hotta.eu\/lt\/#organization"},"potentialAction":[{"@type":"SearchAction","target":{"@type":"EntryPoint","urlTemplate":"https:\/\/hotta.eu\/lt\/?s={search_term_string}"},"query-input":{"@type":"PropertyValueSpecification","valueRequired":true,"valueName":"search_term_string"}}],"inLanguage":"lt-LT"},{"@type":"Organization","@id":"https:\/\/hotta.eu\/lt\/#organization","name":"Hotta","url":"https:\/\/hotta.eu\/lt\/","logo":{"@type":"ImageObject","inLanguage":"lt-LT","@id":"https:\/\/hotta.eu\/lt\/#\/schema\/logo\/image\/","url":"https:\/\/hotta.eu\/wp-content\/uploads\/2025\/04\/hotta-logo-invoice.png","contentUrl":"https:\/\/hotta.eu\/wp-content\/uploads\/2025\/04\/hotta-logo-invoice.png","width":600,"height":411,"caption":"Hotta"},"image":{"@id":"https:\/\/hotta.eu\/lt\/#\/schema\/logo\/image\/"},"sameAs":["https:\/\/www.facebook.com\/hotta.eu","https:\/\/x.com\/hottashop","https:\/\/www.instagram.com\/hotta.shop"]}]}},"jetpack_sharing_enabled":true,"_links":{"self":[{"href":"https:\/\/hotta.eu\/lt\/wp-json\/wp\/v2\/product\/19023","targetHints":{"allow":["GET"]}}],"collection":[{"href":"https:\/\/hotta.eu\/lt\/wp-json\/wp\/v2\/product"}],"about":[{"href":"https:\/\/hotta.eu\/lt\/wp-json\/wp\/v2\/types\/product"}],"replies":[{"embeddable":true,"href":"https:\/\/hotta.eu\/lt\/wp-json\/wp\/v2\/comments?post=19023"}],"wp:featuredmedia":[{"embeddable":true,"href":"https:\/\/hotta.eu\/lt\/wp-json\/wp\/v2\/media\/16264"}],"wp:attachment":[{"href":"https:\/\/hotta.eu\/lt\/wp-json\/wp\/v2\/media?parent=19023"}],"wp:term":[{"taxonomy":"product_cat","embeddable":true,"href":"https:\/\/hotta.eu\/lt\/wp-json\/wp\/v2\/product_cat?post=19023"},{"taxonomy":"product_tag","embeddable":true,"href":"https:\/\/hotta.eu\/lt\/wp-json\/wp\/v2\/product_tag?post=19023"},{"taxonomy":"giftcard-category","embeddable":true,"href":"https:\/\/hotta.eu\/lt\/wp-json\/wp\/v2\/giftcard-category?post=19023"}],"curies":[{"name":"wp","href":"https:\/\/api.w.org\/{rel}","templated":true}]}}