{"id":19024,"date":"2021-07-02T22:12:59","date_gmt":"2021-07-02T20:12:59","guid":{"rendered":"https:\/\/hotta.eu\/shop\/astrus-kecupas\/"},"modified":"2024-12-27T12:41:38","modified_gmt":"2024-12-27T10:41:38","slug":"astrus-kecupas","status":"publish","type":"product","link":"https:\/\/hotta.eu\/lt\/shop\/astrus-kecupas\/","title":{"rendered":"Spicy Ketchup"},"content":{"rendered":"<p><strong>Sud\u0117tis<br \/>\n<\/strong>Pomidorai, pomidor\u0173 koncentratas, gliukoz\u0117s ir fruktoz\u0117s sirupas, acto r\u016bg\u0161tis, cukrus, ESPICY (raudonasis jalape\u00f1o, morkos, cukrus, apelsinas, \u010desnakas, acto r\u016bg\u0161tis), stabilizatorius (E-440i), kvapioji med\u017eiaga, konservantai (E-211, E202).<\/p>\n<div class=\"tableheader\"><strong>Maistin\u0117 vert\u0117 (100 g)<\/strong><\/div>\n<div>Energin\u0117 vert\u0117 473 kcal (1946 kJ), riebal\u0173 49,5 g, i\u0161 j\u0173 so\u010di\u0173j\u0173 riebal\u0173 r\u016bg\u0161\u010di\u0173 3,4 g, angliavandeni\u0173 5,8 g, i\u0161 j\u0173 cukr\u0173 2,6 g, druskos 1,7 g.<\/div>\n<p><strong>Galiojimas ir saugojimas<\/strong><br \/>\nAnt buteliuko nurodyta galiojimo data galioja neatidarytam produktui. Atidaryt\u0105 produkt\u0105 reikia laikyti \u0161aldytuve.<\/p>\n","protected":false},"excerpt":{"rendered":"<p>Parduodami special\u016bs ESPICY pada\u017eai tiesiai i\u0161 Ispanijos! Puikus prieskonis ir neprilygstamas ke\u010dupo skonis. Kas geriau u\u017e ke\u010dup\u0105? A\u0160TRUS KE\u010cUPAS! Tai geriau nei pada\u017eas, tai slaptas ingredientas, kurio tr\u016bko visuose j\u016bs\u0173 patiekaluose! I\u0161bandykite j\u012f su bulv\u0117mis, m\u0117sainiais, de\u0161rel\u0117mis, m\u0117sa, krevet\u0117mis, sumu\u0161tiniais, kiau\u0161iniais ir daugeliu kit\u0173 patiekal\u0173!<br \/>\n[ywcwtl_form product_id=\"\"]<\/p>\n","protected":false},"featured_media":16256,"comment_status":"open","ping_status":"closed","template":"","meta":[],"product_cat":[917,925],"product_tag":[],"giftcard-category":[],"class_list":{"0":"post-19024","1":"product","2":"type-product","3":"status-publish","4":"has-post-thumbnail","6":"product_cat-padazai","7":"product_cat-svelnuus","8":"pa_brand-espicy","10":"first","11":"outofstock","12":"taxable","13":"shipping-taxable","14":"purchasable","15":"product-type-simple"},"yoast_head":"<!-- This site is optimized with the Yoast SEO plugin v27.3 - https:\/\/yoast.com\/product\/yoast-seo-wordpress\/ -->\n<title>Spicy Ketchup - Hotta<\/title>\n<meta name=\"description\" content=\"\u012e Estij\u0105 atkeliavo special\u016bs ESPICY pada\u017eai - tiesiai i\u0161 Ispanijos. Jei m\u0117gstate a\u0161triai, nepraleiskite ESPICY pada\u017eo, pagaminto i\u0161 tikr\u0173 raudon\u0173j\u0173 jalape\u00f1os.\" \/>\n<meta name=\"robots\" content=\"index, follow, max-snippet:-1, max-image-preview:large, max-video-preview:-1\" \/>\n<link rel=\"canonical\" href=\"https:\/\/hotta.eu\/lt\/shop\/astrus-kecupas\/\" \/>\n<meta property=\"og:locale\" content=\"lt_LT\" \/>\n<meta property=\"og:type\" content=\"article\" \/>\n<meta property=\"og:title\" content=\"Spicy Ketchup - Hotta\" \/>\n<meta property=\"og:description\" content=\"\u012e Estij\u0105 atkeliavo special\u016bs ESPICY pada\u017eai - tiesiai i\u0161 Ispanijos. Jei m\u0117gstate a\u0161triai, nepraleiskite ESPICY pada\u017eo, pagaminto i\u0161 tikr\u0173 raudon\u0173j\u0173 jalape\u00f1os.\" \/>\n<meta property=\"og:url\" content=\"https:\/\/hotta.eu\/lt\/shop\/astrus-kecupas\/\" \/>\n<meta property=\"og:site_name\" content=\"Hotta\" \/>\n<meta property=\"article:publisher\" content=\"https:\/\/www.facebook.com\/hotta.eu\" \/>\n<meta property=\"article:modified_time\" content=\"2024-12-27T10:41:38+00:00\" \/>\n<meta property=\"og:image\" content=\"https:\/\/hotta.eu\/wp-content\/uploads\/2024\/03\/big_ketchup_shopify_square_front_720x.png\" \/>\n\t<meta property=\"og:image:width\" content=\"720\" \/>\n\t<meta property=\"og:image:height\" content=\"720\" \/>\n\t<meta property=\"og:image:type\" content=\"image\/png\" \/>\n<meta name=\"twitter:card\" content=\"summary_large_image\" \/>\n<meta name=\"twitter:site\" content=\"@hottashop\" \/>\n<script type=\"application\/ld+json\" class=\"yoast-schema-graph\">{\"@context\":\"https:\\\/\\\/schema.org\",\"@graph\":[{\"@type\":\"WebPage\",\"@id\":\"https:\\\/\\\/hotta.eu\\\/lt\\\/shop\\\/astrus-kecupas\\\/\",\"url\":\"https:\\\/\\\/hotta.eu\\\/lt\\\/shop\\\/astrus-kecupas\\\/\",\"name\":\"Spicy Ketchup - Hotta\",\"isPartOf\":{\"@id\":\"https:\\\/\\\/hotta.eu\\\/lt\\\/#website\"},\"primaryImageOfPage\":{\"@id\":\"https:\\\/\\\/hotta.eu\\\/lt\\\/shop\\\/astrus-kecupas\\\/#primaryimage\"},\"image\":{\"@id\":\"https:\\\/\\\/hotta.eu\\\/lt\\\/shop\\\/astrus-kecupas\\\/#primaryimage\"},\"thumbnailUrl\":\"https:\\\/\\\/hotta.eu\\\/wp-content\\\/uploads\\\/2024\\\/03\\\/big_ketchup_shopify_square_front_720x.png\",\"datePublished\":\"2021-07-02T20:12:59+00:00\",\"dateModified\":\"2024-12-27T10:41:38+00:00\",\"description\":\"\u012e Estij\u0105 atkeliavo special\u016bs ESPICY pada\u017eai - tiesiai i\u0161 Ispanijos. Jei m\u0117gstate a\u0161triai, nepraleiskite ESPICY pada\u017eo, pagaminto i\u0161 tikr\u0173 raudon\u0173j\u0173 jalape\u00f1os.\",\"breadcrumb\":{\"@id\":\"https:\\\/\\\/hotta.eu\\\/lt\\\/shop\\\/astrus-kecupas\\\/#breadcrumb\"},\"inLanguage\":\"lt-LT\",\"potentialAction\":[{\"@type\":\"ReadAction\",\"target\":[\"https:\\\/\\\/hotta.eu\\\/lt\\\/shop\\\/astrus-kecupas\\\/\"]}]},{\"@type\":\"ImageObject\",\"inLanguage\":\"lt-LT\",\"@id\":\"https:\\\/\\\/hotta.eu\\\/lt\\\/shop\\\/astrus-kecupas\\\/#primaryimage\",\"url\":\"https:\\\/\\\/hotta.eu\\\/wp-content\\\/uploads\\\/2024\\\/03\\\/big_ketchup_shopify_square_front_720x.png\",\"contentUrl\":\"https:\\\/\\\/hotta.eu\\\/wp-content\\\/uploads\\\/2024\\\/03\\\/big_ketchup_shopify_square_front_720x.png\",\"width\":720,\"height\":720},{\"@type\":\"BreadcrumbList\",\"@id\":\"https:\\\/\\\/hotta.eu\\\/lt\\\/shop\\\/astrus-kecupas\\\/#breadcrumb\",\"itemListElement\":[{\"@type\":\"ListItem\",\"position\":1,\"name\":\"Prad\u017eia\",\"item\":\"https:\\\/\\\/hotta.eu\\\/lt\\\/pradzia\\\/\"},{\"@type\":\"ListItem\",\"position\":2,\"name\":\"Parduotuv\u0117\",\"item\":\"https:\\\/\\\/hotta.eu\\\/shop\\\/\"},{\"@type\":\"ListItem\",\"position\":3,\"name\":\"Spicy Ketchup\"}]},{\"@type\":\"WebSite\",\"@id\":\"https:\\\/\\\/hotta.eu\\\/lt\\\/#website\",\"url\":\"https:\\\/\\\/hotta.eu\\\/lt\\\/\",\"name\":\"Hotta\",\"description\":\"Makes your mouth burn a lotta!\",\"publisher\":{\"@id\":\"https:\\\/\\\/hotta.eu\\\/lt\\\/#organization\"},\"potentialAction\":[{\"@type\":\"SearchAction\",\"target\":{\"@type\":\"EntryPoint\",\"urlTemplate\":\"https:\\\/\\\/hotta.eu\\\/lt\\\/?s={search_term_string}\"},\"query-input\":{\"@type\":\"PropertyValueSpecification\",\"valueRequired\":true,\"valueName\":\"search_term_string\"}}],\"inLanguage\":\"lt-LT\"},{\"@type\":\"Organization\",\"@id\":\"https:\\\/\\\/hotta.eu\\\/lt\\\/#organization\",\"name\":\"Hotta\",\"url\":\"https:\\\/\\\/hotta.eu\\\/lt\\\/\",\"logo\":{\"@type\":\"ImageObject\",\"inLanguage\":\"lt-LT\",\"@id\":\"https:\\\/\\\/hotta.eu\\\/lt\\\/#\\\/schema\\\/logo\\\/image\\\/\",\"url\":\"https:\\\/\\\/hotta.eu\\\/wp-content\\\/uploads\\\/2025\\\/04\\\/hotta-logo-invoice.png\",\"contentUrl\":\"https:\\\/\\\/hotta.eu\\\/wp-content\\\/uploads\\\/2025\\\/04\\\/hotta-logo-invoice.png\",\"width\":600,\"height\":411,\"caption\":\"Hotta\"},\"image\":{\"@id\":\"https:\\\/\\\/hotta.eu\\\/lt\\\/#\\\/schema\\\/logo\\\/image\\\/\"},\"sameAs\":[\"https:\\\/\\\/www.facebook.com\\\/hotta.eu\",\"https:\\\/\\\/x.com\\\/hottashop\",\"https:\\\/\\\/www.instagram.com\\\/hotta.shop\"]}]}<\/script>\n<!-- \/ Yoast SEO plugin. -->","yoast_head_json":{"title":"Spicy Ketchup - Hotta","description":"\u012e Estij\u0105 atkeliavo special\u016bs ESPICY pada\u017eai - tiesiai i\u0161 Ispanijos. Jei m\u0117gstate a\u0161triai, nepraleiskite ESPICY pada\u017eo, pagaminto i\u0161 tikr\u0173 raudon\u0173j\u0173 jalape\u00f1os.","robots":{"index":"index","follow":"follow","max-snippet":"max-snippet:-1","max-image-preview":"max-image-preview:large","max-video-preview":"max-video-preview:-1"},"canonical":"https:\/\/hotta.eu\/lt\/shop\/astrus-kecupas\/","og_locale":"lt_LT","og_type":"article","og_title":"Spicy Ketchup - Hotta","og_description":"\u012e Estij\u0105 atkeliavo special\u016bs ESPICY pada\u017eai - tiesiai i\u0161 Ispanijos. Jei m\u0117gstate a\u0161triai, nepraleiskite ESPICY pada\u017eo, pagaminto i\u0161 tikr\u0173 raudon\u0173j\u0173 jalape\u00f1os.","og_url":"https:\/\/hotta.eu\/lt\/shop\/astrus-kecupas\/","og_site_name":"Hotta","article_publisher":"https:\/\/www.facebook.com\/hotta.eu","article_modified_time":"2024-12-27T10:41:38+00:00","og_image":[{"width":720,"height":720,"url":"https:\/\/hotta.eu\/wp-content\/uploads\/2024\/03\/big_ketchup_shopify_square_front_720x.png","type":"image\/png"}],"twitter_card":"summary_large_image","twitter_site":"@hottashop","schema":{"@context":"https:\/\/schema.org","@graph":[{"@type":"WebPage","@id":"https:\/\/hotta.eu\/lt\/shop\/astrus-kecupas\/","url":"https:\/\/hotta.eu\/lt\/shop\/astrus-kecupas\/","name":"Spicy Ketchup - Hotta","isPartOf":{"@id":"https:\/\/hotta.eu\/lt\/#website"},"primaryImageOfPage":{"@id":"https:\/\/hotta.eu\/lt\/shop\/astrus-kecupas\/#primaryimage"},"image":{"@id":"https:\/\/hotta.eu\/lt\/shop\/astrus-kecupas\/#primaryimage"},"thumbnailUrl":"https:\/\/hotta.eu\/wp-content\/uploads\/2024\/03\/big_ketchup_shopify_square_front_720x.png","datePublished":"2021-07-02T20:12:59+00:00","dateModified":"2024-12-27T10:41:38+00:00","description":"\u012e Estij\u0105 atkeliavo special\u016bs ESPICY pada\u017eai - tiesiai i\u0161 Ispanijos. Jei m\u0117gstate a\u0161triai, nepraleiskite ESPICY pada\u017eo, pagaminto i\u0161 tikr\u0173 raudon\u0173j\u0173 jalape\u00f1os.","breadcrumb":{"@id":"https:\/\/hotta.eu\/lt\/shop\/astrus-kecupas\/#breadcrumb"},"inLanguage":"lt-LT","potentialAction":[{"@type":"ReadAction","target":["https:\/\/hotta.eu\/lt\/shop\/astrus-kecupas\/"]}]},{"@type":"ImageObject","inLanguage":"lt-LT","@id":"https:\/\/hotta.eu\/lt\/shop\/astrus-kecupas\/#primaryimage","url":"https:\/\/hotta.eu\/wp-content\/uploads\/2024\/03\/big_ketchup_shopify_square_front_720x.png","contentUrl":"https:\/\/hotta.eu\/wp-content\/uploads\/2024\/03\/big_ketchup_shopify_square_front_720x.png","width":720,"height":720},{"@type":"BreadcrumbList","@id":"https:\/\/hotta.eu\/lt\/shop\/astrus-kecupas\/#breadcrumb","itemListElement":[{"@type":"ListItem","position":1,"name":"Prad\u017eia","item":"https:\/\/hotta.eu\/lt\/pradzia\/"},{"@type":"ListItem","position":2,"name":"Parduotuv\u0117","item":"https:\/\/hotta.eu\/shop\/"},{"@type":"ListItem","position":3,"name":"Spicy Ketchup"}]},{"@type":"WebSite","@id":"https:\/\/hotta.eu\/lt\/#website","url":"https:\/\/hotta.eu\/lt\/","name":"Hotta","description":"Makes your mouth burn a lotta!","publisher":{"@id":"https:\/\/hotta.eu\/lt\/#organization"},"potentialAction":[{"@type":"SearchAction","target":{"@type":"EntryPoint","urlTemplate":"https:\/\/hotta.eu\/lt\/?s={search_term_string}"},"query-input":{"@type":"PropertyValueSpecification","valueRequired":true,"valueName":"search_term_string"}}],"inLanguage":"lt-LT"},{"@type":"Organization","@id":"https:\/\/hotta.eu\/lt\/#organization","name":"Hotta","url":"https:\/\/hotta.eu\/lt\/","logo":{"@type":"ImageObject","inLanguage":"lt-LT","@id":"https:\/\/hotta.eu\/lt\/#\/schema\/logo\/image\/","url":"https:\/\/hotta.eu\/wp-content\/uploads\/2025\/04\/hotta-logo-invoice.png","contentUrl":"https:\/\/hotta.eu\/wp-content\/uploads\/2025\/04\/hotta-logo-invoice.png","width":600,"height":411,"caption":"Hotta"},"image":{"@id":"https:\/\/hotta.eu\/lt\/#\/schema\/logo\/image\/"},"sameAs":["https:\/\/www.facebook.com\/hotta.eu","https:\/\/x.com\/hottashop","https:\/\/www.instagram.com\/hotta.shop"]}]}},"jetpack_sharing_enabled":true,"_links":{"self":[{"href":"https:\/\/hotta.eu\/lt\/wp-json\/wp\/v2\/product\/19024","targetHints":{"allow":["GET"]}}],"collection":[{"href":"https:\/\/hotta.eu\/lt\/wp-json\/wp\/v2\/product"}],"about":[{"href":"https:\/\/hotta.eu\/lt\/wp-json\/wp\/v2\/types\/product"}],"replies":[{"embeddable":true,"href":"https:\/\/hotta.eu\/lt\/wp-json\/wp\/v2\/comments?post=19024"}],"wp:featuredmedia":[{"embeddable":true,"href":"https:\/\/hotta.eu\/lt\/wp-json\/wp\/v2\/media\/16256"}],"wp:attachment":[{"href":"https:\/\/hotta.eu\/lt\/wp-json\/wp\/v2\/media?parent=19024"}],"wp:term":[{"taxonomy":"product_cat","embeddable":true,"href":"https:\/\/hotta.eu\/lt\/wp-json\/wp\/v2\/product_cat?post=19024"},{"taxonomy":"product_tag","embeddable":true,"href":"https:\/\/hotta.eu\/lt\/wp-json\/wp\/v2\/product_tag?post=19024"},{"taxonomy":"giftcard-category","embeddable":true,"href":"https:\/\/hotta.eu\/lt\/wp-json\/wp\/v2\/giftcard-category?post=19024"}],"curies":[{"name":"wp","href":"https:\/\/api.w.org\/{rel}","templated":true}]}}