{"id":19026,"date":"2021-07-02T22:45:47","date_gmt":"2021-07-02T20:45:47","guid":{"rendered":"https:\/\/hotta.eu\/shop\/duminiai-purvini-pirstai\/"},"modified":"2024-12-27T12:41:37","modified_gmt":"2024-12-27T10:41:37","slug":"duminiai-purvini-pirstai","status":"publish","type":"product","link":"https:\/\/hotta.eu\/lt\/shop\/duminiai-purvini-pirstai\/","title":{"rendered":"Smoky Dirty Fingers"},"content":{"rendered":"<p><strong>Sud\u0117tis<br \/>\n<\/strong>Paprika, morkos, pomidorai, svog\u016bnai, druska, cukrus, \u010desnakai, aitriosios paprikos, pipirai ir prieskoniai.<\/p>\n<p><strong>Maistingumo informacija (100 g)<br \/>\n<\/strong> Energin\u0117 vert\u0117 314 kcal (1314 kJ), riebal\u0173 31,1 g, i\u0161 j\u0173 so\u010di\u0173j\u0173 riebal\u0173 r\u016bg\u0161\u010di\u0173 0,5 g, angliavandeni\u0173 63,6 g, i\u0161 j\u0173 cukr\u0173 25,7 g, druskos 8,37 g.<\/p>\n<p><strong>Galiojimas ir saugojimas<\/strong><br \/>\nAnt pakuot\u0117s nurodyta galiojimo data taikoma neatidarytam produktui. Produkt\u0105 reikia laikyti sausoje vietoje, atokiau nuo tiesiogini\u0173 saul\u0117s spinduli\u0173.<\/p>\n","protected":false},"excerpt":{"rendered":"<p>Parduodami special\u016bs ESPICY pada\u017eai tiesiai i\u0161 Ispanijos! Naujausias ESPICY produkt\u0173 asortimentas, naujas skonio stipriklis, leid\u017eiantis UMAMI papildyti kiekvien\u0105 patiekal\u0105, kiekviename etape. Nesvarbu, ar marinuojate, kepate, ar patiekiate savo naujausi\u0105 k\u016brin\u012f. Suteikite savo patiekalams d\u016bmo, saldaus, ry\u0161kaus ir a\u0161traus skonio! I\u0161bandykite su vi\u0161tiena, kiauliena, jautiena, \u017euvimi, bulv\u0117mis, popkornais.<br \/>\n[ywcwtl_form product_id=\"\"]<\/p>\n","protected":false},"featured_media":16268,"comment_status":"open","ping_status":"closed","template":"","meta":[],"product_cat":[933],"product_tag":[],"giftcard-category":[],"class_list":{"0":"post-19026","1":"product","2":"type-product","3":"status-publish","4":"has-post-thumbnail","6":"product_cat-kita","7":"pa_brand-espicy","9":"first","10":"outofstock","11":"taxable","12":"shipping-taxable","13":"purchasable","14":"product-type-simple"},"yoast_head":"<!-- This site is optimized with the Yoast SEO plugin v27.4 - https:\/\/yoast.com\/product\/yoast-seo-wordpress\/ -->\n<title>Smoky Dirty Fingers - Hotta<\/title>\n<meta name=\"description\" content=\"Naujausias ESPICY produkt\u0173 asortimentas, naujas skonio stipriklis, leid\u017eiantis UMAMI papildyti kiekvien\u0105 patiekal\u0105, kiekviename etape. Nesvarbu, ar marinuojate, kepate, ar patiekiate savo naujausi\u0105 k\u016brin\u012f.\" \/>\n<meta name=\"robots\" content=\"index, follow, max-snippet:-1, max-image-preview:large, max-video-preview:-1\" \/>\n<link rel=\"canonical\" href=\"https:\/\/hotta.eu\/lt\/shop\/duminiai-purvini-pirstai\/\" \/>\n<meta property=\"og:locale\" content=\"lt_LT\" \/>\n<meta property=\"og:type\" content=\"article\" \/>\n<meta property=\"og:title\" content=\"Smoky Dirty Fingers - Hotta\" \/>\n<meta property=\"og:description\" content=\"Naujausias ESPICY produkt\u0173 asortimentas, naujas skonio stipriklis, leid\u017eiantis UMAMI papildyti kiekvien\u0105 patiekal\u0105, kiekviename etape. Nesvarbu, ar marinuojate, kepate, ar patiekiate savo naujausi\u0105 k\u016brin\u012f.\" \/>\n<meta property=\"og:url\" content=\"https:\/\/hotta.eu\/lt\/shop\/duminiai-purvini-pirstai\/\" \/>\n<meta property=\"og:site_name\" content=\"Hotta\" \/>\n<meta property=\"article:publisher\" content=\"https:\/\/www.facebook.com\/hotta.eu\" \/>\n<meta property=\"article:modified_time\" content=\"2024-12-27T10:41:37+00:00\" \/>\n<meta property=\"og:image\" content=\"https:\/\/hotta.eu\/wp-content\/uploads\/2024\/03\/SMOKY_FRONT_720x.jpg\" \/>\n\t<meta property=\"og:image:width\" content=\"720\" \/>\n\t<meta property=\"og:image:height\" content=\"720\" \/>\n\t<meta property=\"og:image:type\" content=\"image\/jpeg\" \/>\n<meta name=\"twitter:card\" content=\"summary_large_image\" \/>\n<meta name=\"twitter:site\" content=\"@hottashop\" \/>\n<script type=\"application\/ld+json\" class=\"yoast-schema-graph\">{\"@context\":\"https:\\\/\\\/schema.org\",\"@graph\":[{\"@type\":\"WebPage\",\"@id\":\"https:\\\/\\\/hotta.eu\\\/lt\\\/shop\\\/duminiai-purvini-pirstai\\\/\",\"url\":\"https:\\\/\\\/hotta.eu\\\/lt\\\/shop\\\/duminiai-purvini-pirstai\\\/\",\"name\":\"Smoky Dirty Fingers - Hotta\",\"isPartOf\":{\"@id\":\"https:\\\/\\\/hotta.eu\\\/lt\\\/#website\"},\"primaryImageOfPage\":{\"@id\":\"https:\\\/\\\/hotta.eu\\\/lt\\\/shop\\\/duminiai-purvini-pirstai\\\/#primaryimage\"},\"image\":{\"@id\":\"https:\\\/\\\/hotta.eu\\\/lt\\\/shop\\\/duminiai-purvini-pirstai\\\/#primaryimage\"},\"thumbnailUrl\":\"https:\\\/\\\/hotta.eu\\\/wp-content\\\/uploads\\\/2024\\\/03\\\/SMOKY_FRONT_720x.jpg\",\"datePublished\":\"2021-07-02T20:45:47+00:00\",\"dateModified\":\"2024-12-27T10:41:37+00:00\",\"description\":\"Naujausias ESPICY produkt\u0173 asortimentas, naujas skonio stipriklis, leid\u017eiantis UMAMI papildyti kiekvien\u0105 patiekal\u0105, kiekviename etape. Nesvarbu, ar marinuojate, kepate, ar patiekiate savo naujausi\u0105 k\u016brin\u012f.\",\"breadcrumb\":{\"@id\":\"https:\\\/\\\/hotta.eu\\\/lt\\\/shop\\\/duminiai-purvini-pirstai\\\/#breadcrumb\"},\"inLanguage\":\"lt-LT\",\"potentialAction\":[{\"@type\":\"ReadAction\",\"target\":[\"https:\\\/\\\/hotta.eu\\\/lt\\\/shop\\\/duminiai-purvini-pirstai\\\/\"]}]},{\"@type\":\"ImageObject\",\"inLanguage\":\"lt-LT\",\"@id\":\"https:\\\/\\\/hotta.eu\\\/lt\\\/shop\\\/duminiai-purvini-pirstai\\\/#primaryimage\",\"url\":\"https:\\\/\\\/hotta.eu\\\/wp-content\\\/uploads\\\/2024\\\/03\\\/SMOKY_FRONT_720x.jpg\",\"contentUrl\":\"https:\\\/\\\/hotta.eu\\\/wp-content\\\/uploads\\\/2024\\\/03\\\/SMOKY_FRONT_720x.jpg\",\"width\":720,\"height\":720},{\"@type\":\"BreadcrumbList\",\"@id\":\"https:\\\/\\\/hotta.eu\\\/lt\\\/shop\\\/duminiai-purvini-pirstai\\\/#breadcrumb\",\"itemListElement\":[{\"@type\":\"ListItem\",\"position\":1,\"name\":\"Prad\u017eia\",\"item\":\"https:\\\/\\\/hotta.eu\\\/lt\\\/pradzia\\\/\"},{\"@type\":\"ListItem\",\"position\":2,\"name\":\"Parduotuv\u0117\",\"item\":\"https:\\\/\\\/hotta.eu\\\/shop\\\/\"},{\"@type\":\"ListItem\",\"position\":3,\"name\":\"Smoky Dirty Fingers\"}]},{\"@type\":\"WebSite\",\"@id\":\"https:\\\/\\\/hotta.eu\\\/lt\\\/#website\",\"url\":\"https:\\\/\\\/hotta.eu\\\/lt\\\/\",\"name\":\"Hotta\",\"description\":\"Makes your mouth burn a lotta!\",\"publisher\":{\"@id\":\"https:\\\/\\\/hotta.eu\\\/lt\\\/#organization\"},\"potentialAction\":[{\"@type\":\"SearchAction\",\"target\":{\"@type\":\"EntryPoint\",\"urlTemplate\":\"https:\\\/\\\/hotta.eu\\\/lt\\\/?s={search_term_string}\"},\"query-input\":{\"@type\":\"PropertyValueSpecification\",\"valueRequired\":true,\"valueName\":\"search_term_string\"}}],\"inLanguage\":\"lt-LT\"},{\"@type\":\"Organization\",\"@id\":\"https:\\\/\\\/hotta.eu\\\/lt\\\/#organization\",\"name\":\"Hotta\",\"url\":\"https:\\\/\\\/hotta.eu\\\/lt\\\/\",\"logo\":{\"@type\":\"ImageObject\",\"inLanguage\":\"lt-LT\",\"@id\":\"https:\\\/\\\/hotta.eu\\\/lt\\\/#\\\/schema\\\/logo\\\/image\\\/\",\"url\":\"https:\\\/\\\/hotta.eu\\\/wp-content\\\/uploads\\\/2025\\\/04\\\/hotta-logo-invoice.png\",\"contentUrl\":\"https:\\\/\\\/hotta.eu\\\/wp-content\\\/uploads\\\/2025\\\/04\\\/hotta-logo-invoice.png\",\"width\":600,\"height\":411,\"caption\":\"Hotta\"},\"image\":{\"@id\":\"https:\\\/\\\/hotta.eu\\\/lt\\\/#\\\/schema\\\/logo\\\/image\\\/\"},\"sameAs\":[\"https:\\\/\\\/www.facebook.com\\\/hotta.eu\",\"https:\\\/\\\/x.com\\\/hottashop\",\"https:\\\/\\\/www.instagram.com\\\/hotta.shop\"]}]}<\/script>\n<!-- \/ Yoast SEO plugin. -->","yoast_head_json":{"title":"Smoky Dirty Fingers - Hotta","description":"Naujausias ESPICY produkt\u0173 asortimentas, naujas skonio stipriklis, leid\u017eiantis UMAMI papildyti kiekvien\u0105 patiekal\u0105, kiekviename etape. Nesvarbu, ar marinuojate, kepate, ar patiekiate savo naujausi\u0105 k\u016brin\u012f.","robots":{"index":"index","follow":"follow","max-snippet":"max-snippet:-1","max-image-preview":"max-image-preview:large","max-video-preview":"max-video-preview:-1"},"canonical":"https:\/\/hotta.eu\/lt\/shop\/duminiai-purvini-pirstai\/","og_locale":"lt_LT","og_type":"article","og_title":"Smoky Dirty Fingers - Hotta","og_description":"Naujausias ESPICY produkt\u0173 asortimentas, naujas skonio stipriklis, leid\u017eiantis UMAMI papildyti kiekvien\u0105 patiekal\u0105, kiekviename etape. Nesvarbu, ar marinuojate, kepate, ar patiekiate savo naujausi\u0105 k\u016brin\u012f.","og_url":"https:\/\/hotta.eu\/lt\/shop\/duminiai-purvini-pirstai\/","og_site_name":"Hotta","article_publisher":"https:\/\/www.facebook.com\/hotta.eu","article_modified_time":"2024-12-27T10:41:37+00:00","og_image":[{"width":720,"height":720,"url":"https:\/\/hotta.eu\/wp-content\/uploads\/2024\/03\/SMOKY_FRONT_720x.jpg","type":"image\/jpeg"}],"twitter_card":"summary_large_image","twitter_site":"@hottashop","schema":{"@context":"https:\/\/schema.org","@graph":[{"@type":"WebPage","@id":"https:\/\/hotta.eu\/lt\/shop\/duminiai-purvini-pirstai\/","url":"https:\/\/hotta.eu\/lt\/shop\/duminiai-purvini-pirstai\/","name":"Smoky Dirty Fingers - Hotta","isPartOf":{"@id":"https:\/\/hotta.eu\/lt\/#website"},"primaryImageOfPage":{"@id":"https:\/\/hotta.eu\/lt\/shop\/duminiai-purvini-pirstai\/#primaryimage"},"image":{"@id":"https:\/\/hotta.eu\/lt\/shop\/duminiai-purvini-pirstai\/#primaryimage"},"thumbnailUrl":"https:\/\/hotta.eu\/wp-content\/uploads\/2024\/03\/SMOKY_FRONT_720x.jpg","datePublished":"2021-07-02T20:45:47+00:00","dateModified":"2024-12-27T10:41:37+00:00","description":"Naujausias ESPICY produkt\u0173 asortimentas, naujas skonio stipriklis, leid\u017eiantis UMAMI papildyti kiekvien\u0105 patiekal\u0105, kiekviename etape. Nesvarbu, ar marinuojate, kepate, ar patiekiate savo naujausi\u0105 k\u016brin\u012f.","breadcrumb":{"@id":"https:\/\/hotta.eu\/lt\/shop\/duminiai-purvini-pirstai\/#breadcrumb"},"inLanguage":"lt-LT","potentialAction":[{"@type":"ReadAction","target":["https:\/\/hotta.eu\/lt\/shop\/duminiai-purvini-pirstai\/"]}]},{"@type":"ImageObject","inLanguage":"lt-LT","@id":"https:\/\/hotta.eu\/lt\/shop\/duminiai-purvini-pirstai\/#primaryimage","url":"https:\/\/hotta.eu\/wp-content\/uploads\/2024\/03\/SMOKY_FRONT_720x.jpg","contentUrl":"https:\/\/hotta.eu\/wp-content\/uploads\/2024\/03\/SMOKY_FRONT_720x.jpg","width":720,"height":720},{"@type":"BreadcrumbList","@id":"https:\/\/hotta.eu\/lt\/shop\/duminiai-purvini-pirstai\/#breadcrumb","itemListElement":[{"@type":"ListItem","position":1,"name":"Prad\u017eia","item":"https:\/\/hotta.eu\/lt\/pradzia\/"},{"@type":"ListItem","position":2,"name":"Parduotuv\u0117","item":"https:\/\/hotta.eu\/shop\/"},{"@type":"ListItem","position":3,"name":"Smoky Dirty Fingers"}]},{"@type":"WebSite","@id":"https:\/\/hotta.eu\/lt\/#website","url":"https:\/\/hotta.eu\/lt\/","name":"Hotta","description":"Makes your mouth burn a lotta!","publisher":{"@id":"https:\/\/hotta.eu\/lt\/#organization"},"potentialAction":[{"@type":"SearchAction","target":{"@type":"EntryPoint","urlTemplate":"https:\/\/hotta.eu\/lt\/?s={search_term_string}"},"query-input":{"@type":"PropertyValueSpecification","valueRequired":true,"valueName":"search_term_string"}}],"inLanguage":"lt-LT"},{"@type":"Organization","@id":"https:\/\/hotta.eu\/lt\/#organization","name":"Hotta","url":"https:\/\/hotta.eu\/lt\/","logo":{"@type":"ImageObject","inLanguage":"lt-LT","@id":"https:\/\/hotta.eu\/lt\/#\/schema\/logo\/image\/","url":"https:\/\/hotta.eu\/wp-content\/uploads\/2025\/04\/hotta-logo-invoice.png","contentUrl":"https:\/\/hotta.eu\/wp-content\/uploads\/2025\/04\/hotta-logo-invoice.png","width":600,"height":411,"caption":"Hotta"},"image":{"@id":"https:\/\/hotta.eu\/lt\/#\/schema\/logo\/image\/"},"sameAs":["https:\/\/www.facebook.com\/hotta.eu","https:\/\/x.com\/hottashop","https:\/\/www.instagram.com\/hotta.shop"]}]}},"jetpack_sharing_enabled":true,"_links":{"self":[{"href":"https:\/\/hotta.eu\/lt\/wp-json\/wp\/v2\/product\/19026","targetHints":{"allow":["GET"]}}],"collection":[{"href":"https:\/\/hotta.eu\/lt\/wp-json\/wp\/v2\/product"}],"about":[{"href":"https:\/\/hotta.eu\/lt\/wp-json\/wp\/v2\/types\/product"}],"replies":[{"embeddable":true,"href":"https:\/\/hotta.eu\/lt\/wp-json\/wp\/v2\/comments?post=19026"}],"wp:featuredmedia":[{"embeddable":true,"href":"https:\/\/hotta.eu\/lt\/wp-json\/wp\/v2\/media\/16268"}],"wp:attachment":[{"href":"https:\/\/hotta.eu\/lt\/wp-json\/wp\/v2\/media?parent=19026"}],"wp:term":[{"taxonomy":"product_cat","embeddable":true,"href":"https:\/\/hotta.eu\/lt\/wp-json\/wp\/v2\/product_cat?post=19026"},{"taxonomy":"product_tag","embeddable":true,"href":"https:\/\/hotta.eu\/lt\/wp-json\/wp\/v2\/product_tag?post=19026"},{"taxonomy":"giftcard-category","embeddable":true,"href":"https:\/\/hotta.eu\/lt\/wp-json\/wp\/v2\/giftcard-category?post=19026"}],"curies":[{"name":"wp","href":"https:\/\/api.w.org\/{rel}","templated":true}]}}