{"id":19033,"date":"2021-08-07T00:32:02","date_gmt":"2021-08-06T22:32:02","guid":{"rendered":"https:\/\/hotta.eu\/shop\/astrus-baklazanai\/"},"modified":"2024-12-27T12:41:36","modified_gmt":"2024-12-27T10:41:36","slug":"astrus-baklazanai","status":"publish","type":"product","link":"https:\/\/hotta.eu\/lt\/shop\/astrus-baklazanai\/","title":{"rendered":"A\u0161tr\u016bs bakla\u017eanai"},"content":{"rendered":"<p><strong>Sudedamosios dalys<\/strong><br \/>\nPiet\u0173 saul\u0117je sunok\u0119 bakla\u017eanai (apie 60 %), geriausi mo\u010diut\u0117s \u0161iltnamyje nuskinti pomidorai, lauke u\u017eauginti \u010desnakai, &#8220;Paink\u00fcla&#8221; raps\u0173 aliejus, sniego baltumo druska, aitrioji paprika, rinktiniai rytieti\u0161ki prieskoniai.<\/p>\n<p><strong>Galiojimas ir saugojimas<\/strong><br \/>\nAnt pakuot\u0117s nurodyta galiojimo data taikoma neatidarytam produktui. Atidaryt\u0105 produkt\u0105 reikia laikyti \u0161aldytuve.<\/p>\n","protected":false},"excerpt":{"rendered":"<p>&#8220;Varstu Spice&#8221; pristato egzoti\u0161kus skonius i\u0161 Piet\u0173 Estijos. Ant malkomis k\u016brenamos krosnies su gyva ugnimi ruo\u0161ti a\u0161tr\u016bs bakla\u017eanai puikiai tinka kaip \u0161altas u\u017ekandis, \u0161iltas priedas prie m\u0117sos ir dar\u017eovi\u0173 patiekal\u0173 arba tiesiog ant duonos.<br \/>\n[ywcwtl_form product_id=\"\"]<\/p>\n","protected":false},"featured_media":16276,"comment_status":"open","ping_status":"closed","template":"","meta":[],"product_cat":[939],"product_tag":[],"giftcard-category":[],"class_list":{"0":"post-19033","1":"product","2":"type-product","3":"status-publish","4":"has-post-thumbnail","6":"product_cat-uzkandziai","7":"pa_brand-varstu-vurts","9":"first","10":"outofstock","11":"taxable","12":"shipping-taxable","13":"purchasable","14":"product-type-simple"},"yoast_head":"<!-- This site is optimized with the Yoast SEO plugin v27.4 - https:\/\/yoast.com\/product\/yoast-seo-wordpress\/ -->\n<title>A\u0161tr\u016bs bakla\u017eanai - Hotta<\/title>\n<meta name=\"description\" content=\"357 rei\u0161kia 357 000 Skovilio vienet\u0173. Tai labai a\u0161trus pada\u017eas, kurio sud\u0117tyje yra 3 milijon\u0173 Skovilio aitri\u0173j\u0173 paprik\u0173 ekstrakt\u0173 mi\u0161inys su kajeno ir raudonosiomis habanero aitriosiomis paprikomis.\" \/>\n<meta name=\"robots\" content=\"index, follow, max-snippet:-1, max-image-preview:large, max-video-preview:-1\" \/>\n<link rel=\"canonical\" href=\"https:\/\/hotta.eu\/lt\/shop\/astrus-baklazanai\/\" \/>\n<meta property=\"og:locale\" content=\"lt_LT\" \/>\n<meta property=\"og:type\" content=\"article\" \/>\n<meta property=\"og:title\" content=\"A\u0161tr\u016bs bakla\u017eanai - Hotta\" \/>\n<meta property=\"og:description\" content=\"357 rei\u0161kia 357 000 Skovilio vienet\u0173. Tai labai a\u0161trus pada\u017eas, kurio sud\u0117tyje yra 3 milijon\u0173 Skovilio aitri\u0173j\u0173 paprik\u0173 ekstrakt\u0173 mi\u0161inys su kajeno ir raudonosiomis habanero aitriosiomis paprikomis.\" \/>\n<meta property=\"og:url\" content=\"https:\/\/hotta.eu\/lt\/shop\/astrus-baklazanai\/\" \/>\n<meta property=\"og:site_name\" content=\"Hotta\" \/>\n<meta property=\"article:publisher\" content=\"https:\/\/www.facebook.com\/hotta.eu\" \/>\n<meta property=\"article:modified_time\" content=\"2024-12-27T10:41:36+00:00\" \/>\n<meta property=\"og:image\" content=\"https:\/\/hotta.eu\/wp-content\/uploads\/2024\/03\/IMG_0002.jpg\" \/>\n\t<meta property=\"og:image:width\" content=\"1000\" \/>\n\t<meta property=\"og:image:height\" content=\"1000\" \/>\n\t<meta property=\"og:image:type\" content=\"image\/jpeg\" \/>\n<meta name=\"twitter:card\" content=\"summary_large_image\" \/>\n<meta name=\"twitter:site\" content=\"@hottashop\" \/>\n<script type=\"application\/ld+json\" class=\"yoast-schema-graph\">{\"@context\":\"https:\\\/\\\/schema.org\",\"@graph\":[{\"@type\":\"WebPage\",\"@id\":\"https:\\\/\\\/hotta.eu\\\/lt\\\/shop\\\/astrus-baklazanai\\\/\",\"url\":\"https:\\\/\\\/hotta.eu\\\/lt\\\/shop\\\/astrus-baklazanai\\\/\",\"name\":\"A\u0161tr\u016bs bakla\u017eanai - Hotta\",\"isPartOf\":{\"@id\":\"https:\\\/\\\/hotta.eu\\\/lt\\\/#website\"},\"primaryImageOfPage\":{\"@id\":\"https:\\\/\\\/hotta.eu\\\/lt\\\/shop\\\/astrus-baklazanai\\\/#primaryimage\"},\"image\":{\"@id\":\"https:\\\/\\\/hotta.eu\\\/lt\\\/shop\\\/astrus-baklazanai\\\/#primaryimage\"},\"thumbnailUrl\":\"https:\\\/\\\/hotta.eu\\\/wp-content\\\/uploads\\\/2024\\\/03\\\/IMG_0002.jpg\",\"datePublished\":\"2021-08-06T22:32:02+00:00\",\"dateModified\":\"2024-12-27T10:41:36+00:00\",\"description\":\"357 rei\u0161kia 357 000 Skovilio vienet\u0173. Tai labai a\u0161trus pada\u017eas, kurio sud\u0117tyje yra 3 milijon\u0173 Skovilio aitri\u0173j\u0173 paprik\u0173 ekstrakt\u0173 mi\u0161inys su kajeno ir raudonosiomis habanero aitriosiomis paprikomis.\",\"breadcrumb\":{\"@id\":\"https:\\\/\\\/hotta.eu\\\/lt\\\/shop\\\/astrus-baklazanai\\\/#breadcrumb\"},\"inLanguage\":\"lt-LT\",\"potentialAction\":[{\"@type\":\"ReadAction\",\"target\":[\"https:\\\/\\\/hotta.eu\\\/lt\\\/shop\\\/astrus-baklazanai\\\/\"]}]},{\"@type\":\"ImageObject\",\"inLanguage\":\"lt-LT\",\"@id\":\"https:\\\/\\\/hotta.eu\\\/lt\\\/shop\\\/astrus-baklazanai\\\/#primaryimage\",\"url\":\"https:\\\/\\\/hotta.eu\\\/wp-content\\\/uploads\\\/2024\\\/03\\\/IMG_0002.jpg\",\"contentUrl\":\"https:\\\/\\\/hotta.eu\\\/wp-content\\\/uploads\\\/2024\\\/03\\\/IMG_0002.jpg\",\"width\":1000,\"height\":1000},{\"@type\":\"BreadcrumbList\",\"@id\":\"https:\\\/\\\/hotta.eu\\\/lt\\\/shop\\\/astrus-baklazanai\\\/#breadcrumb\",\"itemListElement\":[{\"@type\":\"ListItem\",\"position\":1,\"name\":\"Prad\u017eia\",\"item\":\"https:\\\/\\\/hotta.eu\\\/lt\\\/pradzia\\\/\"},{\"@type\":\"ListItem\",\"position\":2,\"name\":\"Parduotuv\u0117\",\"item\":\"https:\\\/\\\/hotta.eu\\\/shop\\\/\"},{\"@type\":\"ListItem\",\"position\":3,\"name\":\"A\u0161tr\u016bs bakla\u017eanai\"}]},{\"@type\":\"WebSite\",\"@id\":\"https:\\\/\\\/hotta.eu\\\/lt\\\/#website\",\"url\":\"https:\\\/\\\/hotta.eu\\\/lt\\\/\",\"name\":\"Hotta\",\"description\":\"Makes your mouth burn a lotta!\",\"publisher\":{\"@id\":\"https:\\\/\\\/hotta.eu\\\/lt\\\/#organization\"},\"potentialAction\":[{\"@type\":\"SearchAction\",\"target\":{\"@type\":\"EntryPoint\",\"urlTemplate\":\"https:\\\/\\\/hotta.eu\\\/lt\\\/?s={search_term_string}\"},\"query-input\":{\"@type\":\"PropertyValueSpecification\",\"valueRequired\":true,\"valueName\":\"search_term_string\"}}],\"inLanguage\":\"lt-LT\"},{\"@type\":\"Organization\",\"@id\":\"https:\\\/\\\/hotta.eu\\\/lt\\\/#organization\",\"name\":\"Hotta\",\"url\":\"https:\\\/\\\/hotta.eu\\\/lt\\\/\",\"logo\":{\"@type\":\"ImageObject\",\"inLanguage\":\"lt-LT\",\"@id\":\"https:\\\/\\\/hotta.eu\\\/lt\\\/#\\\/schema\\\/logo\\\/image\\\/\",\"url\":\"https:\\\/\\\/hotta.eu\\\/wp-content\\\/uploads\\\/2025\\\/04\\\/hotta-logo-invoice.png\",\"contentUrl\":\"https:\\\/\\\/hotta.eu\\\/wp-content\\\/uploads\\\/2025\\\/04\\\/hotta-logo-invoice.png\",\"width\":600,\"height\":411,\"caption\":\"Hotta\"},\"image\":{\"@id\":\"https:\\\/\\\/hotta.eu\\\/lt\\\/#\\\/schema\\\/logo\\\/image\\\/\"},\"sameAs\":[\"https:\\\/\\\/www.facebook.com\\\/hotta.eu\",\"https:\\\/\\\/x.com\\\/hottashop\",\"https:\\\/\\\/www.instagram.com\\\/hotta.shop\"]}]}<\/script>\n<!-- \/ Yoast SEO plugin. -->","yoast_head_json":{"title":"A\u0161tr\u016bs bakla\u017eanai - Hotta","description":"357 rei\u0161kia 357 000 Skovilio vienet\u0173. Tai labai a\u0161trus pada\u017eas, kurio sud\u0117tyje yra 3 milijon\u0173 Skovilio aitri\u0173j\u0173 paprik\u0173 ekstrakt\u0173 mi\u0161inys su kajeno ir raudonosiomis habanero aitriosiomis paprikomis.","robots":{"index":"index","follow":"follow","max-snippet":"max-snippet:-1","max-image-preview":"max-image-preview:large","max-video-preview":"max-video-preview:-1"},"canonical":"https:\/\/hotta.eu\/lt\/shop\/astrus-baklazanai\/","og_locale":"lt_LT","og_type":"article","og_title":"A\u0161tr\u016bs bakla\u017eanai - Hotta","og_description":"357 rei\u0161kia 357 000 Skovilio vienet\u0173. Tai labai a\u0161trus pada\u017eas, kurio sud\u0117tyje yra 3 milijon\u0173 Skovilio aitri\u0173j\u0173 paprik\u0173 ekstrakt\u0173 mi\u0161inys su kajeno ir raudonosiomis habanero aitriosiomis paprikomis.","og_url":"https:\/\/hotta.eu\/lt\/shop\/astrus-baklazanai\/","og_site_name":"Hotta","article_publisher":"https:\/\/www.facebook.com\/hotta.eu","article_modified_time":"2024-12-27T10:41:36+00:00","og_image":[{"width":1000,"height":1000,"url":"https:\/\/hotta.eu\/wp-content\/uploads\/2024\/03\/IMG_0002.jpg","type":"image\/jpeg"}],"twitter_card":"summary_large_image","twitter_site":"@hottashop","schema":{"@context":"https:\/\/schema.org","@graph":[{"@type":"WebPage","@id":"https:\/\/hotta.eu\/lt\/shop\/astrus-baklazanai\/","url":"https:\/\/hotta.eu\/lt\/shop\/astrus-baklazanai\/","name":"A\u0161tr\u016bs bakla\u017eanai - Hotta","isPartOf":{"@id":"https:\/\/hotta.eu\/lt\/#website"},"primaryImageOfPage":{"@id":"https:\/\/hotta.eu\/lt\/shop\/astrus-baklazanai\/#primaryimage"},"image":{"@id":"https:\/\/hotta.eu\/lt\/shop\/astrus-baklazanai\/#primaryimage"},"thumbnailUrl":"https:\/\/hotta.eu\/wp-content\/uploads\/2024\/03\/IMG_0002.jpg","datePublished":"2021-08-06T22:32:02+00:00","dateModified":"2024-12-27T10:41:36+00:00","description":"357 rei\u0161kia 357 000 Skovilio vienet\u0173. Tai labai a\u0161trus pada\u017eas, kurio sud\u0117tyje yra 3 milijon\u0173 Skovilio aitri\u0173j\u0173 paprik\u0173 ekstrakt\u0173 mi\u0161inys su kajeno ir raudonosiomis habanero aitriosiomis paprikomis.","breadcrumb":{"@id":"https:\/\/hotta.eu\/lt\/shop\/astrus-baklazanai\/#breadcrumb"},"inLanguage":"lt-LT","potentialAction":[{"@type":"ReadAction","target":["https:\/\/hotta.eu\/lt\/shop\/astrus-baklazanai\/"]}]},{"@type":"ImageObject","inLanguage":"lt-LT","@id":"https:\/\/hotta.eu\/lt\/shop\/astrus-baklazanai\/#primaryimage","url":"https:\/\/hotta.eu\/wp-content\/uploads\/2024\/03\/IMG_0002.jpg","contentUrl":"https:\/\/hotta.eu\/wp-content\/uploads\/2024\/03\/IMG_0002.jpg","width":1000,"height":1000},{"@type":"BreadcrumbList","@id":"https:\/\/hotta.eu\/lt\/shop\/astrus-baklazanai\/#breadcrumb","itemListElement":[{"@type":"ListItem","position":1,"name":"Prad\u017eia","item":"https:\/\/hotta.eu\/lt\/pradzia\/"},{"@type":"ListItem","position":2,"name":"Parduotuv\u0117","item":"https:\/\/hotta.eu\/shop\/"},{"@type":"ListItem","position":3,"name":"A\u0161tr\u016bs bakla\u017eanai"}]},{"@type":"WebSite","@id":"https:\/\/hotta.eu\/lt\/#website","url":"https:\/\/hotta.eu\/lt\/","name":"Hotta","description":"Makes your mouth burn a lotta!","publisher":{"@id":"https:\/\/hotta.eu\/lt\/#organization"},"potentialAction":[{"@type":"SearchAction","target":{"@type":"EntryPoint","urlTemplate":"https:\/\/hotta.eu\/lt\/?s={search_term_string}"},"query-input":{"@type":"PropertyValueSpecification","valueRequired":true,"valueName":"search_term_string"}}],"inLanguage":"lt-LT"},{"@type":"Organization","@id":"https:\/\/hotta.eu\/lt\/#organization","name":"Hotta","url":"https:\/\/hotta.eu\/lt\/","logo":{"@type":"ImageObject","inLanguage":"lt-LT","@id":"https:\/\/hotta.eu\/lt\/#\/schema\/logo\/image\/","url":"https:\/\/hotta.eu\/wp-content\/uploads\/2025\/04\/hotta-logo-invoice.png","contentUrl":"https:\/\/hotta.eu\/wp-content\/uploads\/2025\/04\/hotta-logo-invoice.png","width":600,"height":411,"caption":"Hotta"},"image":{"@id":"https:\/\/hotta.eu\/lt\/#\/schema\/logo\/image\/"},"sameAs":["https:\/\/www.facebook.com\/hotta.eu","https:\/\/x.com\/hottashop","https:\/\/www.instagram.com\/hotta.shop"]}]}},"jetpack_sharing_enabled":true,"_links":{"self":[{"href":"https:\/\/hotta.eu\/lt\/wp-json\/wp\/v2\/product\/19033","targetHints":{"allow":["GET"]}}],"collection":[{"href":"https:\/\/hotta.eu\/lt\/wp-json\/wp\/v2\/product"}],"about":[{"href":"https:\/\/hotta.eu\/lt\/wp-json\/wp\/v2\/types\/product"}],"replies":[{"embeddable":true,"href":"https:\/\/hotta.eu\/lt\/wp-json\/wp\/v2\/comments?post=19033"}],"wp:featuredmedia":[{"embeddable":true,"href":"https:\/\/hotta.eu\/lt\/wp-json\/wp\/v2\/media\/16276"}],"wp:attachment":[{"href":"https:\/\/hotta.eu\/lt\/wp-json\/wp\/v2\/media?parent=19033"}],"wp:term":[{"taxonomy":"product_cat","embeddable":true,"href":"https:\/\/hotta.eu\/lt\/wp-json\/wp\/v2\/product_cat?post=19033"},{"taxonomy":"product_tag","embeddable":true,"href":"https:\/\/hotta.eu\/lt\/wp-json\/wp\/v2\/product_tag?post=19033"},{"taxonomy":"giftcard-category","embeddable":true,"href":"https:\/\/hotta.eu\/lt\/wp-json\/wp\/v2\/giftcard-category?post=19033"}],"curies":[{"name":"wp","href":"https:\/\/api.w.org\/{rel}","templated":true}]}}