{"id":19064,"date":"2021-10-06T20:58:41","date_gmt":"2021-10-06T18:58:41","guid":{"rendered":"https:\/\/hotta.eu\/shop\/ypac-astri-ramen-makaronu-sriuba\/"},"modified":"2024-12-27T12:41:28","modified_gmt":"2024-12-27T10:41:28","slug":"extra-spicy-ramen-noodle-soup","status":"publish","type":"product","link":"https:\/\/hotta.eu\/lt\/shop\/extra-spicy-ramen-noodle-soup\/","title":{"rendered":"Extra Spicy Ramen Noodle Soup"},"content":{"rendered":"<p><strong>Sudedamosios dalys<\/strong><br \/>\n<strong>Kvietiniai miltai<\/strong>, modifikuotas tapijokos krakmolas, rafinuotas palmi\u0173 aliejus, rafinuota druska,<strong> soj\u0173 lecitinas<\/strong>, svog\u016bn\u0173 ekstraktas, kalio karbonatas, guaro derva, tokoferolio milteliai, natrio karbonatas, dibazinis natrio fosfatas, \u017ealiosios arbatos aromato aliejus, riboflavinas, citrinos r\u016bg\u0161tis, aitri\u0173j\u0173 paprik\u0173 milteliai, druska, aitri\u0173j\u0173 paprik\u0173 pada\u017eo milteliai, baltasis cukrus, soj\u0173 pada\u017eo milteliai, natrio L-glutamatas, pomidor\u0173 milteliai, modifikuotas bulvi\u0173 krakmolas, skrudinti <strong>kvietiniai miltai<\/strong>, DL-malo r\u016bg\u0161tis, DL-malo r\u016bg\u0161tis, mieli\u0173 ekstrakto milteliai, petra\u017eoli\u0173 dribsniai, paprikos ekstraktas, aitri\u0173j\u0173 paprik\u0173 ekstrakto milteliai, dinatrio 5&#8242;-ribonukleotidas, ksantano derva, jalapeno aliejus, d\u017eiovinti kop\u016bstai, d\u017eiovinti bok choy, d\u017eiovintos morkos, d\u017eiovinti raudonieji pipirai. Sud\u0117tyje yra <strong>kvie\u010di\u0173<\/strong>, <strong>sojos<\/strong> ir <strong>kiau\u0161ini\u0173<\/strong>. Gali b\u016bti <strong>rie\u0161ut\u0173<\/strong> p\u0117dsak\u0173.<\/p>\n<div class=\"tableheader\"><strong>Mitybos duomenys (53 g)<br \/>\n<\/strong>Kalorijos 240, riebalai 9 g, i\u0161 kuri\u0173 4 g so\u010di\u0173j\u0173 riebal\u0173, angliavandeniai 36 g, i\u0161 kuri\u0173 2 g cukr\u0173, natris 880 mg.<\/div>\n","protected":false},"excerpt":{"rendered":"<p>Legendinis &#8220;Tapat\u00edo&#8221;, dabar makaronuose! Ypa\u010d a\u0161tri makaron\u0173 versija yra smagus i\u0161\u0161\u016bkis &#8211; suburkite draugus ir i\u0161bandykite! \ud83d\udd25 \ud83c\udf5c<br \/>\n[ywcwtl_form product_id=\"\"]<\/p>\n","protected":false},"featured_media":16360,"comment_status":"open","ping_status":"closed","template":"","meta":[],"product_cat":[933],"product_tag":[],"giftcard-category":[],"class_list":{"0":"post-19064","1":"product","2":"type-product","3":"status-publish","4":"has-post-thumbnail","6":"product_cat-kita","7":"pa_brand-tapatio","9":"first","10":"outofstock","11":"taxable","12":"shipping-taxable","13":"purchasable","14":"product-type-simple"},"yoast_head":"<!-- This site is optimized with the Yoast SEO plugin v27.4 - https:\/\/yoast.com\/product\/yoast-seo-wordpress\/ -->\n<title>Extra Spicy Ramen Noodle Soup - Hotta<\/title>\n<meta name=\"robots\" content=\"index, follow, max-snippet:-1, max-image-preview:large, max-video-preview:-1\" \/>\n<link rel=\"canonical\" href=\"https:\/\/hotta.eu\/lt\/shop\/extra-spicy-ramen-noodle-soup\/\" \/>\n<meta property=\"og:locale\" content=\"lt_LT\" \/>\n<meta property=\"og:type\" content=\"article\" \/>\n<meta property=\"og:title\" content=\"Extra Spicy Ramen Noodle Soup - Hotta\" \/>\n<meta property=\"og:description\" content=\"Legendinis &quot;Tapat\u00edo&quot;, dabar makaronuose! Ypa\u010d a\u0161tri makaron\u0173 versija yra smagus i\u0161\u0161\u016bkis - suburkite draugus ir i\u0161bandykite! \ud83d\udd25 \ud83c\udf5c\" \/>\n<meta property=\"og:url\" content=\"https:\/\/hotta.eu\/lt\/shop\/extra-spicy-ramen-noodle-soup\/\" \/>\n<meta property=\"og:site_name\" content=\"Hotta\" \/>\n<meta property=\"article:publisher\" content=\"https:\/\/www.facebook.com\/hotta.eu\" \/>\n<meta property=\"article:modified_time\" content=\"2024-12-27T10:41:28+00:00\" \/>\n<meta property=\"og:image\" content=\"https:\/\/hotta.eu\/wp-content\/uploads\/2024\/03\/tapatio-ramen-extra-spicy-2.jpg\" \/>\n\t<meta property=\"og:image:width\" content=\"2000\" \/>\n\t<meta property=\"og:image:height\" content=\"1999\" \/>\n\t<meta property=\"og:image:type\" content=\"image\/jpeg\" \/>\n<meta name=\"twitter:card\" content=\"summary_large_image\" \/>\n<meta name=\"twitter:site\" content=\"@hottashop\" \/>\n<meta name=\"twitter:label1\" content=\"Est. reading time\" \/>\n\t<meta name=\"twitter:data1\" content=\"1 minute\" \/>\n<script type=\"application\/ld+json\" class=\"yoast-schema-graph\">{\"@context\":\"https:\\\/\\\/schema.org\",\"@graph\":[{\"@type\":\"WebPage\",\"@id\":\"https:\\\/\\\/hotta.eu\\\/lt\\\/shop\\\/extra-spicy-ramen-noodle-soup\\\/\",\"url\":\"https:\\\/\\\/hotta.eu\\\/lt\\\/shop\\\/extra-spicy-ramen-noodle-soup\\\/\",\"name\":\"Extra Spicy Ramen Noodle Soup - Hotta\",\"isPartOf\":{\"@id\":\"https:\\\/\\\/hotta.eu\\\/lt\\\/#website\"},\"primaryImageOfPage\":{\"@id\":\"https:\\\/\\\/hotta.eu\\\/lt\\\/shop\\\/extra-spicy-ramen-noodle-soup\\\/#primaryimage\"},\"image\":{\"@id\":\"https:\\\/\\\/hotta.eu\\\/lt\\\/shop\\\/extra-spicy-ramen-noodle-soup\\\/#primaryimage\"},\"thumbnailUrl\":\"https:\\\/\\\/hotta.eu\\\/wp-content\\\/uploads\\\/2024\\\/03\\\/tapatio-ramen-extra-spicy-2.jpg\",\"datePublished\":\"2021-10-06T18:58:41+00:00\",\"dateModified\":\"2024-12-27T10:41:28+00:00\",\"breadcrumb\":{\"@id\":\"https:\\\/\\\/hotta.eu\\\/lt\\\/shop\\\/extra-spicy-ramen-noodle-soup\\\/#breadcrumb\"},\"inLanguage\":\"lt-LT\",\"potentialAction\":[{\"@type\":\"ReadAction\",\"target\":[\"https:\\\/\\\/hotta.eu\\\/lt\\\/shop\\\/extra-spicy-ramen-noodle-soup\\\/\"]}]},{\"@type\":\"ImageObject\",\"inLanguage\":\"lt-LT\",\"@id\":\"https:\\\/\\\/hotta.eu\\\/lt\\\/shop\\\/extra-spicy-ramen-noodle-soup\\\/#primaryimage\",\"url\":\"https:\\\/\\\/hotta.eu\\\/wp-content\\\/uploads\\\/2024\\\/03\\\/tapatio-ramen-extra-spicy-2.jpg\",\"contentUrl\":\"https:\\\/\\\/hotta.eu\\\/wp-content\\\/uploads\\\/2024\\\/03\\\/tapatio-ramen-extra-spicy-2.jpg\",\"width\":2000,\"height\":1999},{\"@type\":\"BreadcrumbList\",\"@id\":\"https:\\\/\\\/hotta.eu\\\/lt\\\/shop\\\/extra-spicy-ramen-noodle-soup\\\/#breadcrumb\",\"itemListElement\":[{\"@type\":\"ListItem\",\"position\":1,\"name\":\"Prad\u017eia\",\"item\":\"https:\\\/\\\/hotta.eu\\\/lt\\\/pradzia\\\/\"},{\"@type\":\"ListItem\",\"position\":2,\"name\":\"Parduotuv\u0117\",\"item\":\"https:\\\/\\\/hotta.eu\\\/shop\\\/\"},{\"@type\":\"ListItem\",\"position\":3,\"name\":\"Extra Spicy Ramen Noodle Soup\"}]},{\"@type\":\"WebSite\",\"@id\":\"https:\\\/\\\/hotta.eu\\\/lt\\\/#website\",\"url\":\"https:\\\/\\\/hotta.eu\\\/lt\\\/\",\"name\":\"Hotta\",\"description\":\"Makes your mouth burn a lotta!\",\"publisher\":{\"@id\":\"https:\\\/\\\/hotta.eu\\\/lt\\\/#organization\"},\"potentialAction\":[{\"@type\":\"SearchAction\",\"target\":{\"@type\":\"EntryPoint\",\"urlTemplate\":\"https:\\\/\\\/hotta.eu\\\/lt\\\/?s={search_term_string}\"},\"query-input\":{\"@type\":\"PropertyValueSpecification\",\"valueRequired\":true,\"valueName\":\"search_term_string\"}}],\"inLanguage\":\"lt-LT\"},{\"@type\":\"Organization\",\"@id\":\"https:\\\/\\\/hotta.eu\\\/lt\\\/#organization\",\"name\":\"Hotta\",\"url\":\"https:\\\/\\\/hotta.eu\\\/lt\\\/\",\"logo\":{\"@type\":\"ImageObject\",\"inLanguage\":\"lt-LT\",\"@id\":\"https:\\\/\\\/hotta.eu\\\/lt\\\/#\\\/schema\\\/logo\\\/image\\\/\",\"url\":\"https:\\\/\\\/hotta.eu\\\/wp-content\\\/uploads\\\/2025\\\/04\\\/hotta-logo-invoice.png\",\"contentUrl\":\"https:\\\/\\\/hotta.eu\\\/wp-content\\\/uploads\\\/2025\\\/04\\\/hotta-logo-invoice.png\",\"width\":600,\"height\":411,\"caption\":\"Hotta\"},\"image\":{\"@id\":\"https:\\\/\\\/hotta.eu\\\/lt\\\/#\\\/schema\\\/logo\\\/image\\\/\"},\"sameAs\":[\"https:\\\/\\\/www.facebook.com\\\/hotta.eu\",\"https:\\\/\\\/x.com\\\/hottashop\",\"https:\\\/\\\/www.instagram.com\\\/hotta.shop\"]}]}<\/script>\n<!-- \/ Yoast SEO plugin. -->","yoast_head_json":{"title":"Extra Spicy Ramen Noodle Soup - Hotta","robots":{"index":"index","follow":"follow","max-snippet":"max-snippet:-1","max-image-preview":"max-image-preview:large","max-video-preview":"max-video-preview:-1"},"canonical":"https:\/\/hotta.eu\/lt\/shop\/extra-spicy-ramen-noodle-soup\/","og_locale":"lt_LT","og_type":"article","og_title":"Extra Spicy Ramen Noodle Soup - Hotta","og_description":"Legendinis \"Tapat\u00edo\", dabar makaronuose! Ypa\u010d a\u0161tri makaron\u0173 versija yra smagus i\u0161\u0161\u016bkis - suburkite draugus ir i\u0161bandykite! \ud83d\udd25 \ud83c\udf5c","og_url":"https:\/\/hotta.eu\/lt\/shop\/extra-spicy-ramen-noodle-soup\/","og_site_name":"Hotta","article_publisher":"https:\/\/www.facebook.com\/hotta.eu","article_modified_time":"2024-12-27T10:41:28+00:00","og_image":[{"width":2000,"height":1999,"url":"https:\/\/hotta.eu\/wp-content\/uploads\/2024\/03\/tapatio-ramen-extra-spicy-2.jpg","type":"image\/jpeg"}],"twitter_card":"summary_large_image","twitter_site":"@hottashop","twitter_misc":{"Est. reading time":"1 minute"},"schema":{"@context":"https:\/\/schema.org","@graph":[{"@type":"WebPage","@id":"https:\/\/hotta.eu\/lt\/shop\/extra-spicy-ramen-noodle-soup\/","url":"https:\/\/hotta.eu\/lt\/shop\/extra-spicy-ramen-noodle-soup\/","name":"Extra Spicy Ramen Noodle Soup - Hotta","isPartOf":{"@id":"https:\/\/hotta.eu\/lt\/#website"},"primaryImageOfPage":{"@id":"https:\/\/hotta.eu\/lt\/shop\/extra-spicy-ramen-noodle-soup\/#primaryimage"},"image":{"@id":"https:\/\/hotta.eu\/lt\/shop\/extra-spicy-ramen-noodle-soup\/#primaryimage"},"thumbnailUrl":"https:\/\/hotta.eu\/wp-content\/uploads\/2024\/03\/tapatio-ramen-extra-spicy-2.jpg","datePublished":"2021-10-06T18:58:41+00:00","dateModified":"2024-12-27T10:41:28+00:00","breadcrumb":{"@id":"https:\/\/hotta.eu\/lt\/shop\/extra-spicy-ramen-noodle-soup\/#breadcrumb"},"inLanguage":"lt-LT","potentialAction":[{"@type":"ReadAction","target":["https:\/\/hotta.eu\/lt\/shop\/extra-spicy-ramen-noodle-soup\/"]}]},{"@type":"ImageObject","inLanguage":"lt-LT","@id":"https:\/\/hotta.eu\/lt\/shop\/extra-spicy-ramen-noodle-soup\/#primaryimage","url":"https:\/\/hotta.eu\/wp-content\/uploads\/2024\/03\/tapatio-ramen-extra-spicy-2.jpg","contentUrl":"https:\/\/hotta.eu\/wp-content\/uploads\/2024\/03\/tapatio-ramen-extra-spicy-2.jpg","width":2000,"height":1999},{"@type":"BreadcrumbList","@id":"https:\/\/hotta.eu\/lt\/shop\/extra-spicy-ramen-noodle-soup\/#breadcrumb","itemListElement":[{"@type":"ListItem","position":1,"name":"Prad\u017eia","item":"https:\/\/hotta.eu\/lt\/pradzia\/"},{"@type":"ListItem","position":2,"name":"Parduotuv\u0117","item":"https:\/\/hotta.eu\/shop\/"},{"@type":"ListItem","position":3,"name":"Extra Spicy Ramen Noodle Soup"}]},{"@type":"WebSite","@id":"https:\/\/hotta.eu\/lt\/#website","url":"https:\/\/hotta.eu\/lt\/","name":"Hotta","description":"Makes your mouth burn a lotta!","publisher":{"@id":"https:\/\/hotta.eu\/lt\/#organization"},"potentialAction":[{"@type":"SearchAction","target":{"@type":"EntryPoint","urlTemplate":"https:\/\/hotta.eu\/lt\/?s={search_term_string}"},"query-input":{"@type":"PropertyValueSpecification","valueRequired":true,"valueName":"search_term_string"}}],"inLanguage":"lt-LT"},{"@type":"Organization","@id":"https:\/\/hotta.eu\/lt\/#organization","name":"Hotta","url":"https:\/\/hotta.eu\/lt\/","logo":{"@type":"ImageObject","inLanguage":"lt-LT","@id":"https:\/\/hotta.eu\/lt\/#\/schema\/logo\/image\/","url":"https:\/\/hotta.eu\/wp-content\/uploads\/2025\/04\/hotta-logo-invoice.png","contentUrl":"https:\/\/hotta.eu\/wp-content\/uploads\/2025\/04\/hotta-logo-invoice.png","width":600,"height":411,"caption":"Hotta"},"image":{"@id":"https:\/\/hotta.eu\/lt\/#\/schema\/logo\/image\/"},"sameAs":["https:\/\/www.facebook.com\/hotta.eu","https:\/\/x.com\/hottashop","https:\/\/www.instagram.com\/hotta.shop"]}]}},"jetpack_sharing_enabled":true,"_links":{"self":[{"href":"https:\/\/hotta.eu\/lt\/wp-json\/wp\/v2\/product\/19064","targetHints":{"allow":["GET"]}}],"collection":[{"href":"https:\/\/hotta.eu\/lt\/wp-json\/wp\/v2\/product"}],"about":[{"href":"https:\/\/hotta.eu\/lt\/wp-json\/wp\/v2\/types\/product"}],"replies":[{"embeddable":true,"href":"https:\/\/hotta.eu\/lt\/wp-json\/wp\/v2\/comments?post=19064"}],"wp:featuredmedia":[{"embeddable":true,"href":"https:\/\/hotta.eu\/lt\/wp-json\/wp\/v2\/media\/16360"}],"wp:attachment":[{"href":"https:\/\/hotta.eu\/lt\/wp-json\/wp\/v2\/media?parent=19064"}],"wp:term":[{"taxonomy":"product_cat","embeddable":true,"href":"https:\/\/hotta.eu\/lt\/wp-json\/wp\/v2\/product_cat?post=19064"},{"taxonomy":"product_tag","embeddable":true,"href":"https:\/\/hotta.eu\/lt\/wp-json\/wp\/v2\/product_tag?post=19064"},{"taxonomy":"giftcard-category","embeddable":true,"href":"https:\/\/hotta.eu\/lt\/wp-json\/wp\/v2\/giftcard-category?post=19064"}],"curies":[{"name":"wp","href":"https:\/\/api.w.org\/{rel}","templated":true}]}}