{"id":19089,"date":"2021-10-09T03:57:36","date_gmt":"2021-10-09T01:57:36","guid":{"rendered":"https:\/\/hotta.eu\/shop\/truffle-premium-astrusis-padazas\/"},"modified":"2024-12-27T12:41:24","modified_gmt":"2024-12-27T10:41:24","slug":"truffle-premium-hot-sauce","status":"publish","type":"product","link":"https:\/\/hotta.eu\/lt\/shop\/truffle-premium-hot-sauce\/","title":{"rendered":"Truffle Premium Hot Sauce"},"content":{"rendered":"<p><strong>Sudedamosios dalys<br \/>\n<\/strong>Paprika, jalape\u00f1o, \u0161alto spaudimo alyvuogi\u0173 aliejus su juodaisiais trumais, juodieji trumai, prieskoniai, cukrus, acto r\u016bg\u0161tis, ksantano derva (E415).<\/p>\n<p><strong>Maistingumo informacija (100 g)<br \/>\n<\/strong> Energin\u0117 vert\u0117 166,24 kJ \/ 685,51 kcal, riebal\u0173 13,38 g, i\u0161 j\u0173 so\u010di\u0173j\u0173 riebal\u0173 1,98 g, angliavandeni\u0173 10,75 g, druskos 2,16 g, cukraus 8,37 g.<\/p>\n<p><strong>Galiojimas ir saugojimas<\/strong><br \/>\nAnt buteliuko nurodyta galiojimo data galioja neatidarytam produktui. Atidaryt\u0105 produkt\u0105 reikia laikyti \u0161aldytuve.<\/p>\n","protected":false},"excerpt":{"rendered":"<p>Special\u016bs ESPICY pada\u017eai tiesiai i\u0161 Ispanijos! Triufeli\u0173 pada\u017eas yra ypatingos veisl\u0117s ir jo yra tik nesuskai\u010diuojama daugyb\u0117 buteli\u0173!<\/p>\n<p>Pristatome naujausi\u0105 ESPICY darb\u0105! Pagamintas i\u0161 rinktini\u0173 Teruelio juod\u0173j\u0173 triufeli\u0173, gars\u0117jan\u010di\u0173 unikaliu ir ekstravaganti\u0161ku skoniu. \u0160is pada\u017eas yra vidutinio ar \u017eemesnio nei vidutinio kar\u0161tumo, eleganti\u0161ko skonio, su autenti\u0161kais triufeli\u0173 gabal\u0117liais ir turtinga umami tekst\u016bra. ESPICY triufeliai kiekvienam patiekalui suteikia nepakartojam\u0173 \u012fsp\u016bd\u017ei\u0173. Patiekite su m\u0117sa, ant groteli\u0173 keptomis dar\u017eov\u0117mis, picomis ir m\u0117sainiais.<br \/>\n[ywcwtl_form product_id=\"\"]<\/p>\n","protected":false},"featured_media":16420,"comment_status":"open","ping_status":"closed","template":"","meta":[],"product_cat":[917,923],"product_tag":[],"giftcard-category":[],"class_list":{"0":"post-19089","1":"product","2":"type-product","3":"status-publish","4":"has-post-thumbnail","6":"product_cat-padazai","7":"product_cat-vidutiniai","8":"pa_brand-espicy","10":"first","11":"outofstock","12":"taxable","13":"shipping-taxable","14":"purchasable","15":"product-type-simple"},"yoast_head":"<!-- This site is optimized with the Yoast SEO plugin v27.4 - https:\/\/yoast.com\/product\/yoast-seo-wordpress\/ -->\n<title>Truffle Premium Hot Sauce - Hotta<\/title>\n<meta name=\"description\" content=\"\u012e Estij\u0105 atkeliavo special\u016bs ESPICY pada\u017eai - tiesiai i\u0161 Ispanijos! Ta\u010diau specialus triufeli\u0173 pada\u017eas yra ypatingos partijos ir jo yra tik nesuskai\u010diuojama daugyb\u0117 buteli\u0173!\" \/>\n<meta name=\"robots\" content=\"index, follow, max-snippet:-1, max-image-preview:large, max-video-preview:-1\" \/>\n<link rel=\"canonical\" href=\"https:\/\/hotta.eu\/lt\/shop\/truffle-premium-hot-sauce\/\" \/>\n<meta property=\"og:locale\" content=\"lt_LT\" \/>\n<meta property=\"og:type\" content=\"article\" \/>\n<meta property=\"og:title\" content=\"Truffle Premium Hot Sauce - Hotta\" \/>\n<meta property=\"og:description\" content=\"\u012e Estij\u0105 atkeliavo special\u016bs ESPICY pada\u017eai - tiesiai i\u0161 Ispanijos! Ta\u010diau specialus triufeli\u0173 pada\u017eas yra ypatingos partijos ir jo yra tik nesuskai\u010diuojama daugyb\u0117 buteli\u0173!\" \/>\n<meta property=\"og:url\" content=\"https:\/\/hotta.eu\/lt\/shop\/truffle-premium-hot-sauce\/\" \/>\n<meta property=\"og:site_name\" content=\"Hotta\" \/>\n<meta property=\"article:publisher\" content=\"https:\/\/www.facebook.com\/hotta.eu\" \/>\n<meta property=\"article:modified_time\" content=\"2024-12-27T10:41:24+00:00\" \/>\n<meta property=\"og:image\" content=\"https:\/\/hotta.eu\/wp-content\/uploads\/2024\/03\/espicy-truffle.jpg\" \/>\n\t<meta property=\"og:image:width\" content=\"2000\" \/>\n\t<meta property=\"og:image:height\" content=\"2000\" \/>\n\t<meta property=\"og:image:type\" content=\"image\/jpeg\" \/>\n<meta name=\"twitter:card\" content=\"summary_large_image\" \/>\n<meta name=\"twitter:site\" content=\"@hottashop\" \/>\n<meta name=\"twitter:label1\" content=\"Est. reading time\" \/>\n\t<meta name=\"twitter:data1\" content=\"1 minute\" \/>\n<script type=\"application\/ld+json\" class=\"yoast-schema-graph\">{\"@context\":\"https:\\\/\\\/schema.org\",\"@graph\":[{\"@type\":\"WebPage\",\"@id\":\"https:\\\/\\\/hotta.eu\\\/lt\\\/shop\\\/truffle-premium-hot-sauce\\\/\",\"url\":\"https:\\\/\\\/hotta.eu\\\/lt\\\/shop\\\/truffle-premium-hot-sauce\\\/\",\"name\":\"Truffle Premium Hot Sauce - Hotta\",\"isPartOf\":{\"@id\":\"https:\\\/\\\/hotta.eu\\\/lt\\\/#website\"},\"primaryImageOfPage\":{\"@id\":\"https:\\\/\\\/hotta.eu\\\/lt\\\/shop\\\/truffle-premium-hot-sauce\\\/#primaryimage\"},\"image\":{\"@id\":\"https:\\\/\\\/hotta.eu\\\/lt\\\/shop\\\/truffle-premium-hot-sauce\\\/#primaryimage\"},\"thumbnailUrl\":\"https:\\\/\\\/hotta.eu\\\/wp-content\\\/uploads\\\/2024\\\/03\\\/espicy-truffle.jpg\",\"datePublished\":\"2021-10-09T01:57:36+00:00\",\"dateModified\":\"2024-12-27T10:41:24+00:00\",\"description\":\"\u012e Estij\u0105 atkeliavo special\u016bs ESPICY pada\u017eai - tiesiai i\u0161 Ispanijos! Ta\u010diau specialus triufeli\u0173 pada\u017eas yra ypatingos partijos ir jo yra tik nesuskai\u010diuojama daugyb\u0117 buteli\u0173!\",\"breadcrumb\":{\"@id\":\"https:\\\/\\\/hotta.eu\\\/lt\\\/shop\\\/truffle-premium-hot-sauce\\\/#breadcrumb\"},\"inLanguage\":\"lt-LT\",\"potentialAction\":[{\"@type\":\"ReadAction\",\"target\":[\"https:\\\/\\\/hotta.eu\\\/lt\\\/shop\\\/truffle-premium-hot-sauce\\\/\"]}]},{\"@type\":\"ImageObject\",\"inLanguage\":\"lt-LT\",\"@id\":\"https:\\\/\\\/hotta.eu\\\/lt\\\/shop\\\/truffle-premium-hot-sauce\\\/#primaryimage\",\"url\":\"https:\\\/\\\/hotta.eu\\\/wp-content\\\/uploads\\\/2024\\\/03\\\/espicy-truffle.jpg\",\"contentUrl\":\"https:\\\/\\\/hotta.eu\\\/wp-content\\\/uploads\\\/2024\\\/03\\\/espicy-truffle.jpg\",\"width\":2000,\"height\":2000},{\"@type\":\"BreadcrumbList\",\"@id\":\"https:\\\/\\\/hotta.eu\\\/lt\\\/shop\\\/truffle-premium-hot-sauce\\\/#breadcrumb\",\"itemListElement\":[{\"@type\":\"ListItem\",\"position\":1,\"name\":\"Prad\u017eia\",\"item\":\"https:\\\/\\\/hotta.eu\\\/lt\\\/pradzia\\\/\"},{\"@type\":\"ListItem\",\"position\":2,\"name\":\"Parduotuv\u0117\",\"item\":\"https:\\\/\\\/hotta.eu\\\/shop\\\/\"},{\"@type\":\"ListItem\",\"position\":3,\"name\":\"Truffle Premium Hot Sauce\"}]},{\"@type\":\"WebSite\",\"@id\":\"https:\\\/\\\/hotta.eu\\\/lt\\\/#website\",\"url\":\"https:\\\/\\\/hotta.eu\\\/lt\\\/\",\"name\":\"Hotta\",\"description\":\"Makes your mouth burn a lotta!\",\"publisher\":{\"@id\":\"https:\\\/\\\/hotta.eu\\\/lt\\\/#organization\"},\"potentialAction\":[{\"@type\":\"SearchAction\",\"target\":{\"@type\":\"EntryPoint\",\"urlTemplate\":\"https:\\\/\\\/hotta.eu\\\/lt\\\/?s={search_term_string}\"},\"query-input\":{\"@type\":\"PropertyValueSpecification\",\"valueRequired\":true,\"valueName\":\"search_term_string\"}}],\"inLanguage\":\"lt-LT\"},{\"@type\":\"Organization\",\"@id\":\"https:\\\/\\\/hotta.eu\\\/lt\\\/#organization\",\"name\":\"Hotta\",\"url\":\"https:\\\/\\\/hotta.eu\\\/lt\\\/\",\"logo\":{\"@type\":\"ImageObject\",\"inLanguage\":\"lt-LT\",\"@id\":\"https:\\\/\\\/hotta.eu\\\/lt\\\/#\\\/schema\\\/logo\\\/image\\\/\",\"url\":\"https:\\\/\\\/hotta.eu\\\/wp-content\\\/uploads\\\/2025\\\/04\\\/hotta-logo-invoice.png\",\"contentUrl\":\"https:\\\/\\\/hotta.eu\\\/wp-content\\\/uploads\\\/2025\\\/04\\\/hotta-logo-invoice.png\",\"width\":600,\"height\":411,\"caption\":\"Hotta\"},\"image\":{\"@id\":\"https:\\\/\\\/hotta.eu\\\/lt\\\/#\\\/schema\\\/logo\\\/image\\\/\"},\"sameAs\":[\"https:\\\/\\\/www.facebook.com\\\/hotta.eu\",\"https:\\\/\\\/x.com\\\/hottashop\",\"https:\\\/\\\/www.instagram.com\\\/hotta.shop\"]}]}<\/script>\n<!-- \/ Yoast SEO plugin. -->","yoast_head_json":{"title":"Truffle Premium Hot Sauce - Hotta","description":"\u012e Estij\u0105 atkeliavo special\u016bs ESPICY pada\u017eai - tiesiai i\u0161 Ispanijos! Ta\u010diau specialus triufeli\u0173 pada\u017eas yra ypatingos partijos ir jo yra tik nesuskai\u010diuojama daugyb\u0117 buteli\u0173!","robots":{"index":"index","follow":"follow","max-snippet":"max-snippet:-1","max-image-preview":"max-image-preview:large","max-video-preview":"max-video-preview:-1"},"canonical":"https:\/\/hotta.eu\/lt\/shop\/truffle-premium-hot-sauce\/","og_locale":"lt_LT","og_type":"article","og_title":"Truffle Premium Hot Sauce - Hotta","og_description":"\u012e Estij\u0105 atkeliavo special\u016bs ESPICY pada\u017eai - tiesiai i\u0161 Ispanijos! Ta\u010diau specialus triufeli\u0173 pada\u017eas yra ypatingos partijos ir jo yra tik nesuskai\u010diuojama daugyb\u0117 buteli\u0173!","og_url":"https:\/\/hotta.eu\/lt\/shop\/truffle-premium-hot-sauce\/","og_site_name":"Hotta","article_publisher":"https:\/\/www.facebook.com\/hotta.eu","article_modified_time":"2024-12-27T10:41:24+00:00","og_image":[{"width":2000,"height":2000,"url":"https:\/\/hotta.eu\/wp-content\/uploads\/2024\/03\/espicy-truffle.jpg","type":"image\/jpeg"}],"twitter_card":"summary_large_image","twitter_site":"@hottashop","twitter_misc":{"Est. reading time":"1 minute"},"schema":{"@context":"https:\/\/schema.org","@graph":[{"@type":"WebPage","@id":"https:\/\/hotta.eu\/lt\/shop\/truffle-premium-hot-sauce\/","url":"https:\/\/hotta.eu\/lt\/shop\/truffle-premium-hot-sauce\/","name":"Truffle Premium Hot Sauce - Hotta","isPartOf":{"@id":"https:\/\/hotta.eu\/lt\/#website"},"primaryImageOfPage":{"@id":"https:\/\/hotta.eu\/lt\/shop\/truffle-premium-hot-sauce\/#primaryimage"},"image":{"@id":"https:\/\/hotta.eu\/lt\/shop\/truffle-premium-hot-sauce\/#primaryimage"},"thumbnailUrl":"https:\/\/hotta.eu\/wp-content\/uploads\/2024\/03\/espicy-truffle.jpg","datePublished":"2021-10-09T01:57:36+00:00","dateModified":"2024-12-27T10:41:24+00:00","description":"\u012e Estij\u0105 atkeliavo special\u016bs ESPICY pada\u017eai - tiesiai i\u0161 Ispanijos! Ta\u010diau specialus triufeli\u0173 pada\u017eas yra ypatingos partijos ir jo yra tik nesuskai\u010diuojama daugyb\u0117 buteli\u0173!","breadcrumb":{"@id":"https:\/\/hotta.eu\/lt\/shop\/truffle-premium-hot-sauce\/#breadcrumb"},"inLanguage":"lt-LT","potentialAction":[{"@type":"ReadAction","target":["https:\/\/hotta.eu\/lt\/shop\/truffle-premium-hot-sauce\/"]}]},{"@type":"ImageObject","inLanguage":"lt-LT","@id":"https:\/\/hotta.eu\/lt\/shop\/truffle-premium-hot-sauce\/#primaryimage","url":"https:\/\/hotta.eu\/wp-content\/uploads\/2024\/03\/espicy-truffle.jpg","contentUrl":"https:\/\/hotta.eu\/wp-content\/uploads\/2024\/03\/espicy-truffle.jpg","width":2000,"height":2000},{"@type":"BreadcrumbList","@id":"https:\/\/hotta.eu\/lt\/shop\/truffle-premium-hot-sauce\/#breadcrumb","itemListElement":[{"@type":"ListItem","position":1,"name":"Prad\u017eia","item":"https:\/\/hotta.eu\/lt\/pradzia\/"},{"@type":"ListItem","position":2,"name":"Parduotuv\u0117","item":"https:\/\/hotta.eu\/shop\/"},{"@type":"ListItem","position":3,"name":"Truffle Premium Hot Sauce"}]},{"@type":"WebSite","@id":"https:\/\/hotta.eu\/lt\/#website","url":"https:\/\/hotta.eu\/lt\/","name":"Hotta","description":"Makes your mouth burn a lotta!","publisher":{"@id":"https:\/\/hotta.eu\/lt\/#organization"},"potentialAction":[{"@type":"SearchAction","target":{"@type":"EntryPoint","urlTemplate":"https:\/\/hotta.eu\/lt\/?s={search_term_string}"},"query-input":{"@type":"PropertyValueSpecification","valueRequired":true,"valueName":"search_term_string"}}],"inLanguage":"lt-LT"},{"@type":"Organization","@id":"https:\/\/hotta.eu\/lt\/#organization","name":"Hotta","url":"https:\/\/hotta.eu\/lt\/","logo":{"@type":"ImageObject","inLanguage":"lt-LT","@id":"https:\/\/hotta.eu\/lt\/#\/schema\/logo\/image\/","url":"https:\/\/hotta.eu\/wp-content\/uploads\/2025\/04\/hotta-logo-invoice.png","contentUrl":"https:\/\/hotta.eu\/wp-content\/uploads\/2025\/04\/hotta-logo-invoice.png","width":600,"height":411,"caption":"Hotta"},"image":{"@id":"https:\/\/hotta.eu\/lt\/#\/schema\/logo\/image\/"},"sameAs":["https:\/\/www.facebook.com\/hotta.eu","https:\/\/x.com\/hottashop","https:\/\/www.instagram.com\/hotta.shop"]}]}},"jetpack_sharing_enabled":true,"_links":{"self":[{"href":"https:\/\/hotta.eu\/lt\/wp-json\/wp\/v2\/product\/19089","targetHints":{"allow":["GET"]}}],"collection":[{"href":"https:\/\/hotta.eu\/lt\/wp-json\/wp\/v2\/product"}],"about":[{"href":"https:\/\/hotta.eu\/lt\/wp-json\/wp\/v2\/types\/product"}],"replies":[{"embeddable":true,"href":"https:\/\/hotta.eu\/lt\/wp-json\/wp\/v2\/comments?post=19089"}],"wp:featuredmedia":[{"embeddable":true,"href":"https:\/\/hotta.eu\/lt\/wp-json\/wp\/v2\/media\/16420"}],"wp:attachment":[{"href":"https:\/\/hotta.eu\/lt\/wp-json\/wp\/v2\/media?parent=19089"}],"wp:term":[{"taxonomy":"product_cat","embeddable":true,"href":"https:\/\/hotta.eu\/lt\/wp-json\/wp\/v2\/product_cat?post=19089"},{"taxonomy":"product_tag","embeddable":true,"href":"https:\/\/hotta.eu\/lt\/wp-json\/wp\/v2\/product_tag?post=19089"},{"taxonomy":"giftcard-category","embeddable":true,"href":"https:\/\/hotta.eu\/lt\/wp-json\/wp\/v2\/giftcard-category?post=19089"}],"curies":[{"name":"wp","href":"https:\/\/api.w.org\/{rel}","templated":true}]}}