{"id":19128,"date":"2022-06-16T17:56:49","date_gmt":"2022-06-16T15:56:49","guid":{"rendered":"https:\/\/hotta.eu\/shop\/jautienos-dzerkai-chilli-lime\/"},"modified":"2025-11-02T18:27:57","modified_gmt":"2025-11-02T16:27:57","slug":"beef-jerky-chilli-lime","status":"publish","type":"product","link":"https:\/\/hotta.eu\/lt\/shop\/beef-jerky-chilli-lime\/","title":{"rendered":"Beef Jerky Chilli  Lime"},"content":{"rendered":"<p><strong>Sudedamosios dalys<\/strong><br \/>\nJautiena (ne ma\u017eiau kaip 85 %), prieskoni\u0173 mi\u0161inys (dekstroz\u0117, druska, prieskoni\u0173 mi\u0161inys ir d\u017eiovintos dar\u017eov\u0117s (svog\u016bnai, pomidor\u0173 milteliai, pipirai, \u010desnakai), aitriosios paprikos 1,5 %, laimo kvapioji med\u017eiaga 0,6 %, r\u016bg\u0161tingum\u0105 reguliuojanti med\u017eiaga: citrin\u0173 r\u016bg\u0161tis), vyno r\u016bg\u0161tis, j\u016bros druska, nat\u016bralios kvapiosios med\u017eiagos.<\/p>\n<div class=\"tableheader\"><strong>Maistingumo informacija (100 g)<br \/>\n<\/strong> Energin\u0117 vert\u0117 265 kcal, riebal\u0173 3,2 g, i\u0161 j\u0173 so\u010di\u0173j\u0173 riebal\u0173 r\u016bg\u0161\u010di\u0173 1,4 g, angliavandeni\u0173 2 g, i\u0161 j\u0173 cukr\u0173 1,8 g.<\/div>\n<p><strong>Galiojimo laikas ir laikymas<br \/>\n<\/strong>Ant pakuot\u0117s nurodytas galiojimo laikas galioja neatidarytam produktui. Laikykite sausoje ir v\u0117sioje vietoje. Pakuot\u0117je esantis deguonies \u0161alintuvas n\u0117ra skirtas valgyti.<\/p>\n","protected":false},"excerpt":{"rendered":"<p>Atnaujintas &#8220;Hot Chip&#8221; asortimentas! Aitri\u0173j\u0173 laim\u0173 skonio jautienos d\u017ei\u016bv\u0117s\u0117liuose yra 57 % baltym\u0173, jie pagaminti i\u0161 100 % nat\u016brali\u0173 ingredient\u0173. Be glitimo ir GMO.<\/p>\n<p>Tikra aitrioji paprika. \ud83c\udf36\ufe0f<br \/>\nTikras kar\u0161tis. \ud83d\udd25<br \/>\n[ywcwtl_form product_id=\"\"]<\/p>\n","protected":false},"featured_media":17670,"comment_status":"open","ping_status":"closed","template":"","meta":[],"product_cat":[939],"product_tag":[],"giftcard-category":[],"class_list":{"0":"post-19128","1":"product","2":"type-product","3":"status-publish","4":"has-post-thumbnail","6":"product_cat-uzkandziai","7":"pa_brand-hot-chip","9":"first","10":"outofstock","11":"sale","12":"taxable","13":"shipping-taxable","14":"purchasable","15":"product-type-simple"},"yoast_head":"<!-- This site is optimized with the Yoast SEO plugin v27.3 - https:\/\/yoast.com\/product\/yoast-seo-wordpress\/ -->\n<title>Beef Jerky Chilli Lime - Hotta<\/title>\n<meta name=\"description\" content=\"Hot Chip Smoked Scorpio skonio aitriosios paprikos juostel\u0117s gaminamos i\u0161 ank\u0161tini\u0173 dar\u017eovi\u0173. A\u0161trus baltym\u0173 turtingas u\u017ekandis.\" \/>\n<meta name=\"robots\" content=\"index, follow, max-snippet:-1, max-image-preview:large, max-video-preview:-1\" \/>\n<link rel=\"canonical\" href=\"https:\/\/hotta.eu\/lt\/shop\/beef-jerky-chilli-lime\/\" \/>\n<meta property=\"og:locale\" content=\"lt_LT\" \/>\n<meta property=\"og:type\" content=\"article\" \/>\n<meta property=\"og:title\" content=\"Beef Jerky Chilli Lime - Hotta\" \/>\n<meta property=\"og:description\" content=\"Hot Chip Smoked Scorpio skonio aitriosios paprikos juostel\u0117s gaminamos i\u0161 ank\u0161tini\u0173 dar\u017eovi\u0173. A\u0161trus baltym\u0173 turtingas u\u017ekandis.\" \/>\n<meta property=\"og:url\" content=\"https:\/\/hotta.eu\/lt\/shop\/beef-jerky-chilli-lime\/\" \/>\n<meta property=\"og:site_name\" content=\"Hotta\" \/>\n<meta property=\"article:publisher\" content=\"https:\/\/www.facebook.com\/hotta.eu\" \/>\n<meta property=\"article:modified_time\" content=\"2025-11-02T16:27:57+00:00\" \/>\n<meta property=\"og:image\" content=\"https:\/\/hotta.eu\/wp-content\/uploads\/2022\/06\/jerky-chili-lime-1.jpg\" \/>\n\t<meta property=\"og:image:width\" content=\"800\" \/>\n\t<meta property=\"og:image:height\" content=\"800\" \/>\n\t<meta property=\"og:image:type\" content=\"image\/jpeg\" \/>\n<meta name=\"twitter:card\" content=\"summary_large_image\" \/>\n<meta name=\"twitter:site\" content=\"@hottashop\" \/>\n<meta name=\"twitter:label1\" content=\"Est. reading time\" \/>\n\t<meta name=\"twitter:data1\" content=\"1 minute\" \/>\n<script type=\"application\/ld+json\" class=\"yoast-schema-graph\">{\"@context\":\"https:\\\/\\\/schema.org\",\"@graph\":[{\"@type\":\"WebPage\",\"@id\":\"https:\\\/\\\/hotta.eu\\\/lt\\\/shop\\\/beef-jerky-chilli-lime\\\/\",\"url\":\"https:\\\/\\\/hotta.eu\\\/lt\\\/shop\\\/beef-jerky-chilli-lime\\\/\",\"name\":\"Beef Jerky Chilli Lime - Hotta\",\"isPartOf\":{\"@id\":\"https:\\\/\\\/hotta.eu\\\/lt\\\/#website\"},\"primaryImageOfPage\":{\"@id\":\"https:\\\/\\\/hotta.eu\\\/lt\\\/shop\\\/beef-jerky-chilli-lime\\\/#primaryimage\"},\"image\":{\"@id\":\"https:\\\/\\\/hotta.eu\\\/lt\\\/shop\\\/beef-jerky-chilli-lime\\\/#primaryimage\"},\"thumbnailUrl\":\"https:\\\/\\\/hotta.eu\\\/wp-content\\\/uploads\\\/2022\\\/06\\\/jerky-chili-lime-1.jpg\",\"datePublished\":\"2022-06-16T15:56:49+00:00\",\"dateModified\":\"2025-11-02T16:27:57+00:00\",\"description\":\"Hot Chip Smoked Scorpio skonio aitriosios paprikos juostel\u0117s gaminamos i\u0161 ank\u0161tini\u0173 dar\u017eovi\u0173. A\u0161trus baltym\u0173 turtingas u\u017ekandis.\",\"breadcrumb\":{\"@id\":\"https:\\\/\\\/hotta.eu\\\/lt\\\/shop\\\/beef-jerky-chilli-lime\\\/#breadcrumb\"},\"inLanguage\":\"lt-LT\",\"potentialAction\":[{\"@type\":\"ReadAction\",\"target\":[\"https:\\\/\\\/hotta.eu\\\/lt\\\/shop\\\/beef-jerky-chilli-lime\\\/\"]}]},{\"@type\":\"ImageObject\",\"inLanguage\":\"lt-LT\",\"@id\":\"https:\\\/\\\/hotta.eu\\\/lt\\\/shop\\\/beef-jerky-chilli-lime\\\/#primaryimage\",\"url\":\"https:\\\/\\\/hotta.eu\\\/wp-content\\\/uploads\\\/2022\\\/06\\\/jerky-chili-lime-1.jpg\",\"contentUrl\":\"https:\\\/\\\/hotta.eu\\\/wp-content\\\/uploads\\\/2022\\\/06\\\/jerky-chili-lime-1.jpg\",\"width\":800,\"height\":800},{\"@type\":\"BreadcrumbList\",\"@id\":\"https:\\\/\\\/hotta.eu\\\/lt\\\/shop\\\/beef-jerky-chilli-lime\\\/#breadcrumb\",\"itemListElement\":[{\"@type\":\"ListItem\",\"position\":1,\"name\":\"Prad\u017eia\",\"item\":\"https:\\\/\\\/hotta.eu\\\/lt\\\/pradzia\\\/\"},{\"@type\":\"ListItem\",\"position\":2,\"name\":\"Parduotuv\u0117\",\"item\":\"https:\\\/\\\/hotta.eu\\\/shop\\\/\"},{\"@type\":\"ListItem\",\"position\":3,\"name\":\"Beef Jerky Chilli Lime\"}]},{\"@type\":\"WebSite\",\"@id\":\"https:\\\/\\\/hotta.eu\\\/lt\\\/#website\",\"url\":\"https:\\\/\\\/hotta.eu\\\/lt\\\/\",\"name\":\"Hotta\",\"description\":\"Makes your mouth burn a lotta!\",\"publisher\":{\"@id\":\"https:\\\/\\\/hotta.eu\\\/lt\\\/#organization\"},\"potentialAction\":[{\"@type\":\"SearchAction\",\"target\":{\"@type\":\"EntryPoint\",\"urlTemplate\":\"https:\\\/\\\/hotta.eu\\\/lt\\\/?s={search_term_string}\"},\"query-input\":{\"@type\":\"PropertyValueSpecification\",\"valueRequired\":true,\"valueName\":\"search_term_string\"}}],\"inLanguage\":\"lt-LT\"},{\"@type\":\"Organization\",\"@id\":\"https:\\\/\\\/hotta.eu\\\/lt\\\/#organization\",\"name\":\"Hotta\",\"url\":\"https:\\\/\\\/hotta.eu\\\/lt\\\/\",\"logo\":{\"@type\":\"ImageObject\",\"inLanguage\":\"lt-LT\",\"@id\":\"https:\\\/\\\/hotta.eu\\\/lt\\\/#\\\/schema\\\/logo\\\/image\\\/\",\"url\":\"https:\\\/\\\/hotta.eu\\\/wp-content\\\/uploads\\\/2025\\\/04\\\/hotta-logo-invoice.png\",\"contentUrl\":\"https:\\\/\\\/hotta.eu\\\/wp-content\\\/uploads\\\/2025\\\/04\\\/hotta-logo-invoice.png\",\"width\":600,\"height\":411,\"caption\":\"Hotta\"},\"image\":{\"@id\":\"https:\\\/\\\/hotta.eu\\\/lt\\\/#\\\/schema\\\/logo\\\/image\\\/\"},\"sameAs\":[\"https:\\\/\\\/www.facebook.com\\\/hotta.eu\",\"https:\\\/\\\/x.com\\\/hottashop\",\"https:\\\/\\\/www.instagram.com\\\/hotta.shop\"]}]}<\/script>\n<!-- \/ Yoast SEO plugin. -->","yoast_head_json":{"title":"Beef Jerky Chilli Lime - Hotta","description":"Hot Chip Smoked Scorpio skonio aitriosios paprikos juostel\u0117s gaminamos i\u0161 ank\u0161tini\u0173 dar\u017eovi\u0173. A\u0161trus baltym\u0173 turtingas u\u017ekandis.","robots":{"index":"index","follow":"follow","max-snippet":"max-snippet:-1","max-image-preview":"max-image-preview:large","max-video-preview":"max-video-preview:-1"},"canonical":"https:\/\/hotta.eu\/lt\/shop\/beef-jerky-chilli-lime\/","og_locale":"lt_LT","og_type":"article","og_title":"Beef Jerky Chilli Lime - Hotta","og_description":"Hot Chip Smoked Scorpio skonio aitriosios paprikos juostel\u0117s gaminamos i\u0161 ank\u0161tini\u0173 dar\u017eovi\u0173. A\u0161trus baltym\u0173 turtingas u\u017ekandis.","og_url":"https:\/\/hotta.eu\/lt\/shop\/beef-jerky-chilli-lime\/","og_site_name":"Hotta","article_publisher":"https:\/\/www.facebook.com\/hotta.eu","article_modified_time":"2025-11-02T16:27:57+00:00","og_image":[{"width":800,"height":800,"url":"https:\/\/hotta.eu\/wp-content\/uploads\/2022\/06\/jerky-chili-lime-1.jpg","type":"image\/jpeg"}],"twitter_card":"summary_large_image","twitter_site":"@hottashop","twitter_misc":{"Est. reading time":"1 minute"},"schema":{"@context":"https:\/\/schema.org","@graph":[{"@type":"WebPage","@id":"https:\/\/hotta.eu\/lt\/shop\/beef-jerky-chilli-lime\/","url":"https:\/\/hotta.eu\/lt\/shop\/beef-jerky-chilli-lime\/","name":"Beef Jerky Chilli Lime - Hotta","isPartOf":{"@id":"https:\/\/hotta.eu\/lt\/#website"},"primaryImageOfPage":{"@id":"https:\/\/hotta.eu\/lt\/shop\/beef-jerky-chilli-lime\/#primaryimage"},"image":{"@id":"https:\/\/hotta.eu\/lt\/shop\/beef-jerky-chilli-lime\/#primaryimage"},"thumbnailUrl":"https:\/\/hotta.eu\/wp-content\/uploads\/2022\/06\/jerky-chili-lime-1.jpg","datePublished":"2022-06-16T15:56:49+00:00","dateModified":"2025-11-02T16:27:57+00:00","description":"Hot Chip Smoked Scorpio skonio aitriosios paprikos juostel\u0117s gaminamos i\u0161 ank\u0161tini\u0173 dar\u017eovi\u0173. A\u0161trus baltym\u0173 turtingas u\u017ekandis.","breadcrumb":{"@id":"https:\/\/hotta.eu\/lt\/shop\/beef-jerky-chilli-lime\/#breadcrumb"},"inLanguage":"lt-LT","potentialAction":[{"@type":"ReadAction","target":["https:\/\/hotta.eu\/lt\/shop\/beef-jerky-chilli-lime\/"]}]},{"@type":"ImageObject","inLanguage":"lt-LT","@id":"https:\/\/hotta.eu\/lt\/shop\/beef-jerky-chilli-lime\/#primaryimage","url":"https:\/\/hotta.eu\/wp-content\/uploads\/2022\/06\/jerky-chili-lime-1.jpg","contentUrl":"https:\/\/hotta.eu\/wp-content\/uploads\/2022\/06\/jerky-chili-lime-1.jpg","width":800,"height":800},{"@type":"BreadcrumbList","@id":"https:\/\/hotta.eu\/lt\/shop\/beef-jerky-chilli-lime\/#breadcrumb","itemListElement":[{"@type":"ListItem","position":1,"name":"Prad\u017eia","item":"https:\/\/hotta.eu\/lt\/pradzia\/"},{"@type":"ListItem","position":2,"name":"Parduotuv\u0117","item":"https:\/\/hotta.eu\/shop\/"},{"@type":"ListItem","position":3,"name":"Beef Jerky Chilli Lime"}]},{"@type":"WebSite","@id":"https:\/\/hotta.eu\/lt\/#website","url":"https:\/\/hotta.eu\/lt\/","name":"Hotta","description":"Makes your mouth burn a lotta!","publisher":{"@id":"https:\/\/hotta.eu\/lt\/#organization"},"potentialAction":[{"@type":"SearchAction","target":{"@type":"EntryPoint","urlTemplate":"https:\/\/hotta.eu\/lt\/?s={search_term_string}"},"query-input":{"@type":"PropertyValueSpecification","valueRequired":true,"valueName":"search_term_string"}}],"inLanguage":"lt-LT"},{"@type":"Organization","@id":"https:\/\/hotta.eu\/lt\/#organization","name":"Hotta","url":"https:\/\/hotta.eu\/lt\/","logo":{"@type":"ImageObject","inLanguage":"lt-LT","@id":"https:\/\/hotta.eu\/lt\/#\/schema\/logo\/image\/","url":"https:\/\/hotta.eu\/wp-content\/uploads\/2025\/04\/hotta-logo-invoice.png","contentUrl":"https:\/\/hotta.eu\/wp-content\/uploads\/2025\/04\/hotta-logo-invoice.png","width":600,"height":411,"caption":"Hotta"},"image":{"@id":"https:\/\/hotta.eu\/lt\/#\/schema\/logo\/image\/"},"sameAs":["https:\/\/www.facebook.com\/hotta.eu","https:\/\/x.com\/hottashop","https:\/\/www.instagram.com\/hotta.shop"]}]}},"jetpack_sharing_enabled":true,"_links":{"self":[{"href":"https:\/\/hotta.eu\/lt\/wp-json\/wp\/v2\/product\/19128","targetHints":{"allow":["GET"]}}],"collection":[{"href":"https:\/\/hotta.eu\/lt\/wp-json\/wp\/v2\/product"}],"about":[{"href":"https:\/\/hotta.eu\/lt\/wp-json\/wp\/v2\/types\/product"}],"replies":[{"embeddable":true,"href":"https:\/\/hotta.eu\/lt\/wp-json\/wp\/v2\/comments?post=19128"}],"wp:featuredmedia":[{"embeddable":true,"href":"https:\/\/hotta.eu\/lt\/wp-json\/wp\/v2\/media\/17670"}],"wp:attachment":[{"href":"https:\/\/hotta.eu\/lt\/wp-json\/wp\/v2\/media?parent=19128"}],"wp:term":[{"taxonomy":"product_cat","embeddable":true,"href":"https:\/\/hotta.eu\/lt\/wp-json\/wp\/v2\/product_cat?post=19128"},{"taxonomy":"product_tag","embeddable":true,"href":"https:\/\/hotta.eu\/lt\/wp-json\/wp\/v2\/product_tag?post=19128"},{"taxonomy":"giftcard-category","embeddable":true,"href":"https:\/\/hotta.eu\/lt\/wp-json\/wp\/v2\/giftcard-category?post=19128"}],"curies":[{"name":"wp","href":"https:\/\/api.w.org\/{rel}","templated":true}]}}