{"id":19142,"date":"2022-06-21T23:10:58","date_gmt":"2022-06-21T21:10:58","guid":{"rendered":"https:\/\/hotta.eu\/shop\/braskiu-ir-aitriuju-papriku-zaliaviniu-baltymu-batonelis\/"},"modified":"2024-12-27T12:41:07","modified_gmt":"2024-12-27T10:41:07","slug":"strawberry-chilli-raw-protein-bar","status":"publish","type":"product","link":"https:\/\/hotta.eu\/lt\/shop\/strawberry-chilli-raw-protein-bar\/","title":{"rendered":"Strawberry  Chilli Raw Protein Bar"},"content":{"rendered":"<p><strong>Sud\u0117tis<br \/>\n<\/strong>Datul\u0117s, <strong>soj\u0173 baltymai<\/strong> 14,3%, ry\u017ei\u0173 sirupas, <strong>lazdyno rie\u0161utai<\/strong>, aitriosios paprikos milteliai 0,8%, bra\u0161k\u0117s 5,7%.<\/p>\n<div class=\"tableheader\"><strong>Maistingumo informacija (100 g)<br \/>\n<\/strong>Energin\u0117 vert\u0117 370 kcal, riebal\u0173 9,1 g, neso\u010di\u0173j\u0173 riebal\u0173 r\u016bg\u0161\u010di\u0173 0,9 g, angliavandeni\u0173 52 g, cukr\u0173 45 g, baltym\u0173 17 g.<\/div>\n<p><strong>Galiojimo laikas ir laikymas<br \/>\n<\/strong>Ant pakuot\u0117s nurodytas galiojimo laikas galioja neatidarytam produktui. Laikykite sausoje ir v\u0117sioje vietoje.<\/p>\n","protected":false},"excerpt":{"rendered":"<p>Atnaujintas &#8220;Hot Chip&#8221; asortimentas! Bra\u0161ki\u0173 baltym\u0173 skonio baton\u0117lis su aitriosiomis paprikomis turi daug baltym\u0173 ir be prid\u0117tinio cukraus.<br \/>\n[ywcwtl_form product_id=\"\"]<\/p>\n","protected":false},"featured_media":16552,"comment_status":"open","ping_status":"closed","template":"","meta":[],"product_cat":[939],"product_tag":[],"giftcard-category":[],"class_list":{"0":"post-19142","1":"product","2":"type-product","3":"status-publish","4":"has-post-thumbnail","6":"product_cat-uzkandziai","7":"pa_brand-hot-chip","9":"first","10":"outofstock","11":"taxable","12":"shipping-taxable","13":"purchasable","14":"product-type-simple"},"yoast_head":"<!-- This site is optimized with the Yoast SEO plugin v27.3 - https:\/\/yoast.com\/product\/yoast-seo-wordpress\/ -->\n<title>Strawberry Chilli Raw Protein Bar - Hotta<\/title>\n<meta name=\"description\" content=\"Atnaujintas &quot;Hot Chip&quot; asortimentas! Bra\u0161ki\u0173 baltym\u0173 skonio baton\u0117lis su aitriosiomis paprikomis turi daug baltym\u0173 ir be prid\u0117tinio cukraus.\" \/>\n<meta name=\"robots\" content=\"index, follow, max-snippet:-1, max-image-preview:large, max-video-preview:-1\" \/>\n<link rel=\"canonical\" href=\"https:\/\/hotta.eu\/lt\/shop\/strawberry-chilli-raw-protein-bar\/\" \/>\n<meta property=\"og:locale\" content=\"lt_LT\" \/>\n<meta property=\"og:type\" content=\"article\" \/>\n<meta property=\"og:title\" content=\"Strawberry Chilli Raw Protein Bar - Hotta\" \/>\n<meta property=\"og:description\" content=\"Atnaujintas &quot;Hot Chip&quot; asortimentas! Bra\u0161ki\u0173 baltym\u0173 skonio baton\u0117lis su aitriosiomis paprikomis turi daug baltym\u0173 ir be prid\u0117tinio cukraus.\" \/>\n<meta property=\"og:url\" content=\"https:\/\/hotta.eu\/lt\/shop\/strawberry-chilli-raw-protein-bar\/\" \/>\n<meta property=\"og:site_name\" content=\"Hotta\" \/>\n<meta property=\"article:publisher\" content=\"https:\/\/www.facebook.com\/hotta.eu\" \/>\n<meta property=\"article:modified_time\" content=\"2024-12-27T10:41:07+00:00\" \/>\n<meta property=\"og:image\" content=\"https:\/\/hotta.eu\/wp-content\/uploads\/2024\/03\/hot-chip-strawberry.jpg\" \/>\n\t<meta property=\"og:image:width\" content=\"2000\" \/>\n\t<meta property=\"og:image:height\" content=\"2000\" \/>\n\t<meta property=\"og:image:type\" content=\"image\/jpeg\" \/>\n<meta name=\"twitter:card\" content=\"summary_large_image\" \/>\n<meta name=\"twitter:site\" content=\"@hottashop\" \/>\n<meta name=\"twitter:label1\" content=\"Est. reading time\" \/>\n\t<meta name=\"twitter:data1\" content=\"1 minute\" \/>\n<script type=\"application\/ld+json\" class=\"yoast-schema-graph\">{\"@context\":\"https:\\\/\\\/schema.org\",\"@graph\":[{\"@type\":\"WebPage\",\"@id\":\"https:\\\/\\\/hotta.eu\\\/lt\\\/shop\\\/strawberry-chilli-raw-protein-bar\\\/\",\"url\":\"https:\\\/\\\/hotta.eu\\\/lt\\\/shop\\\/strawberry-chilli-raw-protein-bar\\\/\",\"name\":\"Strawberry Chilli Raw Protein Bar - Hotta\",\"isPartOf\":{\"@id\":\"https:\\\/\\\/hotta.eu\\\/lt\\\/#website\"},\"primaryImageOfPage\":{\"@id\":\"https:\\\/\\\/hotta.eu\\\/lt\\\/shop\\\/strawberry-chilli-raw-protein-bar\\\/#primaryimage\"},\"image\":{\"@id\":\"https:\\\/\\\/hotta.eu\\\/lt\\\/shop\\\/strawberry-chilli-raw-protein-bar\\\/#primaryimage\"},\"thumbnailUrl\":\"https:\\\/\\\/hotta.eu\\\/wp-content\\\/uploads\\\/2024\\\/03\\\/hot-chip-strawberry.jpg\",\"datePublished\":\"2022-06-21T21:10:58+00:00\",\"dateModified\":\"2024-12-27T10:41:07+00:00\",\"description\":\"Atnaujintas \\\"Hot Chip\\\" asortimentas! Bra\u0161ki\u0173 baltym\u0173 skonio baton\u0117lis su aitriosiomis paprikomis turi daug baltym\u0173 ir be prid\u0117tinio cukraus.\",\"breadcrumb\":{\"@id\":\"https:\\\/\\\/hotta.eu\\\/lt\\\/shop\\\/strawberry-chilli-raw-protein-bar\\\/#breadcrumb\"},\"inLanguage\":\"lt-LT\",\"potentialAction\":[{\"@type\":\"ReadAction\",\"target\":[\"https:\\\/\\\/hotta.eu\\\/lt\\\/shop\\\/strawberry-chilli-raw-protein-bar\\\/\"]}]},{\"@type\":\"ImageObject\",\"inLanguage\":\"lt-LT\",\"@id\":\"https:\\\/\\\/hotta.eu\\\/lt\\\/shop\\\/strawberry-chilli-raw-protein-bar\\\/#primaryimage\",\"url\":\"https:\\\/\\\/hotta.eu\\\/wp-content\\\/uploads\\\/2024\\\/03\\\/hot-chip-strawberry.jpg\",\"contentUrl\":\"https:\\\/\\\/hotta.eu\\\/wp-content\\\/uploads\\\/2024\\\/03\\\/hot-chip-strawberry.jpg\",\"width\":2000,\"height\":2000},{\"@type\":\"BreadcrumbList\",\"@id\":\"https:\\\/\\\/hotta.eu\\\/lt\\\/shop\\\/strawberry-chilli-raw-protein-bar\\\/#breadcrumb\",\"itemListElement\":[{\"@type\":\"ListItem\",\"position\":1,\"name\":\"Prad\u017eia\",\"item\":\"https:\\\/\\\/hotta.eu\\\/lt\\\/pradzia\\\/\"},{\"@type\":\"ListItem\",\"position\":2,\"name\":\"Parduotuv\u0117\",\"item\":\"https:\\\/\\\/hotta.eu\\\/shop\\\/\"},{\"@type\":\"ListItem\",\"position\":3,\"name\":\"Strawberry Chilli Raw Protein Bar\"}]},{\"@type\":\"WebSite\",\"@id\":\"https:\\\/\\\/hotta.eu\\\/lt\\\/#website\",\"url\":\"https:\\\/\\\/hotta.eu\\\/lt\\\/\",\"name\":\"Hotta\",\"description\":\"Makes your mouth burn a lotta!\",\"publisher\":{\"@id\":\"https:\\\/\\\/hotta.eu\\\/lt\\\/#organization\"},\"potentialAction\":[{\"@type\":\"SearchAction\",\"target\":{\"@type\":\"EntryPoint\",\"urlTemplate\":\"https:\\\/\\\/hotta.eu\\\/lt\\\/?s={search_term_string}\"},\"query-input\":{\"@type\":\"PropertyValueSpecification\",\"valueRequired\":true,\"valueName\":\"search_term_string\"}}],\"inLanguage\":\"lt-LT\"},{\"@type\":\"Organization\",\"@id\":\"https:\\\/\\\/hotta.eu\\\/lt\\\/#organization\",\"name\":\"Hotta\",\"url\":\"https:\\\/\\\/hotta.eu\\\/lt\\\/\",\"logo\":{\"@type\":\"ImageObject\",\"inLanguage\":\"lt-LT\",\"@id\":\"https:\\\/\\\/hotta.eu\\\/lt\\\/#\\\/schema\\\/logo\\\/image\\\/\",\"url\":\"https:\\\/\\\/hotta.eu\\\/wp-content\\\/uploads\\\/2025\\\/04\\\/hotta-logo-invoice.png\",\"contentUrl\":\"https:\\\/\\\/hotta.eu\\\/wp-content\\\/uploads\\\/2025\\\/04\\\/hotta-logo-invoice.png\",\"width\":600,\"height\":411,\"caption\":\"Hotta\"},\"image\":{\"@id\":\"https:\\\/\\\/hotta.eu\\\/lt\\\/#\\\/schema\\\/logo\\\/image\\\/\"},\"sameAs\":[\"https:\\\/\\\/www.facebook.com\\\/hotta.eu\",\"https:\\\/\\\/x.com\\\/hottashop\",\"https:\\\/\\\/www.instagram.com\\\/hotta.shop\"]}]}<\/script>\n<!-- \/ Yoast SEO plugin. -->","yoast_head_json":{"title":"Strawberry Chilli Raw Protein Bar - Hotta","description":"Atnaujintas \"Hot Chip\" asortimentas! Bra\u0161ki\u0173 baltym\u0173 skonio baton\u0117lis su aitriosiomis paprikomis turi daug baltym\u0173 ir be prid\u0117tinio cukraus.","robots":{"index":"index","follow":"follow","max-snippet":"max-snippet:-1","max-image-preview":"max-image-preview:large","max-video-preview":"max-video-preview:-1"},"canonical":"https:\/\/hotta.eu\/lt\/shop\/strawberry-chilli-raw-protein-bar\/","og_locale":"lt_LT","og_type":"article","og_title":"Strawberry Chilli Raw Protein Bar - Hotta","og_description":"Atnaujintas \"Hot Chip\" asortimentas! Bra\u0161ki\u0173 baltym\u0173 skonio baton\u0117lis su aitriosiomis paprikomis turi daug baltym\u0173 ir be prid\u0117tinio cukraus.","og_url":"https:\/\/hotta.eu\/lt\/shop\/strawberry-chilli-raw-protein-bar\/","og_site_name":"Hotta","article_publisher":"https:\/\/www.facebook.com\/hotta.eu","article_modified_time":"2024-12-27T10:41:07+00:00","og_image":[{"width":2000,"height":2000,"url":"https:\/\/hotta.eu\/wp-content\/uploads\/2024\/03\/hot-chip-strawberry.jpg","type":"image\/jpeg"}],"twitter_card":"summary_large_image","twitter_site":"@hottashop","twitter_misc":{"Est. reading time":"1 minute"},"schema":{"@context":"https:\/\/schema.org","@graph":[{"@type":"WebPage","@id":"https:\/\/hotta.eu\/lt\/shop\/strawberry-chilli-raw-protein-bar\/","url":"https:\/\/hotta.eu\/lt\/shop\/strawberry-chilli-raw-protein-bar\/","name":"Strawberry Chilli Raw Protein Bar - Hotta","isPartOf":{"@id":"https:\/\/hotta.eu\/lt\/#website"},"primaryImageOfPage":{"@id":"https:\/\/hotta.eu\/lt\/shop\/strawberry-chilli-raw-protein-bar\/#primaryimage"},"image":{"@id":"https:\/\/hotta.eu\/lt\/shop\/strawberry-chilli-raw-protein-bar\/#primaryimage"},"thumbnailUrl":"https:\/\/hotta.eu\/wp-content\/uploads\/2024\/03\/hot-chip-strawberry.jpg","datePublished":"2022-06-21T21:10:58+00:00","dateModified":"2024-12-27T10:41:07+00:00","description":"Atnaujintas \"Hot Chip\" asortimentas! Bra\u0161ki\u0173 baltym\u0173 skonio baton\u0117lis su aitriosiomis paprikomis turi daug baltym\u0173 ir be prid\u0117tinio cukraus.","breadcrumb":{"@id":"https:\/\/hotta.eu\/lt\/shop\/strawberry-chilli-raw-protein-bar\/#breadcrumb"},"inLanguage":"lt-LT","potentialAction":[{"@type":"ReadAction","target":["https:\/\/hotta.eu\/lt\/shop\/strawberry-chilli-raw-protein-bar\/"]}]},{"@type":"ImageObject","inLanguage":"lt-LT","@id":"https:\/\/hotta.eu\/lt\/shop\/strawberry-chilli-raw-protein-bar\/#primaryimage","url":"https:\/\/hotta.eu\/wp-content\/uploads\/2024\/03\/hot-chip-strawberry.jpg","contentUrl":"https:\/\/hotta.eu\/wp-content\/uploads\/2024\/03\/hot-chip-strawberry.jpg","width":2000,"height":2000},{"@type":"BreadcrumbList","@id":"https:\/\/hotta.eu\/lt\/shop\/strawberry-chilli-raw-protein-bar\/#breadcrumb","itemListElement":[{"@type":"ListItem","position":1,"name":"Prad\u017eia","item":"https:\/\/hotta.eu\/lt\/pradzia\/"},{"@type":"ListItem","position":2,"name":"Parduotuv\u0117","item":"https:\/\/hotta.eu\/shop\/"},{"@type":"ListItem","position":3,"name":"Strawberry Chilli Raw Protein Bar"}]},{"@type":"WebSite","@id":"https:\/\/hotta.eu\/lt\/#website","url":"https:\/\/hotta.eu\/lt\/","name":"Hotta","description":"Makes your mouth burn a lotta!","publisher":{"@id":"https:\/\/hotta.eu\/lt\/#organization"},"potentialAction":[{"@type":"SearchAction","target":{"@type":"EntryPoint","urlTemplate":"https:\/\/hotta.eu\/lt\/?s={search_term_string}"},"query-input":{"@type":"PropertyValueSpecification","valueRequired":true,"valueName":"search_term_string"}}],"inLanguage":"lt-LT"},{"@type":"Organization","@id":"https:\/\/hotta.eu\/lt\/#organization","name":"Hotta","url":"https:\/\/hotta.eu\/lt\/","logo":{"@type":"ImageObject","inLanguage":"lt-LT","@id":"https:\/\/hotta.eu\/lt\/#\/schema\/logo\/image\/","url":"https:\/\/hotta.eu\/wp-content\/uploads\/2025\/04\/hotta-logo-invoice.png","contentUrl":"https:\/\/hotta.eu\/wp-content\/uploads\/2025\/04\/hotta-logo-invoice.png","width":600,"height":411,"caption":"Hotta"},"image":{"@id":"https:\/\/hotta.eu\/lt\/#\/schema\/logo\/image\/"},"sameAs":["https:\/\/www.facebook.com\/hotta.eu","https:\/\/x.com\/hottashop","https:\/\/www.instagram.com\/hotta.shop"]}]}},"jetpack_sharing_enabled":true,"_links":{"self":[{"href":"https:\/\/hotta.eu\/lt\/wp-json\/wp\/v2\/product\/19142","targetHints":{"allow":["GET"]}}],"collection":[{"href":"https:\/\/hotta.eu\/lt\/wp-json\/wp\/v2\/product"}],"about":[{"href":"https:\/\/hotta.eu\/lt\/wp-json\/wp\/v2\/types\/product"}],"replies":[{"embeddable":true,"href":"https:\/\/hotta.eu\/lt\/wp-json\/wp\/v2\/comments?post=19142"}],"wp:featuredmedia":[{"embeddable":true,"href":"https:\/\/hotta.eu\/lt\/wp-json\/wp\/v2\/media\/16552"}],"wp:attachment":[{"href":"https:\/\/hotta.eu\/lt\/wp-json\/wp\/v2\/media?parent=19142"}],"wp:term":[{"taxonomy":"product_cat","embeddable":true,"href":"https:\/\/hotta.eu\/lt\/wp-json\/wp\/v2\/product_cat?post=19142"},{"taxonomy":"product_tag","embeddable":true,"href":"https:\/\/hotta.eu\/lt\/wp-json\/wp\/v2\/product_tag?post=19142"},{"taxonomy":"giftcard-category","embeddable":true,"href":"https:\/\/hotta.eu\/lt\/wp-json\/wp\/v2\/giftcard-category?post=19142"}],"curies":[{"name":"wp","href":"https:\/\/api.w.org\/{rel}","templated":true}]}}