{"id":19161,"date":"2018-12-19T01:18:31","date_gmt":"2018-12-18T23:18:31","guid":{"rendered":"https:\/\/hotta.eu\/shop\/girtas-cesnakinis-juoduju-pupeliu-padazas\/"},"modified":"2024-12-27T12:43:38","modified_gmt":"2024-12-27T10:43:38","slug":"drunken-garlic-black-bean-sauce","status":"publish","type":"product","link":"https:\/\/hotta.eu\/lt\/shop\/drunken-garlic-black-bean-sauce\/","title":{"rendered":"Drunken Garlic Black Bean Sauce"},"content":{"rendered":"<p><strong>Sudedamosios dalys<\/strong><br \/>\n<strong>Soj\u0173 pada\u017eas<\/strong> (vanduo, <strong>sojos pupel\u0117s<\/strong>, <strong>kvie\u010diai<\/strong>, druska), vanduo, geltonieji svog\u016bnai, obuoli\u0173 sidro actas, raps\u0173 aliejus, saul\u0117gr\u0105\u017e\u0173 aliejus, \u010desnakinis aitri\u0173j\u0173 paprik\u0173 pada\u017eas (s\u016bdytos aitriosios paprikos, \u010desnakai, cukrus, ry\u017ei\u0173 acto r\u016bg\u0161tis, vanduo, modifikuotas kukur\u016bz\u0173 krakmolas, acto r\u016bg\u0161tis), ekologi\u0161kas cukranendri\u0173 cukrus, pupeli\u0173 ir \u010desnak\u0173 pada\u017eas, s\u016bdytos juodosios pupel\u0117s, gele\u017eies sulfatas, imbieras, <strong>soj\u0173 pupeli\u0173 aliejus<\/strong>, ry\u017ei\u0173 vynas, viskis, apelsin\u0173 sul\u010di\u0173 koncentratas, imbiero \u0161aknis, ksantano derva, citrinos r\u016bg\u0161tis, \u017eolel\u0117s, prieskoniai.<\/p>\n<div class=\"tableheader\"><strong>Maistin\u0117 vert\u0117 (30 g)<\/strong><\/div>\n<div class=\"tableheader\">Riebalai 2,5 g, angliavandeniai 4 g, i\u0161 kuri\u0173 2 g cukr\u0173, baltymai 1 g, natris 630 mg.<\/div>\n<p><strong>Galiojimas ir saugojimas<\/strong><br \/>\nAnt buteliuko nurodyta galiojimo data galioja neatidarytam produktui. Atidaryt\u0105 produkt\u0105 reikia laikyti \u0161aldytuve.<\/p>\n<p>&nbsp;<\/p>\n","protected":false},"excerpt":{"rendered":"<p>&#8220;Secret Aardvark&#8221; asortimentui priklausantis &#8220;Drunken Garlic&#8221; yra vienas i\u0161 naujausi\u0173 \u0161ios serijos produkt\u0173. Senov\u0117s kin\u0173 i\u0161mintis derinama su amerikie\u010di\u0173 i\u0161radingumu, burbono viskiu ir \u010desnaku. Tinka kaip marinatas, naudoti gaminant maist\u0105 arba kaip garnyras. Azijos \u0161ali\u0173 skoni\u0173 \u012fkv\u0117ptas pada\u017eas garantuoja \u012fdom\u0173 skon\u012f!<br \/>\n[ywcwtl_form product_id=\"\"]<\/p>\n","protected":false},"featured_media":15456,"comment_status":"open","ping_status":"closed","template":"","meta":[],"product_cat":[917,923],"product_tag":[],"giftcard-category":[],"class_list":{"0":"post-19161","1":"product","2":"type-product","3":"status-publish","4":"has-post-thumbnail","6":"product_cat-padazai","7":"product_cat-vidutiniai","8":"pa_brand-secret-aardvark","10":"first","11":"outofstock","12":"taxable","13":"shipping-taxable","14":"purchasable","15":"product-type-simple"},"yoast_head":"<!-- This site is optimized with the Yoast SEO plugin v27.3 - https:\/\/yoast.com\/product\/yoast-seo-wordpress\/ -->\n<title>Drunken Garlic Black Bean Sauce - Hotta<\/title>\n<meta name=\"robots\" content=\"index, follow, max-snippet:-1, max-image-preview:large, max-video-preview:-1\" \/>\n<link rel=\"canonical\" href=\"https:\/\/hotta.eu\/lt\/shop\/drunken-garlic-black-bean-sauce\/\" \/>\n<meta property=\"og:locale\" content=\"lt_LT\" \/>\n<meta property=\"og:type\" content=\"article\" \/>\n<meta property=\"og:title\" content=\"Drunken Garlic Black Bean Sauce - Hotta\" \/>\n<meta property=\"og:description\" content=\"&quot;Secret Aardvark&quot; asortimentui priklausantis &quot;Drunken Garlic&quot; yra vienas i\u0161 naujausi\u0173 \u0161ios serijos produkt\u0173. Senov\u0117s kin\u0173 i\u0161mintis derinama su amerikie\u010di\u0173 i\u0161radingumu, burbono viskiu ir \u010desnaku. Tinka kaip marinatas, naudoti gaminant maist\u0105 arba kaip garnyras. Azijos \u0161ali\u0173 skoni\u0173 \u012fkv\u0117ptas pada\u017eas garantuoja \u012fdom\u0173 skon\u012f!\" \/>\n<meta property=\"og:url\" content=\"https:\/\/hotta.eu\/lt\/shop\/drunken-garlic-black-bean-sauce\/\" \/>\n<meta property=\"og:site_name\" content=\"Hotta\" \/>\n<meta property=\"article:publisher\" content=\"https:\/\/www.facebook.com\/hotta.eu\" \/>\n<meta property=\"article:modified_time\" content=\"2024-12-27T10:43:38+00:00\" \/>\n<meta property=\"og:image\" content=\"https:\/\/hotta.eu\/wp-content\/uploads\/2024\/03\/drunken-garlic.jpg\" \/>\n\t<meta property=\"og:image:width\" content=\"2000\" \/>\n\t<meta property=\"og:image:height\" content=\"2000\" \/>\n\t<meta property=\"og:image:type\" content=\"image\/jpeg\" \/>\n<meta name=\"twitter:card\" content=\"summary_large_image\" \/>\n<meta name=\"twitter:site\" content=\"@hottashop\" \/>\n<meta name=\"twitter:label1\" content=\"Est. reading time\" \/>\n\t<meta name=\"twitter:data1\" content=\"1 minute\" \/>\n<script type=\"application\/ld+json\" class=\"yoast-schema-graph\">{\"@context\":\"https:\\\/\\\/schema.org\",\"@graph\":[{\"@type\":\"WebPage\",\"@id\":\"https:\\\/\\\/hotta.eu\\\/lt\\\/shop\\\/drunken-garlic-black-bean-sauce\\\/\",\"url\":\"https:\\\/\\\/hotta.eu\\\/lt\\\/shop\\\/drunken-garlic-black-bean-sauce\\\/\",\"name\":\"Drunken Garlic Black Bean Sauce - Hotta\",\"isPartOf\":{\"@id\":\"https:\\\/\\\/hotta.eu\\\/lt\\\/#website\"},\"primaryImageOfPage\":{\"@id\":\"https:\\\/\\\/hotta.eu\\\/lt\\\/shop\\\/drunken-garlic-black-bean-sauce\\\/#primaryimage\"},\"image\":{\"@id\":\"https:\\\/\\\/hotta.eu\\\/lt\\\/shop\\\/drunken-garlic-black-bean-sauce\\\/#primaryimage\"},\"thumbnailUrl\":\"https:\\\/\\\/hotta.eu\\\/wp-content\\\/uploads\\\/2024\\\/03\\\/drunken-garlic.jpg\",\"datePublished\":\"2018-12-18T23:18:31+00:00\",\"dateModified\":\"2024-12-27T10:43:38+00:00\",\"breadcrumb\":{\"@id\":\"https:\\\/\\\/hotta.eu\\\/lt\\\/shop\\\/drunken-garlic-black-bean-sauce\\\/#breadcrumb\"},\"inLanguage\":\"lt-LT\",\"potentialAction\":[{\"@type\":\"ReadAction\",\"target\":[\"https:\\\/\\\/hotta.eu\\\/lt\\\/shop\\\/drunken-garlic-black-bean-sauce\\\/\"]}]},{\"@type\":\"ImageObject\",\"inLanguage\":\"lt-LT\",\"@id\":\"https:\\\/\\\/hotta.eu\\\/lt\\\/shop\\\/drunken-garlic-black-bean-sauce\\\/#primaryimage\",\"url\":\"https:\\\/\\\/hotta.eu\\\/wp-content\\\/uploads\\\/2024\\\/03\\\/drunken-garlic.jpg\",\"contentUrl\":\"https:\\\/\\\/hotta.eu\\\/wp-content\\\/uploads\\\/2024\\\/03\\\/drunken-garlic.jpg\",\"width\":2000,\"height\":2000},{\"@type\":\"BreadcrumbList\",\"@id\":\"https:\\\/\\\/hotta.eu\\\/lt\\\/shop\\\/drunken-garlic-black-bean-sauce\\\/#breadcrumb\",\"itemListElement\":[{\"@type\":\"ListItem\",\"position\":1,\"name\":\"Prad\u017eia\",\"item\":\"https:\\\/\\\/hotta.eu\\\/lt\\\/pradzia\\\/\"},{\"@type\":\"ListItem\",\"position\":2,\"name\":\"Parduotuv\u0117\",\"item\":\"https:\\\/\\\/hotta.eu\\\/shop\\\/\"},{\"@type\":\"ListItem\",\"position\":3,\"name\":\"Drunken Garlic Black Bean Sauce\"}]},{\"@type\":\"WebSite\",\"@id\":\"https:\\\/\\\/hotta.eu\\\/lt\\\/#website\",\"url\":\"https:\\\/\\\/hotta.eu\\\/lt\\\/\",\"name\":\"Hotta\",\"description\":\"Makes your mouth burn a lotta!\",\"publisher\":{\"@id\":\"https:\\\/\\\/hotta.eu\\\/lt\\\/#organization\"},\"potentialAction\":[{\"@type\":\"SearchAction\",\"target\":{\"@type\":\"EntryPoint\",\"urlTemplate\":\"https:\\\/\\\/hotta.eu\\\/lt\\\/?s={search_term_string}\"},\"query-input\":{\"@type\":\"PropertyValueSpecification\",\"valueRequired\":true,\"valueName\":\"search_term_string\"}}],\"inLanguage\":\"lt-LT\"},{\"@type\":\"Organization\",\"@id\":\"https:\\\/\\\/hotta.eu\\\/lt\\\/#organization\",\"name\":\"Hotta\",\"url\":\"https:\\\/\\\/hotta.eu\\\/lt\\\/\",\"logo\":{\"@type\":\"ImageObject\",\"inLanguage\":\"lt-LT\",\"@id\":\"https:\\\/\\\/hotta.eu\\\/lt\\\/#\\\/schema\\\/logo\\\/image\\\/\",\"url\":\"https:\\\/\\\/hotta.eu\\\/wp-content\\\/uploads\\\/2025\\\/04\\\/hotta-logo-invoice.png\",\"contentUrl\":\"https:\\\/\\\/hotta.eu\\\/wp-content\\\/uploads\\\/2025\\\/04\\\/hotta-logo-invoice.png\",\"width\":600,\"height\":411,\"caption\":\"Hotta\"},\"image\":{\"@id\":\"https:\\\/\\\/hotta.eu\\\/lt\\\/#\\\/schema\\\/logo\\\/image\\\/\"},\"sameAs\":[\"https:\\\/\\\/www.facebook.com\\\/hotta.eu\",\"https:\\\/\\\/x.com\\\/hottashop\",\"https:\\\/\\\/www.instagram.com\\\/hotta.shop\"]}]}<\/script>\n<!-- \/ Yoast SEO plugin. -->","yoast_head_json":{"title":"Drunken Garlic Black Bean Sauce - Hotta","robots":{"index":"index","follow":"follow","max-snippet":"max-snippet:-1","max-image-preview":"max-image-preview:large","max-video-preview":"max-video-preview:-1"},"canonical":"https:\/\/hotta.eu\/lt\/shop\/drunken-garlic-black-bean-sauce\/","og_locale":"lt_LT","og_type":"article","og_title":"Drunken Garlic Black Bean Sauce - Hotta","og_description":"\"Secret Aardvark\" asortimentui priklausantis \"Drunken Garlic\" yra vienas i\u0161 naujausi\u0173 \u0161ios serijos produkt\u0173. Senov\u0117s kin\u0173 i\u0161mintis derinama su amerikie\u010di\u0173 i\u0161radingumu, burbono viskiu ir \u010desnaku. Tinka kaip marinatas, naudoti gaminant maist\u0105 arba kaip garnyras. Azijos \u0161ali\u0173 skoni\u0173 \u012fkv\u0117ptas pada\u017eas garantuoja \u012fdom\u0173 skon\u012f!","og_url":"https:\/\/hotta.eu\/lt\/shop\/drunken-garlic-black-bean-sauce\/","og_site_name":"Hotta","article_publisher":"https:\/\/www.facebook.com\/hotta.eu","article_modified_time":"2024-12-27T10:43:38+00:00","og_image":[{"width":2000,"height":2000,"url":"https:\/\/hotta.eu\/wp-content\/uploads\/2024\/03\/drunken-garlic.jpg","type":"image\/jpeg"}],"twitter_card":"summary_large_image","twitter_site":"@hottashop","twitter_misc":{"Est. reading time":"1 minute"},"schema":{"@context":"https:\/\/schema.org","@graph":[{"@type":"WebPage","@id":"https:\/\/hotta.eu\/lt\/shop\/drunken-garlic-black-bean-sauce\/","url":"https:\/\/hotta.eu\/lt\/shop\/drunken-garlic-black-bean-sauce\/","name":"Drunken Garlic Black Bean Sauce - Hotta","isPartOf":{"@id":"https:\/\/hotta.eu\/lt\/#website"},"primaryImageOfPage":{"@id":"https:\/\/hotta.eu\/lt\/shop\/drunken-garlic-black-bean-sauce\/#primaryimage"},"image":{"@id":"https:\/\/hotta.eu\/lt\/shop\/drunken-garlic-black-bean-sauce\/#primaryimage"},"thumbnailUrl":"https:\/\/hotta.eu\/wp-content\/uploads\/2024\/03\/drunken-garlic.jpg","datePublished":"2018-12-18T23:18:31+00:00","dateModified":"2024-12-27T10:43:38+00:00","breadcrumb":{"@id":"https:\/\/hotta.eu\/lt\/shop\/drunken-garlic-black-bean-sauce\/#breadcrumb"},"inLanguage":"lt-LT","potentialAction":[{"@type":"ReadAction","target":["https:\/\/hotta.eu\/lt\/shop\/drunken-garlic-black-bean-sauce\/"]}]},{"@type":"ImageObject","inLanguage":"lt-LT","@id":"https:\/\/hotta.eu\/lt\/shop\/drunken-garlic-black-bean-sauce\/#primaryimage","url":"https:\/\/hotta.eu\/wp-content\/uploads\/2024\/03\/drunken-garlic.jpg","contentUrl":"https:\/\/hotta.eu\/wp-content\/uploads\/2024\/03\/drunken-garlic.jpg","width":2000,"height":2000},{"@type":"BreadcrumbList","@id":"https:\/\/hotta.eu\/lt\/shop\/drunken-garlic-black-bean-sauce\/#breadcrumb","itemListElement":[{"@type":"ListItem","position":1,"name":"Prad\u017eia","item":"https:\/\/hotta.eu\/lt\/pradzia\/"},{"@type":"ListItem","position":2,"name":"Parduotuv\u0117","item":"https:\/\/hotta.eu\/shop\/"},{"@type":"ListItem","position":3,"name":"Drunken Garlic Black Bean Sauce"}]},{"@type":"WebSite","@id":"https:\/\/hotta.eu\/lt\/#website","url":"https:\/\/hotta.eu\/lt\/","name":"Hotta","description":"Makes your mouth burn a lotta!","publisher":{"@id":"https:\/\/hotta.eu\/lt\/#organization"},"potentialAction":[{"@type":"SearchAction","target":{"@type":"EntryPoint","urlTemplate":"https:\/\/hotta.eu\/lt\/?s={search_term_string}"},"query-input":{"@type":"PropertyValueSpecification","valueRequired":true,"valueName":"search_term_string"}}],"inLanguage":"lt-LT"},{"@type":"Organization","@id":"https:\/\/hotta.eu\/lt\/#organization","name":"Hotta","url":"https:\/\/hotta.eu\/lt\/","logo":{"@type":"ImageObject","inLanguage":"lt-LT","@id":"https:\/\/hotta.eu\/lt\/#\/schema\/logo\/image\/","url":"https:\/\/hotta.eu\/wp-content\/uploads\/2025\/04\/hotta-logo-invoice.png","contentUrl":"https:\/\/hotta.eu\/wp-content\/uploads\/2025\/04\/hotta-logo-invoice.png","width":600,"height":411,"caption":"Hotta"},"image":{"@id":"https:\/\/hotta.eu\/lt\/#\/schema\/logo\/image\/"},"sameAs":["https:\/\/www.facebook.com\/hotta.eu","https:\/\/x.com\/hottashop","https:\/\/www.instagram.com\/hotta.shop"]}]}},"jetpack_sharing_enabled":true,"_links":{"self":[{"href":"https:\/\/hotta.eu\/lt\/wp-json\/wp\/v2\/product\/19161","targetHints":{"allow":["GET"]}}],"collection":[{"href":"https:\/\/hotta.eu\/lt\/wp-json\/wp\/v2\/product"}],"about":[{"href":"https:\/\/hotta.eu\/lt\/wp-json\/wp\/v2\/types\/product"}],"replies":[{"embeddable":true,"href":"https:\/\/hotta.eu\/lt\/wp-json\/wp\/v2\/comments?post=19161"}],"wp:featuredmedia":[{"embeddable":true,"href":"https:\/\/hotta.eu\/lt\/wp-json\/wp\/v2\/media\/15456"}],"wp:attachment":[{"href":"https:\/\/hotta.eu\/lt\/wp-json\/wp\/v2\/media?parent=19161"}],"wp:term":[{"taxonomy":"product_cat","embeddable":true,"href":"https:\/\/hotta.eu\/lt\/wp-json\/wp\/v2\/product_cat?post=19161"},{"taxonomy":"product_tag","embeddable":true,"href":"https:\/\/hotta.eu\/lt\/wp-json\/wp\/v2\/product_tag?post=19161"},{"taxonomy":"giftcard-category","embeddable":true,"href":"https:\/\/hotta.eu\/lt\/wp-json\/wp\/v2\/giftcard-category?post=19161"}],"curies":[{"name":"wp","href":"https:\/\/api.w.org\/{rel}","templated":true}]}}