{"id":19178,"date":"2019-02-24T13:20:52","date_gmt":"2019-02-24T11:20:52","guid":{"rendered":"https:\/\/hotta.eu\/shop\/lava-verde-citrus-explosion-ibiza-hot-sauce\/"},"modified":"2024-12-27T12:43:36","modified_gmt":"2024-12-27T10:43:36","slug":"lava-verde-citrus-explosion-ibiza-hot-sauce","status":"publish","type":"product","link":"https:\/\/hotta.eu\/lt\/shop\/lava-verde-citrus-explosion-ibiza-hot-sauce\/","title":{"rendered":"Lava Verde Citrus Explosion Ibiza Hot Sauce"},"content":{"rendered":"<p><strong>Sudedamosios dalys<\/strong><br \/>\nIbizos \u017ealiosios aitriosios paprikos (31,2 %), Ibizos citrin\u0173 sultys (26,4 %), kriau\u0161\u0117s, acto r\u016bg\u0161tis (sulfitin\u0117), Ibizos aitriosios paprikos (1,5 %), Ibizos druska (0,2 %), ksantano derva.<\/p>\n<p><strong>Mitybos duomenys (100 g)<\/strong><br \/>\nEnergin\u0117 vert\u0117 27 kcal (117 kJ), riebal\u0173 0,2 g, angliavandeni\u0173 4,8 g, i\u0161 j\u0173 cukr\u0173 4,7 g, druskos .26 g, baltym\u0173 0,7 g.<\/p>\n<p><strong>Galiojimas ir saugojimas<\/strong><br \/>\nAnt buteliuko nurodyta galiojimo data galioja neatidarytam produktui. Atidaryt\u0105 produkt\u0105 reikia laikyti \u0161aldytuve.<\/p>\n","protected":false},"excerpt":{"rendered":"<p>&#8220;Lava Verde&#8221; si\u016blo \u0161vie\u017ei\u0105 patirt\u012f ir naudoja geriausius Ibizos ingredientus. Citrin\u0173 atspalvis su laukiamu a\u0161trumu. Puikiai tinka salotoms, dar\u017eov\u0117ms, vi\u0161tienai, \u017euviai, kiau\u0161iniams, tacos ir apkepams. Nat\u016bral\u016bs ingredientai, be prid\u0117tinio cukraus ar dirbtini\u0173 konservant\u0173. Tinka ir veganams.<br \/>\n[ywcwtl_form product_id=\"\"]<\/p>\n","protected":false},"featured_media":17178,"comment_status":"open","ping_status":"closed","template":"","meta":[],"product_cat":[917,925],"product_tag":[],"giftcard-category":[],"class_list":{"0":"post-19178","1":"product","2":"type-product","3":"status-publish","4":"has-post-thumbnail","6":"product_cat-padazai","7":"product_cat-svelnuus","8":"pa_brand-ibiza-chili-co","10":"first","11":"outofstock","12":"taxable","13":"shipping-taxable","14":"purchasable","15":"product-type-simple"},"yoast_head":"<!-- This site is optimized with the Yoast SEO plugin v27.4 - https:\/\/yoast.com\/product\/yoast-seo-wordpress\/ -->\n<title>Lava Verde Citrus Explosion Ibiza Hot Sauce - Hotta<\/title>\n<meta name=\"robots\" content=\"index, follow, max-snippet:-1, max-image-preview:large, max-video-preview:-1\" \/>\n<link rel=\"canonical\" href=\"https:\/\/hotta.eu\/lt\/shop\/lava-verde-citrus-explosion-ibiza-hot-sauce\/\" \/>\n<meta property=\"og:locale\" content=\"lt_LT\" \/>\n<meta property=\"og:type\" content=\"article\" \/>\n<meta property=\"og:title\" content=\"Lava Verde Citrus Explosion Ibiza Hot Sauce - Hotta\" \/>\n<meta property=\"og:description\" content=\"&quot;Lava Verde&quot; si\u016blo \u0161vie\u017ei\u0105 patirt\u012f ir naudoja geriausius Ibizos ingredientus. Citrin\u0173 atspalvis su laukiamu a\u0161trumu. Puikiai tinka salotoms, dar\u017eov\u0117ms, vi\u0161tienai, \u017euviai, kiau\u0161iniams, tacos ir apkepams. Nat\u016bral\u016bs ingredientai, be prid\u0117tinio cukraus ar dirbtini\u0173 konservant\u0173. Tinka ir veganams.\" \/>\n<meta property=\"og:url\" content=\"https:\/\/hotta.eu\/lt\/shop\/lava-verde-citrus-explosion-ibiza-hot-sauce\/\" \/>\n<meta property=\"og:site_name\" content=\"Hotta\" \/>\n<meta property=\"article:publisher\" content=\"https:\/\/www.facebook.com\/hotta.eu\" \/>\n<meta property=\"article:modified_time\" content=\"2024-12-27T10:43:36+00:00\" \/>\n<meta property=\"og:image\" content=\"https:\/\/hotta.eu\/wp-content\/uploads\/2019\/02\/IMG_9511-2.jpg\" \/>\n\t<meta property=\"og:image:width\" content=\"2000\" \/>\n\t<meta property=\"og:image:height\" content=\"2030\" \/>\n\t<meta property=\"og:image:type\" content=\"image\/jpeg\" \/>\n<meta name=\"twitter:card\" content=\"summary_large_image\" \/>\n<meta name=\"twitter:site\" content=\"@hottashop\" \/>\n<meta name=\"twitter:label1\" content=\"Est. reading time\" \/>\n\t<meta name=\"twitter:data1\" content=\"1 minute\" \/>\n<script type=\"application\/ld+json\" class=\"yoast-schema-graph\">{\"@context\":\"https:\\\/\\\/schema.org\",\"@graph\":[{\"@type\":\"WebPage\",\"@id\":\"https:\\\/\\\/hotta.eu\\\/lt\\\/shop\\\/lava-verde-citrus-explosion-ibiza-hot-sauce\\\/\",\"url\":\"https:\\\/\\\/hotta.eu\\\/lt\\\/shop\\\/lava-verde-citrus-explosion-ibiza-hot-sauce\\\/\",\"name\":\"Lava Verde Citrus Explosion Ibiza Hot Sauce - Hotta\",\"isPartOf\":{\"@id\":\"https:\\\/\\\/hotta.eu\\\/lt\\\/#website\"},\"primaryImageOfPage\":{\"@id\":\"https:\\\/\\\/hotta.eu\\\/lt\\\/shop\\\/lava-verde-citrus-explosion-ibiza-hot-sauce\\\/#primaryimage\"},\"image\":{\"@id\":\"https:\\\/\\\/hotta.eu\\\/lt\\\/shop\\\/lava-verde-citrus-explosion-ibiza-hot-sauce\\\/#primaryimage\"},\"thumbnailUrl\":\"https:\\\/\\\/hotta.eu\\\/wp-content\\\/uploads\\\/2019\\\/02\\\/IMG_9511-2.jpg\",\"datePublished\":\"2019-02-24T11:20:52+00:00\",\"dateModified\":\"2024-12-27T10:43:36+00:00\",\"breadcrumb\":{\"@id\":\"https:\\\/\\\/hotta.eu\\\/lt\\\/shop\\\/lava-verde-citrus-explosion-ibiza-hot-sauce\\\/#breadcrumb\"},\"inLanguage\":\"lt-LT\",\"potentialAction\":[{\"@type\":\"ReadAction\",\"target\":[\"https:\\\/\\\/hotta.eu\\\/lt\\\/shop\\\/lava-verde-citrus-explosion-ibiza-hot-sauce\\\/\"]}]},{\"@type\":\"ImageObject\",\"inLanguage\":\"lt-LT\",\"@id\":\"https:\\\/\\\/hotta.eu\\\/lt\\\/shop\\\/lava-verde-citrus-explosion-ibiza-hot-sauce\\\/#primaryimage\",\"url\":\"https:\\\/\\\/hotta.eu\\\/wp-content\\\/uploads\\\/2019\\\/02\\\/IMG_9511-2.jpg\",\"contentUrl\":\"https:\\\/\\\/hotta.eu\\\/wp-content\\\/uploads\\\/2019\\\/02\\\/IMG_9511-2.jpg\",\"width\":2000,\"height\":2030},{\"@type\":\"BreadcrumbList\",\"@id\":\"https:\\\/\\\/hotta.eu\\\/lt\\\/shop\\\/lava-verde-citrus-explosion-ibiza-hot-sauce\\\/#breadcrumb\",\"itemListElement\":[{\"@type\":\"ListItem\",\"position\":1,\"name\":\"Prad\u017eia\",\"item\":\"https:\\\/\\\/hotta.eu\\\/lt\\\/pradzia\\\/\"},{\"@type\":\"ListItem\",\"position\":2,\"name\":\"Parduotuv\u0117\",\"item\":\"https:\\\/\\\/hotta.eu\\\/shop\\\/\"},{\"@type\":\"ListItem\",\"position\":3,\"name\":\"Lava Verde Citrus Explosion Ibiza Hot Sauce\"}]},{\"@type\":\"WebSite\",\"@id\":\"https:\\\/\\\/hotta.eu\\\/lt\\\/#website\",\"url\":\"https:\\\/\\\/hotta.eu\\\/lt\\\/\",\"name\":\"Hotta\",\"description\":\"Makes your mouth burn a lotta!\",\"publisher\":{\"@id\":\"https:\\\/\\\/hotta.eu\\\/lt\\\/#organization\"},\"potentialAction\":[{\"@type\":\"SearchAction\",\"target\":{\"@type\":\"EntryPoint\",\"urlTemplate\":\"https:\\\/\\\/hotta.eu\\\/lt\\\/?s={search_term_string}\"},\"query-input\":{\"@type\":\"PropertyValueSpecification\",\"valueRequired\":true,\"valueName\":\"search_term_string\"}}],\"inLanguage\":\"lt-LT\"},{\"@type\":\"Organization\",\"@id\":\"https:\\\/\\\/hotta.eu\\\/lt\\\/#organization\",\"name\":\"Hotta\",\"url\":\"https:\\\/\\\/hotta.eu\\\/lt\\\/\",\"logo\":{\"@type\":\"ImageObject\",\"inLanguage\":\"lt-LT\",\"@id\":\"https:\\\/\\\/hotta.eu\\\/lt\\\/#\\\/schema\\\/logo\\\/image\\\/\",\"url\":\"https:\\\/\\\/hotta.eu\\\/wp-content\\\/uploads\\\/2025\\\/04\\\/hotta-logo-invoice.png\",\"contentUrl\":\"https:\\\/\\\/hotta.eu\\\/wp-content\\\/uploads\\\/2025\\\/04\\\/hotta-logo-invoice.png\",\"width\":600,\"height\":411,\"caption\":\"Hotta\"},\"image\":{\"@id\":\"https:\\\/\\\/hotta.eu\\\/lt\\\/#\\\/schema\\\/logo\\\/image\\\/\"},\"sameAs\":[\"https:\\\/\\\/www.facebook.com\\\/hotta.eu\",\"https:\\\/\\\/x.com\\\/hottashop\",\"https:\\\/\\\/www.instagram.com\\\/hotta.shop\"]}]}<\/script>\n<!-- \/ Yoast SEO plugin. -->","yoast_head_json":{"title":"Lava Verde Citrus Explosion Ibiza Hot Sauce - Hotta","robots":{"index":"index","follow":"follow","max-snippet":"max-snippet:-1","max-image-preview":"max-image-preview:large","max-video-preview":"max-video-preview:-1"},"canonical":"https:\/\/hotta.eu\/lt\/shop\/lava-verde-citrus-explosion-ibiza-hot-sauce\/","og_locale":"lt_LT","og_type":"article","og_title":"Lava Verde Citrus Explosion Ibiza Hot Sauce - Hotta","og_description":"\"Lava Verde\" si\u016blo \u0161vie\u017ei\u0105 patirt\u012f ir naudoja geriausius Ibizos ingredientus. Citrin\u0173 atspalvis su laukiamu a\u0161trumu. Puikiai tinka salotoms, dar\u017eov\u0117ms, vi\u0161tienai, \u017euviai, kiau\u0161iniams, tacos ir apkepams. Nat\u016bral\u016bs ingredientai, be prid\u0117tinio cukraus ar dirbtini\u0173 konservant\u0173. Tinka ir veganams.","og_url":"https:\/\/hotta.eu\/lt\/shop\/lava-verde-citrus-explosion-ibiza-hot-sauce\/","og_site_name":"Hotta","article_publisher":"https:\/\/www.facebook.com\/hotta.eu","article_modified_time":"2024-12-27T10:43:36+00:00","og_image":[{"width":2000,"height":2030,"url":"https:\/\/hotta.eu\/wp-content\/uploads\/2019\/02\/IMG_9511-2.jpg","type":"image\/jpeg"}],"twitter_card":"summary_large_image","twitter_site":"@hottashop","twitter_misc":{"Est. reading time":"1 minute"},"schema":{"@context":"https:\/\/schema.org","@graph":[{"@type":"WebPage","@id":"https:\/\/hotta.eu\/lt\/shop\/lava-verde-citrus-explosion-ibiza-hot-sauce\/","url":"https:\/\/hotta.eu\/lt\/shop\/lava-verde-citrus-explosion-ibiza-hot-sauce\/","name":"Lava Verde Citrus Explosion Ibiza Hot Sauce - Hotta","isPartOf":{"@id":"https:\/\/hotta.eu\/lt\/#website"},"primaryImageOfPage":{"@id":"https:\/\/hotta.eu\/lt\/shop\/lava-verde-citrus-explosion-ibiza-hot-sauce\/#primaryimage"},"image":{"@id":"https:\/\/hotta.eu\/lt\/shop\/lava-verde-citrus-explosion-ibiza-hot-sauce\/#primaryimage"},"thumbnailUrl":"https:\/\/hotta.eu\/wp-content\/uploads\/2019\/02\/IMG_9511-2.jpg","datePublished":"2019-02-24T11:20:52+00:00","dateModified":"2024-12-27T10:43:36+00:00","breadcrumb":{"@id":"https:\/\/hotta.eu\/lt\/shop\/lava-verde-citrus-explosion-ibiza-hot-sauce\/#breadcrumb"},"inLanguage":"lt-LT","potentialAction":[{"@type":"ReadAction","target":["https:\/\/hotta.eu\/lt\/shop\/lava-verde-citrus-explosion-ibiza-hot-sauce\/"]}]},{"@type":"ImageObject","inLanguage":"lt-LT","@id":"https:\/\/hotta.eu\/lt\/shop\/lava-verde-citrus-explosion-ibiza-hot-sauce\/#primaryimage","url":"https:\/\/hotta.eu\/wp-content\/uploads\/2019\/02\/IMG_9511-2.jpg","contentUrl":"https:\/\/hotta.eu\/wp-content\/uploads\/2019\/02\/IMG_9511-2.jpg","width":2000,"height":2030},{"@type":"BreadcrumbList","@id":"https:\/\/hotta.eu\/lt\/shop\/lava-verde-citrus-explosion-ibiza-hot-sauce\/#breadcrumb","itemListElement":[{"@type":"ListItem","position":1,"name":"Prad\u017eia","item":"https:\/\/hotta.eu\/lt\/pradzia\/"},{"@type":"ListItem","position":2,"name":"Parduotuv\u0117","item":"https:\/\/hotta.eu\/shop\/"},{"@type":"ListItem","position":3,"name":"Lava Verde Citrus Explosion Ibiza Hot Sauce"}]},{"@type":"WebSite","@id":"https:\/\/hotta.eu\/lt\/#website","url":"https:\/\/hotta.eu\/lt\/","name":"Hotta","description":"Makes your mouth burn a lotta!","publisher":{"@id":"https:\/\/hotta.eu\/lt\/#organization"},"potentialAction":[{"@type":"SearchAction","target":{"@type":"EntryPoint","urlTemplate":"https:\/\/hotta.eu\/lt\/?s={search_term_string}"},"query-input":{"@type":"PropertyValueSpecification","valueRequired":true,"valueName":"search_term_string"}}],"inLanguage":"lt-LT"},{"@type":"Organization","@id":"https:\/\/hotta.eu\/lt\/#organization","name":"Hotta","url":"https:\/\/hotta.eu\/lt\/","logo":{"@type":"ImageObject","inLanguage":"lt-LT","@id":"https:\/\/hotta.eu\/lt\/#\/schema\/logo\/image\/","url":"https:\/\/hotta.eu\/wp-content\/uploads\/2025\/04\/hotta-logo-invoice.png","contentUrl":"https:\/\/hotta.eu\/wp-content\/uploads\/2025\/04\/hotta-logo-invoice.png","width":600,"height":411,"caption":"Hotta"},"image":{"@id":"https:\/\/hotta.eu\/lt\/#\/schema\/logo\/image\/"},"sameAs":["https:\/\/www.facebook.com\/hotta.eu","https:\/\/x.com\/hottashop","https:\/\/www.instagram.com\/hotta.shop"]}]}},"jetpack_sharing_enabled":true,"_links":{"self":[{"href":"https:\/\/hotta.eu\/lt\/wp-json\/wp\/v2\/product\/19178","targetHints":{"allow":["GET"]}}],"collection":[{"href":"https:\/\/hotta.eu\/lt\/wp-json\/wp\/v2\/product"}],"about":[{"href":"https:\/\/hotta.eu\/lt\/wp-json\/wp\/v2\/types\/product"}],"replies":[{"embeddable":true,"href":"https:\/\/hotta.eu\/lt\/wp-json\/wp\/v2\/comments?post=19178"}],"wp:featuredmedia":[{"embeddable":true,"href":"https:\/\/hotta.eu\/lt\/wp-json\/wp\/v2\/media\/17178"}],"wp:attachment":[{"href":"https:\/\/hotta.eu\/lt\/wp-json\/wp\/v2\/media?parent=19178"}],"wp:term":[{"taxonomy":"product_cat","embeddable":true,"href":"https:\/\/hotta.eu\/lt\/wp-json\/wp\/v2\/product_cat?post=19178"},{"taxonomy":"product_tag","embeddable":true,"href":"https:\/\/hotta.eu\/lt\/wp-json\/wp\/v2\/product_tag?post=19178"},{"taxonomy":"giftcard-category","embeddable":true,"href":"https:\/\/hotta.eu\/lt\/wp-json\/wp\/v2\/giftcard-category?post=19178"}],"curies":[{"name":"wp","href":"https:\/\/api.w.org\/{rel}","templated":true}]}}