{"id":19193,"date":"2019-03-02T14:46:33","date_gmt":"2019-03-02T12:46:33","guid":{"rendered":"https:\/\/hotta.eu\/shop\/duminis-chipotle-pipiru-padazas\/"},"modified":"2024-12-27T12:43:30","modified_gmt":"2024-12-27T10:43:30","slug":"smoky-chipotle-pepper-sauce","status":"publish","type":"product","link":"https:\/\/hotta.eu\/lt\/shop\/smoky-chipotle-pepper-sauce\/","title":{"rendered":"Smoky Chipotle Pepper Sauce"},"content":{"rendered":"<p><strong>Sudedamosios dalys<\/strong><br \/>\nVanduo, raudonosios jalapeno aitriosios paprikos, svog\u016bnai, pomidor\u0173 tyr\u0117, vyskupo kar\u016bnos aitriosios paprikos, pomidorai, salyklo acto r\u016bg\u0161tis, druska, \u010desnakai, cukranendri\u0173 cukrus, kakava, juodieji pipirai, raudon\u0117liai, \u010diobreliai, cinamonas, gvazdik\u0117liai, nat\u016brali r\u016bkyta kvapioji med\u017eiaga, konservantas natrio benzoatas.<\/p>\n<div class=\"tableheader\"><strong>Maistin\u0117 vert\u0117 (100 g)<\/strong><\/div>\n<div class=\"tableheader\">Energin\u0117 vert\u0117 209,2 kJ \/ 50 kcal, angliavandeniai 13 g, i\u0161 j\u0173 cukr\u0173 8 g, baltymai 2 g, druska 2,66 g.<\/div>\n<p><strong>Galiojimas ir saugojimas<\/strong><br \/>\nAnt buteliuko nurodyta galiojimo data galioja neatidarytam produktui. Atidaryt\u0105 produkt\u0105 reikia laikyti \u0161aldytuve.<\/p>\n","protected":false},"excerpt":{"rendered":"<p>&#8220;Iguana Smoky Chipotle&#8221; yra vienas \u0161velniausi\u0173 savo asortimente. Tai d\u016bmo skonio pada\u017eas, pagamintas i\u0161 \u010dips\u0173 aitri\u0173j\u0173 paprik\u0173. Stipraus aromato ir skonio, su savitomis sudedamosiomis dalimis (kakava, cinamonas, raudon\u0117lis ir kt.). Idealiai tinka m\u0117sos patiekalams arba, pavyzd\u017eiui, marinatams gaminti.<br \/>\n[ywcwtl_form product_id=\"\"]<\/p>\n","protected":false},"featured_media":15512,"comment_status":"open","ping_status":"closed","template":"","meta":[],"product_cat":[917,925],"product_tag":[],"giftcard-category":[],"class_list":{"0":"post-19193","1":"product","2":"type-product","3":"status-publish","4":"has-post-thumbnail","6":"product_cat-padazai","7":"product_cat-svelnuus","8":"pa_brand-iguana","10":"first","11":"outofstock","12":"taxable","13":"shipping-taxable","14":"purchasable","15":"product-type-simple"},"yoast_head":"<!-- This site is optimized with the Yoast SEO plugin v27.3 - https:\/\/yoast.com\/product\/yoast-seo-wordpress\/ -->\n<title>Smoky Chipotle Pepper Sauce - Hotta<\/title>\n<meta name=\"description\" content=\"&quot;Iguana Smoky Chipotle&quot; yra vienas \u0161velniausi\u0173 savo asortimente. Tai d\u016bmo skonio pada\u017eas, pagamintas i\u0161 \u010dips\u0173 aitri\u0173j\u0173 paprik\u0173.\" \/>\n<meta name=\"robots\" content=\"index, follow, max-snippet:-1, max-image-preview:large, max-video-preview:-1\" \/>\n<link rel=\"canonical\" href=\"https:\/\/hotta.eu\/lt\/shop\/smoky-chipotle-pepper-sauce\/\" \/>\n<meta property=\"og:locale\" content=\"lt_LT\" \/>\n<meta property=\"og:type\" content=\"article\" \/>\n<meta property=\"og:title\" content=\"Smoky Chipotle Pepper Sauce - Hotta\" \/>\n<meta property=\"og:description\" content=\"&quot;Iguana Smoky Chipotle&quot; yra vienas \u0161velniausi\u0173 savo asortimente. Tai d\u016bmo skonio pada\u017eas, pagamintas i\u0161 \u010dips\u0173 aitri\u0173j\u0173 paprik\u0173.\" \/>\n<meta property=\"og:url\" content=\"https:\/\/hotta.eu\/lt\/shop\/smoky-chipotle-pepper-sauce\/\" \/>\n<meta property=\"og:site_name\" content=\"Hotta\" \/>\n<meta property=\"article:publisher\" content=\"https:\/\/www.facebook.com\/hotta.eu\" \/>\n<meta property=\"article:modified_time\" content=\"2024-12-27T10:43:30+00:00\" \/>\n<meta property=\"og:image\" content=\"https:\/\/hotta.eu\/wp-content\/uploads\/2024\/03\/IMG_9513.jpg\" \/>\n\t<meta property=\"og:image:width\" content=\"2000\" \/>\n\t<meta property=\"og:image:height\" content=\"2000\" \/>\n\t<meta property=\"og:image:type\" content=\"image\/jpeg\" \/>\n<meta name=\"twitter:card\" content=\"summary_large_image\" \/>\n<meta name=\"twitter:site\" content=\"@hottashop\" \/>\n<meta name=\"twitter:label1\" content=\"Est. reading time\" \/>\n\t<meta name=\"twitter:data1\" content=\"1 minute\" \/>\n<script type=\"application\/ld+json\" class=\"yoast-schema-graph\">{\"@context\":\"https:\\\/\\\/schema.org\",\"@graph\":[{\"@type\":\"WebPage\",\"@id\":\"https:\\\/\\\/hotta.eu\\\/lt\\\/shop\\\/smoky-chipotle-pepper-sauce\\\/\",\"url\":\"https:\\\/\\\/hotta.eu\\\/lt\\\/shop\\\/smoky-chipotle-pepper-sauce\\\/\",\"name\":\"Smoky Chipotle Pepper Sauce - Hotta\",\"isPartOf\":{\"@id\":\"https:\\\/\\\/hotta.eu\\\/lt\\\/#website\"},\"primaryImageOfPage\":{\"@id\":\"https:\\\/\\\/hotta.eu\\\/lt\\\/shop\\\/smoky-chipotle-pepper-sauce\\\/#primaryimage\"},\"image\":{\"@id\":\"https:\\\/\\\/hotta.eu\\\/lt\\\/shop\\\/smoky-chipotle-pepper-sauce\\\/#primaryimage\"},\"thumbnailUrl\":\"https:\\\/\\\/hotta.eu\\\/wp-content\\\/uploads\\\/2024\\\/03\\\/IMG_9513.jpg\",\"datePublished\":\"2019-03-02T12:46:33+00:00\",\"dateModified\":\"2024-12-27T10:43:30+00:00\",\"description\":\"\\\"Iguana Smoky Chipotle\\\" yra vienas \u0161velniausi\u0173 savo asortimente. Tai d\u016bmo skonio pada\u017eas, pagamintas i\u0161 \u010dips\u0173 aitri\u0173j\u0173 paprik\u0173.\",\"breadcrumb\":{\"@id\":\"https:\\\/\\\/hotta.eu\\\/lt\\\/shop\\\/smoky-chipotle-pepper-sauce\\\/#breadcrumb\"},\"inLanguage\":\"lt-LT\",\"potentialAction\":[{\"@type\":\"ReadAction\",\"target\":[\"https:\\\/\\\/hotta.eu\\\/lt\\\/shop\\\/smoky-chipotle-pepper-sauce\\\/\"]}]},{\"@type\":\"ImageObject\",\"inLanguage\":\"lt-LT\",\"@id\":\"https:\\\/\\\/hotta.eu\\\/lt\\\/shop\\\/smoky-chipotle-pepper-sauce\\\/#primaryimage\",\"url\":\"https:\\\/\\\/hotta.eu\\\/wp-content\\\/uploads\\\/2024\\\/03\\\/IMG_9513.jpg\",\"contentUrl\":\"https:\\\/\\\/hotta.eu\\\/wp-content\\\/uploads\\\/2024\\\/03\\\/IMG_9513.jpg\",\"width\":2000,\"height\":2000},{\"@type\":\"BreadcrumbList\",\"@id\":\"https:\\\/\\\/hotta.eu\\\/lt\\\/shop\\\/smoky-chipotle-pepper-sauce\\\/#breadcrumb\",\"itemListElement\":[{\"@type\":\"ListItem\",\"position\":1,\"name\":\"Prad\u017eia\",\"item\":\"https:\\\/\\\/hotta.eu\\\/lt\\\/pradzia\\\/\"},{\"@type\":\"ListItem\",\"position\":2,\"name\":\"Parduotuv\u0117\",\"item\":\"https:\\\/\\\/hotta.eu\\\/shop\\\/\"},{\"@type\":\"ListItem\",\"position\":3,\"name\":\"Smoky Chipotle Pepper Sauce\"}]},{\"@type\":\"WebSite\",\"@id\":\"https:\\\/\\\/hotta.eu\\\/lt\\\/#website\",\"url\":\"https:\\\/\\\/hotta.eu\\\/lt\\\/\",\"name\":\"Hotta\",\"description\":\"Makes your mouth burn a lotta!\",\"publisher\":{\"@id\":\"https:\\\/\\\/hotta.eu\\\/lt\\\/#organization\"},\"potentialAction\":[{\"@type\":\"SearchAction\",\"target\":{\"@type\":\"EntryPoint\",\"urlTemplate\":\"https:\\\/\\\/hotta.eu\\\/lt\\\/?s={search_term_string}\"},\"query-input\":{\"@type\":\"PropertyValueSpecification\",\"valueRequired\":true,\"valueName\":\"search_term_string\"}}],\"inLanguage\":\"lt-LT\"},{\"@type\":\"Organization\",\"@id\":\"https:\\\/\\\/hotta.eu\\\/lt\\\/#organization\",\"name\":\"Hotta\",\"url\":\"https:\\\/\\\/hotta.eu\\\/lt\\\/\",\"logo\":{\"@type\":\"ImageObject\",\"inLanguage\":\"lt-LT\",\"@id\":\"https:\\\/\\\/hotta.eu\\\/lt\\\/#\\\/schema\\\/logo\\\/image\\\/\",\"url\":\"https:\\\/\\\/hotta.eu\\\/wp-content\\\/uploads\\\/2025\\\/04\\\/hotta-logo-invoice.png\",\"contentUrl\":\"https:\\\/\\\/hotta.eu\\\/wp-content\\\/uploads\\\/2025\\\/04\\\/hotta-logo-invoice.png\",\"width\":600,\"height\":411,\"caption\":\"Hotta\"},\"image\":{\"@id\":\"https:\\\/\\\/hotta.eu\\\/lt\\\/#\\\/schema\\\/logo\\\/image\\\/\"},\"sameAs\":[\"https:\\\/\\\/www.facebook.com\\\/hotta.eu\",\"https:\\\/\\\/x.com\\\/hottashop\",\"https:\\\/\\\/www.instagram.com\\\/hotta.shop\"]}]}<\/script>\n<!-- \/ Yoast SEO plugin. -->","yoast_head_json":{"title":"Smoky Chipotle Pepper Sauce - Hotta","description":"\"Iguana Smoky Chipotle\" yra vienas \u0161velniausi\u0173 savo asortimente. Tai d\u016bmo skonio pada\u017eas, pagamintas i\u0161 \u010dips\u0173 aitri\u0173j\u0173 paprik\u0173.","robots":{"index":"index","follow":"follow","max-snippet":"max-snippet:-1","max-image-preview":"max-image-preview:large","max-video-preview":"max-video-preview:-1"},"canonical":"https:\/\/hotta.eu\/lt\/shop\/smoky-chipotle-pepper-sauce\/","og_locale":"lt_LT","og_type":"article","og_title":"Smoky Chipotle Pepper Sauce - Hotta","og_description":"\"Iguana Smoky Chipotle\" yra vienas \u0161velniausi\u0173 savo asortimente. Tai d\u016bmo skonio pada\u017eas, pagamintas i\u0161 \u010dips\u0173 aitri\u0173j\u0173 paprik\u0173.","og_url":"https:\/\/hotta.eu\/lt\/shop\/smoky-chipotle-pepper-sauce\/","og_site_name":"Hotta","article_publisher":"https:\/\/www.facebook.com\/hotta.eu","article_modified_time":"2024-12-27T10:43:30+00:00","og_image":[{"width":2000,"height":2000,"url":"https:\/\/hotta.eu\/wp-content\/uploads\/2024\/03\/IMG_9513.jpg","type":"image\/jpeg"}],"twitter_card":"summary_large_image","twitter_site":"@hottashop","twitter_misc":{"Est. reading time":"1 minute"},"schema":{"@context":"https:\/\/schema.org","@graph":[{"@type":"WebPage","@id":"https:\/\/hotta.eu\/lt\/shop\/smoky-chipotle-pepper-sauce\/","url":"https:\/\/hotta.eu\/lt\/shop\/smoky-chipotle-pepper-sauce\/","name":"Smoky Chipotle Pepper Sauce - Hotta","isPartOf":{"@id":"https:\/\/hotta.eu\/lt\/#website"},"primaryImageOfPage":{"@id":"https:\/\/hotta.eu\/lt\/shop\/smoky-chipotle-pepper-sauce\/#primaryimage"},"image":{"@id":"https:\/\/hotta.eu\/lt\/shop\/smoky-chipotle-pepper-sauce\/#primaryimage"},"thumbnailUrl":"https:\/\/hotta.eu\/wp-content\/uploads\/2024\/03\/IMG_9513.jpg","datePublished":"2019-03-02T12:46:33+00:00","dateModified":"2024-12-27T10:43:30+00:00","description":"\"Iguana Smoky Chipotle\" yra vienas \u0161velniausi\u0173 savo asortimente. Tai d\u016bmo skonio pada\u017eas, pagamintas i\u0161 \u010dips\u0173 aitri\u0173j\u0173 paprik\u0173.","breadcrumb":{"@id":"https:\/\/hotta.eu\/lt\/shop\/smoky-chipotle-pepper-sauce\/#breadcrumb"},"inLanguage":"lt-LT","potentialAction":[{"@type":"ReadAction","target":["https:\/\/hotta.eu\/lt\/shop\/smoky-chipotle-pepper-sauce\/"]}]},{"@type":"ImageObject","inLanguage":"lt-LT","@id":"https:\/\/hotta.eu\/lt\/shop\/smoky-chipotle-pepper-sauce\/#primaryimage","url":"https:\/\/hotta.eu\/wp-content\/uploads\/2024\/03\/IMG_9513.jpg","contentUrl":"https:\/\/hotta.eu\/wp-content\/uploads\/2024\/03\/IMG_9513.jpg","width":2000,"height":2000},{"@type":"BreadcrumbList","@id":"https:\/\/hotta.eu\/lt\/shop\/smoky-chipotle-pepper-sauce\/#breadcrumb","itemListElement":[{"@type":"ListItem","position":1,"name":"Prad\u017eia","item":"https:\/\/hotta.eu\/lt\/pradzia\/"},{"@type":"ListItem","position":2,"name":"Parduotuv\u0117","item":"https:\/\/hotta.eu\/shop\/"},{"@type":"ListItem","position":3,"name":"Smoky Chipotle Pepper Sauce"}]},{"@type":"WebSite","@id":"https:\/\/hotta.eu\/lt\/#website","url":"https:\/\/hotta.eu\/lt\/","name":"Hotta","description":"Makes your mouth burn a lotta!","publisher":{"@id":"https:\/\/hotta.eu\/lt\/#organization"},"potentialAction":[{"@type":"SearchAction","target":{"@type":"EntryPoint","urlTemplate":"https:\/\/hotta.eu\/lt\/?s={search_term_string}"},"query-input":{"@type":"PropertyValueSpecification","valueRequired":true,"valueName":"search_term_string"}}],"inLanguage":"lt-LT"},{"@type":"Organization","@id":"https:\/\/hotta.eu\/lt\/#organization","name":"Hotta","url":"https:\/\/hotta.eu\/lt\/","logo":{"@type":"ImageObject","inLanguage":"lt-LT","@id":"https:\/\/hotta.eu\/lt\/#\/schema\/logo\/image\/","url":"https:\/\/hotta.eu\/wp-content\/uploads\/2025\/04\/hotta-logo-invoice.png","contentUrl":"https:\/\/hotta.eu\/wp-content\/uploads\/2025\/04\/hotta-logo-invoice.png","width":600,"height":411,"caption":"Hotta"},"image":{"@id":"https:\/\/hotta.eu\/lt\/#\/schema\/logo\/image\/"},"sameAs":["https:\/\/www.facebook.com\/hotta.eu","https:\/\/x.com\/hottashop","https:\/\/www.instagram.com\/hotta.shop"]}]}},"jetpack_sharing_enabled":true,"_links":{"self":[{"href":"https:\/\/hotta.eu\/lt\/wp-json\/wp\/v2\/product\/19193","targetHints":{"allow":["GET"]}}],"collection":[{"href":"https:\/\/hotta.eu\/lt\/wp-json\/wp\/v2\/product"}],"about":[{"href":"https:\/\/hotta.eu\/lt\/wp-json\/wp\/v2\/types\/product"}],"replies":[{"embeddable":true,"href":"https:\/\/hotta.eu\/lt\/wp-json\/wp\/v2\/comments?post=19193"}],"wp:featuredmedia":[{"embeddable":true,"href":"https:\/\/hotta.eu\/lt\/wp-json\/wp\/v2\/media\/15512"}],"wp:attachment":[{"href":"https:\/\/hotta.eu\/lt\/wp-json\/wp\/v2\/media?parent=19193"}],"wp:term":[{"taxonomy":"product_cat","embeddable":true,"href":"https:\/\/hotta.eu\/lt\/wp-json\/wp\/v2\/product_cat?post=19193"},{"taxonomy":"product_tag","embeddable":true,"href":"https:\/\/hotta.eu\/lt\/wp-json\/wp\/v2\/product_tag?post=19193"},{"taxonomy":"giftcard-category","embeddable":true,"href":"https:\/\/hotta.eu\/lt\/wp-json\/wp\/v2\/giftcard-category?post=19193"}],"curies":[{"name":"wp","href":"https:\/\/api.w.org\/{rel}","templated":true}]}}