{"id":19205,"date":"2018-10-22T22:39:20","date_gmt":"2018-10-22T20:39:20","guid":{"rendered":"https:\/\/hotta.eu\/shop\/evil-one-astriuju-aitriuju-papriku-padazas\/"},"modified":"2024-12-27T12:43:52","modified_gmt":"2024-12-27T10:43:52","slug":"evil-one-hot-chilli-sauce","status":"publish","type":"product","link":"https:\/\/hotta.eu\/lt\/shop\/evil-one-hot-chilli-sauce\/","title":{"rendered":"Evil One Hot Chilli Sauce"},"content":{"rendered":"<p><strong>Sudedamosios dalys<\/strong><br \/>\nRaudonieji pipirai, acto r\u016bg\u0161tis, Karib\u0173 paprikos aitriosios paprikos (15%), svog\u016bnai, apelsin\u0173 mink\u0161timas, citrin\u0173 mink\u0161timas ir tarkuota \u017eievel\u0117, aitriosios paprikos vaiduokliai (3%), morkos, \u010desnakai, demeraros cukrus, paprik\u0173 aliejin\u0117 derva (&lt;1%), j\u016bros druska.<\/p>\n<p><strong>Maistingumo informacija (100 g)<\/strong><br \/>\nEnergin\u0117 vert\u0117 134 kJ \/ 32 kcal, riebal\u0173 0,6 g, i\u0161 j\u0173 so\u010di\u0173j\u0173 riebal\u0173 r\u016bg\u0161\u010di\u0173 0,1 g, angliavandeni\u0173 5,9 g, i\u0161 j\u0173 cukr\u0173 5,5 g, baltym\u0173 1,3 g, druskos 0,9 g.<\/p>\n<p><strong>Galiojimas ir saugojimas<\/strong><br \/>\nAnt buteliuko nurodyta galiojimo data galioja neatidarytam produktui. Atidaryt\u0105 produkt\u0105 reikia laikyti \u0161aldytuve.<\/p>\n","protected":false},"excerpt":{"rendered":"<p>Pada\u017e\u0173 \u0161eimai &#8220;Grim Reaper&#8221; priklausantis &#8220;Evil One&#8221; yra tris kartus laim\u0117j\u0119s Jungtin\u0117s Karalyst\u0117s aitri\u0173j\u0173 paprik\u0173 apdovanojimus &#8220;Extreme&#8221; kategorijoje. Be to, d\u0117\u017eut\u0117s buvo apdovanotos &#8220;Scovies XXX&#8221; sidabro medaliu &#8220;Hot&#8221; kategorijoje ir tapo publikos numyl\u0117tin\u0117mis keliuose ma\u017eesniuose konkursuose. Skonis vaisinis, su \u010desnako prieskoniu ir didesniu nei vidutinis a\u0161trumu.<br \/>\n[ywcwtl_form product_id=\"\"]<\/p>\n","protected":false},"featured_media":15372,"comment_status":"open","ping_status":"closed","template":"","meta":[],"product_cat":[927,917],"product_tag":[],"giftcard-category":[],"class_list":{"0":"post-19205","1":"product","2":"type-product","3":"status-publish","4":"has-post-thumbnail","6":"product_cat-astrus","7":"product_cat-padazai","8":"pa_brand-grim-reaper-foods","10":"first","11":"outofstock","12":"taxable","13":"shipping-taxable","14":"purchasable","15":"product-type-simple"},"yoast_head":"<!-- This site is optimized with the Yoast SEO plugin v27.3 - https:\/\/yoast.com\/product\/yoast-seo-wordpress\/ -->\n<title>Evil One Hot Chilli Sauce - Hotta<\/title>\n<meta name=\"robots\" content=\"index, follow, max-snippet:-1, max-image-preview:large, max-video-preview:-1\" \/>\n<link rel=\"canonical\" href=\"https:\/\/hotta.eu\/lt\/shop\/evil-one-hot-chilli-sauce\/\" \/>\n<meta property=\"og:locale\" content=\"lt_LT\" \/>\n<meta property=\"og:type\" content=\"article\" \/>\n<meta property=\"og:title\" content=\"Evil One Hot Chilli Sauce - Hotta\" \/>\n<meta property=\"og:description\" content=\"Pada\u017e\u0173 \u0161eimai &quot;Grim Reaper&quot; priklausantis &quot;Evil One&quot; yra tris kartus laim\u0117j\u0119s Jungtin\u0117s Karalyst\u0117s aitri\u0173j\u0173 paprik\u0173 apdovanojimus &quot;Extreme&quot; kategorijoje. Be to, d\u0117\u017eut\u0117s buvo apdovanotos &quot;Scovies XXX&quot; sidabro medaliu &quot;Hot&quot; kategorijoje ir tapo publikos numyl\u0117tin\u0117mis keliuose ma\u017eesniuose konkursuose. Skonis vaisinis, su \u010desnako prieskoniu ir didesniu nei vidutinis a\u0161trumu.\" \/>\n<meta property=\"og:url\" content=\"https:\/\/hotta.eu\/lt\/shop\/evil-one-hot-chilli-sauce\/\" \/>\n<meta property=\"og:site_name\" content=\"Hotta\" \/>\n<meta property=\"article:publisher\" content=\"https:\/\/www.facebook.com\/hotta.eu\" \/>\n<meta property=\"article:modified_time\" content=\"2024-12-27T10:43:52+00:00\" \/>\n<meta property=\"og:image\" content=\"https:\/\/hotta.eu\/wp-content\/uploads\/2024\/03\/IMG_3385-1.jpg\" \/>\n\t<meta property=\"og:image:width\" content=\"1973\" \/>\n\t<meta property=\"og:image:height\" content=\"1973\" \/>\n\t<meta property=\"og:image:type\" content=\"image\/jpeg\" \/>\n<meta name=\"twitter:card\" content=\"summary_large_image\" \/>\n<meta name=\"twitter:site\" content=\"@hottashop\" \/>\n<meta name=\"twitter:label1\" content=\"Est. reading time\" \/>\n\t<meta name=\"twitter:data1\" content=\"1 minute\" \/>\n<script type=\"application\/ld+json\" class=\"yoast-schema-graph\">{\"@context\":\"https:\\\/\\\/schema.org\",\"@graph\":[{\"@type\":\"WebPage\",\"@id\":\"https:\\\/\\\/hotta.eu\\\/lt\\\/shop\\\/evil-one-hot-chilli-sauce\\\/\",\"url\":\"https:\\\/\\\/hotta.eu\\\/lt\\\/shop\\\/evil-one-hot-chilli-sauce\\\/\",\"name\":\"Evil One Hot Chilli Sauce - Hotta\",\"isPartOf\":{\"@id\":\"https:\\\/\\\/hotta.eu\\\/lt\\\/#website\"},\"primaryImageOfPage\":{\"@id\":\"https:\\\/\\\/hotta.eu\\\/lt\\\/shop\\\/evil-one-hot-chilli-sauce\\\/#primaryimage\"},\"image\":{\"@id\":\"https:\\\/\\\/hotta.eu\\\/lt\\\/shop\\\/evil-one-hot-chilli-sauce\\\/#primaryimage\"},\"thumbnailUrl\":\"https:\\\/\\\/hotta.eu\\\/wp-content\\\/uploads\\\/2024\\\/03\\\/IMG_3385-1.jpg\",\"datePublished\":\"2018-10-22T20:39:20+00:00\",\"dateModified\":\"2024-12-27T10:43:52+00:00\",\"breadcrumb\":{\"@id\":\"https:\\\/\\\/hotta.eu\\\/lt\\\/shop\\\/evil-one-hot-chilli-sauce\\\/#breadcrumb\"},\"inLanguage\":\"lt-LT\",\"potentialAction\":[{\"@type\":\"ReadAction\",\"target\":[\"https:\\\/\\\/hotta.eu\\\/lt\\\/shop\\\/evil-one-hot-chilli-sauce\\\/\"]}]},{\"@type\":\"ImageObject\",\"inLanguage\":\"lt-LT\",\"@id\":\"https:\\\/\\\/hotta.eu\\\/lt\\\/shop\\\/evil-one-hot-chilli-sauce\\\/#primaryimage\",\"url\":\"https:\\\/\\\/hotta.eu\\\/wp-content\\\/uploads\\\/2024\\\/03\\\/IMG_3385-1.jpg\",\"contentUrl\":\"https:\\\/\\\/hotta.eu\\\/wp-content\\\/uploads\\\/2024\\\/03\\\/IMG_3385-1.jpg\",\"width\":1973,\"height\":1973},{\"@type\":\"BreadcrumbList\",\"@id\":\"https:\\\/\\\/hotta.eu\\\/lt\\\/shop\\\/evil-one-hot-chilli-sauce\\\/#breadcrumb\",\"itemListElement\":[{\"@type\":\"ListItem\",\"position\":1,\"name\":\"Prad\u017eia\",\"item\":\"https:\\\/\\\/hotta.eu\\\/lt\\\/pradzia\\\/\"},{\"@type\":\"ListItem\",\"position\":2,\"name\":\"Parduotuv\u0117\",\"item\":\"https:\\\/\\\/hotta.eu\\\/shop\\\/\"},{\"@type\":\"ListItem\",\"position\":3,\"name\":\"Evil One Hot Chilli Sauce\"}]},{\"@type\":\"WebSite\",\"@id\":\"https:\\\/\\\/hotta.eu\\\/lt\\\/#website\",\"url\":\"https:\\\/\\\/hotta.eu\\\/lt\\\/\",\"name\":\"Hotta\",\"description\":\"Makes your mouth burn a lotta!\",\"publisher\":{\"@id\":\"https:\\\/\\\/hotta.eu\\\/lt\\\/#organization\"},\"potentialAction\":[{\"@type\":\"SearchAction\",\"target\":{\"@type\":\"EntryPoint\",\"urlTemplate\":\"https:\\\/\\\/hotta.eu\\\/lt\\\/?s={search_term_string}\"},\"query-input\":{\"@type\":\"PropertyValueSpecification\",\"valueRequired\":true,\"valueName\":\"search_term_string\"}}],\"inLanguage\":\"lt-LT\"},{\"@type\":\"Organization\",\"@id\":\"https:\\\/\\\/hotta.eu\\\/lt\\\/#organization\",\"name\":\"Hotta\",\"url\":\"https:\\\/\\\/hotta.eu\\\/lt\\\/\",\"logo\":{\"@type\":\"ImageObject\",\"inLanguage\":\"lt-LT\",\"@id\":\"https:\\\/\\\/hotta.eu\\\/lt\\\/#\\\/schema\\\/logo\\\/image\\\/\",\"url\":\"https:\\\/\\\/hotta.eu\\\/wp-content\\\/uploads\\\/2025\\\/04\\\/hotta-logo-invoice.png\",\"contentUrl\":\"https:\\\/\\\/hotta.eu\\\/wp-content\\\/uploads\\\/2025\\\/04\\\/hotta-logo-invoice.png\",\"width\":600,\"height\":411,\"caption\":\"Hotta\"},\"image\":{\"@id\":\"https:\\\/\\\/hotta.eu\\\/lt\\\/#\\\/schema\\\/logo\\\/image\\\/\"},\"sameAs\":[\"https:\\\/\\\/www.facebook.com\\\/hotta.eu\",\"https:\\\/\\\/x.com\\\/hottashop\",\"https:\\\/\\\/www.instagram.com\\\/hotta.shop\"]}]}<\/script>\n<!-- \/ Yoast SEO plugin. -->","yoast_head_json":{"title":"Evil One Hot Chilli Sauce - Hotta","robots":{"index":"index","follow":"follow","max-snippet":"max-snippet:-1","max-image-preview":"max-image-preview:large","max-video-preview":"max-video-preview:-1"},"canonical":"https:\/\/hotta.eu\/lt\/shop\/evil-one-hot-chilli-sauce\/","og_locale":"lt_LT","og_type":"article","og_title":"Evil One Hot Chilli Sauce - Hotta","og_description":"Pada\u017e\u0173 \u0161eimai \"Grim Reaper\" priklausantis \"Evil One\" yra tris kartus laim\u0117j\u0119s Jungtin\u0117s Karalyst\u0117s aitri\u0173j\u0173 paprik\u0173 apdovanojimus \"Extreme\" kategorijoje. Be to, d\u0117\u017eut\u0117s buvo apdovanotos \"Scovies XXX\" sidabro medaliu \"Hot\" kategorijoje ir tapo publikos numyl\u0117tin\u0117mis keliuose ma\u017eesniuose konkursuose. Skonis vaisinis, su \u010desnako prieskoniu ir didesniu nei vidutinis a\u0161trumu.","og_url":"https:\/\/hotta.eu\/lt\/shop\/evil-one-hot-chilli-sauce\/","og_site_name":"Hotta","article_publisher":"https:\/\/www.facebook.com\/hotta.eu","article_modified_time":"2024-12-27T10:43:52+00:00","og_image":[{"width":1973,"height":1973,"url":"https:\/\/hotta.eu\/wp-content\/uploads\/2024\/03\/IMG_3385-1.jpg","type":"image\/jpeg"}],"twitter_card":"summary_large_image","twitter_site":"@hottashop","twitter_misc":{"Est. reading time":"1 minute"},"schema":{"@context":"https:\/\/schema.org","@graph":[{"@type":"WebPage","@id":"https:\/\/hotta.eu\/lt\/shop\/evil-one-hot-chilli-sauce\/","url":"https:\/\/hotta.eu\/lt\/shop\/evil-one-hot-chilli-sauce\/","name":"Evil One Hot Chilli Sauce - Hotta","isPartOf":{"@id":"https:\/\/hotta.eu\/lt\/#website"},"primaryImageOfPage":{"@id":"https:\/\/hotta.eu\/lt\/shop\/evil-one-hot-chilli-sauce\/#primaryimage"},"image":{"@id":"https:\/\/hotta.eu\/lt\/shop\/evil-one-hot-chilli-sauce\/#primaryimage"},"thumbnailUrl":"https:\/\/hotta.eu\/wp-content\/uploads\/2024\/03\/IMG_3385-1.jpg","datePublished":"2018-10-22T20:39:20+00:00","dateModified":"2024-12-27T10:43:52+00:00","breadcrumb":{"@id":"https:\/\/hotta.eu\/lt\/shop\/evil-one-hot-chilli-sauce\/#breadcrumb"},"inLanguage":"lt-LT","potentialAction":[{"@type":"ReadAction","target":["https:\/\/hotta.eu\/lt\/shop\/evil-one-hot-chilli-sauce\/"]}]},{"@type":"ImageObject","inLanguage":"lt-LT","@id":"https:\/\/hotta.eu\/lt\/shop\/evil-one-hot-chilli-sauce\/#primaryimage","url":"https:\/\/hotta.eu\/wp-content\/uploads\/2024\/03\/IMG_3385-1.jpg","contentUrl":"https:\/\/hotta.eu\/wp-content\/uploads\/2024\/03\/IMG_3385-1.jpg","width":1973,"height":1973},{"@type":"BreadcrumbList","@id":"https:\/\/hotta.eu\/lt\/shop\/evil-one-hot-chilli-sauce\/#breadcrumb","itemListElement":[{"@type":"ListItem","position":1,"name":"Prad\u017eia","item":"https:\/\/hotta.eu\/lt\/pradzia\/"},{"@type":"ListItem","position":2,"name":"Parduotuv\u0117","item":"https:\/\/hotta.eu\/shop\/"},{"@type":"ListItem","position":3,"name":"Evil One Hot Chilli Sauce"}]},{"@type":"WebSite","@id":"https:\/\/hotta.eu\/lt\/#website","url":"https:\/\/hotta.eu\/lt\/","name":"Hotta","description":"Makes your mouth burn a lotta!","publisher":{"@id":"https:\/\/hotta.eu\/lt\/#organization"},"potentialAction":[{"@type":"SearchAction","target":{"@type":"EntryPoint","urlTemplate":"https:\/\/hotta.eu\/lt\/?s={search_term_string}"},"query-input":{"@type":"PropertyValueSpecification","valueRequired":true,"valueName":"search_term_string"}}],"inLanguage":"lt-LT"},{"@type":"Organization","@id":"https:\/\/hotta.eu\/lt\/#organization","name":"Hotta","url":"https:\/\/hotta.eu\/lt\/","logo":{"@type":"ImageObject","inLanguage":"lt-LT","@id":"https:\/\/hotta.eu\/lt\/#\/schema\/logo\/image\/","url":"https:\/\/hotta.eu\/wp-content\/uploads\/2025\/04\/hotta-logo-invoice.png","contentUrl":"https:\/\/hotta.eu\/wp-content\/uploads\/2025\/04\/hotta-logo-invoice.png","width":600,"height":411,"caption":"Hotta"},"image":{"@id":"https:\/\/hotta.eu\/lt\/#\/schema\/logo\/image\/"},"sameAs":["https:\/\/www.facebook.com\/hotta.eu","https:\/\/x.com\/hottashop","https:\/\/www.instagram.com\/hotta.shop"]}]}},"jetpack_sharing_enabled":true,"_links":{"self":[{"href":"https:\/\/hotta.eu\/lt\/wp-json\/wp\/v2\/product\/19205","targetHints":{"allow":["GET"]}}],"collection":[{"href":"https:\/\/hotta.eu\/lt\/wp-json\/wp\/v2\/product"}],"about":[{"href":"https:\/\/hotta.eu\/lt\/wp-json\/wp\/v2\/types\/product"}],"replies":[{"embeddable":true,"href":"https:\/\/hotta.eu\/lt\/wp-json\/wp\/v2\/comments?post=19205"}],"wp:featuredmedia":[{"embeddable":true,"href":"https:\/\/hotta.eu\/lt\/wp-json\/wp\/v2\/media\/15372"}],"wp:attachment":[{"href":"https:\/\/hotta.eu\/lt\/wp-json\/wp\/v2\/media?parent=19205"}],"wp:term":[{"taxonomy":"product_cat","embeddable":true,"href":"https:\/\/hotta.eu\/lt\/wp-json\/wp\/v2\/product_cat?post=19205"},{"taxonomy":"product_tag","embeddable":true,"href":"https:\/\/hotta.eu\/lt\/wp-json\/wp\/v2\/product_tag?post=19205"},{"taxonomy":"giftcard-category","embeddable":true,"href":"https:\/\/hotta.eu\/lt\/wp-json\/wp\/v2\/giftcard-category?post=19205"}],"curies":[{"name":"wp","href":"https:\/\/api.w.org\/{rel}","templated":true}]}}