{"id":19218,"date":"2018-10-27T23:00:13","date_gmt":"2018-10-27T21:00:13","guid":{"rendered":"https:\/\/hotta.eu\/shop\/rookie-goblin-astriuju-aitriuju-papriku-padazas\/"},"modified":"2024-12-27T12:43:49","modified_gmt":"2024-12-27T10:43:49","slug":"rookie-goblin-hot-chilli-sauce","status":"publish","type":"product","link":"https:\/\/hotta.eu\/lt\/shop\/rookie-goblin-hot-chilli-sauce\/","title":{"rendered":"Rookie Goblin Hot Chilli Sauce"},"content":{"rendered":"<p><strong>Sudedamosios dalys<\/strong><br \/>\nCinamono r\u016bg\u0161tis, jalapeno aitriosios paprikos (22 %), apelsinas, laimas, cukrus, \u017ealiasis svog\u016bnas, imbieras, \u010desnakas, kalendra, \u0161pinatai, aliejus su j\u016bros druska.<\/p>\n<div class=\"tableheader\"><strong>Maistin\u0117 vert\u0117 (100 g)<\/strong><\/div>\n<div class=\"tableheader\">Energin\u0117 vert\u0117 352 kJ \/ 84 kcal, riebal\u0173 1,2 g, i\u0161 j\u0173 so\u010di\u0173j\u0173 riebal\u0173 r\u016bg\u0161\u010di\u0173 0,1 g, angliavandeni\u0173 15,7 g, i\u0161 j\u0173 cukr\u0173 13,2 g, baltym\u0173 1,4 g, druskos 1,6 g.<\/div>\n<p><strong>Galiojimas ir saugojimas<\/strong><br \/>\nAnt buteliuko nurodyta galiojimo data galioja neatidarytam produktui. Atidaryt\u0105 produkt\u0105 reikia laikyti \u0161aldytuve.<\/p>\n","protected":false},"excerpt":{"rendered":"<p>&#8220;Rookie Goblin&#8221; &#8211; &#8220;Grim Reaper&#8221; pada\u017e\u0173 \u0161eimos narys, i\u0161siskiriantis i\u0161 kit\u0173 savo i\u0161skirtine spalva. &#8220;The Great Taste Awards&#8221; aukso \u017evaig\u017ed\u0117s ir daugelio kit\u0173 apdovanojim\u0173 laim\u0117tojas. Puikiai tinka ant mai\u0161yt\u0173 bulvy\u010di\u0173 ar picos.<br \/>\n[ywcwtl_form product_id=\"\"]<\/p>\n","protected":false},"featured_media":17195,"comment_status":"open","ping_status":"closed","template":"","meta":[],"product_cat":[917,925],"product_tag":[],"giftcard-category":[],"class_list":{"0":"post-19218","1":"product","2":"type-product","3":"status-publish","4":"has-post-thumbnail","6":"product_cat-padazai","7":"product_cat-svelnuus","8":"pa_brand-grim-reaper-foods","10":"first","11":"outofstock","12":"taxable","13":"shipping-taxable","14":"purchasable","15":"product-type-simple"},"yoast_head":"<!-- This site is optimized with the Yoast SEO plugin v27.3 - https:\/\/yoast.com\/product\/yoast-seo-wordpress\/ -->\n<title>Rookie Goblin Hot Chilli Sauce - Hotta<\/title>\n<meta name=\"robots\" content=\"index, follow, max-snippet:-1, max-image-preview:large, max-video-preview:-1\" \/>\n<link rel=\"canonical\" href=\"https:\/\/hotta.eu\/lt\/shop\/rookie-goblin-hot-chilli-sauce\/\" \/>\n<meta property=\"og:locale\" content=\"lt_LT\" \/>\n<meta property=\"og:type\" content=\"article\" \/>\n<meta property=\"og:title\" content=\"Rookie Goblin Hot Chilli Sauce - Hotta\" \/>\n<meta property=\"og:description\" content=\"&quot;Rookie Goblin&quot; - &quot;Grim Reaper&quot; pada\u017e\u0173 \u0161eimos narys, i\u0161siskiriantis i\u0161 kit\u0173 savo i\u0161skirtine spalva. &quot;The Great Taste Awards&quot; aukso \u017evaig\u017ed\u0117s ir daugelio kit\u0173 apdovanojim\u0173 laim\u0117tojas. Puikiai tinka ant mai\u0161yt\u0173 bulvy\u010di\u0173 ar picos.\" \/>\n<meta property=\"og:url\" content=\"https:\/\/hotta.eu\/lt\/shop\/rookie-goblin-hot-chilli-sauce\/\" \/>\n<meta property=\"og:site_name\" content=\"Hotta\" \/>\n<meta property=\"article:publisher\" content=\"https:\/\/www.facebook.com\/hotta.eu\" \/>\n<meta property=\"article:modified_time\" content=\"2024-12-27T10:43:49+00:00\" \/>\n<meta property=\"og:image\" content=\"https:\/\/hotta.eu\/wp-content\/uploads\/2018\/10\/IMG_3390-2.jpg\" \/>\n\t<meta property=\"og:image:width\" content=\"2000\" \/>\n\t<meta property=\"og:image:height\" content=\"2000\" \/>\n\t<meta property=\"og:image:type\" content=\"image\/jpeg\" \/>\n<meta name=\"twitter:card\" content=\"summary_large_image\" \/>\n<meta name=\"twitter:site\" content=\"@hottashop\" \/>\n<meta name=\"twitter:label1\" content=\"Est. reading time\" \/>\n\t<meta name=\"twitter:data1\" content=\"1 minute\" \/>\n<script type=\"application\/ld+json\" class=\"yoast-schema-graph\">{\"@context\":\"https:\\\/\\\/schema.org\",\"@graph\":[{\"@type\":\"WebPage\",\"@id\":\"https:\\\/\\\/hotta.eu\\\/lt\\\/shop\\\/rookie-goblin-hot-chilli-sauce\\\/\",\"url\":\"https:\\\/\\\/hotta.eu\\\/lt\\\/shop\\\/rookie-goblin-hot-chilli-sauce\\\/\",\"name\":\"Rookie Goblin Hot Chilli Sauce - Hotta\",\"isPartOf\":{\"@id\":\"https:\\\/\\\/hotta.eu\\\/lt\\\/#website\"},\"primaryImageOfPage\":{\"@id\":\"https:\\\/\\\/hotta.eu\\\/lt\\\/shop\\\/rookie-goblin-hot-chilli-sauce\\\/#primaryimage\"},\"image\":{\"@id\":\"https:\\\/\\\/hotta.eu\\\/lt\\\/shop\\\/rookie-goblin-hot-chilli-sauce\\\/#primaryimage\"},\"thumbnailUrl\":\"https:\\\/\\\/hotta.eu\\\/wp-content\\\/uploads\\\/2018\\\/10\\\/IMG_3390-2.jpg\",\"datePublished\":\"2018-10-27T21:00:13+00:00\",\"dateModified\":\"2024-12-27T10:43:49+00:00\",\"breadcrumb\":{\"@id\":\"https:\\\/\\\/hotta.eu\\\/lt\\\/shop\\\/rookie-goblin-hot-chilli-sauce\\\/#breadcrumb\"},\"inLanguage\":\"lt-LT\",\"potentialAction\":[{\"@type\":\"ReadAction\",\"target\":[\"https:\\\/\\\/hotta.eu\\\/lt\\\/shop\\\/rookie-goblin-hot-chilli-sauce\\\/\"]}]},{\"@type\":\"ImageObject\",\"inLanguage\":\"lt-LT\",\"@id\":\"https:\\\/\\\/hotta.eu\\\/lt\\\/shop\\\/rookie-goblin-hot-chilli-sauce\\\/#primaryimage\",\"url\":\"https:\\\/\\\/hotta.eu\\\/wp-content\\\/uploads\\\/2018\\\/10\\\/IMG_3390-2.jpg\",\"contentUrl\":\"https:\\\/\\\/hotta.eu\\\/wp-content\\\/uploads\\\/2018\\\/10\\\/IMG_3390-2.jpg\",\"width\":2000,\"height\":2000},{\"@type\":\"BreadcrumbList\",\"@id\":\"https:\\\/\\\/hotta.eu\\\/lt\\\/shop\\\/rookie-goblin-hot-chilli-sauce\\\/#breadcrumb\",\"itemListElement\":[{\"@type\":\"ListItem\",\"position\":1,\"name\":\"Prad\u017eia\",\"item\":\"https:\\\/\\\/hotta.eu\\\/lt\\\/pradzia\\\/\"},{\"@type\":\"ListItem\",\"position\":2,\"name\":\"Parduotuv\u0117\",\"item\":\"https:\\\/\\\/hotta.eu\\\/shop\\\/\"},{\"@type\":\"ListItem\",\"position\":3,\"name\":\"Rookie Goblin Hot Chilli Sauce\"}]},{\"@type\":\"WebSite\",\"@id\":\"https:\\\/\\\/hotta.eu\\\/lt\\\/#website\",\"url\":\"https:\\\/\\\/hotta.eu\\\/lt\\\/\",\"name\":\"Hotta\",\"description\":\"Makes your mouth burn a lotta!\",\"publisher\":{\"@id\":\"https:\\\/\\\/hotta.eu\\\/lt\\\/#organization\"},\"potentialAction\":[{\"@type\":\"SearchAction\",\"target\":{\"@type\":\"EntryPoint\",\"urlTemplate\":\"https:\\\/\\\/hotta.eu\\\/lt\\\/?s={search_term_string}\"},\"query-input\":{\"@type\":\"PropertyValueSpecification\",\"valueRequired\":true,\"valueName\":\"search_term_string\"}}],\"inLanguage\":\"lt-LT\"},{\"@type\":\"Organization\",\"@id\":\"https:\\\/\\\/hotta.eu\\\/lt\\\/#organization\",\"name\":\"Hotta\",\"url\":\"https:\\\/\\\/hotta.eu\\\/lt\\\/\",\"logo\":{\"@type\":\"ImageObject\",\"inLanguage\":\"lt-LT\",\"@id\":\"https:\\\/\\\/hotta.eu\\\/lt\\\/#\\\/schema\\\/logo\\\/image\\\/\",\"url\":\"https:\\\/\\\/hotta.eu\\\/wp-content\\\/uploads\\\/2025\\\/04\\\/hotta-logo-invoice.png\",\"contentUrl\":\"https:\\\/\\\/hotta.eu\\\/wp-content\\\/uploads\\\/2025\\\/04\\\/hotta-logo-invoice.png\",\"width\":600,\"height\":411,\"caption\":\"Hotta\"},\"image\":{\"@id\":\"https:\\\/\\\/hotta.eu\\\/lt\\\/#\\\/schema\\\/logo\\\/image\\\/\"},\"sameAs\":[\"https:\\\/\\\/www.facebook.com\\\/hotta.eu\",\"https:\\\/\\\/x.com\\\/hottashop\",\"https:\\\/\\\/www.instagram.com\\\/hotta.shop\"]}]}<\/script>\n<!-- \/ Yoast SEO plugin. -->","yoast_head_json":{"title":"Rookie Goblin Hot Chilli Sauce - Hotta","robots":{"index":"index","follow":"follow","max-snippet":"max-snippet:-1","max-image-preview":"max-image-preview:large","max-video-preview":"max-video-preview:-1"},"canonical":"https:\/\/hotta.eu\/lt\/shop\/rookie-goblin-hot-chilli-sauce\/","og_locale":"lt_LT","og_type":"article","og_title":"Rookie Goblin Hot Chilli Sauce - Hotta","og_description":"\"Rookie Goblin\" - \"Grim Reaper\" pada\u017e\u0173 \u0161eimos narys, i\u0161siskiriantis i\u0161 kit\u0173 savo i\u0161skirtine spalva. \"The Great Taste Awards\" aukso \u017evaig\u017ed\u0117s ir daugelio kit\u0173 apdovanojim\u0173 laim\u0117tojas. Puikiai tinka ant mai\u0161yt\u0173 bulvy\u010di\u0173 ar picos.","og_url":"https:\/\/hotta.eu\/lt\/shop\/rookie-goblin-hot-chilli-sauce\/","og_site_name":"Hotta","article_publisher":"https:\/\/www.facebook.com\/hotta.eu","article_modified_time":"2024-12-27T10:43:49+00:00","og_image":[{"width":2000,"height":2000,"url":"https:\/\/hotta.eu\/wp-content\/uploads\/2018\/10\/IMG_3390-2.jpg","type":"image\/jpeg"}],"twitter_card":"summary_large_image","twitter_site":"@hottashop","twitter_misc":{"Est. reading time":"1 minute"},"schema":{"@context":"https:\/\/schema.org","@graph":[{"@type":"WebPage","@id":"https:\/\/hotta.eu\/lt\/shop\/rookie-goblin-hot-chilli-sauce\/","url":"https:\/\/hotta.eu\/lt\/shop\/rookie-goblin-hot-chilli-sauce\/","name":"Rookie Goblin Hot Chilli Sauce - Hotta","isPartOf":{"@id":"https:\/\/hotta.eu\/lt\/#website"},"primaryImageOfPage":{"@id":"https:\/\/hotta.eu\/lt\/shop\/rookie-goblin-hot-chilli-sauce\/#primaryimage"},"image":{"@id":"https:\/\/hotta.eu\/lt\/shop\/rookie-goblin-hot-chilli-sauce\/#primaryimage"},"thumbnailUrl":"https:\/\/hotta.eu\/wp-content\/uploads\/2018\/10\/IMG_3390-2.jpg","datePublished":"2018-10-27T21:00:13+00:00","dateModified":"2024-12-27T10:43:49+00:00","breadcrumb":{"@id":"https:\/\/hotta.eu\/lt\/shop\/rookie-goblin-hot-chilli-sauce\/#breadcrumb"},"inLanguage":"lt-LT","potentialAction":[{"@type":"ReadAction","target":["https:\/\/hotta.eu\/lt\/shop\/rookie-goblin-hot-chilli-sauce\/"]}]},{"@type":"ImageObject","inLanguage":"lt-LT","@id":"https:\/\/hotta.eu\/lt\/shop\/rookie-goblin-hot-chilli-sauce\/#primaryimage","url":"https:\/\/hotta.eu\/wp-content\/uploads\/2018\/10\/IMG_3390-2.jpg","contentUrl":"https:\/\/hotta.eu\/wp-content\/uploads\/2018\/10\/IMG_3390-2.jpg","width":2000,"height":2000},{"@type":"BreadcrumbList","@id":"https:\/\/hotta.eu\/lt\/shop\/rookie-goblin-hot-chilli-sauce\/#breadcrumb","itemListElement":[{"@type":"ListItem","position":1,"name":"Prad\u017eia","item":"https:\/\/hotta.eu\/lt\/pradzia\/"},{"@type":"ListItem","position":2,"name":"Parduotuv\u0117","item":"https:\/\/hotta.eu\/shop\/"},{"@type":"ListItem","position":3,"name":"Rookie Goblin Hot Chilli Sauce"}]},{"@type":"WebSite","@id":"https:\/\/hotta.eu\/lt\/#website","url":"https:\/\/hotta.eu\/lt\/","name":"Hotta","description":"Makes your mouth burn a lotta!","publisher":{"@id":"https:\/\/hotta.eu\/lt\/#organization"},"potentialAction":[{"@type":"SearchAction","target":{"@type":"EntryPoint","urlTemplate":"https:\/\/hotta.eu\/lt\/?s={search_term_string}"},"query-input":{"@type":"PropertyValueSpecification","valueRequired":true,"valueName":"search_term_string"}}],"inLanguage":"lt-LT"},{"@type":"Organization","@id":"https:\/\/hotta.eu\/lt\/#organization","name":"Hotta","url":"https:\/\/hotta.eu\/lt\/","logo":{"@type":"ImageObject","inLanguage":"lt-LT","@id":"https:\/\/hotta.eu\/lt\/#\/schema\/logo\/image\/","url":"https:\/\/hotta.eu\/wp-content\/uploads\/2025\/04\/hotta-logo-invoice.png","contentUrl":"https:\/\/hotta.eu\/wp-content\/uploads\/2025\/04\/hotta-logo-invoice.png","width":600,"height":411,"caption":"Hotta"},"image":{"@id":"https:\/\/hotta.eu\/lt\/#\/schema\/logo\/image\/"},"sameAs":["https:\/\/www.facebook.com\/hotta.eu","https:\/\/x.com\/hottashop","https:\/\/www.instagram.com\/hotta.shop"]}]}},"jetpack_sharing_enabled":true,"_links":{"self":[{"href":"https:\/\/hotta.eu\/lt\/wp-json\/wp\/v2\/product\/19218","targetHints":{"allow":["GET"]}}],"collection":[{"href":"https:\/\/hotta.eu\/lt\/wp-json\/wp\/v2\/product"}],"about":[{"href":"https:\/\/hotta.eu\/lt\/wp-json\/wp\/v2\/types\/product"}],"replies":[{"embeddable":true,"href":"https:\/\/hotta.eu\/lt\/wp-json\/wp\/v2\/comments?post=19218"}],"wp:featuredmedia":[{"embeddable":true,"href":"https:\/\/hotta.eu\/lt\/wp-json\/wp\/v2\/media\/17195"}],"wp:attachment":[{"href":"https:\/\/hotta.eu\/lt\/wp-json\/wp\/v2\/media?parent=19218"}],"wp:term":[{"taxonomy":"product_cat","embeddable":true,"href":"https:\/\/hotta.eu\/lt\/wp-json\/wp\/v2\/product_cat?post=19218"},{"taxonomy":"product_tag","embeddable":true,"href":"https:\/\/hotta.eu\/lt\/wp-json\/wp\/v2\/product_tag?post=19218"},{"taxonomy":"giftcard-category","embeddable":true,"href":"https:\/\/hotta.eu\/lt\/wp-json\/wp\/v2\/giftcard-category?post=19218"}],"curies":[{"name":"wp","href":"https:\/\/api.w.org\/{rel}","templated":true}]}}