{"id":19222,"date":"2018-10-30T21:53:56","date_gmt":"2018-10-30T19:53:56","guid":{"rendered":"https:\/\/hotta.eu\/shop\/hellraiser-pieno-aitriuju-papriku-sokoladas\/"},"modified":"2024-12-27T12:43:45","modified_gmt":"2024-12-27T10:43:45","slug":"hellraiser-milk-chilli-chocolate","status":"publish","type":"product","link":"https:\/\/hotta.eu\/lt\/shop\/hellraiser-milk-chilli-chocolate\/","title":{"rendered":"Hellraiser Milk Chilli Chocolate"},"content":{"rendered":"<p><strong>Sudedamosios dalys<\/strong><br \/>\nPieni\u0161kas \u0161okoladas (cukrus, kakavos sviestas, <strong>nenugriebto pieno milteliai<\/strong>, kakavos mas\u0117 33,6 %, emulsiklis <strong>soj\u0173 lecitinas<\/strong>, nat\u016brali vanil\u0117), smulkintos kakavos pupel\u0117s, bergamo\u010di\u0173 eterinis aliejus, prieskoni\u0173 mi\u0161inys, aitri\u0173j\u0173 paprik\u0173 milteliai (0,1 %).<\/p>\n<p><strong>Informacija apie alergij\u0105<\/strong><br \/>\nSud\u0117tyje yra gr\u016bd\u0173, glitimo, pieno ir sojos.<\/p>\n<p><strong>Maistingumo informacija (100 g)<\/strong><br \/>\nEnergin\u0117 vert\u0117 561 kcal, riebalai 36,2 g, i\u0161 j\u0173 sotieji riebalai 22,9 g, angliavandeniai 51,4 g, i\u0161 j\u0173 cukrus 50,4 g, druska &lt;0,1 g.<\/p>\n<p><strong>Galiojimas ir saugojimas<\/strong><br \/>\nAnt pakuot\u0117s nurodyta galiojimo data taikoma neatidarytam produktui. Produkt\u0105 reikia laikyti sausoje vietoje, atokiau nuo tiesiogini\u0173 saul\u0117s spinduli\u0173.<\/p>\n","protected":false},"excerpt":{"rendered":"<p>&#8220;Hellraiser&#8221; pieniniame \u0161okolade yra 33,6 proc. kakavos, jis pagardintas sald\u017eiaisiais apelsinais, cinamonu ir gvazdik\u0117liais. \u012edomi skonio patirtis saldumyn\u0173 m\u0117g\u0117jams, tinkama ir veganams. Tinka tiesiog valgyti arba at\u0161ildyti ir naudoti kaip vaisi\u0173 u\u017epil\u0105. A\u0161trumo suteikia aitriosios paprikos vaiduoklis. Anglijos rankdarbiai.<br \/>\n[ywcwtl_form product_id=\"\"]<\/p>\n","protected":false},"featured_media":15412,"comment_status":"open","ping_status":"closed","template":"","meta":[],"product_cat":[939],"product_tag":[],"giftcard-category":[],"class_list":{"0":"post-19222","1":"product","2":"type-product","3":"status-publish","4":"has-post-thumbnail","6":"product_cat-uzkandziai","7":"pa_brand-grim-reaper-foods","9":"first","10":"outofstock","11":"taxable","12":"shipping-taxable","13":"purchasable","14":"product-type-simple"},"yoast_head":"<!-- This site is optimized with the Yoast SEO plugin v27.4 - https:\/\/yoast.com\/product\/yoast-seo-wordpress\/ -->\n<title>Hellraiser Milk Chilli Chocolate - Hotta<\/title>\n<meta name=\"robots\" content=\"index, follow, max-snippet:-1, max-image-preview:large, max-video-preview:-1\" \/>\n<link rel=\"canonical\" href=\"https:\/\/hotta.eu\/lt\/shop\/hellraiser-milk-chilli-chocolate\/\" \/>\n<meta property=\"og:locale\" content=\"lt_LT\" \/>\n<meta property=\"og:type\" content=\"article\" \/>\n<meta property=\"og:title\" content=\"Hellraiser Milk Chilli Chocolate - Hotta\" \/>\n<meta property=\"og:description\" content=\"&quot;Hellraiser&quot; pieniniame \u0161okolade yra 33,6 proc. kakavos, jis pagardintas sald\u017eiaisiais apelsinais, cinamonu ir gvazdik\u0117liais. \u012edomi skonio patirtis saldumyn\u0173 m\u0117g\u0117jams, tinkama ir veganams. Tinka tiesiog valgyti arba at\u0161ildyti ir naudoti kaip vaisi\u0173 u\u017epil\u0105. A\u0161trumo suteikia aitriosios paprikos vaiduoklis. Anglijos rankdarbiai.\" \/>\n<meta property=\"og:url\" content=\"https:\/\/hotta.eu\/lt\/shop\/hellraiser-milk-chilli-chocolate\/\" \/>\n<meta property=\"og:site_name\" content=\"Hotta\" \/>\n<meta property=\"article:publisher\" content=\"https:\/\/www.facebook.com\/hotta.eu\" \/>\n<meta property=\"article:modified_time\" content=\"2024-12-27T10:43:45+00:00\" \/>\n<meta property=\"og:image\" content=\"https:\/\/hotta.eu\/wp-content\/uploads\/2024\/03\/IMG_3413.jpg\" \/>\n\t<meta property=\"og:image:width\" content=\"2000\" \/>\n\t<meta property=\"og:image:height\" content=\"2000\" \/>\n\t<meta property=\"og:image:type\" content=\"image\/jpeg\" \/>\n<meta name=\"twitter:card\" content=\"summary_large_image\" \/>\n<meta name=\"twitter:site\" content=\"@hottashop\" \/>\n<meta name=\"twitter:label1\" content=\"Est. reading time\" \/>\n\t<meta name=\"twitter:data1\" content=\"1 minute\" \/>\n<script type=\"application\/ld+json\" class=\"yoast-schema-graph\">{\"@context\":\"https:\\\/\\\/schema.org\",\"@graph\":[{\"@type\":\"WebPage\",\"@id\":\"https:\\\/\\\/hotta.eu\\\/lt\\\/shop\\\/hellraiser-milk-chilli-chocolate\\\/\",\"url\":\"https:\\\/\\\/hotta.eu\\\/lt\\\/shop\\\/hellraiser-milk-chilli-chocolate\\\/\",\"name\":\"Hellraiser Milk Chilli Chocolate - Hotta\",\"isPartOf\":{\"@id\":\"https:\\\/\\\/hotta.eu\\\/lt\\\/#website\"},\"primaryImageOfPage\":{\"@id\":\"https:\\\/\\\/hotta.eu\\\/lt\\\/shop\\\/hellraiser-milk-chilli-chocolate\\\/#primaryimage\"},\"image\":{\"@id\":\"https:\\\/\\\/hotta.eu\\\/lt\\\/shop\\\/hellraiser-milk-chilli-chocolate\\\/#primaryimage\"},\"thumbnailUrl\":\"https:\\\/\\\/hotta.eu\\\/wp-content\\\/uploads\\\/2024\\\/03\\\/IMG_3413.jpg\",\"datePublished\":\"2018-10-30T19:53:56+00:00\",\"dateModified\":\"2024-12-27T10:43:45+00:00\",\"breadcrumb\":{\"@id\":\"https:\\\/\\\/hotta.eu\\\/lt\\\/shop\\\/hellraiser-milk-chilli-chocolate\\\/#breadcrumb\"},\"inLanguage\":\"lt-LT\",\"potentialAction\":[{\"@type\":\"ReadAction\",\"target\":[\"https:\\\/\\\/hotta.eu\\\/lt\\\/shop\\\/hellraiser-milk-chilli-chocolate\\\/\"]}]},{\"@type\":\"ImageObject\",\"inLanguage\":\"lt-LT\",\"@id\":\"https:\\\/\\\/hotta.eu\\\/lt\\\/shop\\\/hellraiser-milk-chilli-chocolate\\\/#primaryimage\",\"url\":\"https:\\\/\\\/hotta.eu\\\/wp-content\\\/uploads\\\/2024\\\/03\\\/IMG_3413.jpg\",\"contentUrl\":\"https:\\\/\\\/hotta.eu\\\/wp-content\\\/uploads\\\/2024\\\/03\\\/IMG_3413.jpg\",\"width\":2000,\"height\":2000},{\"@type\":\"BreadcrumbList\",\"@id\":\"https:\\\/\\\/hotta.eu\\\/lt\\\/shop\\\/hellraiser-milk-chilli-chocolate\\\/#breadcrumb\",\"itemListElement\":[{\"@type\":\"ListItem\",\"position\":1,\"name\":\"Prad\u017eia\",\"item\":\"https:\\\/\\\/hotta.eu\\\/lt\\\/pradzia\\\/\"},{\"@type\":\"ListItem\",\"position\":2,\"name\":\"Parduotuv\u0117\",\"item\":\"https:\\\/\\\/hotta.eu\\\/shop\\\/\"},{\"@type\":\"ListItem\",\"position\":3,\"name\":\"Hellraiser Milk Chilli Chocolate\"}]},{\"@type\":\"WebSite\",\"@id\":\"https:\\\/\\\/hotta.eu\\\/lt\\\/#website\",\"url\":\"https:\\\/\\\/hotta.eu\\\/lt\\\/\",\"name\":\"Hotta\",\"description\":\"Makes your mouth burn a lotta!\",\"publisher\":{\"@id\":\"https:\\\/\\\/hotta.eu\\\/lt\\\/#organization\"},\"potentialAction\":[{\"@type\":\"SearchAction\",\"target\":{\"@type\":\"EntryPoint\",\"urlTemplate\":\"https:\\\/\\\/hotta.eu\\\/lt\\\/?s={search_term_string}\"},\"query-input\":{\"@type\":\"PropertyValueSpecification\",\"valueRequired\":true,\"valueName\":\"search_term_string\"}}],\"inLanguage\":\"lt-LT\"},{\"@type\":\"Organization\",\"@id\":\"https:\\\/\\\/hotta.eu\\\/lt\\\/#organization\",\"name\":\"Hotta\",\"url\":\"https:\\\/\\\/hotta.eu\\\/lt\\\/\",\"logo\":{\"@type\":\"ImageObject\",\"inLanguage\":\"lt-LT\",\"@id\":\"https:\\\/\\\/hotta.eu\\\/lt\\\/#\\\/schema\\\/logo\\\/image\\\/\",\"url\":\"https:\\\/\\\/hotta.eu\\\/wp-content\\\/uploads\\\/2025\\\/04\\\/hotta-logo-invoice.png\",\"contentUrl\":\"https:\\\/\\\/hotta.eu\\\/wp-content\\\/uploads\\\/2025\\\/04\\\/hotta-logo-invoice.png\",\"width\":600,\"height\":411,\"caption\":\"Hotta\"},\"image\":{\"@id\":\"https:\\\/\\\/hotta.eu\\\/lt\\\/#\\\/schema\\\/logo\\\/image\\\/\"},\"sameAs\":[\"https:\\\/\\\/www.facebook.com\\\/hotta.eu\",\"https:\\\/\\\/x.com\\\/hottashop\",\"https:\\\/\\\/www.instagram.com\\\/hotta.shop\"]}]}<\/script>\n<!-- \/ Yoast SEO plugin. -->","yoast_head_json":{"title":"Hellraiser Milk Chilli Chocolate - Hotta","robots":{"index":"index","follow":"follow","max-snippet":"max-snippet:-1","max-image-preview":"max-image-preview:large","max-video-preview":"max-video-preview:-1"},"canonical":"https:\/\/hotta.eu\/lt\/shop\/hellraiser-milk-chilli-chocolate\/","og_locale":"lt_LT","og_type":"article","og_title":"Hellraiser Milk Chilli Chocolate - Hotta","og_description":"\"Hellraiser\" pieniniame \u0161okolade yra 33,6 proc. kakavos, jis pagardintas sald\u017eiaisiais apelsinais, cinamonu ir gvazdik\u0117liais. \u012edomi skonio patirtis saldumyn\u0173 m\u0117g\u0117jams, tinkama ir veganams. Tinka tiesiog valgyti arba at\u0161ildyti ir naudoti kaip vaisi\u0173 u\u017epil\u0105. A\u0161trumo suteikia aitriosios paprikos vaiduoklis. Anglijos rankdarbiai.","og_url":"https:\/\/hotta.eu\/lt\/shop\/hellraiser-milk-chilli-chocolate\/","og_site_name":"Hotta","article_publisher":"https:\/\/www.facebook.com\/hotta.eu","article_modified_time":"2024-12-27T10:43:45+00:00","og_image":[{"width":2000,"height":2000,"url":"https:\/\/hotta.eu\/wp-content\/uploads\/2024\/03\/IMG_3413.jpg","type":"image\/jpeg"}],"twitter_card":"summary_large_image","twitter_site":"@hottashop","twitter_misc":{"Est. reading time":"1 minute"},"schema":{"@context":"https:\/\/schema.org","@graph":[{"@type":"WebPage","@id":"https:\/\/hotta.eu\/lt\/shop\/hellraiser-milk-chilli-chocolate\/","url":"https:\/\/hotta.eu\/lt\/shop\/hellraiser-milk-chilli-chocolate\/","name":"Hellraiser Milk Chilli Chocolate - Hotta","isPartOf":{"@id":"https:\/\/hotta.eu\/lt\/#website"},"primaryImageOfPage":{"@id":"https:\/\/hotta.eu\/lt\/shop\/hellraiser-milk-chilli-chocolate\/#primaryimage"},"image":{"@id":"https:\/\/hotta.eu\/lt\/shop\/hellraiser-milk-chilli-chocolate\/#primaryimage"},"thumbnailUrl":"https:\/\/hotta.eu\/wp-content\/uploads\/2024\/03\/IMG_3413.jpg","datePublished":"2018-10-30T19:53:56+00:00","dateModified":"2024-12-27T10:43:45+00:00","breadcrumb":{"@id":"https:\/\/hotta.eu\/lt\/shop\/hellraiser-milk-chilli-chocolate\/#breadcrumb"},"inLanguage":"lt-LT","potentialAction":[{"@type":"ReadAction","target":["https:\/\/hotta.eu\/lt\/shop\/hellraiser-milk-chilli-chocolate\/"]}]},{"@type":"ImageObject","inLanguage":"lt-LT","@id":"https:\/\/hotta.eu\/lt\/shop\/hellraiser-milk-chilli-chocolate\/#primaryimage","url":"https:\/\/hotta.eu\/wp-content\/uploads\/2024\/03\/IMG_3413.jpg","contentUrl":"https:\/\/hotta.eu\/wp-content\/uploads\/2024\/03\/IMG_3413.jpg","width":2000,"height":2000},{"@type":"BreadcrumbList","@id":"https:\/\/hotta.eu\/lt\/shop\/hellraiser-milk-chilli-chocolate\/#breadcrumb","itemListElement":[{"@type":"ListItem","position":1,"name":"Prad\u017eia","item":"https:\/\/hotta.eu\/lt\/pradzia\/"},{"@type":"ListItem","position":2,"name":"Parduotuv\u0117","item":"https:\/\/hotta.eu\/shop\/"},{"@type":"ListItem","position":3,"name":"Hellraiser Milk Chilli Chocolate"}]},{"@type":"WebSite","@id":"https:\/\/hotta.eu\/lt\/#website","url":"https:\/\/hotta.eu\/lt\/","name":"Hotta","description":"Makes your mouth burn a lotta!","publisher":{"@id":"https:\/\/hotta.eu\/lt\/#organization"},"potentialAction":[{"@type":"SearchAction","target":{"@type":"EntryPoint","urlTemplate":"https:\/\/hotta.eu\/lt\/?s={search_term_string}"},"query-input":{"@type":"PropertyValueSpecification","valueRequired":true,"valueName":"search_term_string"}}],"inLanguage":"lt-LT"},{"@type":"Organization","@id":"https:\/\/hotta.eu\/lt\/#organization","name":"Hotta","url":"https:\/\/hotta.eu\/lt\/","logo":{"@type":"ImageObject","inLanguage":"lt-LT","@id":"https:\/\/hotta.eu\/lt\/#\/schema\/logo\/image\/","url":"https:\/\/hotta.eu\/wp-content\/uploads\/2025\/04\/hotta-logo-invoice.png","contentUrl":"https:\/\/hotta.eu\/wp-content\/uploads\/2025\/04\/hotta-logo-invoice.png","width":600,"height":411,"caption":"Hotta"},"image":{"@id":"https:\/\/hotta.eu\/lt\/#\/schema\/logo\/image\/"},"sameAs":["https:\/\/www.facebook.com\/hotta.eu","https:\/\/x.com\/hottashop","https:\/\/www.instagram.com\/hotta.shop"]}]}},"jetpack_sharing_enabled":true,"_links":{"self":[{"href":"https:\/\/hotta.eu\/lt\/wp-json\/wp\/v2\/product\/19222","targetHints":{"allow":["GET"]}}],"collection":[{"href":"https:\/\/hotta.eu\/lt\/wp-json\/wp\/v2\/product"}],"about":[{"href":"https:\/\/hotta.eu\/lt\/wp-json\/wp\/v2\/types\/product"}],"replies":[{"embeddable":true,"href":"https:\/\/hotta.eu\/lt\/wp-json\/wp\/v2\/comments?post=19222"}],"wp:featuredmedia":[{"embeddable":true,"href":"https:\/\/hotta.eu\/lt\/wp-json\/wp\/v2\/media\/15412"}],"wp:attachment":[{"href":"https:\/\/hotta.eu\/lt\/wp-json\/wp\/v2\/media?parent=19222"}],"wp:term":[{"taxonomy":"product_cat","embeddable":true,"href":"https:\/\/hotta.eu\/lt\/wp-json\/wp\/v2\/product_cat?post=19222"},{"taxonomy":"product_tag","embeddable":true,"href":"https:\/\/hotta.eu\/lt\/wp-json\/wp\/v2\/product_tag?post=19222"},{"taxonomy":"giftcard-category","embeddable":true,"href":"https:\/\/hotta.eu\/lt\/wp-json\/wp\/v2\/giftcard-category?post=19222"}],"curies":[{"name":"wp","href":"https:\/\/api.w.org\/{rel}","templated":true}]}}