{"id":19249,"date":"2019-04-18T20:20:59","date_gmt":"2019-04-18T18:20:59","guid":{"rendered":"https:\/\/hotta.eu\/shop\/crazy-crocodile-chili-gummies\/"},"modified":"2026-03-15T12:14:31","modified_gmt":"2026-03-15T10:14:31","slug":"crazy-crocodile-chili-gummies","status":"publish","type":"product","link":"https:\/\/hotta.eu\/lt\/shop\/crazy-crocodile-chili-gummies\/","title":{"rendered":"Crazy Crocodile Chili Gummies"},"content":{"rendered":"<p><strong>Sudedamosios dalys<\/strong><br \/>\nGliukoz\u0117s sirupas, cukrus, \u017eelatina, citrinos r\u016bg\u0161tis, 0,7 % aitri\u0173j\u0173 paprik\u0173 milteli\u0173, nat\u016brali apelsin\u0173 kvapioji med\u017eiaga su kitomis nat\u016braliomis kvapiosiomis med\u017eiagomis, nat\u016brali ciber\u017eol\u0117s kvapioji med\u017eiaga, dengiamosios med\u017eiagos (karnaubo va\u0161kas, baltasis ir geltonasis bi\u010di\u0173 va\u0161kas).<\/p>\n<div class=\"tableheader\"><strong>Maistin\u0117 vert\u0117 (100 g)<\/strong><\/div>\n<div class=\"tableheader\">Energin\u0117 vert\u0117 1417 kJ \/ 333 kcal, riebal\u0173 0,5 g, i\u0161 j\u0173 so\u010di\u0173j\u0173 riebal\u0173 r\u016bg\u0161\u010di\u0173 0,2 g, angliavandeni\u0173 77 g, i\u0161 j\u0173 cukr\u0173 49 g, baltym\u0173 5,6 g.<\/div>\n<p><strong>Galiojimas ir saugojimas<\/strong><br \/>\nAnt pakuot\u0117s nurodyta galiojimo data galioja neatidarytam produktui, laikykite sausoje vietoje.<\/p>\n<p>&nbsp;<\/p>\n","protected":false},"excerpt":{"rendered":"<p>\u0160ie krokodilo formos guminukai yra ne tik apelsin\u0173 skonio, bet ir vaisinio \u0161vie\u017ei\u0173 habanero aitri\u0173j\u0173 paprik\u0173 a\u0161trumo. Tai derinys, suteikiantis degustatoriui \u012fsimintin\u0105 skonio patirt\u012f!<br \/>\n[ywcwtl_form product_id=\"\"]<\/p>\n","protected":false},"featured_media":15556,"comment_status":"open","ping_status":"closed","template":"","meta":[],"product_cat":[939],"product_tag":[],"giftcard-category":[],"class_list":{"0":"post-19249","1":"product","2":"type-product","3":"status-publish","4":"has-post-thumbnail","6":"product_cat-uzkandziai","7":"pa_brand-chili-food","9":"first","10":"instock","11":"taxable","12":"shipping-taxable","13":"purchasable","14":"product-type-simple"},"yoast_head":"<!-- This site is optimized with the Yoast SEO plugin v27.3 - https:\/\/yoast.com\/product\/yoast-seo-wordpress\/ -->\n<title>Crazy Crocodile Chili Gummies - Hotta<\/title>\n<meta name=\"description\" content=\"\u0160ie krokodilo formos guminukai yra ne tik apelsin\u0173 skonio, bet ir vaisinio \u0161vie\u017ei\u0173 habanero aitri\u0173j\u0173 paprik\u0173 a\u0161trumo. Tai derinys, suteikiantis degustatoriui \u012fsimintin\u0105 skonio patirt\u012f!\" \/>\n<meta name=\"robots\" content=\"index, follow, max-snippet:-1, max-image-preview:large, max-video-preview:-1\" \/>\n<link rel=\"canonical\" href=\"https:\/\/hotta.eu\/lt\/shop\/crazy-crocodile-chili-gummies\/\" \/>\n<meta property=\"og:locale\" content=\"lt_LT\" \/>\n<meta property=\"og:type\" content=\"article\" \/>\n<meta property=\"og:title\" content=\"Crazy Crocodile Chili Gummies - Hotta\" \/>\n<meta property=\"og:description\" content=\"\u0160ie krokodilo formos guminukai yra ne tik apelsin\u0173 skonio, bet ir vaisinio \u0161vie\u017ei\u0173 habanero aitri\u0173j\u0173 paprik\u0173 a\u0161trumo. Tai derinys, suteikiantis degustatoriui \u012fsimintin\u0105 skonio patirt\u012f!\" \/>\n<meta property=\"og:url\" content=\"https:\/\/hotta.eu\/lt\/shop\/crazy-crocodile-chili-gummies\/\" \/>\n<meta property=\"og:site_name\" content=\"Hotta\" \/>\n<meta property=\"article:publisher\" content=\"https:\/\/www.facebook.com\/hotta.eu\" \/>\n<meta property=\"article:modified_time\" content=\"2026-03-15T10:14:31+00:00\" \/>\n<meta property=\"og:image\" content=\"https:\/\/hotta.eu\/wp-content\/uploads\/2024\/03\/crocodile-kummikommid.jpg\" \/>\n\t<meta property=\"og:image:width\" content=\"2000\" \/>\n\t<meta property=\"og:image:height\" content=\"2000\" \/>\n\t<meta property=\"og:image:type\" content=\"image\/jpeg\" \/>\n<meta name=\"twitter:card\" content=\"summary_large_image\" \/>\n<meta name=\"twitter:site\" content=\"@hottashop\" \/>\n<meta name=\"twitter:label1\" content=\"Est. reading time\" \/>\n\t<meta name=\"twitter:data1\" content=\"1 minute\" \/>\n<script type=\"application\/ld+json\" class=\"yoast-schema-graph\">{\"@context\":\"https:\\\/\\\/schema.org\",\"@graph\":[{\"@type\":\"WebPage\",\"@id\":\"https:\\\/\\\/hotta.eu\\\/lt\\\/shop\\\/crazy-crocodile-chili-gummies\\\/\",\"url\":\"https:\\\/\\\/hotta.eu\\\/lt\\\/shop\\\/crazy-crocodile-chili-gummies\\\/\",\"name\":\"Crazy Crocodile Chili Gummies - Hotta\",\"isPartOf\":{\"@id\":\"https:\\\/\\\/hotta.eu\\\/lt\\\/#website\"},\"primaryImageOfPage\":{\"@id\":\"https:\\\/\\\/hotta.eu\\\/lt\\\/shop\\\/crazy-crocodile-chili-gummies\\\/#primaryimage\"},\"image\":{\"@id\":\"https:\\\/\\\/hotta.eu\\\/lt\\\/shop\\\/crazy-crocodile-chili-gummies\\\/#primaryimage\"},\"thumbnailUrl\":\"https:\\\/\\\/hotta.eu\\\/wp-content\\\/uploads\\\/2024\\\/03\\\/crocodile-kummikommid.jpg\",\"datePublished\":\"2019-04-18T18:20:59+00:00\",\"dateModified\":\"2026-03-15T10:14:31+00:00\",\"description\":\"\u0160ie krokodilo formos guminukai yra ne tik apelsin\u0173 skonio, bet ir vaisinio \u0161vie\u017ei\u0173 habanero aitri\u0173j\u0173 paprik\u0173 a\u0161trumo. Tai derinys, suteikiantis degustatoriui \u012fsimintin\u0105 skonio patirt\u012f!\",\"breadcrumb\":{\"@id\":\"https:\\\/\\\/hotta.eu\\\/lt\\\/shop\\\/crazy-crocodile-chili-gummies\\\/#breadcrumb\"},\"inLanguage\":\"lt-LT\",\"potentialAction\":[{\"@type\":\"ReadAction\",\"target\":[\"https:\\\/\\\/hotta.eu\\\/lt\\\/shop\\\/crazy-crocodile-chili-gummies\\\/\"]}]},{\"@type\":\"ImageObject\",\"inLanguage\":\"lt-LT\",\"@id\":\"https:\\\/\\\/hotta.eu\\\/lt\\\/shop\\\/crazy-crocodile-chili-gummies\\\/#primaryimage\",\"url\":\"https:\\\/\\\/hotta.eu\\\/wp-content\\\/uploads\\\/2024\\\/03\\\/crocodile-kummikommid.jpg\",\"contentUrl\":\"https:\\\/\\\/hotta.eu\\\/wp-content\\\/uploads\\\/2024\\\/03\\\/crocodile-kummikommid.jpg\",\"width\":2000,\"height\":2000},{\"@type\":\"BreadcrumbList\",\"@id\":\"https:\\\/\\\/hotta.eu\\\/lt\\\/shop\\\/crazy-crocodile-chili-gummies\\\/#breadcrumb\",\"itemListElement\":[{\"@type\":\"ListItem\",\"position\":1,\"name\":\"Prad\u017eia\",\"item\":\"https:\\\/\\\/hotta.eu\\\/lt\\\/pradzia\\\/\"},{\"@type\":\"ListItem\",\"position\":2,\"name\":\"Parduotuv\u0117\",\"item\":\"https:\\\/\\\/hotta.eu\\\/shop\\\/\"},{\"@type\":\"ListItem\",\"position\":3,\"name\":\"Crazy Crocodile Chili Gummies\"}]},{\"@type\":\"WebSite\",\"@id\":\"https:\\\/\\\/hotta.eu\\\/lt\\\/#website\",\"url\":\"https:\\\/\\\/hotta.eu\\\/lt\\\/\",\"name\":\"Hotta\",\"description\":\"Makes your mouth burn a lotta!\",\"publisher\":{\"@id\":\"https:\\\/\\\/hotta.eu\\\/lt\\\/#organization\"},\"potentialAction\":[{\"@type\":\"SearchAction\",\"target\":{\"@type\":\"EntryPoint\",\"urlTemplate\":\"https:\\\/\\\/hotta.eu\\\/lt\\\/?s={search_term_string}\"},\"query-input\":{\"@type\":\"PropertyValueSpecification\",\"valueRequired\":true,\"valueName\":\"search_term_string\"}}],\"inLanguage\":\"lt-LT\"},{\"@type\":\"Organization\",\"@id\":\"https:\\\/\\\/hotta.eu\\\/lt\\\/#organization\",\"name\":\"Hotta\",\"url\":\"https:\\\/\\\/hotta.eu\\\/lt\\\/\",\"logo\":{\"@type\":\"ImageObject\",\"inLanguage\":\"lt-LT\",\"@id\":\"https:\\\/\\\/hotta.eu\\\/lt\\\/#\\\/schema\\\/logo\\\/image\\\/\",\"url\":\"https:\\\/\\\/hotta.eu\\\/wp-content\\\/uploads\\\/2025\\\/04\\\/hotta-logo-invoice.png\",\"contentUrl\":\"https:\\\/\\\/hotta.eu\\\/wp-content\\\/uploads\\\/2025\\\/04\\\/hotta-logo-invoice.png\",\"width\":600,\"height\":411,\"caption\":\"Hotta\"},\"image\":{\"@id\":\"https:\\\/\\\/hotta.eu\\\/lt\\\/#\\\/schema\\\/logo\\\/image\\\/\"},\"sameAs\":[\"https:\\\/\\\/www.facebook.com\\\/hotta.eu\",\"https:\\\/\\\/x.com\\\/hottashop\",\"https:\\\/\\\/www.instagram.com\\\/hotta.shop\"]}]}<\/script>\n<!-- \/ Yoast SEO plugin. -->","yoast_head_json":{"title":"Crazy Crocodile Chili Gummies - Hotta","description":"\u0160ie krokodilo formos guminukai yra ne tik apelsin\u0173 skonio, bet ir vaisinio \u0161vie\u017ei\u0173 habanero aitri\u0173j\u0173 paprik\u0173 a\u0161trumo. Tai derinys, suteikiantis degustatoriui \u012fsimintin\u0105 skonio patirt\u012f!","robots":{"index":"index","follow":"follow","max-snippet":"max-snippet:-1","max-image-preview":"max-image-preview:large","max-video-preview":"max-video-preview:-1"},"canonical":"https:\/\/hotta.eu\/lt\/shop\/crazy-crocodile-chili-gummies\/","og_locale":"lt_LT","og_type":"article","og_title":"Crazy Crocodile Chili Gummies - Hotta","og_description":"\u0160ie krokodilo formos guminukai yra ne tik apelsin\u0173 skonio, bet ir vaisinio \u0161vie\u017ei\u0173 habanero aitri\u0173j\u0173 paprik\u0173 a\u0161trumo. Tai derinys, suteikiantis degustatoriui \u012fsimintin\u0105 skonio patirt\u012f!","og_url":"https:\/\/hotta.eu\/lt\/shop\/crazy-crocodile-chili-gummies\/","og_site_name":"Hotta","article_publisher":"https:\/\/www.facebook.com\/hotta.eu","article_modified_time":"2026-03-15T10:14:31+00:00","og_image":[{"width":2000,"height":2000,"url":"https:\/\/hotta.eu\/wp-content\/uploads\/2024\/03\/crocodile-kummikommid.jpg","type":"image\/jpeg"}],"twitter_card":"summary_large_image","twitter_site":"@hottashop","twitter_misc":{"Est. reading time":"1 minute"},"schema":{"@context":"https:\/\/schema.org","@graph":[{"@type":"WebPage","@id":"https:\/\/hotta.eu\/lt\/shop\/crazy-crocodile-chili-gummies\/","url":"https:\/\/hotta.eu\/lt\/shop\/crazy-crocodile-chili-gummies\/","name":"Crazy Crocodile Chili Gummies - Hotta","isPartOf":{"@id":"https:\/\/hotta.eu\/lt\/#website"},"primaryImageOfPage":{"@id":"https:\/\/hotta.eu\/lt\/shop\/crazy-crocodile-chili-gummies\/#primaryimage"},"image":{"@id":"https:\/\/hotta.eu\/lt\/shop\/crazy-crocodile-chili-gummies\/#primaryimage"},"thumbnailUrl":"https:\/\/hotta.eu\/wp-content\/uploads\/2024\/03\/crocodile-kummikommid.jpg","datePublished":"2019-04-18T18:20:59+00:00","dateModified":"2026-03-15T10:14:31+00:00","description":"\u0160ie krokodilo formos guminukai yra ne tik apelsin\u0173 skonio, bet ir vaisinio \u0161vie\u017ei\u0173 habanero aitri\u0173j\u0173 paprik\u0173 a\u0161trumo. Tai derinys, suteikiantis degustatoriui \u012fsimintin\u0105 skonio patirt\u012f!","breadcrumb":{"@id":"https:\/\/hotta.eu\/lt\/shop\/crazy-crocodile-chili-gummies\/#breadcrumb"},"inLanguage":"lt-LT","potentialAction":[{"@type":"ReadAction","target":["https:\/\/hotta.eu\/lt\/shop\/crazy-crocodile-chili-gummies\/"]}]},{"@type":"ImageObject","inLanguage":"lt-LT","@id":"https:\/\/hotta.eu\/lt\/shop\/crazy-crocodile-chili-gummies\/#primaryimage","url":"https:\/\/hotta.eu\/wp-content\/uploads\/2024\/03\/crocodile-kummikommid.jpg","contentUrl":"https:\/\/hotta.eu\/wp-content\/uploads\/2024\/03\/crocodile-kummikommid.jpg","width":2000,"height":2000},{"@type":"BreadcrumbList","@id":"https:\/\/hotta.eu\/lt\/shop\/crazy-crocodile-chili-gummies\/#breadcrumb","itemListElement":[{"@type":"ListItem","position":1,"name":"Prad\u017eia","item":"https:\/\/hotta.eu\/lt\/pradzia\/"},{"@type":"ListItem","position":2,"name":"Parduotuv\u0117","item":"https:\/\/hotta.eu\/shop\/"},{"@type":"ListItem","position":3,"name":"Crazy Crocodile Chili Gummies"}]},{"@type":"WebSite","@id":"https:\/\/hotta.eu\/lt\/#website","url":"https:\/\/hotta.eu\/lt\/","name":"Hotta","description":"Makes your mouth burn a lotta!","publisher":{"@id":"https:\/\/hotta.eu\/lt\/#organization"},"potentialAction":[{"@type":"SearchAction","target":{"@type":"EntryPoint","urlTemplate":"https:\/\/hotta.eu\/lt\/?s={search_term_string}"},"query-input":{"@type":"PropertyValueSpecification","valueRequired":true,"valueName":"search_term_string"}}],"inLanguage":"lt-LT"},{"@type":"Organization","@id":"https:\/\/hotta.eu\/lt\/#organization","name":"Hotta","url":"https:\/\/hotta.eu\/lt\/","logo":{"@type":"ImageObject","inLanguage":"lt-LT","@id":"https:\/\/hotta.eu\/lt\/#\/schema\/logo\/image\/","url":"https:\/\/hotta.eu\/wp-content\/uploads\/2025\/04\/hotta-logo-invoice.png","contentUrl":"https:\/\/hotta.eu\/wp-content\/uploads\/2025\/04\/hotta-logo-invoice.png","width":600,"height":411,"caption":"Hotta"},"image":{"@id":"https:\/\/hotta.eu\/lt\/#\/schema\/logo\/image\/"},"sameAs":["https:\/\/www.facebook.com\/hotta.eu","https:\/\/x.com\/hottashop","https:\/\/www.instagram.com\/hotta.shop"]}]}},"jetpack_sharing_enabled":true,"_links":{"self":[{"href":"https:\/\/hotta.eu\/lt\/wp-json\/wp\/v2\/product\/19249","targetHints":{"allow":["GET"]}}],"collection":[{"href":"https:\/\/hotta.eu\/lt\/wp-json\/wp\/v2\/product"}],"about":[{"href":"https:\/\/hotta.eu\/lt\/wp-json\/wp\/v2\/types\/product"}],"replies":[{"embeddable":true,"href":"https:\/\/hotta.eu\/lt\/wp-json\/wp\/v2\/comments?post=19249"}],"wp:featuredmedia":[{"embeddable":true,"href":"https:\/\/hotta.eu\/lt\/wp-json\/wp\/v2\/media\/15556"}],"wp:attachment":[{"href":"https:\/\/hotta.eu\/lt\/wp-json\/wp\/v2\/media?parent=19249"}],"wp:term":[{"taxonomy":"product_cat","embeddable":true,"href":"https:\/\/hotta.eu\/lt\/wp-json\/wp\/v2\/product_cat?post=19249"},{"taxonomy":"product_tag","embeddable":true,"href":"https:\/\/hotta.eu\/lt\/wp-json\/wp\/v2\/product_tag?post=19249"},{"taxonomy":"giftcard-category","embeddable":true,"href":"https:\/\/hotta.eu\/lt\/wp-json\/wp\/v2\/giftcard-category?post=19249"}],"curies":[{"name":"wp","href":"https:\/\/api.w.org\/{rel}","templated":true}]}}