{"id":19252,"date":"2019-04-18T21:04:25","date_gmt":"2019-04-18T19:04:25","guid":{"rendered":"https:\/\/hotta.eu\/shop\/tabasko-pipiru-padazas\/"},"modified":"2026-03-29T22:33:16","modified_gmt":"2026-03-29T20:33:16","slug":"tabasco-pepper-sauce","status":"publish","type":"product","link":"https:\/\/hotta.eu\/lt\/shop\/tabasco-pepper-sauce\/","title":{"rendered":"Tabasco Pepper Sauce"},"content":{"rendered":"<p><strong>Sudedamosios dalys<\/strong><br \/>\nDistiliuota acto r\u016bg\u0161tis, raudonoji tabasko aitrioji paprika, druska.<\/p>\n<p><strong>Maistingumo informacija (100 g)<\/strong><br \/>\nEnergin\u0117 vert\u0117 192 kJ \/ 45 kcal, riebal\u0173 0,7 g, i\u0161 j\u0173 so\u010di\u0173j\u0173 riebal\u0173 0,2 g, angliavandeni\u0173 1,6 g, baltym\u0173 1 g, druskos 1,8 g.<\/p>\n<p><strong>Galiojimas ir saugojimas<\/strong><br \/>\nAnt buteliuko nurodyta galiojimo data galioja neatidarytam produktui. Atidaryt\u0105 produkt\u0105 reikia laikyti \u0161aldytuve.<\/p>\n<p>&nbsp;<\/p>\n","protected":false},"excerpt":{"rendered":"<p>Legendinis raudonasis tabasko pipir\u0173 pada\u017eas. &#8220;Tabasco&#8221;, kur\u012f gamina &#8220;McIlhenny&#8221;, buvo i\u0161rastas dar 1868 m.<br \/>\no receptas i\u0161liko toks pat iki \u0161i\u0173 dien\u0173. Tinka naudoti su \u012fvairiais pikanti\u0161kais maisto produktais. &#8220;Tabasco&#8221; sud\u0117tyje n\u0117ra konservant\u0173 ar dirbtini\u0173 da\u017eikli\u0173.<\/p>\n<p>&#8220;Tabasco&#8221; buvo \u012ftrauktas \u012f &#8221; <strong>Hot Ones&#8221;<\/strong> pada\u017e\u0173 interneto serij\u0105 3. sezon\u0105.<\/p>\n<div class=\"responsive-video\"><iframe src=\"https:\/\/www.youtube.com\/embed\/Da8-QfGemgo\" width=\"480\" height=\"270\" frameborder=\"0\" allowfullscreen=\"allowfullscreen\"><\/iframe><\/div>\n[ywcwtl_form product_id=\"\"]\n","protected":false},"featured_media":17481,"comment_status":"open","ping_status":"closed","template":"","meta":[],"product_cat":[921,917,925],"product_tag":[],"giftcard-category":[],"class_list":{"0":"post-19252","1":"product","2":"type-product","3":"status-publish","4":"has-post-thumbnail","6":"product_cat-hot-ones-lt","7":"product_cat-padazai","8":"product_cat-svelnuus","9":"pa_brand-tabasco","11":"first","12":"instock","13":"taxable","14":"shipping-taxable","15":"purchasable","16":"product-type-simple"},"yoast_head":"<!-- This site is optimized with the Yoast SEO plugin v27.3 - https:\/\/yoast.com\/product\/yoast-seo-wordpress\/ -->\n<title>Tabasco Pepper Sauce - Hotta<\/title>\n<meta name=\"description\" content=\"Legendinis raudonasis tabasko pipir\u0173 pada\u017eas. &quot;Tabasco&quot;, kur\u012f gamina &quot;McIlhenny&quot;, buvo i\u0161rastas dar 1868 m. o receptas i\u0161liko toks pat iki \u0161i\u0173 dien\u0173. Tinka naudoti su \u012fvairiais pikanti\u0161kais maisto produktais. &quot;Tabasco&quot; sud\u0117tyje n\u0117ra konservant\u0173 ar dirbtini\u0173 da\u017eikli\u0173.\" \/>\n<meta name=\"robots\" content=\"index, follow, max-snippet:-1, max-image-preview:large, max-video-preview:-1\" \/>\n<link rel=\"canonical\" href=\"https:\/\/hotta.eu\/lt\/shop\/tabasco-pepper-sauce\/\" \/>\n<meta property=\"og:locale\" content=\"lt_LT\" \/>\n<meta property=\"og:type\" content=\"article\" \/>\n<meta property=\"og:title\" content=\"Tabasco Pepper Sauce - Hotta\" \/>\n<meta property=\"og:description\" content=\"Legendinis raudonasis tabasko pipir\u0173 pada\u017eas. &quot;Tabasco&quot;, kur\u012f gamina &quot;McIlhenny&quot;, buvo i\u0161rastas dar 1868 m. o receptas i\u0161liko toks pat iki \u0161i\u0173 dien\u0173. Tinka naudoti su \u012fvairiais pikanti\u0161kais maisto produktais. &quot;Tabasco&quot; sud\u0117tyje n\u0117ra konservant\u0173 ar dirbtini\u0173 da\u017eikli\u0173.\" \/>\n<meta property=\"og:url\" content=\"https:\/\/hotta.eu\/lt\/shop\/tabasco-pepper-sauce\/\" \/>\n<meta property=\"og:site_name\" content=\"Hotta\" \/>\n<meta property=\"article:publisher\" content=\"https:\/\/www.facebook.com\/hotta.eu\" \/>\n<meta property=\"article:modified_time\" content=\"2026-03-29T20:33:16+00:00\" \/>\n<meta property=\"og:image\" content=\"https:\/\/hotta.eu\/wp-content\/uploads\/2019\/10\/tabasco-original.jpg\" \/>\n\t<meta property=\"og:image:width\" content=\"2000\" \/>\n\t<meta property=\"og:image:height\" content=\"2000\" \/>\n\t<meta property=\"og:image:type\" content=\"image\/jpeg\" \/>\n<meta name=\"twitter:card\" content=\"summary_large_image\" \/>\n<meta name=\"twitter:site\" content=\"@hottashop\" \/>\n<meta name=\"twitter:label1\" content=\"Est. reading time\" \/>\n\t<meta name=\"twitter:data1\" content=\"1 minute\" \/>\n<script type=\"application\/ld+json\" class=\"yoast-schema-graph\">{\"@context\":\"https:\\\/\\\/schema.org\",\"@graph\":[{\"@type\":\"WebPage\",\"@id\":\"https:\\\/\\\/hotta.eu\\\/lt\\\/shop\\\/tabasco-pepper-sauce\\\/\",\"url\":\"https:\\\/\\\/hotta.eu\\\/lt\\\/shop\\\/tabasco-pepper-sauce\\\/\",\"name\":\"Tabasco Pepper Sauce - Hotta\",\"isPartOf\":{\"@id\":\"https:\\\/\\\/hotta.eu\\\/lt\\\/#website\"},\"primaryImageOfPage\":{\"@id\":\"https:\\\/\\\/hotta.eu\\\/lt\\\/shop\\\/tabasco-pepper-sauce\\\/#primaryimage\"},\"image\":{\"@id\":\"https:\\\/\\\/hotta.eu\\\/lt\\\/shop\\\/tabasco-pepper-sauce\\\/#primaryimage\"},\"thumbnailUrl\":\"https:\\\/\\\/hotta.eu\\\/wp-content\\\/uploads\\\/2019\\\/10\\\/tabasco-original.jpg\",\"datePublished\":\"2019-04-18T19:04:25+00:00\",\"dateModified\":\"2026-03-29T20:33:16+00:00\",\"description\":\"Legendinis raudonasis tabasko pipir\u0173 pada\u017eas. \\\"Tabasco\\\", kur\u012f gamina \\\"McIlhenny\\\", buvo i\u0161rastas dar 1868 m. o receptas i\u0161liko toks pat iki \u0161i\u0173 dien\u0173. Tinka naudoti su \u012fvairiais pikanti\u0161kais maisto produktais. \\\"Tabasco\\\" sud\u0117tyje n\u0117ra konservant\u0173 ar dirbtini\u0173 da\u017eikli\u0173.\",\"breadcrumb\":{\"@id\":\"https:\\\/\\\/hotta.eu\\\/lt\\\/shop\\\/tabasco-pepper-sauce\\\/#breadcrumb\"},\"inLanguage\":\"lt-LT\",\"potentialAction\":[{\"@type\":\"ReadAction\",\"target\":[\"https:\\\/\\\/hotta.eu\\\/lt\\\/shop\\\/tabasco-pepper-sauce\\\/\"]}]},{\"@type\":\"ImageObject\",\"inLanguage\":\"lt-LT\",\"@id\":\"https:\\\/\\\/hotta.eu\\\/lt\\\/shop\\\/tabasco-pepper-sauce\\\/#primaryimage\",\"url\":\"https:\\\/\\\/hotta.eu\\\/wp-content\\\/uploads\\\/2019\\\/10\\\/tabasco-original.jpg\",\"contentUrl\":\"https:\\\/\\\/hotta.eu\\\/wp-content\\\/uploads\\\/2019\\\/10\\\/tabasco-original.jpg\",\"width\":2000,\"height\":2000},{\"@type\":\"BreadcrumbList\",\"@id\":\"https:\\\/\\\/hotta.eu\\\/lt\\\/shop\\\/tabasco-pepper-sauce\\\/#breadcrumb\",\"itemListElement\":[{\"@type\":\"ListItem\",\"position\":1,\"name\":\"Prad\u017eia\",\"item\":\"https:\\\/\\\/hotta.eu\\\/lt\\\/pradzia\\\/\"},{\"@type\":\"ListItem\",\"position\":2,\"name\":\"Parduotuv\u0117\",\"item\":\"https:\\\/\\\/hotta.eu\\\/shop\\\/\"},{\"@type\":\"ListItem\",\"position\":3,\"name\":\"Tabasco Pepper Sauce\"}]},{\"@type\":\"WebSite\",\"@id\":\"https:\\\/\\\/hotta.eu\\\/lt\\\/#website\",\"url\":\"https:\\\/\\\/hotta.eu\\\/lt\\\/\",\"name\":\"Hotta\",\"description\":\"Makes your mouth burn a lotta!\",\"publisher\":{\"@id\":\"https:\\\/\\\/hotta.eu\\\/lt\\\/#organization\"},\"potentialAction\":[{\"@type\":\"SearchAction\",\"target\":{\"@type\":\"EntryPoint\",\"urlTemplate\":\"https:\\\/\\\/hotta.eu\\\/lt\\\/?s={search_term_string}\"},\"query-input\":{\"@type\":\"PropertyValueSpecification\",\"valueRequired\":true,\"valueName\":\"search_term_string\"}}],\"inLanguage\":\"lt-LT\"},{\"@type\":\"Organization\",\"@id\":\"https:\\\/\\\/hotta.eu\\\/lt\\\/#organization\",\"name\":\"Hotta\",\"url\":\"https:\\\/\\\/hotta.eu\\\/lt\\\/\",\"logo\":{\"@type\":\"ImageObject\",\"inLanguage\":\"lt-LT\",\"@id\":\"https:\\\/\\\/hotta.eu\\\/lt\\\/#\\\/schema\\\/logo\\\/image\\\/\",\"url\":\"https:\\\/\\\/hotta.eu\\\/wp-content\\\/uploads\\\/2025\\\/04\\\/hotta-logo-invoice.png\",\"contentUrl\":\"https:\\\/\\\/hotta.eu\\\/wp-content\\\/uploads\\\/2025\\\/04\\\/hotta-logo-invoice.png\",\"width\":600,\"height\":411,\"caption\":\"Hotta\"},\"image\":{\"@id\":\"https:\\\/\\\/hotta.eu\\\/lt\\\/#\\\/schema\\\/logo\\\/image\\\/\"},\"sameAs\":[\"https:\\\/\\\/www.facebook.com\\\/hotta.eu\",\"https:\\\/\\\/x.com\\\/hottashop\",\"https:\\\/\\\/www.instagram.com\\\/hotta.shop\"]}]}<\/script>\n<!-- \/ Yoast SEO plugin. -->","yoast_head_json":{"title":"Tabasco Pepper Sauce - Hotta","description":"Legendinis raudonasis tabasko pipir\u0173 pada\u017eas. \"Tabasco\", kur\u012f gamina \"McIlhenny\", buvo i\u0161rastas dar 1868 m. o receptas i\u0161liko toks pat iki \u0161i\u0173 dien\u0173. Tinka naudoti su \u012fvairiais pikanti\u0161kais maisto produktais. \"Tabasco\" sud\u0117tyje n\u0117ra konservant\u0173 ar dirbtini\u0173 da\u017eikli\u0173.","robots":{"index":"index","follow":"follow","max-snippet":"max-snippet:-1","max-image-preview":"max-image-preview:large","max-video-preview":"max-video-preview:-1"},"canonical":"https:\/\/hotta.eu\/lt\/shop\/tabasco-pepper-sauce\/","og_locale":"lt_LT","og_type":"article","og_title":"Tabasco Pepper Sauce - Hotta","og_description":"Legendinis raudonasis tabasko pipir\u0173 pada\u017eas. \"Tabasco\", kur\u012f gamina \"McIlhenny\", buvo i\u0161rastas dar 1868 m. o receptas i\u0161liko toks pat iki \u0161i\u0173 dien\u0173. Tinka naudoti su \u012fvairiais pikanti\u0161kais maisto produktais. \"Tabasco\" sud\u0117tyje n\u0117ra konservant\u0173 ar dirbtini\u0173 da\u017eikli\u0173.","og_url":"https:\/\/hotta.eu\/lt\/shop\/tabasco-pepper-sauce\/","og_site_name":"Hotta","article_publisher":"https:\/\/www.facebook.com\/hotta.eu","article_modified_time":"2026-03-29T20:33:16+00:00","og_image":[{"width":2000,"height":2000,"url":"https:\/\/hotta.eu\/wp-content\/uploads\/2019\/10\/tabasco-original.jpg","type":"image\/jpeg"}],"twitter_card":"summary_large_image","twitter_site":"@hottashop","twitter_misc":{"Est. reading time":"1 minute"},"schema":{"@context":"https:\/\/schema.org","@graph":[{"@type":"WebPage","@id":"https:\/\/hotta.eu\/lt\/shop\/tabasco-pepper-sauce\/","url":"https:\/\/hotta.eu\/lt\/shop\/tabasco-pepper-sauce\/","name":"Tabasco Pepper Sauce - Hotta","isPartOf":{"@id":"https:\/\/hotta.eu\/lt\/#website"},"primaryImageOfPage":{"@id":"https:\/\/hotta.eu\/lt\/shop\/tabasco-pepper-sauce\/#primaryimage"},"image":{"@id":"https:\/\/hotta.eu\/lt\/shop\/tabasco-pepper-sauce\/#primaryimage"},"thumbnailUrl":"https:\/\/hotta.eu\/wp-content\/uploads\/2019\/10\/tabasco-original.jpg","datePublished":"2019-04-18T19:04:25+00:00","dateModified":"2026-03-29T20:33:16+00:00","description":"Legendinis raudonasis tabasko pipir\u0173 pada\u017eas. \"Tabasco\", kur\u012f gamina \"McIlhenny\", buvo i\u0161rastas dar 1868 m. o receptas i\u0161liko toks pat iki \u0161i\u0173 dien\u0173. Tinka naudoti su \u012fvairiais pikanti\u0161kais maisto produktais. \"Tabasco\" sud\u0117tyje n\u0117ra konservant\u0173 ar dirbtini\u0173 da\u017eikli\u0173.","breadcrumb":{"@id":"https:\/\/hotta.eu\/lt\/shop\/tabasco-pepper-sauce\/#breadcrumb"},"inLanguage":"lt-LT","potentialAction":[{"@type":"ReadAction","target":["https:\/\/hotta.eu\/lt\/shop\/tabasco-pepper-sauce\/"]}]},{"@type":"ImageObject","inLanguage":"lt-LT","@id":"https:\/\/hotta.eu\/lt\/shop\/tabasco-pepper-sauce\/#primaryimage","url":"https:\/\/hotta.eu\/wp-content\/uploads\/2019\/10\/tabasco-original.jpg","contentUrl":"https:\/\/hotta.eu\/wp-content\/uploads\/2019\/10\/tabasco-original.jpg","width":2000,"height":2000},{"@type":"BreadcrumbList","@id":"https:\/\/hotta.eu\/lt\/shop\/tabasco-pepper-sauce\/#breadcrumb","itemListElement":[{"@type":"ListItem","position":1,"name":"Prad\u017eia","item":"https:\/\/hotta.eu\/lt\/pradzia\/"},{"@type":"ListItem","position":2,"name":"Parduotuv\u0117","item":"https:\/\/hotta.eu\/shop\/"},{"@type":"ListItem","position":3,"name":"Tabasco Pepper Sauce"}]},{"@type":"WebSite","@id":"https:\/\/hotta.eu\/lt\/#website","url":"https:\/\/hotta.eu\/lt\/","name":"Hotta","description":"Makes your mouth burn a lotta!","publisher":{"@id":"https:\/\/hotta.eu\/lt\/#organization"},"potentialAction":[{"@type":"SearchAction","target":{"@type":"EntryPoint","urlTemplate":"https:\/\/hotta.eu\/lt\/?s={search_term_string}"},"query-input":{"@type":"PropertyValueSpecification","valueRequired":true,"valueName":"search_term_string"}}],"inLanguage":"lt-LT"},{"@type":"Organization","@id":"https:\/\/hotta.eu\/lt\/#organization","name":"Hotta","url":"https:\/\/hotta.eu\/lt\/","logo":{"@type":"ImageObject","inLanguage":"lt-LT","@id":"https:\/\/hotta.eu\/lt\/#\/schema\/logo\/image\/","url":"https:\/\/hotta.eu\/wp-content\/uploads\/2025\/04\/hotta-logo-invoice.png","contentUrl":"https:\/\/hotta.eu\/wp-content\/uploads\/2025\/04\/hotta-logo-invoice.png","width":600,"height":411,"caption":"Hotta"},"image":{"@id":"https:\/\/hotta.eu\/lt\/#\/schema\/logo\/image\/"},"sameAs":["https:\/\/www.facebook.com\/hotta.eu","https:\/\/x.com\/hottashop","https:\/\/www.instagram.com\/hotta.shop"]}]}},"jetpack_sharing_enabled":true,"_links":{"self":[{"href":"https:\/\/hotta.eu\/lt\/wp-json\/wp\/v2\/product\/19252","targetHints":{"allow":["GET"]}}],"collection":[{"href":"https:\/\/hotta.eu\/lt\/wp-json\/wp\/v2\/product"}],"about":[{"href":"https:\/\/hotta.eu\/lt\/wp-json\/wp\/v2\/types\/product"}],"replies":[{"embeddable":true,"href":"https:\/\/hotta.eu\/lt\/wp-json\/wp\/v2\/comments?post=19252"}],"wp:featuredmedia":[{"embeddable":true,"href":"https:\/\/hotta.eu\/lt\/wp-json\/wp\/v2\/media\/17481"}],"wp:attachment":[{"href":"https:\/\/hotta.eu\/lt\/wp-json\/wp\/v2\/media?parent=19252"}],"wp:term":[{"taxonomy":"product_cat","embeddable":true,"href":"https:\/\/hotta.eu\/lt\/wp-json\/wp\/v2\/product_cat?post=19252"},{"taxonomy":"product_tag","embeddable":true,"href":"https:\/\/hotta.eu\/lt\/wp-json\/wp\/v2\/product_tag?post=19252"},{"taxonomy":"giftcard-category","embeddable":true,"href":"https:\/\/hotta.eu\/lt\/wp-json\/wp\/v2\/giftcard-category?post=19252"}],"curies":[{"name":"wp","href":"https:\/\/api.w.org\/{rel}","templated":true}]}}