{"id":19277,"date":"2019-05-01T21:57:37","date_gmt":"2019-05-01T19:57:37","guid":{"rendered":"https:\/\/hotta.eu\/shop\/ground-zero-hot-sauce\/"},"modified":"2026-04-15T01:40:39","modified_gmt":"2026-04-14T23:40:39","slug":"da-bomb-ground-zero-hot-sauce","status":"publish","type":"product","link":"https:\/\/hotta.eu\/lt\/shop\/da-bomb-ground-zero-hot-sauce\/","title":{"rendered":"Da Bomb Ground Zero Hot Sauce"},"content":{"rendered":"<p><strong>Sudedamosios dalys<\/strong><br \/>\nAnanas\u0173 sul\u010di\u0173 koncentratas, habanero, druska, vanduo, pomidor\u0173 pasta, nat\u016brali pipir\u0173 kvapioji med\u017eiaga, m\u0117sos prieskoniai, \u010desnakai, svog\u016bnai, prieskoniai, rudasis cukrus, chipotle tyr\u0117, citrin\u0173 r\u016bg\u0161tis, laimo sul\u010di\u0173 koncentratas, citrin\u0173 sul\u010di\u0173 koncentratas, kalio sorbatas, natrio benzoatas.<\/p>\n<p><strong>Maistingumo informacija (6 g)<\/strong><br \/>\nEnergin\u0117 vert\u0117 20,9 kJ \/ 5 kcal, cukr\u0173 1 g, natrio 45 mg.<\/p>\n<p><strong>Galiojimas ir saugojimas<\/strong><br \/>\nAnt buteliuko nurodyta galiojimo data galioja neatidarytam produktui. Atidaryt\u0105 produkt\u0105 reikia laikyti \u0161aldytuve.<\/p>\n","protected":false},"excerpt":{"rendered":"<p>&#8220;Da Bomb Ground Zero&#8221; gaminamas naudojant habanero aitri\u0173j\u0173 paprik\u0173 mi\u0161in\u012f su ananas\u0173 sultimis ir nat\u016braliais ekstraktais. Patikrinta, kad a\u0161trumas yra 234 000 Skovilio vienet\u0173. Ar esate pasireng\u0119 i\u0161\u0161\u016bkiui?<br \/>\n[ywcwtl_form product_id=\"\"]<\/p>\n","protected":false},"featured_media":15604,"comment_status":"open","ping_status":"closed","template":"","meta":[],"product_cat":[919,917],"product_tag":[],"giftcard-category":[],"class_list":{"0":"post-19277","1":"product","2":"type-product","3":"status-publish","4":"has-post-thumbnail","6":"product_cat-ekstremalus","7":"product_cat-padazai","8":"pa_brand-spicin-foods","10":"first","11":"instock","12":"taxable","13":"shipping-taxable","14":"purchasable","15":"product-type-simple"},"yoast_head":"<!-- This site is optimized with the Yoast SEO plugin v27.4 - https:\/\/yoast.com\/product\/yoast-seo-wordpress\/ -->\n<title>Da Bomb Ground Zero Hot Sauce - Hotta<\/title>\n<meta name=\"description\" content=\"&quot;Da&#039; Bomb Ground Zero&quot; gaminamas naudojant habanero aitri\u0173j\u0173 paprik\u0173 mi\u0161in\u012f su ananas\u0173 sultimis ir nat\u016braliais ekstraktais.\" \/>\n<meta name=\"robots\" content=\"index, follow, max-snippet:-1, max-image-preview:large, max-video-preview:-1\" \/>\n<link rel=\"canonical\" href=\"https:\/\/hotta.eu\/lt\/shop\/da-bomb-ground-zero-hot-sauce\/\" \/>\n<meta property=\"og:locale\" content=\"lt_LT\" \/>\n<meta property=\"og:type\" content=\"article\" \/>\n<meta property=\"og:title\" content=\"Da Bomb Ground Zero Hot Sauce - Hotta\" \/>\n<meta property=\"og:description\" content=\"&quot;Da&#039; Bomb Ground Zero&quot; gaminamas naudojant habanero aitri\u0173j\u0173 paprik\u0173 mi\u0161in\u012f su ananas\u0173 sultimis ir nat\u016braliais ekstraktais.\" \/>\n<meta property=\"og:url\" content=\"https:\/\/hotta.eu\/lt\/shop\/da-bomb-ground-zero-hot-sauce\/\" \/>\n<meta property=\"og:site_name\" content=\"Hotta\" \/>\n<meta property=\"article:publisher\" content=\"https:\/\/www.facebook.com\/hotta.eu\" \/>\n<meta property=\"article:modified_time\" content=\"2026-04-14T23:40:39+00:00\" \/>\n<meta property=\"og:image\" content=\"https:\/\/hotta.eu\/wp-content\/uploads\/2024\/03\/07_IMG_6885-2.jpg\" \/>\n\t<meta property=\"og:image:width\" content=\"1751\" \/>\n\t<meta property=\"og:image:height\" content=\"1756\" \/>\n\t<meta property=\"og:image:type\" content=\"image\/jpeg\" \/>\n<meta name=\"twitter:card\" content=\"summary_large_image\" \/>\n<meta name=\"twitter:site\" content=\"@hottashop\" \/>\n<meta name=\"twitter:label1\" content=\"Est. reading time\" \/>\n\t<meta name=\"twitter:data1\" content=\"1 minute\" \/>\n<script type=\"application\/ld+json\" class=\"yoast-schema-graph\">{\"@context\":\"https:\\\/\\\/schema.org\",\"@graph\":[{\"@type\":\"WebPage\",\"@id\":\"https:\\\/\\\/hotta.eu\\\/lt\\\/shop\\\/da-bomb-ground-zero-hot-sauce\\\/\",\"url\":\"https:\\\/\\\/hotta.eu\\\/lt\\\/shop\\\/da-bomb-ground-zero-hot-sauce\\\/\",\"name\":\"Da Bomb Ground Zero Hot Sauce - Hotta\",\"isPartOf\":{\"@id\":\"https:\\\/\\\/hotta.eu\\\/lt\\\/#website\"},\"primaryImageOfPage\":{\"@id\":\"https:\\\/\\\/hotta.eu\\\/lt\\\/shop\\\/da-bomb-ground-zero-hot-sauce\\\/#primaryimage\"},\"image\":{\"@id\":\"https:\\\/\\\/hotta.eu\\\/lt\\\/shop\\\/da-bomb-ground-zero-hot-sauce\\\/#primaryimage\"},\"thumbnailUrl\":\"https:\\\/\\\/hotta.eu\\\/wp-content\\\/uploads\\\/2024\\\/03\\\/07_IMG_6885-2.jpg\",\"datePublished\":\"2019-05-01T19:57:37+00:00\",\"dateModified\":\"2026-04-14T23:40:39+00:00\",\"description\":\"\\\"Da' Bomb Ground Zero\\\" gaminamas naudojant habanero aitri\u0173j\u0173 paprik\u0173 mi\u0161in\u012f su ananas\u0173 sultimis ir nat\u016braliais ekstraktais.\",\"breadcrumb\":{\"@id\":\"https:\\\/\\\/hotta.eu\\\/lt\\\/shop\\\/da-bomb-ground-zero-hot-sauce\\\/#breadcrumb\"},\"inLanguage\":\"lt-LT\",\"potentialAction\":[{\"@type\":\"ReadAction\",\"target\":[\"https:\\\/\\\/hotta.eu\\\/lt\\\/shop\\\/da-bomb-ground-zero-hot-sauce\\\/\"]}]},{\"@type\":\"ImageObject\",\"inLanguage\":\"lt-LT\",\"@id\":\"https:\\\/\\\/hotta.eu\\\/lt\\\/shop\\\/da-bomb-ground-zero-hot-sauce\\\/#primaryimage\",\"url\":\"https:\\\/\\\/hotta.eu\\\/wp-content\\\/uploads\\\/2024\\\/03\\\/07_IMG_6885-2.jpg\",\"contentUrl\":\"https:\\\/\\\/hotta.eu\\\/wp-content\\\/uploads\\\/2024\\\/03\\\/07_IMG_6885-2.jpg\",\"width\":1751,\"height\":1756},{\"@type\":\"BreadcrumbList\",\"@id\":\"https:\\\/\\\/hotta.eu\\\/lt\\\/shop\\\/da-bomb-ground-zero-hot-sauce\\\/#breadcrumb\",\"itemListElement\":[{\"@type\":\"ListItem\",\"position\":1,\"name\":\"Prad\u017eia\",\"item\":\"https:\\\/\\\/hotta.eu\\\/lt\\\/pradzia\\\/\"},{\"@type\":\"ListItem\",\"position\":2,\"name\":\"Parduotuv\u0117\",\"item\":\"https:\\\/\\\/hotta.eu\\\/shop\\\/\"},{\"@type\":\"ListItem\",\"position\":3,\"name\":\"Da Bomb Ground Zero Hot Sauce\"}]},{\"@type\":\"WebSite\",\"@id\":\"https:\\\/\\\/hotta.eu\\\/lt\\\/#website\",\"url\":\"https:\\\/\\\/hotta.eu\\\/lt\\\/\",\"name\":\"Hotta\",\"description\":\"Makes your mouth burn a lotta!\",\"publisher\":{\"@id\":\"https:\\\/\\\/hotta.eu\\\/lt\\\/#organization\"},\"potentialAction\":[{\"@type\":\"SearchAction\",\"target\":{\"@type\":\"EntryPoint\",\"urlTemplate\":\"https:\\\/\\\/hotta.eu\\\/lt\\\/?s={search_term_string}\"},\"query-input\":{\"@type\":\"PropertyValueSpecification\",\"valueRequired\":true,\"valueName\":\"search_term_string\"}}],\"inLanguage\":\"lt-LT\"},{\"@type\":\"Organization\",\"@id\":\"https:\\\/\\\/hotta.eu\\\/lt\\\/#organization\",\"name\":\"Hotta\",\"url\":\"https:\\\/\\\/hotta.eu\\\/lt\\\/\",\"logo\":{\"@type\":\"ImageObject\",\"inLanguage\":\"lt-LT\",\"@id\":\"https:\\\/\\\/hotta.eu\\\/lt\\\/#\\\/schema\\\/logo\\\/image\\\/\",\"url\":\"https:\\\/\\\/hotta.eu\\\/wp-content\\\/uploads\\\/2025\\\/04\\\/hotta-logo-invoice.png\",\"contentUrl\":\"https:\\\/\\\/hotta.eu\\\/wp-content\\\/uploads\\\/2025\\\/04\\\/hotta-logo-invoice.png\",\"width\":600,\"height\":411,\"caption\":\"Hotta\"},\"image\":{\"@id\":\"https:\\\/\\\/hotta.eu\\\/lt\\\/#\\\/schema\\\/logo\\\/image\\\/\"},\"sameAs\":[\"https:\\\/\\\/www.facebook.com\\\/hotta.eu\",\"https:\\\/\\\/x.com\\\/hottashop\",\"https:\\\/\\\/www.instagram.com\\\/hotta.shop\"]}]}<\/script>\n<!-- \/ Yoast SEO plugin. -->","yoast_head_json":{"title":"Da Bomb Ground Zero Hot Sauce - Hotta","description":"\"Da' Bomb Ground Zero\" gaminamas naudojant habanero aitri\u0173j\u0173 paprik\u0173 mi\u0161in\u012f su ananas\u0173 sultimis ir nat\u016braliais ekstraktais.","robots":{"index":"index","follow":"follow","max-snippet":"max-snippet:-1","max-image-preview":"max-image-preview:large","max-video-preview":"max-video-preview:-1"},"canonical":"https:\/\/hotta.eu\/lt\/shop\/da-bomb-ground-zero-hot-sauce\/","og_locale":"lt_LT","og_type":"article","og_title":"Da Bomb Ground Zero Hot Sauce - Hotta","og_description":"\"Da' Bomb Ground Zero\" gaminamas naudojant habanero aitri\u0173j\u0173 paprik\u0173 mi\u0161in\u012f su ananas\u0173 sultimis ir nat\u016braliais ekstraktais.","og_url":"https:\/\/hotta.eu\/lt\/shop\/da-bomb-ground-zero-hot-sauce\/","og_site_name":"Hotta","article_publisher":"https:\/\/www.facebook.com\/hotta.eu","article_modified_time":"2026-04-14T23:40:39+00:00","og_image":[{"width":1751,"height":1756,"url":"https:\/\/hotta.eu\/wp-content\/uploads\/2024\/03\/07_IMG_6885-2.jpg","type":"image\/jpeg"}],"twitter_card":"summary_large_image","twitter_site":"@hottashop","twitter_misc":{"Est. reading time":"1 minute"},"schema":{"@context":"https:\/\/schema.org","@graph":[{"@type":"WebPage","@id":"https:\/\/hotta.eu\/lt\/shop\/da-bomb-ground-zero-hot-sauce\/","url":"https:\/\/hotta.eu\/lt\/shop\/da-bomb-ground-zero-hot-sauce\/","name":"Da Bomb Ground Zero Hot Sauce - Hotta","isPartOf":{"@id":"https:\/\/hotta.eu\/lt\/#website"},"primaryImageOfPage":{"@id":"https:\/\/hotta.eu\/lt\/shop\/da-bomb-ground-zero-hot-sauce\/#primaryimage"},"image":{"@id":"https:\/\/hotta.eu\/lt\/shop\/da-bomb-ground-zero-hot-sauce\/#primaryimage"},"thumbnailUrl":"https:\/\/hotta.eu\/wp-content\/uploads\/2024\/03\/07_IMG_6885-2.jpg","datePublished":"2019-05-01T19:57:37+00:00","dateModified":"2026-04-14T23:40:39+00:00","description":"\"Da' Bomb Ground Zero\" gaminamas naudojant habanero aitri\u0173j\u0173 paprik\u0173 mi\u0161in\u012f su ananas\u0173 sultimis ir nat\u016braliais ekstraktais.","breadcrumb":{"@id":"https:\/\/hotta.eu\/lt\/shop\/da-bomb-ground-zero-hot-sauce\/#breadcrumb"},"inLanguage":"lt-LT","potentialAction":[{"@type":"ReadAction","target":["https:\/\/hotta.eu\/lt\/shop\/da-bomb-ground-zero-hot-sauce\/"]}]},{"@type":"ImageObject","inLanguage":"lt-LT","@id":"https:\/\/hotta.eu\/lt\/shop\/da-bomb-ground-zero-hot-sauce\/#primaryimage","url":"https:\/\/hotta.eu\/wp-content\/uploads\/2024\/03\/07_IMG_6885-2.jpg","contentUrl":"https:\/\/hotta.eu\/wp-content\/uploads\/2024\/03\/07_IMG_6885-2.jpg","width":1751,"height":1756},{"@type":"BreadcrumbList","@id":"https:\/\/hotta.eu\/lt\/shop\/da-bomb-ground-zero-hot-sauce\/#breadcrumb","itemListElement":[{"@type":"ListItem","position":1,"name":"Prad\u017eia","item":"https:\/\/hotta.eu\/lt\/pradzia\/"},{"@type":"ListItem","position":2,"name":"Parduotuv\u0117","item":"https:\/\/hotta.eu\/shop\/"},{"@type":"ListItem","position":3,"name":"Da Bomb Ground Zero Hot Sauce"}]},{"@type":"WebSite","@id":"https:\/\/hotta.eu\/lt\/#website","url":"https:\/\/hotta.eu\/lt\/","name":"Hotta","description":"Makes your mouth burn a lotta!","publisher":{"@id":"https:\/\/hotta.eu\/lt\/#organization"},"potentialAction":[{"@type":"SearchAction","target":{"@type":"EntryPoint","urlTemplate":"https:\/\/hotta.eu\/lt\/?s={search_term_string}"},"query-input":{"@type":"PropertyValueSpecification","valueRequired":true,"valueName":"search_term_string"}}],"inLanguage":"lt-LT"},{"@type":"Organization","@id":"https:\/\/hotta.eu\/lt\/#organization","name":"Hotta","url":"https:\/\/hotta.eu\/lt\/","logo":{"@type":"ImageObject","inLanguage":"lt-LT","@id":"https:\/\/hotta.eu\/lt\/#\/schema\/logo\/image\/","url":"https:\/\/hotta.eu\/wp-content\/uploads\/2025\/04\/hotta-logo-invoice.png","contentUrl":"https:\/\/hotta.eu\/wp-content\/uploads\/2025\/04\/hotta-logo-invoice.png","width":600,"height":411,"caption":"Hotta"},"image":{"@id":"https:\/\/hotta.eu\/lt\/#\/schema\/logo\/image\/"},"sameAs":["https:\/\/www.facebook.com\/hotta.eu","https:\/\/x.com\/hottashop","https:\/\/www.instagram.com\/hotta.shop"]}]}},"jetpack_sharing_enabled":true,"_links":{"self":[{"href":"https:\/\/hotta.eu\/lt\/wp-json\/wp\/v2\/product\/19277","targetHints":{"allow":["GET"]}}],"collection":[{"href":"https:\/\/hotta.eu\/lt\/wp-json\/wp\/v2\/product"}],"about":[{"href":"https:\/\/hotta.eu\/lt\/wp-json\/wp\/v2\/types\/product"}],"replies":[{"embeddable":true,"href":"https:\/\/hotta.eu\/lt\/wp-json\/wp\/v2\/comments?post=19277"}],"wp:featuredmedia":[{"embeddable":true,"href":"https:\/\/hotta.eu\/lt\/wp-json\/wp\/v2\/media\/15604"}],"wp:attachment":[{"href":"https:\/\/hotta.eu\/lt\/wp-json\/wp\/v2\/media?parent=19277"}],"wp:term":[{"taxonomy":"product_cat","embeddable":true,"href":"https:\/\/hotta.eu\/lt\/wp-json\/wp\/v2\/product_cat?post=19277"},{"taxonomy":"product_tag","embeddable":true,"href":"https:\/\/hotta.eu\/lt\/wp-json\/wp\/v2\/product_tag?post=19277"},{"taxonomy":"giftcard-category","embeddable":true,"href":"https:\/\/hotta.eu\/lt\/wp-json\/wp\/v2\/giftcard-category?post=19277"}],"curies":[{"name":"wp","href":"https:\/\/api.w.org\/{rel}","templated":true}]}}