{"id":19280,"date":"2019-05-11T13:13:18","date_gmt":"2019-05-11T11:13:18","guid":{"rendered":"https:\/\/hotta.eu\/shop\/karsciausiu-pasaulyje-ramen-makaronu-issukis\/"},"modified":"2024-12-27T12:43:18","modified_gmt":"2024-12-27T10:43:18","slug":"worlds-hottest-ramen-noodles","status":"publish","type":"product","link":"https:\/\/hotta.eu\/lt\/shop\/worlds-hottest-ramen-noodles\/","title":{"rendered":"World&#8217;s Hottest Ramen Noodles Challenge"},"content":{"rendered":"<p><strong>Sudedamosios dalys<\/strong><br \/>\n<span style=\"text-decoration: underline;\">Makaronai<\/span>: <strong>kvietiniai miltai,<\/strong> vanduo, <strong>kiau\u0161ini\u0173 milteliai<\/strong>, druska, stabilizatorius (501), nat\u016bralus da\u017eiklis (ciber\u017eol\u0117). <span style=\"text-decoration: underline;\">Ramen<\/span><strong>.<\/strong> <span style=\"text-decoration: underline;\">\u0160akniavaisi\u0173 dar\u017eovi\u0173 mi\u0161inys<\/span>: raudon\u0173j\u0173 pipir\u0173 milteliai, d\u017eiovintos morkos, liofilizuoti kukur\u016bzai, <strong>salierai<\/strong>, svog\u016bn\u0173 dribsniai, d\u017eiovinti \u010desnakai, d\u017eiovinti pomidorai.<\/p>\n<p><strong>Galiojimas ir saugojimas<\/strong><br \/>\nAnt pakuot\u0117s nurodyta galiojimo data galioja neatidarytam produktui, laikykite sausoje vietoje.<\/p>\n<p><strong>Paruo\u0161imas<\/strong><br \/>\nSud\u0117kite makaronus \u012f duben\u012f su vandeniu. Atidarykite &#8220;Smokin&#8217; Ed&#8217;s Carolina Reaper&#8221; pakuot\u0119 ir u\u017epilkite ant makaron\u0173, vengdami patekti \u012f rankas ir akis. Ant vir\u0161aus paskleiskite dar\u017eovi\u0173 pakelio turin\u012f. U\u017evirinkite 250 ml vandens ir supilkite \u012f duben\u012f. Palikite pastov\u0117ti 3-4 minutes, kol makaronai sumink\u0161t\u0117s. M\u0117gaukit\u0117s!<\/p>\n<div class=\"tableheader\"><strong>Mitybos informacija<\/strong><\/div>\n<div><strong>Makaronai (100 g)<\/strong><\/div>\n<div>Energin\u0117 vert\u0117 372 kJ, riebal\u0173 4 g, i\u0161 j\u0173 so\u010di\u0173j\u0173 riebal\u0173 r\u016bg\u0161\u010di\u0173 0,7 g, angliavandeni\u0173 74,7 g, i\u0161 j\u0173 cukr\u0173 5,7 g, baltym\u0173 13,4 g, natrio 832 mg.<\/div>\n<div><strong><br \/>\nRamen (100 ml)<\/strong><\/div>\n<div>Energin\u0117 vert\u0117 583 kJ, riebal\u0173 4 g, i\u0161 j\u0173 so\u010di\u0173j\u0173 riebal\u0173 r\u016bg\u0161\u010di\u0173 0,7 g, angliavandeni\u0173 16,2 g, i\u0161 j\u0173 cukr\u0173 6,6 g, baltym\u0173 7,7 g, natrio 2890 mg.<\/div>\n<div><strong><br \/>\n\u0160akniavaisi\u0173 dar\u017eovi\u0173 mi\u0161inys (100 ml)<\/strong><\/div>\n<div>Energin\u0117 vert\u0117 1240 kJ, riebal\u0173 1,6 g, i\u0161 j\u0173 so\u010di\u0173j\u0173 riebal\u0173 r\u016bg\u0161\u010di\u0173 0,3 g, angliavandeni\u0173 54,2 g, i\u0161 j\u0173 cukr\u0173 32 g, baltym\u0173 11,4 g, natrio 129 mg.<\/div>\n","protected":false},"excerpt":{"rendered":"<p>A\u0161triausi\u0173 pasaulyje makaron\u0173 i\u0161\u0161\u016bkis jau prieinamas! &#8220;Culley&#8217;s&#8221; i\u0161 Naujosios Zelandijos pirm\u0105 kart\u0105 pristato &#8220;Smokin&#8217; Ed&#8217;s Carolina Reaper&#8221; a\u0161trumo makaronus. Kiekiai riboti, tod\u0117l nepraleiskite progos patirti k\u0105 nors itin kar\u0161to!<br \/>\n[ywcwtl_form product_id=\"\"]<\/p>\n","protected":false},"featured_media":15616,"comment_status":"open","ping_status":"closed","template":"","meta":[],"product_cat":[939],"product_tag":[],"giftcard-category":[],"class_list":{"0":"post-19280","1":"product","2":"type-product","3":"status-publish","4":"has-post-thumbnail","6":"product_cat-uzkandziai","7":"pa_brand-culleys","9":"first","10":"outofstock","11":"taxable","12":"shipping-taxable","13":"purchasable","14":"product-type-simple"},"yoast_head":"<!-- This site is optimized with the Yoast SEO plugin v27.3 - https:\/\/yoast.com\/product\/yoast-seo-wordpress\/ -->\n<title>World&#039;s Hottest Ramen Noodles Challenge - Hotta<\/title>\n<meta name=\"robots\" content=\"index, follow, max-snippet:-1, max-image-preview:large, max-video-preview:-1\" \/>\n<link rel=\"canonical\" href=\"https:\/\/hotta.eu\/lt\/shop\/worlds-hottest-ramen-noodles\/\" \/>\n<meta property=\"og:locale\" content=\"lt_LT\" \/>\n<meta property=\"og:type\" content=\"article\" \/>\n<meta property=\"og:title\" content=\"World&#039;s Hottest Ramen Noodles Challenge - Hotta\" \/>\n<meta property=\"og:description\" content=\"A\u0161triausi\u0173 pasaulyje makaron\u0173 i\u0161\u0161\u016bkis jau prieinamas! &quot;Culley&#039;s&quot; i\u0161 Naujosios Zelandijos pirm\u0105 kart\u0105 pristato &quot;Smokin&#039; Ed&#039;s Carolina Reaper&quot; a\u0161trumo makaronus. Kiekiai riboti, tod\u0117l nepraleiskite progos patirti k\u0105 nors itin kar\u0161to!\" \/>\n<meta property=\"og:url\" content=\"https:\/\/hotta.eu\/lt\/shop\/worlds-hottest-ramen-noodles\/\" \/>\n<meta property=\"og:site_name\" content=\"Hotta\" \/>\n<meta property=\"article:publisher\" content=\"https:\/\/www.facebook.com\/hotta.eu\" \/>\n<meta property=\"article:modified_time\" content=\"2024-12-27T10:43:18+00:00\" \/>\n<meta property=\"og:image\" content=\"https:\/\/hotta.eu\/wp-content\/uploads\/2024\/03\/06_IMG_6892.jpg\" \/>\n\t<meta property=\"og:image:width\" content=\"2000\" \/>\n\t<meta property=\"og:image:height\" content=\"2000\" \/>\n\t<meta property=\"og:image:type\" content=\"image\/jpeg\" \/>\n<meta name=\"twitter:card\" content=\"summary_large_image\" \/>\n<meta name=\"twitter:site\" content=\"@hottashop\" \/>\n<meta name=\"twitter:label1\" content=\"Est. reading time\" \/>\n\t<meta name=\"twitter:data1\" content=\"2 minutes\" \/>\n<script type=\"application\/ld+json\" class=\"yoast-schema-graph\">{\"@context\":\"https:\\\/\\\/schema.org\",\"@graph\":[{\"@type\":\"WebPage\",\"@id\":\"https:\\\/\\\/hotta.eu\\\/lt\\\/shop\\\/worlds-hottest-ramen-noodles\\\/\",\"url\":\"https:\\\/\\\/hotta.eu\\\/lt\\\/shop\\\/worlds-hottest-ramen-noodles\\\/\",\"name\":\"World's Hottest Ramen Noodles Challenge - Hotta\",\"isPartOf\":{\"@id\":\"https:\\\/\\\/hotta.eu\\\/lt\\\/#website\"},\"primaryImageOfPage\":{\"@id\":\"https:\\\/\\\/hotta.eu\\\/lt\\\/shop\\\/worlds-hottest-ramen-noodles\\\/#primaryimage\"},\"image\":{\"@id\":\"https:\\\/\\\/hotta.eu\\\/lt\\\/shop\\\/worlds-hottest-ramen-noodles\\\/#primaryimage\"},\"thumbnailUrl\":\"https:\\\/\\\/hotta.eu\\\/wp-content\\\/uploads\\\/2024\\\/03\\\/06_IMG_6892.jpg\",\"datePublished\":\"2019-05-11T11:13:18+00:00\",\"dateModified\":\"2024-12-27T10:43:18+00:00\",\"breadcrumb\":{\"@id\":\"https:\\\/\\\/hotta.eu\\\/lt\\\/shop\\\/worlds-hottest-ramen-noodles\\\/#breadcrumb\"},\"inLanguage\":\"lt-LT\",\"potentialAction\":[{\"@type\":\"ReadAction\",\"target\":[\"https:\\\/\\\/hotta.eu\\\/lt\\\/shop\\\/worlds-hottest-ramen-noodles\\\/\"]}]},{\"@type\":\"ImageObject\",\"inLanguage\":\"lt-LT\",\"@id\":\"https:\\\/\\\/hotta.eu\\\/lt\\\/shop\\\/worlds-hottest-ramen-noodles\\\/#primaryimage\",\"url\":\"https:\\\/\\\/hotta.eu\\\/wp-content\\\/uploads\\\/2024\\\/03\\\/06_IMG_6892.jpg\",\"contentUrl\":\"https:\\\/\\\/hotta.eu\\\/wp-content\\\/uploads\\\/2024\\\/03\\\/06_IMG_6892.jpg\",\"width\":2000,\"height\":2000},{\"@type\":\"BreadcrumbList\",\"@id\":\"https:\\\/\\\/hotta.eu\\\/lt\\\/shop\\\/worlds-hottest-ramen-noodles\\\/#breadcrumb\",\"itemListElement\":[{\"@type\":\"ListItem\",\"position\":1,\"name\":\"Prad\u017eia\",\"item\":\"https:\\\/\\\/hotta.eu\\\/lt\\\/pradzia\\\/\"},{\"@type\":\"ListItem\",\"position\":2,\"name\":\"Parduotuv\u0117\",\"item\":\"https:\\\/\\\/hotta.eu\\\/shop\\\/\"},{\"@type\":\"ListItem\",\"position\":3,\"name\":\"World&#8217;s Hottest Ramen Noodles Challenge\"}]},{\"@type\":\"WebSite\",\"@id\":\"https:\\\/\\\/hotta.eu\\\/lt\\\/#website\",\"url\":\"https:\\\/\\\/hotta.eu\\\/lt\\\/\",\"name\":\"Hotta\",\"description\":\"Makes your mouth burn a lotta!\",\"publisher\":{\"@id\":\"https:\\\/\\\/hotta.eu\\\/lt\\\/#organization\"},\"potentialAction\":[{\"@type\":\"SearchAction\",\"target\":{\"@type\":\"EntryPoint\",\"urlTemplate\":\"https:\\\/\\\/hotta.eu\\\/lt\\\/?s={search_term_string}\"},\"query-input\":{\"@type\":\"PropertyValueSpecification\",\"valueRequired\":true,\"valueName\":\"search_term_string\"}}],\"inLanguage\":\"lt-LT\"},{\"@type\":\"Organization\",\"@id\":\"https:\\\/\\\/hotta.eu\\\/lt\\\/#organization\",\"name\":\"Hotta\",\"url\":\"https:\\\/\\\/hotta.eu\\\/lt\\\/\",\"logo\":{\"@type\":\"ImageObject\",\"inLanguage\":\"lt-LT\",\"@id\":\"https:\\\/\\\/hotta.eu\\\/lt\\\/#\\\/schema\\\/logo\\\/image\\\/\",\"url\":\"https:\\\/\\\/hotta.eu\\\/wp-content\\\/uploads\\\/2025\\\/04\\\/hotta-logo-invoice.png\",\"contentUrl\":\"https:\\\/\\\/hotta.eu\\\/wp-content\\\/uploads\\\/2025\\\/04\\\/hotta-logo-invoice.png\",\"width\":600,\"height\":411,\"caption\":\"Hotta\"},\"image\":{\"@id\":\"https:\\\/\\\/hotta.eu\\\/lt\\\/#\\\/schema\\\/logo\\\/image\\\/\"},\"sameAs\":[\"https:\\\/\\\/www.facebook.com\\\/hotta.eu\",\"https:\\\/\\\/x.com\\\/hottashop\",\"https:\\\/\\\/www.instagram.com\\\/hotta.shop\"]}]}<\/script>\n<!-- \/ Yoast SEO plugin. -->","yoast_head_json":{"title":"World's Hottest Ramen Noodles Challenge - Hotta","robots":{"index":"index","follow":"follow","max-snippet":"max-snippet:-1","max-image-preview":"max-image-preview:large","max-video-preview":"max-video-preview:-1"},"canonical":"https:\/\/hotta.eu\/lt\/shop\/worlds-hottest-ramen-noodles\/","og_locale":"lt_LT","og_type":"article","og_title":"World's Hottest Ramen Noodles Challenge - Hotta","og_description":"A\u0161triausi\u0173 pasaulyje makaron\u0173 i\u0161\u0161\u016bkis jau prieinamas! \"Culley's\" i\u0161 Naujosios Zelandijos pirm\u0105 kart\u0105 pristato \"Smokin' Ed's Carolina Reaper\" a\u0161trumo makaronus. Kiekiai riboti, tod\u0117l nepraleiskite progos patirti k\u0105 nors itin kar\u0161to!","og_url":"https:\/\/hotta.eu\/lt\/shop\/worlds-hottest-ramen-noodles\/","og_site_name":"Hotta","article_publisher":"https:\/\/www.facebook.com\/hotta.eu","article_modified_time":"2024-12-27T10:43:18+00:00","og_image":[{"width":2000,"height":2000,"url":"https:\/\/hotta.eu\/wp-content\/uploads\/2024\/03\/06_IMG_6892.jpg","type":"image\/jpeg"}],"twitter_card":"summary_large_image","twitter_site":"@hottashop","twitter_misc":{"Est. reading time":"2 minutes"},"schema":{"@context":"https:\/\/schema.org","@graph":[{"@type":"WebPage","@id":"https:\/\/hotta.eu\/lt\/shop\/worlds-hottest-ramen-noodles\/","url":"https:\/\/hotta.eu\/lt\/shop\/worlds-hottest-ramen-noodles\/","name":"World's Hottest Ramen Noodles Challenge - Hotta","isPartOf":{"@id":"https:\/\/hotta.eu\/lt\/#website"},"primaryImageOfPage":{"@id":"https:\/\/hotta.eu\/lt\/shop\/worlds-hottest-ramen-noodles\/#primaryimage"},"image":{"@id":"https:\/\/hotta.eu\/lt\/shop\/worlds-hottest-ramen-noodles\/#primaryimage"},"thumbnailUrl":"https:\/\/hotta.eu\/wp-content\/uploads\/2024\/03\/06_IMG_6892.jpg","datePublished":"2019-05-11T11:13:18+00:00","dateModified":"2024-12-27T10:43:18+00:00","breadcrumb":{"@id":"https:\/\/hotta.eu\/lt\/shop\/worlds-hottest-ramen-noodles\/#breadcrumb"},"inLanguage":"lt-LT","potentialAction":[{"@type":"ReadAction","target":["https:\/\/hotta.eu\/lt\/shop\/worlds-hottest-ramen-noodles\/"]}]},{"@type":"ImageObject","inLanguage":"lt-LT","@id":"https:\/\/hotta.eu\/lt\/shop\/worlds-hottest-ramen-noodles\/#primaryimage","url":"https:\/\/hotta.eu\/wp-content\/uploads\/2024\/03\/06_IMG_6892.jpg","contentUrl":"https:\/\/hotta.eu\/wp-content\/uploads\/2024\/03\/06_IMG_6892.jpg","width":2000,"height":2000},{"@type":"BreadcrumbList","@id":"https:\/\/hotta.eu\/lt\/shop\/worlds-hottest-ramen-noodles\/#breadcrumb","itemListElement":[{"@type":"ListItem","position":1,"name":"Prad\u017eia","item":"https:\/\/hotta.eu\/lt\/pradzia\/"},{"@type":"ListItem","position":2,"name":"Parduotuv\u0117","item":"https:\/\/hotta.eu\/shop\/"},{"@type":"ListItem","position":3,"name":"World&#8217;s Hottest Ramen Noodles Challenge"}]},{"@type":"WebSite","@id":"https:\/\/hotta.eu\/lt\/#website","url":"https:\/\/hotta.eu\/lt\/","name":"Hotta","description":"Makes your mouth burn a lotta!","publisher":{"@id":"https:\/\/hotta.eu\/lt\/#organization"},"potentialAction":[{"@type":"SearchAction","target":{"@type":"EntryPoint","urlTemplate":"https:\/\/hotta.eu\/lt\/?s={search_term_string}"},"query-input":{"@type":"PropertyValueSpecification","valueRequired":true,"valueName":"search_term_string"}}],"inLanguage":"lt-LT"},{"@type":"Organization","@id":"https:\/\/hotta.eu\/lt\/#organization","name":"Hotta","url":"https:\/\/hotta.eu\/lt\/","logo":{"@type":"ImageObject","inLanguage":"lt-LT","@id":"https:\/\/hotta.eu\/lt\/#\/schema\/logo\/image\/","url":"https:\/\/hotta.eu\/wp-content\/uploads\/2025\/04\/hotta-logo-invoice.png","contentUrl":"https:\/\/hotta.eu\/wp-content\/uploads\/2025\/04\/hotta-logo-invoice.png","width":600,"height":411,"caption":"Hotta"},"image":{"@id":"https:\/\/hotta.eu\/lt\/#\/schema\/logo\/image\/"},"sameAs":["https:\/\/www.facebook.com\/hotta.eu","https:\/\/x.com\/hottashop","https:\/\/www.instagram.com\/hotta.shop"]}]}},"jetpack_sharing_enabled":true,"_links":{"self":[{"href":"https:\/\/hotta.eu\/lt\/wp-json\/wp\/v2\/product\/19280","targetHints":{"allow":["GET"]}}],"collection":[{"href":"https:\/\/hotta.eu\/lt\/wp-json\/wp\/v2\/product"}],"about":[{"href":"https:\/\/hotta.eu\/lt\/wp-json\/wp\/v2\/types\/product"}],"replies":[{"embeddable":true,"href":"https:\/\/hotta.eu\/lt\/wp-json\/wp\/v2\/comments?post=19280"}],"wp:featuredmedia":[{"embeddable":true,"href":"https:\/\/hotta.eu\/lt\/wp-json\/wp\/v2\/media\/15616"}],"wp:attachment":[{"href":"https:\/\/hotta.eu\/lt\/wp-json\/wp\/v2\/media?parent=19280"}],"wp:term":[{"taxonomy":"product_cat","embeddable":true,"href":"https:\/\/hotta.eu\/lt\/wp-json\/wp\/v2\/product_cat?post=19280"},{"taxonomy":"product_tag","embeddable":true,"href":"https:\/\/hotta.eu\/lt\/wp-json\/wp\/v2\/product_tag?post=19280"},{"taxonomy":"giftcard-category","embeddable":true,"href":"https:\/\/hotta.eu\/lt\/wp-json\/wp\/v2\/giftcard-category?post=19280"}],"curies":[{"name":"wp","href":"https:\/\/api.w.org\/{rel}","templated":true}]}}