{"id":19294,"date":"2019-09-12T22:29:14","date_gmt":"2019-09-12T20:29:14","guid":{"rendered":"https:\/\/hotta.eu\/shop\/crimson-special-reserve-astrusis-padazas\/"},"modified":"2024-12-27T12:43:13","modified_gmt":"2024-12-27T10:43:13","slug":"crimson-special-reserve-hot-sauce","status":"publish","type":"product","link":"https:\/\/hotta.eu\/lt\/shop\/crimson-special-reserve-hot-sauce\/","title":{"rendered":"Crimson Special Reserve Hot Sauce"},"content":{"rendered":"<p><strong>Sudedamosios dalys<\/strong><br \/>\nBaltojo vyno acto r\u016bg\u0161tis, aitriosios paprikos &#8220;Scorpion&#8221;, aitriosios paprikos &#8220;Arbol&#8221;, \u010desnakai, j\u016bros druska.<\/p>\n<p><strong>Maistingumo informacija (5 g)<\/strong><br \/>\nEnergin\u0117 vert\u0117 20,92 kJ \/ 5 kcal, angliavandeniai &lt;1,0 g, i\u0161 j\u0173 cukr\u0173 0 g, natris 55 mg.<\/p>\n<p><strong>Galiojimas ir saugojimas<\/strong><br \/>\nAnt buteliuko nurodyta galiojimo data galioja neatidarytam produktui. Atidaryt\u0105 produkt\u0105 reikia laikyti \u0161aldytuve.<\/p>\n","protected":false},"excerpt":{"rendered":"<p>&#8220;Bravado Crimson Special Reserve&#8221; yra patobulinta ir a\u0161tresn\u0117 &#8220;Bravado Crimson&#8221; versija. Skorpiono ir Arbol aitri\u0173j\u0173 paprik\u0173 mi\u0161inys. &#8220;Bravado&#8221; a\u0161tri\u0173 pada\u017e\u0173 asortimentas nenuvils &#8211; tai tvirtas pasirinkimas!<br \/>\n[ywcwtl_form product_id=\"\"]<\/p>\n","protected":false},"featured_media":15652,"comment_status":"open","ping_status":"closed","template":"","meta":[],"product_cat":[927,917],"product_tag":[],"giftcard-category":[],"class_list":{"0":"post-19294","1":"product","2":"type-product","3":"status-publish","4":"has-post-thumbnail","6":"product_cat-astrus","7":"product_cat-padazai","8":"pa_brand-bravado-spice-co","10":"first","11":"outofstock","12":"taxable","13":"shipping-taxable","14":"purchasable","15":"product-type-simple"},"yoast_head":"<!-- This site is optimized with the Yoast SEO plugin v27.3 - https:\/\/yoast.com\/product\/yoast-seo-wordpress\/ -->\n<title>Crimson Special Reserve Hot Sauce - Hotta<\/title>\n<meta name=\"description\" content=\"&quot;Bravado Crimson Special Reserve&quot; yra patobulinta ir a\u0161tresn\u0117 &quot;Bravado Crimson&quot; versija. Skorpiono ir Arbol aitri\u0173j\u0173 paprik\u0173 mi\u0161inys. &quot;Bravado&quot; a\u0161tri\u0173 pada\u017e\u0173 asortimentas nenuvils - tai tvirtas pasirinkimas!\" \/>\n<meta name=\"robots\" content=\"index, follow, max-snippet:-1, max-image-preview:large, max-video-preview:-1\" \/>\n<link rel=\"canonical\" href=\"https:\/\/hotta.eu\/lt\/shop\/crimson-special-reserve-hot-sauce\/\" \/>\n<meta property=\"og:locale\" content=\"lt_LT\" \/>\n<meta property=\"og:type\" content=\"article\" \/>\n<meta property=\"og:title\" content=\"Crimson Special Reserve Hot Sauce - Hotta\" \/>\n<meta property=\"og:description\" content=\"&quot;Bravado Crimson Special Reserve&quot; yra patobulinta ir a\u0161tresn\u0117 &quot;Bravado Crimson&quot; versija. Skorpiono ir Arbol aitri\u0173j\u0173 paprik\u0173 mi\u0161inys. &quot;Bravado&quot; a\u0161tri\u0173 pada\u017e\u0173 asortimentas nenuvils - tai tvirtas pasirinkimas!\" \/>\n<meta property=\"og:url\" content=\"https:\/\/hotta.eu\/lt\/shop\/crimson-special-reserve-hot-sauce\/\" \/>\n<meta property=\"og:site_name\" content=\"Hotta\" \/>\n<meta property=\"article:publisher\" content=\"https:\/\/www.facebook.com\/hotta.eu\" \/>\n<meta property=\"article:modified_time\" content=\"2024-12-27T10:43:13+00:00\" \/>\n<meta property=\"og:image\" content=\"https:\/\/hotta.eu\/wp-content\/uploads\/2024\/03\/bravado-2.jpg\" \/>\n\t<meta property=\"og:image:width\" content=\"2000\" \/>\n\t<meta property=\"og:image:height\" content=\"2000\" \/>\n\t<meta property=\"og:image:type\" content=\"image\/jpeg\" \/>\n<meta name=\"twitter:card\" content=\"summary_large_image\" \/>\n<meta name=\"twitter:site\" content=\"@hottashop\" \/>\n<meta name=\"twitter:label1\" content=\"Est. reading time\" \/>\n\t<meta name=\"twitter:data1\" content=\"1 minute\" \/>\n<script type=\"application\/ld+json\" class=\"yoast-schema-graph\">{\"@context\":\"https:\\\/\\\/schema.org\",\"@graph\":[{\"@type\":\"WebPage\",\"@id\":\"https:\\\/\\\/hotta.eu\\\/lt\\\/shop\\\/crimson-special-reserve-hot-sauce\\\/\",\"url\":\"https:\\\/\\\/hotta.eu\\\/lt\\\/shop\\\/crimson-special-reserve-hot-sauce\\\/\",\"name\":\"Crimson Special Reserve Hot Sauce - Hotta\",\"isPartOf\":{\"@id\":\"https:\\\/\\\/hotta.eu\\\/lt\\\/#website\"},\"primaryImageOfPage\":{\"@id\":\"https:\\\/\\\/hotta.eu\\\/lt\\\/shop\\\/crimson-special-reserve-hot-sauce\\\/#primaryimage\"},\"image\":{\"@id\":\"https:\\\/\\\/hotta.eu\\\/lt\\\/shop\\\/crimson-special-reserve-hot-sauce\\\/#primaryimage\"},\"thumbnailUrl\":\"https:\\\/\\\/hotta.eu\\\/wp-content\\\/uploads\\\/2024\\\/03\\\/bravado-2.jpg\",\"datePublished\":\"2019-09-12T20:29:14+00:00\",\"dateModified\":\"2024-12-27T10:43:13+00:00\",\"description\":\"\\\"Bravado Crimson Special Reserve\\\" yra patobulinta ir a\u0161tresn\u0117 \\\"Bravado Crimson\\\" versija. Skorpiono ir Arbol aitri\u0173j\u0173 paprik\u0173 mi\u0161inys. \\\"Bravado\\\" a\u0161tri\u0173 pada\u017e\u0173 asortimentas nenuvils - tai tvirtas pasirinkimas!\",\"breadcrumb\":{\"@id\":\"https:\\\/\\\/hotta.eu\\\/lt\\\/shop\\\/crimson-special-reserve-hot-sauce\\\/#breadcrumb\"},\"inLanguage\":\"lt-LT\",\"potentialAction\":[{\"@type\":\"ReadAction\",\"target\":[\"https:\\\/\\\/hotta.eu\\\/lt\\\/shop\\\/crimson-special-reserve-hot-sauce\\\/\"]}]},{\"@type\":\"ImageObject\",\"inLanguage\":\"lt-LT\",\"@id\":\"https:\\\/\\\/hotta.eu\\\/lt\\\/shop\\\/crimson-special-reserve-hot-sauce\\\/#primaryimage\",\"url\":\"https:\\\/\\\/hotta.eu\\\/wp-content\\\/uploads\\\/2024\\\/03\\\/bravado-2.jpg\",\"contentUrl\":\"https:\\\/\\\/hotta.eu\\\/wp-content\\\/uploads\\\/2024\\\/03\\\/bravado-2.jpg\",\"width\":2000,\"height\":2000},{\"@type\":\"BreadcrumbList\",\"@id\":\"https:\\\/\\\/hotta.eu\\\/lt\\\/shop\\\/crimson-special-reserve-hot-sauce\\\/#breadcrumb\",\"itemListElement\":[{\"@type\":\"ListItem\",\"position\":1,\"name\":\"Prad\u017eia\",\"item\":\"https:\\\/\\\/hotta.eu\\\/lt\\\/pradzia\\\/\"},{\"@type\":\"ListItem\",\"position\":2,\"name\":\"Parduotuv\u0117\",\"item\":\"https:\\\/\\\/hotta.eu\\\/shop\\\/\"},{\"@type\":\"ListItem\",\"position\":3,\"name\":\"Crimson Special Reserve Hot Sauce\"}]},{\"@type\":\"WebSite\",\"@id\":\"https:\\\/\\\/hotta.eu\\\/lt\\\/#website\",\"url\":\"https:\\\/\\\/hotta.eu\\\/lt\\\/\",\"name\":\"Hotta\",\"description\":\"Makes your mouth burn a lotta!\",\"publisher\":{\"@id\":\"https:\\\/\\\/hotta.eu\\\/lt\\\/#organization\"},\"potentialAction\":[{\"@type\":\"SearchAction\",\"target\":{\"@type\":\"EntryPoint\",\"urlTemplate\":\"https:\\\/\\\/hotta.eu\\\/lt\\\/?s={search_term_string}\"},\"query-input\":{\"@type\":\"PropertyValueSpecification\",\"valueRequired\":true,\"valueName\":\"search_term_string\"}}],\"inLanguage\":\"lt-LT\"},{\"@type\":\"Organization\",\"@id\":\"https:\\\/\\\/hotta.eu\\\/lt\\\/#organization\",\"name\":\"Hotta\",\"url\":\"https:\\\/\\\/hotta.eu\\\/lt\\\/\",\"logo\":{\"@type\":\"ImageObject\",\"inLanguage\":\"lt-LT\",\"@id\":\"https:\\\/\\\/hotta.eu\\\/lt\\\/#\\\/schema\\\/logo\\\/image\\\/\",\"url\":\"https:\\\/\\\/hotta.eu\\\/wp-content\\\/uploads\\\/2025\\\/04\\\/hotta-logo-invoice.png\",\"contentUrl\":\"https:\\\/\\\/hotta.eu\\\/wp-content\\\/uploads\\\/2025\\\/04\\\/hotta-logo-invoice.png\",\"width\":600,\"height\":411,\"caption\":\"Hotta\"},\"image\":{\"@id\":\"https:\\\/\\\/hotta.eu\\\/lt\\\/#\\\/schema\\\/logo\\\/image\\\/\"},\"sameAs\":[\"https:\\\/\\\/www.facebook.com\\\/hotta.eu\",\"https:\\\/\\\/x.com\\\/hottashop\",\"https:\\\/\\\/www.instagram.com\\\/hotta.shop\"]}]}<\/script>\n<!-- \/ Yoast SEO plugin. -->","yoast_head_json":{"title":"Crimson Special Reserve Hot Sauce - Hotta","description":"\"Bravado Crimson Special Reserve\" yra patobulinta ir a\u0161tresn\u0117 \"Bravado Crimson\" versija. Skorpiono ir Arbol aitri\u0173j\u0173 paprik\u0173 mi\u0161inys. \"Bravado\" a\u0161tri\u0173 pada\u017e\u0173 asortimentas nenuvils - tai tvirtas pasirinkimas!","robots":{"index":"index","follow":"follow","max-snippet":"max-snippet:-1","max-image-preview":"max-image-preview:large","max-video-preview":"max-video-preview:-1"},"canonical":"https:\/\/hotta.eu\/lt\/shop\/crimson-special-reserve-hot-sauce\/","og_locale":"lt_LT","og_type":"article","og_title":"Crimson Special Reserve Hot Sauce - Hotta","og_description":"\"Bravado Crimson Special Reserve\" yra patobulinta ir a\u0161tresn\u0117 \"Bravado Crimson\" versija. Skorpiono ir Arbol aitri\u0173j\u0173 paprik\u0173 mi\u0161inys. \"Bravado\" a\u0161tri\u0173 pada\u017e\u0173 asortimentas nenuvils - tai tvirtas pasirinkimas!","og_url":"https:\/\/hotta.eu\/lt\/shop\/crimson-special-reserve-hot-sauce\/","og_site_name":"Hotta","article_publisher":"https:\/\/www.facebook.com\/hotta.eu","article_modified_time":"2024-12-27T10:43:13+00:00","og_image":[{"width":2000,"height":2000,"url":"https:\/\/hotta.eu\/wp-content\/uploads\/2024\/03\/bravado-2.jpg","type":"image\/jpeg"}],"twitter_card":"summary_large_image","twitter_site":"@hottashop","twitter_misc":{"Est. reading time":"1 minute"},"schema":{"@context":"https:\/\/schema.org","@graph":[{"@type":"WebPage","@id":"https:\/\/hotta.eu\/lt\/shop\/crimson-special-reserve-hot-sauce\/","url":"https:\/\/hotta.eu\/lt\/shop\/crimson-special-reserve-hot-sauce\/","name":"Crimson Special Reserve Hot Sauce - Hotta","isPartOf":{"@id":"https:\/\/hotta.eu\/lt\/#website"},"primaryImageOfPage":{"@id":"https:\/\/hotta.eu\/lt\/shop\/crimson-special-reserve-hot-sauce\/#primaryimage"},"image":{"@id":"https:\/\/hotta.eu\/lt\/shop\/crimson-special-reserve-hot-sauce\/#primaryimage"},"thumbnailUrl":"https:\/\/hotta.eu\/wp-content\/uploads\/2024\/03\/bravado-2.jpg","datePublished":"2019-09-12T20:29:14+00:00","dateModified":"2024-12-27T10:43:13+00:00","description":"\"Bravado Crimson Special Reserve\" yra patobulinta ir a\u0161tresn\u0117 \"Bravado Crimson\" versija. Skorpiono ir Arbol aitri\u0173j\u0173 paprik\u0173 mi\u0161inys. \"Bravado\" a\u0161tri\u0173 pada\u017e\u0173 asortimentas nenuvils - tai tvirtas pasirinkimas!","breadcrumb":{"@id":"https:\/\/hotta.eu\/lt\/shop\/crimson-special-reserve-hot-sauce\/#breadcrumb"},"inLanguage":"lt-LT","potentialAction":[{"@type":"ReadAction","target":["https:\/\/hotta.eu\/lt\/shop\/crimson-special-reserve-hot-sauce\/"]}]},{"@type":"ImageObject","inLanguage":"lt-LT","@id":"https:\/\/hotta.eu\/lt\/shop\/crimson-special-reserve-hot-sauce\/#primaryimage","url":"https:\/\/hotta.eu\/wp-content\/uploads\/2024\/03\/bravado-2.jpg","contentUrl":"https:\/\/hotta.eu\/wp-content\/uploads\/2024\/03\/bravado-2.jpg","width":2000,"height":2000},{"@type":"BreadcrumbList","@id":"https:\/\/hotta.eu\/lt\/shop\/crimson-special-reserve-hot-sauce\/#breadcrumb","itemListElement":[{"@type":"ListItem","position":1,"name":"Prad\u017eia","item":"https:\/\/hotta.eu\/lt\/pradzia\/"},{"@type":"ListItem","position":2,"name":"Parduotuv\u0117","item":"https:\/\/hotta.eu\/shop\/"},{"@type":"ListItem","position":3,"name":"Crimson Special Reserve Hot Sauce"}]},{"@type":"WebSite","@id":"https:\/\/hotta.eu\/lt\/#website","url":"https:\/\/hotta.eu\/lt\/","name":"Hotta","description":"Makes your mouth burn a lotta!","publisher":{"@id":"https:\/\/hotta.eu\/lt\/#organization"},"potentialAction":[{"@type":"SearchAction","target":{"@type":"EntryPoint","urlTemplate":"https:\/\/hotta.eu\/lt\/?s={search_term_string}"},"query-input":{"@type":"PropertyValueSpecification","valueRequired":true,"valueName":"search_term_string"}}],"inLanguage":"lt-LT"},{"@type":"Organization","@id":"https:\/\/hotta.eu\/lt\/#organization","name":"Hotta","url":"https:\/\/hotta.eu\/lt\/","logo":{"@type":"ImageObject","inLanguage":"lt-LT","@id":"https:\/\/hotta.eu\/lt\/#\/schema\/logo\/image\/","url":"https:\/\/hotta.eu\/wp-content\/uploads\/2025\/04\/hotta-logo-invoice.png","contentUrl":"https:\/\/hotta.eu\/wp-content\/uploads\/2025\/04\/hotta-logo-invoice.png","width":600,"height":411,"caption":"Hotta"},"image":{"@id":"https:\/\/hotta.eu\/lt\/#\/schema\/logo\/image\/"},"sameAs":["https:\/\/www.facebook.com\/hotta.eu","https:\/\/x.com\/hottashop","https:\/\/www.instagram.com\/hotta.shop"]}]}},"jetpack_sharing_enabled":true,"_links":{"self":[{"href":"https:\/\/hotta.eu\/lt\/wp-json\/wp\/v2\/product\/19294","targetHints":{"allow":["GET"]}}],"collection":[{"href":"https:\/\/hotta.eu\/lt\/wp-json\/wp\/v2\/product"}],"about":[{"href":"https:\/\/hotta.eu\/lt\/wp-json\/wp\/v2\/types\/product"}],"replies":[{"embeddable":true,"href":"https:\/\/hotta.eu\/lt\/wp-json\/wp\/v2\/comments?post=19294"}],"wp:featuredmedia":[{"embeddable":true,"href":"https:\/\/hotta.eu\/lt\/wp-json\/wp\/v2\/media\/15652"}],"wp:attachment":[{"href":"https:\/\/hotta.eu\/lt\/wp-json\/wp\/v2\/media?parent=19294"}],"wp:term":[{"taxonomy":"product_cat","embeddable":true,"href":"https:\/\/hotta.eu\/lt\/wp-json\/wp\/v2\/product_cat?post=19294"},{"taxonomy":"product_tag","embeddable":true,"href":"https:\/\/hotta.eu\/lt\/wp-json\/wp\/v2\/product_tag?post=19294"},{"taxonomy":"giftcard-category","embeddable":true,"href":"https:\/\/hotta.eu\/lt\/wp-json\/wp\/v2\/giftcard-category?post=19294"}],"curies":[{"name":"wp","href":"https:\/\/api.w.org\/{rel}","templated":true}]}}