{"id":19310,"date":"2019-09-24T20:59:01","date_gmt":"2019-09-24T18:59:01","guid":{"rendered":"https:\/\/hotta.eu\/shop\/vaiduokliu-pipiru-pagardas\/"},"modified":"2024-12-27T12:43:09","modified_gmt":"2024-12-27T10:43:09","slug":"ghost-pepper-condiment","status":"publish","type":"product","link":"https:\/\/hotta.eu\/lt\/shop\/ghost-pepper-condiment\/","title":{"rendered":"Ghost Pepper Condiment"},"content":{"rendered":"<p><strong>Sudedamosios dalys<\/strong><br \/>\nVanduo, pomidor\u0173 pasta, morkos, svog\u016bnai, \u010desnakai, distiliuota acto r\u016bg\u0161tis, cukranendri\u0173 cukrus, mandarin\u0173 sul\u010di\u0173 koncentratas, aitriosios paprikos &#8220;Ghost&#8221;, druska, laimo sul\u010di\u0173 koncentratas.<\/p>\n<p><strong><br \/>\nMitybos duomenys (15 g)<\/strong><br \/>\nEnergin\u0117 vert\u0117 41,84 kJ \/ 10 kcal, angliavandeniai 2 g, i\u0161 j\u0173 cukr\u0173 1 g.<\/p>\n<p><strong>Galiojimas ir saugojimas<\/strong><br \/>\nAnt buteliuko nurodyta galiojimo data galioja neatidarytam produktui. Atidaryt\u0105 produkt\u0105 reikia laikyti \u0161aldytuve.<\/p>\n","protected":false},"excerpt":{"rendered":"<p>Naujausias &#8220;Yellowbird&#8221; asortimento skonis ir vienas a\u0161triausi\u0173. Kreminis pomidor\u0173, mork\u0173 ir vaiduokli\u0161k\u0173 aitri\u0173j\u0173 paprik\u0173 mi\u0161inys, puikiai tinkantis tiems, kuriems sriracha atrodo per liesa. &#8220;Yellowbird&#8221; savo pada\u017eus gamina i\u0161 nat\u016brali\u0173 ingredient\u0173, nenaudoja dirbtini\u0173 konservant\u0173 ir daugiausia d\u0117mesio skiria aitri\u0173j\u0173 paprik\u0173 skoniui i\u0161ry\u0161kinti, o j\u0173 stiprum\u0105 trumpam palieka antrame plane. Tai i\u0161ties universalus pada\u017eas, kuris tikrai ras plat\u0173 panaudojim\u0105 kiekvieno gurmano valgiara\u0161tyje!<br \/>\n[ywcwtl_form product_id=\"\"]<\/p>\n","protected":false},"featured_media":15672,"comment_status":"open","ping_status":"closed","template":"","meta":[],"product_cat":[927,917],"product_tag":[],"giftcard-category":[],"class_list":{"0":"post-19310","1":"product","2":"type-product","3":"status-publish","4":"has-post-thumbnail","6":"product_cat-astrus","7":"product_cat-padazai","8":"pa_brand-yellowbird-foods","10":"first","11":"outofstock","12":"taxable","13":"shipping-taxable","14":"purchasable","15":"product-type-simple"},"yoast_head":"<!-- This site is optimized with the Yoast SEO plugin v27.3 - https:\/\/yoast.com\/product\/yoast-seo-wordpress\/ -->\n<title>Ghost Pepper Condiment - Hotta<\/title>\n<meta name=\"description\" content=\"Naujausias &quot;Yellowbird&quot; asortimento skonis ir vienas a\u0161triausi\u0173. Kreminis pomidor\u0173, mork\u0173 ir vaiduokli\u0161k\u0173 aitri\u0173j\u0173 paprik\u0173 mi\u0161inys.\" \/>\n<meta name=\"robots\" content=\"index, follow, max-snippet:-1, max-image-preview:large, max-video-preview:-1\" \/>\n<link rel=\"canonical\" href=\"https:\/\/hotta.eu\/lt\/shop\/ghost-pepper-condiment\/\" \/>\n<meta property=\"og:locale\" content=\"lt_LT\" \/>\n<meta property=\"og:type\" content=\"article\" \/>\n<meta property=\"og:title\" content=\"Ghost Pepper Condiment - Hotta\" \/>\n<meta property=\"og:description\" content=\"Naujausias &quot;Yellowbird&quot; asortimento skonis ir vienas a\u0161triausi\u0173. Kreminis pomidor\u0173, mork\u0173 ir vaiduokli\u0161k\u0173 aitri\u0173j\u0173 paprik\u0173 mi\u0161inys.\" \/>\n<meta property=\"og:url\" content=\"https:\/\/hotta.eu\/lt\/shop\/ghost-pepper-condiment\/\" \/>\n<meta property=\"og:site_name\" content=\"Hotta\" \/>\n<meta property=\"article:publisher\" content=\"https:\/\/www.facebook.com\/hotta.eu\" \/>\n<meta property=\"article:modified_time\" content=\"2024-12-27T10:43:09+00:00\" \/>\n<meta property=\"og:image\" content=\"https:\/\/hotta.eu\/wp-content\/uploads\/2024\/03\/yellowbird-2.jpg\" \/>\n\t<meta property=\"og:image:width\" content=\"2000\" \/>\n\t<meta property=\"og:image:height\" content=\"2000\" \/>\n\t<meta property=\"og:image:type\" content=\"image\/jpeg\" \/>\n<meta name=\"twitter:card\" content=\"summary_large_image\" \/>\n<meta name=\"twitter:site\" content=\"@hottashop\" \/>\n<meta name=\"twitter:label1\" content=\"Est. reading time\" \/>\n\t<meta name=\"twitter:data1\" content=\"1 minute\" \/>\n<script type=\"application\/ld+json\" class=\"yoast-schema-graph\">{\"@context\":\"https:\\\/\\\/schema.org\",\"@graph\":[{\"@type\":\"WebPage\",\"@id\":\"https:\\\/\\\/hotta.eu\\\/lt\\\/shop\\\/ghost-pepper-condiment\\\/\",\"url\":\"https:\\\/\\\/hotta.eu\\\/lt\\\/shop\\\/ghost-pepper-condiment\\\/\",\"name\":\"Ghost Pepper Condiment - Hotta\",\"isPartOf\":{\"@id\":\"https:\\\/\\\/hotta.eu\\\/lt\\\/#website\"},\"primaryImageOfPage\":{\"@id\":\"https:\\\/\\\/hotta.eu\\\/lt\\\/shop\\\/ghost-pepper-condiment\\\/#primaryimage\"},\"image\":{\"@id\":\"https:\\\/\\\/hotta.eu\\\/lt\\\/shop\\\/ghost-pepper-condiment\\\/#primaryimage\"},\"thumbnailUrl\":\"https:\\\/\\\/hotta.eu\\\/wp-content\\\/uploads\\\/2024\\\/03\\\/yellowbird-2.jpg\",\"datePublished\":\"2019-09-24T18:59:01+00:00\",\"dateModified\":\"2024-12-27T10:43:09+00:00\",\"description\":\"Naujausias \\\"Yellowbird\\\" asortimento skonis ir vienas a\u0161triausi\u0173. Kreminis pomidor\u0173, mork\u0173 ir vaiduokli\u0161k\u0173 aitri\u0173j\u0173 paprik\u0173 mi\u0161inys.\",\"breadcrumb\":{\"@id\":\"https:\\\/\\\/hotta.eu\\\/lt\\\/shop\\\/ghost-pepper-condiment\\\/#breadcrumb\"},\"inLanguage\":\"lt-LT\",\"potentialAction\":[{\"@type\":\"ReadAction\",\"target\":[\"https:\\\/\\\/hotta.eu\\\/lt\\\/shop\\\/ghost-pepper-condiment\\\/\"]}]},{\"@type\":\"ImageObject\",\"inLanguage\":\"lt-LT\",\"@id\":\"https:\\\/\\\/hotta.eu\\\/lt\\\/shop\\\/ghost-pepper-condiment\\\/#primaryimage\",\"url\":\"https:\\\/\\\/hotta.eu\\\/wp-content\\\/uploads\\\/2024\\\/03\\\/yellowbird-2.jpg\",\"contentUrl\":\"https:\\\/\\\/hotta.eu\\\/wp-content\\\/uploads\\\/2024\\\/03\\\/yellowbird-2.jpg\",\"width\":2000,\"height\":2000},{\"@type\":\"BreadcrumbList\",\"@id\":\"https:\\\/\\\/hotta.eu\\\/lt\\\/shop\\\/ghost-pepper-condiment\\\/#breadcrumb\",\"itemListElement\":[{\"@type\":\"ListItem\",\"position\":1,\"name\":\"Prad\u017eia\",\"item\":\"https:\\\/\\\/hotta.eu\\\/lt\\\/pradzia\\\/\"},{\"@type\":\"ListItem\",\"position\":2,\"name\":\"Parduotuv\u0117\",\"item\":\"https:\\\/\\\/hotta.eu\\\/shop\\\/\"},{\"@type\":\"ListItem\",\"position\":3,\"name\":\"Ghost Pepper Condiment\"}]},{\"@type\":\"WebSite\",\"@id\":\"https:\\\/\\\/hotta.eu\\\/lt\\\/#website\",\"url\":\"https:\\\/\\\/hotta.eu\\\/lt\\\/\",\"name\":\"Hotta\",\"description\":\"Makes your mouth burn a lotta!\",\"publisher\":{\"@id\":\"https:\\\/\\\/hotta.eu\\\/lt\\\/#organization\"},\"potentialAction\":[{\"@type\":\"SearchAction\",\"target\":{\"@type\":\"EntryPoint\",\"urlTemplate\":\"https:\\\/\\\/hotta.eu\\\/lt\\\/?s={search_term_string}\"},\"query-input\":{\"@type\":\"PropertyValueSpecification\",\"valueRequired\":true,\"valueName\":\"search_term_string\"}}],\"inLanguage\":\"lt-LT\"},{\"@type\":\"Organization\",\"@id\":\"https:\\\/\\\/hotta.eu\\\/lt\\\/#organization\",\"name\":\"Hotta\",\"url\":\"https:\\\/\\\/hotta.eu\\\/lt\\\/\",\"logo\":{\"@type\":\"ImageObject\",\"inLanguage\":\"lt-LT\",\"@id\":\"https:\\\/\\\/hotta.eu\\\/lt\\\/#\\\/schema\\\/logo\\\/image\\\/\",\"url\":\"https:\\\/\\\/hotta.eu\\\/wp-content\\\/uploads\\\/2025\\\/04\\\/hotta-logo-invoice.png\",\"contentUrl\":\"https:\\\/\\\/hotta.eu\\\/wp-content\\\/uploads\\\/2025\\\/04\\\/hotta-logo-invoice.png\",\"width\":600,\"height\":411,\"caption\":\"Hotta\"},\"image\":{\"@id\":\"https:\\\/\\\/hotta.eu\\\/lt\\\/#\\\/schema\\\/logo\\\/image\\\/\"},\"sameAs\":[\"https:\\\/\\\/www.facebook.com\\\/hotta.eu\",\"https:\\\/\\\/x.com\\\/hottashop\",\"https:\\\/\\\/www.instagram.com\\\/hotta.shop\"]}]}<\/script>\n<!-- \/ Yoast SEO plugin. -->","yoast_head_json":{"title":"Ghost Pepper Condiment - Hotta","description":"Naujausias \"Yellowbird\" asortimento skonis ir vienas a\u0161triausi\u0173. Kreminis pomidor\u0173, mork\u0173 ir vaiduokli\u0161k\u0173 aitri\u0173j\u0173 paprik\u0173 mi\u0161inys.","robots":{"index":"index","follow":"follow","max-snippet":"max-snippet:-1","max-image-preview":"max-image-preview:large","max-video-preview":"max-video-preview:-1"},"canonical":"https:\/\/hotta.eu\/lt\/shop\/ghost-pepper-condiment\/","og_locale":"lt_LT","og_type":"article","og_title":"Ghost Pepper Condiment - Hotta","og_description":"Naujausias \"Yellowbird\" asortimento skonis ir vienas a\u0161triausi\u0173. Kreminis pomidor\u0173, mork\u0173 ir vaiduokli\u0161k\u0173 aitri\u0173j\u0173 paprik\u0173 mi\u0161inys.","og_url":"https:\/\/hotta.eu\/lt\/shop\/ghost-pepper-condiment\/","og_site_name":"Hotta","article_publisher":"https:\/\/www.facebook.com\/hotta.eu","article_modified_time":"2024-12-27T10:43:09+00:00","og_image":[{"width":2000,"height":2000,"url":"https:\/\/hotta.eu\/wp-content\/uploads\/2024\/03\/yellowbird-2.jpg","type":"image\/jpeg"}],"twitter_card":"summary_large_image","twitter_site":"@hottashop","twitter_misc":{"Est. reading time":"1 minute"},"schema":{"@context":"https:\/\/schema.org","@graph":[{"@type":"WebPage","@id":"https:\/\/hotta.eu\/lt\/shop\/ghost-pepper-condiment\/","url":"https:\/\/hotta.eu\/lt\/shop\/ghost-pepper-condiment\/","name":"Ghost Pepper Condiment - Hotta","isPartOf":{"@id":"https:\/\/hotta.eu\/lt\/#website"},"primaryImageOfPage":{"@id":"https:\/\/hotta.eu\/lt\/shop\/ghost-pepper-condiment\/#primaryimage"},"image":{"@id":"https:\/\/hotta.eu\/lt\/shop\/ghost-pepper-condiment\/#primaryimage"},"thumbnailUrl":"https:\/\/hotta.eu\/wp-content\/uploads\/2024\/03\/yellowbird-2.jpg","datePublished":"2019-09-24T18:59:01+00:00","dateModified":"2024-12-27T10:43:09+00:00","description":"Naujausias \"Yellowbird\" asortimento skonis ir vienas a\u0161triausi\u0173. Kreminis pomidor\u0173, mork\u0173 ir vaiduokli\u0161k\u0173 aitri\u0173j\u0173 paprik\u0173 mi\u0161inys.","breadcrumb":{"@id":"https:\/\/hotta.eu\/lt\/shop\/ghost-pepper-condiment\/#breadcrumb"},"inLanguage":"lt-LT","potentialAction":[{"@type":"ReadAction","target":["https:\/\/hotta.eu\/lt\/shop\/ghost-pepper-condiment\/"]}]},{"@type":"ImageObject","inLanguage":"lt-LT","@id":"https:\/\/hotta.eu\/lt\/shop\/ghost-pepper-condiment\/#primaryimage","url":"https:\/\/hotta.eu\/wp-content\/uploads\/2024\/03\/yellowbird-2.jpg","contentUrl":"https:\/\/hotta.eu\/wp-content\/uploads\/2024\/03\/yellowbird-2.jpg","width":2000,"height":2000},{"@type":"BreadcrumbList","@id":"https:\/\/hotta.eu\/lt\/shop\/ghost-pepper-condiment\/#breadcrumb","itemListElement":[{"@type":"ListItem","position":1,"name":"Prad\u017eia","item":"https:\/\/hotta.eu\/lt\/pradzia\/"},{"@type":"ListItem","position":2,"name":"Parduotuv\u0117","item":"https:\/\/hotta.eu\/shop\/"},{"@type":"ListItem","position":3,"name":"Ghost Pepper Condiment"}]},{"@type":"WebSite","@id":"https:\/\/hotta.eu\/lt\/#website","url":"https:\/\/hotta.eu\/lt\/","name":"Hotta","description":"Makes your mouth burn a lotta!","publisher":{"@id":"https:\/\/hotta.eu\/lt\/#organization"},"potentialAction":[{"@type":"SearchAction","target":{"@type":"EntryPoint","urlTemplate":"https:\/\/hotta.eu\/lt\/?s={search_term_string}"},"query-input":{"@type":"PropertyValueSpecification","valueRequired":true,"valueName":"search_term_string"}}],"inLanguage":"lt-LT"},{"@type":"Organization","@id":"https:\/\/hotta.eu\/lt\/#organization","name":"Hotta","url":"https:\/\/hotta.eu\/lt\/","logo":{"@type":"ImageObject","inLanguage":"lt-LT","@id":"https:\/\/hotta.eu\/lt\/#\/schema\/logo\/image\/","url":"https:\/\/hotta.eu\/wp-content\/uploads\/2025\/04\/hotta-logo-invoice.png","contentUrl":"https:\/\/hotta.eu\/wp-content\/uploads\/2025\/04\/hotta-logo-invoice.png","width":600,"height":411,"caption":"Hotta"},"image":{"@id":"https:\/\/hotta.eu\/lt\/#\/schema\/logo\/image\/"},"sameAs":["https:\/\/www.facebook.com\/hotta.eu","https:\/\/x.com\/hottashop","https:\/\/www.instagram.com\/hotta.shop"]}]}},"jetpack_sharing_enabled":true,"_links":{"self":[{"href":"https:\/\/hotta.eu\/lt\/wp-json\/wp\/v2\/product\/19310","targetHints":{"allow":["GET"]}}],"collection":[{"href":"https:\/\/hotta.eu\/lt\/wp-json\/wp\/v2\/product"}],"about":[{"href":"https:\/\/hotta.eu\/lt\/wp-json\/wp\/v2\/types\/product"}],"replies":[{"embeddable":true,"href":"https:\/\/hotta.eu\/lt\/wp-json\/wp\/v2\/comments?post=19310"}],"wp:featuredmedia":[{"embeddable":true,"href":"https:\/\/hotta.eu\/lt\/wp-json\/wp\/v2\/media\/15672"}],"wp:attachment":[{"href":"https:\/\/hotta.eu\/lt\/wp-json\/wp\/v2\/media?parent=19310"}],"wp:term":[{"taxonomy":"product_cat","embeddable":true,"href":"https:\/\/hotta.eu\/lt\/wp-json\/wp\/v2\/product_cat?post=19310"},{"taxonomy":"product_tag","embeddable":true,"href":"https:\/\/hotta.eu\/lt\/wp-json\/wp\/v2\/product_tag?post=19310"},{"taxonomy":"giftcard-category","embeddable":true,"href":"https:\/\/hotta.eu\/lt\/wp-json\/wp\/v2\/giftcard-category?post=19310"}],"curies":[{"name":"wp","href":"https:\/\/api.w.org\/{rel}","templated":true}]}}