{"id":19314,"date":"2019-09-30T22:10:43","date_gmt":"2019-09-30T20:10:43","guid":{"rendered":"https:\/\/hotta.eu\/shop\/habanero-popkornai-2\/"},"modified":"2024-12-27T12:43:07","modified_gmt":"2024-12-27T10:43:07","slug":"habanero-popcorn","status":"publish","type":"product","link":"https:\/\/hotta.eu\/lt\/shop\/habanero-popcorn\/","title":{"rendered":"Habanero Popcorn"},"content":{"rendered":"<p><strong>Sudedamosios dalys<\/strong><br \/>\nKukur\u016bzai (67 %), saul\u0117gr\u0105\u017e\u0173 aliejus (19 %), druska, paprika, prieskoni\u0173 ekstraktas, habanero aitriosios paprikos (1,7 %), cukrus, \u010desnakai, nat\u016bral\u016bs prieskoniai, maltodekstrinas.<\/p>\n<p><strong>Maistingumo informacija (100 g)<\/strong><br \/>\nEnergin\u0117 vert\u0117 463 kcal (1935 kJ), 22 g riebal\u0173, i\u0161 kuri\u0173 2,4 g so\u010di\u0173j\u0173 riebal\u0173 r\u016bg\u0161\u010di\u0173, 55 g angliavandeni\u0173, i\u0161 kuri\u0173 5,5 g cukr\u0173, 3,11 g druskos, 7,8 g baltym\u0173.<\/p>\n<p><strong>Galiojimas ir saugojimas<\/strong><br \/>\nAnt pakuot\u0117s nurodyta galiojimo data taikoma neatidarytam produktui.<\/p>\n","protected":false},"excerpt":{"rendered":"<p>Skaniai a\u0161tr\u016bs habanero popkornai &#8211; privalomi kino vakarui. <strong style=\"text-shadow: 2px 2px 5px orange;\">Hasta la vista, baby!<\/strong><br \/>\n[ywcwtl_form product_id=\"\"]<\/p>\n","protected":false},"featured_media":15696,"comment_status":"open","ping_status":"closed","template":"","meta":[],"product_cat":[939],"product_tag":[],"giftcard-category":[],"class_list":{"0":"post-19314","1":"product","2":"type-product","3":"status-publish","4":"has-post-thumbnail","6":"product_cat-uzkandziai","7":"pa_brand-pepper-king","9":"first","10":"outofstock","11":"taxable","12":"shipping-taxable","13":"purchasable","14":"product-type-simple"},"yoast_head":"<!-- This site is optimized with the Yoast SEO plugin v27.4 - https:\/\/yoast.com\/product\/yoast-seo-wordpress\/ -->\n<title>Habanero Popcorn - Hotta<\/title>\n<meta name=\"description\" content=\"Skaniai a\u0161tr\u016bs habanero popkornai - privalomi kino vakarui. Hasta la vista, baby!\" \/>\n<meta name=\"robots\" content=\"index, follow, max-snippet:-1, max-image-preview:large, max-video-preview:-1\" \/>\n<link rel=\"canonical\" href=\"https:\/\/hotta.eu\/lt\/shop\/habanero-popcorn\/\" \/>\n<meta property=\"og:locale\" content=\"lt_LT\" \/>\n<meta property=\"og:type\" content=\"article\" \/>\n<meta property=\"og:title\" content=\"Habanero Popcorn - Hotta\" \/>\n<meta property=\"og:description\" content=\"Skaniai a\u0161tr\u016bs habanero popkornai - privalomi kino vakarui. Hasta la vista, baby!\" \/>\n<meta property=\"og:url\" content=\"https:\/\/hotta.eu\/lt\/shop\/habanero-popcorn\/\" \/>\n<meta property=\"og:site_name\" content=\"Hotta\" \/>\n<meta property=\"article:publisher\" content=\"https:\/\/www.facebook.com\/hotta.eu\" \/>\n<meta property=\"article:modified_time\" content=\"2024-12-27T10:43:07+00:00\" \/>\n<meta property=\"og:image\" content=\"https:\/\/hotta.eu\/wp-content\/uploads\/2024\/03\/IMG_6444.jpg\" \/>\n\t<meta property=\"og:image:width\" content=\"2000\" \/>\n\t<meta property=\"og:image:height\" content=\"2000\" \/>\n\t<meta property=\"og:image:type\" content=\"image\/jpeg\" \/>\n<meta name=\"twitter:card\" content=\"summary_large_image\" \/>\n<meta name=\"twitter:site\" content=\"@hottashop\" \/>\n<meta name=\"twitter:label1\" content=\"Est. reading time\" \/>\n\t<meta name=\"twitter:data1\" content=\"1 minute\" \/>\n<script type=\"application\/ld+json\" class=\"yoast-schema-graph\">{\"@context\":\"https:\\\/\\\/schema.org\",\"@graph\":[{\"@type\":\"WebPage\",\"@id\":\"https:\\\/\\\/hotta.eu\\\/lt\\\/shop\\\/habanero-popcorn\\\/\",\"url\":\"https:\\\/\\\/hotta.eu\\\/lt\\\/shop\\\/habanero-popcorn\\\/\",\"name\":\"Habanero Popcorn - Hotta\",\"isPartOf\":{\"@id\":\"https:\\\/\\\/hotta.eu\\\/lt\\\/#website\"},\"primaryImageOfPage\":{\"@id\":\"https:\\\/\\\/hotta.eu\\\/lt\\\/shop\\\/habanero-popcorn\\\/#primaryimage\"},\"image\":{\"@id\":\"https:\\\/\\\/hotta.eu\\\/lt\\\/shop\\\/habanero-popcorn\\\/#primaryimage\"},\"thumbnailUrl\":\"https:\\\/\\\/hotta.eu\\\/wp-content\\\/uploads\\\/2024\\\/03\\\/IMG_6444.jpg\",\"datePublished\":\"2019-09-30T20:10:43+00:00\",\"dateModified\":\"2024-12-27T10:43:07+00:00\",\"description\":\"Skaniai a\u0161tr\u016bs habanero popkornai - privalomi kino vakarui. Hasta la vista, baby!\",\"breadcrumb\":{\"@id\":\"https:\\\/\\\/hotta.eu\\\/lt\\\/shop\\\/habanero-popcorn\\\/#breadcrumb\"},\"inLanguage\":\"lt-LT\",\"potentialAction\":[{\"@type\":\"ReadAction\",\"target\":[\"https:\\\/\\\/hotta.eu\\\/lt\\\/shop\\\/habanero-popcorn\\\/\"]}]},{\"@type\":\"ImageObject\",\"inLanguage\":\"lt-LT\",\"@id\":\"https:\\\/\\\/hotta.eu\\\/lt\\\/shop\\\/habanero-popcorn\\\/#primaryimage\",\"url\":\"https:\\\/\\\/hotta.eu\\\/wp-content\\\/uploads\\\/2024\\\/03\\\/IMG_6444.jpg\",\"contentUrl\":\"https:\\\/\\\/hotta.eu\\\/wp-content\\\/uploads\\\/2024\\\/03\\\/IMG_6444.jpg\",\"width\":2000,\"height\":2000},{\"@type\":\"BreadcrumbList\",\"@id\":\"https:\\\/\\\/hotta.eu\\\/lt\\\/shop\\\/habanero-popcorn\\\/#breadcrumb\",\"itemListElement\":[{\"@type\":\"ListItem\",\"position\":1,\"name\":\"Prad\u017eia\",\"item\":\"https:\\\/\\\/hotta.eu\\\/lt\\\/pradzia\\\/\"},{\"@type\":\"ListItem\",\"position\":2,\"name\":\"Parduotuv\u0117\",\"item\":\"https:\\\/\\\/hotta.eu\\\/shop\\\/\"},{\"@type\":\"ListItem\",\"position\":3,\"name\":\"Habanero Popcorn\"}]},{\"@type\":\"WebSite\",\"@id\":\"https:\\\/\\\/hotta.eu\\\/lt\\\/#website\",\"url\":\"https:\\\/\\\/hotta.eu\\\/lt\\\/\",\"name\":\"Hotta\",\"description\":\"Makes your mouth burn a lotta!\",\"publisher\":{\"@id\":\"https:\\\/\\\/hotta.eu\\\/lt\\\/#organization\"},\"potentialAction\":[{\"@type\":\"SearchAction\",\"target\":{\"@type\":\"EntryPoint\",\"urlTemplate\":\"https:\\\/\\\/hotta.eu\\\/lt\\\/?s={search_term_string}\"},\"query-input\":{\"@type\":\"PropertyValueSpecification\",\"valueRequired\":true,\"valueName\":\"search_term_string\"}}],\"inLanguage\":\"lt-LT\"},{\"@type\":\"Organization\",\"@id\":\"https:\\\/\\\/hotta.eu\\\/lt\\\/#organization\",\"name\":\"Hotta\",\"url\":\"https:\\\/\\\/hotta.eu\\\/lt\\\/\",\"logo\":{\"@type\":\"ImageObject\",\"inLanguage\":\"lt-LT\",\"@id\":\"https:\\\/\\\/hotta.eu\\\/lt\\\/#\\\/schema\\\/logo\\\/image\\\/\",\"url\":\"https:\\\/\\\/hotta.eu\\\/wp-content\\\/uploads\\\/2025\\\/04\\\/hotta-logo-invoice.png\",\"contentUrl\":\"https:\\\/\\\/hotta.eu\\\/wp-content\\\/uploads\\\/2025\\\/04\\\/hotta-logo-invoice.png\",\"width\":600,\"height\":411,\"caption\":\"Hotta\"},\"image\":{\"@id\":\"https:\\\/\\\/hotta.eu\\\/lt\\\/#\\\/schema\\\/logo\\\/image\\\/\"},\"sameAs\":[\"https:\\\/\\\/www.facebook.com\\\/hotta.eu\",\"https:\\\/\\\/x.com\\\/hottashop\",\"https:\\\/\\\/www.instagram.com\\\/hotta.shop\"]}]}<\/script>\n<!-- \/ Yoast SEO plugin. -->","yoast_head_json":{"title":"Habanero Popcorn - Hotta","description":"Skaniai a\u0161tr\u016bs habanero popkornai - privalomi kino vakarui. Hasta la vista, baby!","robots":{"index":"index","follow":"follow","max-snippet":"max-snippet:-1","max-image-preview":"max-image-preview:large","max-video-preview":"max-video-preview:-1"},"canonical":"https:\/\/hotta.eu\/lt\/shop\/habanero-popcorn\/","og_locale":"lt_LT","og_type":"article","og_title":"Habanero Popcorn - Hotta","og_description":"Skaniai a\u0161tr\u016bs habanero popkornai - privalomi kino vakarui. Hasta la vista, baby!","og_url":"https:\/\/hotta.eu\/lt\/shop\/habanero-popcorn\/","og_site_name":"Hotta","article_publisher":"https:\/\/www.facebook.com\/hotta.eu","article_modified_time":"2024-12-27T10:43:07+00:00","og_image":[{"width":2000,"height":2000,"url":"https:\/\/hotta.eu\/wp-content\/uploads\/2024\/03\/IMG_6444.jpg","type":"image\/jpeg"}],"twitter_card":"summary_large_image","twitter_site":"@hottashop","twitter_misc":{"Est. reading time":"1 minute"},"schema":{"@context":"https:\/\/schema.org","@graph":[{"@type":"WebPage","@id":"https:\/\/hotta.eu\/lt\/shop\/habanero-popcorn\/","url":"https:\/\/hotta.eu\/lt\/shop\/habanero-popcorn\/","name":"Habanero Popcorn - Hotta","isPartOf":{"@id":"https:\/\/hotta.eu\/lt\/#website"},"primaryImageOfPage":{"@id":"https:\/\/hotta.eu\/lt\/shop\/habanero-popcorn\/#primaryimage"},"image":{"@id":"https:\/\/hotta.eu\/lt\/shop\/habanero-popcorn\/#primaryimage"},"thumbnailUrl":"https:\/\/hotta.eu\/wp-content\/uploads\/2024\/03\/IMG_6444.jpg","datePublished":"2019-09-30T20:10:43+00:00","dateModified":"2024-12-27T10:43:07+00:00","description":"Skaniai a\u0161tr\u016bs habanero popkornai - privalomi kino vakarui. Hasta la vista, baby!","breadcrumb":{"@id":"https:\/\/hotta.eu\/lt\/shop\/habanero-popcorn\/#breadcrumb"},"inLanguage":"lt-LT","potentialAction":[{"@type":"ReadAction","target":["https:\/\/hotta.eu\/lt\/shop\/habanero-popcorn\/"]}]},{"@type":"ImageObject","inLanguage":"lt-LT","@id":"https:\/\/hotta.eu\/lt\/shop\/habanero-popcorn\/#primaryimage","url":"https:\/\/hotta.eu\/wp-content\/uploads\/2024\/03\/IMG_6444.jpg","contentUrl":"https:\/\/hotta.eu\/wp-content\/uploads\/2024\/03\/IMG_6444.jpg","width":2000,"height":2000},{"@type":"BreadcrumbList","@id":"https:\/\/hotta.eu\/lt\/shop\/habanero-popcorn\/#breadcrumb","itemListElement":[{"@type":"ListItem","position":1,"name":"Prad\u017eia","item":"https:\/\/hotta.eu\/lt\/pradzia\/"},{"@type":"ListItem","position":2,"name":"Parduotuv\u0117","item":"https:\/\/hotta.eu\/shop\/"},{"@type":"ListItem","position":3,"name":"Habanero Popcorn"}]},{"@type":"WebSite","@id":"https:\/\/hotta.eu\/lt\/#website","url":"https:\/\/hotta.eu\/lt\/","name":"Hotta","description":"Makes your mouth burn a lotta!","publisher":{"@id":"https:\/\/hotta.eu\/lt\/#organization"},"potentialAction":[{"@type":"SearchAction","target":{"@type":"EntryPoint","urlTemplate":"https:\/\/hotta.eu\/lt\/?s={search_term_string}"},"query-input":{"@type":"PropertyValueSpecification","valueRequired":true,"valueName":"search_term_string"}}],"inLanguage":"lt-LT"},{"@type":"Organization","@id":"https:\/\/hotta.eu\/lt\/#organization","name":"Hotta","url":"https:\/\/hotta.eu\/lt\/","logo":{"@type":"ImageObject","inLanguage":"lt-LT","@id":"https:\/\/hotta.eu\/lt\/#\/schema\/logo\/image\/","url":"https:\/\/hotta.eu\/wp-content\/uploads\/2025\/04\/hotta-logo-invoice.png","contentUrl":"https:\/\/hotta.eu\/wp-content\/uploads\/2025\/04\/hotta-logo-invoice.png","width":600,"height":411,"caption":"Hotta"},"image":{"@id":"https:\/\/hotta.eu\/lt\/#\/schema\/logo\/image\/"},"sameAs":["https:\/\/www.facebook.com\/hotta.eu","https:\/\/x.com\/hottashop","https:\/\/www.instagram.com\/hotta.shop"]}]}},"jetpack_sharing_enabled":true,"_links":{"self":[{"href":"https:\/\/hotta.eu\/lt\/wp-json\/wp\/v2\/product\/19314","targetHints":{"allow":["GET"]}}],"collection":[{"href":"https:\/\/hotta.eu\/lt\/wp-json\/wp\/v2\/product"}],"about":[{"href":"https:\/\/hotta.eu\/lt\/wp-json\/wp\/v2\/types\/product"}],"replies":[{"embeddable":true,"href":"https:\/\/hotta.eu\/lt\/wp-json\/wp\/v2\/comments?post=19314"}],"wp:featuredmedia":[{"embeddable":true,"href":"https:\/\/hotta.eu\/lt\/wp-json\/wp\/v2\/media\/15696"}],"wp:attachment":[{"href":"https:\/\/hotta.eu\/lt\/wp-json\/wp\/v2\/media?parent=19314"}],"wp:term":[{"taxonomy":"product_cat","embeddable":true,"href":"https:\/\/hotta.eu\/lt\/wp-json\/wp\/v2\/product_cat?post=19314"},{"taxonomy":"product_tag","embeddable":true,"href":"https:\/\/hotta.eu\/lt\/wp-json\/wp\/v2\/product_tag?post=19314"},{"taxonomy":"giftcard-category","embeddable":true,"href":"https:\/\/hotta.eu\/lt\/wp-json\/wp\/v2\/giftcard-category?post=19314"}],"curies":[{"name":"wp","href":"https:\/\/api.w.org\/{rel}","templated":true}]}}