{"id":19319,"date":"2019-10-07T22:08:18","date_gmt":"2019-10-07T20:08:18","guid":{"rendered":"https:\/\/hotta.eu\/shop\/mad-dog-357-pure-ghost-astrusis-padazas\/"},"modified":"2024-12-27T12:43:06","modified_gmt":"2024-12-27T10:43:06","slug":"mad-dog-357-pure-ghost-hot-sauce","status":"publish","type":"product","link":"https:\/\/hotta.eu\/lt\/shop\/mad-dog-357-pure-ghost-hot-sauce\/","title":{"rendered":"Mad Dog 357 Pure Ghost Hot Sauce"},"content":{"rendered":"<p><strong>Sudedamosios dalys<\/strong><br \/>\nDistiliuota acto r\u016bg\u0161tis, garintos cukranendri\u0173 sultys, \u0161vie\u017ei habanero, pipirai vaiduokliai, \u010desnakai, svog\u016bnai, 160 000 Scoville kajeno pipir\u0173, prieskoniai, ksantano derva.<\/p>\n<p><strong>Maistingumo informacija (100 g)<\/strong><br \/>\nEnergin\u0117 vert\u0117 280 kJ \/ 67 kcal, riebal\u0173 1 g, angliavandeni\u0173 10 g, i\u0161 kuri\u0173 7 g cukr\u0173, baltym\u0173 1 g, druskos 0,6 g.<\/p>\n<p><strong>Galiojimas ir saugojimas<\/strong><br \/>\nAnt buteliuko nurodyta galiojimo data galioja neatidarytam produktui. Atidaryt\u0105 produkt\u0105 reikia laikyti \u0161aldytuve.<\/p>\n<p>&nbsp;<\/p>\n","protected":false},"excerpt":{"rendered":"<p>&#8220;Mad Dog 357 Pure Ghost&#8221; yra bauginantis a\u0161trus pada\u017eas, pagamintas i\u0161 &#8220;Ghost Pepper&#8221; arba &#8220;Bhut Jolokia&#8221; aitri\u0173j\u0173 paprik\u0173, kaip rodo pavadinimas. Be i\u0161trauk\u0173, grynas a\u0161trumas, kur\u012f b\u016btina patirti!<br \/>\n[ywcwtl_form product_id=\"\"]<\/p>\n","protected":false},"featured_media":15700,"comment_status":"open","ping_status":"closed","template":"","meta":[],"product_cat":[927,917],"product_tag":[],"giftcard-category":[],"class_list":{"0":"post-19319","1":"product","2":"type-product","3":"status-publish","4":"has-post-thumbnail","6":"product_cat-astrus","7":"product_cat-padazai","8":"pa_brand-ashley-food-company","10":"first","11":"outofstock","12":"sale","13":"taxable","14":"shipping-taxable","15":"purchasable","16":"product-type-simple"},"yoast_head":"<!-- This site is optimized with the Yoast SEO plugin v27.5 - https:\/\/yoast.com\/product\/yoast-seo-wordpress\/ -->\n<title>Mad Dog 357 Pure Ghost Hot Sauce - Hotta<\/title>\n<meta name=\"description\" content=\"&quot;Mad Dog 357 Pure Ghost&quot; yra bauginantis a\u0161trus pada\u017eas, pagamintas i\u0161 &quot;Ghost Pepper&quot; arba &quot;Bhut Jolokia&quot; aitri\u0173j\u0173 paprik\u0173, kaip rodo pavadinimas. Be i\u0161trauk\u0173, grynas a\u0161trumas, kur\u012f b\u016btina patirti!\" \/>\n<meta name=\"robots\" content=\"index, follow, max-snippet:-1, max-image-preview:large, max-video-preview:-1\" \/>\n<link rel=\"canonical\" href=\"https:\/\/hotta.eu\/lt\/shop\/mad-dog-357-pure-ghost-hot-sauce\/\" \/>\n<meta property=\"og:locale\" content=\"lt_LT\" \/>\n<meta property=\"og:type\" content=\"article\" \/>\n<meta property=\"og:title\" content=\"Mad Dog 357 Pure Ghost Hot Sauce - Hotta\" \/>\n<meta property=\"og:description\" content=\"&quot;Mad Dog 357 Pure Ghost&quot; yra bauginantis a\u0161trus pada\u017eas, pagamintas i\u0161 &quot;Ghost Pepper&quot; arba &quot;Bhut Jolokia&quot; aitri\u0173j\u0173 paprik\u0173, kaip rodo pavadinimas. Be i\u0161trauk\u0173, grynas a\u0161trumas, kur\u012f b\u016btina patirti!\" \/>\n<meta property=\"og:url\" content=\"https:\/\/hotta.eu\/lt\/shop\/mad-dog-357-pure-ghost-hot-sauce\/\" \/>\n<meta property=\"og:site_name\" content=\"Hotta\" \/>\n<meta property=\"article:publisher\" content=\"https:\/\/www.facebook.com\/hotta.eu\" \/>\n<meta property=\"article:modified_time\" content=\"2024-12-27T10:43:06+00:00\" \/>\n<meta property=\"og:image\" content=\"https:\/\/hotta.eu\/wp-content\/uploads\/2024\/03\/IMG_6439.jpg\" \/>\n\t<meta property=\"og:image:width\" content=\"2000\" \/>\n\t<meta property=\"og:image:height\" content=\"2000\" \/>\n\t<meta property=\"og:image:type\" content=\"image\/jpeg\" \/>\n<meta name=\"twitter:card\" content=\"summary_large_image\" \/>\n<meta name=\"twitter:site\" content=\"@hottashop\" \/>\n<meta name=\"twitter:label1\" content=\"Est. reading time\" \/>\n\t<meta name=\"twitter:data1\" content=\"1 minute\" \/>\n<script type=\"application\/ld+json\" class=\"yoast-schema-graph\">{\"@context\":\"https:\\\/\\\/schema.org\",\"@graph\":[{\"@type\":\"WebPage\",\"@id\":\"https:\\\/\\\/hotta.eu\\\/lt\\\/shop\\\/mad-dog-357-pure-ghost-hot-sauce\\\/\",\"url\":\"https:\\\/\\\/hotta.eu\\\/lt\\\/shop\\\/mad-dog-357-pure-ghost-hot-sauce\\\/\",\"name\":\"Mad Dog 357 Pure Ghost Hot Sauce - Hotta\",\"isPartOf\":{\"@id\":\"https:\\\/\\\/hotta.eu\\\/lt\\\/#website\"},\"primaryImageOfPage\":{\"@id\":\"https:\\\/\\\/hotta.eu\\\/lt\\\/shop\\\/mad-dog-357-pure-ghost-hot-sauce\\\/#primaryimage\"},\"image\":{\"@id\":\"https:\\\/\\\/hotta.eu\\\/lt\\\/shop\\\/mad-dog-357-pure-ghost-hot-sauce\\\/#primaryimage\"},\"thumbnailUrl\":\"https:\\\/\\\/hotta.eu\\\/wp-content\\\/uploads\\\/2024\\\/03\\\/IMG_6439.jpg\",\"datePublished\":\"2019-10-07T20:08:18+00:00\",\"dateModified\":\"2024-12-27T10:43:06+00:00\",\"description\":\"\\\"Mad Dog 357 Pure Ghost\\\" yra bauginantis a\u0161trus pada\u017eas, pagamintas i\u0161 \\\"Ghost Pepper\\\" arba \\\"Bhut Jolokia\\\" aitri\u0173j\u0173 paprik\u0173, kaip rodo pavadinimas. Be i\u0161trauk\u0173, grynas a\u0161trumas, kur\u012f b\u016btina patirti!\",\"breadcrumb\":{\"@id\":\"https:\\\/\\\/hotta.eu\\\/lt\\\/shop\\\/mad-dog-357-pure-ghost-hot-sauce\\\/#breadcrumb\"},\"inLanguage\":\"lt-LT\",\"potentialAction\":[{\"@type\":\"ReadAction\",\"target\":[\"https:\\\/\\\/hotta.eu\\\/lt\\\/shop\\\/mad-dog-357-pure-ghost-hot-sauce\\\/\"]}]},{\"@type\":\"ImageObject\",\"inLanguage\":\"lt-LT\",\"@id\":\"https:\\\/\\\/hotta.eu\\\/lt\\\/shop\\\/mad-dog-357-pure-ghost-hot-sauce\\\/#primaryimage\",\"url\":\"https:\\\/\\\/hotta.eu\\\/wp-content\\\/uploads\\\/2024\\\/03\\\/IMG_6439.jpg\",\"contentUrl\":\"https:\\\/\\\/hotta.eu\\\/wp-content\\\/uploads\\\/2024\\\/03\\\/IMG_6439.jpg\",\"width\":2000,\"height\":2000},{\"@type\":\"BreadcrumbList\",\"@id\":\"https:\\\/\\\/hotta.eu\\\/lt\\\/shop\\\/mad-dog-357-pure-ghost-hot-sauce\\\/#breadcrumb\",\"itemListElement\":[{\"@type\":\"ListItem\",\"position\":1,\"name\":\"Prad\u017eia\",\"item\":\"https:\\\/\\\/hotta.eu\\\/lt\\\/\"},{\"@type\":\"ListItem\",\"position\":2,\"name\":\"Parduotuv\u0117\",\"item\":\"https:\\\/\\\/hotta.eu\\\/shop\\\/\"},{\"@type\":\"ListItem\",\"position\":3,\"name\":\"Mad Dog 357 Pure Ghost Hot Sauce\"}]},{\"@type\":\"WebSite\",\"@id\":\"https:\\\/\\\/hotta.eu\\\/lt\\\/#website\",\"url\":\"https:\\\/\\\/hotta.eu\\\/lt\\\/\",\"name\":\"Hotta\",\"description\":\"Makes your mouth burn a lotta!\",\"publisher\":{\"@id\":\"https:\\\/\\\/hotta.eu\\\/lt\\\/#organization\"},\"potentialAction\":[{\"@type\":\"SearchAction\",\"target\":{\"@type\":\"EntryPoint\",\"urlTemplate\":\"https:\\\/\\\/hotta.eu\\\/lt\\\/?s={search_term_string}\"},\"query-input\":{\"@type\":\"PropertyValueSpecification\",\"valueRequired\":true,\"valueName\":\"search_term_string\"}}],\"inLanguage\":\"lt-LT\"},{\"@type\":\"Organization\",\"@id\":\"https:\\\/\\\/hotta.eu\\\/lt\\\/#organization\",\"name\":\"Hotta\",\"url\":\"https:\\\/\\\/hotta.eu\\\/lt\\\/\",\"logo\":{\"@type\":\"ImageObject\",\"inLanguage\":\"lt-LT\",\"@id\":\"https:\\\/\\\/hotta.eu\\\/lt\\\/#\\\/schema\\\/logo\\\/image\\\/\",\"url\":\"https:\\\/\\\/hotta.eu\\\/wp-content\\\/uploads\\\/2025\\\/04\\\/hotta-logo-invoice.png\",\"contentUrl\":\"https:\\\/\\\/hotta.eu\\\/wp-content\\\/uploads\\\/2025\\\/04\\\/hotta-logo-invoice.png\",\"width\":600,\"height\":411,\"caption\":\"Hotta\"},\"image\":{\"@id\":\"https:\\\/\\\/hotta.eu\\\/lt\\\/#\\\/schema\\\/logo\\\/image\\\/\"},\"sameAs\":[\"https:\\\/\\\/www.facebook.com\\\/hotta.eu\",\"https:\\\/\\\/x.com\\\/hottashop\",\"https:\\\/\\\/www.instagram.com\\\/hotta.shop\"]}]}<\/script>\n<!-- \/ Yoast SEO plugin. -->","yoast_head_json":{"title":"Mad Dog 357 Pure Ghost Hot Sauce - Hotta","description":"\"Mad Dog 357 Pure Ghost\" yra bauginantis a\u0161trus pada\u017eas, pagamintas i\u0161 \"Ghost Pepper\" arba \"Bhut Jolokia\" aitri\u0173j\u0173 paprik\u0173, kaip rodo pavadinimas. Be i\u0161trauk\u0173, grynas a\u0161trumas, kur\u012f b\u016btina patirti!","robots":{"index":"index","follow":"follow","max-snippet":"max-snippet:-1","max-image-preview":"max-image-preview:large","max-video-preview":"max-video-preview:-1"},"canonical":"https:\/\/hotta.eu\/lt\/shop\/mad-dog-357-pure-ghost-hot-sauce\/","og_locale":"lt_LT","og_type":"article","og_title":"Mad Dog 357 Pure Ghost Hot Sauce - Hotta","og_description":"\"Mad Dog 357 Pure Ghost\" yra bauginantis a\u0161trus pada\u017eas, pagamintas i\u0161 \"Ghost Pepper\" arba \"Bhut Jolokia\" aitri\u0173j\u0173 paprik\u0173, kaip rodo pavadinimas. Be i\u0161trauk\u0173, grynas a\u0161trumas, kur\u012f b\u016btina patirti!","og_url":"https:\/\/hotta.eu\/lt\/shop\/mad-dog-357-pure-ghost-hot-sauce\/","og_site_name":"Hotta","article_publisher":"https:\/\/www.facebook.com\/hotta.eu","article_modified_time":"2024-12-27T10:43:06+00:00","og_image":[{"width":2000,"height":2000,"url":"https:\/\/hotta.eu\/wp-content\/uploads\/2024\/03\/IMG_6439.jpg","type":"image\/jpeg"}],"twitter_card":"summary_large_image","twitter_site":"@hottashop","twitter_misc":{"Est. reading time":"1 minute"},"schema":{"@context":"https:\/\/schema.org","@graph":[{"@type":"WebPage","@id":"https:\/\/hotta.eu\/lt\/shop\/mad-dog-357-pure-ghost-hot-sauce\/","url":"https:\/\/hotta.eu\/lt\/shop\/mad-dog-357-pure-ghost-hot-sauce\/","name":"Mad Dog 357 Pure Ghost Hot Sauce - Hotta","isPartOf":{"@id":"https:\/\/hotta.eu\/lt\/#website"},"primaryImageOfPage":{"@id":"https:\/\/hotta.eu\/lt\/shop\/mad-dog-357-pure-ghost-hot-sauce\/#primaryimage"},"image":{"@id":"https:\/\/hotta.eu\/lt\/shop\/mad-dog-357-pure-ghost-hot-sauce\/#primaryimage"},"thumbnailUrl":"https:\/\/hotta.eu\/wp-content\/uploads\/2024\/03\/IMG_6439.jpg","datePublished":"2019-10-07T20:08:18+00:00","dateModified":"2024-12-27T10:43:06+00:00","description":"\"Mad Dog 357 Pure Ghost\" yra bauginantis a\u0161trus pada\u017eas, pagamintas i\u0161 \"Ghost Pepper\" arba \"Bhut Jolokia\" aitri\u0173j\u0173 paprik\u0173, kaip rodo pavadinimas. Be i\u0161trauk\u0173, grynas a\u0161trumas, kur\u012f b\u016btina patirti!","breadcrumb":{"@id":"https:\/\/hotta.eu\/lt\/shop\/mad-dog-357-pure-ghost-hot-sauce\/#breadcrumb"},"inLanguage":"lt-LT","potentialAction":[{"@type":"ReadAction","target":["https:\/\/hotta.eu\/lt\/shop\/mad-dog-357-pure-ghost-hot-sauce\/"]}]},{"@type":"ImageObject","inLanguage":"lt-LT","@id":"https:\/\/hotta.eu\/lt\/shop\/mad-dog-357-pure-ghost-hot-sauce\/#primaryimage","url":"https:\/\/hotta.eu\/wp-content\/uploads\/2024\/03\/IMG_6439.jpg","contentUrl":"https:\/\/hotta.eu\/wp-content\/uploads\/2024\/03\/IMG_6439.jpg","width":2000,"height":2000},{"@type":"BreadcrumbList","@id":"https:\/\/hotta.eu\/lt\/shop\/mad-dog-357-pure-ghost-hot-sauce\/#breadcrumb","itemListElement":[{"@type":"ListItem","position":1,"name":"Prad\u017eia","item":"https:\/\/hotta.eu\/lt\/"},{"@type":"ListItem","position":2,"name":"Parduotuv\u0117","item":"https:\/\/hotta.eu\/shop\/"},{"@type":"ListItem","position":3,"name":"Mad Dog 357 Pure Ghost Hot Sauce"}]},{"@type":"WebSite","@id":"https:\/\/hotta.eu\/lt\/#website","url":"https:\/\/hotta.eu\/lt\/","name":"Hotta","description":"Makes your mouth burn a lotta!","publisher":{"@id":"https:\/\/hotta.eu\/lt\/#organization"},"potentialAction":[{"@type":"SearchAction","target":{"@type":"EntryPoint","urlTemplate":"https:\/\/hotta.eu\/lt\/?s={search_term_string}"},"query-input":{"@type":"PropertyValueSpecification","valueRequired":true,"valueName":"search_term_string"}}],"inLanguage":"lt-LT"},{"@type":"Organization","@id":"https:\/\/hotta.eu\/lt\/#organization","name":"Hotta","url":"https:\/\/hotta.eu\/lt\/","logo":{"@type":"ImageObject","inLanguage":"lt-LT","@id":"https:\/\/hotta.eu\/lt\/#\/schema\/logo\/image\/","url":"https:\/\/hotta.eu\/wp-content\/uploads\/2025\/04\/hotta-logo-invoice.png","contentUrl":"https:\/\/hotta.eu\/wp-content\/uploads\/2025\/04\/hotta-logo-invoice.png","width":600,"height":411,"caption":"Hotta"},"image":{"@id":"https:\/\/hotta.eu\/lt\/#\/schema\/logo\/image\/"},"sameAs":["https:\/\/www.facebook.com\/hotta.eu","https:\/\/x.com\/hottashop","https:\/\/www.instagram.com\/hotta.shop"]}]}},"jetpack_sharing_enabled":true,"_links":{"self":[{"href":"https:\/\/hotta.eu\/lt\/wp-json\/wp\/v2\/product\/19319","targetHints":{"allow":["GET"]}}],"collection":[{"href":"https:\/\/hotta.eu\/lt\/wp-json\/wp\/v2\/product"}],"about":[{"href":"https:\/\/hotta.eu\/lt\/wp-json\/wp\/v2\/types\/product"}],"replies":[{"embeddable":true,"href":"https:\/\/hotta.eu\/lt\/wp-json\/wp\/v2\/comments?post=19319"}],"wp:featuredmedia":[{"embeddable":true,"href":"https:\/\/hotta.eu\/lt\/wp-json\/wp\/v2\/media\/15700"}],"wp:attachment":[{"href":"https:\/\/hotta.eu\/lt\/wp-json\/wp\/v2\/media?parent=19319"}],"wp:term":[{"taxonomy":"product_cat","embeddable":true,"href":"https:\/\/hotta.eu\/lt\/wp-json\/wp\/v2\/product_cat?post=19319"},{"taxonomy":"product_tag","embeddable":true,"href":"https:\/\/hotta.eu\/lt\/wp-json\/wp\/v2\/product_tag?post=19319"},{"taxonomy":"giftcard-category","embeddable":true,"href":"https:\/\/hotta.eu\/lt\/wp-json\/wp\/v2\/giftcard-category?post=19319"}],"curies":[{"name":"wp","href":"https:\/\/api.w.org\/{rel}","templated":true}]}}