{"id":19339,"date":"2019-10-16T21:16:49","date_gmt":"2019-10-16T19:16:49","guid":{"rendered":"https:\/\/hotta.eu\/shop\/valentina-ypac-astrus-padazas\/"},"modified":"2026-02-27T12:15:20","modified_gmt":"2026-02-27T10:15:20","slug":"valentina-extra-hot-sauce","status":"publish","type":"product","link":"https:\/\/hotta.eu\/lt\/shop\/valentina-extra-hot-sauce\/","title":{"rendered":"Valentina Extra Hot Sauce"},"content":{"rendered":"<p><strong>Sudedamosios dalys<\/strong><br \/>\nVanduo, d\u017eiovintos \u010cil\u0117s de \u00e1rbol aitriosios paprikos, acto r\u016bg\u0161tis (E260), druska, natrio benzoatas (E211), prieskoniai, pagardai.<\/p>\n<div class=\"tableheader\"><strong>Maistin\u0117 vert\u0117 (100 g)<\/strong><\/div>\n<div>Druska 1920 mg.<\/div>\n<p><strong>Galiojimas ir saugojimas<\/strong><br \/>\nAnt buteliuko nurodyta galiojimo data galioja neatidarytam produktui. Atidaryt\u0105 produkt\u0105 reikia laikyti \u0161aldytuve.<\/p>\n","protected":false},"excerpt":{"rendered":"<p>A\u0161trus &#8220;Valentina&#8221; pada\u017eas gaminamas Meksikoje, kur jis taip pat labai populiarus. Da\u017eniausiai naudojamas kartu su citrina ir druska, pavyzd\u017eiui, ant \u0161vie\u017ei\u0173 agurk\u0173 arba \u012fvairi\u0173 vaisi\u0173 (pvz., arb\u016bz\u0173, apelsin\u0173 ir ananas\u0173). Tai a\u0161tresn\u0117 originalaus &#8220;Valentina&#8221; pada\u017eo (&#8220;Black Label&#8221;) versija. I\u0161bandykite ka\u017ek\u0105 naujo ir derinkite Valentin\u0105 su vaisiais!<\/p>\n<p>Valentina Black Label dalyvavo interneto seriale &#8221; <strong>Hot Ones<\/strong> &#8221; 4.\u00a0sezonas.<\/p>\n<div class=\"responsive-video\"><iframe src=\"https:\/\/www.youtube.com\/embed\/xLkHEZTSeoU\" width=\"480\" height=\"270\" frameborder=\"0\" allowfullscreen=\"allowfullscreen\"><\/iframe><\/div>\n[ywcwtl_form product_id=\"\"]\n","protected":false},"featured_media":17493,"comment_status":"open","ping_status":"closed","template":"","meta":[],"product_cat":[921,917,923],"product_tag":[],"giftcard-category":[],"class_list":{"0":"post-19339","1":"product","2":"type-product","3":"status-publish","4":"has-post-thumbnail","6":"product_cat-hot-ones-lt","7":"product_cat-padazai","8":"product_cat-vidutiniai","9":"pa_brand-salsa-valentina","11":"first","12":"instock","13":"taxable","14":"shipping-taxable","15":"purchasable","16":"product-type-simple"},"yoast_head":"<!-- This site is optimized with the Yoast SEO plugin v27.3 - https:\/\/yoast.com\/product\/yoast-seo-wordpress\/ -->\n<title>Valentina Extra Hot Sauce - Hotta<\/title>\n<meta name=\"description\" content=\"A\u0161trus &quot;Valentina&quot; pada\u017eas gaminamas Meksikoje, kur jis taip pat labai populiarus. Da\u017eniausiai naudojamas kartu su citrina ir druska, pavyzd\u017eiui, ant \u0161vie\u017ei\u0173 agurk\u0173 ar \u012fvairi\u0173 vaisi\u0173.\" \/>\n<meta name=\"robots\" content=\"index, follow, max-snippet:-1, max-image-preview:large, max-video-preview:-1\" \/>\n<link rel=\"canonical\" href=\"https:\/\/hotta.eu\/lt\/shop\/valentina-extra-hot-sauce\/\" \/>\n<meta property=\"og:locale\" content=\"lt_LT\" \/>\n<meta property=\"og:type\" content=\"article\" \/>\n<meta property=\"og:title\" content=\"Valentina Extra Hot Sauce - Hotta\" \/>\n<meta property=\"og:description\" content=\"A\u0161trus &quot;Valentina&quot; pada\u017eas gaminamas Meksikoje, kur jis taip pat labai populiarus. Da\u017eniausiai naudojamas kartu su citrina ir druska, pavyzd\u017eiui, ant \u0161vie\u017ei\u0173 agurk\u0173 ar \u012fvairi\u0173 vaisi\u0173.\" \/>\n<meta property=\"og:url\" content=\"https:\/\/hotta.eu\/lt\/shop\/valentina-extra-hot-sauce\/\" \/>\n<meta property=\"og:site_name\" content=\"Hotta\" \/>\n<meta property=\"article:publisher\" content=\"https:\/\/www.facebook.com\/hotta.eu\" \/>\n<meta property=\"article:modified_time\" content=\"2026-02-27T10:15:20+00:00\" \/>\n<meta property=\"og:image\" content=\"https:\/\/hotta.eu\/wp-content\/uploads\/2019\/10\/valentina-1.jpg\" \/>\n\t<meta property=\"og:image:width\" content=\"2000\" \/>\n\t<meta property=\"og:image:height\" content=\"2000\" \/>\n\t<meta property=\"og:image:type\" content=\"image\/jpeg\" \/>\n<meta name=\"twitter:card\" content=\"summary_large_image\" \/>\n<meta name=\"twitter:site\" content=\"@hottashop\" \/>\n<meta name=\"twitter:label1\" content=\"Est. reading time\" \/>\n\t<meta name=\"twitter:data1\" content=\"1 minute\" \/>\n<script type=\"application\/ld+json\" class=\"yoast-schema-graph\">{\"@context\":\"https:\\\/\\\/schema.org\",\"@graph\":[{\"@type\":\"WebPage\",\"@id\":\"https:\\\/\\\/hotta.eu\\\/lt\\\/shop\\\/valentina-extra-hot-sauce\\\/\",\"url\":\"https:\\\/\\\/hotta.eu\\\/lt\\\/shop\\\/valentina-extra-hot-sauce\\\/\",\"name\":\"Valentina Extra Hot Sauce - Hotta\",\"isPartOf\":{\"@id\":\"https:\\\/\\\/hotta.eu\\\/lt\\\/#website\"},\"primaryImageOfPage\":{\"@id\":\"https:\\\/\\\/hotta.eu\\\/lt\\\/shop\\\/valentina-extra-hot-sauce\\\/#primaryimage\"},\"image\":{\"@id\":\"https:\\\/\\\/hotta.eu\\\/lt\\\/shop\\\/valentina-extra-hot-sauce\\\/#primaryimage\"},\"thumbnailUrl\":\"https:\\\/\\\/hotta.eu\\\/wp-content\\\/uploads\\\/2019\\\/10\\\/valentina-1.jpg\",\"datePublished\":\"2019-10-16T19:16:49+00:00\",\"dateModified\":\"2026-02-27T10:15:20+00:00\",\"description\":\"A\u0161trus \\\"Valentina\\\" pada\u017eas gaminamas Meksikoje, kur jis taip pat labai populiarus. Da\u017eniausiai naudojamas kartu su citrina ir druska, pavyzd\u017eiui, ant \u0161vie\u017ei\u0173 agurk\u0173 ar \u012fvairi\u0173 vaisi\u0173.\",\"breadcrumb\":{\"@id\":\"https:\\\/\\\/hotta.eu\\\/lt\\\/shop\\\/valentina-extra-hot-sauce\\\/#breadcrumb\"},\"inLanguage\":\"lt-LT\",\"potentialAction\":[{\"@type\":\"ReadAction\",\"target\":[\"https:\\\/\\\/hotta.eu\\\/lt\\\/shop\\\/valentina-extra-hot-sauce\\\/\"]}]},{\"@type\":\"ImageObject\",\"inLanguage\":\"lt-LT\",\"@id\":\"https:\\\/\\\/hotta.eu\\\/lt\\\/shop\\\/valentina-extra-hot-sauce\\\/#primaryimage\",\"url\":\"https:\\\/\\\/hotta.eu\\\/wp-content\\\/uploads\\\/2019\\\/10\\\/valentina-1.jpg\",\"contentUrl\":\"https:\\\/\\\/hotta.eu\\\/wp-content\\\/uploads\\\/2019\\\/10\\\/valentina-1.jpg\",\"width\":2000,\"height\":2000},{\"@type\":\"BreadcrumbList\",\"@id\":\"https:\\\/\\\/hotta.eu\\\/lt\\\/shop\\\/valentina-extra-hot-sauce\\\/#breadcrumb\",\"itemListElement\":[{\"@type\":\"ListItem\",\"position\":1,\"name\":\"Prad\u017eia\",\"item\":\"https:\\\/\\\/hotta.eu\\\/lt\\\/pradzia\\\/\"},{\"@type\":\"ListItem\",\"position\":2,\"name\":\"Parduotuv\u0117\",\"item\":\"https:\\\/\\\/hotta.eu\\\/shop\\\/\"},{\"@type\":\"ListItem\",\"position\":3,\"name\":\"Valentina Extra Hot Sauce\"}]},{\"@type\":\"WebSite\",\"@id\":\"https:\\\/\\\/hotta.eu\\\/lt\\\/#website\",\"url\":\"https:\\\/\\\/hotta.eu\\\/lt\\\/\",\"name\":\"Hotta\",\"description\":\"Makes your mouth burn a lotta!\",\"publisher\":{\"@id\":\"https:\\\/\\\/hotta.eu\\\/lt\\\/#organization\"},\"potentialAction\":[{\"@type\":\"SearchAction\",\"target\":{\"@type\":\"EntryPoint\",\"urlTemplate\":\"https:\\\/\\\/hotta.eu\\\/lt\\\/?s={search_term_string}\"},\"query-input\":{\"@type\":\"PropertyValueSpecification\",\"valueRequired\":true,\"valueName\":\"search_term_string\"}}],\"inLanguage\":\"lt-LT\"},{\"@type\":\"Organization\",\"@id\":\"https:\\\/\\\/hotta.eu\\\/lt\\\/#organization\",\"name\":\"Hotta\",\"url\":\"https:\\\/\\\/hotta.eu\\\/lt\\\/\",\"logo\":{\"@type\":\"ImageObject\",\"inLanguage\":\"lt-LT\",\"@id\":\"https:\\\/\\\/hotta.eu\\\/lt\\\/#\\\/schema\\\/logo\\\/image\\\/\",\"url\":\"https:\\\/\\\/hotta.eu\\\/wp-content\\\/uploads\\\/2025\\\/04\\\/hotta-logo-invoice.png\",\"contentUrl\":\"https:\\\/\\\/hotta.eu\\\/wp-content\\\/uploads\\\/2025\\\/04\\\/hotta-logo-invoice.png\",\"width\":600,\"height\":411,\"caption\":\"Hotta\"},\"image\":{\"@id\":\"https:\\\/\\\/hotta.eu\\\/lt\\\/#\\\/schema\\\/logo\\\/image\\\/\"},\"sameAs\":[\"https:\\\/\\\/www.facebook.com\\\/hotta.eu\",\"https:\\\/\\\/x.com\\\/hottashop\",\"https:\\\/\\\/www.instagram.com\\\/hotta.shop\"]}]}<\/script>\n<!-- \/ Yoast SEO plugin. -->","yoast_head_json":{"title":"Valentina Extra Hot Sauce - Hotta","description":"A\u0161trus \"Valentina\" pada\u017eas gaminamas Meksikoje, kur jis taip pat labai populiarus. Da\u017eniausiai naudojamas kartu su citrina ir druska, pavyzd\u017eiui, ant \u0161vie\u017ei\u0173 agurk\u0173 ar \u012fvairi\u0173 vaisi\u0173.","robots":{"index":"index","follow":"follow","max-snippet":"max-snippet:-1","max-image-preview":"max-image-preview:large","max-video-preview":"max-video-preview:-1"},"canonical":"https:\/\/hotta.eu\/lt\/shop\/valentina-extra-hot-sauce\/","og_locale":"lt_LT","og_type":"article","og_title":"Valentina Extra Hot Sauce - Hotta","og_description":"A\u0161trus \"Valentina\" pada\u017eas gaminamas Meksikoje, kur jis taip pat labai populiarus. Da\u017eniausiai naudojamas kartu su citrina ir druska, pavyzd\u017eiui, ant \u0161vie\u017ei\u0173 agurk\u0173 ar \u012fvairi\u0173 vaisi\u0173.","og_url":"https:\/\/hotta.eu\/lt\/shop\/valentina-extra-hot-sauce\/","og_site_name":"Hotta","article_publisher":"https:\/\/www.facebook.com\/hotta.eu","article_modified_time":"2026-02-27T10:15:20+00:00","og_image":[{"width":2000,"height":2000,"url":"https:\/\/hotta.eu\/wp-content\/uploads\/2019\/10\/valentina-1.jpg","type":"image\/jpeg"}],"twitter_card":"summary_large_image","twitter_site":"@hottashop","twitter_misc":{"Est. reading time":"1 minute"},"schema":{"@context":"https:\/\/schema.org","@graph":[{"@type":"WebPage","@id":"https:\/\/hotta.eu\/lt\/shop\/valentina-extra-hot-sauce\/","url":"https:\/\/hotta.eu\/lt\/shop\/valentina-extra-hot-sauce\/","name":"Valentina Extra Hot Sauce - Hotta","isPartOf":{"@id":"https:\/\/hotta.eu\/lt\/#website"},"primaryImageOfPage":{"@id":"https:\/\/hotta.eu\/lt\/shop\/valentina-extra-hot-sauce\/#primaryimage"},"image":{"@id":"https:\/\/hotta.eu\/lt\/shop\/valentina-extra-hot-sauce\/#primaryimage"},"thumbnailUrl":"https:\/\/hotta.eu\/wp-content\/uploads\/2019\/10\/valentina-1.jpg","datePublished":"2019-10-16T19:16:49+00:00","dateModified":"2026-02-27T10:15:20+00:00","description":"A\u0161trus \"Valentina\" pada\u017eas gaminamas Meksikoje, kur jis taip pat labai populiarus. Da\u017eniausiai naudojamas kartu su citrina ir druska, pavyzd\u017eiui, ant \u0161vie\u017ei\u0173 agurk\u0173 ar \u012fvairi\u0173 vaisi\u0173.","breadcrumb":{"@id":"https:\/\/hotta.eu\/lt\/shop\/valentina-extra-hot-sauce\/#breadcrumb"},"inLanguage":"lt-LT","potentialAction":[{"@type":"ReadAction","target":["https:\/\/hotta.eu\/lt\/shop\/valentina-extra-hot-sauce\/"]}]},{"@type":"ImageObject","inLanguage":"lt-LT","@id":"https:\/\/hotta.eu\/lt\/shop\/valentina-extra-hot-sauce\/#primaryimage","url":"https:\/\/hotta.eu\/wp-content\/uploads\/2019\/10\/valentina-1.jpg","contentUrl":"https:\/\/hotta.eu\/wp-content\/uploads\/2019\/10\/valentina-1.jpg","width":2000,"height":2000},{"@type":"BreadcrumbList","@id":"https:\/\/hotta.eu\/lt\/shop\/valentina-extra-hot-sauce\/#breadcrumb","itemListElement":[{"@type":"ListItem","position":1,"name":"Prad\u017eia","item":"https:\/\/hotta.eu\/lt\/pradzia\/"},{"@type":"ListItem","position":2,"name":"Parduotuv\u0117","item":"https:\/\/hotta.eu\/shop\/"},{"@type":"ListItem","position":3,"name":"Valentina Extra Hot Sauce"}]},{"@type":"WebSite","@id":"https:\/\/hotta.eu\/lt\/#website","url":"https:\/\/hotta.eu\/lt\/","name":"Hotta","description":"Makes your mouth burn a lotta!","publisher":{"@id":"https:\/\/hotta.eu\/lt\/#organization"},"potentialAction":[{"@type":"SearchAction","target":{"@type":"EntryPoint","urlTemplate":"https:\/\/hotta.eu\/lt\/?s={search_term_string}"},"query-input":{"@type":"PropertyValueSpecification","valueRequired":true,"valueName":"search_term_string"}}],"inLanguage":"lt-LT"},{"@type":"Organization","@id":"https:\/\/hotta.eu\/lt\/#organization","name":"Hotta","url":"https:\/\/hotta.eu\/lt\/","logo":{"@type":"ImageObject","inLanguage":"lt-LT","@id":"https:\/\/hotta.eu\/lt\/#\/schema\/logo\/image\/","url":"https:\/\/hotta.eu\/wp-content\/uploads\/2025\/04\/hotta-logo-invoice.png","contentUrl":"https:\/\/hotta.eu\/wp-content\/uploads\/2025\/04\/hotta-logo-invoice.png","width":600,"height":411,"caption":"Hotta"},"image":{"@id":"https:\/\/hotta.eu\/lt\/#\/schema\/logo\/image\/"},"sameAs":["https:\/\/www.facebook.com\/hotta.eu","https:\/\/x.com\/hottashop","https:\/\/www.instagram.com\/hotta.shop"]}]}},"jetpack_sharing_enabled":true,"_links":{"self":[{"href":"https:\/\/hotta.eu\/lt\/wp-json\/wp\/v2\/product\/19339","targetHints":{"allow":["GET"]}}],"collection":[{"href":"https:\/\/hotta.eu\/lt\/wp-json\/wp\/v2\/product"}],"about":[{"href":"https:\/\/hotta.eu\/lt\/wp-json\/wp\/v2\/types\/product"}],"replies":[{"embeddable":true,"href":"https:\/\/hotta.eu\/lt\/wp-json\/wp\/v2\/comments?post=19339"}],"wp:featuredmedia":[{"embeddable":true,"href":"https:\/\/hotta.eu\/lt\/wp-json\/wp\/v2\/media\/17493"}],"wp:attachment":[{"href":"https:\/\/hotta.eu\/lt\/wp-json\/wp\/v2\/media?parent=19339"}],"wp:term":[{"taxonomy":"product_cat","embeddable":true,"href":"https:\/\/hotta.eu\/lt\/wp-json\/wp\/v2\/product_cat?post=19339"},{"taxonomy":"product_tag","embeddable":true,"href":"https:\/\/hotta.eu\/lt\/wp-json\/wp\/v2\/product_tag?post=19339"},{"taxonomy":"giftcard-category","embeddable":true,"href":"https:\/\/hotta.eu\/lt\/wp-json\/wp\/v2\/giftcard-category?post=19339"}],"curies":[{"name":"wp","href":"https:\/\/api.w.org\/{rel}","templated":true}]}}