{"id":19346,"date":"2019-10-16T23:59:15","date_gmt":"2019-10-16T21:59:15","guid":{"rendered":"https:\/\/hotta.eu\/shop\/zombiu-apokalipses-astrus-padazas\/"},"modified":"2025-10-21T00:54:17","modified_gmt":"2025-10-20T22:54:17","slug":"zombie-apocalypse-hot-sauce","status":"publish","type":"product","link":"https:\/\/hotta.eu\/lt\/shop\/zombie-apocalypse-hot-sauce\/","title":{"rendered":"Zombie Apocalypse Hot Sauce"},"content":{"rendered":"<p><strong>Sudedamosios dalys<\/strong><br \/>\nBhut Jolokia aitriosios paprikos, habanero aitriosios paprikos, morkos, mandarinai, pomidorai, \u010desnakai, acto r\u016bg\u0161tis, augalinis aliejus, cukrus, aitri\u0173j\u0173 paprik\u0173 milteliai, druska, pipirai.<\/p>\n<p><strong>Mitybos duomenys (14 g)<\/strong><br \/>\nEnergin\u0117 vert\u0117 15 kcal, angliavandeniai 1 g, natris 20 mg.<\/p>\n<p><strong>Galiojimas ir saugojimas<\/strong><br \/>\nAnt buteliuko nurodyta galiojimo data galioja neatidarytam produktui. Atidaryt\u0105 produkt\u0105 reikia laikyti \u0161aldytuve.<\/p>\n","protected":false},"excerpt":{"rendered":"<p>Geriausias &#8220;Bhut Jolokia&#8221; ir habanero derinys. Be to, prieskoniai, dar\u017eov\u0117s ir acto r\u016bg\u0161tis. Ugningas mi\u0161inys, kurio poveikis ilgesnis nei \u012fprastai. Ar esate pasiruo\u0161\u0119?<\/p>\n<p>&#8220;Torchbearer Zombie Apocalypse&#8221; buvo \u012ftrauktas \u012f &#8221; <strong>Hot Ones<\/strong> &#8221; pada\u017e\u0173 interneto serij\u0105 3. ir 4. sezonas.<\/p>\n<div class=\"responsive-video\"><iframe src=\"https:\/\/www.youtube.com\/embed\/Tgw2Kkmupg8\" width=\"480\" height=\"270\" frameborder=\"0\" allowfullscreen=\"allowfullscreen\"><\/iframe><\/div>\n[ywcwtl_form product_id=\"\"]\n","protected":false},"featured_media":17449,"comment_status":"open","ping_status":"closed","template":"","meta":[],"product_cat":[927,921,917],"product_tag":[],"giftcard-category":[],"class_list":{"0":"post-19346","1":"product","2":"type-product","3":"status-publish","4":"has-post-thumbnail","6":"product_cat-astrus","7":"product_cat-hot-ones-lt","8":"product_cat-padazai","9":"pa_brand-torchbearer-sauces","11":"first","12":"outofstock","13":"taxable","14":"shipping-taxable","15":"purchasable","16":"product-type-simple"},"yoast_head":"<!-- This site is optimized with the Yoast SEO plugin v27.3 - https:\/\/yoast.com\/product\/yoast-seo-wordpress\/ -->\n<title>Zombie Apocalypse Hot Sauce - Hotta<\/title>\n<meta name=\"description\" content=\"Geriausias &quot;Bhut Jolokia&quot; ir habanero derinys. Be to, prieskoniai, dar\u017eov\u0117s ir acto r\u016bg\u0161tis. Ugningas mi\u0161inys, kurio poveikis ilgesnis nei \u012fprastai. Ar esate pasiruo\u0161\u0119?\" \/>\n<meta name=\"robots\" content=\"index, follow, max-snippet:-1, max-image-preview:large, max-video-preview:-1\" \/>\n<link rel=\"canonical\" href=\"https:\/\/hotta.eu\/lt\/shop\/zombie-apocalypse-hot-sauce\/\" \/>\n<meta property=\"og:locale\" content=\"lt_LT\" \/>\n<meta property=\"og:type\" content=\"article\" \/>\n<meta property=\"og:title\" content=\"Zombie Apocalypse Hot Sauce - Hotta\" \/>\n<meta property=\"og:description\" content=\"Geriausias &quot;Bhut Jolokia&quot; ir habanero derinys. Be to, prieskoniai, dar\u017eov\u0117s ir acto r\u016bg\u0161tis. Ugningas mi\u0161inys, kurio poveikis ilgesnis nei \u012fprastai. Ar esate pasiruo\u0161\u0119?\" \/>\n<meta property=\"og:url\" content=\"https:\/\/hotta.eu\/lt\/shop\/zombie-apocalypse-hot-sauce\/\" \/>\n<meta property=\"og:site_name\" content=\"Hotta\" \/>\n<meta property=\"article:publisher\" content=\"https:\/\/www.facebook.com\/hotta.eu\" \/>\n<meta property=\"article:modified_time\" content=\"2025-10-20T22:54:17+00:00\" \/>\n<meta property=\"og:image\" content=\"https:\/\/hotta.eu\/wp-content\/uploads\/2020\/05\/torchbearer-zombie-apocalypse.jpg\" \/>\n\t<meta property=\"og:image:width\" content=\"2000\" \/>\n\t<meta property=\"og:image:height\" content=\"2000\" \/>\n\t<meta property=\"og:image:type\" content=\"image\/jpeg\" \/>\n<meta name=\"twitter:card\" content=\"summary_large_image\" \/>\n<meta name=\"twitter:site\" content=\"@hottashop\" \/>\n<meta name=\"twitter:label1\" content=\"Est. reading time\" \/>\n\t<meta name=\"twitter:data1\" content=\"1 minute\" \/>\n<script type=\"application\/ld+json\" class=\"yoast-schema-graph\">{\"@context\":\"https:\\\/\\\/schema.org\",\"@graph\":[{\"@type\":\"WebPage\",\"@id\":\"https:\\\/\\\/hotta.eu\\\/lt\\\/shop\\\/zombie-apocalypse-hot-sauce\\\/\",\"url\":\"https:\\\/\\\/hotta.eu\\\/lt\\\/shop\\\/zombie-apocalypse-hot-sauce\\\/\",\"name\":\"Zombie Apocalypse Hot Sauce - Hotta\",\"isPartOf\":{\"@id\":\"https:\\\/\\\/hotta.eu\\\/lt\\\/#website\"},\"primaryImageOfPage\":{\"@id\":\"https:\\\/\\\/hotta.eu\\\/lt\\\/shop\\\/zombie-apocalypse-hot-sauce\\\/#primaryimage\"},\"image\":{\"@id\":\"https:\\\/\\\/hotta.eu\\\/lt\\\/shop\\\/zombie-apocalypse-hot-sauce\\\/#primaryimage\"},\"thumbnailUrl\":\"https:\\\/\\\/hotta.eu\\\/wp-content\\\/uploads\\\/2020\\\/05\\\/torchbearer-zombie-apocalypse.jpg\",\"datePublished\":\"2019-10-16T21:59:15+00:00\",\"dateModified\":\"2025-10-20T22:54:17+00:00\",\"description\":\"Geriausias \\\"Bhut Jolokia\\\" ir habanero derinys. Be to, prieskoniai, dar\u017eov\u0117s ir acto r\u016bg\u0161tis. Ugningas mi\u0161inys, kurio poveikis ilgesnis nei \u012fprastai. Ar esate pasiruo\u0161\u0119?\",\"breadcrumb\":{\"@id\":\"https:\\\/\\\/hotta.eu\\\/lt\\\/shop\\\/zombie-apocalypse-hot-sauce\\\/#breadcrumb\"},\"inLanguage\":\"lt-LT\",\"potentialAction\":[{\"@type\":\"ReadAction\",\"target\":[\"https:\\\/\\\/hotta.eu\\\/lt\\\/shop\\\/zombie-apocalypse-hot-sauce\\\/\"]}]},{\"@type\":\"ImageObject\",\"inLanguage\":\"lt-LT\",\"@id\":\"https:\\\/\\\/hotta.eu\\\/lt\\\/shop\\\/zombie-apocalypse-hot-sauce\\\/#primaryimage\",\"url\":\"https:\\\/\\\/hotta.eu\\\/wp-content\\\/uploads\\\/2020\\\/05\\\/torchbearer-zombie-apocalypse.jpg\",\"contentUrl\":\"https:\\\/\\\/hotta.eu\\\/wp-content\\\/uploads\\\/2020\\\/05\\\/torchbearer-zombie-apocalypse.jpg\",\"width\":2000,\"height\":2000},{\"@type\":\"BreadcrumbList\",\"@id\":\"https:\\\/\\\/hotta.eu\\\/lt\\\/shop\\\/zombie-apocalypse-hot-sauce\\\/#breadcrumb\",\"itemListElement\":[{\"@type\":\"ListItem\",\"position\":1,\"name\":\"Prad\u017eia\",\"item\":\"https:\\\/\\\/hotta.eu\\\/lt\\\/pradzia\\\/\"},{\"@type\":\"ListItem\",\"position\":2,\"name\":\"Parduotuv\u0117\",\"item\":\"https:\\\/\\\/hotta.eu\\\/shop\\\/\"},{\"@type\":\"ListItem\",\"position\":3,\"name\":\"Zombie Apocalypse Hot Sauce\"}]},{\"@type\":\"WebSite\",\"@id\":\"https:\\\/\\\/hotta.eu\\\/lt\\\/#website\",\"url\":\"https:\\\/\\\/hotta.eu\\\/lt\\\/\",\"name\":\"Hotta\",\"description\":\"Makes your mouth burn a lotta!\",\"publisher\":{\"@id\":\"https:\\\/\\\/hotta.eu\\\/lt\\\/#organization\"},\"potentialAction\":[{\"@type\":\"SearchAction\",\"target\":{\"@type\":\"EntryPoint\",\"urlTemplate\":\"https:\\\/\\\/hotta.eu\\\/lt\\\/?s={search_term_string}\"},\"query-input\":{\"@type\":\"PropertyValueSpecification\",\"valueRequired\":true,\"valueName\":\"search_term_string\"}}],\"inLanguage\":\"lt-LT\"},{\"@type\":\"Organization\",\"@id\":\"https:\\\/\\\/hotta.eu\\\/lt\\\/#organization\",\"name\":\"Hotta\",\"url\":\"https:\\\/\\\/hotta.eu\\\/lt\\\/\",\"logo\":{\"@type\":\"ImageObject\",\"inLanguage\":\"lt-LT\",\"@id\":\"https:\\\/\\\/hotta.eu\\\/lt\\\/#\\\/schema\\\/logo\\\/image\\\/\",\"url\":\"https:\\\/\\\/hotta.eu\\\/wp-content\\\/uploads\\\/2025\\\/04\\\/hotta-logo-invoice.png\",\"contentUrl\":\"https:\\\/\\\/hotta.eu\\\/wp-content\\\/uploads\\\/2025\\\/04\\\/hotta-logo-invoice.png\",\"width\":600,\"height\":411,\"caption\":\"Hotta\"},\"image\":{\"@id\":\"https:\\\/\\\/hotta.eu\\\/lt\\\/#\\\/schema\\\/logo\\\/image\\\/\"},\"sameAs\":[\"https:\\\/\\\/www.facebook.com\\\/hotta.eu\",\"https:\\\/\\\/x.com\\\/hottashop\",\"https:\\\/\\\/www.instagram.com\\\/hotta.shop\"]}]}<\/script>\n<!-- \/ Yoast SEO plugin. -->","yoast_head_json":{"title":"Zombie Apocalypse Hot Sauce - Hotta","description":"Geriausias \"Bhut Jolokia\" ir habanero derinys. Be to, prieskoniai, dar\u017eov\u0117s ir acto r\u016bg\u0161tis. Ugningas mi\u0161inys, kurio poveikis ilgesnis nei \u012fprastai. Ar esate pasiruo\u0161\u0119?","robots":{"index":"index","follow":"follow","max-snippet":"max-snippet:-1","max-image-preview":"max-image-preview:large","max-video-preview":"max-video-preview:-1"},"canonical":"https:\/\/hotta.eu\/lt\/shop\/zombie-apocalypse-hot-sauce\/","og_locale":"lt_LT","og_type":"article","og_title":"Zombie Apocalypse Hot Sauce - Hotta","og_description":"Geriausias \"Bhut Jolokia\" ir habanero derinys. Be to, prieskoniai, dar\u017eov\u0117s ir acto r\u016bg\u0161tis. Ugningas mi\u0161inys, kurio poveikis ilgesnis nei \u012fprastai. Ar esate pasiruo\u0161\u0119?","og_url":"https:\/\/hotta.eu\/lt\/shop\/zombie-apocalypse-hot-sauce\/","og_site_name":"Hotta","article_publisher":"https:\/\/www.facebook.com\/hotta.eu","article_modified_time":"2025-10-20T22:54:17+00:00","og_image":[{"width":2000,"height":2000,"url":"https:\/\/hotta.eu\/wp-content\/uploads\/2020\/05\/torchbearer-zombie-apocalypse.jpg","type":"image\/jpeg"}],"twitter_card":"summary_large_image","twitter_site":"@hottashop","twitter_misc":{"Est. reading time":"1 minute"},"schema":{"@context":"https:\/\/schema.org","@graph":[{"@type":"WebPage","@id":"https:\/\/hotta.eu\/lt\/shop\/zombie-apocalypse-hot-sauce\/","url":"https:\/\/hotta.eu\/lt\/shop\/zombie-apocalypse-hot-sauce\/","name":"Zombie Apocalypse Hot Sauce - Hotta","isPartOf":{"@id":"https:\/\/hotta.eu\/lt\/#website"},"primaryImageOfPage":{"@id":"https:\/\/hotta.eu\/lt\/shop\/zombie-apocalypse-hot-sauce\/#primaryimage"},"image":{"@id":"https:\/\/hotta.eu\/lt\/shop\/zombie-apocalypse-hot-sauce\/#primaryimage"},"thumbnailUrl":"https:\/\/hotta.eu\/wp-content\/uploads\/2020\/05\/torchbearer-zombie-apocalypse.jpg","datePublished":"2019-10-16T21:59:15+00:00","dateModified":"2025-10-20T22:54:17+00:00","description":"Geriausias \"Bhut Jolokia\" ir habanero derinys. Be to, prieskoniai, dar\u017eov\u0117s ir acto r\u016bg\u0161tis. Ugningas mi\u0161inys, kurio poveikis ilgesnis nei \u012fprastai. Ar esate pasiruo\u0161\u0119?","breadcrumb":{"@id":"https:\/\/hotta.eu\/lt\/shop\/zombie-apocalypse-hot-sauce\/#breadcrumb"},"inLanguage":"lt-LT","potentialAction":[{"@type":"ReadAction","target":["https:\/\/hotta.eu\/lt\/shop\/zombie-apocalypse-hot-sauce\/"]}]},{"@type":"ImageObject","inLanguage":"lt-LT","@id":"https:\/\/hotta.eu\/lt\/shop\/zombie-apocalypse-hot-sauce\/#primaryimage","url":"https:\/\/hotta.eu\/wp-content\/uploads\/2020\/05\/torchbearer-zombie-apocalypse.jpg","contentUrl":"https:\/\/hotta.eu\/wp-content\/uploads\/2020\/05\/torchbearer-zombie-apocalypse.jpg","width":2000,"height":2000},{"@type":"BreadcrumbList","@id":"https:\/\/hotta.eu\/lt\/shop\/zombie-apocalypse-hot-sauce\/#breadcrumb","itemListElement":[{"@type":"ListItem","position":1,"name":"Prad\u017eia","item":"https:\/\/hotta.eu\/lt\/pradzia\/"},{"@type":"ListItem","position":2,"name":"Parduotuv\u0117","item":"https:\/\/hotta.eu\/shop\/"},{"@type":"ListItem","position":3,"name":"Zombie Apocalypse Hot Sauce"}]},{"@type":"WebSite","@id":"https:\/\/hotta.eu\/lt\/#website","url":"https:\/\/hotta.eu\/lt\/","name":"Hotta","description":"Makes your mouth burn a lotta!","publisher":{"@id":"https:\/\/hotta.eu\/lt\/#organization"},"potentialAction":[{"@type":"SearchAction","target":{"@type":"EntryPoint","urlTemplate":"https:\/\/hotta.eu\/lt\/?s={search_term_string}"},"query-input":{"@type":"PropertyValueSpecification","valueRequired":true,"valueName":"search_term_string"}}],"inLanguage":"lt-LT"},{"@type":"Organization","@id":"https:\/\/hotta.eu\/lt\/#organization","name":"Hotta","url":"https:\/\/hotta.eu\/lt\/","logo":{"@type":"ImageObject","inLanguage":"lt-LT","@id":"https:\/\/hotta.eu\/lt\/#\/schema\/logo\/image\/","url":"https:\/\/hotta.eu\/wp-content\/uploads\/2025\/04\/hotta-logo-invoice.png","contentUrl":"https:\/\/hotta.eu\/wp-content\/uploads\/2025\/04\/hotta-logo-invoice.png","width":600,"height":411,"caption":"Hotta"},"image":{"@id":"https:\/\/hotta.eu\/lt\/#\/schema\/logo\/image\/"},"sameAs":["https:\/\/www.facebook.com\/hotta.eu","https:\/\/x.com\/hottashop","https:\/\/www.instagram.com\/hotta.shop"]}]}},"jetpack_sharing_enabled":true,"_links":{"self":[{"href":"https:\/\/hotta.eu\/lt\/wp-json\/wp\/v2\/product\/19346","targetHints":{"allow":["GET"]}}],"collection":[{"href":"https:\/\/hotta.eu\/lt\/wp-json\/wp\/v2\/product"}],"about":[{"href":"https:\/\/hotta.eu\/lt\/wp-json\/wp\/v2\/types\/product"}],"replies":[{"embeddable":true,"href":"https:\/\/hotta.eu\/lt\/wp-json\/wp\/v2\/comments?post=19346"}],"wp:featuredmedia":[{"embeddable":true,"href":"https:\/\/hotta.eu\/lt\/wp-json\/wp\/v2\/media\/17449"}],"wp:attachment":[{"href":"https:\/\/hotta.eu\/lt\/wp-json\/wp\/v2\/media?parent=19346"}],"wp:term":[{"taxonomy":"product_cat","embeddable":true,"href":"https:\/\/hotta.eu\/lt\/wp-json\/wp\/v2\/product_cat?post=19346"},{"taxonomy":"product_tag","embeddable":true,"href":"https:\/\/hotta.eu\/lt\/wp-json\/wp\/v2\/product_tag?post=19346"},{"taxonomy":"giftcard-category","embeddable":true,"href":"https:\/\/hotta.eu\/lt\/wp-json\/wp\/v2\/giftcard-category?post=19346"}],"curies":[{"name":"wp","href":"https:\/\/api.w.org\/{rel}","templated":true}]}}