{"id":19361,"date":"2019-11-28T22:08:47","date_gmt":"2019-11-28T20:08:47","guid":{"rendered":"https:\/\/hotta.eu\/shop\/staigios-mirties-karstas-padazas\/"},"modified":"2024-12-27T12:42:44","modified_gmt":"2024-12-27T10:42:44","slug":"sudden-death-hot-sauce","status":"publish","type":"product","link":"https:\/\/hotta.eu\/lt\/shop\/sudden-death-hot-sauce\/","title":{"rendered":"Sudden Death Hot Sauce"},"content":{"rendered":"<p><strong>Sudedamosios dalys<\/strong><br \/>\nVanduo, habanero, kajeno pipirai, acto r\u016bg\u0161tis, aitri\u0173j\u0173 paprik\u0173 ekstraktas, laimo sultys, medus, kukur\u016bz\u0173 krakmolas, prieskoniai, ksantano derva, askorbo r\u016bg\u0161tis, \u017een\u0161enis.<\/p>\n<div class=\"tableheader\"><strong>Maistingumo informacija (5 ml)<\/strong><\/div>\n<div>Natrio 123 mg.<\/div>\n<p><strong>Galiojimo laikas ir laikymas<\/strong> Ant buteliuko nurodytas galiojimo laikas galioja neatidarytam produktui. Atidaryt\u0105 produkt\u0105 reikia laikyti \u0161aldytuve.<\/p>\n","protected":false},"excerpt":{"rendered":"<p class=\"p1\">Legendinis \u201cBlair\u2019s\u201d asortimento pada\u017eas. \u012edomus faktas \u2013 \u201cBlair\u2019s\u201d prad\u0117jo gaminti pada\u017eus 1989 m. Apie juos ra\u0161\u0117 \u201eHistory Channel\u201c, \u201eDiscovery Channel\u201c, \u017eurnalas \u201eRolling Stone\u201c, \u201eWall Street Journal\u201c, \u201eDaily News\u201c, \u201eNew York Post\u201c ir kt. \u201eStaigi mirtis\u201c yra tre\u010dias pagal a\u0161trum\u0105 pada\u017eas, o ~105 000 Skovilio vienet\u0173 \u012ftikins jus jau po pirmojo \u0161lakelio! Ar esate pasireng\u0119 mesti sau i\u0161\u0161\u016bk\u012f?<\/p>\n[ywcwtl_form product_id=\"\"]\n","protected":false},"featured_media":15800,"comment_status":"open","ping_status":"closed","template":"","meta":[],"product_cat":[927,917],"product_tag":[],"giftcard-category":[],"class_list":{"0":"post-19361","1":"product","2":"type-product","3":"status-publish","4":"has-post-thumbnail","6":"product_cat-astrus","7":"product_cat-padazai","8":"pa_brand-blairs-hot-sauce","10":"first","11":"outofstock","12":"taxable","13":"shipping-taxable","14":"purchasable","15":"product-type-simple"},"yoast_head":"<!-- This site is optimized with the Yoast SEO plugin v27.3 - https:\/\/yoast.com\/product\/yoast-seo-wordpress\/ -->\n<title>Sudden Death Hot Sauce - Hotta<\/title>\n<meta name=\"description\" content=\"Legendinis &quot;Blair&#039;s&quot; asortimento pada\u017eas. \u012edomus faktas - &quot;Blair&#039;s&quot; prad\u0117jo gaminti pada\u017eus 1989 m. apie j\u0105 ra\u0161\u0117 &quot;History Channel&quot;, &quot;Discovery Channel&quot;, \u017eurnalas &quot;Rolling Stone&quot;, &quot;Wall Street Journal&quot;, &quot;Daily News&quot;, &quot;New York Post&quot; ir kt.\" \/>\n<meta name=\"robots\" content=\"index, follow, max-snippet:-1, max-image-preview:large, max-video-preview:-1\" \/>\n<link rel=\"canonical\" href=\"https:\/\/hotta.eu\/lt\/shop\/sudden-death-hot-sauce\/\" \/>\n<meta property=\"og:locale\" content=\"lt_LT\" \/>\n<meta property=\"og:type\" content=\"article\" \/>\n<meta property=\"og:title\" content=\"Sudden Death Hot Sauce - Hotta\" \/>\n<meta property=\"og:description\" content=\"Legendinis &quot;Blair&#039;s&quot; asortimento pada\u017eas. \u012edomus faktas - &quot;Blair&#039;s&quot; prad\u0117jo gaminti pada\u017eus 1989 m. apie j\u0105 ra\u0161\u0117 &quot;History Channel&quot;, &quot;Discovery Channel&quot;, \u017eurnalas &quot;Rolling Stone&quot;, &quot;Wall Street Journal&quot;, &quot;Daily News&quot;, &quot;New York Post&quot; ir kt.\" \/>\n<meta property=\"og:url\" content=\"https:\/\/hotta.eu\/lt\/shop\/sudden-death-hot-sauce\/\" \/>\n<meta property=\"og:site_name\" content=\"Hotta\" \/>\n<meta property=\"article:publisher\" content=\"https:\/\/www.facebook.com\/hotta.eu\" \/>\n<meta property=\"article:modified_time\" content=\"2024-12-27T10:42:44+00:00\" \/>\n<meta property=\"og:image\" content=\"https:\/\/hotta.eu\/wp-content\/uploads\/2024\/03\/blairs-sudden-death-coffin-front.jpg\" \/>\n\t<meta property=\"og:image:width\" content=\"2000\" \/>\n\t<meta property=\"og:image:height\" content=\"2000\" \/>\n\t<meta property=\"og:image:type\" content=\"image\/jpeg\" \/>\n<meta name=\"twitter:card\" content=\"summary_large_image\" \/>\n<meta name=\"twitter:site\" content=\"@hottashop\" \/>\n<meta name=\"twitter:label1\" content=\"Est. reading time\" \/>\n\t<meta name=\"twitter:data1\" content=\"1 minute\" \/>\n<script type=\"application\/ld+json\" class=\"yoast-schema-graph\">{\"@context\":\"https:\\\/\\\/schema.org\",\"@graph\":[{\"@type\":\"WebPage\",\"@id\":\"https:\\\/\\\/hotta.eu\\\/lt\\\/shop\\\/sudden-death-hot-sauce\\\/\",\"url\":\"https:\\\/\\\/hotta.eu\\\/lt\\\/shop\\\/sudden-death-hot-sauce\\\/\",\"name\":\"Sudden Death Hot Sauce - Hotta\",\"isPartOf\":{\"@id\":\"https:\\\/\\\/hotta.eu\\\/lt\\\/#website\"},\"primaryImageOfPage\":{\"@id\":\"https:\\\/\\\/hotta.eu\\\/lt\\\/shop\\\/sudden-death-hot-sauce\\\/#primaryimage\"},\"image\":{\"@id\":\"https:\\\/\\\/hotta.eu\\\/lt\\\/shop\\\/sudden-death-hot-sauce\\\/#primaryimage\"},\"thumbnailUrl\":\"https:\\\/\\\/hotta.eu\\\/wp-content\\\/uploads\\\/2024\\\/03\\\/blairs-sudden-death-coffin-front.jpg\",\"datePublished\":\"2019-11-28T20:08:47+00:00\",\"dateModified\":\"2024-12-27T10:42:44+00:00\",\"description\":\"Legendinis \\\"Blair's\\\" asortimento pada\u017eas. \u012edomus faktas - \\\"Blair's\\\" prad\u0117jo gaminti pada\u017eus 1989 m. apie j\u0105 ra\u0161\u0117 \\\"History Channel\\\", \\\"Discovery Channel\\\", \u017eurnalas \\\"Rolling Stone\\\", \\\"Wall Street Journal\\\", \\\"Daily News\\\", \\\"New York Post\\\" ir kt.\",\"breadcrumb\":{\"@id\":\"https:\\\/\\\/hotta.eu\\\/lt\\\/shop\\\/sudden-death-hot-sauce\\\/#breadcrumb\"},\"inLanguage\":\"lt-LT\",\"potentialAction\":[{\"@type\":\"ReadAction\",\"target\":[\"https:\\\/\\\/hotta.eu\\\/lt\\\/shop\\\/sudden-death-hot-sauce\\\/\"]}]},{\"@type\":\"ImageObject\",\"inLanguage\":\"lt-LT\",\"@id\":\"https:\\\/\\\/hotta.eu\\\/lt\\\/shop\\\/sudden-death-hot-sauce\\\/#primaryimage\",\"url\":\"https:\\\/\\\/hotta.eu\\\/wp-content\\\/uploads\\\/2024\\\/03\\\/blairs-sudden-death-coffin-front.jpg\",\"contentUrl\":\"https:\\\/\\\/hotta.eu\\\/wp-content\\\/uploads\\\/2024\\\/03\\\/blairs-sudden-death-coffin-front.jpg\",\"width\":2000,\"height\":2000},{\"@type\":\"BreadcrumbList\",\"@id\":\"https:\\\/\\\/hotta.eu\\\/lt\\\/shop\\\/sudden-death-hot-sauce\\\/#breadcrumb\",\"itemListElement\":[{\"@type\":\"ListItem\",\"position\":1,\"name\":\"Prad\u017eia\",\"item\":\"https:\\\/\\\/hotta.eu\\\/lt\\\/pradzia\\\/\"},{\"@type\":\"ListItem\",\"position\":2,\"name\":\"Parduotuv\u0117\",\"item\":\"https:\\\/\\\/hotta.eu\\\/shop\\\/\"},{\"@type\":\"ListItem\",\"position\":3,\"name\":\"Sudden Death Hot Sauce\"}]},{\"@type\":\"WebSite\",\"@id\":\"https:\\\/\\\/hotta.eu\\\/lt\\\/#website\",\"url\":\"https:\\\/\\\/hotta.eu\\\/lt\\\/\",\"name\":\"Hotta\",\"description\":\"Makes your mouth burn a lotta!\",\"publisher\":{\"@id\":\"https:\\\/\\\/hotta.eu\\\/lt\\\/#organization\"},\"potentialAction\":[{\"@type\":\"SearchAction\",\"target\":{\"@type\":\"EntryPoint\",\"urlTemplate\":\"https:\\\/\\\/hotta.eu\\\/lt\\\/?s={search_term_string}\"},\"query-input\":{\"@type\":\"PropertyValueSpecification\",\"valueRequired\":true,\"valueName\":\"search_term_string\"}}],\"inLanguage\":\"lt-LT\"},{\"@type\":\"Organization\",\"@id\":\"https:\\\/\\\/hotta.eu\\\/lt\\\/#organization\",\"name\":\"Hotta\",\"url\":\"https:\\\/\\\/hotta.eu\\\/lt\\\/\",\"logo\":{\"@type\":\"ImageObject\",\"inLanguage\":\"lt-LT\",\"@id\":\"https:\\\/\\\/hotta.eu\\\/lt\\\/#\\\/schema\\\/logo\\\/image\\\/\",\"url\":\"https:\\\/\\\/hotta.eu\\\/wp-content\\\/uploads\\\/2025\\\/04\\\/hotta-logo-invoice.png\",\"contentUrl\":\"https:\\\/\\\/hotta.eu\\\/wp-content\\\/uploads\\\/2025\\\/04\\\/hotta-logo-invoice.png\",\"width\":600,\"height\":411,\"caption\":\"Hotta\"},\"image\":{\"@id\":\"https:\\\/\\\/hotta.eu\\\/lt\\\/#\\\/schema\\\/logo\\\/image\\\/\"},\"sameAs\":[\"https:\\\/\\\/www.facebook.com\\\/hotta.eu\",\"https:\\\/\\\/x.com\\\/hottashop\",\"https:\\\/\\\/www.instagram.com\\\/hotta.shop\"]}]}<\/script>\n<!-- \/ Yoast SEO plugin. -->","yoast_head_json":{"title":"Sudden Death Hot Sauce - Hotta","description":"Legendinis \"Blair's\" asortimento pada\u017eas. \u012edomus faktas - \"Blair's\" prad\u0117jo gaminti pada\u017eus 1989 m. apie j\u0105 ra\u0161\u0117 \"History Channel\", \"Discovery Channel\", \u017eurnalas \"Rolling Stone\", \"Wall Street Journal\", \"Daily News\", \"New York Post\" ir kt.","robots":{"index":"index","follow":"follow","max-snippet":"max-snippet:-1","max-image-preview":"max-image-preview:large","max-video-preview":"max-video-preview:-1"},"canonical":"https:\/\/hotta.eu\/lt\/shop\/sudden-death-hot-sauce\/","og_locale":"lt_LT","og_type":"article","og_title":"Sudden Death Hot Sauce - Hotta","og_description":"Legendinis \"Blair's\" asortimento pada\u017eas. \u012edomus faktas - \"Blair's\" prad\u0117jo gaminti pada\u017eus 1989 m. apie j\u0105 ra\u0161\u0117 \"History Channel\", \"Discovery Channel\", \u017eurnalas \"Rolling Stone\", \"Wall Street Journal\", \"Daily News\", \"New York Post\" ir kt.","og_url":"https:\/\/hotta.eu\/lt\/shop\/sudden-death-hot-sauce\/","og_site_name":"Hotta","article_publisher":"https:\/\/www.facebook.com\/hotta.eu","article_modified_time":"2024-12-27T10:42:44+00:00","og_image":[{"width":2000,"height":2000,"url":"https:\/\/hotta.eu\/wp-content\/uploads\/2024\/03\/blairs-sudden-death-coffin-front.jpg","type":"image\/jpeg"}],"twitter_card":"summary_large_image","twitter_site":"@hottashop","twitter_misc":{"Est. reading time":"1 minute"},"schema":{"@context":"https:\/\/schema.org","@graph":[{"@type":"WebPage","@id":"https:\/\/hotta.eu\/lt\/shop\/sudden-death-hot-sauce\/","url":"https:\/\/hotta.eu\/lt\/shop\/sudden-death-hot-sauce\/","name":"Sudden Death Hot Sauce - Hotta","isPartOf":{"@id":"https:\/\/hotta.eu\/lt\/#website"},"primaryImageOfPage":{"@id":"https:\/\/hotta.eu\/lt\/shop\/sudden-death-hot-sauce\/#primaryimage"},"image":{"@id":"https:\/\/hotta.eu\/lt\/shop\/sudden-death-hot-sauce\/#primaryimage"},"thumbnailUrl":"https:\/\/hotta.eu\/wp-content\/uploads\/2024\/03\/blairs-sudden-death-coffin-front.jpg","datePublished":"2019-11-28T20:08:47+00:00","dateModified":"2024-12-27T10:42:44+00:00","description":"Legendinis \"Blair's\" asortimento pada\u017eas. \u012edomus faktas - \"Blair's\" prad\u0117jo gaminti pada\u017eus 1989 m. apie j\u0105 ra\u0161\u0117 \"History Channel\", \"Discovery Channel\", \u017eurnalas \"Rolling Stone\", \"Wall Street Journal\", \"Daily News\", \"New York Post\" ir kt.","breadcrumb":{"@id":"https:\/\/hotta.eu\/lt\/shop\/sudden-death-hot-sauce\/#breadcrumb"},"inLanguage":"lt-LT","potentialAction":[{"@type":"ReadAction","target":["https:\/\/hotta.eu\/lt\/shop\/sudden-death-hot-sauce\/"]}]},{"@type":"ImageObject","inLanguage":"lt-LT","@id":"https:\/\/hotta.eu\/lt\/shop\/sudden-death-hot-sauce\/#primaryimage","url":"https:\/\/hotta.eu\/wp-content\/uploads\/2024\/03\/blairs-sudden-death-coffin-front.jpg","contentUrl":"https:\/\/hotta.eu\/wp-content\/uploads\/2024\/03\/blairs-sudden-death-coffin-front.jpg","width":2000,"height":2000},{"@type":"BreadcrumbList","@id":"https:\/\/hotta.eu\/lt\/shop\/sudden-death-hot-sauce\/#breadcrumb","itemListElement":[{"@type":"ListItem","position":1,"name":"Prad\u017eia","item":"https:\/\/hotta.eu\/lt\/pradzia\/"},{"@type":"ListItem","position":2,"name":"Parduotuv\u0117","item":"https:\/\/hotta.eu\/shop\/"},{"@type":"ListItem","position":3,"name":"Sudden Death Hot Sauce"}]},{"@type":"WebSite","@id":"https:\/\/hotta.eu\/lt\/#website","url":"https:\/\/hotta.eu\/lt\/","name":"Hotta","description":"Makes your mouth burn a lotta!","publisher":{"@id":"https:\/\/hotta.eu\/lt\/#organization"},"potentialAction":[{"@type":"SearchAction","target":{"@type":"EntryPoint","urlTemplate":"https:\/\/hotta.eu\/lt\/?s={search_term_string}"},"query-input":{"@type":"PropertyValueSpecification","valueRequired":true,"valueName":"search_term_string"}}],"inLanguage":"lt-LT"},{"@type":"Organization","@id":"https:\/\/hotta.eu\/lt\/#organization","name":"Hotta","url":"https:\/\/hotta.eu\/lt\/","logo":{"@type":"ImageObject","inLanguage":"lt-LT","@id":"https:\/\/hotta.eu\/lt\/#\/schema\/logo\/image\/","url":"https:\/\/hotta.eu\/wp-content\/uploads\/2025\/04\/hotta-logo-invoice.png","contentUrl":"https:\/\/hotta.eu\/wp-content\/uploads\/2025\/04\/hotta-logo-invoice.png","width":600,"height":411,"caption":"Hotta"},"image":{"@id":"https:\/\/hotta.eu\/lt\/#\/schema\/logo\/image\/"},"sameAs":["https:\/\/www.facebook.com\/hotta.eu","https:\/\/x.com\/hottashop","https:\/\/www.instagram.com\/hotta.shop"]}]}},"jetpack_sharing_enabled":true,"_links":{"self":[{"href":"https:\/\/hotta.eu\/lt\/wp-json\/wp\/v2\/product\/19361","targetHints":{"allow":["GET"]}}],"collection":[{"href":"https:\/\/hotta.eu\/lt\/wp-json\/wp\/v2\/product"}],"about":[{"href":"https:\/\/hotta.eu\/lt\/wp-json\/wp\/v2\/types\/product"}],"replies":[{"embeddable":true,"href":"https:\/\/hotta.eu\/lt\/wp-json\/wp\/v2\/comments?post=19361"}],"wp:featuredmedia":[{"embeddable":true,"href":"https:\/\/hotta.eu\/lt\/wp-json\/wp\/v2\/media\/15800"}],"wp:attachment":[{"href":"https:\/\/hotta.eu\/lt\/wp-json\/wp\/v2\/media?parent=19361"}],"wp:term":[{"taxonomy":"product_cat","embeddable":true,"href":"https:\/\/hotta.eu\/lt\/wp-json\/wp\/v2\/product_cat?post=19361"},{"taxonomy":"product_tag","embeddable":true,"href":"https:\/\/hotta.eu\/lt\/wp-json\/wp\/v2\/product_tag?post=19361"},{"taxonomy":"giftcard-category","embeddable":true,"href":"https:\/\/hotta.eu\/lt\/wp-json\/wp\/v2\/giftcard-category?post=19361"}],"curies":[{"name":"wp","href":"https:\/\/api.w.org\/{rel}","templated":true}]}}