{"id":19368,"date":"2019-11-28T21:34:09","date_gmt":"2019-11-28T19:34:09","guid":{"rendered":"https:\/\/hotta.eu\/shop\/original-death-hot-sauce\/"},"modified":"2024-12-27T12:42:45","modified_gmt":"2024-12-27T10:42:45","slug":"original-death-hot-sauce","status":"publish","type":"product","link":"https:\/\/hotta.eu\/lt\/shop\/original-death-hot-sauce\/","title":{"rendered":"Original Death Hot Sauce"},"content":{"rendered":"<p><strong>Sudedamosios dalys<\/strong><br \/>\nRaudonasis ir ora\u0148z habanero, acto r\u016bg\u0161tis, \u0161vie\u017ei kajeno pipirai, smulkintas \u010desnakas, chipotle, laimo sultys, kalendra, \u0161vie\u017eios \u017eolel\u0117s ir prieskoniai.<\/p>\n<div class=\"tableheader\"><strong>Maistingumo informacija (5 ml)<\/strong><\/div>\n<div>Natrio 120 mg.<\/div>\n<p><strong>Galiojimas ir saugojimas<\/strong><br \/>\nAnt buteliuko nurodyta galiojimo data galioja neatidarytam produktui. Atidaryt\u0105 produkt\u0105 reikia laikyti \u0161aldytuve.<\/p>\n","protected":false},"excerpt":{"rendered":"<p class=\"p1\">Legendinis \u201cBlair\u2019s\u201d asortimento pada\u017eas. \u012edomus faktas \u2013 \u201cBlair\u2019s\u201d prad\u0117jo gaminti pada\u017eus 1989 m. Apie juos ra\u0161\u0117 \u201eHistory Channel\u201c, \u201eDiscovery Channel\u201c, \u017eurnalas \u201eRolling Stone\u201c, \u201eWall Street Journal\u201c, \u201eDaily News\u201c, \u201eNew York Post\u201c ir kt. \u201cOriginal Death\u201d pada\u017eas yra pirmasis produktas, nuo kurio prasid\u0117jo \u0161is platus asortimentas. Privalote j\u012f tur\u0117ti!<\/p>\n<p class=\"p1\">Blair\u2019s Original Death buvo \u012ftrauktas \u012f interneto serialo \u201eHot Ones\u201c 1-ojo sezono epizodus.<\/p>\n<div class=\"responsive-video\"><iframe src=\"https:\/\/www.youtube.com\/embed\/1HYEC_FlgAg\" width=\"480\" height=\"270\" frameborder=\"0\" allowfullscreen=\"allowfullscreen\"><\/iframe><\/div>\n[ywcwtl_form product_id=\"\"]\n","protected":false},"featured_media":17405,"comment_status":"open","ping_status":"closed","template":"","meta":[],"product_cat":[927,921,917],"product_tag":[],"giftcard-category":[],"class_list":{"0":"post-19368","1":"product","2":"type-product","3":"status-publish","4":"has-post-thumbnail","6":"product_cat-astrus","7":"product_cat-hot-ones-lt","8":"product_cat-padazai","9":"pa_brand-blairs-hot-sauce","11":"first","12":"outofstock","13":"taxable","14":"shipping-taxable","15":"purchasable","16":"product-type-simple"},"yoast_head":"<!-- This site is optimized with the Yoast SEO plugin v27.3 - https:\/\/yoast.com\/product\/yoast-seo-wordpress\/ -->\n<title>Original Death Hot Sauce - Hotta<\/title>\n<meta name=\"description\" content=\"Legendinis Blairo pasirinktas pada\u017eas. \u012edomus faktas - &quot;Blair&#039;s&quot; prad\u0117jo gaminti pada\u017eus 1989 m. apie j\u0105 ra\u0161\u0117 &quot;History Channel&quot;, &quot;Discovery Channel&quot;, \u017eurnalas &quot;Rolling Stone&quot;, &quot;Wall Street Journal&quot;, &quot;Daily News&quot;, &quot;New York Post&quot; ir kt.\" \/>\n<meta name=\"robots\" content=\"index, follow, max-snippet:-1, max-image-preview:large, max-video-preview:-1\" \/>\n<link rel=\"canonical\" href=\"https:\/\/hotta.eu\/lt\/shop\/original-death-hot-sauce\/\" \/>\n<meta property=\"og:locale\" content=\"lt_LT\" \/>\n<meta property=\"og:type\" content=\"article\" \/>\n<meta property=\"og:title\" content=\"Original Death Hot Sauce - Hotta\" \/>\n<meta property=\"og:description\" content=\"Legendinis Blairo pasirinktas pada\u017eas. \u012edomus faktas - &quot;Blair&#039;s&quot; prad\u0117jo gaminti pada\u017eus 1989 m. apie j\u0105 ra\u0161\u0117 &quot;History Channel&quot;, &quot;Discovery Channel&quot;, \u017eurnalas &quot;Rolling Stone&quot;, &quot;Wall Street Journal&quot;, &quot;Daily News&quot;, &quot;New York Post&quot; ir kt.\" \/>\n<meta property=\"og:url\" content=\"https:\/\/hotta.eu\/lt\/shop\/original-death-hot-sauce\/\" \/>\n<meta property=\"og:site_name\" content=\"Hotta\" \/>\n<meta property=\"article:publisher\" content=\"https:\/\/www.facebook.com\/hotta.eu\" \/>\n<meta property=\"article:modified_time\" content=\"2024-12-27T10:42:45+00:00\" \/>\n<meta property=\"og:image\" content=\"https:\/\/hotta.eu\/wp-content\/uploads\/2020\/05\/blairs-sudden-death-keyring-front.jpg\" \/>\n\t<meta property=\"og:image:width\" content=\"2000\" \/>\n\t<meta property=\"og:image:height\" content=\"2000\" \/>\n\t<meta property=\"og:image:type\" content=\"image\/jpeg\" \/>\n<meta name=\"twitter:card\" content=\"summary_large_image\" \/>\n<meta name=\"twitter:site\" content=\"@hottashop\" \/>\n<meta name=\"twitter:label1\" content=\"Est. reading time\" \/>\n\t<meta name=\"twitter:data1\" content=\"1 minute\" \/>\n<script type=\"application\/ld+json\" class=\"yoast-schema-graph\">{\"@context\":\"https:\\\/\\\/schema.org\",\"@graph\":[{\"@type\":\"WebPage\",\"@id\":\"https:\\\/\\\/hotta.eu\\\/lt\\\/shop\\\/original-death-hot-sauce\\\/\",\"url\":\"https:\\\/\\\/hotta.eu\\\/lt\\\/shop\\\/original-death-hot-sauce\\\/\",\"name\":\"Original Death Hot Sauce - Hotta\",\"isPartOf\":{\"@id\":\"https:\\\/\\\/hotta.eu\\\/lt\\\/#website\"},\"primaryImageOfPage\":{\"@id\":\"https:\\\/\\\/hotta.eu\\\/lt\\\/shop\\\/original-death-hot-sauce\\\/#primaryimage\"},\"image\":{\"@id\":\"https:\\\/\\\/hotta.eu\\\/lt\\\/shop\\\/original-death-hot-sauce\\\/#primaryimage\"},\"thumbnailUrl\":\"https:\\\/\\\/hotta.eu\\\/wp-content\\\/uploads\\\/2020\\\/05\\\/blairs-sudden-death-keyring-front.jpg\",\"datePublished\":\"2019-11-28T19:34:09+00:00\",\"dateModified\":\"2024-12-27T10:42:45+00:00\",\"description\":\"Legendinis Blairo pasirinktas pada\u017eas. \u012edomus faktas - \\\"Blair's\\\" prad\u0117jo gaminti pada\u017eus 1989 m. apie j\u0105 ra\u0161\u0117 \\\"History Channel\\\", \\\"Discovery Channel\\\", \u017eurnalas \\\"Rolling Stone\\\", \\\"Wall Street Journal\\\", \\\"Daily News\\\", \\\"New York Post\\\" ir kt.\",\"breadcrumb\":{\"@id\":\"https:\\\/\\\/hotta.eu\\\/lt\\\/shop\\\/original-death-hot-sauce\\\/#breadcrumb\"},\"inLanguage\":\"lt-LT\",\"potentialAction\":[{\"@type\":\"ReadAction\",\"target\":[\"https:\\\/\\\/hotta.eu\\\/lt\\\/shop\\\/original-death-hot-sauce\\\/\"]}]},{\"@type\":\"ImageObject\",\"inLanguage\":\"lt-LT\",\"@id\":\"https:\\\/\\\/hotta.eu\\\/lt\\\/shop\\\/original-death-hot-sauce\\\/#primaryimage\",\"url\":\"https:\\\/\\\/hotta.eu\\\/wp-content\\\/uploads\\\/2020\\\/05\\\/blairs-sudden-death-keyring-front.jpg\",\"contentUrl\":\"https:\\\/\\\/hotta.eu\\\/wp-content\\\/uploads\\\/2020\\\/05\\\/blairs-sudden-death-keyring-front.jpg\",\"width\":2000,\"height\":2000},{\"@type\":\"BreadcrumbList\",\"@id\":\"https:\\\/\\\/hotta.eu\\\/lt\\\/shop\\\/original-death-hot-sauce\\\/#breadcrumb\",\"itemListElement\":[{\"@type\":\"ListItem\",\"position\":1,\"name\":\"Prad\u017eia\",\"item\":\"https:\\\/\\\/hotta.eu\\\/lt\\\/pradzia\\\/\"},{\"@type\":\"ListItem\",\"position\":2,\"name\":\"Parduotuv\u0117\",\"item\":\"https:\\\/\\\/hotta.eu\\\/shop\\\/\"},{\"@type\":\"ListItem\",\"position\":3,\"name\":\"Original Death Hot Sauce\"}]},{\"@type\":\"WebSite\",\"@id\":\"https:\\\/\\\/hotta.eu\\\/lt\\\/#website\",\"url\":\"https:\\\/\\\/hotta.eu\\\/lt\\\/\",\"name\":\"Hotta\",\"description\":\"Makes your mouth burn a lotta!\",\"publisher\":{\"@id\":\"https:\\\/\\\/hotta.eu\\\/lt\\\/#organization\"},\"potentialAction\":[{\"@type\":\"SearchAction\",\"target\":{\"@type\":\"EntryPoint\",\"urlTemplate\":\"https:\\\/\\\/hotta.eu\\\/lt\\\/?s={search_term_string}\"},\"query-input\":{\"@type\":\"PropertyValueSpecification\",\"valueRequired\":true,\"valueName\":\"search_term_string\"}}],\"inLanguage\":\"lt-LT\"},{\"@type\":\"Organization\",\"@id\":\"https:\\\/\\\/hotta.eu\\\/lt\\\/#organization\",\"name\":\"Hotta\",\"url\":\"https:\\\/\\\/hotta.eu\\\/lt\\\/\",\"logo\":{\"@type\":\"ImageObject\",\"inLanguage\":\"lt-LT\",\"@id\":\"https:\\\/\\\/hotta.eu\\\/lt\\\/#\\\/schema\\\/logo\\\/image\\\/\",\"url\":\"https:\\\/\\\/hotta.eu\\\/wp-content\\\/uploads\\\/2025\\\/04\\\/hotta-logo-invoice.png\",\"contentUrl\":\"https:\\\/\\\/hotta.eu\\\/wp-content\\\/uploads\\\/2025\\\/04\\\/hotta-logo-invoice.png\",\"width\":600,\"height\":411,\"caption\":\"Hotta\"},\"image\":{\"@id\":\"https:\\\/\\\/hotta.eu\\\/lt\\\/#\\\/schema\\\/logo\\\/image\\\/\"},\"sameAs\":[\"https:\\\/\\\/www.facebook.com\\\/hotta.eu\",\"https:\\\/\\\/x.com\\\/hottashop\",\"https:\\\/\\\/www.instagram.com\\\/hotta.shop\"]}]}<\/script>\n<!-- \/ Yoast SEO plugin. -->","yoast_head_json":{"title":"Original Death Hot Sauce - Hotta","description":"Legendinis Blairo pasirinktas pada\u017eas. \u012edomus faktas - \"Blair's\" prad\u0117jo gaminti pada\u017eus 1989 m. apie j\u0105 ra\u0161\u0117 \"History Channel\", \"Discovery Channel\", \u017eurnalas \"Rolling Stone\", \"Wall Street Journal\", \"Daily News\", \"New York Post\" ir kt.","robots":{"index":"index","follow":"follow","max-snippet":"max-snippet:-1","max-image-preview":"max-image-preview:large","max-video-preview":"max-video-preview:-1"},"canonical":"https:\/\/hotta.eu\/lt\/shop\/original-death-hot-sauce\/","og_locale":"lt_LT","og_type":"article","og_title":"Original Death Hot Sauce - Hotta","og_description":"Legendinis Blairo pasirinktas pada\u017eas. \u012edomus faktas - \"Blair's\" prad\u0117jo gaminti pada\u017eus 1989 m. apie j\u0105 ra\u0161\u0117 \"History Channel\", \"Discovery Channel\", \u017eurnalas \"Rolling Stone\", \"Wall Street Journal\", \"Daily News\", \"New York Post\" ir kt.","og_url":"https:\/\/hotta.eu\/lt\/shop\/original-death-hot-sauce\/","og_site_name":"Hotta","article_publisher":"https:\/\/www.facebook.com\/hotta.eu","article_modified_time":"2024-12-27T10:42:45+00:00","og_image":[{"width":2000,"height":2000,"url":"https:\/\/hotta.eu\/wp-content\/uploads\/2020\/05\/blairs-sudden-death-keyring-front.jpg","type":"image\/jpeg"}],"twitter_card":"summary_large_image","twitter_site":"@hottashop","twitter_misc":{"Est. reading time":"1 minute"},"schema":{"@context":"https:\/\/schema.org","@graph":[{"@type":"WebPage","@id":"https:\/\/hotta.eu\/lt\/shop\/original-death-hot-sauce\/","url":"https:\/\/hotta.eu\/lt\/shop\/original-death-hot-sauce\/","name":"Original Death Hot Sauce - Hotta","isPartOf":{"@id":"https:\/\/hotta.eu\/lt\/#website"},"primaryImageOfPage":{"@id":"https:\/\/hotta.eu\/lt\/shop\/original-death-hot-sauce\/#primaryimage"},"image":{"@id":"https:\/\/hotta.eu\/lt\/shop\/original-death-hot-sauce\/#primaryimage"},"thumbnailUrl":"https:\/\/hotta.eu\/wp-content\/uploads\/2020\/05\/blairs-sudden-death-keyring-front.jpg","datePublished":"2019-11-28T19:34:09+00:00","dateModified":"2024-12-27T10:42:45+00:00","description":"Legendinis Blairo pasirinktas pada\u017eas. \u012edomus faktas - \"Blair's\" prad\u0117jo gaminti pada\u017eus 1989 m. apie j\u0105 ra\u0161\u0117 \"History Channel\", \"Discovery Channel\", \u017eurnalas \"Rolling Stone\", \"Wall Street Journal\", \"Daily News\", \"New York Post\" ir kt.","breadcrumb":{"@id":"https:\/\/hotta.eu\/lt\/shop\/original-death-hot-sauce\/#breadcrumb"},"inLanguage":"lt-LT","potentialAction":[{"@type":"ReadAction","target":["https:\/\/hotta.eu\/lt\/shop\/original-death-hot-sauce\/"]}]},{"@type":"ImageObject","inLanguage":"lt-LT","@id":"https:\/\/hotta.eu\/lt\/shop\/original-death-hot-sauce\/#primaryimage","url":"https:\/\/hotta.eu\/wp-content\/uploads\/2020\/05\/blairs-sudden-death-keyring-front.jpg","contentUrl":"https:\/\/hotta.eu\/wp-content\/uploads\/2020\/05\/blairs-sudden-death-keyring-front.jpg","width":2000,"height":2000},{"@type":"BreadcrumbList","@id":"https:\/\/hotta.eu\/lt\/shop\/original-death-hot-sauce\/#breadcrumb","itemListElement":[{"@type":"ListItem","position":1,"name":"Prad\u017eia","item":"https:\/\/hotta.eu\/lt\/pradzia\/"},{"@type":"ListItem","position":2,"name":"Parduotuv\u0117","item":"https:\/\/hotta.eu\/shop\/"},{"@type":"ListItem","position":3,"name":"Original Death Hot Sauce"}]},{"@type":"WebSite","@id":"https:\/\/hotta.eu\/lt\/#website","url":"https:\/\/hotta.eu\/lt\/","name":"Hotta","description":"Makes your mouth burn a lotta!","publisher":{"@id":"https:\/\/hotta.eu\/lt\/#organization"},"potentialAction":[{"@type":"SearchAction","target":{"@type":"EntryPoint","urlTemplate":"https:\/\/hotta.eu\/lt\/?s={search_term_string}"},"query-input":{"@type":"PropertyValueSpecification","valueRequired":true,"valueName":"search_term_string"}}],"inLanguage":"lt-LT"},{"@type":"Organization","@id":"https:\/\/hotta.eu\/lt\/#organization","name":"Hotta","url":"https:\/\/hotta.eu\/lt\/","logo":{"@type":"ImageObject","inLanguage":"lt-LT","@id":"https:\/\/hotta.eu\/lt\/#\/schema\/logo\/image\/","url":"https:\/\/hotta.eu\/wp-content\/uploads\/2025\/04\/hotta-logo-invoice.png","contentUrl":"https:\/\/hotta.eu\/wp-content\/uploads\/2025\/04\/hotta-logo-invoice.png","width":600,"height":411,"caption":"Hotta"},"image":{"@id":"https:\/\/hotta.eu\/lt\/#\/schema\/logo\/image\/"},"sameAs":["https:\/\/www.facebook.com\/hotta.eu","https:\/\/x.com\/hottashop","https:\/\/www.instagram.com\/hotta.shop"]}]}},"jetpack_sharing_enabled":true,"_links":{"self":[{"href":"https:\/\/hotta.eu\/lt\/wp-json\/wp\/v2\/product\/19368","targetHints":{"allow":["GET"]}}],"collection":[{"href":"https:\/\/hotta.eu\/lt\/wp-json\/wp\/v2\/product"}],"about":[{"href":"https:\/\/hotta.eu\/lt\/wp-json\/wp\/v2\/types\/product"}],"replies":[{"embeddable":true,"href":"https:\/\/hotta.eu\/lt\/wp-json\/wp\/v2\/comments?post=19368"}],"wp:featuredmedia":[{"embeddable":true,"href":"https:\/\/hotta.eu\/lt\/wp-json\/wp\/v2\/media\/17405"}],"wp:attachment":[{"href":"https:\/\/hotta.eu\/lt\/wp-json\/wp\/v2\/media?parent=19368"}],"wp:term":[{"taxonomy":"product_cat","embeddable":true,"href":"https:\/\/hotta.eu\/lt\/wp-json\/wp\/v2\/product_cat?post=19368"},{"taxonomy":"product_tag","embeddable":true,"href":"https:\/\/hotta.eu\/lt\/wp-json\/wp\/v2\/product_tag?post=19368"},{"taxonomy":"giftcard-category","embeddable":true,"href":"https:\/\/hotta.eu\/lt\/wp-json\/wp\/v2\/giftcard-category?post=19368"}],"curies":[{"name":"wp","href":"https:\/\/api.w.org\/{rel}","templated":true}]}}