{"id":19378,"date":"2019-12-04T00:09:23","date_gmt":"2019-12-03T22:09:23","guid":{"rendered":"https:\/\/hotta.eu\/shop\/grim-reaper-rinkinys-2\/"},"modified":"2024-12-27T12:42:40","modified_gmt":"2024-12-27T10:42:40","slug":"grim-reaper-set-2","status":"publish","type":"product","link":"https:\/\/hotta.eu\/lt\/shop\/grim-reaper-set-2\/","title":{"rendered":"Grim Reaper Set #2"},"content":{"rendered":"","protected":false},"excerpt":{"rendered":"<p>&#8220;Grim Reaper&#8221; pada\u017e\u0173 rinkin\u012f sudaro \u0161ie &#8220;Grim Reaper&#8221; produktai: &#8221; <a href=\"https:\/\/hotta.eu\/product\/evil-one\/\">Evil One&#8221;<\/a>, &#8221; <a href=\"https:\/\/hotta.eu\/product\/wraith\/\" target=\"_blank\" rel=\"noopener noreferrer\">Maverick&#8221;<\/a>, &#8221; <a href=\"https:\/\/hotta.eu\/product\/evil-twin\/\" target=\"_blank\" rel=\"noopener noreferrer\">Evil Twin&#8221;<\/a>, &#8221; <a href=\"https:\/\/hotta.eu\/product\/black-widow-dark-chilli-chocolate\/\">Black Widow&#8221; tamsusis aitri\u0173j\u0173 paprik\u0173 \u0161okoladas<\/a> ir &#8221; <a href=\"https:\/\/hotta.eu\/product\/purgatory-white-chilli-chocolate\/\">Purgatory&#8221; baltasis aitri\u0173j\u0173 paprik\u0173 \u0161okoladas<\/a>.<br \/>\n[ywcwtl_form product_id=\"\"]<\/p>\n","protected":false},"featured_media":15824,"comment_status":"open","ping_status":"closed","template":"","meta":[],"product_cat":[917,931],"product_tag":[],"giftcard-category":[],"class_list":{"0":"post-19378","1":"product","2":"type-product","3":"status-publish","4":"has-post-thumbnail","6":"product_cat-padazai","7":"product_cat-rinkiniai","8":"pa_brand-grim-reaper-foods","10":"first","11":"outofstock","12":"taxable","13":"shipping-taxable","14":"purchasable","15":"product-type-simple"},"yoast_head":"<!-- This site is optimized with the Yoast SEO plugin v27.3 - https:\/\/yoast.com\/product\/yoast-seo-wordpress\/ -->\n<title>Grim Reaper Set #2 - Hotta<\/title>\n<meta name=\"description\" content=\"&quot;Grim Reaper&quot; pada\u017e\u0173 rinkin\u012f sudaro \u0161ie &quot;Grim Reaper&quot; produktai: &quot;Evil One&quot;, &quot;Maverick&quot;, &quot;Evil Twin&quot;, &quot;Black Widow&quot; tamsusis aitri\u0173j\u0173 paprik\u0173 \u0161okoladas ir &quot;Purgatory&quot; baltasis aitri\u0173j\u0173 paprik\u0173 \u0161okoladas.\" \/>\n<meta name=\"robots\" content=\"index, follow, max-snippet:-1, max-image-preview:large, max-video-preview:-1\" \/>\n<link rel=\"canonical\" href=\"https:\/\/hotta.eu\/lt\/shop\/grim-reaper-set-2\/\" \/>\n<meta property=\"og:locale\" content=\"lt_LT\" \/>\n<meta property=\"og:type\" content=\"article\" \/>\n<meta property=\"og:title\" content=\"Grim Reaper Set #2 - Hotta\" \/>\n<meta property=\"og:description\" content=\"&quot;Grim Reaper&quot; pada\u017e\u0173 rinkin\u012f sudaro \u0161ie &quot;Grim Reaper&quot; produktai: &quot;Evil One&quot;, &quot;Maverick&quot;, &quot;Evil Twin&quot;, &quot;Black Widow&quot; tamsusis aitri\u0173j\u0173 paprik\u0173 \u0161okoladas ir &quot;Purgatory&quot; baltasis aitri\u0173j\u0173 paprik\u0173 \u0161okoladas.\" \/>\n<meta property=\"og:url\" content=\"https:\/\/hotta.eu\/lt\/shop\/grim-reaper-set-2\/\" \/>\n<meta property=\"og:site_name\" content=\"Hotta\" \/>\n<meta property=\"article:publisher\" content=\"https:\/\/www.facebook.com\/hotta.eu\" \/>\n<meta property=\"article:modified_time\" content=\"2024-12-27T10:42:40+00:00\" \/>\n<meta property=\"og:image\" content=\"https:\/\/hotta.eu\/wp-content\/uploads\/2024\/03\/grim-reaper-set-l.jpg\" \/>\n\t<meta property=\"og:image:width\" content=\"2000\" \/>\n\t<meta property=\"og:image:height\" content=\"2000\" \/>\n\t<meta property=\"og:image:type\" content=\"image\/jpeg\" \/>\n<meta name=\"twitter:card\" content=\"summary_large_image\" \/>\n<meta name=\"twitter:site\" content=\"@hottashop\" \/>\n<meta name=\"twitter:label1\" content=\"Est. reading time\" \/>\n\t<meta name=\"twitter:data1\" content=\"1 minute\" \/>\n<script type=\"application\/ld+json\" class=\"yoast-schema-graph\">{\"@context\":\"https:\\\/\\\/schema.org\",\"@graph\":[{\"@type\":\"WebPage\",\"@id\":\"https:\\\/\\\/hotta.eu\\\/lt\\\/shop\\\/grim-reaper-set-2\\\/\",\"url\":\"https:\\\/\\\/hotta.eu\\\/lt\\\/shop\\\/grim-reaper-set-2\\\/\",\"name\":\"Grim Reaper Set #2 - Hotta\",\"isPartOf\":{\"@id\":\"https:\\\/\\\/hotta.eu\\\/lt\\\/#website\"},\"primaryImageOfPage\":{\"@id\":\"https:\\\/\\\/hotta.eu\\\/lt\\\/shop\\\/grim-reaper-set-2\\\/#primaryimage\"},\"image\":{\"@id\":\"https:\\\/\\\/hotta.eu\\\/lt\\\/shop\\\/grim-reaper-set-2\\\/#primaryimage\"},\"thumbnailUrl\":\"https:\\\/\\\/hotta.eu\\\/wp-content\\\/uploads\\\/2024\\\/03\\\/grim-reaper-set-l.jpg\",\"datePublished\":\"2019-12-03T22:09:23+00:00\",\"dateModified\":\"2024-12-27T10:42:40+00:00\",\"description\":\"\\\"Grim Reaper\\\" pada\u017e\u0173 rinkin\u012f sudaro \u0161ie \\\"Grim Reaper\\\" produktai: \\\"Evil One\\\", \\\"Maverick\\\", \\\"Evil Twin\\\", \\\"Black Widow\\\" tamsusis aitri\u0173j\u0173 paprik\u0173 \u0161okoladas ir \\\"Purgatory\\\" baltasis aitri\u0173j\u0173 paprik\u0173 \u0161okoladas.\",\"breadcrumb\":{\"@id\":\"https:\\\/\\\/hotta.eu\\\/lt\\\/shop\\\/grim-reaper-set-2\\\/#breadcrumb\"},\"inLanguage\":\"lt-LT\",\"potentialAction\":[{\"@type\":\"ReadAction\",\"target\":[\"https:\\\/\\\/hotta.eu\\\/lt\\\/shop\\\/grim-reaper-set-2\\\/\"]}]},{\"@type\":\"ImageObject\",\"inLanguage\":\"lt-LT\",\"@id\":\"https:\\\/\\\/hotta.eu\\\/lt\\\/shop\\\/grim-reaper-set-2\\\/#primaryimage\",\"url\":\"https:\\\/\\\/hotta.eu\\\/wp-content\\\/uploads\\\/2024\\\/03\\\/grim-reaper-set-l.jpg\",\"contentUrl\":\"https:\\\/\\\/hotta.eu\\\/wp-content\\\/uploads\\\/2024\\\/03\\\/grim-reaper-set-l.jpg\",\"width\":2000,\"height\":2000},{\"@type\":\"BreadcrumbList\",\"@id\":\"https:\\\/\\\/hotta.eu\\\/lt\\\/shop\\\/grim-reaper-set-2\\\/#breadcrumb\",\"itemListElement\":[{\"@type\":\"ListItem\",\"position\":1,\"name\":\"Prad\u017eia\",\"item\":\"https:\\\/\\\/hotta.eu\\\/lt\\\/pradzia\\\/\"},{\"@type\":\"ListItem\",\"position\":2,\"name\":\"Parduotuv\u0117\",\"item\":\"https:\\\/\\\/hotta.eu\\\/shop\\\/\"},{\"@type\":\"ListItem\",\"position\":3,\"name\":\"Grim Reaper Set #2\"}]},{\"@type\":\"WebSite\",\"@id\":\"https:\\\/\\\/hotta.eu\\\/lt\\\/#website\",\"url\":\"https:\\\/\\\/hotta.eu\\\/lt\\\/\",\"name\":\"Hotta\",\"description\":\"Makes your mouth burn a lotta!\",\"publisher\":{\"@id\":\"https:\\\/\\\/hotta.eu\\\/lt\\\/#organization\"},\"potentialAction\":[{\"@type\":\"SearchAction\",\"target\":{\"@type\":\"EntryPoint\",\"urlTemplate\":\"https:\\\/\\\/hotta.eu\\\/lt\\\/?s={search_term_string}\"},\"query-input\":{\"@type\":\"PropertyValueSpecification\",\"valueRequired\":true,\"valueName\":\"search_term_string\"}}],\"inLanguage\":\"lt-LT\"},{\"@type\":\"Organization\",\"@id\":\"https:\\\/\\\/hotta.eu\\\/lt\\\/#organization\",\"name\":\"Hotta\",\"url\":\"https:\\\/\\\/hotta.eu\\\/lt\\\/\",\"logo\":{\"@type\":\"ImageObject\",\"inLanguage\":\"lt-LT\",\"@id\":\"https:\\\/\\\/hotta.eu\\\/lt\\\/#\\\/schema\\\/logo\\\/image\\\/\",\"url\":\"https:\\\/\\\/hotta.eu\\\/wp-content\\\/uploads\\\/2025\\\/04\\\/hotta-logo-invoice.png\",\"contentUrl\":\"https:\\\/\\\/hotta.eu\\\/wp-content\\\/uploads\\\/2025\\\/04\\\/hotta-logo-invoice.png\",\"width\":600,\"height\":411,\"caption\":\"Hotta\"},\"image\":{\"@id\":\"https:\\\/\\\/hotta.eu\\\/lt\\\/#\\\/schema\\\/logo\\\/image\\\/\"},\"sameAs\":[\"https:\\\/\\\/www.facebook.com\\\/hotta.eu\",\"https:\\\/\\\/x.com\\\/hottashop\",\"https:\\\/\\\/www.instagram.com\\\/hotta.shop\"]}]}<\/script>\n<!-- \/ Yoast SEO plugin. -->","yoast_head_json":{"title":"Grim Reaper Set #2 - Hotta","description":"\"Grim Reaper\" pada\u017e\u0173 rinkin\u012f sudaro \u0161ie \"Grim Reaper\" produktai: \"Evil One\", \"Maverick\", \"Evil Twin\", \"Black Widow\" tamsusis aitri\u0173j\u0173 paprik\u0173 \u0161okoladas ir \"Purgatory\" baltasis aitri\u0173j\u0173 paprik\u0173 \u0161okoladas.","robots":{"index":"index","follow":"follow","max-snippet":"max-snippet:-1","max-image-preview":"max-image-preview:large","max-video-preview":"max-video-preview:-1"},"canonical":"https:\/\/hotta.eu\/lt\/shop\/grim-reaper-set-2\/","og_locale":"lt_LT","og_type":"article","og_title":"Grim Reaper Set #2 - Hotta","og_description":"\"Grim Reaper\" pada\u017e\u0173 rinkin\u012f sudaro \u0161ie \"Grim Reaper\" produktai: \"Evil One\", \"Maverick\", \"Evil Twin\", \"Black Widow\" tamsusis aitri\u0173j\u0173 paprik\u0173 \u0161okoladas ir \"Purgatory\" baltasis aitri\u0173j\u0173 paprik\u0173 \u0161okoladas.","og_url":"https:\/\/hotta.eu\/lt\/shop\/grim-reaper-set-2\/","og_site_name":"Hotta","article_publisher":"https:\/\/www.facebook.com\/hotta.eu","article_modified_time":"2024-12-27T10:42:40+00:00","og_image":[{"width":2000,"height":2000,"url":"https:\/\/hotta.eu\/wp-content\/uploads\/2024\/03\/grim-reaper-set-l.jpg","type":"image\/jpeg"}],"twitter_card":"summary_large_image","twitter_site":"@hottashop","twitter_misc":{"Est. reading time":"1 minute"},"schema":{"@context":"https:\/\/schema.org","@graph":[{"@type":"WebPage","@id":"https:\/\/hotta.eu\/lt\/shop\/grim-reaper-set-2\/","url":"https:\/\/hotta.eu\/lt\/shop\/grim-reaper-set-2\/","name":"Grim Reaper Set #2 - Hotta","isPartOf":{"@id":"https:\/\/hotta.eu\/lt\/#website"},"primaryImageOfPage":{"@id":"https:\/\/hotta.eu\/lt\/shop\/grim-reaper-set-2\/#primaryimage"},"image":{"@id":"https:\/\/hotta.eu\/lt\/shop\/grim-reaper-set-2\/#primaryimage"},"thumbnailUrl":"https:\/\/hotta.eu\/wp-content\/uploads\/2024\/03\/grim-reaper-set-l.jpg","datePublished":"2019-12-03T22:09:23+00:00","dateModified":"2024-12-27T10:42:40+00:00","description":"\"Grim Reaper\" pada\u017e\u0173 rinkin\u012f sudaro \u0161ie \"Grim Reaper\" produktai: \"Evil One\", \"Maverick\", \"Evil Twin\", \"Black Widow\" tamsusis aitri\u0173j\u0173 paprik\u0173 \u0161okoladas ir \"Purgatory\" baltasis aitri\u0173j\u0173 paprik\u0173 \u0161okoladas.","breadcrumb":{"@id":"https:\/\/hotta.eu\/lt\/shop\/grim-reaper-set-2\/#breadcrumb"},"inLanguage":"lt-LT","potentialAction":[{"@type":"ReadAction","target":["https:\/\/hotta.eu\/lt\/shop\/grim-reaper-set-2\/"]}]},{"@type":"ImageObject","inLanguage":"lt-LT","@id":"https:\/\/hotta.eu\/lt\/shop\/grim-reaper-set-2\/#primaryimage","url":"https:\/\/hotta.eu\/wp-content\/uploads\/2024\/03\/grim-reaper-set-l.jpg","contentUrl":"https:\/\/hotta.eu\/wp-content\/uploads\/2024\/03\/grim-reaper-set-l.jpg","width":2000,"height":2000},{"@type":"BreadcrumbList","@id":"https:\/\/hotta.eu\/lt\/shop\/grim-reaper-set-2\/#breadcrumb","itemListElement":[{"@type":"ListItem","position":1,"name":"Prad\u017eia","item":"https:\/\/hotta.eu\/lt\/pradzia\/"},{"@type":"ListItem","position":2,"name":"Parduotuv\u0117","item":"https:\/\/hotta.eu\/shop\/"},{"@type":"ListItem","position":3,"name":"Grim Reaper Set #2"}]},{"@type":"WebSite","@id":"https:\/\/hotta.eu\/lt\/#website","url":"https:\/\/hotta.eu\/lt\/","name":"Hotta","description":"Makes your mouth burn a lotta!","publisher":{"@id":"https:\/\/hotta.eu\/lt\/#organization"},"potentialAction":[{"@type":"SearchAction","target":{"@type":"EntryPoint","urlTemplate":"https:\/\/hotta.eu\/lt\/?s={search_term_string}"},"query-input":{"@type":"PropertyValueSpecification","valueRequired":true,"valueName":"search_term_string"}}],"inLanguage":"lt-LT"},{"@type":"Organization","@id":"https:\/\/hotta.eu\/lt\/#organization","name":"Hotta","url":"https:\/\/hotta.eu\/lt\/","logo":{"@type":"ImageObject","inLanguage":"lt-LT","@id":"https:\/\/hotta.eu\/lt\/#\/schema\/logo\/image\/","url":"https:\/\/hotta.eu\/wp-content\/uploads\/2025\/04\/hotta-logo-invoice.png","contentUrl":"https:\/\/hotta.eu\/wp-content\/uploads\/2025\/04\/hotta-logo-invoice.png","width":600,"height":411,"caption":"Hotta"},"image":{"@id":"https:\/\/hotta.eu\/lt\/#\/schema\/logo\/image\/"},"sameAs":["https:\/\/www.facebook.com\/hotta.eu","https:\/\/x.com\/hottashop","https:\/\/www.instagram.com\/hotta.shop"]}]}},"jetpack_sharing_enabled":true,"_links":{"self":[{"href":"https:\/\/hotta.eu\/lt\/wp-json\/wp\/v2\/product\/19378","targetHints":{"allow":["GET"]}}],"collection":[{"href":"https:\/\/hotta.eu\/lt\/wp-json\/wp\/v2\/product"}],"about":[{"href":"https:\/\/hotta.eu\/lt\/wp-json\/wp\/v2\/types\/product"}],"replies":[{"embeddable":true,"href":"https:\/\/hotta.eu\/lt\/wp-json\/wp\/v2\/comments?post=19378"}],"wp:featuredmedia":[{"embeddable":true,"href":"https:\/\/hotta.eu\/lt\/wp-json\/wp\/v2\/media\/15824"}],"wp:attachment":[{"href":"https:\/\/hotta.eu\/lt\/wp-json\/wp\/v2\/media?parent=19378"}],"wp:term":[{"taxonomy":"product_cat","embeddable":true,"href":"https:\/\/hotta.eu\/lt\/wp-json\/wp\/v2\/product_cat?post=19378"},{"taxonomy":"product_tag","embeddable":true,"href":"https:\/\/hotta.eu\/lt\/wp-json\/wp\/v2\/product_tag?post=19378"},{"taxonomy":"giftcard-category","embeddable":true,"href":"https:\/\/hotta.eu\/lt\/wp-json\/wp\/v2\/giftcard-category?post=19378"}],"curies":[{"name":"wp","href":"https:\/\/api.w.org\/{rel}","templated":true}]}}